{"id":70297471,"date":"2019-09-05T16:26:34","date_gmt":"2019-09-05T14:26:34","guid":{"rendered":"http:\/\/abisagtuellmann.bpk-news.de\/atbild\/in-einem-kiosk-in-algier\/"},"modified":"2019-09-05T16:26:45","modified_gmt":"2019-09-05T14:26:45","slug":"in-einem-kiosk-in-algier","status":"publish","type":"product","link":"https:\/\/bpk-archive.de\/tuellmann\/produkt\/in-einem-kiosk-in-algier\/","title":{"rendered":"In einem Kiosk in Algier"},"content":{"rendered":"<p>\u00dcber dem Verkaufstresen h\u00e4ngen Bilder von James Dean, Che Guevara und einem Fu\u00dfballteam R\u00fcckseite siehe: 70243057<\/p>\n","protected":false},"excerpt":{"rendered":"<p>\u00dcber dem Verkaufstresen h\u00e4ngen Bilder von James Dean, Che Guevara und einem Fu\u00dfballteam R\u00fcckseite siehe: 70243057<\/p>\n","protected":false},"featured_media":70292313,"template":"","meta":[],"product_brand":[],"product_cat":[],"product_tag":[68837,57643,68840,13230,13232,13234,13231,13233,13235,62055,13777,13595,13596,13597,13598,13599,13600,13601,13602,13603,51250,51251,51252,68824,68825,68826,50489,50490,50491,50492,50493,50494,50495,47988,13784,13785,14177,57645,57646,57647,57648,57649,57650,57651,13253,13254,13255,13256,13257,13473,57652,62562,60545,60546,13293,13786,13787,13294,13295,13296,13297,47849,47850,47851,47852,47853,57377,57775,47557,47558,47559,57653,57656,68827,68828,48246,48247,13498,68838,68839,48251,48252,57657,57658,57659,57660,57661,57662,57663,14000,14001,14002,14003,14004,14005,14006,47560,13818,13819,13820,13821,13822,13823,13824,13825,13826,13633,13634,13635,13636,13637,13638,13639,48451,48452,13328,13827,13828,13329,13330,13331,13332,48266,48267,48268,47901,47902,13829,13830,13831,13832,13833,13834,13835,13836,13837,13838,13839,13840,13841,13842,48269,48270,13843,48271,48272,48273,51055,51056,48274,48275,56538,56539,13877,13879,62563,68829,13865,13864,13866,13858,13859,13860,13861,13862,13863,13354,13869,13870,13871,13872,68830,13519,13520,13521,13522,13523,13524,13878,13880,68831,68832,68833,68834,68835,68836,52102,52103,52104,51272,51273,47829,47830,47615,13525,51057,51058,51059,51060,48284,48285,47914,47915],"class_list":{"0":"post-70297471","1":"product","2":"type-product","3":"status-publish","4":"has-post-thumbnail","6":"product_tag-dean","7":"product_tag-1928-1967","8":"product_tag-8-2-1931-30-9-1955","9":"product_tag-1970er-jahre","10":"product_tag-20-jahrhundert-nach-chr","11":"product_tag-20-jh-n-chr","12":"product_tag-20-jahrhundert","13":"product_tag-20-jh","14":"product_tag-70er","15":"product_tag-abt_025","16":"product_tag-abzug","17":"product_tag-alger","18":"product_tag-algerien","19":"product_tag-algeriens","20":"product_tag-algerier","21":"product_tag-algerisch","22":"product_tag-algerische","23":"product_tag-algerischer","24":"product_tag-algerisches","25":"product_tag-algier","26":"product_tag-amerikaner","27":"product_tag-amerikanern","28":"product_tag-amerikaners","29":"product_tag-anfuehrer","30":"product_tag-athlet","31":"product_tag-athleten","32":"product_tag-aufgestuetzt","33":"product_tag-aufgestuetzte","34":"product_tag-aufgestuetztem","35":"product_tag-aufgestuetzten","36":"product_tag-aufgestuetzter","37":"product_tag-aufgestuetztes","38":"product_tag-aufstuetzen","39":"product_tag-bild-im-bild","40":"product_tag-bildnis","41":"product_tag-bildnisse","42":"product_tag-blickkontakt","43":"product_tag-cubaner","44":"product_tag-cubaners","45":"product_tag-cubanisch","46":"product_tag-cubanische","47":"product_tag-cubanischen","48":"product_tag-cubanischer","49":"product_tag-cubanisches","50":"product_tag-deutsch","51":"product_tag-deutsche","52":"product_tag-deutschen","53":"product_tag-deutscher","54":"product_tag-deutsches","55":"product_tag-drinnen","56":"product_tag-ernesto-che","57":"product_tag-filmschauspieler","58":"product_tag-filmstar","59":"product_tag-filmstars","60":"product_tag-foto","61":"product_tag-fotoabzug","62":"product_tag-fotoabzuege","63":"product_tag-fotografie","64":"product_tag-fotografien","65":"product_tag-fotografin","66":"product_tag-fotografinnen","67":"product_tag-freundlich","68":"product_tag-freundliche","69":"product_tag-freundlicher","70":"product_tag-freundliches","71":"product_tag-freundlichkeit","72":"product_tag-fussballmannschaft","73":"product_tag-fussballspieler","74":"product_tag-geschaeft","75":"product_tag-geschaefte","76":"product_tag-geschaeftes","77":"product_tag-guerilla","78":"product_tag-guevara-de-la-serna","79":"product_tag-held","80":"product_tag-helden","81":"product_tag-idol","82":"product_tag-idole","83":"product_tag-innen","84":"product_tag-james","85":"product_tag-james-byron","86":"product_tag-kiosk","87":"product_tag-kioske","88":"product_tag-kubaner","89":"product_tag-kubaners","90":"product_tag-kubanisch","91":"product_tag-kubanische","92":"product_tag-kubanischen","93":"product_tag-kubanischer","94":"product_tag-kubanisches","95":"product_tag-laecheln","96":"product_tag-laechelnd","97":"product_tag-laechelnde","98":"product_tag-laechelnden","99":"product_tag-laechelnder","100":"product_tag-laechelndes","101":"product_tag-laechelt","102":"product_tag-laden","103":"product_tag-mann","104":"product_tag-maenner","105":"product_tag-maennerbildnis","106":"product_tag-maennerbildnisse","107":"product_tag-maennerportrait","108":"product_tag-maennerportraits","109":"product_tag-maennerportraet","110":"product_tag-maennerportraets","111":"product_tag-mannes","112":"product_tag-nordafrika","113":"product_tag-nordafrikaner","114":"product_tag-nordafrikanisch","115":"product_tag-nordafrikanische","116":"product_tag-nordafrikanischen","117":"product_tag-nordafrikanischer","118":"product_tag-nordafrikanisches","119":"product_tag-pendant","120":"product_tag-pendants","121":"product_tag-photo","122":"product_tag-photoabzug","123":"product_tag-photoabzuege","124":"product_tag-photographie","125":"product_tag-photographien","126":"product_tag-photographin","127":"product_tag-photographinnen","128":"product_tag-plakat","129":"product_tag-plakate","130":"product_tag-plakatmotiv","131":"product_tag-politiker","132":"product_tag-politikers","133":"product_tag-portrait","134":"product_tag-portraitaufnahme","135":"product_tag-portraitfoto","136":"product_tag-portraitfotografie","137":"product_tag-portraitphoto","138":"product_tag-portraitphotographie","139":"product_tag-portraits","140":"product_tag-portraet","141":"product_tag-portraetaufnahme","142":"product_tag-portraetfoto","143":"product_tag-portraetfotografie","144":"product_tag-portraetphoto","145":"product_tag-portraetphotographie","146":"product_tag-portraets","147":"product_tag-poster","148":"product_tag-postermotiv","149":"product_tag-print","150":"product_tag-produkt","151":"product_tag-produkte","152":"product_tag-produkten","153":"product_tag-r","154":"product_tag-recto","155":"product_tag-regal","156":"product_tag-regale","157":"product_tag-revolutionaer","158":"product_tag-revolutionaere","159":"product_tag-s-w-fotografie","160":"product_tag-s-w-photographie","161":"product_tag-schauspieler","162":"product_tag-schreibwaren","163":"product_tag-schwarzweissphotographie","164":"product_tag-schwarz-weiss-fotografie","165":"product_tag-schwarz-weiss-photographie","166":"product_tag-schwarzweiss","167":"product_tag-schwarzweisse","168":"product_tag-schwarzweissen","169":"product_tag-schwarzweisser","170":"product_tag-schwarzweisses","171":"product_tag-schwarzweissfotografie","172":"product_tag-siebziger","173":"product_tag-silbergelatine","174":"product_tag-silbergelatineabzug","175":"product_tag-silbergelatineabzuege","176":"product_tag-silbergelatineprint","177":"product_tag-sportler","178":"product_tag-stehen","179":"product_tag-stehend","180":"product_tag-stehende","181":"product_tag-stehenden","182":"product_tag-stehender","183":"product_tag-stehendes","184":"product_tag-sw-fotografie","185":"product_tag-sw-photographie","186":"product_tag-tabakgeschaeft","187":"product_tag-tabakladen","188":"product_tag-tabakwaren","189":"product_tag-tabakwarengeschaeft","190":"product_tag-tabakwarenhandlung","191":"product_tag-tabakwarenladen","192":"product_tag-theke","193":"product_tag-theken","194":"product_tag-tresen","195":"product_tag-us-amerikaner","196":"product_tag-us-amerikaners","197":"product_tag-verkaeufer","198":"product_tag-verkaeufers","199":"product_tag-von-hinten","200":"product_tag-von-innen","201":"product_tag-von-vorn","202":"product_tag-von-vorne","203":"product_tag-vorderansicht","204":"product_tag-vorderseite","205":"product_tag-ware","206":"product_tag-waren","207":"product_tag-zeitschrift","208":"product_tag-zeitschriften","209":"pa_datierung-januar-1970","210":"pa_fotograf-abisag-tuellmann","211":"pa_geografischer_bezug-aufnahmeort-algier-algerien","212":"pa_grunddaten_material_technik-foto-silbergelatine-auf-barytpapier","213":"pa_inventarnummer-tue-70-045-05","214":"pa_jahr_von-53324","215":"pa_massangaben-bildformat-foto-304-x-40-cm","216":"pa_mediennummer-68822","217":"pa_objekt_typ-fotografie","219":"first","220":"instock","221":"product-type-simple"},"yoast_head":"<!-- This site is optimized with the Yoast SEO plugin v27.3 - https:\/\/yoast.com\/product\/yoast-seo-wordpress\/ -->\n<title>In einem Kiosk in Algier - Abisag T\u00fcllmann<\/title>\n<meta name=\"robots\" content=\"index, follow, max-snippet:-1, max-image-preview:large, max-video-preview:-1\" \/>\n<link rel=\"canonical\" href=\"https:\/\/bpk-archive.de\/tuellmann\/produkt\/in-einem-kiosk-in-algier\/\" \/>\n<meta property=\"og:locale\" content=\"de_DE\" \/>\n<meta property=\"og:type\" content=\"article\" \/>\n<meta property=\"og:title\" content=\"In einem Kiosk in Algier - Abisag T\u00fcllmann\" \/>\n<meta property=\"og:description\" content=\"\u00dcber dem Verkaufstresen h\u00e4ngen Bilder von James Dean, Che Guevara und einem Fu\u00dfballteam R\u00fcckseite siehe: 70243057\" \/>\n<meta property=\"og:url\" content=\"https:\/\/bpk-archive.de\/tuellmann\/produkt\/in-einem-kiosk-in-algier\/\" \/>\n<meta property=\"og:site_name\" content=\"Abisag T\u00fcllmann\" \/>\n<meta property=\"article:modified_time\" content=\"2019-09-05T14:26:45+00:00\" \/>\n<meta property=\"og:image\" content=\"https:\/\/bpk-archive.de\/tuellmann\/wp-content\/uploads\/2019\/08\/bpk_70243058.jpg\" \/>\n\t<meta property=\"og:image:width\" content=\"1200\" \/>\n\t<meta property=\"og:image:height\" content=\"921\" \/>\n\t<meta property=\"og:image:type\" content=\"image\/jpeg\" \/>\n<meta name=\"twitter:card\" content=\"summary_large_image\" \/>\n<script type=\"application\/ld+json\" class=\"yoast-schema-graph\">{\"@context\":\"https:\\\/\\\/schema.org\",\"@graph\":[{\"@type\":\"WebPage\",\"@id\":\"https:\\\/\\\/bpk-archive.de\\\/tuellmann\\\/produkt\\\/in-einem-kiosk-in-algier\\\/\",\"url\":\"https:\\\/\\\/bpk-archive.de\\\/tuellmann\\\/produkt\\\/in-einem-kiosk-in-algier\\\/\",\"name\":\"In einem Kiosk in Algier - Abisag T\u00fcllmann\",\"isPartOf\":{\"@id\":\"https:\\\/\\\/bpk-archive.de\\\/tuellmann\\\/#website\"},\"primaryImageOfPage\":{\"@id\":\"https:\\\/\\\/bpk-archive.de\\\/tuellmann\\\/produkt\\\/in-einem-kiosk-in-algier\\\/#primaryimage\"},\"image\":{\"@id\":\"https:\\\/\\\/bpk-archive.de\\\/tuellmann\\\/produkt\\\/in-einem-kiosk-in-algier\\\/#primaryimage\"},\"thumbnailUrl\":\"https:\\\/\\\/bpk-archive.de\\\/tuellmann\\\/wp-content\\\/uploads\\\/2019\\\/08\\\/bpk_70243058.jpg\",\"datePublished\":\"2019-09-05T14:26:34+00:00\",\"dateModified\":\"2019-09-05T14:26:45+00:00\",\"breadcrumb\":{\"@id\":\"https:\\\/\\\/bpk-archive.de\\\/tuellmann\\\/produkt\\\/in-einem-kiosk-in-algier\\\/#breadcrumb\"},\"inLanguage\":\"de\",\"potentialAction\":[{\"@type\":\"ReadAction\",\"target\":[\"https:\\\/\\\/bpk-archive.de\\\/tuellmann\\\/produkt\\\/in-einem-kiosk-in-algier\\\/\"]}]},{\"@type\":\"ImageObject\",\"inLanguage\":\"de\",\"@id\":\"https:\\\/\\\/bpk-archive.de\\\/tuellmann\\\/produkt\\\/in-einem-kiosk-in-algier\\\/#primaryimage\",\"url\":\"https:\\\/\\\/bpk-archive.de\\\/tuellmann\\\/wp-content\\\/uploads\\\/2019\\\/08\\\/bpk_70243058.jpg\",\"contentUrl\":\"https:\\\/\\\/bpk-archive.de\\\/tuellmann\\\/wp-content\\\/uploads\\\/2019\\\/08\\\/bpk_70243058.jpg\",\"width\":1200,\"height\":921,\"caption\":\"In einem Kiosk in Algier\"},{\"@type\":\"BreadcrumbList\",\"@id\":\"https:\\\/\\\/bpk-archive.de\\\/tuellmann\\\/produkt\\\/in-einem-kiosk-in-algier\\\/#breadcrumb\",\"itemListElement\":[{\"@type\":\"ListItem\",\"position\":1,\"name\":\"Startseite\",\"item\":\"https:\\\/\\\/bpk-archive.de\\\/tuellmann\\\/\"},{\"@type\":\"ListItem\",\"position\":2,\"name\":\"Shop\",\"item\":\"https:\\\/\\\/bpk-archive.de\\\/tuellmann\\\/shop\\\/\"},{\"@type\":\"ListItem\",\"position\":3,\"name\":\"In einem Kiosk in Algier\"}]},{\"@type\":\"WebSite\",\"@id\":\"https:\\\/\\\/bpk-archive.de\\\/tuellmann\\\/#website\",\"url\":\"https:\\\/\\\/bpk-archive.de\\\/tuellmann\\\/\",\"name\":\"Abisag T\u00fcllmann\",\"description\":\"Eine weitere WordPress-Website\",\"potentialAction\":[{\"@type\":\"SearchAction\",\"target\":{\"@type\":\"EntryPoint\",\"urlTemplate\":\"https:\\\/\\\/bpk-archive.de\\\/tuellmann\\\/?s={search_term_string}\"},\"query-input\":{\"@type\":\"PropertyValueSpecification\",\"valueRequired\":true,\"valueName\":\"search_term_string\"}}],\"inLanguage\":\"de\"}]}<\/script>\n<!-- \/ Yoast SEO plugin. -->","yoast_head_json":{"title":"In einem Kiosk in Algier - Abisag T\u00fcllmann","robots":{"index":"index","follow":"follow","max-snippet":"max-snippet:-1","max-image-preview":"max-image-preview:large","max-video-preview":"max-video-preview:-1"},"canonical":"https:\/\/bpk-archive.de\/tuellmann\/produkt\/in-einem-kiosk-in-algier\/","og_locale":"de_DE","og_type":"article","og_title":"In einem Kiosk in Algier - Abisag T\u00fcllmann","og_description":"\u00dcber dem Verkaufstresen h\u00e4ngen Bilder von James Dean, Che Guevara und einem Fu\u00dfballteam R\u00fcckseite siehe: 70243057","og_url":"https:\/\/bpk-archive.de\/tuellmann\/produkt\/in-einem-kiosk-in-algier\/","og_site_name":"Abisag T\u00fcllmann","article_modified_time":"2019-09-05T14:26:45+00:00","og_image":[{"width":1200,"height":921,"url":"https:\/\/bpk-archive.de\/tuellmann\/wp-content\/uploads\/2019\/08\/bpk_70243058.jpg","type":"image\/jpeg"}],"twitter_card":"summary_large_image","schema":{"@context":"https:\/\/schema.org","@graph":[{"@type":"WebPage","@id":"https:\/\/bpk-archive.de\/tuellmann\/produkt\/in-einem-kiosk-in-algier\/","url":"https:\/\/bpk-archive.de\/tuellmann\/produkt\/in-einem-kiosk-in-algier\/","name":"In einem Kiosk in Algier - Abisag T\u00fcllmann","isPartOf":{"@id":"https:\/\/bpk-archive.de\/tuellmann\/#website"},"primaryImageOfPage":{"@id":"https:\/\/bpk-archive.de\/tuellmann\/produkt\/in-einem-kiosk-in-algier\/#primaryimage"},"image":{"@id":"https:\/\/bpk-archive.de\/tuellmann\/produkt\/in-einem-kiosk-in-algier\/#primaryimage"},"thumbnailUrl":"https:\/\/bpk-archive.de\/tuellmann\/wp-content\/uploads\/2019\/08\/bpk_70243058.jpg","datePublished":"2019-09-05T14:26:34+00:00","dateModified":"2019-09-05T14:26:45+00:00","breadcrumb":{"@id":"https:\/\/bpk-archive.de\/tuellmann\/produkt\/in-einem-kiosk-in-algier\/#breadcrumb"},"inLanguage":"de","potentialAction":[{"@type":"ReadAction","target":["https:\/\/bpk-archive.de\/tuellmann\/produkt\/in-einem-kiosk-in-algier\/"]}]},{"@type":"ImageObject","inLanguage":"de","@id":"https:\/\/bpk-archive.de\/tuellmann\/produkt\/in-einem-kiosk-in-algier\/#primaryimage","url":"https:\/\/bpk-archive.de\/tuellmann\/wp-content\/uploads\/2019\/08\/bpk_70243058.jpg","contentUrl":"https:\/\/bpk-archive.de\/tuellmann\/wp-content\/uploads\/2019\/08\/bpk_70243058.jpg","width":1200,"height":921,"caption":"In einem Kiosk in Algier"},{"@type":"BreadcrumbList","@id":"https:\/\/bpk-archive.de\/tuellmann\/produkt\/in-einem-kiosk-in-algier\/#breadcrumb","itemListElement":[{"@type":"ListItem","position":1,"name":"Startseite","item":"https:\/\/bpk-archive.de\/tuellmann\/"},{"@type":"ListItem","position":2,"name":"Shop","item":"https:\/\/bpk-archive.de\/tuellmann\/shop\/"},{"@type":"ListItem","position":3,"name":"In einem Kiosk in Algier"}]},{"@type":"WebSite","@id":"https:\/\/bpk-archive.de\/tuellmann\/#website","url":"https:\/\/bpk-archive.de\/tuellmann\/","name":"Abisag T\u00fcllmann","description":"Eine weitere WordPress-Website","potentialAction":[{"@type":"SearchAction","target":{"@type":"EntryPoint","urlTemplate":"https:\/\/bpk-archive.de\/tuellmann\/?s={search_term_string}"},"query-input":{"@type":"PropertyValueSpecification","valueRequired":true,"valueName":"search_term_string"}}],"inLanguage":"de"}]}},"_links":{"self":[{"href":"https:\/\/bpk-archive.de\/tuellmann\/wp-json\/wp\/v2\/product\/70297471","targetHints":{"allow":["GET"]}}],"collection":[{"href":"https:\/\/bpk-archive.de\/tuellmann\/wp-json\/wp\/v2\/product"}],"about":[{"href":"https:\/\/bpk-archive.de\/tuellmann\/wp-json\/wp\/v2\/types\/product"}],"wp:featuredmedia":[{"embeddable":true,"href":"https:\/\/bpk-archive.de\/tuellmann\/wp-json\/wp\/v2\/media\/70292313"}],"wp:attachment":[{"href":"https:\/\/bpk-archive.de\/tuellmann\/wp-json\/wp\/v2\/media?parent=70297471"}],"wp:term":[{"taxonomy":"product_brand","embeddable":true,"href":"https:\/\/bpk-archive.de\/tuellmann\/wp-json\/wp\/v2\/product_brand?post=70297471"},{"taxonomy":"product_cat","embeddable":true,"href":"https:\/\/bpk-archive.de\/tuellmann\/wp-json\/wp\/v2\/product_cat?post=70297471"},{"taxonomy":"product_tag","embeddable":true,"href":"https:\/\/bpk-archive.de\/tuellmann\/wp-json\/wp\/v2\/product_tag?post=70297471"}],"curies":[{"name":"wp","href":"https:\/\/api.w.org\/{rel}","templated":true}]}}