{"id":70297456,"date":"2019-09-05T16:26:16","date_gmt":"2019-09-05T14:26:16","guid":{"rendered":"http:\/\/abisagtuellmann.bpk-news.de\/atbild\/teilnehmer-der-al-fatah-konferenz-im-palais-des-nations-in-algier-27-und-28-dezember-1969\/"},"modified":"2019-09-05T16:26:32","modified_gmt":"2019-09-05T14:26:32","slug":"teilnehmer-der-al-fatah-konferenz-im-palais-des-nations-in-algier-27-und-28-dezember-1969","status":"publish","type":"product","link":"https:\/\/bpk-archive.de\/tuellmann\/produkt\/teilnehmer-der-al-fatah-konferenz-im-palais-des-nations-in-algier-27-und-28-dezember-1969\/","title":{"rendered":"Teilnehmer der Al-Fatah-Konferenz im &#8222;Palais des Nations&#8220; in Algier (27. und 28. Dezember 1969)"},"content":{"rendered":"<p>R\u00fcckseitenbeschriftung von anderer Hand: &#8222;Teilnehmer des PLO-Solidarit\u00e4tskongre\u00dfes am 27. und 28. Dez. 1969 im &#8218;Palais des Nations&#8216; in Algier&#8220;<\/p>\n","protected":false},"excerpt":{"rendered":"<p>R\u00fcckseitenbeschriftung von anderer Hand: &#8222;Teilnehmer des PLO-Solidarit\u00e4tskongre\u00dfes am 27. und 28. Dez. 1969 im &#8218;Palais des Nations&#8216; in Algier&#8220;<\/p>\n","protected":false},"featured_media":70292441,"template":"","meta":[],"product_brand":[],"product_cat":[],"product_tag":[13774,13232,13234,13231,13233,13775,14271,13777,13236,13240,13241,13242,13243,13244,13245,13595,13596,13597,13599,13600,13601,13602,13603,49357,49358,60240,49362,13784,13785,55201,13253,13254,13255,13256,13257,13473,65460,51103,51104,13293,13786,13787,13294,13295,13296,13297,48986,48987,13498,48304,48305,49372,49626,49627,55218,55219,47447,47448,13633,13635,13636,13637,13638,13639,13640,48070,47327,47328,47329,47330,47331,13328,13827,13828,13329,13330,13331,13332,47955,48322,47901,48020,48021,48022,48023,47902,13829,13835,13836,13842,13843,13877,13879,13865,13864,13866,13858,13859,13860,13861,13862,13863,13867,56953,56954,13869,13870,13871,13872,53808,13519,13520,13521,13522,13523,13524,13878,13880,55236,55239,55240,13525],"class_list":{"0":"post-70297456","1":"product","2":"type-product","3":"status-publish","4":"has-post-thumbnail","6":"product_tag-1960er-jahre","7":"product_tag-20-jahrhundert-nach-chr","8":"product_tag-20-jh-n-chr","9":"product_tag-20-jahrhundert","10":"product_tag-20-jh","11":"product_tag-60er","12":"product_tag-abt_009","13":"product_tag-abzug","14":"product_tag-afrika","15":"product_tag-afrikanisch","16":"product_tag-afrikanische","17":"product_tag-afrikanischen","18":"product_tag-afrikanischer","19":"product_tag-afrikanisches","20":"product_tag-afrikas","21":"product_tag-alger","22":"product_tag-algerien","23":"product_tag-algeriens","24":"product_tag-algerisch","25":"product_tag-algerische","26":"product_tag-algerischer","27":"product_tag-algerisches","28":"product_tag-algier","29":"product_tag-applaudieren","30":"product_tag-applaus","31":"product_tag-at_portraet-politik","32":"product_tag-beifall","33":"product_tag-bildnis","34":"product_tag-bildnisse","35":"product_tag-congress","36":"product_tag-deutsch","37":"product_tag-deutsche","38":"product_tag-deutschen","39":"product_tag-deutscher","40":"product_tag-deutsches","41":"product_tag-drinnen","42":"product_tag-fatah","43":"product_tag-faust","44":"product_tag-faeuste","45":"product_tag-foto","46":"product_tag-fotoabzug","47":"product_tag-fotoabzuege","48":"product_tag-fotografie","49":"product_tag-fotografien","50":"product_tag-fotografin","51":"product_tag-fotografinnen","52":"product_tag-geste","53":"product_tag-gesten","54":"product_tag-innen","55":"product_tag-jubel","56":"product_tag-jubeln","57":"product_tag-klatschen","58":"product_tag-konferenz","59":"product_tag-konferenzen","60":"product_tag-kongress","61":"product_tag-kongresse","62":"product_tag-menschengruppe","63":"product_tag-menschengruppen","64":"product_tag-nordafrika","65":"product_tag-nordafrikanisch","66":"product_tag-nordafrikanische","67":"product_tag-nordafrikanischen","68":"product_tag-nordafrikanischer","69":"product_tag-nordafrikanisches","70":"product_tag-nordafrikas","71":"product_tag-palaestina","72":"product_tag-palaestinensisch","73":"product_tag-palaestinensische","74":"product_tag-palaestinensischen","75":"product_tag-palaestinensischer","76":"product_tag-palaestinensisches","77":"product_tag-photo","78":"product_tag-photoabzug","79":"product_tag-photoabzuege","80":"product_tag-photographie","81":"product_tag-photographien","82":"product_tag-photographin","83":"product_tag-photographinnen","84":"product_tag-plo","85":"product_tag-politik","86":"product_tag-politiker","87":"product_tag-politikerportrait","88":"product_tag-politikerportraits","89":"product_tag-politikerportraet","90":"product_tag-politikerportraets","91":"product_tag-politikers","92":"product_tag-portrait","93":"product_tag-portraits","94":"product_tag-portraet","95":"product_tag-portraets","96":"product_tag-print","97":"product_tag-s-w-fotografie","98":"product_tag-s-w-photographie","99":"product_tag-schwarzweissphotographie","100":"product_tag-schwarz-weiss-fotografie","101":"product_tag-schwarz-weiss-photographie","102":"product_tag-schwarzweiss","103":"product_tag-schwarzweisse","104":"product_tag-schwarzweissen","105":"product_tag-schwarzweisser","106":"product_tag-schwarzweisses","107":"product_tag-schwarzweissfotografie","108":"product_tag-sechziger","109":"product_tag-siegergeste","110":"product_tag-siegesgeste","111":"product_tag-silbergelatine","112":"product_tag-silbergelatineabzug","113":"product_tag-silbergelatineabzuege","114":"product_tag-silbergelatineprint","115":"product_tag-solidaritaet","116":"product_tag-stehen","117":"product_tag-stehend","118":"product_tag-stehende","119":"product_tag-stehenden","120":"product_tag-stehender","121":"product_tag-stehendes","122":"product_tag-sw-fotografie","123":"product_tag-sw-photographie","124":"product_tag-teilnehmer","125":"product_tag-teilnehmern","126":"product_tag-teilnehmers","127":"product_tag-von-innen","128":"pa_datierung-dezember-1969","129":"pa_fotograf-abisag-tuellmann","130":"pa_geografischer_bezug-aufnahmeort-algier-algerien","131":"pa_grunddaten_material_technik-foto-silbergelatine-auf-barytpapier","132":"pa_inventarnummer-tue-69-402-15","133":"pa_jahr_von-14258","134":"pa_massangaben-bildformat-foto-238-x-293-cm","135":"pa_mediennummer-68755","136":"pa_objekt_typ-fotografie","138":"first","139":"instock","140":"product-type-simple"},"yoast_head":"<!-- This site is optimized with the Yoast SEO plugin v27.4 - https:\/\/yoast.com\/product\/yoast-seo-wordpress\/ -->\n<title>Teilnehmer der Al-Fatah-Konferenz im &quot;Palais des Nations&quot; in Algier (27. und 28. Dezember 1969) - Abisag T\u00fcllmann<\/title>\n<meta name=\"robots\" content=\"index, follow, max-snippet:-1, max-image-preview:large, max-video-preview:-1\" \/>\n<link rel=\"canonical\" href=\"https:\/\/bpk-archive.de\/tuellmann\/produkt\/teilnehmer-der-al-fatah-konferenz-im-palais-des-nations-in-algier-27-und-28-dezember-1969\/\" \/>\n<meta property=\"og:locale\" content=\"de_DE\" \/>\n<meta property=\"og:type\" content=\"article\" \/>\n<meta property=\"og:title\" content=\"Teilnehmer der Al-Fatah-Konferenz im &quot;Palais des Nations&quot; in Algier (27. und 28. Dezember 1969) - Abisag T\u00fcllmann\" \/>\n<meta property=\"og:description\" content=\"R\u00fcckseitenbeschriftung von anderer Hand: &#8222;Teilnehmer des PLO-Solidarit\u00e4tskongre\u00dfes am 27. und 28. Dez. 1969 im &#8218;Palais des Nations&#8216; in Algier&#8220;\" \/>\n<meta property=\"og:url\" content=\"https:\/\/bpk-archive.de\/tuellmann\/produkt\/teilnehmer-der-al-fatah-konferenz-im-palais-des-nations-in-algier-27-und-28-dezember-1969\/\" \/>\n<meta property=\"og:site_name\" content=\"Abisag T\u00fcllmann\" \/>\n<meta property=\"article:modified_time\" content=\"2019-09-05T14:26:32+00:00\" \/>\n<meta property=\"og:image\" content=\"https:\/\/bpk-archive.de\/tuellmann\/wp-content\/uploads\/2019\/08\/bpk_70242988.jpg\" \/>\n\t<meta property=\"og:image:width\" content=\"1200\" \/>\n\t<meta property=\"og:image:height\" content=\"980\" \/>\n\t<meta property=\"og:image:type\" content=\"image\/jpeg\" \/>\n<meta name=\"twitter:card\" content=\"summary_large_image\" \/>\n<script type=\"application\/ld+json\" class=\"yoast-schema-graph\">{\"@context\":\"https:\\\/\\\/schema.org\",\"@graph\":[{\"@type\":\"WebPage\",\"@id\":\"https:\\\/\\\/bpk-archive.de\\\/tuellmann\\\/produkt\\\/teilnehmer-der-al-fatah-konferenz-im-palais-des-nations-in-algier-27-und-28-dezember-1969\\\/\",\"url\":\"https:\\\/\\\/bpk-archive.de\\\/tuellmann\\\/produkt\\\/teilnehmer-der-al-fatah-konferenz-im-palais-des-nations-in-algier-27-und-28-dezember-1969\\\/\",\"name\":\"Teilnehmer der Al-Fatah-Konferenz im \\\"Palais des Nations\\\" in Algier (27. und 28. Dezember 1969) - Abisag T\u00fcllmann\",\"isPartOf\":{\"@id\":\"https:\\\/\\\/bpk-archive.de\\\/tuellmann\\\/#website\"},\"primaryImageOfPage\":{\"@id\":\"https:\\\/\\\/bpk-archive.de\\\/tuellmann\\\/produkt\\\/teilnehmer-der-al-fatah-konferenz-im-palais-des-nations-in-algier-27-und-28-dezember-1969\\\/#primaryimage\"},\"image\":{\"@id\":\"https:\\\/\\\/bpk-archive.de\\\/tuellmann\\\/produkt\\\/teilnehmer-der-al-fatah-konferenz-im-palais-des-nations-in-algier-27-und-28-dezember-1969\\\/#primaryimage\"},\"thumbnailUrl\":\"https:\\\/\\\/bpk-archive.de\\\/tuellmann\\\/wp-content\\\/uploads\\\/2019\\\/08\\\/bpk_70242988.jpg\",\"datePublished\":\"2019-09-05T14:26:16+00:00\",\"dateModified\":\"2019-09-05T14:26:32+00:00\",\"breadcrumb\":{\"@id\":\"https:\\\/\\\/bpk-archive.de\\\/tuellmann\\\/produkt\\\/teilnehmer-der-al-fatah-konferenz-im-palais-des-nations-in-algier-27-und-28-dezember-1969\\\/#breadcrumb\"},\"inLanguage\":\"de\",\"potentialAction\":[{\"@type\":\"ReadAction\",\"target\":[\"https:\\\/\\\/bpk-archive.de\\\/tuellmann\\\/produkt\\\/teilnehmer-der-al-fatah-konferenz-im-palais-des-nations-in-algier-27-und-28-dezember-1969\\\/\"]}]},{\"@type\":\"ImageObject\",\"inLanguage\":\"de\",\"@id\":\"https:\\\/\\\/bpk-archive.de\\\/tuellmann\\\/produkt\\\/teilnehmer-der-al-fatah-konferenz-im-palais-des-nations-in-algier-27-und-28-dezember-1969\\\/#primaryimage\",\"url\":\"https:\\\/\\\/bpk-archive.de\\\/tuellmann\\\/wp-content\\\/uploads\\\/2019\\\/08\\\/bpk_70242988.jpg\",\"contentUrl\":\"https:\\\/\\\/bpk-archive.de\\\/tuellmann\\\/wp-content\\\/uploads\\\/2019\\\/08\\\/bpk_70242988.jpg\",\"width\":1200,\"height\":980,\"caption\":\"Teilnehmer der Al-Fatah-Konferenz im \\\"Palais des Nations\\\" in Algier (27. und 28. Dezember 1969)\"},{\"@type\":\"BreadcrumbList\",\"@id\":\"https:\\\/\\\/bpk-archive.de\\\/tuellmann\\\/produkt\\\/teilnehmer-der-al-fatah-konferenz-im-palais-des-nations-in-algier-27-und-28-dezember-1969\\\/#breadcrumb\",\"itemListElement\":[{\"@type\":\"ListItem\",\"position\":1,\"name\":\"Startseite\",\"item\":\"https:\\\/\\\/bpk-archive.de\\\/tuellmann\\\/\"},{\"@type\":\"ListItem\",\"position\":2,\"name\":\"Shop\",\"item\":\"https:\\\/\\\/bpk-archive.de\\\/tuellmann\\\/shop\\\/\"},{\"@type\":\"ListItem\",\"position\":3,\"name\":\"Teilnehmer der Al-Fatah-Konferenz im &#8220;Palais des Nations&#8221; in Algier (27. und 28. Dezember 1969)\"}]},{\"@type\":\"WebSite\",\"@id\":\"https:\\\/\\\/bpk-archive.de\\\/tuellmann\\\/#website\",\"url\":\"https:\\\/\\\/bpk-archive.de\\\/tuellmann\\\/\",\"name\":\"Abisag T\u00fcllmann\",\"description\":\"Eine weitere WordPress-Website\",\"potentialAction\":[{\"@type\":\"SearchAction\",\"target\":{\"@type\":\"EntryPoint\",\"urlTemplate\":\"https:\\\/\\\/bpk-archive.de\\\/tuellmann\\\/?s={search_term_string}\"},\"query-input\":{\"@type\":\"PropertyValueSpecification\",\"valueRequired\":true,\"valueName\":\"search_term_string\"}}],\"inLanguage\":\"de\"}]}<\/script>\n<!-- \/ Yoast SEO plugin. -->","yoast_head_json":{"title":"Teilnehmer der Al-Fatah-Konferenz im \"Palais des Nations\" in Algier (27. und 28. Dezember 1969) - Abisag T\u00fcllmann","robots":{"index":"index","follow":"follow","max-snippet":"max-snippet:-1","max-image-preview":"max-image-preview:large","max-video-preview":"max-video-preview:-1"},"canonical":"https:\/\/bpk-archive.de\/tuellmann\/produkt\/teilnehmer-der-al-fatah-konferenz-im-palais-des-nations-in-algier-27-und-28-dezember-1969\/","og_locale":"de_DE","og_type":"article","og_title":"Teilnehmer der Al-Fatah-Konferenz im \"Palais des Nations\" in Algier (27. und 28. Dezember 1969) - Abisag T\u00fcllmann","og_description":"R\u00fcckseitenbeschriftung von anderer Hand: &#8222;Teilnehmer des PLO-Solidarit\u00e4tskongre\u00dfes am 27. und 28. Dez. 1969 im &#8218;Palais des Nations&#8216; in Algier&#8220;","og_url":"https:\/\/bpk-archive.de\/tuellmann\/produkt\/teilnehmer-der-al-fatah-konferenz-im-palais-des-nations-in-algier-27-und-28-dezember-1969\/","og_site_name":"Abisag T\u00fcllmann","article_modified_time":"2019-09-05T14:26:32+00:00","og_image":[{"width":1200,"height":980,"url":"https:\/\/bpk-archive.de\/tuellmann\/wp-content\/uploads\/2019\/08\/bpk_70242988.jpg","type":"image\/jpeg"}],"twitter_card":"summary_large_image","schema":{"@context":"https:\/\/schema.org","@graph":[{"@type":"WebPage","@id":"https:\/\/bpk-archive.de\/tuellmann\/produkt\/teilnehmer-der-al-fatah-konferenz-im-palais-des-nations-in-algier-27-und-28-dezember-1969\/","url":"https:\/\/bpk-archive.de\/tuellmann\/produkt\/teilnehmer-der-al-fatah-konferenz-im-palais-des-nations-in-algier-27-und-28-dezember-1969\/","name":"Teilnehmer der Al-Fatah-Konferenz im \"Palais des Nations\" in Algier (27. und 28. Dezember 1969) - Abisag T\u00fcllmann","isPartOf":{"@id":"https:\/\/bpk-archive.de\/tuellmann\/#website"},"primaryImageOfPage":{"@id":"https:\/\/bpk-archive.de\/tuellmann\/produkt\/teilnehmer-der-al-fatah-konferenz-im-palais-des-nations-in-algier-27-und-28-dezember-1969\/#primaryimage"},"image":{"@id":"https:\/\/bpk-archive.de\/tuellmann\/produkt\/teilnehmer-der-al-fatah-konferenz-im-palais-des-nations-in-algier-27-und-28-dezember-1969\/#primaryimage"},"thumbnailUrl":"https:\/\/bpk-archive.de\/tuellmann\/wp-content\/uploads\/2019\/08\/bpk_70242988.jpg","datePublished":"2019-09-05T14:26:16+00:00","dateModified":"2019-09-05T14:26:32+00:00","breadcrumb":{"@id":"https:\/\/bpk-archive.de\/tuellmann\/produkt\/teilnehmer-der-al-fatah-konferenz-im-palais-des-nations-in-algier-27-und-28-dezember-1969\/#breadcrumb"},"inLanguage":"de","potentialAction":[{"@type":"ReadAction","target":["https:\/\/bpk-archive.de\/tuellmann\/produkt\/teilnehmer-der-al-fatah-konferenz-im-palais-des-nations-in-algier-27-und-28-dezember-1969\/"]}]},{"@type":"ImageObject","inLanguage":"de","@id":"https:\/\/bpk-archive.de\/tuellmann\/produkt\/teilnehmer-der-al-fatah-konferenz-im-palais-des-nations-in-algier-27-und-28-dezember-1969\/#primaryimage","url":"https:\/\/bpk-archive.de\/tuellmann\/wp-content\/uploads\/2019\/08\/bpk_70242988.jpg","contentUrl":"https:\/\/bpk-archive.de\/tuellmann\/wp-content\/uploads\/2019\/08\/bpk_70242988.jpg","width":1200,"height":980,"caption":"Teilnehmer der Al-Fatah-Konferenz im \"Palais des Nations\" in Algier (27. und 28. Dezember 1969)"},{"@type":"BreadcrumbList","@id":"https:\/\/bpk-archive.de\/tuellmann\/produkt\/teilnehmer-der-al-fatah-konferenz-im-palais-des-nations-in-algier-27-und-28-dezember-1969\/#breadcrumb","itemListElement":[{"@type":"ListItem","position":1,"name":"Startseite","item":"https:\/\/bpk-archive.de\/tuellmann\/"},{"@type":"ListItem","position":2,"name":"Shop","item":"https:\/\/bpk-archive.de\/tuellmann\/shop\/"},{"@type":"ListItem","position":3,"name":"Teilnehmer der Al-Fatah-Konferenz im &#8220;Palais des Nations&#8221; in Algier (27. und 28. Dezember 1969)"}]},{"@type":"WebSite","@id":"https:\/\/bpk-archive.de\/tuellmann\/#website","url":"https:\/\/bpk-archive.de\/tuellmann\/","name":"Abisag T\u00fcllmann","description":"Eine weitere WordPress-Website","potentialAction":[{"@type":"SearchAction","target":{"@type":"EntryPoint","urlTemplate":"https:\/\/bpk-archive.de\/tuellmann\/?s={search_term_string}"},"query-input":{"@type":"PropertyValueSpecification","valueRequired":true,"valueName":"search_term_string"}}],"inLanguage":"de"}]}},"_links":{"self":[{"href":"https:\/\/bpk-archive.de\/tuellmann\/wp-json\/wp\/v2\/product\/70297456","targetHints":{"allow":["GET"]}}],"collection":[{"href":"https:\/\/bpk-archive.de\/tuellmann\/wp-json\/wp\/v2\/product"}],"about":[{"href":"https:\/\/bpk-archive.de\/tuellmann\/wp-json\/wp\/v2\/types\/product"}],"wp:featuredmedia":[{"embeddable":true,"href":"https:\/\/bpk-archive.de\/tuellmann\/wp-json\/wp\/v2\/media\/70292441"}],"wp:attachment":[{"href":"https:\/\/bpk-archive.de\/tuellmann\/wp-json\/wp\/v2\/media?parent=70297456"}],"wp:term":[{"taxonomy":"product_brand","embeddable":true,"href":"https:\/\/bpk-archive.de\/tuellmann\/wp-json\/wp\/v2\/product_brand?post=70297456"},{"taxonomy":"product_cat","embeddable":true,"href":"https:\/\/bpk-archive.de\/tuellmann\/wp-json\/wp\/v2\/product_cat?post=70297456"},{"taxonomy":"product_tag","embeddable":true,"href":"https:\/\/bpk-archive.de\/tuellmann\/wp-json\/wp\/v2\/product_tag?post=70297456"}],"curies":[{"name":"wp","href":"https:\/\/api.w.org\/{rel}","templated":true}]}}