{"id":70297451,"date":"2019-09-05T16:26:16","date_gmt":"2019-09-05T14:26:16","guid":{"rendered":"http:\/\/abisagtuellmann.bpk-news.de\/atbild\/reservatsbewohner-vor-ihren-huetten-in-serima-ttl-tribal-trust-land-rhodesien-heute-simbabwe\/"},"modified":"2019-09-05T16:26:27","modified_gmt":"2019-09-05T14:26:27","slug":"reservatsbewohner-vor-ihren-huetten-in-serima-ttl-tribal-trust-land-rhodesien-heute-simbabwe","status":"publish","type":"product","link":"https:\/\/bpk-archive.de\/tuellmann\/produkt\/reservatsbewohner-vor-ihren-huetten-in-serima-ttl-tribal-trust-land-rhodesien-heute-simbabwe\/","title":{"rendered":"Reservatsbewohner vor ihren H\u00fctten in Serima TTL (Tribal Trust Land), Rhodesien (heute Simbabwe)"},"content":{"rendered":"<p>R\u00fcckseitenbeschriftung von Hand der Fotografin: &#8222;Rhodesien, Tribal Trust Land&#8220;<\/p>\n","protected":false},"excerpt":{"rendered":"<p>R\u00fcckseitenbeschriftung von Hand der Fotografin: &#8222;Rhodesien, Tribal Trust Land&#8220;<\/p>\n","protected":false},"featured_media":70292427,"template":"","meta":[],"product_brand":[],"product_cat":[],"product_tag":[13230,13232,13234,13231,13233,13235,62055,13777,13236,13237,13238,13239,13240,13241,13242,13243,13244,13245,14316,14173,13250,47365,47366,47367,47679,49576,13253,13254,13255,13256,13257,50851,50852,50853,50854,51485,51486,51487,51488,51489,13260,13261,14181,14182,13268,13269,13270,13271,13293,13786,13787,13294,13295,13296,13297,13487,13488,47377,51001,47579,47580,47581,47582,48654,48655,48656,48657,48658,48659,48660,14201,14202,13301,47589,47590,52025,47814,47815,56965,56966,56967,56968,56969,51002,51003,56902,56903,13818,13819,13826,49802,68739,68740,51236,51237,14225,14226,14227,14228,13328,13827,13828,13329,13330,13331,13332,57563,13843,51896,51897,14238,14239,14240,56605,56607,56608,13877,13879,57566,13865,13864,13866,13351,13352,13353,13858,13859,13860,13861,13862,13863,13354,48160,48161,13869,13870,13871,13872,14241,14242,56611,56612,56613,56614,56615,56616,14243,14244,14245,14246,14247,14248,14249,13519,13520,13521,13522,13523,13524,47408,47409,64052,13363,13364,13365,13366,13367,13368,13369,13878,13880,49561,49562,49563,49564,47529,47530,47531,47532,47533,47534,47504,47505,47506,49461,49462,67798,67799,67800,67801,67802,68741,68742,68743,68744,68745,14254],"class_list":{"0":"post-70297451","1":"product","2":"type-product","3":"status-publish","4":"has-post-thumbnail","6":"product_tag-1970er-jahre","7":"product_tag-20-jahrhundert-nach-chr","8":"product_tag-20-jh-n-chr","9":"product_tag-20-jahrhundert","10":"product_tag-20-jh","11":"product_tag-70er","12":"product_tag-abt_025","13":"product_tag-abzug","14":"product_tag-afrika","15":"product_tag-afrikaner","16":"product_tag-afrikanerin","17":"product_tag-afrikanerinnen","18":"product_tag-afrikanisch","19":"product_tag-afrikanische","20":"product_tag-afrikanischen","21":"product_tag-afrikanischer","22":"product_tag-afrikanisches","23":"product_tag-afrikas","24":"product_tag-armut","25":"product_tag-at_rhodesien","26":"product_tag-aussen","27":"product_tag-bauten","28":"product_tag-bauwerk","29":"product_tag-bauwerke","30":"product_tag-behausung","31":"product_tag-bewohner","32":"product_tag-deutsch","33":"product_tag-deutsche","34":"product_tag-deutschen","35":"product_tag-deutscher","36":"product_tag-deutsches","37":"product_tag-dorf","38":"product_tag-dorfe","39":"product_tag-doerfer","40":"product_tag-dorfes","41":"product_tag-doerflich","42":"product_tag-doerfliche","43":"product_tag-doerflichen","44":"product_tag-doerflicher","45":"product_tag-doerfliches","46":"product_tag-draussen","47":"product_tag-dunkelhaeutiger","48":"product_tag-elend","49":"product_tag-elends","50":"product_tag-farbige","51":"product_tag-farbigen","52":"product_tag-farbiger","53":"product_tag-farbiges","54":"product_tag-foto","55":"product_tag-fotoabzug","56":"product_tag-fotoabzuege","57":"product_tag-fotografie","58":"product_tag-fotografien","59":"product_tag-fotografin","60":"product_tag-fotografinnen","61":"product_tag-frau","62":"product_tag-frauen","63":"product_tag-gebaeude","64":"product_tag-gelangweilt","65":"product_tag-gespraech","66":"product_tag-gespraeche","67":"product_tag-gespraeches","68":"product_tag-gespraechs","69":"product_tag-hocke","70":"product_tag-hocken","71":"product_tag-hockend","72":"product_tag-hockende","73":"product_tag-hockenden","74":"product_tag-hockender","75":"product_tag-hockendes","76":"product_tag-huette","77":"product_tag-huetten","78":"product_tag-im-freien","79":"product_tag-konversation","80":"product_tag-konversationen","81":"product_tag-landbevoelkerung","82":"product_tag-landleben","83":"product_tag-landlebens","84":"product_tag-laendlich","85":"product_tag-laendliche","86":"product_tag-laendlichen","87":"product_tag-laendlicher","88":"product_tag-laendliches","89":"product_tag-langeweile","90":"product_tag-langweilig","91":"product_tag-lehmhuette","92":"product_tag-lehmhuetten","93":"product_tag-mann","94":"product_tag-maenner","95":"product_tag-mannes","96":"product_tag-musik","97":"product_tag-musik-hoeren","98":"product_tag-musikhoeren","99":"product_tag-musse","100":"product_tag-nichtstun","101":"product_tag-not","102":"product_tag-noete","103":"product_tag-notlage","104":"product_tag-notlagen","105":"product_tag-photo","106":"product_tag-photoabzug","107":"product_tag-photoabzuege","108":"product_tag-photographie","109":"product_tag-photographien","110":"product_tag-photographin","111":"product_tag-photographinnen","112":"product_tag-plattenspieler","113":"product_tag-print","114":"product_tag-reservat","115":"product_tag-reservate","116":"product_tag-rhodesien","117":"product_tag-rhodesier","118":"product_tag-rhodesisch","119":"product_tag-rhodesische","120":"product_tag-rhodesischen","121":"product_tag-rhodesischer","122":"product_tag-s-w-fotografie","123":"product_tag-s-w-photographie","124":"product_tag-schallplattenspieler","125":"product_tag-schwarzweissphotographie","126":"product_tag-schwarz-weiss-fotografie","127":"product_tag-schwarz-weiss-photographie","128":"product_tag-schwarze","129":"product_tag-schwarzen","130":"product_tag-schwarzer","131":"product_tag-schwarzweiss","132":"product_tag-schwarzweisse","133":"product_tag-schwarzweissen","134":"product_tag-schwarzweisser","135":"product_tag-schwarzweisses","136":"product_tag-schwarzweissfotografie","137":"product_tag-siebziger","138":"product_tag-siedlung","139":"product_tag-siedlungen","140":"product_tag-silbergelatine","141":"product_tag-silbergelatineabzug","142":"product_tag-silbergelatineabzuege","143":"product_tag-silbergelatineprint","144":"product_tag-simbabwe","145":"product_tag-simbabwer","146":"product_tag-simbabwisch","147":"product_tag-simbabwische","148":"product_tag-simbabwischem","149":"product_tag-simbabwischen","150":"product_tag-simbabwischer","151":"product_tag-simbabwisches","152":"product_tag-sitzen","153":"product_tag-sitzend","154":"product_tag-sitzende","155":"product_tag-sitzenden","156":"product_tag-sitzender","157":"product_tag-sitzendes","158":"product_tag-sitzt","159":"product_tag-stehen","160":"product_tag-stehend","161":"product_tag-stehende","162":"product_tag-stehenden","163":"product_tag-stehender","164":"product_tag-stehendes","165":"product_tag-strassenleben","166":"product_tag-strassenszene","167":"product_tag-strohdach","168":"product_tag-suedafrika","169":"product_tag-suedafrikanisch","170":"product_tag-suedafrikanische","171":"product_tag-suedafrikanischen","172":"product_tag-suedafrikanischer","173":"product_tag-suedafrikanisches","174":"product_tag-suedafrikas","175":"product_tag-sw-fotografie","176":"product_tag-sw-photographie","177":"product_tag-volksgruppe","178":"product_tag-volksgruppen","179":"product_tag-volksstamm","180":"product_tag-volksstaemme","181":"product_tag-warten","182":"product_tag-wartend","183":"product_tag-wartende","184":"product_tag-wartenden","185":"product_tag-wartender","186":"product_tag-wartendes","187":"product_tag-wohngebaeude","188":"product_tag-wohnhaus","189":"product_tag-wohnhaeuser","190":"product_tag-wohnung","191":"product_tag-wohnungen","192":"product_tag-zerlumpt","193":"product_tag-zerlumpte","194":"product_tag-zerlumpten","195":"product_tag-zerlumpter","196":"product_tag-zerlumptes","197":"product_tag-zerschlissen","198":"product_tag-zerschlissene","199":"product_tag-zerschlissenen","200":"product_tag-zerschlissener","201":"product_tag-zerschlissenes","202":"product_tag-zimbabwe","203":"pa_datierung-september-1971","204":"pa_fotograf-abisag-tuellmann","205":"pa_geografischer_bezug-aufnahmeort-serima-rhodesien-simbabwe","206":"pa_grunddaten_material_technik-foto-silbergelatine-auf-barytpapier","207":"pa_inventarnummer-tue-71-161-22a","208":"pa_jahr_von-49516","209":"pa_massangaben-bildformat-foto-302-x-398-cm","210":"pa_mediennummer-68737","211":"pa_objekt_typ-fotografie","213":"first","214":"instock","215":"product-type-simple"},"yoast_head":"<!-- This site is optimized with the Yoast SEO plugin v27.4 - https:\/\/yoast.com\/product\/yoast-seo-wordpress\/ -->\n<title>Reservatsbewohner vor ihren H\u00fctten in Serima TTL (Tribal Trust Land), Rhodesien (heute Simbabwe) - Abisag T\u00fcllmann<\/title>\n<meta name=\"robots\" content=\"index, follow, max-snippet:-1, max-image-preview:large, max-video-preview:-1\" \/>\n<link rel=\"canonical\" href=\"https:\/\/bpk-archive.de\/tuellmann\/produkt\/reservatsbewohner-vor-ihren-huetten-in-serima-ttl-tribal-trust-land-rhodesien-heute-simbabwe\/\" \/>\n<meta property=\"og:locale\" content=\"de_DE\" \/>\n<meta property=\"og:type\" content=\"article\" \/>\n<meta property=\"og:title\" content=\"Reservatsbewohner vor ihren H\u00fctten in Serima TTL (Tribal Trust Land), Rhodesien (heute Simbabwe) - Abisag T\u00fcllmann\" \/>\n<meta property=\"og:description\" content=\"R\u00fcckseitenbeschriftung von Hand der Fotografin: &#8222;Rhodesien, Tribal Trust Land&#8220;\" \/>\n<meta property=\"og:url\" content=\"https:\/\/bpk-archive.de\/tuellmann\/produkt\/reservatsbewohner-vor-ihren-huetten-in-serima-ttl-tribal-trust-land-rhodesien-heute-simbabwe\/\" \/>\n<meta property=\"og:site_name\" content=\"Abisag T\u00fcllmann\" \/>\n<meta property=\"article:modified_time\" content=\"2019-09-05T14:26:27+00:00\" \/>\n<meta property=\"og:image\" content=\"https:\/\/bpk-archive.de\/tuellmann\/wp-content\/uploads\/2019\/08\/bpk_70243034.jpg\" \/>\n\t<meta property=\"og:image:width\" content=\"1200\" \/>\n\t<meta property=\"og:image:height\" content=\"917\" \/>\n\t<meta property=\"og:image:type\" content=\"image\/jpeg\" \/>\n<meta name=\"twitter:card\" content=\"summary_large_image\" \/>\n<script type=\"application\/ld+json\" class=\"yoast-schema-graph\">{\"@context\":\"https:\\\/\\\/schema.org\",\"@graph\":[{\"@type\":\"WebPage\",\"@id\":\"https:\\\/\\\/bpk-archive.de\\\/tuellmann\\\/produkt\\\/reservatsbewohner-vor-ihren-huetten-in-serima-ttl-tribal-trust-land-rhodesien-heute-simbabwe\\\/\",\"url\":\"https:\\\/\\\/bpk-archive.de\\\/tuellmann\\\/produkt\\\/reservatsbewohner-vor-ihren-huetten-in-serima-ttl-tribal-trust-land-rhodesien-heute-simbabwe\\\/\",\"name\":\"Reservatsbewohner vor ihren H\u00fctten in Serima TTL (Tribal Trust Land), Rhodesien (heute Simbabwe) - Abisag T\u00fcllmann\",\"isPartOf\":{\"@id\":\"https:\\\/\\\/bpk-archive.de\\\/tuellmann\\\/#website\"},\"primaryImageOfPage\":{\"@id\":\"https:\\\/\\\/bpk-archive.de\\\/tuellmann\\\/produkt\\\/reservatsbewohner-vor-ihren-huetten-in-serima-ttl-tribal-trust-land-rhodesien-heute-simbabwe\\\/#primaryimage\"},\"image\":{\"@id\":\"https:\\\/\\\/bpk-archive.de\\\/tuellmann\\\/produkt\\\/reservatsbewohner-vor-ihren-huetten-in-serima-ttl-tribal-trust-land-rhodesien-heute-simbabwe\\\/#primaryimage\"},\"thumbnailUrl\":\"https:\\\/\\\/bpk-archive.de\\\/tuellmann\\\/wp-content\\\/uploads\\\/2019\\\/08\\\/bpk_70243034.jpg\",\"datePublished\":\"2019-09-05T14:26:16+00:00\",\"dateModified\":\"2019-09-05T14:26:27+00:00\",\"breadcrumb\":{\"@id\":\"https:\\\/\\\/bpk-archive.de\\\/tuellmann\\\/produkt\\\/reservatsbewohner-vor-ihren-huetten-in-serima-ttl-tribal-trust-land-rhodesien-heute-simbabwe\\\/#breadcrumb\"},\"inLanguage\":\"de\",\"potentialAction\":[{\"@type\":\"ReadAction\",\"target\":[\"https:\\\/\\\/bpk-archive.de\\\/tuellmann\\\/produkt\\\/reservatsbewohner-vor-ihren-huetten-in-serima-ttl-tribal-trust-land-rhodesien-heute-simbabwe\\\/\"]}]},{\"@type\":\"ImageObject\",\"inLanguage\":\"de\",\"@id\":\"https:\\\/\\\/bpk-archive.de\\\/tuellmann\\\/produkt\\\/reservatsbewohner-vor-ihren-huetten-in-serima-ttl-tribal-trust-land-rhodesien-heute-simbabwe\\\/#primaryimage\",\"url\":\"https:\\\/\\\/bpk-archive.de\\\/tuellmann\\\/wp-content\\\/uploads\\\/2019\\\/08\\\/bpk_70243034.jpg\",\"contentUrl\":\"https:\\\/\\\/bpk-archive.de\\\/tuellmann\\\/wp-content\\\/uploads\\\/2019\\\/08\\\/bpk_70243034.jpg\",\"width\":1200,\"height\":917,\"caption\":\"Reservatsbewohner vor ihren H\u00fctten in Serima TTL (Tribal Trust Land), Rhodesien (heute Simbabwe)\"},{\"@type\":\"BreadcrumbList\",\"@id\":\"https:\\\/\\\/bpk-archive.de\\\/tuellmann\\\/produkt\\\/reservatsbewohner-vor-ihren-huetten-in-serima-ttl-tribal-trust-land-rhodesien-heute-simbabwe\\\/#breadcrumb\",\"itemListElement\":[{\"@type\":\"ListItem\",\"position\":1,\"name\":\"Startseite\",\"item\":\"https:\\\/\\\/bpk-archive.de\\\/tuellmann\\\/\"},{\"@type\":\"ListItem\",\"position\":2,\"name\":\"Shop\",\"item\":\"https:\\\/\\\/bpk-archive.de\\\/tuellmann\\\/shop\\\/\"},{\"@type\":\"ListItem\",\"position\":3,\"name\":\"Reservatsbewohner vor ihren H\u00fctten in Serima TTL (Tribal Trust Land), Rhodesien (heute Simbabwe)\"}]},{\"@type\":\"WebSite\",\"@id\":\"https:\\\/\\\/bpk-archive.de\\\/tuellmann\\\/#website\",\"url\":\"https:\\\/\\\/bpk-archive.de\\\/tuellmann\\\/\",\"name\":\"Abisag T\u00fcllmann\",\"description\":\"Eine weitere WordPress-Website\",\"potentialAction\":[{\"@type\":\"SearchAction\",\"target\":{\"@type\":\"EntryPoint\",\"urlTemplate\":\"https:\\\/\\\/bpk-archive.de\\\/tuellmann\\\/?s={search_term_string}\"},\"query-input\":{\"@type\":\"PropertyValueSpecification\",\"valueRequired\":true,\"valueName\":\"search_term_string\"}}],\"inLanguage\":\"de\"}]}<\/script>\n<!-- \/ Yoast SEO plugin. -->","yoast_head_json":{"title":"Reservatsbewohner vor ihren H\u00fctten in Serima TTL (Tribal Trust Land), Rhodesien (heute Simbabwe) - Abisag T\u00fcllmann","robots":{"index":"index","follow":"follow","max-snippet":"max-snippet:-1","max-image-preview":"max-image-preview:large","max-video-preview":"max-video-preview:-1"},"canonical":"https:\/\/bpk-archive.de\/tuellmann\/produkt\/reservatsbewohner-vor-ihren-huetten-in-serima-ttl-tribal-trust-land-rhodesien-heute-simbabwe\/","og_locale":"de_DE","og_type":"article","og_title":"Reservatsbewohner vor ihren H\u00fctten in Serima TTL (Tribal Trust Land), Rhodesien (heute Simbabwe) - Abisag T\u00fcllmann","og_description":"R\u00fcckseitenbeschriftung von Hand der Fotografin: &#8222;Rhodesien, Tribal Trust Land&#8220;","og_url":"https:\/\/bpk-archive.de\/tuellmann\/produkt\/reservatsbewohner-vor-ihren-huetten-in-serima-ttl-tribal-trust-land-rhodesien-heute-simbabwe\/","og_site_name":"Abisag T\u00fcllmann","article_modified_time":"2019-09-05T14:26:27+00:00","og_image":[{"width":1200,"height":917,"url":"https:\/\/bpk-archive.de\/tuellmann\/wp-content\/uploads\/2019\/08\/bpk_70243034.jpg","type":"image\/jpeg"}],"twitter_card":"summary_large_image","schema":{"@context":"https:\/\/schema.org","@graph":[{"@type":"WebPage","@id":"https:\/\/bpk-archive.de\/tuellmann\/produkt\/reservatsbewohner-vor-ihren-huetten-in-serima-ttl-tribal-trust-land-rhodesien-heute-simbabwe\/","url":"https:\/\/bpk-archive.de\/tuellmann\/produkt\/reservatsbewohner-vor-ihren-huetten-in-serima-ttl-tribal-trust-land-rhodesien-heute-simbabwe\/","name":"Reservatsbewohner vor ihren H\u00fctten in Serima TTL (Tribal Trust Land), Rhodesien (heute Simbabwe) - Abisag T\u00fcllmann","isPartOf":{"@id":"https:\/\/bpk-archive.de\/tuellmann\/#website"},"primaryImageOfPage":{"@id":"https:\/\/bpk-archive.de\/tuellmann\/produkt\/reservatsbewohner-vor-ihren-huetten-in-serima-ttl-tribal-trust-land-rhodesien-heute-simbabwe\/#primaryimage"},"image":{"@id":"https:\/\/bpk-archive.de\/tuellmann\/produkt\/reservatsbewohner-vor-ihren-huetten-in-serima-ttl-tribal-trust-land-rhodesien-heute-simbabwe\/#primaryimage"},"thumbnailUrl":"https:\/\/bpk-archive.de\/tuellmann\/wp-content\/uploads\/2019\/08\/bpk_70243034.jpg","datePublished":"2019-09-05T14:26:16+00:00","dateModified":"2019-09-05T14:26:27+00:00","breadcrumb":{"@id":"https:\/\/bpk-archive.de\/tuellmann\/produkt\/reservatsbewohner-vor-ihren-huetten-in-serima-ttl-tribal-trust-land-rhodesien-heute-simbabwe\/#breadcrumb"},"inLanguage":"de","potentialAction":[{"@type":"ReadAction","target":["https:\/\/bpk-archive.de\/tuellmann\/produkt\/reservatsbewohner-vor-ihren-huetten-in-serima-ttl-tribal-trust-land-rhodesien-heute-simbabwe\/"]}]},{"@type":"ImageObject","inLanguage":"de","@id":"https:\/\/bpk-archive.de\/tuellmann\/produkt\/reservatsbewohner-vor-ihren-huetten-in-serima-ttl-tribal-trust-land-rhodesien-heute-simbabwe\/#primaryimage","url":"https:\/\/bpk-archive.de\/tuellmann\/wp-content\/uploads\/2019\/08\/bpk_70243034.jpg","contentUrl":"https:\/\/bpk-archive.de\/tuellmann\/wp-content\/uploads\/2019\/08\/bpk_70243034.jpg","width":1200,"height":917,"caption":"Reservatsbewohner vor ihren H\u00fctten in Serima TTL (Tribal Trust Land), Rhodesien (heute Simbabwe)"},{"@type":"BreadcrumbList","@id":"https:\/\/bpk-archive.de\/tuellmann\/produkt\/reservatsbewohner-vor-ihren-huetten-in-serima-ttl-tribal-trust-land-rhodesien-heute-simbabwe\/#breadcrumb","itemListElement":[{"@type":"ListItem","position":1,"name":"Startseite","item":"https:\/\/bpk-archive.de\/tuellmann\/"},{"@type":"ListItem","position":2,"name":"Shop","item":"https:\/\/bpk-archive.de\/tuellmann\/shop\/"},{"@type":"ListItem","position":3,"name":"Reservatsbewohner vor ihren H\u00fctten in Serima TTL (Tribal Trust Land), Rhodesien (heute Simbabwe)"}]},{"@type":"WebSite","@id":"https:\/\/bpk-archive.de\/tuellmann\/#website","url":"https:\/\/bpk-archive.de\/tuellmann\/","name":"Abisag T\u00fcllmann","description":"Eine weitere WordPress-Website","potentialAction":[{"@type":"SearchAction","target":{"@type":"EntryPoint","urlTemplate":"https:\/\/bpk-archive.de\/tuellmann\/?s={search_term_string}"},"query-input":{"@type":"PropertyValueSpecification","valueRequired":true,"valueName":"search_term_string"}}],"inLanguage":"de"}]}},"_links":{"self":[{"href":"https:\/\/bpk-archive.de\/tuellmann\/wp-json\/wp\/v2\/product\/70297451","targetHints":{"allow":["GET"]}}],"collection":[{"href":"https:\/\/bpk-archive.de\/tuellmann\/wp-json\/wp\/v2\/product"}],"about":[{"href":"https:\/\/bpk-archive.de\/tuellmann\/wp-json\/wp\/v2\/types\/product"}],"wp:featuredmedia":[{"embeddable":true,"href":"https:\/\/bpk-archive.de\/tuellmann\/wp-json\/wp\/v2\/media\/70292427"}],"wp:attachment":[{"href":"https:\/\/bpk-archive.de\/tuellmann\/wp-json\/wp\/v2\/media?parent=70297451"}],"wp:term":[{"taxonomy":"product_brand","embeddable":true,"href":"https:\/\/bpk-archive.de\/tuellmann\/wp-json\/wp\/v2\/product_brand?post=70297451"},{"taxonomy":"product_cat","embeddable":true,"href":"https:\/\/bpk-archive.de\/tuellmann\/wp-json\/wp\/v2\/product_cat?post=70297451"},{"taxonomy":"product_tag","embeddable":true,"href":"https:\/\/bpk-archive.de\/tuellmann\/wp-json\/wp\/v2\/product_tag?post=70297451"}],"curies":[{"name":"wp","href":"https:\/\/api.w.org\/{rel}","templated":true}]}}