{"id":70297443,"date":"2019-09-05T16:26:16","date_gmt":"2019-09-05T14:26:16","guid":{"rendered":"http:\/\/abisagtuellmann.bpk-news.de\/atbild\/in-einer-schule-in-gwembe-valley-sambia\/"},"modified":"2020-08-11T17:00:47","modified_gmt":"2020-08-11T15:00:47","slug":"in-einer-schule-in-gwembe-valley-sambia","status":"publish","type":"product","link":"https:\/\/bpk-archive.de\/tuellmann\/produkt\/in-einer-schule-in-gwembe-valley-sambia\/","title":{"rendered":"In einer Schule in Gwembe Valley, Sambia"},"content":{"rendered":"<p>Drei an einem Pult stehende Sch\u00fcler von hinten. Die Hose des einen ist zerrissen R\u00fcckseitenbeschriftung von Hand der Fotografin: &#8222;Zambia, in einer Schule in Gwembe Valley&#8220;<\/p>\n","protected":false},"excerpt":{"rendered":"<p>Drei an einem Pult stehende Sch\u00fcler von hinten. Die Hose des einen ist zerrissen R\u00fcckseitenbeschriftung von Hand der Fotografin: &#8222;Zambia, in einer Schule in Gwembe Valley&#8220;<\/p>\n","protected":false},"featured_media":70292422,"template":"","meta":[],"product_brand":[],"product_cat":[73369],"product_tag":[13230,13232,13234,13231,13233,13235,62361,13777,13236,13237,13238,13239,13240,13241,13242,13243,13244,13245,14316,60555,49596,49597,49598,49599,49600,49601,49602,13784,13785,50141,14178,14179,49469,49470,49471,13253,13254,13255,13256,13257,68695,13473,13261,52424,52426,13268,13269,13270,13271,13293,13786,13787,13294,13295,13296,13297,49481,62575,62576,14195,14196,14197,14198,14199,14200,68419,68420,13498,13813,13814,14203,14204,14205,14206,14207,50250,14208,14209,14210,14211,14212,14213,14214,14215,14216,14217,14218,14219,52297,52298,14220,14221,52025,47814,47815,50119,47311,47312,68696,68697,68698,68699,68700,13310,13311,49484,54028,13328,13827,13828,13329,13330,13331,13332,13829,13830,13831,13832,13833,13834,13835,13836,13837,13838,13839,13840,13841,13842,13843,47594,47595,13877,13879,13333,13334,13335,13336,13337,13338,13339,13340,13341,13342,62156,50163,50164,54158,13346,13347,53860,53861,55073,55074,13865,13864,13866,13351,13352,13353,13858,13859,13860,13861,13862,13863,13354,13869,13870,13871,13872,13519,13520,13521,13522,13523,13524,13363,13364,13365,13366,13367,13368,13369,13878,13880,52832,52834,52835,47615,13525,62377],"class_list":{"0":"post-70297443","1":"product","2":"type-product","3":"status-publish","4":"has-post-thumbnail","6":"product_cat-sambia","7":"product_tag-1970er-jahre","8":"product_tag-20-jahrhundert-nach-chr","9":"product_tag-20-jh-n-chr","10":"product_tag-20-jahrhundert","11":"product_tag-20-jh","12":"product_tag-70er","13":"product_tag-abt_011","14":"product_tag-abzug","15":"product_tag-afrika","16":"product_tag-afrikaner","17":"product_tag-afrikanerin","18":"product_tag-afrikanerinnen","19":"product_tag-afrikanisch","20":"product_tag-afrikanische","21":"product_tag-afrikanischen","22":"product_tag-afrikanischer","23":"product_tag-afrikanisches","24":"product_tag-afrikas","25":"product_tag-armut","26":"product_tag-at_sambia","27":"product_tag-barfuss","28":"product_tag-barfuessig","29":"product_tag-barfuessige","30":"product_tag-barfuessigen","31":"product_tag-barfuessiger","32":"product_tag-barfuessiges","33":"product_tag-barfuessigkeit","34":"product_tag-bildnis","35":"product_tag-bildnisse","36":"product_tag-bildung","37":"product_tag-bube","38":"product_tag-buben","39":"product_tag-close-up","40":"product_tag-detail","41":"product_tag-details","42":"product_tag-deutsch","43":"product_tag-deutsche","44":"product_tag-deutschen","45":"product_tag-deutscher","46":"product_tag-deutsches","47":"product_tag-dorfarmut","48":"product_tag-drinnen","49":"product_tag-dunkelhaeutiger","50":"product_tag-erziehen","51":"product_tag-erziehung","52":"product_tag-farbige","53":"product_tag-farbigen","54":"product_tag-farbiger","55":"product_tag-farbiges","56":"product_tag-foto","57":"product_tag-fotoabzug","58":"product_tag-fotoabzuege","59":"product_tag-fotografie","60":"product_tag-fotografien","61":"product_tag-fotografin","62":"product_tag-fotografinnen","63":"product_tag-grossaufnahme","64":"product_tag-grundschule","65":"product_tag-grundschulen","66":"product_tag-gruppenbild","67":"product_tag-gruppenbilder","68":"product_tag-gruppenportrait","69":"product_tag-gruppenportraits","70":"product_tag-gruppenportraet","71":"product_tag-gruppenportraets","72":"product_tag-hose","73":"product_tag-hosen","74":"product_tag-innen","75":"product_tag-junge","76":"product_tag-jungen","77":"product_tag-jungens","78":"product_tag-jungs","79":"product_tag-kind","80":"product_tag-kinde","81":"product_tag-kinder","82":"product_tag-kinderarmut","83":"product_tag-kinderbild","84":"product_tag-kinderbildnis","85":"product_tag-kinderbildnisse","86":"product_tag-kindergruppe","87":"product_tag-kindergruppen","88":"product_tag-kindern","89":"product_tag-kinderportrait","90":"product_tag-kinderportraits","91":"product_tag-kinderportraet","92":"product_tag-kinderportraets","93":"product_tag-kindes","94":"product_tag-kindheit","95":"product_tag-klassenraum","96":"product_tag-klassenzimmer","97":"product_tag-knabe","98":"product_tag-knaben","99":"product_tag-landbevoelkerung","100":"product_tag-landleben","101":"product_tag-landlebens","102":"product_tag-lernen","103":"product_tag-loch","104":"product_tag-loecher","105":"product_tag-loechrig","106":"product_tag-loechrige","107":"product_tag-loechrigen","108":"product_tag-loechriger","109":"product_tag-loechriges","110":"product_tag-maedchen","111":"product_tag-maedchens","112":"product_tag-nahaufnahme","113":"product_tag-paedagogik","114":"product_tag-photo","115":"product_tag-photoabzug","116":"product_tag-photoabzuege","117":"product_tag-photographie","118":"product_tag-photographien","119":"product_tag-photographin","120":"product_tag-photographinnen","121":"product_tag-portrait","122":"product_tag-portraitaufnahme","123":"product_tag-portraitfoto","124":"product_tag-portraitfotografie","125":"product_tag-portraitphoto","126":"product_tag-portraitphotographie","127":"product_tag-portraits","128":"product_tag-portraet","129":"product_tag-portraetaufnahme","130":"product_tag-portraetfoto","131":"product_tag-portraetfotografie","132":"product_tag-portraetphoto","133":"product_tag-portraetphotographie","134":"product_tag-portraets","135":"product_tag-print","136":"product_tag-rueckansicht","137":"product_tag-rueckseite","138":"product_tag-s-w-fotografie","139":"product_tag-s-w-photographie","140":"product_tag-sambia","141":"product_tag-sambias","142":"product_tag-sambier","143":"product_tag-sambierin","144":"product_tag-sambierinnen","145":"product_tag-sambisch","146":"product_tag-sambische","147":"product_tag-sambischem","148":"product_tag-sambischen","149":"product_tag-sambischer","150":"product_tag-schulbildung","151":"product_tag-schule","152":"product_tag-schulen","153":"product_tag-schueler","154":"product_tag-schuelerin","155":"product_tag-schuelerinnen","156":"product_tag-schulkind","157":"product_tag-schulkinder","158":"product_tag-schulklasse","159":"product_tag-schulklassen","160":"product_tag-schwarzweissphotographie","161":"product_tag-schwarz-weiss-fotografie","162":"product_tag-schwarz-weiss-photographie","163":"product_tag-schwarze","164":"product_tag-schwarzen","165":"product_tag-schwarzer","166":"product_tag-schwarzweiss","167":"product_tag-schwarzweisse","168":"product_tag-schwarzweissen","169":"product_tag-schwarzweisser","170":"product_tag-schwarzweisses","171":"product_tag-schwarzweissfotografie","172":"product_tag-siebziger","173":"product_tag-silbergelatine","174":"product_tag-silbergelatineabzug","175":"product_tag-silbergelatineabzuege","176":"product_tag-silbergelatineprint","177":"product_tag-stehen","178":"product_tag-stehend","179":"product_tag-stehende","180":"product_tag-stehenden","181":"product_tag-stehender","182":"product_tag-stehendes","183":"product_tag-suedafrika","184":"product_tag-suedafrikanisch","185":"product_tag-suedafrikanische","186":"product_tag-suedafrikanischen","187":"product_tag-suedafrikanischer","188":"product_tag-suedafrikanisches","189":"product_tag-suedafrikas","190":"product_tag-sw-fotografie","191":"product_tag-sw-photographie","192":"product_tag-unterricht","193":"product_tag-unterrichtes","194":"product_tag-unterrichts","195":"product_tag-von-hinten","196":"product_tag-von-innen","197":"product_tag-zambia","198":"pa_datierung-november-1974","199":"pa_fotograf-abisag-tuellmann","200":"pa_geografischer_bezug-aufnahmeort-gwembe-valley-sambia","201":"pa_grunddaten_material_technik-foto-silbergelatine-auf-barytpapier","202":"pa_inventarnummer-tue-74-301-34a","203":"pa_jahr_von-51802","204":"pa_massangaben-bildformat-foto-238-x-298-cm","205":"pa_mediennummer-68693","206":"pa_objekt_typ-fotografie","208":"first","209":"instock","210":"product-type-simple"},"yoast_head":"<!-- This site is optimized with the Yoast SEO plugin v27.4 - https:\/\/yoast.com\/product\/yoast-seo-wordpress\/ -->\n<title>In einer Schule in Gwembe Valley, Sambia - Abisag T\u00fcllmann<\/title>\n<meta name=\"robots\" content=\"index, follow, max-snippet:-1, max-image-preview:large, max-video-preview:-1\" \/>\n<link rel=\"canonical\" href=\"https:\/\/bpk-archive.de\/tuellmann\/produkt\/in-einer-schule-in-gwembe-valley-sambia\/\" \/>\n<meta property=\"og:locale\" content=\"de_DE\" \/>\n<meta property=\"og:type\" content=\"article\" \/>\n<meta property=\"og:title\" content=\"In einer Schule in Gwembe Valley, Sambia - Abisag T\u00fcllmann\" \/>\n<meta property=\"og:description\" content=\"Drei an einem Pult stehende Sch\u00fcler von hinten. Die Hose des einen ist zerrissen R\u00fcckseitenbeschriftung von Hand der Fotografin: &#8222;Zambia, in einer Schule in Gwembe Valley&#8220;\" \/>\n<meta property=\"og:url\" content=\"https:\/\/bpk-archive.de\/tuellmann\/produkt\/in-einer-schule-in-gwembe-valley-sambia\/\" \/>\n<meta property=\"og:site_name\" content=\"Abisag T\u00fcllmann\" \/>\n<meta property=\"article:modified_time\" content=\"2020-08-11T15:00:47+00:00\" \/>\n<meta property=\"og:image\" content=\"https:\/\/bpk-archive.de\/tuellmann\/wp-content\/uploads\/2019\/08\/bpk_70243087.jpg\" \/>\n\t<meta property=\"og:image:width\" content=\"1200\" \/>\n\t<meta property=\"og:image:height\" content=\"964\" \/>\n\t<meta property=\"og:image:type\" content=\"image\/jpeg\" \/>\n<meta name=\"twitter:card\" content=\"summary_large_image\" \/>\n<script type=\"application\/ld+json\" class=\"yoast-schema-graph\">{\"@context\":\"https:\\\/\\\/schema.org\",\"@graph\":[{\"@type\":\"WebPage\",\"@id\":\"https:\\\/\\\/bpk-archive.de\\\/tuellmann\\\/produkt\\\/in-einer-schule-in-gwembe-valley-sambia\\\/\",\"url\":\"https:\\\/\\\/bpk-archive.de\\\/tuellmann\\\/produkt\\\/in-einer-schule-in-gwembe-valley-sambia\\\/\",\"name\":\"In einer Schule in Gwembe Valley, Sambia - Abisag T\u00fcllmann\",\"isPartOf\":{\"@id\":\"https:\\\/\\\/bpk-archive.de\\\/tuellmann\\\/#website\"},\"primaryImageOfPage\":{\"@id\":\"https:\\\/\\\/bpk-archive.de\\\/tuellmann\\\/produkt\\\/in-einer-schule-in-gwembe-valley-sambia\\\/#primaryimage\"},\"image\":{\"@id\":\"https:\\\/\\\/bpk-archive.de\\\/tuellmann\\\/produkt\\\/in-einer-schule-in-gwembe-valley-sambia\\\/#primaryimage\"},\"thumbnailUrl\":\"https:\\\/\\\/bpk-archive.de\\\/tuellmann\\\/wp-content\\\/uploads\\\/2019\\\/08\\\/bpk_70243087.jpg\",\"datePublished\":\"2019-09-05T14:26:16+00:00\",\"dateModified\":\"2020-08-11T15:00:47+00:00\",\"breadcrumb\":{\"@id\":\"https:\\\/\\\/bpk-archive.de\\\/tuellmann\\\/produkt\\\/in-einer-schule-in-gwembe-valley-sambia\\\/#breadcrumb\"},\"inLanguage\":\"de\",\"potentialAction\":[{\"@type\":\"ReadAction\",\"target\":[\"https:\\\/\\\/bpk-archive.de\\\/tuellmann\\\/produkt\\\/in-einer-schule-in-gwembe-valley-sambia\\\/\"]}]},{\"@type\":\"ImageObject\",\"inLanguage\":\"de\",\"@id\":\"https:\\\/\\\/bpk-archive.de\\\/tuellmann\\\/produkt\\\/in-einer-schule-in-gwembe-valley-sambia\\\/#primaryimage\",\"url\":\"https:\\\/\\\/bpk-archive.de\\\/tuellmann\\\/wp-content\\\/uploads\\\/2019\\\/08\\\/bpk_70243087.jpg\",\"contentUrl\":\"https:\\\/\\\/bpk-archive.de\\\/tuellmann\\\/wp-content\\\/uploads\\\/2019\\\/08\\\/bpk_70243087.jpg\",\"width\":1200,\"height\":964,\"caption\":\"In einer Schule in Gwembe Valley, Sambia\"},{\"@type\":\"BreadcrumbList\",\"@id\":\"https:\\\/\\\/bpk-archive.de\\\/tuellmann\\\/produkt\\\/in-einer-schule-in-gwembe-valley-sambia\\\/#breadcrumb\",\"itemListElement\":[{\"@type\":\"ListItem\",\"position\":1,\"name\":\"Startseite\",\"item\":\"https:\\\/\\\/bpk-archive.de\\\/tuellmann\\\/\"},{\"@type\":\"ListItem\",\"position\":2,\"name\":\"Shop\",\"item\":\"https:\\\/\\\/bpk-archive.de\\\/tuellmann\\\/shop\\\/\"},{\"@type\":\"ListItem\",\"position\":3,\"name\":\"In einer Schule in Gwembe Valley, Sambia\"}]},{\"@type\":\"WebSite\",\"@id\":\"https:\\\/\\\/bpk-archive.de\\\/tuellmann\\\/#website\",\"url\":\"https:\\\/\\\/bpk-archive.de\\\/tuellmann\\\/\",\"name\":\"Abisag T\u00fcllmann\",\"description\":\"Eine weitere WordPress-Website\",\"potentialAction\":[{\"@type\":\"SearchAction\",\"target\":{\"@type\":\"EntryPoint\",\"urlTemplate\":\"https:\\\/\\\/bpk-archive.de\\\/tuellmann\\\/?s={search_term_string}\"},\"query-input\":{\"@type\":\"PropertyValueSpecification\",\"valueRequired\":true,\"valueName\":\"search_term_string\"}}],\"inLanguage\":\"de\"}]}<\/script>\n<!-- \/ Yoast SEO plugin. -->","yoast_head_json":{"title":"In einer Schule in Gwembe Valley, Sambia - Abisag T\u00fcllmann","robots":{"index":"index","follow":"follow","max-snippet":"max-snippet:-1","max-image-preview":"max-image-preview:large","max-video-preview":"max-video-preview:-1"},"canonical":"https:\/\/bpk-archive.de\/tuellmann\/produkt\/in-einer-schule-in-gwembe-valley-sambia\/","og_locale":"de_DE","og_type":"article","og_title":"In einer Schule in Gwembe Valley, Sambia - Abisag T\u00fcllmann","og_description":"Drei an einem Pult stehende Sch\u00fcler von hinten. Die Hose des einen ist zerrissen R\u00fcckseitenbeschriftung von Hand der Fotografin: &#8222;Zambia, in einer Schule in Gwembe Valley&#8220;","og_url":"https:\/\/bpk-archive.de\/tuellmann\/produkt\/in-einer-schule-in-gwembe-valley-sambia\/","og_site_name":"Abisag T\u00fcllmann","article_modified_time":"2020-08-11T15:00:47+00:00","og_image":[{"width":1200,"height":964,"url":"https:\/\/bpk-archive.de\/tuellmann\/wp-content\/uploads\/2019\/08\/bpk_70243087.jpg","type":"image\/jpeg"}],"twitter_card":"summary_large_image","schema":{"@context":"https:\/\/schema.org","@graph":[{"@type":"WebPage","@id":"https:\/\/bpk-archive.de\/tuellmann\/produkt\/in-einer-schule-in-gwembe-valley-sambia\/","url":"https:\/\/bpk-archive.de\/tuellmann\/produkt\/in-einer-schule-in-gwembe-valley-sambia\/","name":"In einer Schule in Gwembe Valley, Sambia - Abisag T\u00fcllmann","isPartOf":{"@id":"https:\/\/bpk-archive.de\/tuellmann\/#website"},"primaryImageOfPage":{"@id":"https:\/\/bpk-archive.de\/tuellmann\/produkt\/in-einer-schule-in-gwembe-valley-sambia\/#primaryimage"},"image":{"@id":"https:\/\/bpk-archive.de\/tuellmann\/produkt\/in-einer-schule-in-gwembe-valley-sambia\/#primaryimage"},"thumbnailUrl":"https:\/\/bpk-archive.de\/tuellmann\/wp-content\/uploads\/2019\/08\/bpk_70243087.jpg","datePublished":"2019-09-05T14:26:16+00:00","dateModified":"2020-08-11T15:00:47+00:00","breadcrumb":{"@id":"https:\/\/bpk-archive.de\/tuellmann\/produkt\/in-einer-schule-in-gwembe-valley-sambia\/#breadcrumb"},"inLanguage":"de","potentialAction":[{"@type":"ReadAction","target":["https:\/\/bpk-archive.de\/tuellmann\/produkt\/in-einer-schule-in-gwembe-valley-sambia\/"]}]},{"@type":"ImageObject","inLanguage":"de","@id":"https:\/\/bpk-archive.de\/tuellmann\/produkt\/in-einer-schule-in-gwembe-valley-sambia\/#primaryimage","url":"https:\/\/bpk-archive.de\/tuellmann\/wp-content\/uploads\/2019\/08\/bpk_70243087.jpg","contentUrl":"https:\/\/bpk-archive.de\/tuellmann\/wp-content\/uploads\/2019\/08\/bpk_70243087.jpg","width":1200,"height":964,"caption":"In einer Schule in Gwembe Valley, Sambia"},{"@type":"BreadcrumbList","@id":"https:\/\/bpk-archive.de\/tuellmann\/produkt\/in-einer-schule-in-gwembe-valley-sambia\/#breadcrumb","itemListElement":[{"@type":"ListItem","position":1,"name":"Startseite","item":"https:\/\/bpk-archive.de\/tuellmann\/"},{"@type":"ListItem","position":2,"name":"Shop","item":"https:\/\/bpk-archive.de\/tuellmann\/shop\/"},{"@type":"ListItem","position":3,"name":"In einer Schule in Gwembe Valley, Sambia"}]},{"@type":"WebSite","@id":"https:\/\/bpk-archive.de\/tuellmann\/#website","url":"https:\/\/bpk-archive.de\/tuellmann\/","name":"Abisag T\u00fcllmann","description":"Eine weitere WordPress-Website","potentialAction":[{"@type":"SearchAction","target":{"@type":"EntryPoint","urlTemplate":"https:\/\/bpk-archive.de\/tuellmann\/?s={search_term_string}"},"query-input":{"@type":"PropertyValueSpecification","valueRequired":true,"valueName":"search_term_string"}}],"inLanguage":"de"}]}},"_links":{"self":[{"href":"https:\/\/bpk-archive.de\/tuellmann\/wp-json\/wp\/v2\/product\/70297443","targetHints":{"allow":["GET"]}}],"collection":[{"href":"https:\/\/bpk-archive.de\/tuellmann\/wp-json\/wp\/v2\/product"}],"about":[{"href":"https:\/\/bpk-archive.de\/tuellmann\/wp-json\/wp\/v2\/types\/product"}],"wp:featuredmedia":[{"embeddable":true,"href":"https:\/\/bpk-archive.de\/tuellmann\/wp-json\/wp\/v2\/media\/70292422"}],"wp:attachment":[{"href":"https:\/\/bpk-archive.de\/tuellmann\/wp-json\/wp\/v2\/media?parent=70297443"}],"wp:term":[{"taxonomy":"product_brand","embeddable":true,"href":"https:\/\/bpk-archive.de\/tuellmann\/wp-json\/wp\/v2\/product_brand?post=70297443"},{"taxonomy":"product_cat","embeddable":true,"href":"https:\/\/bpk-archive.de\/tuellmann\/wp-json\/wp\/v2\/product_cat?post=70297443"},{"taxonomy":"product_tag","embeddable":true,"href":"https:\/\/bpk-archive.de\/tuellmann\/wp-json\/wp\/v2\/product_tag?post=70297443"}],"curies":[{"name":"wp","href":"https:\/\/api.w.org\/{rel}","templated":true}]}}