{"id":70297439,"date":"2019-09-05T16:26:16","date_gmt":"2019-09-05T14:26:16","guid":{"rendered":"http:\/\/abisagtuellmann.bpk-news.de\/atbild\/auf-der-erde-liegender-mann-vor-einer-huette-aus-lehm\/"},"modified":"2020-08-11T17:00:43","modified_gmt":"2020-08-11T15:00:43","slug":"auf-der-erde-liegender-mann-vor-einer-huette-aus-lehm","status":"publish","type":"product","link":"https:\/\/bpk-archive.de\/tuellmann\/produkt\/auf-der-erde-liegender-mann-vor-einer-huette-aus-lehm\/","title":{"rendered":"Auf der Erde liegender Mann vor einer H\u00fctte aus Lehm"},"content":{"rendered":"<p>R\u00fcckseitenbeschriftung von Hand der Fotografin: &#8222;Sambia: das Haus wurde aus Lehm, der in einer alten Blechb\u00fcchse gepresst wurde, gebaut&#8220;<\/p>\n","protected":false},"excerpt":{"rendered":"<p>R\u00fcckseitenbeschriftung von Hand der Fotografin: &#8222;Sambia: das Haus wurde aus Lehm, der in einer alten Blechb\u00fcchse gepresst wurde, gebaut&#8220;<\/p>\n","protected":false},"featured_media":70292407,"template":"","meta":[],"product_brand":[],"product_cat":[73369],"product_tag":[13230,13232,13234,13231,13233,13235,62361,13777,13236,13237,13240,13241,13242,13243,13244,13245,47418,47419,47420,47421,47422,47423,47424,60555,54903,54904,54905,54906,54907,54908,13250,51437,54203,51936,51438,51937,51938,51940,51941,47365,47366,47367,47679,13253,13254,13255,13256,13257,50851,50852,50853,50854,51485,51486,51487,51488,51489,13260,13261,48812,48813,48814,48815,48816,56958,13268,13269,13270,13271,56959,56960,56961,13293,13786,13787,13294,13295,13296,13297,47377,47383,56962,47384,47385,47386,14201,14202,13301,56963,56964,47814,47815,56965,56966,56967,56968,56969,47440,47441,47442,47443,47444,47445,47446,13818,13819,13826,48831,48832,48833,48834,48835,14229,56970,56971,50374,50375,13328,13827,13828,13329,13330,13331,13332,13843,53007,54913,53009,13877,13879,13333,13334,13335,13338,13339,13340,13341,13342,48111,48112,13865,13864,13866,13351,13352,13353,13858,13859,13860,13861,13862,13863,13354,13869,13870,13871,13872,56972,56973,56974,56975,13363,13364,13365,13366,13367,13368,13369,13878,13880,56976,56977,14250,14251,62377],"class_list":{"0":"post-70297439","1":"product","2":"type-product","3":"status-publish","4":"has-post-thumbnail","6":"product_cat-sambia","7":"product_tag-1970er-jahre","8":"product_tag-20-jahrhundert-nach-chr","9":"product_tag-20-jh-n-chr","10":"product_tag-20-jahrhundert","11":"product_tag-20-jh","12":"product_tag-70er","13":"product_tag-abt_011","14":"product_tag-abzug","15":"product_tag-afrika","16":"product_tag-afrikaner","17":"product_tag-afrikanisch","18":"product_tag-afrikanische","19":"product_tag-afrikanischen","20":"product_tag-afrikanischer","21":"product_tag-afrikanisches","22":"product_tag-afrikas","23":"product_tag-alt","24":"product_tag-alte","25":"product_tag-alten","26":"product_tag-alter","27":"product_tag-aeltere","28":"product_tag-aelterer","29":"product_tag-altes","30":"product_tag-at_sambia","31":"product_tag-ausruhen","32":"product_tag-ausruhend","33":"product_tag-ausruhende","34":"product_tag-ausruhenden","35":"product_tag-ausruhender","36":"product_tag-ausruhendes","37":"product_tag-aussen","38":"product_tag-bauarbeiten","39":"product_tag-bauen","40":"product_tag-baugeschehen","41":"product_tag-baumassnahmen","42":"product_tag-bauplatz","43":"product_tag-bauplaetze","44":"product_tag-baustelle","45":"product_tag-baustellen","46":"product_tag-bauten","47":"product_tag-bauwerk","48":"product_tag-bauwerke","49":"product_tag-behausung","50":"product_tag-deutsch","51":"product_tag-deutsche","52":"product_tag-deutschen","53":"product_tag-deutscher","54":"product_tag-deutsches","55":"product_tag-dorf","56":"product_tag-dorfe","57":"product_tag-doerfer","58":"product_tag-dorfes","59":"product_tag-doerflich","60":"product_tag-doerfliche","61":"product_tag-doerflichen","62":"product_tag-doerflicher","63":"product_tag-doerfliches","64":"product_tag-draussen","65":"product_tag-dunkelhaeutiger","66":"product_tag-erschoepft","67":"product_tag-erschoepfte","68":"product_tag-erschoepften","69":"product_tag-erschoepfter","70":"product_tag-erschoepftes","71":"product_tag-erschoepfung","72":"product_tag-farbige","73":"product_tag-farbigen","74":"product_tag-farbiger","75":"product_tag-farbiges","76":"product_tag-fass","77":"product_tag-faesser","78":"product_tag-faessern","79":"product_tag-foto","80":"product_tag-fotoabzug","81":"product_tag-fotoabzuege","82":"product_tag-fotografie","83":"product_tag-fotografien","84":"product_tag-fotografin","85":"product_tag-fotografinnen","86":"product_tag-gebaeude","87":"product_tag-haus","88":"product_tag-hausbau","89":"product_tag-haeuser","90":"product_tag-haeusern","91":"product_tag-hauses","92":"product_tag-huette","93":"product_tag-huetten","94":"product_tag-im-freien","95":"product_tag-land","96":"product_tag-landes","97":"product_tag-landleben","98":"product_tag-landlebens","99":"product_tag-laendlich","100":"product_tag-laendliche","101":"product_tag-laendlichen","102":"product_tag-laendlicher","103":"product_tag-laendliches","104":"product_tag-liegen","105":"product_tag-liegend","106":"product_tag-liegende","107":"product_tag-liegendem","108":"product_tag-liegenden","109":"product_tag-liegender","110":"product_tag-liegendes","111":"product_tag-mann","112":"product_tag-maenner","113":"product_tag-mannes","114":"product_tag-muede","115":"product_tag-mueden","116":"product_tag-mueder","117":"product_tag-muedes","118":"product_tag-muedigkeit","119":"product_tag-obdach","120":"product_tag-oelfass","121":"product_tag-oelfaesser","122":"product_tag-pause","123":"product_tag-pausen","124":"product_tag-photo","125":"product_tag-photoabzug","126":"product_tag-photoabzuege","127":"product_tag-photographie","128":"product_tag-photographien","129":"product_tag-photographin","130":"product_tag-photographinnen","131":"product_tag-print","132":"product_tag-rast","133":"product_tag-rasten","134":"product_tag-ruhepause","135":"product_tag-s-w-fotografie","136":"product_tag-s-w-photographie","137":"product_tag-sambia","138":"product_tag-sambias","139":"product_tag-sambier","140":"product_tag-sambisch","141":"product_tag-sambische","142":"product_tag-sambischem","143":"product_tag-sambischen","144":"product_tag-sambischer","145":"product_tag-schatten","146":"product_tag-schattens","147":"product_tag-schwarzweissphotographie","148":"product_tag-schwarz-weiss-fotografie","149":"product_tag-schwarz-weiss-photographie","150":"product_tag-schwarze","151":"product_tag-schwarzen","152":"product_tag-schwarzer","153":"product_tag-schwarzweiss","154":"product_tag-schwarzweisse","155":"product_tag-schwarzweissen","156":"product_tag-schwarzweisser","157":"product_tag-schwarzweisses","158":"product_tag-schwarzweissfotografie","159":"product_tag-siebziger","160":"product_tag-silbergelatine","161":"product_tag-silbergelatineabzug","162":"product_tag-silbergelatineabzuege","163":"product_tag-silbergelatineprint","164":"product_tag-stroh","165":"product_tag-strohballen","166":"product_tag-strohbuendel","167":"product_tag-strohhuette","168":"product_tag-suedafrika","169":"product_tag-suedafrikanisch","170":"product_tag-suedafrikanische","171":"product_tag-suedafrikanischen","172":"product_tag-suedafrikanischer","173":"product_tag-suedafrikanisches","174":"product_tag-suedafrikas","175":"product_tag-sw-fotografie","176":"product_tag-sw-photographie","177":"product_tag-tonne","178":"product_tag-tonnen","179":"product_tag-unterkunft","180":"product_tag-unterkuenfte","181":"product_tag-zambia","182":"pa_datierung-november-1974","183":"pa_fotograf-abisag-tuellmann","184":"pa_geografischer_bezug-aufnahmeort-magoye-sambia","185":"pa_grunddaten_material_technik-foto-silbergelatine-auf-barytpapier","186":"pa_inventarnummer-tue-74-287-14","187":"pa_jahr_von-51802","188":"pa_massangaben-bildformat-foto-237-x-298-cm","189":"pa_mediennummer-68683","190":"pa_objekt_typ-fotografie","192":"first","193":"instock","194":"product-type-simple"},"yoast_head":"<!-- This site is optimized with the Yoast SEO plugin v27.3 - https:\/\/yoast.com\/product\/yoast-seo-wordpress\/ -->\n<title>Auf der Erde liegender Mann vor einer H\u00fctte aus Lehm - Abisag T\u00fcllmann<\/title>\n<meta name=\"robots\" content=\"index, follow, max-snippet:-1, max-image-preview:large, max-video-preview:-1\" \/>\n<link rel=\"canonical\" href=\"https:\/\/bpk-archive.de\/tuellmann\/produkt\/auf-der-erde-liegender-mann-vor-einer-huette-aus-lehm\/\" \/>\n<meta property=\"og:locale\" content=\"de_DE\" \/>\n<meta property=\"og:type\" content=\"article\" \/>\n<meta property=\"og:title\" content=\"Auf der Erde liegender Mann vor einer H\u00fctte aus Lehm - Abisag T\u00fcllmann\" \/>\n<meta property=\"og:description\" content=\"R\u00fcckseitenbeschriftung von Hand der Fotografin: &#8222;Sambia: das Haus wurde aus Lehm, der in einer alten Blechb\u00fcchse gepresst wurde, gebaut&#8220;\" \/>\n<meta property=\"og:url\" content=\"https:\/\/bpk-archive.de\/tuellmann\/produkt\/auf-der-erde-liegender-mann-vor-einer-huette-aus-lehm\/\" \/>\n<meta property=\"og:site_name\" content=\"Abisag T\u00fcllmann\" \/>\n<meta property=\"article:modified_time\" content=\"2020-08-11T15:00:43+00:00\" \/>\n<meta property=\"og:image\" content=\"https:\/\/bpk-archive.de\/tuellmann\/wp-content\/uploads\/2019\/08\/bpk_70243082.jpg\" \/>\n\t<meta property=\"og:image:width\" content=\"1200\" \/>\n\t<meta property=\"og:image:height\" content=\"963\" \/>\n\t<meta property=\"og:image:type\" content=\"image\/jpeg\" \/>\n<meta name=\"twitter:card\" content=\"summary_large_image\" \/>\n<script type=\"application\/ld+json\" class=\"yoast-schema-graph\">{\"@context\":\"https:\\\/\\\/schema.org\",\"@graph\":[{\"@type\":\"WebPage\",\"@id\":\"https:\\\/\\\/bpk-archive.de\\\/tuellmann\\\/produkt\\\/auf-der-erde-liegender-mann-vor-einer-huette-aus-lehm\\\/\",\"url\":\"https:\\\/\\\/bpk-archive.de\\\/tuellmann\\\/produkt\\\/auf-der-erde-liegender-mann-vor-einer-huette-aus-lehm\\\/\",\"name\":\"Auf der Erde liegender Mann vor einer H\u00fctte aus Lehm - Abisag T\u00fcllmann\",\"isPartOf\":{\"@id\":\"https:\\\/\\\/bpk-archive.de\\\/tuellmann\\\/#website\"},\"primaryImageOfPage\":{\"@id\":\"https:\\\/\\\/bpk-archive.de\\\/tuellmann\\\/produkt\\\/auf-der-erde-liegender-mann-vor-einer-huette-aus-lehm\\\/#primaryimage\"},\"image\":{\"@id\":\"https:\\\/\\\/bpk-archive.de\\\/tuellmann\\\/produkt\\\/auf-der-erde-liegender-mann-vor-einer-huette-aus-lehm\\\/#primaryimage\"},\"thumbnailUrl\":\"https:\\\/\\\/bpk-archive.de\\\/tuellmann\\\/wp-content\\\/uploads\\\/2019\\\/08\\\/bpk_70243082.jpg\",\"datePublished\":\"2019-09-05T14:26:16+00:00\",\"dateModified\":\"2020-08-11T15:00:43+00:00\",\"breadcrumb\":{\"@id\":\"https:\\\/\\\/bpk-archive.de\\\/tuellmann\\\/produkt\\\/auf-der-erde-liegender-mann-vor-einer-huette-aus-lehm\\\/#breadcrumb\"},\"inLanguage\":\"de\",\"potentialAction\":[{\"@type\":\"ReadAction\",\"target\":[\"https:\\\/\\\/bpk-archive.de\\\/tuellmann\\\/produkt\\\/auf-der-erde-liegender-mann-vor-einer-huette-aus-lehm\\\/\"]}]},{\"@type\":\"ImageObject\",\"inLanguage\":\"de\",\"@id\":\"https:\\\/\\\/bpk-archive.de\\\/tuellmann\\\/produkt\\\/auf-der-erde-liegender-mann-vor-einer-huette-aus-lehm\\\/#primaryimage\",\"url\":\"https:\\\/\\\/bpk-archive.de\\\/tuellmann\\\/wp-content\\\/uploads\\\/2019\\\/08\\\/bpk_70243082.jpg\",\"contentUrl\":\"https:\\\/\\\/bpk-archive.de\\\/tuellmann\\\/wp-content\\\/uploads\\\/2019\\\/08\\\/bpk_70243082.jpg\",\"width\":1200,\"height\":963,\"caption\":\"Auf der Erde liegender Mann vor einer H\u00fctte aus Lehm\"},{\"@type\":\"BreadcrumbList\",\"@id\":\"https:\\\/\\\/bpk-archive.de\\\/tuellmann\\\/produkt\\\/auf-der-erde-liegender-mann-vor-einer-huette-aus-lehm\\\/#breadcrumb\",\"itemListElement\":[{\"@type\":\"ListItem\",\"position\":1,\"name\":\"Startseite\",\"item\":\"https:\\\/\\\/bpk-archive.de\\\/tuellmann\\\/\"},{\"@type\":\"ListItem\",\"position\":2,\"name\":\"Shop\",\"item\":\"https:\\\/\\\/bpk-archive.de\\\/tuellmann\\\/shop\\\/\"},{\"@type\":\"ListItem\",\"position\":3,\"name\":\"Auf der Erde liegender Mann vor einer H\u00fctte aus Lehm\"}]},{\"@type\":\"WebSite\",\"@id\":\"https:\\\/\\\/bpk-archive.de\\\/tuellmann\\\/#website\",\"url\":\"https:\\\/\\\/bpk-archive.de\\\/tuellmann\\\/\",\"name\":\"Abisag T\u00fcllmann\",\"description\":\"Eine weitere WordPress-Website\",\"potentialAction\":[{\"@type\":\"SearchAction\",\"target\":{\"@type\":\"EntryPoint\",\"urlTemplate\":\"https:\\\/\\\/bpk-archive.de\\\/tuellmann\\\/?s={search_term_string}\"},\"query-input\":{\"@type\":\"PropertyValueSpecification\",\"valueRequired\":true,\"valueName\":\"search_term_string\"}}],\"inLanguage\":\"de\"}]}<\/script>\n<!-- \/ Yoast SEO plugin. -->","yoast_head_json":{"title":"Auf der Erde liegender Mann vor einer H\u00fctte aus Lehm - Abisag T\u00fcllmann","robots":{"index":"index","follow":"follow","max-snippet":"max-snippet:-1","max-image-preview":"max-image-preview:large","max-video-preview":"max-video-preview:-1"},"canonical":"https:\/\/bpk-archive.de\/tuellmann\/produkt\/auf-der-erde-liegender-mann-vor-einer-huette-aus-lehm\/","og_locale":"de_DE","og_type":"article","og_title":"Auf der Erde liegender Mann vor einer H\u00fctte aus Lehm - Abisag T\u00fcllmann","og_description":"R\u00fcckseitenbeschriftung von Hand der Fotografin: &#8222;Sambia: das Haus wurde aus Lehm, der in einer alten Blechb\u00fcchse gepresst wurde, gebaut&#8220;","og_url":"https:\/\/bpk-archive.de\/tuellmann\/produkt\/auf-der-erde-liegender-mann-vor-einer-huette-aus-lehm\/","og_site_name":"Abisag T\u00fcllmann","article_modified_time":"2020-08-11T15:00:43+00:00","og_image":[{"width":1200,"height":963,"url":"https:\/\/bpk-archive.de\/tuellmann\/wp-content\/uploads\/2019\/08\/bpk_70243082.jpg","type":"image\/jpeg"}],"twitter_card":"summary_large_image","schema":{"@context":"https:\/\/schema.org","@graph":[{"@type":"WebPage","@id":"https:\/\/bpk-archive.de\/tuellmann\/produkt\/auf-der-erde-liegender-mann-vor-einer-huette-aus-lehm\/","url":"https:\/\/bpk-archive.de\/tuellmann\/produkt\/auf-der-erde-liegender-mann-vor-einer-huette-aus-lehm\/","name":"Auf der Erde liegender Mann vor einer H\u00fctte aus Lehm - Abisag T\u00fcllmann","isPartOf":{"@id":"https:\/\/bpk-archive.de\/tuellmann\/#website"},"primaryImageOfPage":{"@id":"https:\/\/bpk-archive.de\/tuellmann\/produkt\/auf-der-erde-liegender-mann-vor-einer-huette-aus-lehm\/#primaryimage"},"image":{"@id":"https:\/\/bpk-archive.de\/tuellmann\/produkt\/auf-der-erde-liegender-mann-vor-einer-huette-aus-lehm\/#primaryimage"},"thumbnailUrl":"https:\/\/bpk-archive.de\/tuellmann\/wp-content\/uploads\/2019\/08\/bpk_70243082.jpg","datePublished":"2019-09-05T14:26:16+00:00","dateModified":"2020-08-11T15:00:43+00:00","breadcrumb":{"@id":"https:\/\/bpk-archive.de\/tuellmann\/produkt\/auf-der-erde-liegender-mann-vor-einer-huette-aus-lehm\/#breadcrumb"},"inLanguage":"de","potentialAction":[{"@type":"ReadAction","target":["https:\/\/bpk-archive.de\/tuellmann\/produkt\/auf-der-erde-liegender-mann-vor-einer-huette-aus-lehm\/"]}]},{"@type":"ImageObject","inLanguage":"de","@id":"https:\/\/bpk-archive.de\/tuellmann\/produkt\/auf-der-erde-liegender-mann-vor-einer-huette-aus-lehm\/#primaryimage","url":"https:\/\/bpk-archive.de\/tuellmann\/wp-content\/uploads\/2019\/08\/bpk_70243082.jpg","contentUrl":"https:\/\/bpk-archive.de\/tuellmann\/wp-content\/uploads\/2019\/08\/bpk_70243082.jpg","width":1200,"height":963,"caption":"Auf der Erde liegender Mann vor einer H\u00fctte aus Lehm"},{"@type":"BreadcrumbList","@id":"https:\/\/bpk-archive.de\/tuellmann\/produkt\/auf-der-erde-liegender-mann-vor-einer-huette-aus-lehm\/#breadcrumb","itemListElement":[{"@type":"ListItem","position":1,"name":"Startseite","item":"https:\/\/bpk-archive.de\/tuellmann\/"},{"@type":"ListItem","position":2,"name":"Shop","item":"https:\/\/bpk-archive.de\/tuellmann\/shop\/"},{"@type":"ListItem","position":3,"name":"Auf der Erde liegender Mann vor einer H\u00fctte aus Lehm"}]},{"@type":"WebSite","@id":"https:\/\/bpk-archive.de\/tuellmann\/#website","url":"https:\/\/bpk-archive.de\/tuellmann\/","name":"Abisag T\u00fcllmann","description":"Eine weitere WordPress-Website","potentialAction":[{"@type":"SearchAction","target":{"@type":"EntryPoint","urlTemplate":"https:\/\/bpk-archive.de\/tuellmann\/?s={search_term_string}"},"query-input":{"@type":"PropertyValueSpecification","valueRequired":true,"valueName":"search_term_string"}}],"inLanguage":"de"}]}},"_links":{"self":[{"href":"https:\/\/bpk-archive.de\/tuellmann\/wp-json\/wp\/v2\/product\/70297439","targetHints":{"allow":["GET"]}}],"collection":[{"href":"https:\/\/bpk-archive.de\/tuellmann\/wp-json\/wp\/v2\/product"}],"about":[{"href":"https:\/\/bpk-archive.de\/tuellmann\/wp-json\/wp\/v2\/types\/product"}],"wp:featuredmedia":[{"embeddable":true,"href":"https:\/\/bpk-archive.de\/tuellmann\/wp-json\/wp\/v2\/media\/70292407"}],"wp:attachment":[{"href":"https:\/\/bpk-archive.de\/tuellmann\/wp-json\/wp\/v2\/media?parent=70297439"}],"wp:term":[{"taxonomy":"product_brand","embeddable":true,"href":"https:\/\/bpk-archive.de\/tuellmann\/wp-json\/wp\/v2\/product_brand?post=70297439"},{"taxonomy":"product_cat","embeddable":true,"href":"https:\/\/bpk-archive.de\/tuellmann\/wp-json\/wp\/v2\/product_cat?post=70297439"},{"taxonomy":"product_tag","embeddable":true,"href":"https:\/\/bpk-archive.de\/tuellmann\/wp-json\/wp\/v2\/product_tag?post=70297439"}],"curies":[{"name":"wp","href":"https:\/\/api.w.org\/{rel}","templated":true}]}}