{"id":70297437,"date":"2019-09-05T16:26:00","date_gmt":"2019-09-05T14:26:00","guid":{"rendered":"http:\/\/abisagtuellmann.bpk-news.de\/atbild\/nachtwaechter-fuer-ein-privathaus-in-lusaka-sambia\/"},"modified":"2019-09-05T16:26:14","modified_gmt":"2019-09-05T14:26:14","slug":"nachtwaechter-fuer-ein-privathaus-in-lusaka-sambia","status":"publish","type":"product","link":"https:\/\/bpk-archive.de\/tuellmann\/produkt\/nachtwaechter-fuer-ein-privathaus-in-lusaka-sambia\/","title":{"rendered":"Nachtw\u00e4chter f\u00fcr ein Privathaus in Lusaka, Sambia"},"content":{"rendered":"<p>R\u00fcckseitenbeschriftung von Hand der Fotografin: &#8222;Zambia: Nachtw\u00e4chter in Lusaka (f\u00fcr ein Privathaus)&#8220;<\/p>\n","protected":false},"excerpt":{"rendered":"<p>R\u00fcckseitenbeschriftung von Hand der Fotografin: &#8222;Zambia: Nachtw\u00e4chter in Lusaka (f\u00fcr ein Privathaus)&#8220;<\/p>\n","protected":false},"featured_media":70292379,"template":"","meta":[],"product_brand":[],"product_cat":[],"product_tag":[13230,13232,13234,13231,13233,13235,62361,13777,13236,13237,13240,13241,13242,13243,13244,13245,47456,47457,47458,47459,47460,47461,47462,49961,60555,13250,47365,47366,47367,47876,47877,47878,47879,47925,47926,13784,13785,14177,13253,13254,13255,13256,13257,13260,13261,13268,13269,13270,13271,13293,13786,13787,13294,13295,13296,13297,49863,49864,47377,47383,47384,47385,47386,68674,68675,50545,50546,50547,50548,13301,62582,62583,13818,13819,13820,13821,13822,13823,13824,13825,13826,68676,13328,13827,13828,13329,13330,13331,13332,13829,13830,13831,13832,13833,13834,13835,13836,13837,13838,13839,13840,13841,13842,13843,68677,68678,13877,13879,13333,13334,13335,13338,13339,13340,13341,13342,13865,13864,13866,13351,13352,13353,13858,13859,13860,13861,13862,13863,62587,62588,62589,62590,68679,68680,13354,13869,13870,13871,13872,13519,13520,13521,13522,13523,13524,13363,13364,13365,13366,13367,13368,13369,13878,13880,62592,62593,51320,51321,52308,52309,48801,52310,47504,47505,47506,47617,62377],"class_list":{"0":"post-70297437","1":"product","2":"type-product","3":"status-publish","4":"has-post-thumbnail","6":"product_tag-1970er-jahre","7":"product_tag-20-jahrhundert-nach-chr","8":"product_tag-20-jh-n-chr","9":"product_tag-20-jahrhundert","10":"product_tag-20-jh","11":"product_tag-70er","12":"product_tag-abt_011","13":"product_tag-abzug","14":"product_tag-afrika","15":"product_tag-afrikaner","16":"product_tag-afrikanisch","17":"product_tag-afrikanische","18":"product_tag-afrikanischen","19":"product_tag-afrikanischer","20":"product_tag-afrikanisches","21":"product_tag-afrikas","22":"product_tag-arbeit","23":"product_tag-arbeiten","24":"product_tag-arbeitend","25":"product_tag-arbeitende","26":"product_tag-arbeitenden","27":"product_tag-arbeitender","28":"product_tag-arbeitendes","29":"product_tag-arbeitskleidung","30":"product_tag-at_sambia","31":"product_tag-aussen","32":"product_tag-bauten","33":"product_tag-bauwerk","34":"product_tag-bauwerke","35":"product_tag-beruf","36":"product_tag-berufe","37":"product_tag-berufes","38":"product_tag-berufs","39":"product_tag-bewachen","40":"product_tag-bewachung","41":"product_tag-bildnis","42":"product_tag-bildnisse","43":"product_tag-blickkontakt","44":"product_tag-deutsch","45":"product_tag-deutsche","46":"product_tag-deutschen","47":"product_tag-deutscher","48":"product_tag-deutsches","49":"product_tag-draussen","50":"product_tag-dunkelhaeutiger","51":"product_tag-farbige","52":"product_tag-farbigen","53":"product_tag-farbiger","54":"product_tag-farbiges","55":"product_tag-foto","56":"product_tag-fotoabzug","57":"product_tag-fotoabzuege","58":"product_tag-fotografie","59":"product_tag-fotografien","60":"product_tag-fotografin","61":"product_tag-fotografinnen","62":"product_tag-garten","63":"product_tag-gartens","64":"product_tag-gebaeude","65":"product_tag-haus","66":"product_tag-haeuser","67":"product_tag-haeusern","68":"product_tag-hauses","69":"product_tag-holzkeule","70":"product_tag-holzkeulen","71":"product_tag-hund","72":"product_tag-hunde","73":"product_tag-hunden","74":"product_tag-hundes","75":"product_tag-im-freien","76":"product_tag-keule","77":"product_tag-keulen","78":"product_tag-mann","79":"product_tag-maenner","80":"product_tag-maennerbildnis","81":"product_tag-maennerbildnisse","82":"product_tag-maennerportrait","83":"product_tag-maennerportraits","84":"product_tag-maennerportraet","85":"product_tag-maennerportraets","86":"product_tag-mannes","87":"product_tag-nachtwaechter","88":"product_tag-photo","89":"product_tag-photoabzug","90":"product_tag-photoabzuege","91":"product_tag-photographie","92":"product_tag-photographien","93":"product_tag-photographin","94":"product_tag-photographinnen","95":"product_tag-portrait","96":"product_tag-portraitaufnahme","97":"product_tag-portraitfoto","98":"product_tag-portraitfotografie","99":"product_tag-portraitphoto","100":"product_tag-portraitphotographie","101":"product_tag-portraits","102":"product_tag-portraet","103":"product_tag-portraetaufnahme","104":"product_tag-portraetfoto","105":"product_tag-portraetfotografie","106":"product_tag-portraetphoto","107":"product_tag-portraetphotographie","108":"product_tag-portraets","109":"product_tag-print","110":"product_tag-privathaus","111":"product_tag-privathaeuser","112":"product_tag-s-w-fotografie","113":"product_tag-s-w-photographie","114":"product_tag-sambia","115":"product_tag-sambias","116":"product_tag-sambier","117":"product_tag-sambisch","118":"product_tag-sambische","119":"product_tag-sambischem","120":"product_tag-sambischen","121":"product_tag-sambischer","122":"product_tag-schwarzweissphotographie","123":"product_tag-schwarz-weiss-fotografie","124":"product_tag-schwarz-weiss-photographie","125":"product_tag-schwarze","126":"product_tag-schwarzen","127":"product_tag-schwarzer","128":"product_tag-schwarzweiss","129":"product_tag-schwarzweisse","130":"product_tag-schwarzweissen","131":"product_tag-schwarzweisser","132":"product_tag-schwarzweisses","133":"product_tag-schwarzweissfotografie","134":"product_tag-sd","135":"product_tag-security","136":"product_tag-sicherheitsdienst","137":"product_tag-sicherheitsdienstes","138":"product_tag-sicherheitsmann","139":"product_tag-sicherheitsmaenner","140":"product_tag-siebziger","141":"product_tag-silbergelatine","142":"product_tag-silbergelatineabzug","143":"product_tag-silbergelatineabzuege","144":"product_tag-silbergelatineprint","145":"product_tag-stehen","146":"product_tag-stehend","147":"product_tag-stehende","148":"product_tag-stehenden","149":"product_tag-stehender","150":"product_tag-stehendes","151":"product_tag-suedafrika","152":"product_tag-suedafrikanisch","153":"product_tag-suedafrikanische","154":"product_tag-suedafrikanischen","155":"product_tag-suedafrikanischer","156":"product_tag-suedafrikanisches","157":"product_tag-suedafrikas","158":"product_tag-sw-fotografie","159":"product_tag-sw-photographie","160":"product_tag-taschenlampe","161":"product_tag-taschenlampen","162":"product_tag-wachhund","163":"product_tag-wachhunde","164":"product_tag-wachleute","165":"product_tag-wachmann","166":"product_tag-wachschutz","167":"product_tag-waechter","168":"product_tag-wohngebaeude","169":"product_tag-wohnhaus","170":"product_tag-wohnhaeuser","171":"product_tag-wohnviertel","172":"product_tag-zambia","173":"pa_datierung-oktober-1974","174":"pa_fotograf-abisag-tuellmann","175":"pa_geografischer_bezug-aufnahmeort-lusaka-sambia","176":"pa_grunddaten_material_technik-foto-silbergelatine-auf-barytpapier","177":"pa_inventarnummer-tue-74-265-06","178":"pa_jahr_von-51802","179":"pa_massangaben-bildformat-foto-302-x-232-cm","180":"pa_mediennummer-68672","181":"pa_objekt_typ-fotografie","183":"first","184":"instock","185":"product-type-simple"},"yoast_head":"<!-- This site is optimized with the Yoast SEO plugin v27.4 - https:\/\/yoast.com\/product\/yoast-seo-wordpress\/ -->\n<title>Nachtw\u00e4chter f\u00fcr ein Privathaus in Lusaka, Sambia - Abisag T\u00fcllmann<\/title>\n<meta name=\"robots\" content=\"index, follow, max-snippet:-1, max-image-preview:large, max-video-preview:-1\" \/>\n<link rel=\"canonical\" href=\"https:\/\/bpk-archive.de\/tuellmann\/produkt\/nachtwaechter-fuer-ein-privathaus-in-lusaka-sambia\/\" \/>\n<meta property=\"og:locale\" content=\"de_DE\" \/>\n<meta property=\"og:type\" content=\"article\" \/>\n<meta property=\"og:title\" content=\"Nachtw\u00e4chter f\u00fcr ein Privathaus in Lusaka, Sambia - Abisag T\u00fcllmann\" \/>\n<meta property=\"og:description\" content=\"R\u00fcckseitenbeschriftung von Hand der Fotografin: &#8222;Zambia: Nachtw\u00e4chter in Lusaka (f\u00fcr ein Privathaus)&#8220;\" \/>\n<meta property=\"og:url\" content=\"https:\/\/bpk-archive.de\/tuellmann\/produkt\/nachtwaechter-fuer-ein-privathaus-in-lusaka-sambia\/\" \/>\n<meta property=\"og:site_name\" content=\"Abisag T\u00fcllmann\" \/>\n<meta property=\"article:modified_time\" content=\"2019-09-05T14:26:14+00:00\" \/>\n<meta property=\"og:image\" content=\"https:\/\/bpk-archive.de\/tuellmann\/wp-content\/uploads\/2019\/08\/bpk_70243073.jpg\" \/>\n\t<meta property=\"og:image:width\" content=\"934\" \/>\n\t<meta property=\"og:image:height\" content=\"1200\" \/>\n\t<meta property=\"og:image:type\" content=\"image\/jpeg\" \/>\n<meta name=\"twitter:card\" content=\"summary_large_image\" \/>\n<script type=\"application\/ld+json\" class=\"yoast-schema-graph\">{\"@context\":\"https:\\\/\\\/schema.org\",\"@graph\":[{\"@type\":\"WebPage\",\"@id\":\"https:\\\/\\\/bpk-archive.de\\\/tuellmann\\\/produkt\\\/nachtwaechter-fuer-ein-privathaus-in-lusaka-sambia\\\/\",\"url\":\"https:\\\/\\\/bpk-archive.de\\\/tuellmann\\\/produkt\\\/nachtwaechter-fuer-ein-privathaus-in-lusaka-sambia\\\/\",\"name\":\"Nachtw\u00e4chter f\u00fcr ein Privathaus in Lusaka, Sambia - Abisag T\u00fcllmann\",\"isPartOf\":{\"@id\":\"https:\\\/\\\/bpk-archive.de\\\/tuellmann\\\/#website\"},\"primaryImageOfPage\":{\"@id\":\"https:\\\/\\\/bpk-archive.de\\\/tuellmann\\\/produkt\\\/nachtwaechter-fuer-ein-privathaus-in-lusaka-sambia\\\/#primaryimage\"},\"image\":{\"@id\":\"https:\\\/\\\/bpk-archive.de\\\/tuellmann\\\/produkt\\\/nachtwaechter-fuer-ein-privathaus-in-lusaka-sambia\\\/#primaryimage\"},\"thumbnailUrl\":\"https:\\\/\\\/bpk-archive.de\\\/tuellmann\\\/wp-content\\\/uploads\\\/2019\\\/08\\\/bpk_70243073.jpg\",\"datePublished\":\"2019-09-05T14:26:00+00:00\",\"dateModified\":\"2019-09-05T14:26:14+00:00\",\"breadcrumb\":{\"@id\":\"https:\\\/\\\/bpk-archive.de\\\/tuellmann\\\/produkt\\\/nachtwaechter-fuer-ein-privathaus-in-lusaka-sambia\\\/#breadcrumb\"},\"inLanguage\":\"de\",\"potentialAction\":[{\"@type\":\"ReadAction\",\"target\":[\"https:\\\/\\\/bpk-archive.de\\\/tuellmann\\\/produkt\\\/nachtwaechter-fuer-ein-privathaus-in-lusaka-sambia\\\/\"]}]},{\"@type\":\"ImageObject\",\"inLanguage\":\"de\",\"@id\":\"https:\\\/\\\/bpk-archive.de\\\/tuellmann\\\/produkt\\\/nachtwaechter-fuer-ein-privathaus-in-lusaka-sambia\\\/#primaryimage\",\"url\":\"https:\\\/\\\/bpk-archive.de\\\/tuellmann\\\/wp-content\\\/uploads\\\/2019\\\/08\\\/bpk_70243073.jpg\",\"contentUrl\":\"https:\\\/\\\/bpk-archive.de\\\/tuellmann\\\/wp-content\\\/uploads\\\/2019\\\/08\\\/bpk_70243073.jpg\",\"width\":934,\"height\":1200,\"caption\":\"Nachtw\u00e4chter f\u00fcr ein Privathaus in Lusaka, Sambia\"},{\"@type\":\"BreadcrumbList\",\"@id\":\"https:\\\/\\\/bpk-archive.de\\\/tuellmann\\\/produkt\\\/nachtwaechter-fuer-ein-privathaus-in-lusaka-sambia\\\/#breadcrumb\",\"itemListElement\":[{\"@type\":\"ListItem\",\"position\":1,\"name\":\"Startseite\",\"item\":\"https:\\\/\\\/bpk-archive.de\\\/tuellmann\\\/\"},{\"@type\":\"ListItem\",\"position\":2,\"name\":\"Shop\",\"item\":\"https:\\\/\\\/bpk-archive.de\\\/tuellmann\\\/shop\\\/\"},{\"@type\":\"ListItem\",\"position\":3,\"name\":\"Nachtw\u00e4chter f\u00fcr ein Privathaus in Lusaka, Sambia\"}]},{\"@type\":\"WebSite\",\"@id\":\"https:\\\/\\\/bpk-archive.de\\\/tuellmann\\\/#website\",\"url\":\"https:\\\/\\\/bpk-archive.de\\\/tuellmann\\\/\",\"name\":\"Abisag T\u00fcllmann\",\"description\":\"Eine weitere WordPress-Website\",\"potentialAction\":[{\"@type\":\"SearchAction\",\"target\":{\"@type\":\"EntryPoint\",\"urlTemplate\":\"https:\\\/\\\/bpk-archive.de\\\/tuellmann\\\/?s={search_term_string}\"},\"query-input\":{\"@type\":\"PropertyValueSpecification\",\"valueRequired\":true,\"valueName\":\"search_term_string\"}}],\"inLanguage\":\"de\"}]}<\/script>\n<!-- \/ Yoast SEO plugin. -->","yoast_head_json":{"title":"Nachtw\u00e4chter f\u00fcr ein Privathaus in Lusaka, Sambia - Abisag T\u00fcllmann","robots":{"index":"index","follow":"follow","max-snippet":"max-snippet:-1","max-image-preview":"max-image-preview:large","max-video-preview":"max-video-preview:-1"},"canonical":"https:\/\/bpk-archive.de\/tuellmann\/produkt\/nachtwaechter-fuer-ein-privathaus-in-lusaka-sambia\/","og_locale":"de_DE","og_type":"article","og_title":"Nachtw\u00e4chter f\u00fcr ein Privathaus in Lusaka, Sambia - Abisag T\u00fcllmann","og_description":"R\u00fcckseitenbeschriftung von Hand der Fotografin: &#8222;Zambia: Nachtw\u00e4chter in Lusaka (f\u00fcr ein Privathaus)&#8220;","og_url":"https:\/\/bpk-archive.de\/tuellmann\/produkt\/nachtwaechter-fuer-ein-privathaus-in-lusaka-sambia\/","og_site_name":"Abisag T\u00fcllmann","article_modified_time":"2019-09-05T14:26:14+00:00","og_image":[{"width":934,"height":1200,"url":"https:\/\/bpk-archive.de\/tuellmann\/wp-content\/uploads\/2019\/08\/bpk_70243073.jpg","type":"image\/jpeg"}],"twitter_card":"summary_large_image","schema":{"@context":"https:\/\/schema.org","@graph":[{"@type":"WebPage","@id":"https:\/\/bpk-archive.de\/tuellmann\/produkt\/nachtwaechter-fuer-ein-privathaus-in-lusaka-sambia\/","url":"https:\/\/bpk-archive.de\/tuellmann\/produkt\/nachtwaechter-fuer-ein-privathaus-in-lusaka-sambia\/","name":"Nachtw\u00e4chter f\u00fcr ein Privathaus in Lusaka, Sambia - Abisag T\u00fcllmann","isPartOf":{"@id":"https:\/\/bpk-archive.de\/tuellmann\/#website"},"primaryImageOfPage":{"@id":"https:\/\/bpk-archive.de\/tuellmann\/produkt\/nachtwaechter-fuer-ein-privathaus-in-lusaka-sambia\/#primaryimage"},"image":{"@id":"https:\/\/bpk-archive.de\/tuellmann\/produkt\/nachtwaechter-fuer-ein-privathaus-in-lusaka-sambia\/#primaryimage"},"thumbnailUrl":"https:\/\/bpk-archive.de\/tuellmann\/wp-content\/uploads\/2019\/08\/bpk_70243073.jpg","datePublished":"2019-09-05T14:26:00+00:00","dateModified":"2019-09-05T14:26:14+00:00","breadcrumb":{"@id":"https:\/\/bpk-archive.de\/tuellmann\/produkt\/nachtwaechter-fuer-ein-privathaus-in-lusaka-sambia\/#breadcrumb"},"inLanguage":"de","potentialAction":[{"@type":"ReadAction","target":["https:\/\/bpk-archive.de\/tuellmann\/produkt\/nachtwaechter-fuer-ein-privathaus-in-lusaka-sambia\/"]}]},{"@type":"ImageObject","inLanguage":"de","@id":"https:\/\/bpk-archive.de\/tuellmann\/produkt\/nachtwaechter-fuer-ein-privathaus-in-lusaka-sambia\/#primaryimage","url":"https:\/\/bpk-archive.de\/tuellmann\/wp-content\/uploads\/2019\/08\/bpk_70243073.jpg","contentUrl":"https:\/\/bpk-archive.de\/tuellmann\/wp-content\/uploads\/2019\/08\/bpk_70243073.jpg","width":934,"height":1200,"caption":"Nachtw\u00e4chter f\u00fcr ein Privathaus in Lusaka, Sambia"},{"@type":"BreadcrumbList","@id":"https:\/\/bpk-archive.de\/tuellmann\/produkt\/nachtwaechter-fuer-ein-privathaus-in-lusaka-sambia\/#breadcrumb","itemListElement":[{"@type":"ListItem","position":1,"name":"Startseite","item":"https:\/\/bpk-archive.de\/tuellmann\/"},{"@type":"ListItem","position":2,"name":"Shop","item":"https:\/\/bpk-archive.de\/tuellmann\/shop\/"},{"@type":"ListItem","position":3,"name":"Nachtw\u00e4chter f\u00fcr ein Privathaus in Lusaka, Sambia"}]},{"@type":"WebSite","@id":"https:\/\/bpk-archive.de\/tuellmann\/#website","url":"https:\/\/bpk-archive.de\/tuellmann\/","name":"Abisag T\u00fcllmann","description":"Eine weitere WordPress-Website","potentialAction":[{"@type":"SearchAction","target":{"@type":"EntryPoint","urlTemplate":"https:\/\/bpk-archive.de\/tuellmann\/?s={search_term_string}"},"query-input":{"@type":"PropertyValueSpecification","valueRequired":true,"valueName":"search_term_string"}}],"inLanguage":"de"}]}},"_links":{"self":[{"href":"https:\/\/bpk-archive.de\/tuellmann\/wp-json\/wp\/v2\/product\/70297437","targetHints":{"allow":["GET"]}}],"collection":[{"href":"https:\/\/bpk-archive.de\/tuellmann\/wp-json\/wp\/v2\/product"}],"about":[{"href":"https:\/\/bpk-archive.de\/tuellmann\/wp-json\/wp\/v2\/types\/product"}],"wp:featuredmedia":[{"embeddable":true,"href":"https:\/\/bpk-archive.de\/tuellmann\/wp-json\/wp\/v2\/media\/70292379"}],"wp:attachment":[{"href":"https:\/\/bpk-archive.de\/tuellmann\/wp-json\/wp\/v2\/media?parent=70297437"}],"wp:term":[{"taxonomy":"product_brand","embeddable":true,"href":"https:\/\/bpk-archive.de\/tuellmann\/wp-json\/wp\/v2\/product_brand?post=70297437"},{"taxonomy":"product_cat","embeddable":true,"href":"https:\/\/bpk-archive.de\/tuellmann\/wp-json\/wp\/v2\/product_cat?post=70297437"},{"taxonomy":"product_tag","embeddable":true,"href":"https:\/\/bpk-archive.de\/tuellmann\/wp-json\/wp\/v2\/product_tag?post=70297437"}],"curies":[{"name":"wp","href":"https:\/\/api.w.org\/{rel}","templated":true}]}}