{"id":70297417,"date":"2019-09-05T16:25:43","date_gmt":"2019-09-05T14:25:43","guid":{"rendered":"http:\/\/abisagtuellmann.bpk-news.de\/atbild\/miniatur-stuhl-auf-der-hand-von-robert-wilson-requisit-aus-koenig-lear\/"},"modified":"2019-09-05T16:25:59","modified_gmt":"2019-09-05T14:25:59","slug":"miniatur-stuhl-auf-der-hand-von-robert-wilson-requisit-aus-koenig-lear","status":"publish","type":"product","link":"https:\/\/bpk-archive.de\/tuellmann\/produkt\/miniatur-stuhl-auf-der-hand-von-robert-wilson-requisit-aus-koenig-lear\/","title":{"rendered":"Miniatur-Stuhl auf der Hand von Robert Wilson (Requisit aus &#8222;K\u00f6nig Lear&#8220;)"},"content":{"rendered":"<p>R\u00fcckseite siehe: 70242872 R\u00fcckseitenbeschriftung von Hand der Fotografin: &#8222;Dieses Foto von Bob Wilsons Hand mit dem kleinen Lear-Stuhl wurde k\u00fcrzlich f\u00fcr ein Plakat verwendet (in M\u00fcnchen), mit dem ich einigerma\u00dfen zufrieden bin (passiert mir ja selten, dies wohlige Gef\u00fchl von Zufriedenheit).&#8220;<\/p>\n","protected":false},"excerpt":{"rendered":"<p>R\u00fcckseite siehe: 70242872 R\u00fcckseitenbeschriftung von Hand der Fotografin: &#8222;Dieses Foto von Bob Wilsons Hand mit dem kleinen Lear-Stuhl wurde k\u00fcrzlich f\u00fcr ein Plakat verwendet (in M\u00fcnchen), mit dem ich einigerma\u00dfen zufrieden bin (passiert mir ja selten, dies wohlige Gef\u00fchl von Zufriedenheit).&#8220;<\/p>\n","protected":false},"featured_media":70292165,"template":"","meta":[],"product_brand":[],"product_cat":[],"product_tag":[63024,14308,13232,13234,13231,13233,14309,14271,13777,14311,14312,14272,13469,13470,49469,49470,49471,13253,13254,13255,13256,13257,13471,13472,13473,13293,13786,13787,13294,13295,13296,13297,13485,13486,13482,13481,13483,13484,49481,50233,50234,50235,50236,50237,50238,51628,50410,51629,13492,13493,13494,13495,13496,13497,13498,56578,56579,13818,13819,65427,65428,65429,65430,65431,65432,13826,58888,58889,49115,49116,49117,49484,14328,48451,48452,13328,13827,13828,13329,13330,13331,13332,13843,51055,51056,63057,63058,63059,68563,68564,63033,13877,13879,13865,13864,13866,13858,13859,13860,13861,13862,13863,13869,13870,13871,13872,49282,49283,49284,49285,13878,13880,58689,63070,68565,68566,63071,63034,63035,63036,63037,13525,51058,51059,51060,63040],"class_list":{"0":"post-70297417","1":"product","2":"type-product","3":"status-publish","4":"has-post-thumbnail","6":"product_tag-4-10-1941","7":"product_tag-1990er-jahre","8":"product_tag-20-jahrhundert-nach-chr","9":"product_tag-20-jh-n-chr","10":"product_tag-20-jahrhundert","11":"product_tag-20-jh","12":"product_tag-90er","13":"product_tag-abt_009","14":"product_tag-abzug","15":"product_tag-arm","16":"product_tag-arme","17":"product_tag-at_mode-design","18":"product_tag-brd","19":"product_tag-bundesrepublik-deutschland","20":"product_tag-close-up","21":"product_tag-detail","22":"product_tag-details","23":"product_tag-deutsch","24":"product_tag-deutsche","25":"product_tag-deutschen","26":"product_tag-deutscher","27":"product_tag-deutsches","28":"product_tag-deutschland","29":"product_tag-deutschlands","30":"product_tag-drinnen","31":"product_tag-foto","32":"product_tag-fotoabzug","33":"product_tag-fotoabzuege","34":"product_tag-fotografie","35":"product_tag-fotografien","36":"product_tag-fotografin","37":"product_tag-fotografinnen","38":"product_tag-frankfurt-m","39":"product_tag-frankfurt-main","40":"product_tag-frankfurt-a-main","41":"product_tag-frankfurt-a-m","42":"product_tag-frankfurt-am-main","43":"product_tag-frankfurter","44":"product_tag-grossaufnahme","45":"product_tag-halten","46":"product_tag-haltend","47":"product_tag-haltende","48":"product_tag-haltenden","49":"product_tag-haltender","50":"product_tag-haltendes","51":"product_tag-hand","52":"product_tag-haende","53":"product_tag-haenden","54":"product_tag-hessen","55":"product_tag-hessisch","56":"product_tag-hessische","57":"product_tag-hessischen","58":"product_tag-hessischer","59":"product_tag-hessisches","60":"product_tag-innen","61":"product_tag-inszenierung","62":"product_tag-inszenierungen","63":"product_tag-mann","64":"product_tag-maenner","65":"product_tag-maennerfrisur","66":"product_tag-maennerfrisuren","67":"product_tag-maennerhaarschnitt","68":"product_tag-maennerhaarschnitte","69":"product_tag-maennerhaarschnittes","70":"product_tag-maennerhaarschnitts","71":"product_tag-mannes","72":"product_tag-miniatur","73":"product_tag-miniaturen","74":"product_tag-modell","75":"product_tag-modelle","76":"product_tag-modellen","77":"product_tag-nahaufnahme","78":"product_tag-neunziger","79":"product_tag-pendant","80":"product_tag-pendants","81":"product_tag-photo","82":"product_tag-photoabzug","83":"product_tag-photoabzuege","84":"product_tag-photographie","85":"product_tag-photographien","86":"product_tag-photographin","87":"product_tag-photographinnen","88":"product_tag-print","89":"product_tag-r","90":"product_tag-recto","91":"product_tag-regisseur","92":"product_tag-regisseure","93":"product_tag-regisseurs","94":"product_tag-requisite","95":"product_tag-requisiten","96":"product_tag-robert","97":"product_tag-s-w-fotografie","98":"product_tag-s-w-photographie","99":"product_tag-schwarzweissphotographie","100":"product_tag-schwarz-weiss-fotografie","101":"product_tag-schwarz-weiss-photographie","102":"product_tag-schwarzweiss","103":"product_tag-schwarzweisse","104":"product_tag-schwarzweissen","105":"product_tag-schwarzweisser","106":"product_tag-schwarzweisses","107":"product_tag-schwarzweissfotografie","108":"product_tag-silbergelatine","109":"product_tag-silbergelatineabzug","110":"product_tag-silbergelatineabzuege","111":"product_tag-silbergelatineprint","112":"product_tag-stuhl","113":"product_tag-stuehle","114":"product_tag-stuhles","115":"product_tag-stuhls","116":"product_tag-sw-fotografie","117":"product_tag-sw-photographie","118":"product_tag-theater","119":"product_tag-theaterfotografie","120":"product_tag-theaterinszenierung","121":"product_tag-theaterinszenierungen","122":"product_tag-theaterphotographie","123":"product_tag-theaterregisseur","124":"product_tag-theaterregisseure","125":"product_tag-theaterregisseuren","126":"product_tag-theaterregisseurs","127":"product_tag-von-innen","128":"product_tag-von-vorne","129":"product_tag-vorderansicht","130":"product_tag-vorderseite","131":"product_tag-wilson","132":"pa_datierung-26161","133":"pa_fotograf-abisag-tuellmann","134":"pa_geografischer_bezug-aufnahmeort-frankfurt-am-main-deutschland","135":"pa_grunddaten_material_technik-foto-silbergelatine-auf-barytpapier","136":"pa_jahr_von-63075","137":"pa_massangaben-bildformat-foto-113-x-19-cm","138":"pa_mediennummer-68562","139":"pa_objekt_typ-fotografie","141":"first","142":"instock","143":"product-type-simple"},"yoast_head":"<!-- This site is optimized with the Yoast SEO plugin v27.4 - https:\/\/yoast.com\/product\/yoast-seo-wordpress\/ -->\n<title>Miniatur-Stuhl auf der Hand von Robert Wilson (Requisit aus &quot;K\u00f6nig Lear&quot;) - Abisag T\u00fcllmann<\/title>\n<meta name=\"robots\" content=\"index, follow, max-snippet:-1, max-image-preview:large, max-video-preview:-1\" \/>\n<link rel=\"canonical\" href=\"https:\/\/bpk-archive.de\/tuellmann\/produkt\/miniatur-stuhl-auf-der-hand-von-robert-wilson-requisit-aus-koenig-lear\/\" \/>\n<meta property=\"og:locale\" content=\"de_DE\" \/>\n<meta property=\"og:type\" content=\"article\" \/>\n<meta property=\"og:title\" content=\"Miniatur-Stuhl auf der Hand von Robert Wilson (Requisit aus &quot;K\u00f6nig Lear&quot;) - Abisag T\u00fcllmann\" \/>\n<meta property=\"og:description\" content=\"R\u00fcckseite siehe: 70242872 R\u00fcckseitenbeschriftung von Hand der Fotografin: &#8222;Dieses Foto von Bob Wilsons Hand mit dem kleinen Lear-Stuhl wurde k\u00fcrzlich f\u00fcr ein Plakat verwendet (in M\u00fcnchen), mit dem ich einigerma\u00dfen zufrieden bin (passiert mir ja selten, dies wohlige Gef\u00fchl von Zufriedenheit).&#8220;\" \/>\n<meta property=\"og:url\" content=\"https:\/\/bpk-archive.de\/tuellmann\/produkt\/miniatur-stuhl-auf-der-hand-von-robert-wilson-requisit-aus-koenig-lear\/\" \/>\n<meta property=\"og:site_name\" content=\"Abisag T\u00fcllmann\" \/>\n<meta property=\"article:modified_time\" content=\"2019-09-05T14:25:59+00:00\" \/>\n<meta property=\"og:image\" content=\"https:\/\/bpk-archive.de\/tuellmann\/wp-content\/uploads\/2019\/08\/bpk_70242871.jpg\" \/>\n\t<meta property=\"og:image:width\" content=\"1200\" \/>\n\t<meta property=\"og:image:height\" content=\"752\" \/>\n\t<meta property=\"og:image:type\" content=\"image\/jpeg\" \/>\n<meta name=\"twitter:card\" content=\"summary_large_image\" \/>\n<script type=\"application\/ld+json\" class=\"yoast-schema-graph\">{\"@context\":\"https:\\\/\\\/schema.org\",\"@graph\":[{\"@type\":\"WebPage\",\"@id\":\"https:\\\/\\\/bpk-archive.de\\\/tuellmann\\\/produkt\\\/miniatur-stuhl-auf-der-hand-von-robert-wilson-requisit-aus-koenig-lear\\\/\",\"url\":\"https:\\\/\\\/bpk-archive.de\\\/tuellmann\\\/produkt\\\/miniatur-stuhl-auf-der-hand-von-robert-wilson-requisit-aus-koenig-lear\\\/\",\"name\":\"Miniatur-Stuhl auf der Hand von Robert Wilson (Requisit aus \\\"K\u00f6nig Lear\\\") - Abisag T\u00fcllmann\",\"isPartOf\":{\"@id\":\"https:\\\/\\\/bpk-archive.de\\\/tuellmann\\\/#website\"},\"primaryImageOfPage\":{\"@id\":\"https:\\\/\\\/bpk-archive.de\\\/tuellmann\\\/produkt\\\/miniatur-stuhl-auf-der-hand-von-robert-wilson-requisit-aus-koenig-lear\\\/#primaryimage\"},\"image\":{\"@id\":\"https:\\\/\\\/bpk-archive.de\\\/tuellmann\\\/produkt\\\/miniatur-stuhl-auf-der-hand-von-robert-wilson-requisit-aus-koenig-lear\\\/#primaryimage\"},\"thumbnailUrl\":\"https:\\\/\\\/bpk-archive.de\\\/tuellmann\\\/wp-content\\\/uploads\\\/2019\\\/08\\\/bpk_70242871.jpg\",\"datePublished\":\"2019-09-05T14:25:43+00:00\",\"dateModified\":\"2019-09-05T14:25:59+00:00\",\"breadcrumb\":{\"@id\":\"https:\\\/\\\/bpk-archive.de\\\/tuellmann\\\/produkt\\\/miniatur-stuhl-auf-der-hand-von-robert-wilson-requisit-aus-koenig-lear\\\/#breadcrumb\"},\"inLanguage\":\"de\",\"potentialAction\":[{\"@type\":\"ReadAction\",\"target\":[\"https:\\\/\\\/bpk-archive.de\\\/tuellmann\\\/produkt\\\/miniatur-stuhl-auf-der-hand-von-robert-wilson-requisit-aus-koenig-lear\\\/\"]}]},{\"@type\":\"ImageObject\",\"inLanguage\":\"de\",\"@id\":\"https:\\\/\\\/bpk-archive.de\\\/tuellmann\\\/produkt\\\/miniatur-stuhl-auf-der-hand-von-robert-wilson-requisit-aus-koenig-lear\\\/#primaryimage\",\"url\":\"https:\\\/\\\/bpk-archive.de\\\/tuellmann\\\/wp-content\\\/uploads\\\/2019\\\/08\\\/bpk_70242871.jpg\",\"contentUrl\":\"https:\\\/\\\/bpk-archive.de\\\/tuellmann\\\/wp-content\\\/uploads\\\/2019\\\/08\\\/bpk_70242871.jpg\",\"width\":1200,\"height\":752,\"caption\":\"Miniatur-Stuhl auf der Hand von Robert Wilson (Requisit aus \\\"K\u00f6nig Lear\\\")\"},{\"@type\":\"BreadcrumbList\",\"@id\":\"https:\\\/\\\/bpk-archive.de\\\/tuellmann\\\/produkt\\\/miniatur-stuhl-auf-der-hand-von-robert-wilson-requisit-aus-koenig-lear\\\/#breadcrumb\",\"itemListElement\":[{\"@type\":\"ListItem\",\"position\":1,\"name\":\"Startseite\",\"item\":\"https:\\\/\\\/bpk-archive.de\\\/tuellmann\\\/\"},{\"@type\":\"ListItem\",\"position\":2,\"name\":\"Shop\",\"item\":\"https:\\\/\\\/bpk-archive.de\\\/tuellmann\\\/shop\\\/\"},{\"@type\":\"ListItem\",\"position\":3,\"name\":\"Miniatur-Stuhl auf der Hand von Robert Wilson (Requisit aus &#8220;K\u00f6nig Lear&#8221;)\"}]},{\"@type\":\"WebSite\",\"@id\":\"https:\\\/\\\/bpk-archive.de\\\/tuellmann\\\/#website\",\"url\":\"https:\\\/\\\/bpk-archive.de\\\/tuellmann\\\/\",\"name\":\"Abisag T\u00fcllmann\",\"description\":\"Eine weitere WordPress-Website\",\"potentialAction\":[{\"@type\":\"SearchAction\",\"target\":{\"@type\":\"EntryPoint\",\"urlTemplate\":\"https:\\\/\\\/bpk-archive.de\\\/tuellmann\\\/?s={search_term_string}\"},\"query-input\":{\"@type\":\"PropertyValueSpecification\",\"valueRequired\":true,\"valueName\":\"search_term_string\"}}],\"inLanguage\":\"de\"}]}<\/script>\n<!-- \/ Yoast SEO plugin. -->","yoast_head_json":{"title":"Miniatur-Stuhl auf der Hand von Robert Wilson (Requisit aus \"K\u00f6nig Lear\") - Abisag T\u00fcllmann","robots":{"index":"index","follow":"follow","max-snippet":"max-snippet:-1","max-image-preview":"max-image-preview:large","max-video-preview":"max-video-preview:-1"},"canonical":"https:\/\/bpk-archive.de\/tuellmann\/produkt\/miniatur-stuhl-auf-der-hand-von-robert-wilson-requisit-aus-koenig-lear\/","og_locale":"de_DE","og_type":"article","og_title":"Miniatur-Stuhl auf der Hand von Robert Wilson (Requisit aus \"K\u00f6nig Lear\") - Abisag T\u00fcllmann","og_description":"R\u00fcckseite siehe: 70242872 R\u00fcckseitenbeschriftung von Hand der Fotografin: &#8222;Dieses Foto von Bob Wilsons Hand mit dem kleinen Lear-Stuhl wurde k\u00fcrzlich f\u00fcr ein Plakat verwendet (in M\u00fcnchen), mit dem ich einigerma\u00dfen zufrieden bin (passiert mir ja selten, dies wohlige Gef\u00fchl von Zufriedenheit).&#8220;","og_url":"https:\/\/bpk-archive.de\/tuellmann\/produkt\/miniatur-stuhl-auf-der-hand-von-robert-wilson-requisit-aus-koenig-lear\/","og_site_name":"Abisag T\u00fcllmann","article_modified_time":"2019-09-05T14:25:59+00:00","og_image":[{"width":1200,"height":752,"url":"https:\/\/bpk-archive.de\/tuellmann\/wp-content\/uploads\/2019\/08\/bpk_70242871.jpg","type":"image\/jpeg"}],"twitter_card":"summary_large_image","schema":{"@context":"https:\/\/schema.org","@graph":[{"@type":"WebPage","@id":"https:\/\/bpk-archive.de\/tuellmann\/produkt\/miniatur-stuhl-auf-der-hand-von-robert-wilson-requisit-aus-koenig-lear\/","url":"https:\/\/bpk-archive.de\/tuellmann\/produkt\/miniatur-stuhl-auf-der-hand-von-robert-wilson-requisit-aus-koenig-lear\/","name":"Miniatur-Stuhl auf der Hand von Robert Wilson (Requisit aus \"K\u00f6nig Lear\") - Abisag T\u00fcllmann","isPartOf":{"@id":"https:\/\/bpk-archive.de\/tuellmann\/#website"},"primaryImageOfPage":{"@id":"https:\/\/bpk-archive.de\/tuellmann\/produkt\/miniatur-stuhl-auf-der-hand-von-robert-wilson-requisit-aus-koenig-lear\/#primaryimage"},"image":{"@id":"https:\/\/bpk-archive.de\/tuellmann\/produkt\/miniatur-stuhl-auf-der-hand-von-robert-wilson-requisit-aus-koenig-lear\/#primaryimage"},"thumbnailUrl":"https:\/\/bpk-archive.de\/tuellmann\/wp-content\/uploads\/2019\/08\/bpk_70242871.jpg","datePublished":"2019-09-05T14:25:43+00:00","dateModified":"2019-09-05T14:25:59+00:00","breadcrumb":{"@id":"https:\/\/bpk-archive.de\/tuellmann\/produkt\/miniatur-stuhl-auf-der-hand-von-robert-wilson-requisit-aus-koenig-lear\/#breadcrumb"},"inLanguage":"de","potentialAction":[{"@type":"ReadAction","target":["https:\/\/bpk-archive.de\/tuellmann\/produkt\/miniatur-stuhl-auf-der-hand-von-robert-wilson-requisit-aus-koenig-lear\/"]}]},{"@type":"ImageObject","inLanguage":"de","@id":"https:\/\/bpk-archive.de\/tuellmann\/produkt\/miniatur-stuhl-auf-der-hand-von-robert-wilson-requisit-aus-koenig-lear\/#primaryimage","url":"https:\/\/bpk-archive.de\/tuellmann\/wp-content\/uploads\/2019\/08\/bpk_70242871.jpg","contentUrl":"https:\/\/bpk-archive.de\/tuellmann\/wp-content\/uploads\/2019\/08\/bpk_70242871.jpg","width":1200,"height":752,"caption":"Miniatur-Stuhl auf der Hand von Robert Wilson (Requisit aus \"K\u00f6nig Lear\")"},{"@type":"BreadcrumbList","@id":"https:\/\/bpk-archive.de\/tuellmann\/produkt\/miniatur-stuhl-auf-der-hand-von-robert-wilson-requisit-aus-koenig-lear\/#breadcrumb","itemListElement":[{"@type":"ListItem","position":1,"name":"Startseite","item":"https:\/\/bpk-archive.de\/tuellmann\/"},{"@type":"ListItem","position":2,"name":"Shop","item":"https:\/\/bpk-archive.de\/tuellmann\/shop\/"},{"@type":"ListItem","position":3,"name":"Miniatur-Stuhl auf der Hand von Robert Wilson (Requisit aus &#8220;K\u00f6nig Lear&#8221;)"}]},{"@type":"WebSite","@id":"https:\/\/bpk-archive.de\/tuellmann\/#website","url":"https:\/\/bpk-archive.de\/tuellmann\/","name":"Abisag T\u00fcllmann","description":"Eine weitere WordPress-Website","potentialAction":[{"@type":"SearchAction","target":{"@type":"EntryPoint","urlTemplate":"https:\/\/bpk-archive.de\/tuellmann\/?s={search_term_string}"},"query-input":{"@type":"PropertyValueSpecification","valueRequired":true,"valueName":"search_term_string"}}],"inLanguage":"de"}]}},"_links":{"self":[{"href":"https:\/\/bpk-archive.de\/tuellmann\/wp-json\/wp\/v2\/product\/70297417","targetHints":{"allow":["GET"]}}],"collection":[{"href":"https:\/\/bpk-archive.de\/tuellmann\/wp-json\/wp\/v2\/product"}],"about":[{"href":"https:\/\/bpk-archive.de\/tuellmann\/wp-json\/wp\/v2\/types\/product"}],"wp:featuredmedia":[{"embeddable":true,"href":"https:\/\/bpk-archive.de\/tuellmann\/wp-json\/wp\/v2\/media\/70292165"}],"wp:attachment":[{"href":"https:\/\/bpk-archive.de\/tuellmann\/wp-json\/wp\/v2\/media?parent=70297417"}],"wp:term":[{"taxonomy":"product_brand","embeddable":true,"href":"https:\/\/bpk-archive.de\/tuellmann\/wp-json\/wp\/v2\/product_brand?post=70297417"},{"taxonomy":"product_cat","embeddable":true,"href":"https:\/\/bpk-archive.de\/tuellmann\/wp-json\/wp\/v2\/product_cat?post=70297417"},{"taxonomy":"product_tag","embeddable":true,"href":"https:\/\/bpk-archive.de\/tuellmann\/wp-json\/wp\/v2\/product_tag?post=70297417"}],"curies":[{"name":"wp","href":"https:\/\/api.w.org\/{rel}","templated":true}]}}