{"id":70297416,"date":"2019-09-05T16:25:43","date_gmt":"2019-09-05T14:25:43","guid":{"rendered":"http:\/\/abisagtuellmann.bpk-news.de\/atbild\/schuelerinnen-auf-einem-markt-in-seoul\/"},"modified":"2019-09-05T16:25:58","modified_gmt":"2019-09-05T14:25:58","slug":"schuelerinnen-auf-einem-markt-in-seoul","status":"publish","type":"product","link":"https:\/\/bpk-archive.de\/tuellmann\/produkt\/schuelerinnen-auf-einem-markt-in-seoul\/","title":{"rendered":"Sch\u00fclerinnen auf einem Markt in Seoul"},"content":{"rendered":"<p>R\u00fcckseitenbeschriftung von Hand der Fotografin: &#8222;Seoul, Sch\u00fclerinnen einer h\u00f6heren Schule (auf einem Markt)&#8220;<\/p>\n","protected":false},"excerpt":{"rendered":"<p>R\u00fcckseitenbeschriftung von Hand der Fotografin: &#8222;Seoul, Sch\u00fclerinnen einer h\u00f6heren Schule (auf einem Markt)&#8220;<\/p>\n","protected":false},"featured_media":70292171,"template":"","meta":[],"product_brand":[],"product_cat":[],"product_tag":[13230,13232,13234,13231,13233,13235,14262,13777,47541,47542,47543,47544,47545,47546,49961,64116,56103,56104,56105,56175,56176,56106,56107,56108,56109,56110,56111,56112,56113,65437,13250,50141,47880,13253,13254,13255,13256,13257,55706,13260,60512,60513,57816,68552,68553,68554,68555,68556,68557,68558,68559,13293,13786,13787,13294,13295,13296,13297,13487,13488,47375,47376,47378,47379,47380,47381,47382,68427,68428,68429,68430,47887,47888,47497,47498,13301,13812,13813,13814,13815,13816,14205,14206,14207,14213,14218,14219,56177,56178,56179,56180,56181,56182,56183,56184,56185,55509,55510,47767,47768,47769,47770,48377,48378,47775,47776,47777,56131,56133,56135,56137,56139,56141,56142,56130,56132,56134,56136,56138,56140,54028,47395,47396,13328,13827,13828,13329,13330,13331,13332,13843,13877,13879,13346,13347,13348,68560,68561,60597,60598,60599,13349,13350,62160,13865,13864,13866,13858,13859,13860,13861,13862,13863,13354,13869,13870,13871,13872,47406,47407,59078,47408,47409,56186,56187,56190,56191,56192,56193,56194,56195,65451,65452,65453,65454,65455,56196,13878,13880,48797,48798],"class_list":{"0":"post-70297416","1":"product","2":"type-product","3":"status-publish","4":"has-post-thumbnail","6":"product_tag-1970er-jahre","7":"product_tag-20-jahrhundert-nach-chr","8":"product_tag-20-jh-n-chr","9":"product_tag-20-jahrhundert","10":"product_tag-20-jh","11":"product_tag-70er","12":"product_tag-abt_008","13":"product_tag-abzug","14":"product_tag-alltag","15":"product_tag-alltaeglich","16":"product_tag-alltaegliche","17":"product_tag-alltaeglicher","18":"product_tag-alltaegliches","19":"product_tag-alltagsleben","20":"product_tag-arbeitskleidung","21":"product_tag-arbeitsuniform","22":"product_tag-asiat","23":"product_tag-asiate","24":"product_tag-asiaten","25":"product_tag-asiatin","26":"product_tag-asiatinnen","27":"product_tag-asiatisch","28":"product_tag-asiatische","29":"product_tag-asiatischem","30":"product_tag-asiatischen","31":"product_tag-asiatischer","32":"product_tag-asiatisches","33":"product_tag-asien","34":"product_tag-asiens","35":"product_tag-at_asien","36":"product_tag-aussen","37":"product_tag-bildung","38":"product_tag-blickwechsel","39":"product_tag-deutsch","40":"product_tag-deutsche","41":"product_tag-deutschen","42":"product_tag-deutscher","43":"product_tag-deutsches","44":"product_tag-dienstuniform","45":"product_tag-draussen","46":"product_tag-fisch","47":"product_tag-fische","48":"product_tag-fischen","49":"product_tag-fischhandel","50":"product_tag-fischhandels","51":"product_tag-fischhaendlerin","52":"product_tag-fischhaendlerinnen","53":"product_tag-fischverkauf","54":"product_tag-fischverkaeuferin","55":"product_tag-fischverkaeuferinnen","56":"product_tag-fischverkaufs","57":"product_tag-foto","58":"product_tag-fotoabzug","59":"product_tag-fotoabzuege","60":"product_tag-fotografie","61":"product_tag-fotografien","62":"product_tag-fotografin","63":"product_tag-fotografinnen","64":"product_tag-frau","65":"product_tag-frauen","66":"product_tag-fussgaengerin","67":"product_tag-fussgaengerinnen","68":"product_tag-gehen","69":"product_tag-gehend","70":"product_tag-gehende","71":"product_tag-gehender","72":"product_tag-gehendes","73":"product_tag-getrocknet","74":"product_tag-getrocknete","75":"product_tag-getrockneter","76":"product_tag-getrocknetes","77":"product_tag-grossstadt","78":"product_tag-grossstaedte","79":"product_tag-hauptstadt","80":"product_tag-hauptstaedte","81":"product_tag-im-freien","82":"product_tag-jung","83":"product_tag-junge","84":"product_tag-jungen","85":"product_tag-junger","86":"product_tag-junges","87":"product_tag-kind","88":"product_tag-kinde","89":"product_tag-kinder","90":"product_tag-kindern","91":"product_tag-kindes","92":"product_tag-kindheit","93":"product_tag-korea","94":"product_tag-koreaner","95":"product_tag-koreanerin","96":"product_tag-koreanerinnen","97":"product_tag-koreanisch","98":"product_tag-koreanische","99":"product_tag-koreanischen","100":"product_tag-koreanischer","101":"product_tag-koreanisches","102":"product_tag-mappe","103":"product_tag-mappen","104":"product_tag-markt","105":"product_tag-maerkte","106":"product_tag-marktfrau","107":"product_tag-marktfrauen","108":"product_tag-marktplatz","109":"product_tag-marktplaetze","110":"product_tag-marktszene","111":"product_tag-marktszenen","112":"product_tag-markttreiben","113":"product_tag-ost-asiatisch","114":"product_tag-ost-asiatische","115":"product_tag-ost-asiatischen","116":"product_tag-ost-asiatischer","117":"product_tag-ost-asiatisches","118":"product_tag-ost-asien","119":"product_tag-ost-asiens","120":"product_tag-ostasiatisch","121":"product_tag-ostasiatische","122":"product_tag-ostasiatischen","123":"product_tag-ostasiatischer","124":"product_tag-ostasiatisches","125":"product_tag-ostasien","126":"product_tag-paedagogik","127":"product_tag-passantin","128":"product_tag-passantinnen","129":"product_tag-photo","130":"product_tag-photoabzug","131":"product_tag-photoabzuege","132":"product_tag-photographie","133":"product_tag-photographien","134":"product_tag-photographin","135":"product_tag-photographinnen","136":"product_tag-print","137":"product_tag-s-w-fotografie","138":"product_tag-s-w-photographie","139":"product_tag-schuelerin","140":"product_tag-schuelerinnen","141":"product_tag-schulmaedchen","142":"product_tag-schulmappe","143":"product_tag-schulmappen","144":"product_tag-schulranzen","145":"product_tag-schultasche","146":"product_tag-schultaschen","147":"product_tag-schuluniform","148":"product_tag-schuluniformen","149":"product_tag-schulweg","150":"product_tag-schwarzweissphotographie","151":"product_tag-schwarz-weiss-fotografie","152":"product_tag-schwarz-weiss-photographie","153":"product_tag-schwarzweiss","154":"product_tag-schwarzweisse","155":"product_tag-schwarzweissen","156":"product_tag-schwarzweisser","157":"product_tag-schwarzweisses","158":"product_tag-schwarzweissfotografie","159":"product_tag-siebziger","160":"product_tag-silbergelatine","161":"product_tag-silbergelatineabzug","162":"product_tag-silbergelatineabzuege","163":"product_tag-silbergelatineprint","164":"product_tag-stadt","165":"product_tag-staedte","166":"product_tag-stadtleben","167":"product_tag-strassenleben","168":"product_tag-strassenszene","169":"product_tag-suedkorea","170":"product_tag-suedkoreaner","171":"product_tag-suedkoreanisch","172":"product_tag-suedkoreanische","173":"product_tag-suedkoreanischen","174":"product_tag-suedkoreanischer","175":"product_tag-suedkoreanisches","176":"product_tag-suedostasiatisch","177":"product_tag-suedostasiatische","178":"product_tag-suedostasiatischem","179":"product_tag-suedostasiatischen","180":"product_tag-suedostasiatischer","181":"product_tag-suedostasiatisches","182":"product_tag-suedostasien","183":"product_tag-sw-fotografie","184":"product_tag-sw-photographie","185":"product_tag-uniform","186":"product_tag-uniformen","187":"pa_datierung-mai-1973","188":"pa_fotograf-abisag-tuellmann","189":"pa_geografischer_bezug-aufnahmeort-seoul-republik-korea","190":"pa_grunddaten_material_technik-foto-silbergelatine-auf-barytpapier","191":"pa_inventarnummer-tue-73-062-22","192":"pa_jahr_von-54245","193":"pa_massangaben-bildformat-foto-231-x-304-cm","194":"pa_mediennummer-68550","195":"pa_objekt_typ-fotografie","197":"first","198":"instock","199":"product-type-simple"},"yoast_head":"<!-- This site is optimized with the Yoast SEO plugin v27.4 - https:\/\/yoast.com\/product\/yoast-seo-wordpress\/ -->\n<title>Sch\u00fclerinnen auf einem Markt in Seoul - Abisag T\u00fcllmann<\/title>\n<meta name=\"robots\" content=\"index, follow, max-snippet:-1, max-image-preview:large, max-video-preview:-1\" \/>\n<link rel=\"canonical\" href=\"https:\/\/bpk-archive.de\/tuellmann\/produkt\/schuelerinnen-auf-einem-markt-in-seoul\/\" \/>\n<meta property=\"og:locale\" content=\"de_DE\" \/>\n<meta property=\"og:type\" content=\"article\" \/>\n<meta property=\"og:title\" content=\"Sch\u00fclerinnen auf einem Markt in Seoul - Abisag T\u00fcllmann\" \/>\n<meta property=\"og:description\" content=\"R\u00fcckseitenbeschriftung von Hand der Fotografin: &#8222;Seoul, Sch\u00fclerinnen einer h\u00f6heren Schule (auf einem Markt)&#8220;\" \/>\n<meta property=\"og:url\" content=\"https:\/\/bpk-archive.de\/tuellmann\/produkt\/schuelerinnen-auf-einem-markt-in-seoul\/\" \/>\n<meta property=\"og:site_name\" content=\"Abisag T\u00fcllmann\" \/>\n<meta property=\"article:modified_time\" content=\"2019-09-05T14:25:58+00:00\" \/>\n<meta property=\"og:image\" content=\"https:\/\/bpk-archive.de\/tuellmann\/wp-content\/uploads\/2019\/08\/bpk_70242873.jpg\" \/>\n\t<meta property=\"og:image:width\" content=\"1200\" \/>\n\t<meta property=\"og:image:height\" content=\"925\" \/>\n\t<meta property=\"og:image:type\" content=\"image\/jpeg\" \/>\n<meta name=\"twitter:card\" content=\"summary_large_image\" \/>\n<script type=\"application\/ld+json\" class=\"yoast-schema-graph\">{\"@context\":\"https:\\\/\\\/schema.org\",\"@graph\":[{\"@type\":\"WebPage\",\"@id\":\"https:\\\/\\\/bpk-archive.de\\\/tuellmann\\\/produkt\\\/schuelerinnen-auf-einem-markt-in-seoul\\\/\",\"url\":\"https:\\\/\\\/bpk-archive.de\\\/tuellmann\\\/produkt\\\/schuelerinnen-auf-einem-markt-in-seoul\\\/\",\"name\":\"Sch\u00fclerinnen auf einem Markt in Seoul - Abisag T\u00fcllmann\",\"isPartOf\":{\"@id\":\"https:\\\/\\\/bpk-archive.de\\\/tuellmann\\\/#website\"},\"primaryImageOfPage\":{\"@id\":\"https:\\\/\\\/bpk-archive.de\\\/tuellmann\\\/produkt\\\/schuelerinnen-auf-einem-markt-in-seoul\\\/#primaryimage\"},\"image\":{\"@id\":\"https:\\\/\\\/bpk-archive.de\\\/tuellmann\\\/produkt\\\/schuelerinnen-auf-einem-markt-in-seoul\\\/#primaryimage\"},\"thumbnailUrl\":\"https:\\\/\\\/bpk-archive.de\\\/tuellmann\\\/wp-content\\\/uploads\\\/2019\\\/08\\\/bpk_70242873.jpg\",\"datePublished\":\"2019-09-05T14:25:43+00:00\",\"dateModified\":\"2019-09-05T14:25:58+00:00\",\"breadcrumb\":{\"@id\":\"https:\\\/\\\/bpk-archive.de\\\/tuellmann\\\/produkt\\\/schuelerinnen-auf-einem-markt-in-seoul\\\/#breadcrumb\"},\"inLanguage\":\"de\",\"potentialAction\":[{\"@type\":\"ReadAction\",\"target\":[\"https:\\\/\\\/bpk-archive.de\\\/tuellmann\\\/produkt\\\/schuelerinnen-auf-einem-markt-in-seoul\\\/\"]}]},{\"@type\":\"ImageObject\",\"inLanguage\":\"de\",\"@id\":\"https:\\\/\\\/bpk-archive.de\\\/tuellmann\\\/produkt\\\/schuelerinnen-auf-einem-markt-in-seoul\\\/#primaryimage\",\"url\":\"https:\\\/\\\/bpk-archive.de\\\/tuellmann\\\/wp-content\\\/uploads\\\/2019\\\/08\\\/bpk_70242873.jpg\",\"contentUrl\":\"https:\\\/\\\/bpk-archive.de\\\/tuellmann\\\/wp-content\\\/uploads\\\/2019\\\/08\\\/bpk_70242873.jpg\",\"width\":1200,\"height\":925,\"caption\":\"Sch\u00fclerinnen auf einem Markt in Seoul\"},{\"@type\":\"BreadcrumbList\",\"@id\":\"https:\\\/\\\/bpk-archive.de\\\/tuellmann\\\/produkt\\\/schuelerinnen-auf-einem-markt-in-seoul\\\/#breadcrumb\",\"itemListElement\":[{\"@type\":\"ListItem\",\"position\":1,\"name\":\"Startseite\",\"item\":\"https:\\\/\\\/bpk-archive.de\\\/tuellmann\\\/\"},{\"@type\":\"ListItem\",\"position\":2,\"name\":\"Shop\",\"item\":\"https:\\\/\\\/bpk-archive.de\\\/tuellmann\\\/shop\\\/\"},{\"@type\":\"ListItem\",\"position\":3,\"name\":\"Sch\u00fclerinnen auf einem Markt in Seoul\"}]},{\"@type\":\"WebSite\",\"@id\":\"https:\\\/\\\/bpk-archive.de\\\/tuellmann\\\/#website\",\"url\":\"https:\\\/\\\/bpk-archive.de\\\/tuellmann\\\/\",\"name\":\"Abisag T\u00fcllmann\",\"description\":\"Eine weitere WordPress-Website\",\"potentialAction\":[{\"@type\":\"SearchAction\",\"target\":{\"@type\":\"EntryPoint\",\"urlTemplate\":\"https:\\\/\\\/bpk-archive.de\\\/tuellmann\\\/?s={search_term_string}\"},\"query-input\":{\"@type\":\"PropertyValueSpecification\",\"valueRequired\":true,\"valueName\":\"search_term_string\"}}],\"inLanguage\":\"de\"}]}<\/script>\n<!-- \/ Yoast SEO plugin. -->","yoast_head_json":{"title":"Sch\u00fclerinnen auf einem Markt in Seoul - Abisag T\u00fcllmann","robots":{"index":"index","follow":"follow","max-snippet":"max-snippet:-1","max-image-preview":"max-image-preview:large","max-video-preview":"max-video-preview:-1"},"canonical":"https:\/\/bpk-archive.de\/tuellmann\/produkt\/schuelerinnen-auf-einem-markt-in-seoul\/","og_locale":"de_DE","og_type":"article","og_title":"Sch\u00fclerinnen auf einem Markt in Seoul - Abisag T\u00fcllmann","og_description":"R\u00fcckseitenbeschriftung von Hand der Fotografin: &#8222;Seoul, Sch\u00fclerinnen einer h\u00f6heren Schule (auf einem Markt)&#8220;","og_url":"https:\/\/bpk-archive.de\/tuellmann\/produkt\/schuelerinnen-auf-einem-markt-in-seoul\/","og_site_name":"Abisag T\u00fcllmann","article_modified_time":"2019-09-05T14:25:58+00:00","og_image":[{"width":1200,"height":925,"url":"https:\/\/bpk-archive.de\/tuellmann\/wp-content\/uploads\/2019\/08\/bpk_70242873.jpg","type":"image\/jpeg"}],"twitter_card":"summary_large_image","schema":{"@context":"https:\/\/schema.org","@graph":[{"@type":"WebPage","@id":"https:\/\/bpk-archive.de\/tuellmann\/produkt\/schuelerinnen-auf-einem-markt-in-seoul\/","url":"https:\/\/bpk-archive.de\/tuellmann\/produkt\/schuelerinnen-auf-einem-markt-in-seoul\/","name":"Sch\u00fclerinnen auf einem Markt in Seoul - Abisag T\u00fcllmann","isPartOf":{"@id":"https:\/\/bpk-archive.de\/tuellmann\/#website"},"primaryImageOfPage":{"@id":"https:\/\/bpk-archive.de\/tuellmann\/produkt\/schuelerinnen-auf-einem-markt-in-seoul\/#primaryimage"},"image":{"@id":"https:\/\/bpk-archive.de\/tuellmann\/produkt\/schuelerinnen-auf-einem-markt-in-seoul\/#primaryimage"},"thumbnailUrl":"https:\/\/bpk-archive.de\/tuellmann\/wp-content\/uploads\/2019\/08\/bpk_70242873.jpg","datePublished":"2019-09-05T14:25:43+00:00","dateModified":"2019-09-05T14:25:58+00:00","breadcrumb":{"@id":"https:\/\/bpk-archive.de\/tuellmann\/produkt\/schuelerinnen-auf-einem-markt-in-seoul\/#breadcrumb"},"inLanguage":"de","potentialAction":[{"@type":"ReadAction","target":["https:\/\/bpk-archive.de\/tuellmann\/produkt\/schuelerinnen-auf-einem-markt-in-seoul\/"]}]},{"@type":"ImageObject","inLanguage":"de","@id":"https:\/\/bpk-archive.de\/tuellmann\/produkt\/schuelerinnen-auf-einem-markt-in-seoul\/#primaryimage","url":"https:\/\/bpk-archive.de\/tuellmann\/wp-content\/uploads\/2019\/08\/bpk_70242873.jpg","contentUrl":"https:\/\/bpk-archive.de\/tuellmann\/wp-content\/uploads\/2019\/08\/bpk_70242873.jpg","width":1200,"height":925,"caption":"Sch\u00fclerinnen auf einem Markt in Seoul"},{"@type":"BreadcrumbList","@id":"https:\/\/bpk-archive.de\/tuellmann\/produkt\/schuelerinnen-auf-einem-markt-in-seoul\/#breadcrumb","itemListElement":[{"@type":"ListItem","position":1,"name":"Startseite","item":"https:\/\/bpk-archive.de\/tuellmann\/"},{"@type":"ListItem","position":2,"name":"Shop","item":"https:\/\/bpk-archive.de\/tuellmann\/shop\/"},{"@type":"ListItem","position":3,"name":"Sch\u00fclerinnen auf einem Markt in Seoul"}]},{"@type":"WebSite","@id":"https:\/\/bpk-archive.de\/tuellmann\/#website","url":"https:\/\/bpk-archive.de\/tuellmann\/","name":"Abisag T\u00fcllmann","description":"Eine weitere WordPress-Website","potentialAction":[{"@type":"SearchAction","target":{"@type":"EntryPoint","urlTemplate":"https:\/\/bpk-archive.de\/tuellmann\/?s={search_term_string}"},"query-input":{"@type":"PropertyValueSpecification","valueRequired":true,"valueName":"search_term_string"}}],"inLanguage":"de"}]}},"_links":{"self":[{"href":"https:\/\/bpk-archive.de\/tuellmann\/wp-json\/wp\/v2\/product\/70297416","targetHints":{"allow":["GET"]}}],"collection":[{"href":"https:\/\/bpk-archive.de\/tuellmann\/wp-json\/wp\/v2\/product"}],"about":[{"href":"https:\/\/bpk-archive.de\/tuellmann\/wp-json\/wp\/v2\/types\/product"}],"wp:featuredmedia":[{"embeddable":true,"href":"https:\/\/bpk-archive.de\/tuellmann\/wp-json\/wp\/v2\/media\/70292171"}],"wp:attachment":[{"href":"https:\/\/bpk-archive.de\/tuellmann\/wp-json\/wp\/v2\/media?parent=70297416"}],"wp:term":[{"taxonomy":"product_brand","embeddable":true,"href":"https:\/\/bpk-archive.de\/tuellmann\/wp-json\/wp\/v2\/product_brand?post=70297416"},{"taxonomy":"product_cat","embeddable":true,"href":"https:\/\/bpk-archive.de\/tuellmann\/wp-json\/wp\/v2\/product_cat?post=70297416"},{"taxonomy":"product_tag","embeddable":true,"href":"https:\/\/bpk-archive.de\/tuellmann\/wp-json\/wp\/v2\/product_tag?post=70297416"}],"curies":[{"name":"wp","href":"https:\/\/api.w.org\/{rel}","templated":true}]}}