{"id":70297414,"date":"2019-09-05T16:25:43","date_gmt":"2019-09-05T14:25:43","guid":{"rendered":"http:\/\/abisagtuellmann.bpk-news.de\/atbild\/dieter-rams-industriedesigner-fuer-den-elektrogeraete-hersteller-braun-am-zeichentisch\/"},"modified":"2020-08-11T16:40:19","modified_gmt":"2020-08-11T14:40:19","slug":"dieter-rams-industriedesigner-fuer-den-elektrogeraete-hersteller-braun-am-zeichentisch","status":"publish","type":"product","link":"https:\/\/bpk-archive.de\/tuellmann\/produkt\/dieter-rams-industriedesigner-fuer-den-elektrogeraete-hersteller-braun-am-zeichentisch\/","title":{"rendered":"Dieter Rams, Industriedesigner f\u00fcr den Elektroger\u00e4te-Hersteller &#8222;Braun&#8220;, am Zeichentisch"},"content":{"rendered":"","protected":false},"excerpt":{"rendered":"","protected":false},"featured_media":70292153,"template":"","meta":[],"product_brand":[],"product_cat":[73387],"product_tag":[13230,13232,49666,13234,49667,13231,13233,13235,14271,13777,14272,13469,13470,13253,13254,13255,13256,13257,13471,13472,13473,13293,13786,13787,13294,13295,13296,13297,13485,13486,13482,13481,13483,13484,13492,13493,13494,13495,13496,13497,13498,13328,13827,13828,13329,13330,13331,13332,13843,13877,13879,13865,13864,13866,13858,13859,13860,13861,13862,13863,13354,13869,13870,13871,13872,13878,13880,13525],"class_list":{"0":"post-70297414","1":"product","2":"type-product","3":"status-publish","4":"has-post-thumbnail","6":"product_cat-mode-design","7":"product_tag-1970er-jahre","8":"product_tag-20-jahrhundert-nach-chr","9":"product_tag-20-jahrhundert-vor-chr","10":"product_tag-20-jh-n-chr","11":"product_tag-20-jh-v-chr","12":"product_tag-20-jahrhundert","13":"product_tag-20-jh","14":"product_tag-70er","15":"product_tag-abt_009","16":"product_tag-abzug","17":"product_tag-at_mode-design","18":"product_tag-brd","19":"product_tag-bundesrepublik-deutschland","20":"product_tag-deutsch","21":"product_tag-deutsche","22":"product_tag-deutschen","23":"product_tag-deutscher","24":"product_tag-deutsches","25":"product_tag-deutschland","26":"product_tag-deutschlands","27":"product_tag-drinnen","28":"product_tag-foto","29":"product_tag-fotoabzug","30":"product_tag-fotoabzuege","31":"product_tag-fotografie","32":"product_tag-fotografien","33":"product_tag-fotografin","34":"product_tag-fotografinnen","35":"product_tag-frankfurt-m","36":"product_tag-frankfurt-main","37":"product_tag-frankfurt-a-main","38":"product_tag-frankfurt-a-m","39":"product_tag-frankfurt-am-main","40":"product_tag-frankfurter","41":"product_tag-hessen","42":"product_tag-hessisch","43":"product_tag-hessische","44":"product_tag-hessischen","45":"product_tag-hessischer","46":"product_tag-hessisches","47":"product_tag-innen","48":"product_tag-photo","49":"product_tag-photoabzug","50":"product_tag-photoabzuege","51":"product_tag-photographie","52":"product_tag-photographien","53":"product_tag-photographin","54":"product_tag-photographinnen","55":"product_tag-print","56":"product_tag-s-w-fotografie","57":"product_tag-s-w-photographie","58":"product_tag-schwarzweissphotographie","59":"product_tag-schwarz-weiss-fotografie","60":"product_tag-schwarz-weiss-photographie","61":"product_tag-schwarzweiss","62":"product_tag-schwarzweisse","63":"product_tag-schwarzweissen","64":"product_tag-schwarzweisser","65":"product_tag-schwarzweisses","66":"product_tag-schwarzweissfotografie","67":"product_tag-siebziger","68":"product_tag-silbergelatine","69":"product_tag-silbergelatineabzug","70":"product_tag-silbergelatineabzuege","71":"product_tag-silbergelatineprint","72":"product_tag-sw-fotografie","73":"product_tag-sw-photographie","74":"product_tag-von-innen","75":"pa_datierung-29407","76":"pa_fotograf-abisag-tuellmann","77":"pa_geografischer_bezug-aufnahmeort-frankfurt-am-main-deutschland","78":"pa_grunddaten_material_technik-foto-silbergelatine-auf-barytpapier","79":"pa_inventarnummer-tue-79-173-36a","80":"pa_jahr_von-14087","81":"pa_massangaben-bildformat-foto-233-x-305-cm","82":"pa_mediennummer-68546","83":"pa_objekt_typ-fotografie","85":"first","86":"instock","87":"product-type-simple"},"yoast_head":"<!-- This site is optimized with the Yoast SEO plugin v27.3 - https:\/\/yoast.com\/product\/yoast-seo-wordpress\/ -->\n<title>Dieter Rams, Industriedesigner f\u00fcr den Elektroger\u00e4te-Hersteller &quot;Braun&quot;, am Zeichentisch - Abisag T\u00fcllmann<\/title>\n<meta name=\"robots\" content=\"index, follow, max-snippet:-1, max-image-preview:large, max-video-preview:-1\" \/>\n<link rel=\"canonical\" href=\"https:\/\/bpk-archive.de\/tuellmann\/produkt\/dieter-rams-industriedesigner-fuer-den-elektrogeraete-hersteller-braun-am-zeichentisch\/\" \/>\n<meta property=\"og:locale\" content=\"de_DE\" \/>\n<meta property=\"og:type\" content=\"article\" \/>\n<meta property=\"og:title\" content=\"Dieter Rams, Industriedesigner f\u00fcr den Elektroger\u00e4te-Hersteller &quot;Braun&quot;, am Zeichentisch - Abisag T\u00fcllmann\" \/>\n<meta property=\"og:url\" content=\"https:\/\/bpk-archive.de\/tuellmann\/produkt\/dieter-rams-industriedesigner-fuer-den-elektrogeraete-hersteller-braun-am-zeichentisch\/\" \/>\n<meta property=\"og:site_name\" content=\"Abisag T\u00fcllmann\" \/>\n<meta property=\"article:modified_time\" content=\"2020-08-11T14:40:19+00:00\" \/>\n<meta property=\"og:image\" content=\"https:\/\/bpk-archive.de\/tuellmann\/wp-content\/uploads\/2019\/08\/bpk_70242867.jpg\" \/>\n\t<meta property=\"og:image:width\" content=\"1200\" \/>\n\t<meta property=\"og:image:height\" content=\"927\" \/>\n\t<meta property=\"og:image:type\" content=\"image\/jpeg\" \/>\n<meta name=\"twitter:card\" content=\"summary_large_image\" \/>\n<script type=\"application\/ld+json\" class=\"yoast-schema-graph\">{\"@context\":\"https:\\\/\\\/schema.org\",\"@graph\":[{\"@type\":\"WebPage\",\"@id\":\"https:\\\/\\\/bpk-archive.de\\\/tuellmann\\\/produkt\\\/dieter-rams-industriedesigner-fuer-den-elektrogeraete-hersteller-braun-am-zeichentisch\\\/\",\"url\":\"https:\\\/\\\/bpk-archive.de\\\/tuellmann\\\/produkt\\\/dieter-rams-industriedesigner-fuer-den-elektrogeraete-hersteller-braun-am-zeichentisch\\\/\",\"name\":\"Dieter Rams, Industriedesigner f\u00fcr den Elektroger\u00e4te-Hersteller \\\"Braun\\\", am Zeichentisch - Abisag T\u00fcllmann\",\"isPartOf\":{\"@id\":\"https:\\\/\\\/bpk-archive.de\\\/tuellmann\\\/#website\"},\"primaryImageOfPage\":{\"@id\":\"https:\\\/\\\/bpk-archive.de\\\/tuellmann\\\/produkt\\\/dieter-rams-industriedesigner-fuer-den-elektrogeraete-hersteller-braun-am-zeichentisch\\\/#primaryimage\"},\"image\":{\"@id\":\"https:\\\/\\\/bpk-archive.de\\\/tuellmann\\\/produkt\\\/dieter-rams-industriedesigner-fuer-den-elektrogeraete-hersteller-braun-am-zeichentisch\\\/#primaryimage\"},\"thumbnailUrl\":\"https:\\\/\\\/bpk-archive.de\\\/tuellmann\\\/wp-content\\\/uploads\\\/2019\\\/08\\\/bpk_70242867.jpg\",\"datePublished\":\"2019-09-05T14:25:43+00:00\",\"dateModified\":\"2020-08-11T14:40:19+00:00\",\"breadcrumb\":{\"@id\":\"https:\\\/\\\/bpk-archive.de\\\/tuellmann\\\/produkt\\\/dieter-rams-industriedesigner-fuer-den-elektrogeraete-hersteller-braun-am-zeichentisch\\\/#breadcrumb\"},\"inLanguage\":\"de\",\"potentialAction\":[{\"@type\":\"ReadAction\",\"target\":[\"https:\\\/\\\/bpk-archive.de\\\/tuellmann\\\/produkt\\\/dieter-rams-industriedesigner-fuer-den-elektrogeraete-hersteller-braun-am-zeichentisch\\\/\"]}]},{\"@type\":\"ImageObject\",\"inLanguage\":\"de\",\"@id\":\"https:\\\/\\\/bpk-archive.de\\\/tuellmann\\\/produkt\\\/dieter-rams-industriedesigner-fuer-den-elektrogeraete-hersteller-braun-am-zeichentisch\\\/#primaryimage\",\"url\":\"https:\\\/\\\/bpk-archive.de\\\/tuellmann\\\/wp-content\\\/uploads\\\/2019\\\/08\\\/bpk_70242867.jpg\",\"contentUrl\":\"https:\\\/\\\/bpk-archive.de\\\/tuellmann\\\/wp-content\\\/uploads\\\/2019\\\/08\\\/bpk_70242867.jpg\",\"width\":1200,\"height\":927,\"caption\":\"Dieter Rams, Industriedesigner f\u00fcr den Elektroger\u00e4te-Hersteller \\\"Braun\\\", am Zeichentisch\"},{\"@type\":\"BreadcrumbList\",\"@id\":\"https:\\\/\\\/bpk-archive.de\\\/tuellmann\\\/produkt\\\/dieter-rams-industriedesigner-fuer-den-elektrogeraete-hersteller-braun-am-zeichentisch\\\/#breadcrumb\",\"itemListElement\":[{\"@type\":\"ListItem\",\"position\":1,\"name\":\"Startseite\",\"item\":\"https:\\\/\\\/bpk-archive.de\\\/tuellmann\\\/\"},{\"@type\":\"ListItem\",\"position\":2,\"name\":\"Shop\",\"item\":\"https:\\\/\\\/bpk-archive.de\\\/tuellmann\\\/shop\\\/\"},{\"@type\":\"ListItem\",\"position\":3,\"name\":\"Dieter Rams, Industriedesigner f\u00fcr den Elektroger\u00e4te-Hersteller &#8220;Braun&#8221;, am Zeichentisch\"}]},{\"@type\":\"WebSite\",\"@id\":\"https:\\\/\\\/bpk-archive.de\\\/tuellmann\\\/#website\",\"url\":\"https:\\\/\\\/bpk-archive.de\\\/tuellmann\\\/\",\"name\":\"Abisag T\u00fcllmann\",\"description\":\"Eine weitere WordPress-Website\",\"potentialAction\":[{\"@type\":\"SearchAction\",\"target\":{\"@type\":\"EntryPoint\",\"urlTemplate\":\"https:\\\/\\\/bpk-archive.de\\\/tuellmann\\\/?s={search_term_string}\"},\"query-input\":{\"@type\":\"PropertyValueSpecification\",\"valueRequired\":true,\"valueName\":\"search_term_string\"}}],\"inLanguage\":\"de\"}]}<\/script>\n<!-- \/ Yoast SEO plugin. -->","yoast_head_json":{"title":"Dieter Rams, Industriedesigner f\u00fcr den Elektroger\u00e4te-Hersteller \"Braun\", am Zeichentisch - Abisag T\u00fcllmann","robots":{"index":"index","follow":"follow","max-snippet":"max-snippet:-1","max-image-preview":"max-image-preview:large","max-video-preview":"max-video-preview:-1"},"canonical":"https:\/\/bpk-archive.de\/tuellmann\/produkt\/dieter-rams-industriedesigner-fuer-den-elektrogeraete-hersteller-braun-am-zeichentisch\/","og_locale":"de_DE","og_type":"article","og_title":"Dieter Rams, Industriedesigner f\u00fcr den Elektroger\u00e4te-Hersteller \"Braun\", am Zeichentisch - Abisag T\u00fcllmann","og_url":"https:\/\/bpk-archive.de\/tuellmann\/produkt\/dieter-rams-industriedesigner-fuer-den-elektrogeraete-hersteller-braun-am-zeichentisch\/","og_site_name":"Abisag T\u00fcllmann","article_modified_time":"2020-08-11T14:40:19+00:00","og_image":[{"width":1200,"height":927,"url":"https:\/\/bpk-archive.de\/tuellmann\/wp-content\/uploads\/2019\/08\/bpk_70242867.jpg","type":"image\/jpeg"}],"twitter_card":"summary_large_image","schema":{"@context":"https:\/\/schema.org","@graph":[{"@type":"WebPage","@id":"https:\/\/bpk-archive.de\/tuellmann\/produkt\/dieter-rams-industriedesigner-fuer-den-elektrogeraete-hersteller-braun-am-zeichentisch\/","url":"https:\/\/bpk-archive.de\/tuellmann\/produkt\/dieter-rams-industriedesigner-fuer-den-elektrogeraete-hersteller-braun-am-zeichentisch\/","name":"Dieter Rams, Industriedesigner f\u00fcr den Elektroger\u00e4te-Hersteller \"Braun\", am Zeichentisch - Abisag T\u00fcllmann","isPartOf":{"@id":"https:\/\/bpk-archive.de\/tuellmann\/#website"},"primaryImageOfPage":{"@id":"https:\/\/bpk-archive.de\/tuellmann\/produkt\/dieter-rams-industriedesigner-fuer-den-elektrogeraete-hersteller-braun-am-zeichentisch\/#primaryimage"},"image":{"@id":"https:\/\/bpk-archive.de\/tuellmann\/produkt\/dieter-rams-industriedesigner-fuer-den-elektrogeraete-hersteller-braun-am-zeichentisch\/#primaryimage"},"thumbnailUrl":"https:\/\/bpk-archive.de\/tuellmann\/wp-content\/uploads\/2019\/08\/bpk_70242867.jpg","datePublished":"2019-09-05T14:25:43+00:00","dateModified":"2020-08-11T14:40:19+00:00","breadcrumb":{"@id":"https:\/\/bpk-archive.de\/tuellmann\/produkt\/dieter-rams-industriedesigner-fuer-den-elektrogeraete-hersteller-braun-am-zeichentisch\/#breadcrumb"},"inLanguage":"de","potentialAction":[{"@type":"ReadAction","target":["https:\/\/bpk-archive.de\/tuellmann\/produkt\/dieter-rams-industriedesigner-fuer-den-elektrogeraete-hersteller-braun-am-zeichentisch\/"]}]},{"@type":"ImageObject","inLanguage":"de","@id":"https:\/\/bpk-archive.de\/tuellmann\/produkt\/dieter-rams-industriedesigner-fuer-den-elektrogeraete-hersteller-braun-am-zeichentisch\/#primaryimage","url":"https:\/\/bpk-archive.de\/tuellmann\/wp-content\/uploads\/2019\/08\/bpk_70242867.jpg","contentUrl":"https:\/\/bpk-archive.de\/tuellmann\/wp-content\/uploads\/2019\/08\/bpk_70242867.jpg","width":1200,"height":927,"caption":"Dieter Rams, Industriedesigner f\u00fcr den Elektroger\u00e4te-Hersteller \"Braun\", am Zeichentisch"},{"@type":"BreadcrumbList","@id":"https:\/\/bpk-archive.de\/tuellmann\/produkt\/dieter-rams-industriedesigner-fuer-den-elektrogeraete-hersteller-braun-am-zeichentisch\/#breadcrumb","itemListElement":[{"@type":"ListItem","position":1,"name":"Startseite","item":"https:\/\/bpk-archive.de\/tuellmann\/"},{"@type":"ListItem","position":2,"name":"Shop","item":"https:\/\/bpk-archive.de\/tuellmann\/shop\/"},{"@type":"ListItem","position":3,"name":"Dieter Rams, Industriedesigner f\u00fcr den Elektroger\u00e4te-Hersteller &#8220;Braun&#8221;, am Zeichentisch"}]},{"@type":"WebSite","@id":"https:\/\/bpk-archive.de\/tuellmann\/#website","url":"https:\/\/bpk-archive.de\/tuellmann\/","name":"Abisag T\u00fcllmann","description":"Eine weitere WordPress-Website","potentialAction":[{"@type":"SearchAction","target":{"@type":"EntryPoint","urlTemplate":"https:\/\/bpk-archive.de\/tuellmann\/?s={search_term_string}"},"query-input":{"@type":"PropertyValueSpecification","valueRequired":true,"valueName":"search_term_string"}}],"inLanguage":"de"}]}},"_links":{"self":[{"href":"https:\/\/bpk-archive.de\/tuellmann\/wp-json\/wp\/v2\/product\/70297414","targetHints":{"allow":["GET"]}}],"collection":[{"href":"https:\/\/bpk-archive.de\/tuellmann\/wp-json\/wp\/v2\/product"}],"about":[{"href":"https:\/\/bpk-archive.de\/tuellmann\/wp-json\/wp\/v2\/types\/product"}],"wp:featuredmedia":[{"embeddable":true,"href":"https:\/\/bpk-archive.de\/tuellmann\/wp-json\/wp\/v2\/media\/70292153"}],"wp:attachment":[{"href":"https:\/\/bpk-archive.de\/tuellmann\/wp-json\/wp\/v2\/media?parent=70297414"}],"wp:term":[{"taxonomy":"product_brand","embeddable":true,"href":"https:\/\/bpk-archive.de\/tuellmann\/wp-json\/wp\/v2\/product_brand?post=70297414"},{"taxonomy":"product_cat","embeddable":true,"href":"https:\/\/bpk-archive.de\/tuellmann\/wp-json\/wp\/v2\/product_cat?post=70297414"},{"taxonomy":"product_tag","embeddable":true,"href":"https:\/\/bpk-archive.de\/tuellmann\/wp-json\/wp\/v2\/product_tag?post=70297414"}],"curies":[{"name":"wp","href":"https:\/\/api.w.org\/{rel}","templated":true}]}}