{"id":70297413,"date":"2019-09-05T16:25:43","date_gmt":"2019-09-05T14:25:43","guid":{"rendered":"http:\/\/abisagtuellmann.bpk-news.de\/atbild\/rueckseite-von-miniatur-stuhl-auf-der-hand-von-robert-wilson-requisit-aus-koenig-lear\/"},"modified":"2019-09-05T16:25:56","modified_gmt":"2019-09-05T14:25:56","slug":"rueckseite-von-miniatur-stuhl-auf-der-hand-von-robert-wilson-requisit-aus-koenig-lear","status":"publish","type":"product","link":"https:\/\/bpk-archive.de\/tuellmann\/produkt\/rueckseite-von-miniatur-stuhl-auf-der-hand-von-robert-wilson-requisit-aus-koenig-lear\/","title":{"rendered":"R\u00fcckseite von: Miniatur-Stuhl auf der Hand von Robert Wilson (Requisit aus &#8222;K\u00f6nig Lear&#8220;)"},"content":{"rendered":"<p>Vorderseite siehe: 70242872 R\u00fcckseitenbeschriftung von Hand der Fotografin: &#8222;Dieses Foto von Bob Wilsons Hand mit dem kleinen Lear-Stuhl wurde k\u00fcrzlich f\u00fcr ein Plakat verwendet (in M\u00fcnchen), mit dem ich einigerma\u00dfen zufrieden bin (passiert mir ja selten, dies wohlige Gef\u00fchl von Zufriedenheit).&#8220;<\/p>\n","protected":false},"excerpt":{"rendered":"<p>Vorderseite siehe: 70242872 R\u00fcckseitenbeschriftung von Hand der Fotografin: &#8222;Dieses Foto von Bob Wilsons Hand mit dem kleinen Lear-Stuhl wurde k\u00fcrzlich f\u00fcr ein Plakat verwendet (in M\u00fcnchen), mit dem ich einigerma\u00dfen zufrieden bin (passiert mir ja selten, dies wohlige Gef\u00fchl von Zufriedenheit).&#8220;<\/p>\n","protected":false},"featured_media":70292168,"template":"","meta":[],"product_brand":[],"product_cat":[],"product_tag":[57805,14308,13232,13234,13231,13233,14309,47921,14271,13777,14272,48438,48355,48356,48357,48358,48359,48360,13469,13470,13253,13254,13255,13256,13257,13471,13472,13473,13293,13786,13787,13294,13295,13296,13297,13485,13486,13482,13481,13483,13484,48440,48441,48442,48443,48444,48445,48446,13492,13493,13494,13495,13496,13497,13498,48448,48449,14328,51841,51842,48451,48452,47899,47900,13328,13827,13828,13329,13330,13331,13332,48266,48267,48268,48269,48270,13843,47594,47595,13877,13879,48364,48365,13865,13864,13866,13858,13859,13860,13861,13862,13863,13869,13870,13871,13872,13878,13880,47968,48366,48367,47615,13525,48368,54573,54574,54575,54576,54577,54578],"class_list":{"0":"post-70297413","1":"product","2":"type-product","3":"status-publish","4":"has-post-thumbnail","6":"product_tag-7-10-1935-24-9-1996","7":"product_tag-1990er-jahre","8":"product_tag-20-jahrhundert-nach-chr","9":"product_tag-20-jh-n-chr","10":"product_tag-20-jahrhundert","11":"product_tag-20-jh","12":"product_tag-90er","13":"product_tag-abisag","14":"product_tag-abt_009","15":"product_tag-abzug","16":"product_tag-at_mode-design","17":"product_tag-aufschrift","18":"product_tag-beschriftet","19":"product_tag-beschriftete","20":"product_tag-beschrifteter","21":"product_tag-beschriftetes","22":"product_tag-beschriftung","23":"product_tag-beschriftungen","24":"product_tag-brd","25":"product_tag-bundesrepublik-deutschland","26":"product_tag-deutsch","27":"product_tag-deutsche","28":"product_tag-deutschen","29":"product_tag-deutscher","30":"product_tag-deutsches","31":"product_tag-deutschland","32":"product_tag-deutschlands","33":"product_tag-drinnen","34":"product_tag-foto","35":"product_tag-fotoabzug","36":"product_tag-fotoabzuege","37":"product_tag-fotografie","38":"product_tag-fotografien","39":"product_tag-fotografin","40":"product_tag-fotografinnen","41":"product_tag-frankfurt-m","42":"product_tag-frankfurt-main","43":"product_tag-frankfurt-a-main","44":"product_tag-frankfurt-a-m","45":"product_tag-frankfurt-am-main","46":"product_tag-frankfurter","47":"product_tag-handschrift","48":"product_tag-handschriften","49":"product_tag-handschriftlich","50":"product_tag-handschriftliche","51":"product_tag-handschriftlichen","52":"product_tag-handschriftlicher","53":"product_tag-handschriftliches","54":"product_tag-hessen","55":"product_tag-hessisch","56":"product_tag-hessische","57":"product_tag-hessischen","58":"product_tag-hessischer","59":"product_tag-hessisches","60":"product_tag-innen","61":"product_tag-manuskript","62":"product_tag-manuskripte","63":"product_tag-neunziger","64":"product_tag-notiz","65":"product_tag-notizen","66":"product_tag-pendant","67":"product_tag-pendants","68":"product_tag-persoenlichkeit","69":"product_tag-persoenlichkeiten","70":"product_tag-photo","71":"product_tag-photoabzug","72":"product_tag-photoabzuege","73":"product_tag-photographie","74":"product_tag-photographien","75":"product_tag-photographin","76":"product_tag-photographinnen","77":"product_tag-plakat","78":"product_tag-plakate","79":"product_tag-plakatmotiv","80":"product_tag-poster","81":"product_tag-postermotiv","82":"product_tag-print","83":"product_tag-rueckansicht","84":"product_tag-rueckseite","85":"product_tag-s-w-fotografie","86":"product_tag-s-w-photographie","87":"product_tag-schrift","88":"product_tag-schriften","89":"product_tag-schwarzweissphotographie","90":"product_tag-schwarz-weiss-fotografie","91":"product_tag-schwarz-weiss-photographie","92":"product_tag-schwarzweiss","93":"product_tag-schwarzweisse","94":"product_tag-schwarzweissen","95":"product_tag-schwarzweisser","96":"product_tag-schwarzweisses","97":"product_tag-schwarzweissfotografie","98":"product_tag-silbergelatine","99":"product_tag-silbergelatineabzug","100":"product_tag-silbergelatineabzuege","101":"product_tag-silbergelatineprint","102":"product_tag-sw-fotografie","103":"product_tag-sw-photographie","104":"product_tag-tuellmann","105":"product_tag-v","106":"product_tag-verso","107":"product_tag-von-hinten","108":"product_tag-von-innen","109":"product_tag-vs","110":"product_tag-zufrieden","111":"product_tag-zufriedene","112":"product_tag-zufriedenen","113":"product_tag-zufriedener","114":"product_tag-zufriedenes","115":"product_tag-zufriedenheit","116":"pa_datierung-26161","117":"pa_fotograf-abisag-tuellmann","118":"pa_geografischer_bezug-aufnahmeort-frankfurt-am-main-deutschland","119":"pa_grunddaten_material_technik-foto-silbergelatine-auf-barytpapier","120":"pa_jahr_von-63075","121":"pa_massangaben-bildformat-foto-113-x-19-cm","122":"pa_mediennummer-68544","123":"pa_objekt_typ-fotografie","125":"first","126":"instock","127":"product-type-simple"},"yoast_head":"<!-- This site is optimized with the Yoast SEO plugin v27.4 - https:\/\/yoast.com\/product\/yoast-seo-wordpress\/ -->\n<title>R\u00fcckseite von: Miniatur-Stuhl auf der Hand von Robert Wilson (Requisit aus &quot;K\u00f6nig Lear&quot;) - Abisag T\u00fcllmann<\/title>\n<meta name=\"robots\" content=\"index, follow, max-snippet:-1, max-image-preview:large, max-video-preview:-1\" \/>\n<link rel=\"canonical\" href=\"https:\/\/bpk-archive.de\/tuellmann\/produkt\/rueckseite-von-miniatur-stuhl-auf-der-hand-von-robert-wilson-requisit-aus-koenig-lear\/\" \/>\n<meta property=\"og:locale\" content=\"de_DE\" \/>\n<meta property=\"og:type\" content=\"article\" \/>\n<meta property=\"og:title\" content=\"R\u00fcckseite von: Miniatur-Stuhl auf der Hand von Robert Wilson (Requisit aus &quot;K\u00f6nig Lear&quot;) - Abisag T\u00fcllmann\" \/>\n<meta property=\"og:description\" content=\"Vorderseite siehe: 70242872 R\u00fcckseitenbeschriftung von Hand der Fotografin: &#8222;Dieses Foto von Bob Wilsons Hand mit dem kleinen Lear-Stuhl wurde k\u00fcrzlich f\u00fcr ein Plakat verwendet (in M\u00fcnchen), mit dem ich einigerma\u00dfen zufrieden bin (passiert mir ja selten, dies wohlige Gef\u00fchl von Zufriedenheit).&#8220;\" \/>\n<meta property=\"og:url\" content=\"https:\/\/bpk-archive.de\/tuellmann\/produkt\/rueckseite-von-miniatur-stuhl-auf-der-hand-von-robert-wilson-requisit-aus-koenig-lear\/\" \/>\n<meta property=\"og:site_name\" content=\"Abisag T\u00fcllmann\" \/>\n<meta property=\"article:modified_time\" content=\"2019-09-05T14:25:56+00:00\" \/>\n<meta property=\"og:image\" content=\"https:\/\/bpk-archive.de\/tuellmann\/wp-content\/uploads\/2019\/08\/bpk_70242872.jpg\" \/>\n\t<meta property=\"og:image:width\" content=\"1200\" \/>\n\t<meta property=\"og:image:height\" content=\"750\" \/>\n\t<meta property=\"og:image:type\" content=\"image\/jpeg\" \/>\n<meta name=\"twitter:card\" content=\"summary_large_image\" \/>\n<script type=\"application\/ld+json\" class=\"yoast-schema-graph\">{\"@context\":\"https:\\\/\\\/schema.org\",\"@graph\":[{\"@type\":\"WebPage\",\"@id\":\"https:\\\/\\\/bpk-archive.de\\\/tuellmann\\\/produkt\\\/rueckseite-von-miniatur-stuhl-auf-der-hand-von-robert-wilson-requisit-aus-koenig-lear\\\/\",\"url\":\"https:\\\/\\\/bpk-archive.de\\\/tuellmann\\\/produkt\\\/rueckseite-von-miniatur-stuhl-auf-der-hand-von-robert-wilson-requisit-aus-koenig-lear\\\/\",\"name\":\"R\u00fcckseite von: Miniatur-Stuhl auf der Hand von Robert Wilson (Requisit aus \\\"K\u00f6nig Lear\\\") - Abisag T\u00fcllmann\",\"isPartOf\":{\"@id\":\"https:\\\/\\\/bpk-archive.de\\\/tuellmann\\\/#website\"},\"primaryImageOfPage\":{\"@id\":\"https:\\\/\\\/bpk-archive.de\\\/tuellmann\\\/produkt\\\/rueckseite-von-miniatur-stuhl-auf-der-hand-von-robert-wilson-requisit-aus-koenig-lear\\\/#primaryimage\"},\"image\":{\"@id\":\"https:\\\/\\\/bpk-archive.de\\\/tuellmann\\\/produkt\\\/rueckseite-von-miniatur-stuhl-auf-der-hand-von-robert-wilson-requisit-aus-koenig-lear\\\/#primaryimage\"},\"thumbnailUrl\":\"https:\\\/\\\/bpk-archive.de\\\/tuellmann\\\/wp-content\\\/uploads\\\/2019\\\/08\\\/bpk_70242872.jpg\",\"datePublished\":\"2019-09-05T14:25:43+00:00\",\"dateModified\":\"2019-09-05T14:25:56+00:00\",\"breadcrumb\":{\"@id\":\"https:\\\/\\\/bpk-archive.de\\\/tuellmann\\\/produkt\\\/rueckseite-von-miniatur-stuhl-auf-der-hand-von-robert-wilson-requisit-aus-koenig-lear\\\/#breadcrumb\"},\"inLanguage\":\"de\",\"potentialAction\":[{\"@type\":\"ReadAction\",\"target\":[\"https:\\\/\\\/bpk-archive.de\\\/tuellmann\\\/produkt\\\/rueckseite-von-miniatur-stuhl-auf-der-hand-von-robert-wilson-requisit-aus-koenig-lear\\\/\"]}]},{\"@type\":\"ImageObject\",\"inLanguage\":\"de\",\"@id\":\"https:\\\/\\\/bpk-archive.de\\\/tuellmann\\\/produkt\\\/rueckseite-von-miniatur-stuhl-auf-der-hand-von-robert-wilson-requisit-aus-koenig-lear\\\/#primaryimage\",\"url\":\"https:\\\/\\\/bpk-archive.de\\\/tuellmann\\\/wp-content\\\/uploads\\\/2019\\\/08\\\/bpk_70242872.jpg\",\"contentUrl\":\"https:\\\/\\\/bpk-archive.de\\\/tuellmann\\\/wp-content\\\/uploads\\\/2019\\\/08\\\/bpk_70242872.jpg\",\"width\":1200,\"height\":750,\"caption\":\"R\u00fcckseite von: Miniatur-Stuhl auf der Hand von Robert Wilson (Requisit aus \\\"K\u00f6nig Lear\\\")\"},{\"@type\":\"BreadcrumbList\",\"@id\":\"https:\\\/\\\/bpk-archive.de\\\/tuellmann\\\/produkt\\\/rueckseite-von-miniatur-stuhl-auf-der-hand-von-robert-wilson-requisit-aus-koenig-lear\\\/#breadcrumb\",\"itemListElement\":[{\"@type\":\"ListItem\",\"position\":1,\"name\":\"Startseite\",\"item\":\"https:\\\/\\\/bpk-archive.de\\\/tuellmann\\\/\"},{\"@type\":\"ListItem\",\"position\":2,\"name\":\"Shop\",\"item\":\"https:\\\/\\\/bpk-archive.de\\\/tuellmann\\\/shop\\\/\"},{\"@type\":\"ListItem\",\"position\":3,\"name\":\"R\u00fcckseite von: Miniatur-Stuhl auf der Hand von Robert Wilson (Requisit aus &#8220;K\u00f6nig Lear&#8221;)\"}]},{\"@type\":\"WebSite\",\"@id\":\"https:\\\/\\\/bpk-archive.de\\\/tuellmann\\\/#website\",\"url\":\"https:\\\/\\\/bpk-archive.de\\\/tuellmann\\\/\",\"name\":\"Abisag T\u00fcllmann\",\"description\":\"Eine weitere WordPress-Website\",\"potentialAction\":[{\"@type\":\"SearchAction\",\"target\":{\"@type\":\"EntryPoint\",\"urlTemplate\":\"https:\\\/\\\/bpk-archive.de\\\/tuellmann\\\/?s={search_term_string}\"},\"query-input\":{\"@type\":\"PropertyValueSpecification\",\"valueRequired\":true,\"valueName\":\"search_term_string\"}}],\"inLanguage\":\"de\"}]}<\/script>\n<!-- \/ Yoast SEO plugin. -->","yoast_head_json":{"title":"R\u00fcckseite von: Miniatur-Stuhl auf der Hand von Robert Wilson (Requisit aus \"K\u00f6nig Lear\") - Abisag T\u00fcllmann","robots":{"index":"index","follow":"follow","max-snippet":"max-snippet:-1","max-image-preview":"max-image-preview:large","max-video-preview":"max-video-preview:-1"},"canonical":"https:\/\/bpk-archive.de\/tuellmann\/produkt\/rueckseite-von-miniatur-stuhl-auf-der-hand-von-robert-wilson-requisit-aus-koenig-lear\/","og_locale":"de_DE","og_type":"article","og_title":"R\u00fcckseite von: Miniatur-Stuhl auf der Hand von Robert Wilson (Requisit aus \"K\u00f6nig Lear\") - Abisag T\u00fcllmann","og_description":"Vorderseite siehe: 70242872 R\u00fcckseitenbeschriftung von Hand der Fotografin: &#8222;Dieses Foto von Bob Wilsons Hand mit dem kleinen Lear-Stuhl wurde k\u00fcrzlich f\u00fcr ein Plakat verwendet (in M\u00fcnchen), mit dem ich einigerma\u00dfen zufrieden bin (passiert mir ja selten, dies wohlige Gef\u00fchl von Zufriedenheit).&#8220;","og_url":"https:\/\/bpk-archive.de\/tuellmann\/produkt\/rueckseite-von-miniatur-stuhl-auf-der-hand-von-robert-wilson-requisit-aus-koenig-lear\/","og_site_name":"Abisag T\u00fcllmann","article_modified_time":"2019-09-05T14:25:56+00:00","og_image":[{"width":1200,"height":750,"url":"https:\/\/bpk-archive.de\/tuellmann\/wp-content\/uploads\/2019\/08\/bpk_70242872.jpg","type":"image\/jpeg"}],"twitter_card":"summary_large_image","schema":{"@context":"https:\/\/schema.org","@graph":[{"@type":"WebPage","@id":"https:\/\/bpk-archive.de\/tuellmann\/produkt\/rueckseite-von-miniatur-stuhl-auf-der-hand-von-robert-wilson-requisit-aus-koenig-lear\/","url":"https:\/\/bpk-archive.de\/tuellmann\/produkt\/rueckseite-von-miniatur-stuhl-auf-der-hand-von-robert-wilson-requisit-aus-koenig-lear\/","name":"R\u00fcckseite von: Miniatur-Stuhl auf der Hand von Robert Wilson (Requisit aus \"K\u00f6nig Lear\") - Abisag T\u00fcllmann","isPartOf":{"@id":"https:\/\/bpk-archive.de\/tuellmann\/#website"},"primaryImageOfPage":{"@id":"https:\/\/bpk-archive.de\/tuellmann\/produkt\/rueckseite-von-miniatur-stuhl-auf-der-hand-von-robert-wilson-requisit-aus-koenig-lear\/#primaryimage"},"image":{"@id":"https:\/\/bpk-archive.de\/tuellmann\/produkt\/rueckseite-von-miniatur-stuhl-auf-der-hand-von-robert-wilson-requisit-aus-koenig-lear\/#primaryimage"},"thumbnailUrl":"https:\/\/bpk-archive.de\/tuellmann\/wp-content\/uploads\/2019\/08\/bpk_70242872.jpg","datePublished":"2019-09-05T14:25:43+00:00","dateModified":"2019-09-05T14:25:56+00:00","breadcrumb":{"@id":"https:\/\/bpk-archive.de\/tuellmann\/produkt\/rueckseite-von-miniatur-stuhl-auf-der-hand-von-robert-wilson-requisit-aus-koenig-lear\/#breadcrumb"},"inLanguage":"de","potentialAction":[{"@type":"ReadAction","target":["https:\/\/bpk-archive.de\/tuellmann\/produkt\/rueckseite-von-miniatur-stuhl-auf-der-hand-von-robert-wilson-requisit-aus-koenig-lear\/"]}]},{"@type":"ImageObject","inLanguage":"de","@id":"https:\/\/bpk-archive.de\/tuellmann\/produkt\/rueckseite-von-miniatur-stuhl-auf-der-hand-von-robert-wilson-requisit-aus-koenig-lear\/#primaryimage","url":"https:\/\/bpk-archive.de\/tuellmann\/wp-content\/uploads\/2019\/08\/bpk_70242872.jpg","contentUrl":"https:\/\/bpk-archive.de\/tuellmann\/wp-content\/uploads\/2019\/08\/bpk_70242872.jpg","width":1200,"height":750,"caption":"R\u00fcckseite von: Miniatur-Stuhl auf der Hand von Robert Wilson (Requisit aus \"K\u00f6nig Lear\")"},{"@type":"BreadcrumbList","@id":"https:\/\/bpk-archive.de\/tuellmann\/produkt\/rueckseite-von-miniatur-stuhl-auf-der-hand-von-robert-wilson-requisit-aus-koenig-lear\/#breadcrumb","itemListElement":[{"@type":"ListItem","position":1,"name":"Startseite","item":"https:\/\/bpk-archive.de\/tuellmann\/"},{"@type":"ListItem","position":2,"name":"Shop","item":"https:\/\/bpk-archive.de\/tuellmann\/shop\/"},{"@type":"ListItem","position":3,"name":"R\u00fcckseite von: Miniatur-Stuhl auf der Hand von Robert Wilson (Requisit aus &#8220;K\u00f6nig Lear&#8221;)"}]},{"@type":"WebSite","@id":"https:\/\/bpk-archive.de\/tuellmann\/#website","url":"https:\/\/bpk-archive.de\/tuellmann\/","name":"Abisag T\u00fcllmann","description":"Eine weitere WordPress-Website","potentialAction":[{"@type":"SearchAction","target":{"@type":"EntryPoint","urlTemplate":"https:\/\/bpk-archive.de\/tuellmann\/?s={search_term_string}"},"query-input":{"@type":"PropertyValueSpecification","valueRequired":true,"valueName":"search_term_string"}}],"inLanguage":"de"}]}},"_links":{"self":[{"href":"https:\/\/bpk-archive.de\/tuellmann\/wp-json\/wp\/v2\/product\/70297413","targetHints":{"allow":["GET"]}}],"collection":[{"href":"https:\/\/bpk-archive.de\/tuellmann\/wp-json\/wp\/v2\/product"}],"about":[{"href":"https:\/\/bpk-archive.de\/tuellmann\/wp-json\/wp\/v2\/types\/product"}],"wp:featuredmedia":[{"embeddable":true,"href":"https:\/\/bpk-archive.de\/tuellmann\/wp-json\/wp\/v2\/media\/70292168"}],"wp:attachment":[{"href":"https:\/\/bpk-archive.de\/tuellmann\/wp-json\/wp\/v2\/media?parent=70297413"}],"wp:term":[{"taxonomy":"product_brand","embeddable":true,"href":"https:\/\/bpk-archive.de\/tuellmann\/wp-json\/wp\/v2\/product_brand?post=70297413"},{"taxonomy":"product_cat","embeddable":true,"href":"https:\/\/bpk-archive.de\/tuellmann\/wp-json\/wp\/v2\/product_cat?post=70297413"},{"taxonomy":"product_tag","embeddable":true,"href":"https:\/\/bpk-archive.de\/tuellmann\/wp-json\/wp\/v2\/product_tag?post=70297413"}],"curies":[{"name":"wp","href":"https:\/\/api.w.org\/{rel}","templated":true}]}}