{"id":70297398,"date":"2019-09-05T16:25:43","date_gmt":"2019-09-05T14:25:43","guid":{"rendered":"http:\/\/abisagtuellmann.bpk-news.de\/atbild\/verkaeuferin-vor-einem-lebensmittelgeschaeft-in-tokio\/"},"modified":"2020-08-11T16:29:01","modified_gmt":"2020-08-11T14:29:01","slug":"verkaeuferin-vor-einem-lebensmittelgeschaeft-in-tokio","status":"publish","type":"product","link":"https:\/\/bpk-archive.de\/tuellmann\/produkt\/verkaeuferin-vor-einem-lebensmittelgeschaeft-in-tokio\/","title":{"rendered":"Verk\u00e4uferin vor einem Lebensmittelgesch\u00e4ft in Tokio"},"content":{"rendered":"<p>R\u00fcckseitenbeschriftung von Hand der Fotografin: &#8222;Tokyo&#8220;<\/p>\n","protected":false},"excerpt":{"rendered":"<p>R\u00fcckseitenbeschriftung von Hand der Fotografin: &#8222;Tokyo&#8220;<\/p>\n","protected":false},"featured_media":70292305,"template":"","meta":[],"product_brand":[],"product_cat":[73381],"product_tag":[13230,13232,13234,13231,13233,13235,14262,13777,47418,47419,47420,47421,47422,47423,47424,13456,13457,47456,47457,47458,47459,47460,47461,47462,49961,56103,56104,56105,56175,56176,56106,56107,56108,56109,56110,56111,56112,56113,65437,13250,49468,47876,47877,47878,47879,13462,13463,13464,13465,13466,13467,13468,13784,13785,13958,13959,13253,13254,13255,13256,13257,13260,13293,13786,13787,13294,13295,13296,13297,47267,13487,13488,13974,13975,13976,13977,13978,47557,47558,47559,48244,48245,47653,47654,50335,50336,68490,68491,68492,13301,56118,56119,56120,56121,56122,56123,56124,56125,56126,56127,56128,56129,48251,48252,47808,47809,49482,47560,48255,48256,56131,56133,56135,56137,56139,56141,56142,56770,56771,56130,56132,56134,56136,56138,56140,13328,13827,13828,13329,13330,13331,13332,47332,68493,68494,13829,13830,13831,13832,13833,13834,13835,13836,13837,13838,13839,13840,13841,13842,13843,13844,13845,13846,13847,47333,47334,47335,47336,47337,13877,13879,60280,60281,50340,50341,50342,50343,50344,50345,50346,48711,48712,13865,13864,13866,13858,13859,13860,13861,13862,13863,13868,13354,13869,13870,13871,13872,13519,13520,13521,13522,13523,13524,13878,13880,56146,56147,49504,49505,49506,49507,49508,49509,48636,48637,13882],"class_list":{"0":"post-70297398","1":"product","2":"type-product","3":"status-publish","4":"has-post-thumbnail","6":"product_cat-japan","7":"product_tag-1970er-jahre","8":"product_tag-20-jahrhundert-nach-chr","9":"product_tag-20-jh-n-chr","10":"product_tag-20-jahrhundert","11":"product_tag-20-jh","12":"product_tag-70er","13":"product_tag-abt_008","14":"product_tag-abzug","15":"product_tag-alt","16":"product_tag-alte","17":"product_tag-alten","18":"product_tag-alter","19":"product_tag-aeltere","20":"product_tag-aelterer","21":"product_tag-altes","22":"product_tag-anschauen","23":"product_tag-anschauend","24":"product_tag-arbeit","25":"product_tag-arbeiten","26":"product_tag-arbeitend","27":"product_tag-arbeitende","28":"product_tag-arbeitenden","29":"product_tag-arbeitender","30":"product_tag-arbeitendes","31":"product_tag-arbeitskleidung","32":"product_tag-asiat","33":"product_tag-asiate","34":"product_tag-asiaten","35":"product_tag-asiatin","36":"product_tag-asiatinnen","37":"product_tag-asiatisch","38":"product_tag-asiatische","39":"product_tag-asiatischem","40":"product_tag-asiatischen","41":"product_tag-asiatischer","42":"product_tag-asiatisches","43":"product_tag-asien","44":"product_tag-asiens","45":"product_tag-at_asien","46":"product_tag-aussen","47":"product_tag-bekleidung","48":"product_tag-beruf","49":"product_tag-berufe","50":"product_tag-berufes","51":"product_tag-berufs","52":"product_tag-betrachten","53":"product_tag-betrachtend","54":"product_tag-betrachtende","55":"product_tag-betrachtender","56":"product_tag-betrachtendes","57":"product_tag-betrachtet","58":"product_tag-betrachtung","59":"product_tag-bildnis","60":"product_tag-bildnisse","61":"product_tag-damenportraet","62":"product_tag-damenportraets","63":"product_tag-deutsch","64":"product_tag-deutsche","65":"product_tag-deutschen","66":"product_tag-deutscher","67":"product_tag-deutsches","68":"product_tag-draussen","69":"product_tag-foto","70":"product_tag-fotoabzug","71":"product_tag-fotoabzuege","72":"product_tag-fotografie","73":"product_tag-fotografien","74":"product_tag-fotografin","75":"product_tag-fotografinnen","76":"product_tag-fotoreportage","77":"product_tag-frau","78":"product_tag-frauen","79":"product_tag-frauenbildnis","80":"product_tag-frauenportrait","81":"product_tag-frauenportraits","82":"product_tag-frauenportraet","83":"product_tag-frauenportraets","84":"product_tag-geschaeft","85":"product_tag-geschaefte","86":"product_tag-geschaeftes","87":"product_tag-getraenk","88":"product_tag-getraenke","89":"product_tag-greisin","90":"product_tag-greisinnen","91":"product_tag-gucken","92":"product_tag-guckt","93":"product_tag-holzschuh","94":"product_tag-holzschuhe","95":"product_tag-holzschuhen","96":"product_tag-im-freien","97":"product_tag-japan","98":"product_tag-japaner","99":"product_tag-japanerin","100":"product_tag-japanerinnen","101":"product_tag-japanern","102":"product_tag-japaners","103":"product_tag-japanisch","104":"product_tag-japanische","105":"product_tag-japanischen","106":"product_tag-japanischer","107":"product_tag-japanisches","108":"product_tag-japans","109":"product_tag-kiosk","110":"product_tag-kioske","111":"product_tag-kiste","112":"product_tag-kisten","113":"product_tag-kleidung","114":"product_tag-laden","115":"product_tag-lebensmittelgeschaeft","116":"product_tag-lebensmittelgeschaefte","117":"product_tag-ost-asiatisch","118":"product_tag-ost-asiatische","119":"product_tag-ost-asiatischen","120":"product_tag-ost-asiatischer","121":"product_tag-ost-asiatisches","122":"product_tag-ost-asien","123":"product_tag-ost-asiens","124":"product_tag-ostasiatin","125":"product_tag-ostasiatinnen","126":"product_tag-ostasiatisch","127":"product_tag-ostasiatische","128":"product_tag-ostasiatischen","129":"product_tag-ostasiatischer","130":"product_tag-ostasiatisches","131":"product_tag-ostasien","132":"product_tag-photo","133":"product_tag-photoabzug","134":"product_tag-photoabzuege","135":"product_tag-photographie","136":"product_tag-photographien","137":"product_tag-photographin","138":"product_tag-photographinnen","139":"product_tag-photoreportage","140":"product_tag-plateauschuh","141":"product_tag-plateauschuhe","142":"product_tag-portrait","143":"product_tag-portraitaufnahme","144":"product_tag-portraitfoto","145":"product_tag-portraitfotografie","146":"product_tag-portraitphoto","147":"product_tag-portraitphotographie","148":"product_tag-portraits","149":"product_tag-portraet","150":"product_tag-portraetaufnahme","151":"product_tag-portraetfoto","152":"product_tag-portraetfotografie","153":"product_tag-portraetphoto","154":"product_tag-portraetphotographie","155":"product_tag-portraets","156":"product_tag-print","157":"product_tag-profil","158":"product_tag-profilansicht","159":"product_tag-profilbild","160":"product_tag-profilbildnis","161":"product_tag-reportage","162":"product_tag-reportagefoto","163":"product_tag-reportagefotografie","164":"product_tag-reportagephoto","165":"product_tag-reportagephotographie","166":"product_tag-s-w-fotografie","167":"product_tag-s-w-photographie","168":"product_tag-sandale","169":"product_tag-sandalen","170":"product_tag-schauen","171":"product_tag-schauend","172":"product_tag-schauende","173":"product_tag-schauenden","174":"product_tag-schauender","175":"product_tag-schauendes","176":"product_tag-schaut","177":"product_tag-schuerze","178":"product_tag-schuerzen","179":"product_tag-schwarzweissphotographie","180":"product_tag-schwarz-weiss-fotografie","181":"product_tag-schwarz-weiss-photographie","182":"product_tag-schwarzweiss","183":"product_tag-schwarzweisse","184":"product_tag-schwarzweissen","185":"product_tag-schwarzweisser","186":"product_tag-schwarzweisses","187":"product_tag-schwarzweissfotografie","188":"product_tag-seitlich","189":"product_tag-siebziger","190":"product_tag-silbergelatine","191":"product_tag-silbergelatineabzug","192":"product_tag-silbergelatineabzuege","193":"product_tag-silbergelatineprint","194":"product_tag-stehen","195":"product_tag-stehend","196":"product_tag-stehende","197":"product_tag-stehenden","198":"product_tag-stehender","199":"product_tag-stehendes","200":"product_tag-sw-fotografie","201":"product_tag-sw-photographie","202":"product_tag-tokio","203":"product_tag-tokyo","204":"product_tag-traditionell","205":"product_tag-traditionelle","206":"product_tag-traditionellem","207":"product_tag-traditionellen","208":"product_tag-traditioneller","209":"product_tag-traditionelles","210":"product_tag-verkaeuferin","211":"product_tag-verkaeuferinnen","212":"product_tag-zur-seite","213":"pa_datierung-mai-1973","214":"pa_fotograf-abisag-tuellmann","215":"pa_geografischer_bezug-aufnahmeort-tokio-japan","216":"pa_grunddaten_material_technik-foto-silbergelatine-auf-barytpapier","217":"pa_inventarnummer-tue-73-047-10","218":"pa_jahr_von-54245","219":"pa_massangaben-bildformat-foto-302-x-233-cm","220":"pa_mediennummer-68488","221":"pa_objekt_typ-fotografie","223":"first","224":"instock","225":"product-type-simple"},"yoast_head":"<!-- This site is optimized with the Yoast SEO plugin v27.4 - https:\/\/yoast.com\/product\/yoast-seo-wordpress\/ -->\n<title>Verk\u00e4uferin vor einem Lebensmittelgesch\u00e4ft in Tokio - Abisag T\u00fcllmann<\/title>\n<meta name=\"robots\" content=\"index, follow, max-snippet:-1, max-image-preview:large, max-video-preview:-1\" \/>\n<link rel=\"canonical\" href=\"https:\/\/bpk-archive.de\/tuellmann\/produkt\/verkaeuferin-vor-einem-lebensmittelgeschaeft-in-tokio\/\" \/>\n<meta property=\"og:locale\" content=\"de_DE\" \/>\n<meta property=\"og:type\" content=\"article\" \/>\n<meta property=\"og:title\" content=\"Verk\u00e4uferin vor einem Lebensmittelgesch\u00e4ft in Tokio - Abisag T\u00fcllmann\" \/>\n<meta property=\"og:description\" content=\"R\u00fcckseitenbeschriftung von Hand der Fotografin: &#8222;Tokyo&#8220;\" \/>\n<meta property=\"og:url\" content=\"https:\/\/bpk-archive.de\/tuellmann\/produkt\/verkaeuferin-vor-einem-lebensmittelgeschaeft-in-tokio\/\" \/>\n<meta property=\"og:site_name\" content=\"Abisag T\u00fcllmann\" \/>\n<meta property=\"article:modified_time\" content=\"2020-08-11T14:29:01+00:00\" \/>\n<meta property=\"og:image\" content=\"https:\/\/bpk-archive.de\/tuellmann\/wp-content\/uploads\/2019\/08\/bpk_70242947.jpg\" \/>\n\t<meta property=\"og:image:width\" content=\"935\" \/>\n\t<meta property=\"og:image:height\" content=\"1200\" \/>\n\t<meta property=\"og:image:type\" content=\"image\/jpeg\" \/>\n<meta name=\"twitter:card\" content=\"summary_large_image\" \/>\n<script type=\"application\/ld+json\" class=\"yoast-schema-graph\">{\"@context\":\"https:\\\/\\\/schema.org\",\"@graph\":[{\"@type\":\"WebPage\",\"@id\":\"https:\\\/\\\/bpk-archive.de\\\/tuellmann\\\/produkt\\\/verkaeuferin-vor-einem-lebensmittelgeschaeft-in-tokio\\\/\",\"url\":\"https:\\\/\\\/bpk-archive.de\\\/tuellmann\\\/produkt\\\/verkaeuferin-vor-einem-lebensmittelgeschaeft-in-tokio\\\/\",\"name\":\"Verk\u00e4uferin vor einem Lebensmittelgesch\u00e4ft in Tokio - Abisag T\u00fcllmann\",\"isPartOf\":{\"@id\":\"https:\\\/\\\/bpk-archive.de\\\/tuellmann\\\/#website\"},\"primaryImageOfPage\":{\"@id\":\"https:\\\/\\\/bpk-archive.de\\\/tuellmann\\\/produkt\\\/verkaeuferin-vor-einem-lebensmittelgeschaeft-in-tokio\\\/#primaryimage\"},\"image\":{\"@id\":\"https:\\\/\\\/bpk-archive.de\\\/tuellmann\\\/produkt\\\/verkaeuferin-vor-einem-lebensmittelgeschaeft-in-tokio\\\/#primaryimage\"},\"thumbnailUrl\":\"https:\\\/\\\/bpk-archive.de\\\/tuellmann\\\/wp-content\\\/uploads\\\/2019\\\/08\\\/bpk_70242947.jpg\",\"datePublished\":\"2019-09-05T14:25:43+00:00\",\"dateModified\":\"2020-08-11T14:29:01+00:00\",\"breadcrumb\":{\"@id\":\"https:\\\/\\\/bpk-archive.de\\\/tuellmann\\\/produkt\\\/verkaeuferin-vor-einem-lebensmittelgeschaeft-in-tokio\\\/#breadcrumb\"},\"inLanguage\":\"de\",\"potentialAction\":[{\"@type\":\"ReadAction\",\"target\":[\"https:\\\/\\\/bpk-archive.de\\\/tuellmann\\\/produkt\\\/verkaeuferin-vor-einem-lebensmittelgeschaeft-in-tokio\\\/\"]}]},{\"@type\":\"ImageObject\",\"inLanguage\":\"de\",\"@id\":\"https:\\\/\\\/bpk-archive.de\\\/tuellmann\\\/produkt\\\/verkaeuferin-vor-einem-lebensmittelgeschaeft-in-tokio\\\/#primaryimage\",\"url\":\"https:\\\/\\\/bpk-archive.de\\\/tuellmann\\\/wp-content\\\/uploads\\\/2019\\\/08\\\/bpk_70242947.jpg\",\"contentUrl\":\"https:\\\/\\\/bpk-archive.de\\\/tuellmann\\\/wp-content\\\/uploads\\\/2019\\\/08\\\/bpk_70242947.jpg\",\"width\":935,\"height\":1200,\"caption\":\"Verk\u00e4uferin vor einem Lebensmittelgesch\u00e4ft in Tokio\"},{\"@type\":\"BreadcrumbList\",\"@id\":\"https:\\\/\\\/bpk-archive.de\\\/tuellmann\\\/produkt\\\/verkaeuferin-vor-einem-lebensmittelgeschaeft-in-tokio\\\/#breadcrumb\",\"itemListElement\":[{\"@type\":\"ListItem\",\"position\":1,\"name\":\"Startseite\",\"item\":\"https:\\\/\\\/bpk-archive.de\\\/tuellmann\\\/\"},{\"@type\":\"ListItem\",\"position\":2,\"name\":\"Shop\",\"item\":\"https:\\\/\\\/bpk-archive.de\\\/tuellmann\\\/shop\\\/\"},{\"@type\":\"ListItem\",\"position\":3,\"name\":\"Verk\u00e4uferin vor einem Lebensmittelgesch\u00e4ft in Tokio\"}]},{\"@type\":\"WebSite\",\"@id\":\"https:\\\/\\\/bpk-archive.de\\\/tuellmann\\\/#website\",\"url\":\"https:\\\/\\\/bpk-archive.de\\\/tuellmann\\\/\",\"name\":\"Abisag T\u00fcllmann\",\"description\":\"Eine weitere WordPress-Website\",\"potentialAction\":[{\"@type\":\"SearchAction\",\"target\":{\"@type\":\"EntryPoint\",\"urlTemplate\":\"https:\\\/\\\/bpk-archive.de\\\/tuellmann\\\/?s={search_term_string}\"},\"query-input\":{\"@type\":\"PropertyValueSpecification\",\"valueRequired\":true,\"valueName\":\"search_term_string\"}}],\"inLanguage\":\"de\"}]}<\/script>\n<!-- \/ Yoast SEO plugin. -->","yoast_head_json":{"title":"Verk\u00e4uferin vor einem Lebensmittelgesch\u00e4ft in Tokio - Abisag T\u00fcllmann","robots":{"index":"index","follow":"follow","max-snippet":"max-snippet:-1","max-image-preview":"max-image-preview:large","max-video-preview":"max-video-preview:-1"},"canonical":"https:\/\/bpk-archive.de\/tuellmann\/produkt\/verkaeuferin-vor-einem-lebensmittelgeschaeft-in-tokio\/","og_locale":"de_DE","og_type":"article","og_title":"Verk\u00e4uferin vor einem Lebensmittelgesch\u00e4ft in Tokio - Abisag T\u00fcllmann","og_description":"R\u00fcckseitenbeschriftung von Hand der Fotografin: &#8222;Tokyo&#8220;","og_url":"https:\/\/bpk-archive.de\/tuellmann\/produkt\/verkaeuferin-vor-einem-lebensmittelgeschaeft-in-tokio\/","og_site_name":"Abisag T\u00fcllmann","article_modified_time":"2020-08-11T14:29:01+00:00","og_image":[{"width":935,"height":1200,"url":"https:\/\/bpk-archive.de\/tuellmann\/wp-content\/uploads\/2019\/08\/bpk_70242947.jpg","type":"image\/jpeg"}],"twitter_card":"summary_large_image","schema":{"@context":"https:\/\/schema.org","@graph":[{"@type":"WebPage","@id":"https:\/\/bpk-archive.de\/tuellmann\/produkt\/verkaeuferin-vor-einem-lebensmittelgeschaeft-in-tokio\/","url":"https:\/\/bpk-archive.de\/tuellmann\/produkt\/verkaeuferin-vor-einem-lebensmittelgeschaeft-in-tokio\/","name":"Verk\u00e4uferin vor einem Lebensmittelgesch\u00e4ft in Tokio - Abisag T\u00fcllmann","isPartOf":{"@id":"https:\/\/bpk-archive.de\/tuellmann\/#website"},"primaryImageOfPage":{"@id":"https:\/\/bpk-archive.de\/tuellmann\/produkt\/verkaeuferin-vor-einem-lebensmittelgeschaeft-in-tokio\/#primaryimage"},"image":{"@id":"https:\/\/bpk-archive.de\/tuellmann\/produkt\/verkaeuferin-vor-einem-lebensmittelgeschaeft-in-tokio\/#primaryimage"},"thumbnailUrl":"https:\/\/bpk-archive.de\/tuellmann\/wp-content\/uploads\/2019\/08\/bpk_70242947.jpg","datePublished":"2019-09-05T14:25:43+00:00","dateModified":"2020-08-11T14:29:01+00:00","breadcrumb":{"@id":"https:\/\/bpk-archive.de\/tuellmann\/produkt\/verkaeuferin-vor-einem-lebensmittelgeschaeft-in-tokio\/#breadcrumb"},"inLanguage":"de","potentialAction":[{"@type":"ReadAction","target":["https:\/\/bpk-archive.de\/tuellmann\/produkt\/verkaeuferin-vor-einem-lebensmittelgeschaeft-in-tokio\/"]}]},{"@type":"ImageObject","inLanguage":"de","@id":"https:\/\/bpk-archive.de\/tuellmann\/produkt\/verkaeuferin-vor-einem-lebensmittelgeschaeft-in-tokio\/#primaryimage","url":"https:\/\/bpk-archive.de\/tuellmann\/wp-content\/uploads\/2019\/08\/bpk_70242947.jpg","contentUrl":"https:\/\/bpk-archive.de\/tuellmann\/wp-content\/uploads\/2019\/08\/bpk_70242947.jpg","width":935,"height":1200,"caption":"Verk\u00e4uferin vor einem Lebensmittelgesch\u00e4ft in Tokio"},{"@type":"BreadcrumbList","@id":"https:\/\/bpk-archive.de\/tuellmann\/produkt\/verkaeuferin-vor-einem-lebensmittelgeschaeft-in-tokio\/#breadcrumb","itemListElement":[{"@type":"ListItem","position":1,"name":"Startseite","item":"https:\/\/bpk-archive.de\/tuellmann\/"},{"@type":"ListItem","position":2,"name":"Shop","item":"https:\/\/bpk-archive.de\/tuellmann\/shop\/"},{"@type":"ListItem","position":3,"name":"Verk\u00e4uferin vor einem Lebensmittelgesch\u00e4ft in Tokio"}]},{"@type":"WebSite","@id":"https:\/\/bpk-archive.de\/tuellmann\/#website","url":"https:\/\/bpk-archive.de\/tuellmann\/","name":"Abisag T\u00fcllmann","description":"Eine weitere WordPress-Website","potentialAction":[{"@type":"SearchAction","target":{"@type":"EntryPoint","urlTemplate":"https:\/\/bpk-archive.de\/tuellmann\/?s={search_term_string}"},"query-input":{"@type":"PropertyValueSpecification","valueRequired":true,"valueName":"search_term_string"}}],"inLanguage":"de"}]}},"_links":{"self":[{"href":"https:\/\/bpk-archive.de\/tuellmann\/wp-json\/wp\/v2\/product\/70297398","targetHints":{"allow":["GET"]}}],"collection":[{"href":"https:\/\/bpk-archive.de\/tuellmann\/wp-json\/wp\/v2\/product"}],"about":[{"href":"https:\/\/bpk-archive.de\/tuellmann\/wp-json\/wp\/v2\/types\/product"}],"wp:featuredmedia":[{"embeddable":true,"href":"https:\/\/bpk-archive.de\/tuellmann\/wp-json\/wp\/v2\/media\/70292305"}],"wp:attachment":[{"href":"https:\/\/bpk-archive.de\/tuellmann\/wp-json\/wp\/v2\/media?parent=70297398"}],"wp:term":[{"taxonomy":"product_brand","embeddable":true,"href":"https:\/\/bpk-archive.de\/tuellmann\/wp-json\/wp\/v2\/product_brand?post=70297398"},{"taxonomy":"product_cat","embeddable":true,"href":"https:\/\/bpk-archive.de\/tuellmann\/wp-json\/wp\/v2\/product_cat?post=70297398"},{"taxonomy":"product_tag","embeddable":true,"href":"https:\/\/bpk-archive.de\/tuellmann\/wp-json\/wp\/v2\/product_tag?post=70297398"}],"curies":[{"name":"wp","href":"https:\/\/api.w.org\/{rel}","templated":true}]}}