{"id":70297394,"date":"2019-09-05T16:25:25","date_gmt":"2019-09-05T14:25:25","guid":{"rendered":"http:\/\/abisagtuellmann.bpk-news.de\/atbild\/strassenszene-in-seoul-3\/"},"modified":"2019-09-05T16:25:39","modified_gmt":"2019-09-05T14:25:39","slug":"strassenszene-in-seoul-3","status":"publish","type":"product","link":"https:\/\/bpk-archive.de\/tuellmann\/produkt\/strassenszene-in-seoul-3\/","title":{"rendered":"Stra\u00dfenszene in Seoul"},"content":{"rendered":"<p>Ein Mann l\u00e4sst sich von zwei Kindern die Schuhe putzen, dabei ist er im Gespr\u00e4ch mit einem Zeitungsverk\u00e4ufer R\u00fcckseitenbeschriftung von Hand der Fotografin: &#8222;Seoul&#8220;<\/p>\n","protected":false},"excerpt":{"rendered":"<p>Ein Mann l\u00e4sst sich von zwei Kindern die Schuhe putzen, dabei ist er im Gespr\u00e4ch mit einem Zeitungsverk\u00e4ufer R\u00fcckseitenbeschriftung von Hand der Fotografin: &#8222;Seoul&#8220;<\/p>\n","protected":false},"featured_media":70292299,"template":"","meta":[],"product_brand":[],"product_cat":[],"product_tag":[13230,13232,13234,13231,13233,13235,14262,68465,68466,68467,68468,68469,68470,13777,47541,47542,47543,47544,47545,47546,47456,47457,47458,47459,47460,47461,47462,56103,56104,56105,56106,56107,56108,56109,56110,56111,56112,56113,65437,13250,14178,14179,13253,13254,13255,13256,13257,13260,68471,68472,68473,68474,68475,68476,13293,13786,13787,13294,13295,13296,13297,47887,47888,47497,47498,13301,13813,13814,14203,14204,14205,14206,14207,48376,50250,14213,14218,14219,14220,14221,56177,56178,56181,56182,56183,56184,56185,13818,13819,13826,56131,56133,56135,56137,56139,56141,56142,56130,56132,56134,56136,56138,56140,13328,13827,13828,13329,13330,13331,13332,13843,13877,13879,53011,53010,53012,56143,56144,47858,47859,13865,13864,13866,13858,13859,13860,13861,13862,13863,13354,13869,13870,13871,13872,14243,14244,14245,14246,14247,14248,14249,47406,47407,59078,47408,47409,56186,56187,56190,56191,56192,56193,56194,56195,65451,65452,65453,65454,65455,56196,13878,13880,62291,62292,53306],"class_list":{"0":"post-70297394","1":"product","2":"type-product","3":"status-publish","4":"has-post-thumbnail","6":"product_tag-1970er-jahre","7":"product_tag-20-jahrhundert-nach-chr","8":"product_tag-20-jh-n-chr","9":"product_tag-20-jahrhundert","10":"product_tag-20-jh","11":"product_tag-70er","12":"product_tag-abt_008","13":"product_tag-abwehr","14":"product_tag-abwehren","15":"product_tag-abwehrend","16":"product_tag-abwehrende","17":"product_tag-abwehrender","18":"product_tag-abwehrendes","19":"product_tag-abzug","20":"product_tag-alltag","21":"product_tag-alltaeglich","22":"product_tag-alltaegliche","23":"product_tag-alltaeglicher","24":"product_tag-alltaegliches","25":"product_tag-alltagsleben","26":"product_tag-arbeit","27":"product_tag-arbeiten","28":"product_tag-arbeitend","29":"product_tag-arbeitende","30":"product_tag-arbeitenden","31":"product_tag-arbeitender","32":"product_tag-arbeitendes","33":"product_tag-asiat","34":"product_tag-asiate","35":"product_tag-asiaten","36":"product_tag-asiatisch","37":"product_tag-asiatische","38":"product_tag-asiatischem","39":"product_tag-asiatischen","40":"product_tag-asiatischer","41":"product_tag-asiatisches","42":"product_tag-asien","43":"product_tag-asiens","44":"product_tag-at_asien","45":"product_tag-aussen","46":"product_tag-bube","47":"product_tag-buben","48":"product_tag-deutsch","49":"product_tag-deutsche","50":"product_tag-deutschen","51":"product_tag-deutscher","52":"product_tag-deutsches","53":"product_tag-draussen","54":"product_tag-erschrecken","55":"product_tag-erschrocken","56":"product_tag-erschrockene","57":"product_tag-erschrockenen","58":"product_tag-erschrockener","59":"product_tag-erschrockenes","60":"product_tag-foto","61":"product_tag-fotoabzug","62":"product_tag-fotoabzuege","63":"product_tag-fotografie","64":"product_tag-fotografien","65":"product_tag-fotografin","66":"product_tag-fotografinnen","67":"product_tag-grossstadt","68":"product_tag-grossstaedte","69":"product_tag-hauptstadt","70":"product_tag-hauptstaedte","71":"product_tag-im-freien","72":"product_tag-junge","73":"product_tag-jungen","74":"product_tag-jungens","75":"product_tag-jungs","76":"product_tag-kind","77":"product_tag-kinde","78":"product_tag-kinder","79":"product_tag-kinderarbeit","80":"product_tag-kinderarmut","81":"product_tag-kindern","82":"product_tag-kindes","83":"product_tag-kindheit","84":"product_tag-knabe","85":"product_tag-knaben","86":"product_tag-korea","87":"product_tag-koreaner","88":"product_tag-koreanisch","89":"product_tag-koreanische","90":"product_tag-koreanischen","91":"product_tag-koreanischer","92":"product_tag-koreanisches","93":"product_tag-mann","94":"product_tag-maenner","95":"product_tag-mannes","96":"product_tag-ost-asiatisch","97":"product_tag-ost-asiatische","98":"product_tag-ost-asiatischen","99":"product_tag-ost-asiatischer","100":"product_tag-ost-asiatisches","101":"product_tag-ost-asien","102":"product_tag-ost-asiens","103":"product_tag-ostasiatisch","104":"product_tag-ostasiatische","105":"product_tag-ostasiatischen","106":"product_tag-ostasiatischer","107":"product_tag-ostasiatisches","108":"product_tag-ostasien","109":"product_tag-photo","110":"product_tag-photoabzug","111":"product_tag-photoabzuege","112":"product_tag-photographie","113":"product_tag-photographien","114":"product_tag-photographin","115":"product_tag-photographinnen","116":"product_tag-print","117":"product_tag-s-w-fotografie","118":"product_tag-s-w-photographie","119":"product_tag-schuhe-putzen","120":"product_tag-schuheputzen","121":"product_tag-schuhputzen","122":"product_tag-schuhputzer","123":"product_tag-schuhputzers","124":"product_tag-schulterblick","125":"product_tag-schulterblicke","126":"product_tag-schwarzweissphotographie","127":"product_tag-schwarz-weiss-fotografie","128":"product_tag-schwarz-weiss-photographie","129":"product_tag-schwarzweiss","130":"product_tag-schwarzweisse","131":"product_tag-schwarzweissen","132":"product_tag-schwarzweisser","133":"product_tag-schwarzweisses","134":"product_tag-schwarzweissfotografie","135":"product_tag-siebziger","136":"product_tag-silbergelatine","137":"product_tag-silbergelatineabzug","138":"product_tag-silbergelatineabzuege","139":"product_tag-silbergelatineprint","140":"product_tag-sitzen","141":"product_tag-sitzend","142":"product_tag-sitzende","143":"product_tag-sitzenden","144":"product_tag-sitzender","145":"product_tag-sitzendes","146":"product_tag-sitzt","147":"product_tag-stadt","148":"product_tag-staedte","149":"product_tag-stadtleben","150":"product_tag-strassenleben","151":"product_tag-strassenszene","152":"product_tag-suedkorea","153":"product_tag-suedkoreaner","154":"product_tag-suedkoreanisch","155":"product_tag-suedkoreanische","156":"product_tag-suedkoreanischen","157":"product_tag-suedkoreanischer","158":"product_tag-suedkoreanisches","159":"product_tag-suedostasiatisch","160":"product_tag-suedostasiatische","161":"product_tag-suedostasiatischem","162":"product_tag-suedostasiatischen","163":"product_tag-suedostasiatischer","164":"product_tag-suedostasiatisches","165":"product_tag-suedostasien","166":"product_tag-sw-fotografie","167":"product_tag-sw-photographie","168":"product_tag-zeitungsjunge","169":"product_tag-zeitungsjungen","170":"product_tag-zeitungsverkaeufer","171":"pa_datierung-mai-1973","172":"pa_fotograf-abisag-tuellmann","173":"pa_geografischer_bezug-aufnahmeort-seoul-republik-korea","174":"pa_grunddaten_material_technik-foto-silbergelatine-auf-barytpapier","175":"pa_inventarnummer-tue-73-050-14a","176":"pa_jahr_von-54245","177":"pa_massangaben-bildformat-foto-233-x-305-cm","178":"pa_mediennummer-68463","179":"pa_objekt_typ-fotografie","181":"first","182":"instock","183":"product-type-simple"},"yoast_head":"<!-- This site is optimized with the Yoast SEO plugin v27.3 - https:\/\/yoast.com\/product\/yoast-seo-wordpress\/ -->\n<title>Stra\u00dfenszene in Seoul - Abisag T\u00fcllmann<\/title>\n<meta name=\"robots\" content=\"index, follow, max-snippet:-1, max-image-preview:large, max-video-preview:-1\" \/>\n<link rel=\"canonical\" href=\"https:\/\/bpk-archive.de\/tuellmann\/produkt\/strassenszene-in-seoul-3\/\" \/>\n<meta property=\"og:locale\" content=\"de_DE\" \/>\n<meta property=\"og:type\" content=\"article\" \/>\n<meta property=\"og:title\" content=\"Stra\u00dfenszene in Seoul - Abisag T\u00fcllmann\" \/>\n<meta property=\"og:description\" content=\"Ein Mann l\u00e4sst sich von zwei Kindern die Schuhe putzen, dabei ist er im Gespr\u00e4ch mit einem Zeitungsverk\u00e4ufer R\u00fcckseitenbeschriftung von Hand der Fotografin: &#8222;Seoul&#8220;\" \/>\n<meta property=\"og:url\" content=\"https:\/\/bpk-archive.de\/tuellmann\/produkt\/strassenszene-in-seoul-3\/\" \/>\n<meta property=\"og:site_name\" content=\"Abisag T\u00fcllmann\" \/>\n<meta property=\"article:modified_time\" content=\"2019-09-05T14:25:39+00:00\" \/>\n<meta property=\"og:image\" content=\"https:\/\/bpk-archive.de\/tuellmann\/wp-content\/uploads\/2019\/08\/bpk_70242941.jpg\" \/>\n\t<meta property=\"og:image:width\" content=\"1200\" \/>\n\t<meta property=\"og:image:height\" content=\"928\" \/>\n\t<meta property=\"og:image:type\" content=\"image\/jpeg\" \/>\n<meta name=\"twitter:card\" content=\"summary_large_image\" \/>\n<script type=\"application\/ld+json\" class=\"yoast-schema-graph\">{\"@context\":\"https:\\\/\\\/schema.org\",\"@graph\":[{\"@type\":\"WebPage\",\"@id\":\"https:\\\/\\\/bpk-archive.de\\\/tuellmann\\\/produkt\\\/strassenszene-in-seoul-3\\\/\",\"url\":\"https:\\\/\\\/bpk-archive.de\\\/tuellmann\\\/produkt\\\/strassenszene-in-seoul-3\\\/\",\"name\":\"Stra\u00dfenszene in Seoul - Abisag T\u00fcllmann\",\"isPartOf\":{\"@id\":\"https:\\\/\\\/bpk-archive.de\\\/tuellmann\\\/#website\"},\"primaryImageOfPage\":{\"@id\":\"https:\\\/\\\/bpk-archive.de\\\/tuellmann\\\/produkt\\\/strassenszene-in-seoul-3\\\/#primaryimage\"},\"image\":{\"@id\":\"https:\\\/\\\/bpk-archive.de\\\/tuellmann\\\/produkt\\\/strassenszene-in-seoul-3\\\/#primaryimage\"},\"thumbnailUrl\":\"https:\\\/\\\/bpk-archive.de\\\/tuellmann\\\/wp-content\\\/uploads\\\/2019\\\/08\\\/bpk_70242941.jpg\",\"datePublished\":\"2019-09-05T14:25:25+00:00\",\"dateModified\":\"2019-09-05T14:25:39+00:00\",\"breadcrumb\":{\"@id\":\"https:\\\/\\\/bpk-archive.de\\\/tuellmann\\\/produkt\\\/strassenszene-in-seoul-3\\\/#breadcrumb\"},\"inLanguage\":\"de\",\"potentialAction\":[{\"@type\":\"ReadAction\",\"target\":[\"https:\\\/\\\/bpk-archive.de\\\/tuellmann\\\/produkt\\\/strassenszene-in-seoul-3\\\/\"]}]},{\"@type\":\"ImageObject\",\"inLanguage\":\"de\",\"@id\":\"https:\\\/\\\/bpk-archive.de\\\/tuellmann\\\/produkt\\\/strassenszene-in-seoul-3\\\/#primaryimage\",\"url\":\"https:\\\/\\\/bpk-archive.de\\\/tuellmann\\\/wp-content\\\/uploads\\\/2019\\\/08\\\/bpk_70242941.jpg\",\"contentUrl\":\"https:\\\/\\\/bpk-archive.de\\\/tuellmann\\\/wp-content\\\/uploads\\\/2019\\\/08\\\/bpk_70242941.jpg\",\"width\":1200,\"height\":928,\"caption\":\"Stra\u00dfenszene in Seoul\"},{\"@type\":\"BreadcrumbList\",\"@id\":\"https:\\\/\\\/bpk-archive.de\\\/tuellmann\\\/produkt\\\/strassenszene-in-seoul-3\\\/#breadcrumb\",\"itemListElement\":[{\"@type\":\"ListItem\",\"position\":1,\"name\":\"Startseite\",\"item\":\"https:\\\/\\\/bpk-archive.de\\\/tuellmann\\\/\"},{\"@type\":\"ListItem\",\"position\":2,\"name\":\"Shop\",\"item\":\"https:\\\/\\\/bpk-archive.de\\\/tuellmann\\\/shop\\\/\"},{\"@type\":\"ListItem\",\"position\":3,\"name\":\"Stra\u00dfenszene in Seoul\"}]},{\"@type\":\"WebSite\",\"@id\":\"https:\\\/\\\/bpk-archive.de\\\/tuellmann\\\/#website\",\"url\":\"https:\\\/\\\/bpk-archive.de\\\/tuellmann\\\/\",\"name\":\"Abisag T\u00fcllmann\",\"description\":\"Eine weitere WordPress-Website\",\"potentialAction\":[{\"@type\":\"SearchAction\",\"target\":{\"@type\":\"EntryPoint\",\"urlTemplate\":\"https:\\\/\\\/bpk-archive.de\\\/tuellmann\\\/?s={search_term_string}\"},\"query-input\":{\"@type\":\"PropertyValueSpecification\",\"valueRequired\":true,\"valueName\":\"search_term_string\"}}],\"inLanguage\":\"de\"}]}<\/script>\n<!-- \/ Yoast SEO plugin. -->","yoast_head_json":{"title":"Stra\u00dfenszene in Seoul - Abisag T\u00fcllmann","robots":{"index":"index","follow":"follow","max-snippet":"max-snippet:-1","max-image-preview":"max-image-preview:large","max-video-preview":"max-video-preview:-1"},"canonical":"https:\/\/bpk-archive.de\/tuellmann\/produkt\/strassenszene-in-seoul-3\/","og_locale":"de_DE","og_type":"article","og_title":"Stra\u00dfenszene in Seoul - Abisag T\u00fcllmann","og_description":"Ein Mann l\u00e4sst sich von zwei Kindern die Schuhe putzen, dabei ist er im Gespr\u00e4ch mit einem Zeitungsverk\u00e4ufer R\u00fcckseitenbeschriftung von Hand der Fotografin: &#8222;Seoul&#8220;","og_url":"https:\/\/bpk-archive.de\/tuellmann\/produkt\/strassenszene-in-seoul-3\/","og_site_name":"Abisag T\u00fcllmann","article_modified_time":"2019-09-05T14:25:39+00:00","og_image":[{"width":1200,"height":928,"url":"https:\/\/bpk-archive.de\/tuellmann\/wp-content\/uploads\/2019\/08\/bpk_70242941.jpg","type":"image\/jpeg"}],"twitter_card":"summary_large_image","schema":{"@context":"https:\/\/schema.org","@graph":[{"@type":"WebPage","@id":"https:\/\/bpk-archive.de\/tuellmann\/produkt\/strassenszene-in-seoul-3\/","url":"https:\/\/bpk-archive.de\/tuellmann\/produkt\/strassenszene-in-seoul-3\/","name":"Stra\u00dfenszene in Seoul - Abisag T\u00fcllmann","isPartOf":{"@id":"https:\/\/bpk-archive.de\/tuellmann\/#website"},"primaryImageOfPage":{"@id":"https:\/\/bpk-archive.de\/tuellmann\/produkt\/strassenszene-in-seoul-3\/#primaryimage"},"image":{"@id":"https:\/\/bpk-archive.de\/tuellmann\/produkt\/strassenszene-in-seoul-3\/#primaryimage"},"thumbnailUrl":"https:\/\/bpk-archive.de\/tuellmann\/wp-content\/uploads\/2019\/08\/bpk_70242941.jpg","datePublished":"2019-09-05T14:25:25+00:00","dateModified":"2019-09-05T14:25:39+00:00","breadcrumb":{"@id":"https:\/\/bpk-archive.de\/tuellmann\/produkt\/strassenszene-in-seoul-3\/#breadcrumb"},"inLanguage":"de","potentialAction":[{"@type":"ReadAction","target":["https:\/\/bpk-archive.de\/tuellmann\/produkt\/strassenszene-in-seoul-3\/"]}]},{"@type":"ImageObject","inLanguage":"de","@id":"https:\/\/bpk-archive.de\/tuellmann\/produkt\/strassenszene-in-seoul-3\/#primaryimage","url":"https:\/\/bpk-archive.de\/tuellmann\/wp-content\/uploads\/2019\/08\/bpk_70242941.jpg","contentUrl":"https:\/\/bpk-archive.de\/tuellmann\/wp-content\/uploads\/2019\/08\/bpk_70242941.jpg","width":1200,"height":928,"caption":"Stra\u00dfenszene in Seoul"},{"@type":"BreadcrumbList","@id":"https:\/\/bpk-archive.de\/tuellmann\/produkt\/strassenszene-in-seoul-3\/#breadcrumb","itemListElement":[{"@type":"ListItem","position":1,"name":"Startseite","item":"https:\/\/bpk-archive.de\/tuellmann\/"},{"@type":"ListItem","position":2,"name":"Shop","item":"https:\/\/bpk-archive.de\/tuellmann\/shop\/"},{"@type":"ListItem","position":3,"name":"Stra\u00dfenszene in Seoul"}]},{"@type":"WebSite","@id":"https:\/\/bpk-archive.de\/tuellmann\/#website","url":"https:\/\/bpk-archive.de\/tuellmann\/","name":"Abisag T\u00fcllmann","description":"Eine weitere WordPress-Website","potentialAction":[{"@type":"SearchAction","target":{"@type":"EntryPoint","urlTemplate":"https:\/\/bpk-archive.de\/tuellmann\/?s={search_term_string}"},"query-input":{"@type":"PropertyValueSpecification","valueRequired":true,"valueName":"search_term_string"}}],"inLanguage":"de"}]}},"_links":{"self":[{"href":"https:\/\/bpk-archive.de\/tuellmann\/wp-json\/wp\/v2\/product\/70297394","targetHints":{"allow":["GET"]}}],"collection":[{"href":"https:\/\/bpk-archive.de\/tuellmann\/wp-json\/wp\/v2\/product"}],"about":[{"href":"https:\/\/bpk-archive.de\/tuellmann\/wp-json\/wp\/v2\/types\/product"}],"wp:featuredmedia":[{"embeddable":true,"href":"https:\/\/bpk-archive.de\/tuellmann\/wp-json\/wp\/v2\/media\/70292299"}],"wp:attachment":[{"href":"https:\/\/bpk-archive.de\/tuellmann\/wp-json\/wp\/v2\/media?parent=70297394"}],"wp:term":[{"taxonomy":"product_brand","embeddable":true,"href":"https:\/\/bpk-archive.de\/tuellmann\/wp-json\/wp\/v2\/product_brand?post=70297394"},{"taxonomy":"product_cat","embeddable":true,"href":"https:\/\/bpk-archive.de\/tuellmann\/wp-json\/wp\/v2\/product_cat?post=70297394"},{"taxonomy":"product_tag","embeddable":true,"href":"https:\/\/bpk-archive.de\/tuellmann\/wp-json\/wp\/v2\/product_tag?post=70297394"}],"curies":[{"name":"wp","href":"https:\/\/api.w.org\/{rel}","templated":true}]}}