{"id":70297389,"date":"2019-09-05T16:25:25","date_gmt":"2019-09-05T14:25:25","guid":{"rendered":"http:\/\/abisagtuellmann.bpk-news.de\/atbild\/landwirtschaft-in-suedkorea-bauer-beim-pfluegen-eines-feldes\/"},"modified":"2019-09-05T16:25:35","modified_gmt":"2019-09-05T14:25:35","slug":"landwirtschaft-in-suedkorea-bauer-beim-pfluegen-eines-feldes","status":"publish","type":"product","link":"https:\/\/bpk-archive.de\/tuellmann\/produkt\/landwirtschaft-in-suedkorea-bauer-beim-pfluegen-eines-feldes\/","title":{"rendered":"Landwirtschaft in S\u00fcdkorea &#8211; Bauer beim Pfl\u00fcgen eines Feldes"},"content":{"rendered":"<p>R\u00fcckseitenbeschriftung von Hand der Fotografin: &#8222;S\u00fcd-Korea&#8220;<\/p>\n","protected":false},"excerpt":{"rendered":"<p>R\u00fcckseitenbeschriftung von Hand der Fotografin: &#8222;S\u00fcd-Korea&#8220;<\/p>\n","protected":false},"featured_media":70292262,"template":"","meta":[],"product_brand":[],"product_cat":[],"product_tag":[13230,13232,13234,13231,13233,13235,14262,13777,59238,50963,59239,47456,47457,47458,47459,47460,47461,47462,56103,56104,56105,56106,56107,56108,56109,56110,56111,56112,56113,65437,13250,47796,47797,13784,13785,13253,13254,13255,13256,13257,13260,50858,50862,50863,50864,50865,13293,13786,13787,13294,13295,13296,13297,13301,56177,56178,56181,56182,56183,56184,56185,47814,47815,47816,47817,50873,50874,50875,50876,50877,50878,50879,13818,13819,13820,13821,13822,13823,13824,13825,13826,56131,56133,56135,56137,56139,56141,56142,56130,56132,56134,56136,56138,56140,68437,68438,68439,68440,68441,68442,68443,68444,68445,13328,13827,13828,13329,13330,13331,13332,13829,13830,13831,13832,13833,13834,13835,13836,13837,13838,13839,13840,13841,13842,13843,65449,65450,68320,68321,13877,13879,13865,13864,13866,13858,13859,13860,13861,13862,13863,13354,13869,13870,13871,13872,50196,50197,56186,56187,56190,56191,56192,56193,56194,56195,65451,65452,65453,65454,65455,56196,13878,13880,68446,68447,68448,68449,68450,68451,68452,68453,68454,51706,51707,51709,49614],"class_list":{"0":"post-70297389","1":"product","2":"type-product","3":"status-publish","4":"has-post-thumbnail","6":"product_tag-1970er-jahre","7":"product_tag-20-jahrhundert-nach-chr","8":"product_tag-20-jh-n-chr","9":"product_tag-20-jahrhundert","10":"product_tag-20-jh","11":"product_tag-70er","12":"product_tag-abt_008","13":"product_tag-abzug","14":"product_tag-acker","15":"product_tag-ackerbau","16":"product_tag-aeckern","17":"product_tag-arbeit","18":"product_tag-arbeiten","19":"product_tag-arbeitend","20":"product_tag-arbeitende","21":"product_tag-arbeitenden","22":"product_tag-arbeitender","23":"product_tag-arbeitendes","24":"product_tag-asiat","25":"product_tag-asiate","26":"product_tag-asiaten","27":"product_tag-asiatisch","28":"product_tag-asiatische","29":"product_tag-asiatischem","30":"product_tag-asiatischen","31":"product_tag-asiatischer","32":"product_tag-asiatisches","33":"product_tag-asien","34":"product_tag-asiens","35":"product_tag-at_asien","36":"product_tag-aussen","37":"product_tag-bauer","38":"product_tag-bauern","39":"product_tag-bildnis","40":"product_tag-bildnisse","41":"product_tag-deutsch","42":"product_tag-deutsche","43":"product_tag-deutschen","44":"product_tag-deutscher","45":"product_tag-deutsches","46":"product_tag-draussen","47":"product_tag-feld","48":"product_tag-felde","49":"product_tag-felder","50":"product_tag-feldern","51":"product_tag-feldes","52":"product_tag-foto","53":"product_tag-fotoabzug","54":"product_tag-fotoabzuege","55":"product_tag-fotografie","56":"product_tag-fotografien","57":"product_tag-fotografin","58":"product_tag-fotografinnen","59":"product_tag-im-freien","60":"product_tag-korea","61":"product_tag-koreaner","62":"product_tag-koreanisch","63":"product_tag-koreanische","64":"product_tag-koreanischen","65":"product_tag-koreanischer","66":"product_tag-koreanisches","67":"product_tag-landleben","68":"product_tag-landlebens","69":"product_tag-landwirt","70":"product_tag-landwirte","71":"product_tag-landwirtschaft","72":"product_tag-landwirtschaftlich","73":"product_tag-landwirtschaftliche","74":"product_tag-landwirtschaftlichem","75":"product_tag-landwirtschaftlichen","76":"product_tag-landwirtschaftlicher","77":"product_tag-landwirtschaftliches","78":"product_tag-mann","79":"product_tag-maenner","80":"product_tag-maennerbildnis","81":"product_tag-maennerbildnisse","82":"product_tag-maennerportrait","83":"product_tag-maennerportraits","84":"product_tag-maennerportraet","85":"product_tag-maennerportraets","86":"product_tag-mannes","87":"product_tag-ost-asiatisch","88":"product_tag-ost-asiatische","89":"product_tag-ost-asiatischen","90":"product_tag-ost-asiatischer","91":"product_tag-ost-asiatisches","92":"product_tag-ost-asien","93":"product_tag-ost-asiens","94":"product_tag-ostasiatisch","95":"product_tag-ostasiatische","96":"product_tag-ostasiatischen","97":"product_tag-ostasiatischer","98":"product_tag-ostasiatisches","99":"product_tag-ostasien","100":"product_tag-pflug","101":"product_tag-pfluege","102":"product_tag-pfluegen","103":"product_tag-pfluegend","104":"product_tag-pfluegende","105":"product_tag-pfluegenden","106":"product_tag-pfluegender","107":"product_tag-pfluegendes","108":"product_tag-pfluegt","109":"product_tag-photo","110":"product_tag-photoabzug","111":"product_tag-photoabzuege","112":"product_tag-photographie","113":"product_tag-photographien","114":"product_tag-photographin","115":"product_tag-photographinnen","116":"product_tag-portrait","117":"product_tag-portraitaufnahme","118":"product_tag-portraitfoto","119":"product_tag-portraitfotografie","120":"product_tag-portraitphoto","121":"product_tag-portraitphotographie","122":"product_tag-portraits","123":"product_tag-portraet","124":"product_tag-portraetaufnahme","125":"product_tag-portraetfoto","126":"product_tag-portraetfotografie","127":"product_tag-portraetphoto","128":"product_tag-portraetphotographie","129":"product_tag-portraets","130":"product_tag-print","131":"product_tag-reisfeld","132":"product_tag-reisfelder","133":"product_tag-reisstrohhut","134":"product_tag-reisstrohhuete","135":"product_tag-s-w-fotografie","136":"product_tag-s-w-photographie","137":"product_tag-schwarzweissphotographie","138":"product_tag-schwarz-weiss-fotografie","139":"product_tag-schwarz-weiss-photographie","140":"product_tag-schwarzweiss","141":"product_tag-schwarzweisse","142":"product_tag-schwarzweissen","143":"product_tag-schwarzweisser","144":"product_tag-schwarzweisses","145":"product_tag-schwarzweissfotografie","146":"product_tag-siebziger","147":"product_tag-silbergelatine","148":"product_tag-silbergelatineabzug","149":"product_tag-silbergelatineabzuege","150":"product_tag-silbergelatineprint","151":"product_tag-strohhut","152":"product_tag-strohhuete","153":"product_tag-suedkorea","154":"product_tag-suedkoreaner","155":"product_tag-suedkoreanisch","156":"product_tag-suedkoreanische","157":"product_tag-suedkoreanischen","158":"product_tag-suedkoreanischer","159":"product_tag-suedkoreanisches","160":"product_tag-suedostasiatisch","161":"product_tag-suedostasiatische","162":"product_tag-suedostasiatischem","163":"product_tag-suedostasiatischen","164":"product_tag-suedostasiatischer","165":"product_tag-suedostasiatisches","166":"product_tag-suedostasien","167":"product_tag-sw-fotografie","168":"product_tag-sw-photographie","169":"product_tag-ueberflutet","170":"product_tag-ueberflutete","171":"product_tag-ueberfluteter","172":"product_tag-ueberflutetes","173":"product_tag-ueberschwemmt","174":"product_tag-ueberschwemmte","175":"product_tag-ueberschwemmter","176":"product_tag-ueberschwemmtes","177":"product_tag-unter-wasser","178":"product_tag-wasserflaeche","179":"product_tag-wasserflaechen","180":"product_tag-wasseroberflaeche","181":"product_tag-waten","182":"pa_datierung-mai-1973","183":"pa_fotograf-abisag-tuellmann","184":"pa_geografischer_bezug-aufnahmeort-republik-korea","185":"pa_grunddaten_material_technik-foto-silbergelatine-auf-barytpapier","186":"pa_inventarnummer-tue-73-060-36a","187":"pa_jahr_von-54245","188":"pa_massangaben-bildformat-foto-232-x-303-cm","189":"pa_mediennummer-68435","190":"pa_objekt_typ-fotografie","192":"first","193":"instock","194":"product-type-simple"},"yoast_head":"<!-- This site is optimized with the Yoast SEO plugin v27.4 - https:\/\/yoast.com\/product\/yoast-seo-wordpress\/ -->\n<title>Landwirtschaft in S\u00fcdkorea - Bauer beim Pfl\u00fcgen eines Feldes - Abisag T\u00fcllmann<\/title>\n<meta name=\"robots\" content=\"index, follow, max-snippet:-1, max-image-preview:large, max-video-preview:-1\" \/>\n<link rel=\"canonical\" href=\"https:\/\/bpk-archive.de\/tuellmann\/produkt\/landwirtschaft-in-suedkorea-bauer-beim-pfluegen-eines-feldes\/\" \/>\n<meta property=\"og:locale\" content=\"de_DE\" \/>\n<meta property=\"og:type\" content=\"article\" \/>\n<meta property=\"og:title\" content=\"Landwirtschaft in S\u00fcdkorea - Bauer beim Pfl\u00fcgen eines Feldes - Abisag T\u00fcllmann\" \/>\n<meta property=\"og:description\" content=\"R\u00fcckseitenbeschriftung von Hand der Fotografin: &#8222;S\u00fcd-Korea&#8220;\" \/>\n<meta property=\"og:url\" content=\"https:\/\/bpk-archive.de\/tuellmann\/produkt\/landwirtschaft-in-suedkorea-bauer-beim-pfluegen-eines-feldes\/\" \/>\n<meta property=\"og:site_name\" content=\"Abisag T\u00fcllmann\" \/>\n<meta property=\"article:modified_time\" content=\"2019-09-05T14:25:35+00:00\" \/>\n<meta property=\"og:image\" content=\"https:\/\/bpk-archive.de\/tuellmann\/wp-content\/uploads\/2019\/08\/bpk_70242904.jpg\" \/>\n\t<meta property=\"og:image:width\" content=\"1200\" \/>\n\t<meta property=\"og:image:height\" content=\"932\" \/>\n\t<meta property=\"og:image:type\" content=\"image\/jpeg\" \/>\n<meta name=\"twitter:card\" content=\"summary_large_image\" \/>\n<script type=\"application\/ld+json\" class=\"yoast-schema-graph\">{\"@context\":\"https:\\\/\\\/schema.org\",\"@graph\":[{\"@type\":\"WebPage\",\"@id\":\"https:\\\/\\\/bpk-archive.de\\\/tuellmann\\\/produkt\\\/landwirtschaft-in-suedkorea-bauer-beim-pfluegen-eines-feldes\\\/\",\"url\":\"https:\\\/\\\/bpk-archive.de\\\/tuellmann\\\/produkt\\\/landwirtschaft-in-suedkorea-bauer-beim-pfluegen-eines-feldes\\\/\",\"name\":\"Landwirtschaft in S\u00fcdkorea - Bauer beim Pfl\u00fcgen eines Feldes - Abisag T\u00fcllmann\",\"isPartOf\":{\"@id\":\"https:\\\/\\\/bpk-archive.de\\\/tuellmann\\\/#website\"},\"primaryImageOfPage\":{\"@id\":\"https:\\\/\\\/bpk-archive.de\\\/tuellmann\\\/produkt\\\/landwirtschaft-in-suedkorea-bauer-beim-pfluegen-eines-feldes\\\/#primaryimage\"},\"image\":{\"@id\":\"https:\\\/\\\/bpk-archive.de\\\/tuellmann\\\/produkt\\\/landwirtschaft-in-suedkorea-bauer-beim-pfluegen-eines-feldes\\\/#primaryimage\"},\"thumbnailUrl\":\"https:\\\/\\\/bpk-archive.de\\\/tuellmann\\\/wp-content\\\/uploads\\\/2019\\\/08\\\/bpk_70242904.jpg\",\"datePublished\":\"2019-09-05T14:25:25+00:00\",\"dateModified\":\"2019-09-05T14:25:35+00:00\",\"breadcrumb\":{\"@id\":\"https:\\\/\\\/bpk-archive.de\\\/tuellmann\\\/produkt\\\/landwirtschaft-in-suedkorea-bauer-beim-pfluegen-eines-feldes\\\/#breadcrumb\"},\"inLanguage\":\"de\",\"potentialAction\":[{\"@type\":\"ReadAction\",\"target\":[\"https:\\\/\\\/bpk-archive.de\\\/tuellmann\\\/produkt\\\/landwirtschaft-in-suedkorea-bauer-beim-pfluegen-eines-feldes\\\/\"]}]},{\"@type\":\"ImageObject\",\"inLanguage\":\"de\",\"@id\":\"https:\\\/\\\/bpk-archive.de\\\/tuellmann\\\/produkt\\\/landwirtschaft-in-suedkorea-bauer-beim-pfluegen-eines-feldes\\\/#primaryimage\",\"url\":\"https:\\\/\\\/bpk-archive.de\\\/tuellmann\\\/wp-content\\\/uploads\\\/2019\\\/08\\\/bpk_70242904.jpg\",\"contentUrl\":\"https:\\\/\\\/bpk-archive.de\\\/tuellmann\\\/wp-content\\\/uploads\\\/2019\\\/08\\\/bpk_70242904.jpg\",\"width\":1200,\"height\":932,\"caption\":\"Landwirtschaft in S\u00fcdkorea - Bauer beim Pfl\u00fcgen eines Feldes\"},{\"@type\":\"BreadcrumbList\",\"@id\":\"https:\\\/\\\/bpk-archive.de\\\/tuellmann\\\/produkt\\\/landwirtschaft-in-suedkorea-bauer-beim-pfluegen-eines-feldes\\\/#breadcrumb\",\"itemListElement\":[{\"@type\":\"ListItem\",\"position\":1,\"name\":\"Startseite\",\"item\":\"https:\\\/\\\/bpk-archive.de\\\/tuellmann\\\/\"},{\"@type\":\"ListItem\",\"position\":2,\"name\":\"Shop\",\"item\":\"https:\\\/\\\/bpk-archive.de\\\/tuellmann\\\/shop\\\/\"},{\"@type\":\"ListItem\",\"position\":3,\"name\":\"Landwirtschaft in S\u00fcdkorea &#8211; Bauer beim Pfl\u00fcgen eines Feldes\"}]},{\"@type\":\"WebSite\",\"@id\":\"https:\\\/\\\/bpk-archive.de\\\/tuellmann\\\/#website\",\"url\":\"https:\\\/\\\/bpk-archive.de\\\/tuellmann\\\/\",\"name\":\"Abisag T\u00fcllmann\",\"description\":\"Eine weitere WordPress-Website\",\"potentialAction\":[{\"@type\":\"SearchAction\",\"target\":{\"@type\":\"EntryPoint\",\"urlTemplate\":\"https:\\\/\\\/bpk-archive.de\\\/tuellmann\\\/?s={search_term_string}\"},\"query-input\":{\"@type\":\"PropertyValueSpecification\",\"valueRequired\":true,\"valueName\":\"search_term_string\"}}],\"inLanguage\":\"de\"}]}<\/script>\n<!-- \/ Yoast SEO plugin. -->","yoast_head_json":{"title":"Landwirtschaft in S\u00fcdkorea - Bauer beim Pfl\u00fcgen eines Feldes - Abisag T\u00fcllmann","robots":{"index":"index","follow":"follow","max-snippet":"max-snippet:-1","max-image-preview":"max-image-preview:large","max-video-preview":"max-video-preview:-1"},"canonical":"https:\/\/bpk-archive.de\/tuellmann\/produkt\/landwirtschaft-in-suedkorea-bauer-beim-pfluegen-eines-feldes\/","og_locale":"de_DE","og_type":"article","og_title":"Landwirtschaft in S\u00fcdkorea - Bauer beim Pfl\u00fcgen eines Feldes - Abisag T\u00fcllmann","og_description":"R\u00fcckseitenbeschriftung von Hand der Fotografin: &#8222;S\u00fcd-Korea&#8220;","og_url":"https:\/\/bpk-archive.de\/tuellmann\/produkt\/landwirtschaft-in-suedkorea-bauer-beim-pfluegen-eines-feldes\/","og_site_name":"Abisag T\u00fcllmann","article_modified_time":"2019-09-05T14:25:35+00:00","og_image":[{"width":1200,"height":932,"url":"https:\/\/bpk-archive.de\/tuellmann\/wp-content\/uploads\/2019\/08\/bpk_70242904.jpg","type":"image\/jpeg"}],"twitter_card":"summary_large_image","schema":{"@context":"https:\/\/schema.org","@graph":[{"@type":"WebPage","@id":"https:\/\/bpk-archive.de\/tuellmann\/produkt\/landwirtschaft-in-suedkorea-bauer-beim-pfluegen-eines-feldes\/","url":"https:\/\/bpk-archive.de\/tuellmann\/produkt\/landwirtschaft-in-suedkorea-bauer-beim-pfluegen-eines-feldes\/","name":"Landwirtschaft in S\u00fcdkorea - Bauer beim Pfl\u00fcgen eines Feldes - Abisag T\u00fcllmann","isPartOf":{"@id":"https:\/\/bpk-archive.de\/tuellmann\/#website"},"primaryImageOfPage":{"@id":"https:\/\/bpk-archive.de\/tuellmann\/produkt\/landwirtschaft-in-suedkorea-bauer-beim-pfluegen-eines-feldes\/#primaryimage"},"image":{"@id":"https:\/\/bpk-archive.de\/tuellmann\/produkt\/landwirtschaft-in-suedkorea-bauer-beim-pfluegen-eines-feldes\/#primaryimage"},"thumbnailUrl":"https:\/\/bpk-archive.de\/tuellmann\/wp-content\/uploads\/2019\/08\/bpk_70242904.jpg","datePublished":"2019-09-05T14:25:25+00:00","dateModified":"2019-09-05T14:25:35+00:00","breadcrumb":{"@id":"https:\/\/bpk-archive.de\/tuellmann\/produkt\/landwirtschaft-in-suedkorea-bauer-beim-pfluegen-eines-feldes\/#breadcrumb"},"inLanguage":"de","potentialAction":[{"@type":"ReadAction","target":["https:\/\/bpk-archive.de\/tuellmann\/produkt\/landwirtschaft-in-suedkorea-bauer-beim-pfluegen-eines-feldes\/"]}]},{"@type":"ImageObject","inLanguage":"de","@id":"https:\/\/bpk-archive.de\/tuellmann\/produkt\/landwirtschaft-in-suedkorea-bauer-beim-pfluegen-eines-feldes\/#primaryimage","url":"https:\/\/bpk-archive.de\/tuellmann\/wp-content\/uploads\/2019\/08\/bpk_70242904.jpg","contentUrl":"https:\/\/bpk-archive.de\/tuellmann\/wp-content\/uploads\/2019\/08\/bpk_70242904.jpg","width":1200,"height":932,"caption":"Landwirtschaft in S\u00fcdkorea - Bauer beim Pfl\u00fcgen eines Feldes"},{"@type":"BreadcrumbList","@id":"https:\/\/bpk-archive.de\/tuellmann\/produkt\/landwirtschaft-in-suedkorea-bauer-beim-pfluegen-eines-feldes\/#breadcrumb","itemListElement":[{"@type":"ListItem","position":1,"name":"Startseite","item":"https:\/\/bpk-archive.de\/tuellmann\/"},{"@type":"ListItem","position":2,"name":"Shop","item":"https:\/\/bpk-archive.de\/tuellmann\/shop\/"},{"@type":"ListItem","position":3,"name":"Landwirtschaft in S\u00fcdkorea &#8211; Bauer beim Pfl\u00fcgen eines Feldes"}]},{"@type":"WebSite","@id":"https:\/\/bpk-archive.de\/tuellmann\/#website","url":"https:\/\/bpk-archive.de\/tuellmann\/","name":"Abisag T\u00fcllmann","description":"Eine weitere WordPress-Website","potentialAction":[{"@type":"SearchAction","target":{"@type":"EntryPoint","urlTemplate":"https:\/\/bpk-archive.de\/tuellmann\/?s={search_term_string}"},"query-input":{"@type":"PropertyValueSpecification","valueRequired":true,"valueName":"search_term_string"}}],"inLanguage":"de"}]}},"_links":{"self":[{"href":"https:\/\/bpk-archive.de\/tuellmann\/wp-json\/wp\/v2\/product\/70297389","targetHints":{"allow":["GET"]}}],"collection":[{"href":"https:\/\/bpk-archive.de\/tuellmann\/wp-json\/wp\/v2\/product"}],"about":[{"href":"https:\/\/bpk-archive.de\/tuellmann\/wp-json\/wp\/v2\/types\/product"}],"wp:featuredmedia":[{"embeddable":true,"href":"https:\/\/bpk-archive.de\/tuellmann\/wp-json\/wp\/v2\/media\/70292262"}],"wp:attachment":[{"href":"https:\/\/bpk-archive.de\/tuellmann\/wp-json\/wp\/v2\/media?parent=70297389"}],"wp:term":[{"taxonomy":"product_brand","embeddable":true,"href":"https:\/\/bpk-archive.de\/tuellmann\/wp-json\/wp\/v2\/product_brand?post=70297389"},{"taxonomy":"product_cat","embeddable":true,"href":"https:\/\/bpk-archive.de\/tuellmann\/wp-json\/wp\/v2\/product_cat?post=70297389"},{"taxonomy":"product_tag","embeddable":true,"href":"https:\/\/bpk-archive.de\/tuellmann\/wp-json\/wp\/v2\/product_tag?post=70297389"}],"curies":[{"name":"wp","href":"https:\/\/api.w.org\/{rel}","templated":true}]}}