{"id":70297375,"date":"2019-09-05T16:25:08","date_gmt":"2019-09-05T14:25:08","guid":{"rendered":"http:\/\/abisagtuellmann.bpk-news.de\/atbild\/peter-staempfli-vor-einem-seiner-werke-im-schweizer-pavillon-auf-der-35-biennale-von-venedig\/"},"modified":"2019-09-05T16:25:21","modified_gmt":"2019-09-05T14:25:21","slug":"peter-staempfli-vor-einem-seiner-werke-im-schweizer-pavillon-auf-der-35-biennale-von-venedig","status":"publish","type":"product","link":"https:\/\/bpk-archive.de\/tuellmann\/produkt\/peter-staempfli-vor-einem-seiner-werke-im-schweizer-pavillon-auf-der-35-biennale-von-venedig\/","title":{"rendered":"Peter St\u00e4mpfli vor einem seiner Werke im Schweizer Pavillon auf der 35. Biennale von Venedig"},"content":{"rendered":"<p>R\u00fcckseitenbeschriftung von Hand der Fotografin: &#8222;Schweiz: St\u00e4mpfli&#8220;<\/p>\n","protected":false},"excerpt":{"rendered":"<p>R\u00fcckseitenbeschriftung von Hand der Fotografin: &#8222;Schweiz: St\u00e4mpfli&#8220;<\/p>\n","protected":false},"featured_media":70292221,"template":"","meta":[],"product_brand":[],"product_cat":[],"product_tag":[13230,13232,13234,13231,13233,13235,63025,13777,60161,50837,50838,56056,56057,56058,56059,56060,56061,56062,56063,52509,56064,56065,56072,13253,13254,13255,13256,13257,13473,13293,13786,13787,13294,13295,13296,13297,13498,51508,51511,51512,51513,51514,51515,51516,56428,56080,13499,13500,56081,58080,58081,60163,60164,60165,60166,58082,13505,13506,13818,13819,13826,51518,51519,51520,51521,51522,51523,51524,51597,51599,51600,51602,56082,56083,56084,47899,47900,13328,13827,13828,13329,13330,13331,13332,60447,60446,13843,13877,13879,47858,47859,13865,13864,13866,13858,13859,13860,13861,13862,13863,59218,59219,59220,59221,59222,13354,13869,13870,13871,13872,13519,13520,13521,13522,13523,13524,51537,51539,51540,51541,51542,51543,51544,13878,13880,55983,55984,55988,55989,55990,55991,55992,55993,13525,56096,56097],"class_list":{"0":"post-70297375","1":"product","2":"type-product","3":"status-publish","4":"has-post-thumbnail","6":"product_tag-1970er-jahre","7":"product_tag-20-jahrhundert-nach-chr","8":"product_tag-20-jh-n-chr","9":"product_tag-20-jahrhundert","10":"product_tag-20-jh","11":"product_tag-70er","12":"product_tag-abt_007","13":"product_tag-abzug","14":"product_tag-at_kunst","15":"product_tag-ausstellung","16":"product_tag-ausstellungen","17":"product_tag-ausstellungshalle","18":"product_tag-ausstellungshallen","19":"product_tag-ausstellungspavillon","20":"product_tag-ausstellungspavillons","21":"product_tag-ausstellungsraum","22":"product_tag-ausstellungsraeume","23":"product_tag-ausstellungssaal","24":"product_tag-ausstellungssaele","25":"product_tag-autoreifen","26":"product_tag-biennale","27":"product_tag-bildende-kunst","28":"product_tag-contemporary-art","29":"product_tag-deutsch","30":"product_tag-deutsche","31":"product_tag-deutschen","32":"product_tag-deutscher","33":"product_tag-deutsches","34":"product_tag-drinnen","35":"product_tag-foto","36":"product_tag-fotoabzug","37":"product_tag-fotoabzuege","38":"product_tag-fotografie","39":"product_tag-fotografien","40":"product_tag-fotografin","41":"product_tag-fotografinnen","42":"product_tag-innen","43":"product_tag-italien","44":"product_tag-italienisch","45":"product_tag-italienische","46":"product_tag-italienischen","47":"product_tag-italienischer","48":"product_tag-italienisches","49":"product_tag-italiens","50":"product_tag-kultur","51":"product_tag-kunst","52":"product_tag-kunstausstellung","53":"product_tag-kunstausstellungen","54":"product_tag-kuenste","55":"product_tag-kuenstler","56":"product_tag-kuenstlern","57":"product_tag-kuenstlerportrait","58":"product_tag-kuenstlerportraits","59":"product_tag-kuenstlerportraet","60":"product_tag-kuenstlerportraets","61":"product_tag-kuenstlers","62":"product_tag-kunstwerk","63":"product_tag-kunstwerke","64":"product_tag-mann","65":"product_tag-maenner","66":"product_tag-mannes","67":"product_tag-mediterran","68":"product_tag-mediterrane","69":"product_tag-mediterranen","70":"product_tag-mediterraner","71":"product_tag-mediterranes","72":"product_tag-mittelmeerland","73":"product_tag-mittelmeerlaender","74":"product_tag-norditalien","75":"product_tag-norditalienisch","76":"product_tag-oberitalien","77":"product_tag-oberitalienisch","78":"product_tag-pavillion","79":"product_tag-pavillon","80":"product_tag-pavillons","81":"product_tag-persoenlichkeit","82":"product_tag-persoenlichkeiten","83":"product_tag-photo","84":"product_tag-photoabzug","85":"product_tag-photoabzuege","86":"product_tag-photographie","87":"product_tag-photographien","88":"product_tag-photographin","89":"product_tag-photographinnen","90":"product_tag-pop-art","91":"product_tag-popart","92":"product_tag-print","93":"product_tag-s-w-fotografie","94":"product_tag-s-w-photographie","95":"product_tag-schulterblick","96":"product_tag-schulterblicke","97":"product_tag-schwarzweissphotographie","98":"product_tag-schwarz-weiss-fotografie","99":"product_tag-schwarz-weiss-photographie","100":"product_tag-schwarzweiss","101":"product_tag-schwarzweisse","102":"product_tag-schwarzweissen","103":"product_tag-schwarzweisser","104":"product_tag-schwarzweisses","105":"product_tag-schwarzweissfotografie","106":"product_tag-schweizerisch","107":"product_tag-schweizerische","108":"product_tag-schweizerischen","109":"product_tag-schweizerischer","110":"product_tag-schweizerisches","111":"product_tag-siebziger","112":"product_tag-silbergelatine","113":"product_tag-silbergelatineabzug","114":"product_tag-silbergelatineabzuege","115":"product_tag-silbergelatineprint","116":"product_tag-stehen","117":"product_tag-stehend","118":"product_tag-stehende","119":"product_tag-stehenden","120":"product_tag-stehender","121":"product_tag-stehendes","122":"product_tag-suedeuropa","123":"product_tag-suedeuropaeisch","124":"product_tag-suedeuropaeische","125":"product_tag-suedeuropaeischem","126":"product_tag-suedeuropaeischen","127":"product_tag-suedeuropaeischer","128":"product_tag-suedeuropaeisches","129":"product_tag-sw-fotografie","130":"product_tag-sw-photographie","131":"product_tag-venedig","132":"product_tag-venedigs","133":"product_tag-venezianisch","134":"product_tag-venezianische","135":"product_tag-venezianischem","136":"product_tag-venezianischen","137":"product_tag-venezianischer","138":"product_tag-venezianisches","139":"product_tag-von-innen","140":"product_tag-zeitgenoessische-kunst","141":"product_tag-zeitgenoessischen-kunst","142":"pa_datierung-juni-1970","143":"pa_fotograf-abisag-tuellmann","144":"pa_geografischer_bezug-aufnahmeort-venedig-italien","145":"pa_grunddaten_material_technik-foto-silbergelatine-auf-barytpapier","146":"pa_inventarnummer-tue-70-202-31a","147":"pa_jahr_von-53324","148":"pa_kuenstler-peter-staempfli","149":"pa_massangaben-bildformat-foto-237-x-294-cm","150":"pa_mediennummer-68329","151":"pa_objekt_typ-fotografie","153":"first","154":"instock","155":"product-type-simple"},"yoast_head":"<!-- This site is optimized with the Yoast SEO plugin v27.4 - https:\/\/yoast.com\/product\/yoast-seo-wordpress\/ -->\n<title>Peter St\u00e4mpfli vor einem seiner Werke im Schweizer Pavillon auf der 35. Biennale von Venedig - Abisag T\u00fcllmann<\/title>\n<meta name=\"robots\" content=\"index, follow, max-snippet:-1, max-image-preview:large, max-video-preview:-1\" \/>\n<link rel=\"canonical\" href=\"https:\/\/bpk-archive.de\/tuellmann\/produkt\/peter-staempfli-vor-einem-seiner-werke-im-schweizer-pavillon-auf-der-35-biennale-von-venedig\/\" \/>\n<meta property=\"og:locale\" content=\"de_DE\" \/>\n<meta property=\"og:type\" content=\"article\" \/>\n<meta property=\"og:title\" content=\"Peter St\u00e4mpfli vor einem seiner Werke im Schweizer Pavillon auf der 35. Biennale von Venedig - Abisag T\u00fcllmann\" \/>\n<meta property=\"og:description\" content=\"R\u00fcckseitenbeschriftung von Hand der Fotografin: &#8222;Schweiz: St\u00e4mpfli&#8220;\" \/>\n<meta property=\"og:url\" content=\"https:\/\/bpk-archive.de\/tuellmann\/produkt\/peter-staempfli-vor-einem-seiner-werke-im-schweizer-pavillon-auf-der-35-biennale-von-venedig\/\" \/>\n<meta property=\"og:site_name\" content=\"Abisag T\u00fcllmann\" \/>\n<meta property=\"article:modified_time\" content=\"2019-09-05T14:25:21+00:00\" \/>\n<meta property=\"og:image\" content=\"https:\/\/bpk-archive.de\/tuellmann\/wp-content\/uploads\/2019\/08\/bpk_70242890.jpg\" \/>\n\t<meta property=\"og:image:width\" content=\"1200\" \/>\n\t<meta property=\"og:image:height\" content=\"976\" \/>\n\t<meta property=\"og:image:type\" content=\"image\/jpeg\" \/>\n<meta name=\"twitter:card\" content=\"summary_large_image\" \/>\n<script type=\"application\/ld+json\" class=\"yoast-schema-graph\">{\"@context\":\"https:\\\/\\\/schema.org\",\"@graph\":[{\"@type\":\"WebPage\",\"@id\":\"https:\\\/\\\/bpk-archive.de\\\/tuellmann\\\/produkt\\\/peter-staempfli-vor-einem-seiner-werke-im-schweizer-pavillon-auf-der-35-biennale-von-venedig\\\/\",\"url\":\"https:\\\/\\\/bpk-archive.de\\\/tuellmann\\\/produkt\\\/peter-staempfli-vor-einem-seiner-werke-im-schweizer-pavillon-auf-der-35-biennale-von-venedig\\\/\",\"name\":\"Peter St\u00e4mpfli vor einem seiner Werke im Schweizer Pavillon auf der 35. Biennale von Venedig - Abisag T\u00fcllmann\",\"isPartOf\":{\"@id\":\"https:\\\/\\\/bpk-archive.de\\\/tuellmann\\\/#website\"},\"primaryImageOfPage\":{\"@id\":\"https:\\\/\\\/bpk-archive.de\\\/tuellmann\\\/produkt\\\/peter-staempfli-vor-einem-seiner-werke-im-schweizer-pavillon-auf-der-35-biennale-von-venedig\\\/#primaryimage\"},\"image\":{\"@id\":\"https:\\\/\\\/bpk-archive.de\\\/tuellmann\\\/produkt\\\/peter-staempfli-vor-einem-seiner-werke-im-schweizer-pavillon-auf-der-35-biennale-von-venedig\\\/#primaryimage\"},\"thumbnailUrl\":\"https:\\\/\\\/bpk-archive.de\\\/tuellmann\\\/wp-content\\\/uploads\\\/2019\\\/08\\\/bpk_70242890.jpg\",\"datePublished\":\"2019-09-05T14:25:08+00:00\",\"dateModified\":\"2019-09-05T14:25:21+00:00\",\"breadcrumb\":{\"@id\":\"https:\\\/\\\/bpk-archive.de\\\/tuellmann\\\/produkt\\\/peter-staempfli-vor-einem-seiner-werke-im-schweizer-pavillon-auf-der-35-biennale-von-venedig\\\/#breadcrumb\"},\"inLanguage\":\"de\",\"potentialAction\":[{\"@type\":\"ReadAction\",\"target\":[\"https:\\\/\\\/bpk-archive.de\\\/tuellmann\\\/produkt\\\/peter-staempfli-vor-einem-seiner-werke-im-schweizer-pavillon-auf-der-35-biennale-von-venedig\\\/\"]}]},{\"@type\":\"ImageObject\",\"inLanguage\":\"de\",\"@id\":\"https:\\\/\\\/bpk-archive.de\\\/tuellmann\\\/produkt\\\/peter-staempfli-vor-einem-seiner-werke-im-schweizer-pavillon-auf-der-35-biennale-von-venedig\\\/#primaryimage\",\"url\":\"https:\\\/\\\/bpk-archive.de\\\/tuellmann\\\/wp-content\\\/uploads\\\/2019\\\/08\\\/bpk_70242890.jpg\",\"contentUrl\":\"https:\\\/\\\/bpk-archive.de\\\/tuellmann\\\/wp-content\\\/uploads\\\/2019\\\/08\\\/bpk_70242890.jpg\",\"width\":1200,\"height\":976,\"caption\":\"Peter St\u00e4mpfli vor einem seiner Werke im Schweizer Pavillon auf der 35. Biennale von Venedig\"},{\"@type\":\"BreadcrumbList\",\"@id\":\"https:\\\/\\\/bpk-archive.de\\\/tuellmann\\\/produkt\\\/peter-staempfli-vor-einem-seiner-werke-im-schweizer-pavillon-auf-der-35-biennale-von-venedig\\\/#breadcrumb\",\"itemListElement\":[{\"@type\":\"ListItem\",\"position\":1,\"name\":\"Startseite\",\"item\":\"https:\\\/\\\/bpk-archive.de\\\/tuellmann\\\/\"},{\"@type\":\"ListItem\",\"position\":2,\"name\":\"Shop\",\"item\":\"https:\\\/\\\/bpk-archive.de\\\/tuellmann\\\/shop\\\/\"},{\"@type\":\"ListItem\",\"position\":3,\"name\":\"Peter St\u00e4mpfli vor einem seiner Werke im Schweizer Pavillon auf der 35. Biennale von Venedig\"}]},{\"@type\":\"WebSite\",\"@id\":\"https:\\\/\\\/bpk-archive.de\\\/tuellmann\\\/#website\",\"url\":\"https:\\\/\\\/bpk-archive.de\\\/tuellmann\\\/\",\"name\":\"Abisag T\u00fcllmann\",\"description\":\"Eine weitere WordPress-Website\",\"potentialAction\":[{\"@type\":\"SearchAction\",\"target\":{\"@type\":\"EntryPoint\",\"urlTemplate\":\"https:\\\/\\\/bpk-archive.de\\\/tuellmann\\\/?s={search_term_string}\"},\"query-input\":{\"@type\":\"PropertyValueSpecification\",\"valueRequired\":true,\"valueName\":\"search_term_string\"}}],\"inLanguage\":\"de\"}]}<\/script>\n<!-- \/ Yoast SEO plugin. -->","yoast_head_json":{"title":"Peter St\u00e4mpfli vor einem seiner Werke im Schweizer Pavillon auf der 35. Biennale von Venedig - Abisag T\u00fcllmann","robots":{"index":"index","follow":"follow","max-snippet":"max-snippet:-1","max-image-preview":"max-image-preview:large","max-video-preview":"max-video-preview:-1"},"canonical":"https:\/\/bpk-archive.de\/tuellmann\/produkt\/peter-staempfli-vor-einem-seiner-werke-im-schweizer-pavillon-auf-der-35-biennale-von-venedig\/","og_locale":"de_DE","og_type":"article","og_title":"Peter St\u00e4mpfli vor einem seiner Werke im Schweizer Pavillon auf der 35. Biennale von Venedig - Abisag T\u00fcllmann","og_description":"R\u00fcckseitenbeschriftung von Hand der Fotografin: &#8222;Schweiz: St\u00e4mpfli&#8220;","og_url":"https:\/\/bpk-archive.de\/tuellmann\/produkt\/peter-staempfli-vor-einem-seiner-werke-im-schweizer-pavillon-auf-der-35-biennale-von-venedig\/","og_site_name":"Abisag T\u00fcllmann","article_modified_time":"2019-09-05T14:25:21+00:00","og_image":[{"width":1200,"height":976,"url":"https:\/\/bpk-archive.de\/tuellmann\/wp-content\/uploads\/2019\/08\/bpk_70242890.jpg","type":"image\/jpeg"}],"twitter_card":"summary_large_image","schema":{"@context":"https:\/\/schema.org","@graph":[{"@type":"WebPage","@id":"https:\/\/bpk-archive.de\/tuellmann\/produkt\/peter-staempfli-vor-einem-seiner-werke-im-schweizer-pavillon-auf-der-35-biennale-von-venedig\/","url":"https:\/\/bpk-archive.de\/tuellmann\/produkt\/peter-staempfli-vor-einem-seiner-werke-im-schweizer-pavillon-auf-der-35-biennale-von-venedig\/","name":"Peter St\u00e4mpfli vor einem seiner Werke im Schweizer Pavillon auf der 35. Biennale von Venedig - Abisag T\u00fcllmann","isPartOf":{"@id":"https:\/\/bpk-archive.de\/tuellmann\/#website"},"primaryImageOfPage":{"@id":"https:\/\/bpk-archive.de\/tuellmann\/produkt\/peter-staempfli-vor-einem-seiner-werke-im-schweizer-pavillon-auf-der-35-biennale-von-venedig\/#primaryimage"},"image":{"@id":"https:\/\/bpk-archive.de\/tuellmann\/produkt\/peter-staempfli-vor-einem-seiner-werke-im-schweizer-pavillon-auf-der-35-biennale-von-venedig\/#primaryimage"},"thumbnailUrl":"https:\/\/bpk-archive.de\/tuellmann\/wp-content\/uploads\/2019\/08\/bpk_70242890.jpg","datePublished":"2019-09-05T14:25:08+00:00","dateModified":"2019-09-05T14:25:21+00:00","breadcrumb":{"@id":"https:\/\/bpk-archive.de\/tuellmann\/produkt\/peter-staempfli-vor-einem-seiner-werke-im-schweizer-pavillon-auf-der-35-biennale-von-venedig\/#breadcrumb"},"inLanguage":"de","potentialAction":[{"@type":"ReadAction","target":["https:\/\/bpk-archive.de\/tuellmann\/produkt\/peter-staempfli-vor-einem-seiner-werke-im-schweizer-pavillon-auf-der-35-biennale-von-venedig\/"]}]},{"@type":"ImageObject","inLanguage":"de","@id":"https:\/\/bpk-archive.de\/tuellmann\/produkt\/peter-staempfli-vor-einem-seiner-werke-im-schweizer-pavillon-auf-der-35-biennale-von-venedig\/#primaryimage","url":"https:\/\/bpk-archive.de\/tuellmann\/wp-content\/uploads\/2019\/08\/bpk_70242890.jpg","contentUrl":"https:\/\/bpk-archive.de\/tuellmann\/wp-content\/uploads\/2019\/08\/bpk_70242890.jpg","width":1200,"height":976,"caption":"Peter St\u00e4mpfli vor einem seiner Werke im Schweizer Pavillon auf der 35. Biennale von Venedig"},{"@type":"BreadcrumbList","@id":"https:\/\/bpk-archive.de\/tuellmann\/produkt\/peter-staempfli-vor-einem-seiner-werke-im-schweizer-pavillon-auf-der-35-biennale-von-venedig\/#breadcrumb","itemListElement":[{"@type":"ListItem","position":1,"name":"Startseite","item":"https:\/\/bpk-archive.de\/tuellmann\/"},{"@type":"ListItem","position":2,"name":"Shop","item":"https:\/\/bpk-archive.de\/tuellmann\/shop\/"},{"@type":"ListItem","position":3,"name":"Peter St\u00e4mpfli vor einem seiner Werke im Schweizer Pavillon auf der 35. Biennale von Venedig"}]},{"@type":"WebSite","@id":"https:\/\/bpk-archive.de\/tuellmann\/#website","url":"https:\/\/bpk-archive.de\/tuellmann\/","name":"Abisag T\u00fcllmann","description":"Eine weitere WordPress-Website","potentialAction":[{"@type":"SearchAction","target":{"@type":"EntryPoint","urlTemplate":"https:\/\/bpk-archive.de\/tuellmann\/?s={search_term_string}"},"query-input":{"@type":"PropertyValueSpecification","valueRequired":true,"valueName":"search_term_string"}}],"inLanguage":"de"}]}},"_links":{"self":[{"href":"https:\/\/bpk-archive.de\/tuellmann\/wp-json\/wp\/v2\/product\/70297375","targetHints":{"allow":["GET"]}}],"collection":[{"href":"https:\/\/bpk-archive.de\/tuellmann\/wp-json\/wp\/v2\/product"}],"about":[{"href":"https:\/\/bpk-archive.de\/tuellmann\/wp-json\/wp\/v2\/types\/product"}],"wp:featuredmedia":[{"embeddable":true,"href":"https:\/\/bpk-archive.de\/tuellmann\/wp-json\/wp\/v2\/media\/70292221"}],"wp:attachment":[{"href":"https:\/\/bpk-archive.de\/tuellmann\/wp-json\/wp\/v2\/media?parent=70297375"}],"wp:term":[{"taxonomy":"product_brand","embeddable":true,"href":"https:\/\/bpk-archive.de\/tuellmann\/wp-json\/wp\/v2\/product_brand?post=70297375"},{"taxonomy":"product_cat","embeddable":true,"href":"https:\/\/bpk-archive.de\/tuellmann\/wp-json\/wp\/v2\/product_cat?post=70297375"},{"taxonomy":"product_tag","embeddable":true,"href":"https:\/\/bpk-archive.de\/tuellmann\/wp-json\/wp\/v2\/product_tag?post=70297375"}],"curies":[{"name":"wp","href":"https:\/\/api.w.org\/{rel}","templated":true}]}}