{"id":70297355,"date":"2019-09-05T16:24:40","date_gmt":"2019-09-05T14:24:40","guid":{"rendered":"http:\/\/abisagtuellmann.bpk-news.de\/atbild\/otmar-emminger-praesident-der-deutschen-bundesbank\/"},"modified":"2019-09-05T16:25:02","modified_gmt":"2019-09-05T14:25:02","slug":"otmar-emminger-praesident-der-deutschen-bundesbank","status":"publish","type":"product","link":"https:\/\/bpk-archive.de\/tuellmann\/produkt\/otmar-emminger-praesident-der-deutschen-bundesbank\/","title":{"rendered":"Otmar Emminger, Pr\u00e4sident der Deutschen Bundesbank"},"content":{"rendered":"<p>R\u00fcckseitenbeschriftung von Hand der Fotografin: &#8222;Otmar Emminger, pr\u00e9sident de la Deutsche Bundesbank&#8220;<\/p>\n","protected":false},"excerpt":{"rendered":"<p>R\u00fcckseitenbeschriftung von Hand der Fotografin: &#8222;Otmar Emminger, pr\u00e9sident de la Deutsche Bundesbank&#8220;<\/p>\n","protected":false},"featured_media":70292444,"template":"","meta":[],"product_brand":[],"product_cat":[],"product_tag":[68248,13230,13232,13234,13231,13233,13235,14271,13777,60240,13784,13785,13469,13470,13253,13254,13255,13256,13257,13471,13472,13473,68249,13293,13786,13787,13294,13295,13296,13297,13485,13486,13482,13481,13483,13484,13492,13493,13494,13495,13496,13497,13498,68250,13328,13827,13828,13329,13330,13331,13332,48322,48020,48021,48022,48023,13829,13835,13836,13842,13843,13877,13879,13865,13864,13866,13858,13859,13860,13861,13862,13863,13354,13869,13870,13871,13872,13878,13880,13525],"class_list":{"0":"post-70297355","1":"product","2":"type-product","3":"status-publish","4":"has-post-thumbnail","6":"product_tag-2-3-1911-3-8-1986","7":"product_tag-1970er-jahre","8":"product_tag-20-jahrhundert-nach-chr","9":"product_tag-20-jh-n-chr","10":"product_tag-20-jahrhundert","11":"product_tag-20-jh","12":"product_tag-70er","13":"product_tag-abt_009","14":"product_tag-abzug","15":"product_tag-at_portraet-politik","16":"product_tag-bildnis","17":"product_tag-bildnisse","18":"product_tag-brd","19":"product_tag-bundesrepublik-deutschland","20":"product_tag-deutsch","21":"product_tag-deutsche","22":"product_tag-deutschen","23":"product_tag-deutscher","24":"product_tag-deutsches","25":"product_tag-deutschland","26":"product_tag-deutschlands","27":"product_tag-drinnen","28":"product_tag-emminger","29":"product_tag-foto","30":"product_tag-fotoabzug","31":"product_tag-fotoabzuege","32":"product_tag-fotografie","33":"product_tag-fotografien","34":"product_tag-fotografin","35":"product_tag-fotografinnen","36":"product_tag-frankfurt-m","37":"product_tag-frankfurt-main","38":"product_tag-frankfurt-a-main","39":"product_tag-frankfurt-a-m","40":"product_tag-frankfurt-am-main","41":"product_tag-frankfurter","42":"product_tag-hessen","43":"product_tag-hessisch","44":"product_tag-hessische","45":"product_tag-hessischen","46":"product_tag-hessischer","47":"product_tag-hessisches","48":"product_tag-innen","49":"product_tag-otmar","50":"product_tag-photo","51":"product_tag-photoabzug","52":"product_tag-photoabzuege","53":"product_tag-photographie","54":"product_tag-photographien","55":"product_tag-photographin","56":"product_tag-photographinnen","57":"product_tag-politik","58":"product_tag-politikerportrait","59":"product_tag-politikerportraits","60":"product_tag-politikerportraet","61":"product_tag-politikerportraets","62":"product_tag-portrait","63":"product_tag-portraits","64":"product_tag-portraet","65":"product_tag-portraets","66":"product_tag-print","67":"product_tag-s-w-fotografie","68":"product_tag-s-w-photographie","69":"product_tag-schwarzweissphotographie","70":"product_tag-schwarz-weiss-fotografie","71":"product_tag-schwarz-weiss-photographie","72":"product_tag-schwarzweiss","73":"product_tag-schwarzweisse","74":"product_tag-schwarzweissen","75":"product_tag-schwarzweisser","76":"product_tag-schwarzweisses","77":"product_tag-schwarzweissfotografie","78":"product_tag-siebziger","79":"product_tag-silbergelatine","80":"product_tag-silbergelatineabzug","81":"product_tag-silbergelatineabzuege","82":"product_tag-silbergelatineprint","83":"product_tag-sw-fotografie","84":"product_tag-sw-photographie","85":"product_tag-von-innen","86":"pa_datierung-13071","87":"pa_fotograf-abisag-tuellmann","88":"pa_geografischer_bezug-aufnahmeort-frankfurt-am-main-deutschland","89":"pa_grunddaten_material_technik-foto-silbergelatine-auf-barytpapier","90":"pa_inventarnummer-tue-75-021-16a","91":"pa_jahr_von-53481","92":"pa_massangaben-bildformat-foto-232-x-302-cm","93":"pa_mediennummer-68246","94":"pa_objekt_typ-fotografie","96":"first","97":"instock","98":"product-type-simple"},"yoast_head":"<!-- This site is optimized with the Yoast SEO plugin v27.3 - https:\/\/yoast.com\/product\/yoast-seo-wordpress\/ -->\n<title>Otmar Emminger, Pr\u00e4sident der Deutschen Bundesbank - Abisag T\u00fcllmann<\/title>\n<meta name=\"robots\" content=\"index, follow, max-snippet:-1, max-image-preview:large, max-video-preview:-1\" \/>\n<link rel=\"canonical\" href=\"https:\/\/bpk-archive.de\/tuellmann\/produkt\/otmar-emminger-praesident-der-deutschen-bundesbank\/\" \/>\n<meta property=\"og:locale\" content=\"de_DE\" \/>\n<meta property=\"og:type\" content=\"article\" \/>\n<meta property=\"og:title\" content=\"Otmar Emminger, Pr\u00e4sident der Deutschen Bundesbank - Abisag T\u00fcllmann\" \/>\n<meta property=\"og:description\" content=\"R\u00fcckseitenbeschriftung von Hand der Fotografin: &#8222;Otmar Emminger, pr\u00e9sident de la Deutsche Bundesbank&#8220;\" \/>\n<meta property=\"og:url\" content=\"https:\/\/bpk-archive.de\/tuellmann\/produkt\/otmar-emminger-praesident-der-deutschen-bundesbank\/\" \/>\n<meta property=\"og:site_name\" content=\"Abisag T\u00fcllmann\" \/>\n<meta property=\"article:modified_time\" content=\"2019-09-05T14:25:02+00:00\" \/>\n<meta property=\"og:image\" content=\"https:\/\/bpk-archive.de\/tuellmann\/wp-content\/uploads\/2019\/08\/bpk_70242989.jpg\" \/>\n\t<meta property=\"og:image:width\" content=\"1200\" \/>\n\t<meta property=\"og:image:height\" content=\"932\" \/>\n\t<meta property=\"og:image:type\" content=\"image\/jpeg\" \/>\n<meta name=\"twitter:card\" content=\"summary_large_image\" \/>\n<script type=\"application\/ld+json\" class=\"yoast-schema-graph\">{\"@context\":\"https:\\\/\\\/schema.org\",\"@graph\":[{\"@type\":\"WebPage\",\"@id\":\"https:\\\/\\\/bpk-archive.de\\\/tuellmann\\\/produkt\\\/otmar-emminger-praesident-der-deutschen-bundesbank\\\/\",\"url\":\"https:\\\/\\\/bpk-archive.de\\\/tuellmann\\\/produkt\\\/otmar-emminger-praesident-der-deutschen-bundesbank\\\/\",\"name\":\"Otmar Emminger, Pr\u00e4sident der Deutschen Bundesbank - Abisag T\u00fcllmann\",\"isPartOf\":{\"@id\":\"https:\\\/\\\/bpk-archive.de\\\/tuellmann\\\/#website\"},\"primaryImageOfPage\":{\"@id\":\"https:\\\/\\\/bpk-archive.de\\\/tuellmann\\\/produkt\\\/otmar-emminger-praesident-der-deutschen-bundesbank\\\/#primaryimage\"},\"image\":{\"@id\":\"https:\\\/\\\/bpk-archive.de\\\/tuellmann\\\/produkt\\\/otmar-emminger-praesident-der-deutschen-bundesbank\\\/#primaryimage\"},\"thumbnailUrl\":\"https:\\\/\\\/bpk-archive.de\\\/tuellmann\\\/wp-content\\\/uploads\\\/2019\\\/08\\\/bpk_70242989.jpg\",\"datePublished\":\"2019-09-05T14:24:40+00:00\",\"dateModified\":\"2019-09-05T14:25:02+00:00\",\"breadcrumb\":{\"@id\":\"https:\\\/\\\/bpk-archive.de\\\/tuellmann\\\/produkt\\\/otmar-emminger-praesident-der-deutschen-bundesbank\\\/#breadcrumb\"},\"inLanguage\":\"de\",\"potentialAction\":[{\"@type\":\"ReadAction\",\"target\":[\"https:\\\/\\\/bpk-archive.de\\\/tuellmann\\\/produkt\\\/otmar-emminger-praesident-der-deutschen-bundesbank\\\/\"]}]},{\"@type\":\"ImageObject\",\"inLanguage\":\"de\",\"@id\":\"https:\\\/\\\/bpk-archive.de\\\/tuellmann\\\/produkt\\\/otmar-emminger-praesident-der-deutschen-bundesbank\\\/#primaryimage\",\"url\":\"https:\\\/\\\/bpk-archive.de\\\/tuellmann\\\/wp-content\\\/uploads\\\/2019\\\/08\\\/bpk_70242989.jpg\",\"contentUrl\":\"https:\\\/\\\/bpk-archive.de\\\/tuellmann\\\/wp-content\\\/uploads\\\/2019\\\/08\\\/bpk_70242989.jpg\",\"width\":1200,\"height\":932,\"caption\":\"Otmar Emminger, Pr\u00e4sident der Deutschen Bundesbank\"},{\"@type\":\"BreadcrumbList\",\"@id\":\"https:\\\/\\\/bpk-archive.de\\\/tuellmann\\\/produkt\\\/otmar-emminger-praesident-der-deutschen-bundesbank\\\/#breadcrumb\",\"itemListElement\":[{\"@type\":\"ListItem\",\"position\":1,\"name\":\"Startseite\",\"item\":\"https:\\\/\\\/bpk-archive.de\\\/tuellmann\\\/\"},{\"@type\":\"ListItem\",\"position\":2,\"name\":\"Shop\",\"item\":\"https:\\\/\\\/bpk-archive.de\\\/tuellmann\\\/shop\\\/\"},{\"@type\":\"ListItem\",\"position\":3,\"name\":\"Otmar Emminger, Pr\u00e4sident der Deutschen Bundesbank\"}]},{\"@type\":\"WebSite\",\"@id\":\"https:\\\/\\\/bpk-archive.de\\\/tuellmann\\\/#website\",\"url\":\"https:\\\/\\\/bpk-archive.de\\\/tuellmann\\\/\",\"name\":\"Abisag T\u00fcllmann\",\"description\":\"Eine weitere WordPress-Website\",\"potentialAction\":[{\"@type\":\"SearchAction\",\"target\":{\"@type\":\"EntryPoint\",\"urlTemplate\":\"https:\\\/\\\/bpk-archive.de\\\/tuellmann\\\/?s={search_term_string}\"},\"query-input\":{\"@type\":\"PropertyValueSpecification\",\"valueRequired\":true,\"valueName\":\"search_term_string\"}}],\"inLanguage\":\"de\"}]}<\/script>\n<!-- \/ Yoast SEO plugin. -->","yoast_head_json":{"title":"Otmar Emminger, Pr\u00e4sident der Deutschen Bundesbank - Abisag T\u00fcllmann","robots":{"index":"index","follow":"follow","max-snippet":"max-snippet:-1","max-image-preview":"max-image-preview:large","max-video-preview":"max-video-preview:-1"},"canonical":"https:\/\/bpk-archive.de\/tuellmann\/produkt\/otmar-emminger-praesident-der-deutschen-bundesbank\/","og_locale":"de_DE","og_type":"article","og_title":"Otmar Emminger, Pr\u00e4sident der Deutschen Bundesbank - Abisag T\u00fcllmann","og_description":"R\u00fcckseitenbeschriftung von Hand der Fotografin: &#8222;Otmar Emminger, pr\u00e9sident de la Deutsche Bundesbank&#8220;","og_url":"https:\/\/bpk-archive.de\/tuellmann\/produkt\/otmar-emminger-praesident-der-deutschen-bundesbank\/","og_site_name":"Abisag T\u00fcllmann","article_modified_time":"2019-09-05T14:25:02+00:00","og_image":[{"width":1200,"height":932,"url":"https:\/\/bpk-archive.de\/tuellmann\/wp-content\/uploads\/2019\/08\/bpk_70242989.jpg","type":"image\/jpeg"}],"twitter_card":"summary_large_image","schema":{"@context":"https:\/\/schema.org","@graph":[{"@type":"WebPage","@id":"https:\/\/bpk-archive.de\/tuellmann\/produkt\/otmar-emminger-praesident-der-deutschen-bundesbank\/","url":"https:\/\/bpk-archive.de\/tuellmann\/produkt\/otmar-emminger-praesident-der-deutschen-bundesbank\/","name":"Otmar Emminger, Pr\u00e4sident der Deutschen Bundesbank - Abisag T\u00fcllmann","isPartOf":{"@id":"https:\/\/bpk-archive.de\/tuellmann\/#website"},"primaryImageOfPage":{"@id":"https:\/\/bpk-archive.de\/tuellmann\/produkt\/otmar-emminger-praesident-der-deutschen-bundesbank\/#primaryimage"},"image":{"@id":"https:\/\/bpk-archive.de\/tuellmann\/produkt\/otmar-emminger-praesident-der-deutschen-bundesbank\/#primaryimage"},"thumbnailUrl":"https:\/\/bpk-archive.de\/tuellmann\/wp-content\/uploads\/2019\/08\/bpk_70242989.jpg","datePublished":"2019-09-05T14:24:40+00:00","dateModified":"2019-09-05T14:25:02+00:00","breadcrumb":{"@id":"https:\/\/bpk-archive.de\/tuellmann\/produkt\/otmar-emminger-praesident-der-deutschen-bundesbank\/#breadcrumb"},"inLanguage":"de","potentialAction":[{"@type":"ReadAction","target":["https:\/\/bpk-archive.de\/tuellmann\/produkt\/otmar-emminger-praesident-der-deutschen-bundesbank\/"]}]},{"@type":"ImageObject","inLanguage":"de","@id":"https:\/\/bpk-archive.de\/tuellmann\/produkt\/otmar-emminger-praesident-der-deutschen-bundesbank\/#primaryimage","url":"https:\/\/bpk-archive.de\/tuellmann\/wp-content\/uploads\/2019\/08\/bpk_70242989.jpg","contentUrl":"https:\/\/bpk-archive.de\/tuellmann\/wp-content\/uploads\/2019\/08\/bpk_70242989.jpg","width":1200,"height":932,"caption":"Otmar Emminger, Pr\u00e4sident der Deutschen Bundesbank"},{"@type":"BreadcrumbList","@id":"https:\/\/bpk-archive.de\/tuellmann\/produkt\/otmar-emminger-praesident-der-deutschen-bundesbank\/#breadcrumb","itemListElement":[{"@type":"ListItem","position":1,"name":"Startseite","item":"https:\/\/bpk-archive.de\/tuellmann\/"},{"@type":"ListItem","position":2,"name":"Shop","item":"https:\/\/bpk-archive.de\/tuellmann\/shop\/"},{"@type":"ListItem","position":3,"name":"Otmar Emminger, Pr\u00e4sident der Deutschen Bundesbank"}]},{"@type":"WebSite","@id":"https:\/\/bpk-archive.de\/tuellmann\/#website","url":"https:\/\/bpk-archive.de\/tuellmann\/","name":"Abisag T\u00fcllmann","description":"Eine weitere WordPress-Website","potentialAction":[{"@type":"SearchAction","target":{"@type":"EntryPoint","urlTemplate":"https:\/\/bpk-archive.de\/tuellmann\/?s={search_term_string}"},"query-input":{"@type":"PropertyValueSpecification","valueRequired":true,"valueName":"search_term_string"}}],"inLanguage":"de"}]}},"_links":{"self":[{"href":"https:\/\/bpk-archive.de\/tuellmann\/wp-json\/wp\/v2\/product\/70297355","targetHints":{"allow":["GET"]}}],"collection":[{"href":"https:\/\/bpk-archive.de\/tuellmann\/wp-json\/wp\/v2\/product"}],"about":[{"href":"https:\/\/bpk-archive.de\/tuellmann\/wp-json\/wp\/v2\/types\/product"}],"wp:featuredmedia":[{"embeddable":true,"href":"https:\/\/bpk-archive.de\/tuellmann\/wp-json\/wp\/v2\/media\/70292444"}],"wp:attachment":[{"href":"https:\/\/bpk-archive.de\/tuellmann\/wp-json\/wp\/v2\/media?parent=70297355"}],"wp:term":[{"taxonomy":"product_brand","embeddable":true,"href":"https:\/\/bpk-archive.de\/tuellmann\/wp-json\/wp\/v2\/product_brand?post=70297355"},{"taxonomy":"product_cat","embeddable":true,"href":"https:\/\/bpk-archive.de\/tuellmann\/wp-json\/wp\/v2\/product_cat?post=70297355"},{"taxonomy":"product_tag","embeddable":true,"href":"https:\/\/bpk-archive.de\/tuellmann\/wp-json\/wp\/v2\/product_tag?post=70297355"}],"curies":[{"name":"wp","href":"https:\/\/api.w.org\/{rel}","templated":true}]}}