{"id":70297346,"date":"2019-09-05T16:24:40","date_gmt":"2019-09-05T14:24:40","guid":{"rendered":"http:\/\/abisagtuellmann.bpk-news.de\/atbild\/eroeffnung-der-ausstellung-collagen-aus-sechs-jahrzehnten-des-frankfurter-kunstvereins-im-steinernen-haus\/"},"modified":"2019-09-05T16:24:51","modified_gmt":"2019-09-05T14:24:51","slug":"eroeffnung-der-ausstellung-collagen-aus-sechs-jahrzehnten-des-frankfurter-kunstvereins-im-steinernen-haus","status":"publish","type":"product","link":"https:\/\/bpk-archive.de\/tuellmann\/produkt\/eroeffnung-der-ausstellung-collagen-aus-sechs-jahrzehnten-des-frankfurter-kunstvereins-im-steinernen-haus\/","title":{"rendered":"Er\u00f6ffnung der Ausstellung ,,Collagen aus sechs Jahrzehnten&#8220; des Frankfurter Kunstvereins im Steinernen Haus"},"content":{"rendered":"<p>R\u00fcckseitenbeschriftung von Hand der Fotografin: &#8222;Ausstellungser\u00f6ffnung des Kunstvereins im &#8218;Steinernen Haus'&#8220;<\/p>\n","protected":false},"excerpt":{"rendered":"<p>R\u00fcckseitenbeschriftung von Hand der Fotografin: &#8222;Ausstellungser\u00f6ffnung des Kunstvereins im &#8218;Steinernen Haus&#8217;&#8220;<\/p>\n","protected":false},"featured_media":70291983,"template":"","meta":[],"product_brand":[],"product_cat":[],"product_tag":[13774,13232,49666,13234,49667,13231,13233,13775,63025,13777,60161,13458,13459,47573,47574,56065,13469,13470,48696,48697,13253,13254,13255,13256,13257,13471,13472,13473,13293,13786,13787,13294,13295,13296,13297,13485,13486,13482,13481,13483,13484,68151,68152,68153,13492,13493,13494,13495,13496,13497,13498,56080,13499,13500,56081,13818,13819,13826,53167,13328,13827,13828,13329,13330,13331,13332,13843,13877,13879,13865,13864,13866,13858,13859,13860,13861,13862,13863,13867,13869,13870,13871,13872,13878,13880,13525],"class_list":{"0":"post-70297346","1":"product","2":"type-product","3":"status-publish","4":"has-post-thumbnail","6":"product_tag-1960er-jahre","7":"product_tag-20-jahrhundert-nach-chr","8":"product_tag-20-jahrhundert-vor-chr","9":"product_tag-20-jh-n-chr","10":"product_tag-20-jh-v-chr","11":"product_tag-20-jahrhundert","12":"product_tag-20-jh","13":"product_tag-60er","14":"product_tag-abt_007","15":"product_tag-abzug","16":"product_tag-at_kunst","17":"product_tag-ausstellungsbesuch","18":"product_tag-ausstellungsbesucher","19":"product_tag-begruessen","20":"product_tag-begruessung","21":"product_tag-bildende-kunst","22":"product_tag-brd","23":"product_tag-bundesrepublik-deutschland","24":"product_tag-dame","25":"product_tag-damen","26":"product_tag-deutsch","27":"product_tag-deutsche","28":"product_tag-deutschen","29":"product_tag-deutscher","30":"product_tag-deutsches","31":"product_tag-deutschland","32":"product_tag-deutschlands","33":"product_tag-drinnen","34":"product_tag-foto","35":"product_tag-fotoabzug","36":"product_tag-fotoabzuege","37":"product_tag-fotografie","38":"product_tag-fotografien","39":"product_tag-fotografin","40":"product_tag-fotografinnen","41":"product_tag-frankfurt-m","42":"product_tag-frankfurt-main","43":"product_tag-frankfurt-a-main","44":"product_tag-frankfurt-a-m","45":"product_tag-frankfurt-am-main","46":"product_tag-frankfurter","47":"product_tag-handkuss","48":"product_tag-handkuesse","49":"product_tag-handkusses","50":"product_tag-hessen","51":"product_tag-hessisch","52":"product_tag-hessische","53":"product_tag-hessischen","54":"product_tag-hessischer","55":"product_tag-hessisches","56":"product_tag-innen","57":"product_tag-kunst","58":"product_tag-kunstausstellung","59":"product_tag-kunstausstellungen","60":"product_tag-kuenste","61":"product_tag-mann","62":"product_tag-maenner","63":"product_tag-mannes","64":"product_tag-pelzmantel","65":"product_tag-photo","66":"product_tag-photoabzug","67":"product_tag-photoabzuege","68":"product_tag-photographie","69":"product_tag-photographien","70":"product_tag-photographin","71":"product_tag-photographinnen","72":"product_tag-print","73":"product_tag-s-w-fotografie","74":"product_tag-s-w-photographie","75":"product_tag-schwarzweissphotographie","76":"product_tag-schwarz-weiss-fotografie","77":"product_tag-schwarz-weiss-photographie","78":"product_tag-schwarzweiss","79":"product_tag-schwarzweisse","80":"product_tag-schwarzweissen","81":"product_tag-schwarzweisser","82":"product_tag-schwarzweisses","83":"product_tag-schwarzweissfotografie","84":"product_tag-sechziger","85":"product_tag-silbergelatine","86":"product_tag-silbergelatineabzug","87":"product_tag-silbergelatineabzuege","88":"product_tag-silbergelatineprint","89":"product_tag-sw-fotografie","90":"product_tag-sw-photographie","91":"product_tag-von-innen","92":"pa_datierung-maerz-1968","93":"pa_fotograf-abisag-tuellmann","94":"pa_geografischer_bezug-aufnahmeort-frankfurt-am-main-deutschland","95":"pa_grunddaten_material_technik-foto-silbergelatine-auf-barytpapier","96":"pa_inventarnummer-tue-68-019-30","97":"pa_jahr_von-14267","98":"pa_massangaben-bildformat-foto-232-x-302-cm","99":"pa_mediennummer-68149","100":"pa_objekt_typ-fotografie","102":"first","103":"instock","104":"product-type-simple"},"yoast_head":"<!-- This site is optimized with the Yoast SEO plugin v27.3 - https:\/\/yoast.com\/product\/yoast-seo-wordpress\/ -->\n<title>Er\u00f6ffnung der Ausstellung ,,Collagen aus sechs Jahrzehnten&quot; des Frankfurter Kunstvereins im Steinernen Haus - Abisag T\u00fcllmann<\/title>\n<meta name=\"robots\" content=\"index, follow, max-snippet:-1, max-image-preview:large, max-video-preview:-1\" \/>\n<link rel=\"canonical\" href=\"https:\/\/bpk-archive.de\/tuellmann\/produkt\/eroeffnung-der-ausstellung-collagen-aus-sechs-jahrzehnten-des-frankfurter-kunstvereins-im-steinernen-haus\/\" \/>\n<meta property=\"og:locale\" content=\"de_DE\" \/>\n<meta property=\"og:type\" content=\"article\" \/>\n<meta property=\"og:title\" content=\"Er\u00f6ffnung der Ausstellung ,,Collagen aus sechs Jahrzehnten&quot; des Frankfurter Kunstvereins im Steinernen Haus - Abisag T\u00fcllmann\" \/>\n<meta property=\"og:description\" content=\"R\u00fcckseitenbeschriftung von Hand der Fotografin: &#8222;Ausstellungser\u00f6ffnung des Kunstvereins im &#8218;Steinernen Haus&#039;&#8220;\" \/>\n<meta property=\"og:url\" content=\"https:\/\/bpk-archive.de\/tuellmann\/produkt\/eroeffnung-der-ausstellung-collagen-aus-sechs-jahrzehnten-des-frankfurter-kunstvereins-im-steinernen-haus\/\" \/>\n<meta property=\"og:site_name\" content=\"Abisag T\u00fcllmann\" \/>\n<meta property=\"article:modified_time\" content=\"2019-09-05T14:24:51+00:00\" \/>\n<meta property=\"og:image\" content=\"https:\/\/bpk-archive.de\/tuellmann\/wp-content\/uploads\/2019\/08\/bpk_70242709.jpg\" \/>\n\t<meta property=\"og:image:width\" content=\"1200\" \/>\n\t<meta property=\"og:image:height\" content=\"945\" \/>\n\t<meta property=\"og:image:type\" content=\"image\/jpeg\" \/>\n<meta name=\"twitter:card\" content=\"summary_large_image\" \/>\n<script type=\"application\/ld+json\" class=\"yoast-schema-graph\">{\"@context\":\"https:\\\/\\\/schema.org\",\"@graph\":[{\"@type\":\"WebPage\",\"@id\":\"https:\\\/\\\/bpk-archive.de\\\/tuellmann\\\/produkt\\\/eroeffnung-der-ausstellung-collagen-aus-sechs-jahrzehnten-des-frankfurter-kunstvereins-im-steinernen-haus\\\/\",\"url\":\"https:\\\/\\\/bpk-archive.de\\\/tuellmann\\\/produkt\\\/eroeffnung-der-ausstellung-collagen-aus-sechs-jahrzehnten-des-frankfurter-kunstvereins-im-steinernen-haus\\\/\",\"name\":\"Er\u00f6ffnung der Ausstellung ,,Collagen aus sechs Jahrzehnten\\\" des Frankfurter Kunstvereins im Steinernen Haus - Abisag T\u00fcllmann\",\"isPartOf\":{\"@id\":\"https:\\\/\\\/bpk-archive.de\\\/tuellmann\\\/#website\"},\"primaryImageOfPage\":{\"@id\":\"https:\\\/\\\/bpk-archive.de\\\/tuellmann\\\/produkt\\\/eroeffnung-der-ausstellung-collagen-aus-sechs-jahrzehnten-des-frankfurter-kunstvereins-im-steinernen-haus\\\/#primaryimage\"},\"image\":{\"@id\":\"https:\\\/\\\/bpk-archive.de\\\/tuellmann\\\/produkt\\\/eroeffnung-der-ausstellung-collagen-aus-sechs-jahrzehnten-des-frankfurter-kunstvereins-im-steinernen-haus\\\/#primaryimage\"},\"thumbnailUrl\":\"https:\\\/\\\/bpk-archive.de\\\/tuellmann\\\/wp-content\\\/uploads\\\/2019\\\/08\\\/bpk_70242709.jpg\",\"datePublished\":\"2019-09-05T14:24:40+00:00\",\"dateModified\":\"2019-09-05T14:24:51+00:00\",\"breadcrumb\":{\"@id\":\"https:\\\/\\\/bpk-archive.de\\\/tuellmann\\\/produkt\\\/eroeffnung-der-ausstellung-collagen-aus-sechs-jahrzehnten-des-frankfurter-kunstvereins-im-steinernen-haus\\\/#breadcrumb\"},\"inLanguage\":\"de\",\"potentialAction\":[{\"@type\":\"ReadAction\",\"target\":[\"https:\\\/\\\/bpk-archive.de\\\/tuellmann\\\/produkt\\\/eroeffnung-der-ausstellung-collagen-aus-sechs-jahrzehnten-des-frankfurter-kunstvereins-im-steinernen-haus\\\/\"]}]},{\"@type\":\"ImageObject\",\"inLanguage\":\"de\",\"@id\":\"https:\\\/\\\/bpk-archive.de\\\/tuellmann\\\/produkt\\\/eroeffnung-der-ausstellung-collagen-aus-sechs-jahrzehnten-des-frankfurter-kunstvereins-im-steinernen-haus\\\/#primaryimage\",\"url\":\"https:\\\/\\\/bpk-archive.de\\\/tuellmann\\\/wp-content\\\/uploads\\\/2019\\\/08\\\/bpk_70242709.jpg\",\"contentUrl\":\"https:\\\/\\\/bpk-archive.de\\\/tuellmann\\\/wp-content\\\/uploads\\\/2019\\\/08\\\/bpk_70242709.jpg\",\"width\":1200,\"height\":945,\"caption\":\"Er\u00f6ffnung der Ausstellung \u0084Collagen aus sechs Jahrzehnten\u0093 des Frankfurter Kunstvereins im Steinernen Haus\"},{\"@type\":\"BreadcrumbList\",\"@id\":\"https:\\\/\\\/bpk-archive.de\\\/tuellmann\\\/produkt\\\/eroeffnung-der-ausstellung-collagen-aus-sechs-jahrzehnten-des-frankfurter-kunstvereins-im-steinernen-haus\\\/#breadcrumb\",\"itemListElement\":[{\"@type\":\"ListItem\",\"position\":1,\"name\":\"Startseite\",\"item\":\"https:\\\/\\\/bpk-archive.de\\\/tuellmann\\\/\"},{\"@type\":\"ListItem\",\"position\":2,\"name\":\"Shop\",\"item\":\"https:\\\/\\\/bpk-archive.de\\\/tuellmann\\\/shop\\\/\"},{\"@type\":\"ListItem\",\"position\":3,\"name\":\"Er\u00f6ffnung der Ausstellung ,,Collagen aus sechs Jahrzehnten&#8221; des Frankfurter Kunstvereins im Steinernen Haus\"}]},{\"@type\":\"WebSite\",\"@id\":\"https:\\\/\\\/bpk-archive.de\\\/tuellmann\\\/#website\",\"url\":\"https:\\\/\\\/bpk-archive.de\\\/tuellmann\\\/\",\"name\":\"Abisag T\u00fcllmann\",\"description\":\"Eine weitere WordPress-Website\",\"potentialAction\":[{\"@type\":\"SearchAction\",\"target\":{\"@type\":\"EntryPoint\",\"urlTemplate\":\"https:\\\/\\\/bpk-archive.de\\\/tuellmann\\\/?s={search_term_string}\"},\"query-input\":{\"@type\":\"PropertyValueSpecification\",\"valueRequired\":true,\"valueName\":\"search_term_string\"}}],\"inLanguage\":\"de\"}]}<\/script>\n<!-- \/ Yoast SEO plugin. -->","yoast_head_json":{"title":"Er\u00f6ffnung der Ausstellung ,,Collagen aus sechs Jahrzehnten\" des Frankfurter Kunstvereins im Steinernen Haus - Abisag T\u00fcllmann","robots":{"index":"index","follow":"follow","max-snippet":"max-snippet:-1","max-image-preview":"max-image-preview:large","max-video-preview":"max-video-preview:-1"},"canonical":"https:\/\/bpk-archive.de\/tuellmann\/produkt\/eroeffnung-der-ausstellung-collagen-aus-sechs-jahrzehnten-des-frankfurter-kunstvereins-im-steinernen-haus\/","og_locale":"de_DE","og_type":"article","og_title":"Er\u00f6ffnung der Ausstellung ,,Collagen aus sechs Jahrzehnten\" des Frankfurter Kunstvereins im Steinernen Haus - Abisag T\u00fcllmann","og_description":"R\u00fcckseitenbeschriftung von Hand der Fotografin: &#8222;Ausstellungser\u00f6ffnung des Kunstvereins im &#8218;Steinernen Haus'&#8220;","og_url":"https:\/\/bpk-archive.de\/tuellmann\/produkt\/eroeffnung-der-ausstellung-collagen-aus-sechs-jahrzehnten-des-frankfurter-kunstvereins-im-steinernen-haus\/","og_site_name":"Abisag T\u00fcllmann","article_modified_time":"2019-09-05T14:24:51+00:00","og_image":[{"width":1200,"height":945,"url":"https:\/\/bpk-archive.de\/tuellmann\/wp-content\/uploads\/2019\/08\/bpk_70242709.jpg","type":"image\/jpeg"}],"twitter_card":"summary_large_image","schema":{"@context":"https:\/\/schema.org","@graph":[{"@type":"WebPage","@id":"https:\/\/bpk-archive.de\/tuellmann\/produkt\/eroeffnung-der-ausstellung-collagen-aus-sechs-jahrzehnten-des-frankfurter-kunstvereins-im-steinernen-haus\/","url":"https:\/\/bpk-archive.de\/tuellmann\/produkt\/eroeffnung-der-ausstellung-collagen-aus-sechs-jahrzehnten-des-frankfurter-kunstvereins-im-steinernen-haus\/","name":"Er\u00f6ffnung der Ausstellung ,,Collagen aus sechs Jahrzehnten\" des Frankfurter Kunstvereins im Steinernen Haus - Abisag T\u00fcllmann","isPartOf":{"@id":"https:\/\/bpk-archive.de\/tuellmann\/#website"},"primaryImageOfPage":{"@id":"https:\/\/bpk-archive.de\/tuellmann\/produkt\/eroeffnung-der-ausstellung-collagen-aus-sechs-jahrzehnten-des-frankfurter-kunstvereins-im-steinernen-haus\/#primaryimage"},"image":{"@id":"https:\/\/bpk-archive.de\/tuellmann\/produkt\/eroeffnung-der-ausstellung-collagen-aus-sechs-jahrzehnten-des-frankfurter-kunstvereins-im-steinernen-haus\/#primaryimage"},"thumbnailUrl":"https:\/\/bpk-archive.de\/tuellmann\/wp-content\/uploads\/2019\/08\/bpk_70242709.jpg","datePublished":"2019-09-05T14:24:40+00:00","dateModified":"2019-09-05T14:24:51+00:00","breadcrumb":{"@id":"https:\/\/bpk-archive.de\/tuellmann\/produkt\/eroeffnung-der-ausstellung-collagen-aus-sechs-jahrzehnten-des-frankfurter-kunstvereins-im-steinernen-haus\/#breadcrumb"},"inLanguage":"de","potentialAction":[{"@type":"ReadAction","target":["https:\/\/bpk-archive.de\/tuellmann\/produkt\/eroeffnung-der-ausstellung-collagen-aus-sechs-jahrzehnten-des-frankfurter-kunstvereins-im-steinernen-haus\/"]}]},{"@type":"ImageObject","inLanguage":"de","@id":"https:\/\/bpk-archive.de\/tuellmann\/produkt\/eroeffnung-der-ausstellung-collagen-aus-sechs-jahrzehnten-des-frankfurter-kunstvereins-im-steinernen-haus\/#primaryimage","url":"https:\/\/bpk-archive.de\/tuellmann\/wp-content\/uploads\/2019\/08\/bpk_70242709.jpg","contentUrl":"https:\/\/bpk-archive.de\/tuellmann\/wp-content\/uploads\/2019\/08\/bpk_70242709.jpg","width":1200,"height":945,"caption":"Er\u00f6ffnung der Ausstellung \u0084Collagen aus sechs Jahrzehnten\u0093 des Frankfurter Kunstvereins im Steinernen Haus"},{"@type":"BreadcrumbList","@id":"https:\/\/bpk-archive.de\/tuellmann\/produkt\/eroeffnung-der-ausstellung-collagen-aus-sechs-jahrzehnten-des-frankfurter-kunstvereins-im-steinernen-haus\/#breadcrumb","itemListElement":[{"@type":"ListItem","position":1,"name":"Startseite","item":"https:\/\/bpk-archive.de\/tuellmann\/"},{"@type":"ListItem","position":2,"name":"Shop","item":"https:\/\/bpk-archive.de\/tuellmann\/shop\/"},{"@type":"ListItem","position":3,"name":"Er\u00f6ffnung der Ausstellung ,,Collagen aus sechs Jahrzehnten&#8221; des Frankfurter Kunstvereins im Steinernen Haus"}]},{"@type":"WebSite","@id":"https:\/\/bpk-archive.de\/tuellmann\/#website","url":"https:\/\/bpk-archive.de\/tuellmann\/","name":"Abisag T\u00fcllmann","description":"Eine weitere WordPress-Website","potentialAction":[{"@type":"SearchAction","target":{"@type":"EntryPoint","urlTemplate":"https:\/\/bpk-archive.de\/tuellmann\/?s={search_term_string}"},"query-input":{"@type":"PropertyValueSpecification","valueRequired":true,"valueName":"search_term_string"}}],"inLanguage":"de"}]}},"_links":{"self":[{"href":"https:\/\/bpk-archive.de\/tuellmann\/wp-json\/wp\/v2\/product\/70297346","targetHints":{"allow":["GET"]}}],"collection":[{"href":"https:\/\/bpk-archive.de\/tuellmann\/wp-json\/wp\/v2\/product"}],"about":[{"href":"https:\/\/bpk-archive.de\/tuellmann\/wp-json\/wp\/v2\/types\/product"}],"wp:featuredmedia":[{"embeddable":true,"href":"https:\/\/bpk-archive.de\/tuellmann\/wp-json\/wp\/v2\/media\/70291983"}],"wp:attachment":[{"href":"https:\/\/bpk-archive.de\/tuellmann\/wp-json\/wp\/v2\/media?parent=70297346"}],"wp:term":[{"taxonomy":"product_brand","embeddable":true,"href":"https:\/\/bpk-archive.de\/tuellmann\/wp-json\/wp\/v2\/product_brand?post=70297346"},{"taxonomy":"product_cat","embeddable":true,"href":"https:\/\/bpk-archive.de\/tuellmann\/wp-json\/wp\/v2\/product_cat?post=70297346"},{"taxonomy":"product_tag","embeddable":true,"href":"https:\/\/bpk-archive.de\/tuellmann\/wp-json\/wp\/v2\/product_tag?post=70297346"}],"curies":[{"name":"wp","href":"https:\/\/api.w.org\/{rel}","templated":true}]}}