{"id":70297343,"date":"2019-09-05T16:24:40","date_gmt":"2019-09-05T14:24:40","guid":{"rendered":"http:\/\/abisagtuellmann.bpk-news.de\/atbild\/bobby-farrell-von-boney-m-probiert-kleidung-an-in-einer-saarbrueckener-boutique\/"},"modified":"2019-09-05T16:24:47","modified_gmt":"2019-09-05T14:24:47","slug":"bobby-farrell-von-boney-m-probiert-kleidung-an-in-einer-saarbrueckener-boutique","status":"publish","type":"product","link":"https:\/\/bpk-archive.de\/tuellmann\/produkt\/bobby-farrell-von-boney-m-probiert-kleidung-an-in-einer-saarbrueckener-boutique\/","title":{"rendered":"Bobby Farrell von &#8222;Boney M.&#8220; probiert Kleidung an in einer Saarbr\u00fcckener Boutique"},"content":{"rendered":"<p>R\u00fcckseitenbeschriftung von anderer Hand: &#8222;Bobby&#8220;<\/p>\n","protected":false},"excerpt":{"rendered":"<p>R\u00fcckseitenbeschriftung von anderer Hand: &#8222;Bobby&#8220;<\/p>\n","protected":false},"featured_media":70292058,"template":"","meta":[],"product_brand":[],"product_cat":[],"product_tag":[13230,13232,49666,13234,49667,13231,13233,13235,63025,13777,67361,67545,67869,67870,67546,67547,67548,67549,67550,47541,47542,47543,47544,47545,47546,51250,51251,51252,53449,53450,53451,47456,47457,47458,47459,47460,47461,47462,66247,56154,49468,47876,47877,47878,47879,13469,13470,13253,13254,13255,13256,13257,13471,13472,57551,57554,13473,13261,47724,47725,47726,57918,57919,57920,57921,13268,13269,13270,13271,13291,13292,13293,13786,13787,13294,13295,13296,13297,47267,54948,54949,14195,14196,14197,14198,14199,14200,61734,13498,49482,56428,61735,55861,50337,50338,50339,49802,56157,56158,57991,57992,59356,59357,56159,61141,61142,56160,56161,62395,62396,47899,47900,13328,13827,13828,13329,13330,13331,13332,47332,67575,67881,67882,67883,67884,67885,67886,67887,13843,55774,53455,47333,47334,47335,47336,47337,13877,13879,68037,68038,68039,60775,60776,60777,60779,13865,13864,13866,13351,13352,13353,13858,13859,13860,13861,13862,13863,13354,13869,13870,13871,13872,67888,67889,13878,13880,49382,49383,49387,49388,49389,49390,49391,49392,58492,58493,49384,67891,68140,68141,51272,51273,51274,51275,51276,51277,51278,13525,57168,57169],"class_list":{"0":"post-70297343","1":"product","2":"type-product","3":"status-publish","4":"has-post-thumbnail","6":"product_tag-1970er-jahre","7":"product_tag-20-jahrhundert-nach-chr","8":"product_tag-20-jahrhundert-vor-chr","9":"product_tag-20-jh-n-chr","10":"product_tag-20-jh-v-chr","11":"product_tag-20-jahrhundert","12":"product_tag-20-jh","13":"product_tag-70er","14":"product_tag-abt_007","15":"product_tag-abzug","16":"product_tag-afro","17":"product_tag-afroamerikaner","18":"product_tag-afroamerikanerin","19":"product_tag-afroamerikanerinnen","20":"product_tag-afroamerikanisch","21":"product_tag-afroamerikanische","22":"product_tag-afroamerikanischen","23":"product_tag-afroamerikanischer","24":"product_tag-afroamerikanisches","25":"product_tag-alltag","26":"product_tag-alltaeglich","27":"product_tag-alltaegliche","28":"product_tag-alltaeglicher","29":"product_tag-alltaegliches","30":"product_tag-alltagsleben","31":"product_tag-amerikaner","32":"product_tag-amerikanern","33":"product_tag-amerikaners","34":"product_tag-anprobe","35":"product_tag-anproben","36":"product_tag-anprobieren","37":"product_tag-arbeit","38":"product_tag-arbeiten","39":"product_tag-arbeitend","40":"product_tag-arbeitende","41":"product_tag-arbeitenden","42":"product_tag-arbeitender","43":"product_tag-arbeitendes","44":"product_tag-at_musik","45":"product_tag-band","46":"product_tag-bekleidung","47":"product_tag-beruf","48":"product_tag-berufe","49":"product_tag-berufes","50":"product_tag-berufs","51":"product_tag-brd","52":"product_tag-bundesrepublik-deutschland","53":"product_tag-deutsch","54":"product_tag-deutsche","55":"product_tag-deutschen","56":"product_tag-deutscher","57":"product_tag-deutsches","58":"product_tag-deutschland","59":"product_tag-deutschlands","60":"product_tag-disco","61":"product_tag-disko","62":"product_tag-drinnen","63":"product_tag-dunkelhaeutiger","64":"product_tag-einkauf","65":"product_tag-einkaeufe","66":"product_tag-einkaufen","67":"product_tag-extravagant","68":"product_tag-extravagante","69":"product_tag-extravaganter","70":"product_tag-extravagantes","71":"product_tag-farbige","72":"product_tag-farbigen","73":"product_tag-farbiger","74":"product_tag-farbiges","75":"product_tag-formation","76":"product_tag-formationen","77":"product_tag-foto","78":"product_tag-fotoabzug","79":"product_tag-fotoabzuege","80":"product_tag-fotografie","81":"product_tag-fotografien","82":"product_tag-fotografin","83":"product_tag-fotografinnen","84":"product_tag-fotoreportage","85":"product_tag-gruppe","86":"product_tag-gruppen","87":"product_tag-gruppenbild","88":"product_tag-gruppenbilder","89":"product_tag-gruppenportrait","90":"product_tag-gruppenportraits","91":"product_tag-gruppenportraet","92":"product_tag-gruppenportraets","93":"product_tag-herrenmode","94":"product_tag-innen","95":"product_tag-kleidung","96":"product_tag-kultur","97":"product_tag-maennermode","98":"product_tag-mode","99":"product_tag-modegeschaeft","100":"product_tag-modegeschaefte","101":"product_tag-modeladen","102":"product_tag-musik","103":"product_tag-musikband","104":"product_tag-musiker","105":"product_tag-musikerin","106":"product_tag-musikerinnen","107":"product_tag-musikerinnenportrait","108":"product_tag-musikerinnenportraet","109":"product_tag-musikern","110":"product_tag-musikerportrait","111":"product_tag-musikerportraet","112":"product_tag-musikers","113":"product_tag-musikgruppe","114":"product_tag-overall","115":"product_tag-overalls","116":"product_tag-persoenlichkeit","117":"product_tag-persoenlichkeiten","118":"product_tag-photo","119":"product_tag-photoabzug","120":"product_tag-photoabzuege","121":"product_tag-photographie","122":"product_tag-photographien","123":"product_tag-photographin","124":"product_tag-photographinnen","125":"product_tag-photoreportage","126":"product_tag-popmusik","127":"product_tag-popstar","128":"product_tag-popstars","129":"product_tag-populaer","130":"product_tag-populaere","131":"product_tag-populaeren","132":"product_tag-populaerer","133":"product_tag-populaeres","134":"product_tag-print","135":"product_tag-probieren","136":"product_tag-probiert-an","137":"product_tag-reportage","138":"product_tag-reportagefoto","139":"product_tag-reportagefotografie","140":"product_tag-reportagephoto","141":"product_tag-reportagephotographie","142":"product_tag-s-w-fotografie","143":"product_tag-s-w-photographie","144":"product_tag-saar","145":"product_tag-saarbruecken","146":"product_tag-saarbrueckener","147":"product_tag-saargebiet","148":"product_tag-saargebietes","149":"product_tag-saarland","150":"product_tag-saarlandes","151":"product_tag-schwarzweissphotographie","152":"product_tag-schwarz-weiss-fotografie","153":"product_tag-schwarz-weiss-photographie","154":"product_tag-schwarze","155":"product_tag-schwarzen","156":"product_tag-schwarzer","157":"product_tag-schwarzweiss","158":"product_tag-schwarzweisse","159":"product_tag-schwarzweissen","160":"product_tag-schwarzweisser","161":"product_tag-schwarzweisses","162":"product_tag-schwarzweissfotografie","163":"product_tag-siebziger","164":"product_tag-silbergelatine","165":"product_tag-silbergelatineabzug","166":"product_tag-silbergelatineabzuege","167":"product_tag-silbergelatineprint","168":"product_tag-star","169":"product_tag-stars","170":"product_tag-sw-fotografie","171":"product_tag-sw-photographie","172":"product_tag-tanz","173":"product_tag-taenze","174":"product_tag-tanzen","175":"product_tag-tanzend","176":"product_tag-tanzende","177":"product_tag-tanzenden","178":"product_tag-tanzender","179":"product_tag-tanzendes","180":"product_tag-taenzer","181":"product_tag-taenzers","182":"product_tag-tanzes","183":"product_tag-tanzmusik","184":"product_tag-tanzschritt","185":"product_tag-tanzschritte","186":"product_tag-us-amerikaner","187":"product_tag-us-amerikaners","188":"product_tag-us-amerikanisch","189":"product_tag-us-amerikanische","190":"product_tag-us-amerikanischen","191":"product_tag-us-amerikanischer","192":"product_tag-us-amerikanisches","193":"product_tag-von-innen","194":"product_tag-vorbereitung","195":"product_tag-vorbereitungen","196":"pa_datierung-juli-1978","197":"pa_fotograf-abisag-tuellmann","198":"pa_geografischer_bezug-aufnahmeort-saarbruecken-deutschland","199":"pa_grunddaten_material_technik-foto-silbergelatine-auf-barytpapier","200":"pa_inventarnummer-tue-78-204-19","201":"pa_jahr_von-14022","202":"pa_massangaben-bildformat-foto-232-x-303-cm","203":"pa_mediennummer-68138","204":"pa_objekt_typ-fotografie","206":"first","207":"instock","208":"product-type-simple"},"yoast_head":"<!-- This site is optimized with the Yoast SEO plugin v27.4 - https:\/\/yoast.com\/product\/yoast-seo-wordpress\/ -->\n<title>Bobby Farrell von &quot;Boney M.&quot; probiert Kleidung an in einer Saarbr\u00fcckener Boutique - Abisag T\u00fcllmann<\/title>\n<meta name=\"robots\" content=\"index, follow, max-snippet:-1, max-image-preview:large, max-video-preview:-1\" \/>\n<link rel=\"canonical\" href=\"https:\/\/bpk-archive.de\/tuellmann\/produkt\/bobby-farrell-von-boney-m-probiert-kleidung-an-in-einer-saarbrueckener-boutique\/\" \/>\n<meta property=\"og:locale\" content=\"de_DE\" \/>\n<meta property=\"og:type\" content=\"article\" \/>\n<meta property=\"og:title\" content=\"Bobby Farrell von &quot;Boney M.&quot; probiert Kleidung an in einer Saarbr\u00fcckener Boutique - Abisag T\u00fcllmann\" \/>\n<meta property=\"og:description\" content=\"R\u00fcckseitenbeschriftung von anderer Hand: &#8222;Bobby&#8220;\" \/>\n<meta property=\"og:url\" content=\"https:\/\/bpk-archive.de\/tuellmann\/produkt\/bobby-farrell-von-boney-m-probiert-kleidung-an-in-einer-saarbrueckener-boutique\/\" \/>\n<meta property=\"og:site_name\" content=\"Abisag T\u00fcllmann\" \/>\n<meta property=\"article:modified_time\" content=\"2019-09-05T14:24:47+00:00\" \/>\n<meta property=\"og:image\" content=\"https:\/\/bpk-archive.de\/tuellmann\/wp-content\/uploads\/2019\/08\/bpk_70242685.jpg\" \/>\n\t<meta property=\"og:image:width\" content=\"1200\" \/>\n\t<meta property=\"og:image:height\" content=\"926\" \/>\n\t<meta property=\"og:image:type\" content=\"image\/jpeg\" \/>\n<meta name=\"twitter:card\" content=\"summary_large_image\" \/>\n<script type=\"application\/ld+json\" class=\"yoast-schema-graph\">{\"@context\":\"https:\\\/\\\/schema.org\",\"@graph\":[{\"@type\":\"WebPage\",\"@id\":\"https:\\\/\\\/bpk-archive.de\\\/tuellmann\\\/produkt\\\/bobby-farrell-von-boney-m-probiert-kleidung-an-in-einer-saarbrueckener-boutique\\\/\",\"url\":\"https:\\\/\\\/bpk-archive.de\\\/tuellmann\\\/produkt\\\/bobby-farrell-von-boney-m-probiert-kleidung-an-in-einer-saarbrueckener-boutique\\\/\",\"name\":\"Bobby Farrell von \\\"Boney M.\\\" probiert Kleidung an in einer Saarbr\u00fcckener Boutique - Abisag T\u00fcllmann\",\"isPartOf\":{\"@id\":\"https:\\\/\\\/bpk-archive.de\\\/tuellmann\\\/#website\"},\"primaryImageOfPage\":{\"@id\":\"https:\\\/\\\/bpk-archive.de\\\/tuellmann\\\/produkt\\\/bobby-farrell-von-boney-m-probiert-kleidung-an-in-einer-saarbrueckener-boutique\\\/#primaryimage\"},\"image\":{\"@id\":\"https:\\\/\\\/bpk-archive.de\\\/tuellmann\\\/produkt\\\/bobby-farrell-von-boney-m-probiert-kleidung-an-in-einer-saarbrueckener-boutique\\\/#primaryimage\"},\"thumbnailUrl\":\"https:\\\/\\\/bpk-archive.de\\\/tuellmann\\\/wp-content\\\/uploads\\\/2019\\\/08\\\/bpk_70242685.jpg\",\"datePublished\":\"2019-09-05T14:24:40+00:00\",\"dateModified\":\"2019-09-05T14:24:47+00:00\",\"breadcrumb\":{\"@id\":\"https:\\\/\\\/bpk-archive.de\\\/tuellmann\\\/produkt\\\/bobby-farrell-von-boney-m-probiert-kleidung-an-in-einer-saarbrueckener-boutique\\\/#breadcrumb\"},\"inLanguage\":\"de\",\"potentialAction\":[{\"@type\":\"ReadAction\",\"target\":[\"https:\\\/\\\/bpk-archive.de\\\/tuellmann\\\/produkt\\\/bobby-farrell-von-boney-m-probiert-kleidung-an-in-einer-saarbrueckener-boutique\\\/\"]}]},{\"@type\":\"ImageObject\",\"inLanguage\":\"de\",\"@id\":\"https:\\\/\\\/bpk-archive.de\\\/tuellmann\\\/produkt\\\/bobby-farrell-von-boney-m-probiert-kleidung-an-in-einer-saarbrueckener-boutique\\\/#primaryimage\",\"url\":\"https:\\\/\\\/bpk-archive.de\\\/tuellmann\\\/wp-content\\\/uploads\\\/2019\\\/08\\\/bpk_70242685.jpg\",\"contentUrl\":\"https:\\\/\\\/bpk-archive.de\\\/tuellmann\\\/wp-content\\\/uploads\\\/2019\\\/08\\\/bpk_70242685.jpg\",\"width\":1200,\"height\":926,\"caption\":\"Bobby Farrell von \\\"Boney M.\\\" probiert Kleidung an in einer Saarbr\u00fcckener Boutique\"},{\"@type\":\"BreadcrumbList\",\"@id\":\"https:\\\/\\\/bpk-archive.de\\\/tuellmann\\\/produkt\\\/bobby-farrell-von-boney-m-probiert-kleidung-an-in-einer-saarbrueckener-boutique\\\/#breadcrumb\",\"itemListElement\":[{\"@type\":\"ListItem\",\"position\":1,\"name\":\"Startseite\",\"item\":\"https:\\\/\\\/bpk-archive.de\\\/tuellmann\\\/\"},{\"@type\":\"ListItem\",\"position\":2,\"name\":\"Shop\",\"item\":\"https:\\\/\\\/bpk-archive.de\\\/tuellmann\\\/shop\\\/\"},{\"@type\":\"ListItem\",\"position\":3,\"name\":\"Bobby Farrell von &#8220;Boney M.&#8221; probiert Kleidung an in einer Saarbr\u00fcckener Boutique\"}]},{\"@type\":\"WebSite\",\"@id\":\"https:\\\/\\\/bpk-archive.de\\\/tuellmann\\\/#website\",\"url\":\"https:\\\/\\\/bpk-archive.de\\\/tuellmann\\\/\",\"name\":\"Abisag T\u00fcllmann\",\"description\":\"Eine weitere WordPress-Website\",\"potentialAction\":[{\"@type\":\"SearchAction\",\"target\":{\"@type\":\"EntryPoint\",\"urlTemplate\":\"https:\\\/\\\/bpk-archive.de\\\/tuellmann\\\/?s={search_term_string}\"},\"query-input\":{\"@type\":\"PropertyValueSpecification\",\"valueRequired\":true,\"valueName\":\"search_term_string\"}}],\"inLanguage\":\"de\"}]}<\/script>\n<!-- \/ Yoast SEO plugin. -->","yoast_head_json":{"title":"Bobby Farrell von \"Boney M.\" probiert Kleidung an in einer Saarbr\u00fcckener Boutique - Abisag T\u00fcllmann","robots":{"index":"index","follow":"follow","max-snippet":"max-snippet:-1","max-image-preview":"max-image-preview:large","max-video-preview":"max-video-preview:-1"},"canonical":"https:\/\/bpk-archive.de\/tuellmann\/produkt\/bobby-farrell-von-boney-m-probiert-kleidung-an-in-einer-saarbrueckener-boutique\/","og_locale":"de_DE","og_type":"article","og_title":"Bobby Farrell von \"Boney M.\" probiert Kleidung an in einer Saarbr\u00fcckener Boutique - Abisag T\u00fcllmann","og_description":"R\u00fcckseitenbeschriftung von anderer Hand: &#8222;Bobby&#8220;","og_url":"https:\/\/bpk-archive.de\/tuellmann\/produkt\/bobby-farrell-von-boney-m-probiert-kleidung-an-in-einer-saarbrueckener-boutique\/","og_site_name":"Abisag T\u00fcllmann","article_modified_time":"2019-09-05T14:24:47+00:00","og_image":[{"width":1200,"height":926,"url":"https:\/\/bpk-archive.de\/tuellmann\/wp-content\/uploads\/2019\/08\/bpk_70242685.jpg","type":"image\/jpeg"}],"twitter_card":"summary_large_image","schema":{"@context":"https:\/\/schema.org","@graph":[{"@type":"WebPage","@id":"https:\/\/bpk-archive.de\/tuellmann\/produkt\/bobby-farrell-von-boney-m-probiert-kleidung-an-in-einer-saarbrueckener-boutique\/","url":"https:\/\/bpk-archive.de\/tuellmann\/produkt\/bobby-farrell-von-boney-m-probiert-kleidung-an-in-einer-saarbrueckener-boutique\/","name":"Bobby Farrell von \"Boney M.\" probiert Kleidung an in einer Saarbr\u00fcckener Boutique - Abisag T\u00fcllmann","isPartOf":{"@id":"https:\/\/bpk-archive.de\/tuellmann\/#website"},"primaryImageOfPage":{"@id":"https:\/\/bpk-archive.de\/tuellmann\/produkt\/bobby-farrell-von-boney-m-probiert-kleidung-an-in-einer-saarbrueckener-boutique\/#primaryimage"},"image":{"@id":"https:\/\/bpk-archive.de\/tuellmann\/produkt\/bobby-farrell-von-boney-m-probiert-kleidung-an-in-einer-saarbrueckener-boutique\/#primaryimage"},"thumbnailUrl":"https:\/\/bpk-archive.de\/tuellmann\/wp-content\/uploads\/2019\/08\/bpk_70242685.jpg","datePublished":"2019-09-05T14:24:40+00:00","dateModified":"2019-09-05T14:24:47+00:00","breadcrumb":{"@id":"https:\/\/bpk-archive.de\/tuellmann\/produkt\/bobby-farrell-von-boney-m-probiert-kleidung-an-in-einer-saarbrueckener-boutique\/#breadcrumb"},"inLanguage":"de","potentialAction":[{"@type":"ReadAction","target":["https:\/\/bpk-archive.de\/tuellmann\/produkt\/bobby-farrell-von-boney-m-probiert-kleidung-an-in-einer-saarbrueckener-boutique\/"]}]},{"@type":"ImageObject","inLanguage":"de","@id":"https:\/\/bpk-archive.de\/tuellmann\/produkt\/bobby-farrell-von-boney-m-probiert-kleidung-an-in-einer-saarbrueckener-boutique\/#primaryimage","url":"https:\/\/bpk-archive.de\/tuellmann\/wp-content\/uploads\/2019\/08\/bpk_70242685.jpg","contentUrl":"https:\/\/bpk-archive.de\/tuellmann\/wp-content\/uploads\/2019\/08\/bpk_70242685.jpg","width":1200,"height":926,"caption":"Bobby Farrell von \"Boney M.\" probiert Kleidung an in einer Saarbr\u00fcckener Boutique"},{"@type":"BreadcrumbList","@id":"https:\/\/bpk-archive.de\/tuellmann\/produkt\/bobby-farrell-von-boney-m-probiert-kleidung-an-in-einer-saarbrueckener-boutique\/#breadcrumb","itemListElement":[{"@type":"ListItem","position":1,"name":"Startseite","item":"https:\/\/bpk-archive.de\/tuellmann\/"},{"@type":"ListItem","position":2,"name":"Shop","item":"https:\/\/bpk-archive.de\/tuellmann\/shop\/"},{"@type":"ListItem","position":3,"name":"Bobby Farrell von &#8220;Boney M.&#8221; probiert Kleidung an in einer Saarbr\u00fcckener Boutique"}]},{"@type":"WebSite","@id":"https:\/\/bpk-archive.de\/tuellmann\/#website","url":"https:\/\/bpk-archive.de\/tuellmann\/","name":"Abisag T\u00fcllmann","description":"Eine weitere WordPress-Website","potentialAction":[{"@type":"SearchAction","target":{"@type":"EntryPoint","urlTemplate":"https:\/\/bpk-archive.de\/tuellmann\/?s={search_term_string}"},"query-input":{"@type":"PropertyValueSpecification","valueRequired":true,"valueName":"search_term_string"}}],"inLanguage":"de"}]}},"_links":{"self":[{"href":"https:\/\/bpk-archive.de\/tuellmann\/wp-json\/wp\/v2\/product\/70297343","targetHints":{"allow":["GET"]}}],"collection":[{"href":"https:\/\/bpk-archive.de\/tuellmann\/wp-json\/wp\/v2\/product"}],"about":[{"href":"https:\/\/bpk-archive.de\/tuellmann\/wp-json\/wp\/v2\/types\/product"}],"wp:featuredmedia":[{"embeddable":true,"href":"https:\/\/bpk-archive.de\/tuellmann\/wp-json\/wp\/v2\/media\/70292058"}],"wp:attachment":[{"href":"https:\/\/bpk-archive.de\/tuellmann\/wp-json\/wp\/v2\/media?parent=70297343"}],"wp:term":[{"taxonomy":"product_brand","embeddable":true,"href":"https:\/\/bpk-archive.de\/tuellmann\/wp-json\/wp\/v2\/product_brand?post=70297343"},{"taxonomy":"product_cat","embeddable":true,"href":"https:\/\/bpk-archive.de\/tuellmann\/wp-json\/wp\/v2\/product_cat?post=70297343"},{"taxonomy":"product_tag","embeddable":true,"href":"https:\/\/bpk-archive.de\/tuellmann\/wp-json\/wp\/v2\/product_tag?post=70297343"}],"curies":[{"name":"wp","href":"https:\/\/api.w.org\/{rel}","templated":true}]}}