{"id":70297305,"date":"2019-09-05T16:24:05","date_gmt":"2019-09-05T14:24:05","guid":{"rendered":"http:\/\/abisagtuellmann.bpk-news.de\/atbild\/erich-fried-links-und-peter-paul-zahl-bei-einer-lesung-in-der-brotfabrik-waehrend-der-frankfurter-buchmesse\/"},"modified":"2019-09-05T16:24:11","modified_gmt":"2019-09-05T14:24:11","slug":"erich-fried-links-und-peter-paul-zahl-bei-einer-lesung-in-der-brotfabrik-waehrend-der-frankfurter-buchmesse","status":"publish","type":"product","link":"https:\/\/bpk-archive.de\/tuellmann\/produkt\/erich-fried-links-und-peter-paul-zahl-bei-einer-lesung-in-der-brotfabrik-waehrend-der-frankfurter-buchmesse\/","title":{"rendered":"Erich Fried (links) und Peter-Paul Zahl bei einer Lesung in der Brotfabrik w\u00e4hrend der Frankfurter Buchmesse"},"content":{"rendered":"<p>R\u00fcckseitenbeschriftung von anderer Hand: &#8222;Erich Fried, P.P. Zahl, Okt. 82&#8220;<\/p>\n","protected":false},"excerpt":{"rendered":"<p>R\u00fcckseitenbeschriftung von anderer Hand: &#8222;Erich Fried, P.P. Zahl, Okt. 82&#8220;<\/p>\n","protected":false},"featured_media":70291951,"template":"","meta":[],"product_brand":[],"product_cat":[],"product_tag":[47237,13232,49666,13234,49667,13231,13233,47238,62469,13777,47240,63098,52727,52728,13469,13470,13253,13254,13255,13256,13257,13471,13472,13473,13293,13786,13787,13294,13295,13296,13297,13485,13486,13482,13481,13483,13484,49813,49814,13492,13493,13494,13495,13496,13497,13498,56428,63388,63389,49309,51517,14071,14072,13328,13827,13828,13329,13330,13331,13332,13843,13877,13879,52738,13865,13864,13866,13858,13859,13860,13861,13862,13863,13869,13870,13871,13872,13878,13880,13375,13376,13525,59961,59962],"class_list":{"0":"post-70297305","1":"product","2":"type-product","3":"status-publish","4":"has-post-thumbnail","6":"product_tag-1980er-jahre","7":"product_tag-20-jahrhundert-nach-chr","8":"product_tag-20-jahrhundert-vor-chr","9":"product_tag-20-jh-n-chr","10":"product_tag-20-jh-v-chr","11":"product_tag-20-jahrhundert","12":"product_tag-20-jh","13":"product_tag-80er","14":"product_tag-abt_006","15":"product_tag-abzug","16":"product_tag-achtziger","17":"product_tag-at_literatur-wissenschaft","18":"product_tag-autor","19":"product_tag-autoren","20":"product_tag-brd","21":"product_tag-bundesrepublik-deutschland","22":"product_tag-deutsch","23":"product_tag-deutsche","24":"product_tag-deutschen","25":"product_tag-deutscher","26":"product_tag-deutsches","27":"product_tag-deutschland","28":"product_tag-deutschlands","29":"product_tag-drinnen","30":"product_tag-foto","31":"product_tag-fotoabzug","32":"product_tag-fotoabzuege","33":"product_tag-fotografie","34":"product_tag-fotografien","35":"product_tag-fotografin","36":"product_tag-fotografinnen","37":"product_tag-frankfurt-m","38":"product_tag-frankfurt-main","39":"product_tag-frankfurt-a-main","40":"product_tag-frankfurt-a-m","41":"product_tag-frankfurt-am-main","42":"product_tag-frankfurter","43":"product_tag-gitarre","44":"product_tag-gitarren","45":"product_tag-hessen","46":"product_tag-hessisch","47":"product_tag-hessische","48":"product_tag-hessischen","49":"product_tag-hessischer","50":"product_tag-hessisches","51":"product_tag-innen","52":"product_tag-kultur","53":"product_tag-lesung","54":"product_tag-lesungen","55":"product_tag-literatur","56":"product_tag-literaturgeschichte","57":"product_tag-mikrofon","58":"product_tag-mikrophon","59":"product_tag-photo","60":"product_tag-photoabzug","61":"product_tag-photoabzuege","62":"product_tag-photographie","63":"product_tag-photographien","64":"product_tag-photographin","65":"product_tag-photographinnen","66":"product_tag-print","67":"product_tag-s-w-fotografie","68":"product_tag-s-w-photographie","69":"product_tag-schriftsteller","70":"product_tag-schwarzweissphotographie","71":"product_tag-schwarz-weiss-fotografie","72":"product_tag-schwarz-weiss-photographie","73":"product_tag-schwarzweiss","74":"product_tag-schwarzweisse","75":"product_tag-schwarzweissen","76":"product_tag-schwarzweisser","77":"product_tag-schwarzweisses","78":"product_tag-schwarzweissfotografie","79":"product_tag-silbergelatine","80":"product_tag-silbergelatineabzug","81":"product_tag-silbergelatineabzuege","82":"product_tag-silbergelatineprint","83":"product_tag-sw-fotografie","84":"product_tag-sw-photographie","85":"product_tag-veranstaltung","86":"product_tag-veranstaltungen","87":"product_tag-von-innen","88":"product_tag-weinflasche","89":"product_tag-weinflaschen","90":"pa_datierung-09-10-1982","91":"pa_fotograf-abisag-tuellmann","92":"pa_geografischer_bezug-aufnahmeort-frankfurt-am-main-deutschland","93":"pa_grunddaten_material_technik-foto-silbergelatine-auf-barytpapier","94":"pa_inventarnummer-tue-82-105-17","95":"pa_jahr_von-47235","96":"pa_massangaben-bildformat-foto-20-x-306-cm","97":"pa_mediennummer-67952","98":"pa_objekt_typ-fotografie","100":"first","101":"instock","102":"product-type-simple"},"yoast_head":"<!-- This site is optimized with the Yoast SEO plugin v27.3 - https:\/\/yoast.com\/product\/yoast-seo-wordpress\/ -->\n<title>Erich Fried (links) und Peter-Paul Zahl bei einer Lesung in der Brotfabrik w\u00e4hrend der Frankfurter Buchmesse - Abisag T\u00fcllmann<\/title>\n<meta name=\"robots\" content=\"index, follow, max-snippet:-1, max-image-preview:large, max-video-preview:-1\" \/>\n<link rel=\"canonical\" href=\"https:\/\/bpk-archive.de\/tuellmann\/produkt\/erich-fried-links-und-peter-paul-zahl-bei-einer-lesung-in-der-brotfabrik-waehrend-der-frankfurter-buchmesse\/\" \/>\n<meta property=\"og:locale\" content=\"de_DE\" \/>\n<meta property=\"og:type\" content=\"article\" \/>\n<meta property=\"og:title\" content=\"Erich Fried (links) und Peter-Paul Zahl bei einer Lesung in der Brotfabrik w\u00e4hrend der Frankfurter Buchmesse - Abisag T\u00fcllmann\" \/>\n<meta property=\"og:description\" content=\"R\u00fcckseitenbeschriftung von anderer Hand: &#8222;Erich Fried, P.P. Zahl, Okt. 82&#8220;\" \/>\n<meta property=\"og:url\" content=\"https:\/\/bpk-archive.de\/tuellmann\/produkt\/erich-fried-links-und-peter-paul-zahl-bei-einer-lesung-in-der-brotfabrik-waehrend-der-frankfurter-buchmesse\/\" \/>\n<meta property=\"og:site_name\" content=\"Abisag T\u00fcllmann\" \/>\n<meta property=\"article:modified_time\" content=\"2019-09-05T14:24:11+00:00\" \/>\n<meta property=\"og:image\" content=\"https:\/\/bpk-archive.de\/tuellmann\/wp-content\/uploads\/2019\/08\/bpk_70242598.jpg\" \/>\n\t<meta property=\"og:image:width\" content=\"1200\" \/>\n\t<meta property=\"og:image:height\" content=\"801\" \/>\n\t<meta property=\"og:image:type\" content=\"image\/jpeg\" \/>\n<meta name=\"twitter:card\" content=\"summary_large_image\" \/>\n<script type=\"application\/ld+json\" class=\"yoast-schema-graph\">{\"@context\":\"https:\\\/\\\/schema.org\",\"@graph\":[{\"@type\":\"WebPage\",\"@id\":\"https:\\\/\\\/bpk-archive.de\\\/tuellmann\\\/produkt\\\/erich-fried-links-und-peter-paul-zahl-bei-einer-lesung-in-der-brotfabrik-waehrend-der-frankfurter-buchmesse\\\/\",\"url\":\"https:\\\/\\\/bpk-archive.de\\\/tuellmann\\\/produkt\\\/erich-fried-links-und-peter-paul-zahl-bei-einer-lesung-in-der-brotfabrik-waehrend-der-frankfurter-buchmesse\\\/\",\"name\":\"Erich Fried (links) und Peter-Paul Zahl bei einer Lesung in der Brotfabrik w\u00e4hrend der Frankfurter Buchmesse - Abisag T\u00fcllmann\",\"isPartOf\":{\"@id\":\"https:\\\/\\\/bpk-archive.de\\\/tuellmann\\\/#website\"},\"primaryImageOfPage\":{\"@id\":\"https:\\\/\\\/bpk-archive.de\\\/tuellmann\\\/produkt\\\/erich-fried-links-und-peter-paul-zahl-bei-einer-lesung-in-der-brotfabrik-waehrend-der-frankfurter-buchmesse\\\/#primaryimage\"},\"image\":{\"@id\":\"https:\\\/\\\/bpk-archive.de\\\/tuellmann\\\/produkt\\\/erich-fried-links-und-peter-paul-zahl-bei-einer-lesung-in-der-brotfabrik-waehrend-der-frankfurter-buchmesse\\\/#primaryimage\"},\"thumbnailUrl\":\"https:\\\/\\\/bpk-archive.de\\\/tuellmann\\\/wp-content\\\/uploads\\\/2019\\\/08\\\/bpk_70242598.jpg\",\"datePublished\":\"2019-09-05T14:24:05+00:00\",\"dateModified\":\"2019-09-05T14:24:11+00:00\",\"breadcrumb\":{\"@id\":\"https:\\\/\\\/bpk-archive.de\\\/tuellmann\\\/produkt\\\/erich-fried-links-und-peter-paul-zahl-bei-einer-lesung-in-der-brotfabrik-waehrend-der-frankfurter-buchmesse\\\/#breadcrumb\"},\"inLanguage\":\"de\",\"potentialAction\":[{\"@type\":\"ReadAction\",\"target\":[\"https:\\\/\\\/bpk-archive.de\\\/tuellmann\\\/produkt\\\/erich-fried-links-und-peter-paul-zahl-bei-einer-lesung-in-der-brotfabrik-waehrend-der-frankfurter-buchmesse\\\/\"]}]},{\"@type\":\"ImageObject\",\"inLanguage\":\"de\",\"@id\":\"https:\\\/\\\/bpk-archive.de\\\/tuellmann\\\/produkt\\\/erich-fried-links-und-peter-paul-zahl-bei-einer-lesung-in-der-brotfabrik-waehrend-der-frankfurter-buchmesse\\\/#primaryimage\",\"url\":\"https:\\\/\\\/bpk-archive.de\\\/tuellmann\\\/wp-content\\\/uploads\\\/2019\\\/08\\\/bpk_70242598.jpg\",\"contentUrl\":\"https:\\\/\\\/bpk-archive.de\\\/tuellmann\\\/wp-content\\\/uploads\\\/2019\\\/08\\\/bpk_70242598.jpg\",\"width\":1200,\"height\":801,\"caption\":\"Erich Fried (links) und Peter-Paul Zahl bei einer Lesung in der Brotfabrik w\u00e4hrend der Frankfurter Buchmesse\"},{\"@type\":\"BreadcrumbList\",\"@id\":\"https:\\\/\\\/bpk-archive.de\\\/tuellmann\\\/produkt\\\/erich-fried-links-und-peter-paul-zahl-bei-einer-lesung-in-der-brotfabrik-waehrend-der-frankfurter-buchmesse\\\/#breadcrumb\",\"itemListElement\":[{\"@type\":\"ListItem\",\"position\":1,\"name\":\"Startseite\",\"item\":\"https:\\\/\\\/bpk-archive.de\\\/tuellmann\\\/\"},{\"@type\":\"ListItem\",\"position\":2,\"name\":\"Shop\",\"item\":\"https:\\\/\\\/bpk-archive.de\\\/tuellmann\\\/shop\\\/\"},{\"@type\":\"ListItem\",\"position\":3,\"name\":\"Erich Fried (links) und Peter-Paul Zahl bei einer Lesung in der Brotfabrik w\u00e4hrend der Frankfurter Buchmesse\"}]},{\"@type\":\"WebSite\",\"@id\":\"https:\\\/\\\/bpk-archive.de\\\/tuellmann\\\/#website\",\"url\":\"https:\\\/\\\/bpk-archive.de\\\/tuellmann\\\/\",\"name\":\"Abisag T\u00fcllmann\",\"description\":\"Eine weitere WordPress-Website\",\"potentialAction\":[{\"@type\":\"SearchAction\",\"target\":{\"@type\":\"EntryPoint\",\"urlTemplate\":\"https:\\\/\\\/bpk-archive.de\\\/tuellmann\\\/?s={search_term_string}\"},\"query-input\":{\"@type\":\"PropertyValueSpecification\",\"valueRequired\":true,\"valueName\":\"search_term_string\"}}],\"inLanguage\":\"de\"}]}<\/script>\n<!-- \/ Yoast SEO plugin. -->","yoast_head_json":{"title":"Erich Fried (links) und Peter-Paul Zahl bei einer Lesung in der Brotfabrik w\u00e4hrend der Frankfurter Buchmesse - Abisag T\u00fcllmann","robots":{"index":"index","follow":"follow","max-snippet":"max-snippet:-1","max-image-preview":"max-image-preview:large","max-video-preview":"max-video-preview:-1"},"canonical":"https:\/\/bpk-archive.de\/tuellmann\/produkt\/erich-fried-links-und-peter-paul-zahl-bei-einer-lesung-in-der-brotfabrik-waehrend-der-frankfurter-buchmesse\/","og_locale":"de_DE","og_type":"article","og_title":"Erich Fried (links) und Peter-Paul Zahl bei einer Lesung in der Brotfabrik w\u00e4hrend der Frankfurter Buchmesse - Abisag T\u00fcllmann","og_description":"R\u00fcckseitenbeschriftung von anderer Hand: &#8222;Erich Fried, P.P. Zahl, Okt. 82&#8220;","og_url":"https:\/\/bpk-archive.de\/tuellmann\/produkt\/erich-fried-links-und-peter-paul-zahl-bei-einer-lesung-in-der-brotfabrik-waehrend-der-frankfurter-buchmesse\/","og_site_name":"Abisag T\u00fcllmann","article_modified_time":"2019-09-05T14:24:11+00:00","og_image":[{"width":1200,"height":801,"url":"https:\/\/bpk-archive.de\/tuellmann\/wp-content\/uploads\/2019\/08\/bpk_70242598.jpg","type":"image\/jpeg"}],"twitter_card":"summary_large_image","schema":{"@context":"https:\/\/schema.org","@graph":[{"@type":"WebPage","@id":"https:\/\/bpk-archive.de\/tuellmann\/produkt\/erich-fried-links-und-peter-paul-zahl-bei-einer-lesung-in-der-brotfabrik-waehrend-der-frankfurter-buchmesse\/","url":"https:\/\/bpk-archive.de\/tuellmann\/produkt\/erich-fried-links-und-peter-paul-zahl-bei-einer-lesung-in-der-brotfabrik-waehrend-der-frankfurter-buchmesse\/","name":"Erich Fried (links) und Peter-Paul Zahl bei einer Lesung in der Brotfabrik w\u00e4hrend der Frankfurter Buchmesse - Abisag T\u00fcllmann","isPartOf":{"@id":"https:\/\/bpk-archive.de\/tuellmann\/#website"},"primaryImageOfPage":{"@id":"https:\/\/bpk-archive.de\/tuellmann\/produkt\/erich-fried-links-und-peter-paul-zahl-bei-einer-lesung-in-der-brotfabrik-waehrend-der-frankfurter-buchmesse\/#primaryimage"},"image":{"@id":"https:\/\/bpk-archive.de\/tuellmann\/produkt\/erich-fried-links-und-peter-paul-zahl-bei-einer-lesung-in-der-brotfabrik-waehrend-der-frankfurter-buchmesse\/#primaryimage"},"thumbnailUrl":"https:\/\/bpk-archive.de\/tuellmann\/wp-content\/uploads\/2019\/08\/bpk_70242598.jpg","datePublished":"2019-09-05T14:24:05+00:00","dateModified":"2019-09-05T14:24:11+00:00","breadcrumb":{"@id":"https:\/\/bpk-archive.de\/tuellmann\/produkt\/erich-fried-links-und-peter-paul-zahl-bei-einer-lesung-in-der-brotfabrik-waehrend-der-frankfurter-buchmesse\/#breadcrumb"},"inLanguage":"de","potentialAction":[{"@type":"ReadAction","target":["https:\/\/bpk-archive.de\/tuellmann\/produkt\/erich-fried-links-und-peter-paul-zahl-bei-einer-lesung-in-der-brotfabrik-waehrend-der-frankfurter-buchmesse\/"]}]},{"@type":"ImageObject","inLanguage":"de","@id":"https:\/\/bpk-archive.de\/tuellmann\/produkt\/erich-fried-links-und-peter-paul-zahl-bei-einer-lesung-in-der-brotfabrik-waehrend-der-frankfurter-buchmesse\/#primaryimage","url":"https:\/\/bpk-archive.de\/tuellmann\/wp-content\/uploads\/2019\/08\/bpk_70242598.jpg","contentUrl":"https:\/\/bpk-archive.de\/tuellmann\/wp-content\/uploads\/2019\/08\/bpk_70242598.jpg","width":1200,"height":801,"caption":"Erich Fried (links) und Peter-Paul Zahl bei einer Lesung in der Brotfabrik w\u00e4hrend der Frankfurter Buchmesse"},{"@type":"BreadcrumbList","@id":"https:\/\/bpk-archive.de\/tuellmann\/produkt\/erich-fried-links-und-peter-paul-zahl-bei-einer-lesung-in-der-brotfabrik-waehrend-der-frankfurter-buchmesse\/#breadcrumb","itemListElement":[{"@type":"ListItem","position":1,"name":"Startseite","item":"https:\/\/bpk-archive.de\/tuellmann\/"},{"@type":"ListItem","position":2,"name":"Shop","item":"https:\/\/bpk-archive.de\/tuellmann\/shop\/"},{"@type":"ListItem","position":3,"name":"Erich Fried (links) und Peter-Paul Zahl bei einer Lesung in der Brotfabrik w\u00e4hrend der Frankfurter Buchmesse"}]},{"@type":"WebSite","@id":"https:\/\/bpk-archive.de\/tuellmann\/#website","url":"https:\/\/bpk-archive.de\/tuellmann\/","name":"Abisag T\u00fcllmann","description":"Eine weitere WordPress-Website","potentialAction":[{"@type":"SearchAction","target":{"@type":"EntryPoint","urlTemplate":"https:\/\/bpk-archive.de\/tuellmann\/?s={search_term_string}"},"query-input":{"@type":"PropertyValueSpecification","valueRequired":true,"valueName":"search_term_string"}}],"inLanguage":"de"}]}},"_links":{"self":[{"href":"https:\/\/bpk-archive.de\/tuellmann\/wp-json\/wp\/v2\/product\/70297305","targetHints":{"allow":["GET"]}}],"collection":[{"href":"https:\/\/bpk-archive.de\/tuellmann\/wp-json\/wp\/v2\/product"}],"about":[{"href":"https:\/\/bpk-archive.de\/tuellmann\/wp-json\/wp\/v2\/types\/product"}],"wp:featuredmedia":[{"embeddable":true,"href":"https:\/\/bpk-archive.de\/tuellmann\/wp-json\/wp\/v2\/media\/70291951"}],"wp:attachment":[{"href":"https:\/\/bpk-archive.de\/tuellmann\/wp-json\/wp\/v2\/media?parent=70297305"}],"wp:term":[{"taxonomy":"product_brand","embeddable":true,"href":"https:\/\/bpk-archive.de\/tuellmann\/wp-json\/wp\/v2\/product_brand?post=70297305"},{"taxonomy":"product_cat","embeddable":true,"href":"https:\/\/bpk-archive.de\/tuellmann\/wp-json\/wp\/v2\/product_cat?post=70297305"},{"taxonomy":"product_tag","embeddable":true,"href":"https:\/\/bpk-archive.de\/tuellmann\/wp-json\/wp\/v2\/product_tag?post=70297305"}],"curies":[{"name":"wp","href":"https:\/\/api.w.org\/{rel}","templated":true}]}}