{"id":70297303,"date":"2019-09-05T16:24:05","date_gmt":"2019-09-05T14:24:05","guid":{"rendered":"http:\/\/abisagtuellmann.bpk-news.de\/atbild\/juergen-habermas-bei-der-verleihung-des-theodor-w-adorno-preises-in-der-frankfurter-paulskirche\/"},"modified":"2020-08-11T16:34:59","modified_gmt":"2020-08-11T14:34:59","slug":"juergen-habermas-bei-der-verleihung-des-theodor-w-adorno-preises-in-der-frankfurter-paulskirche","status":"publish","type":"product","link":"https:\/\/bpk-archive.de\/tuellmann\/produkt\/juergen-habermas-bei-der-verleihung-des-theodor-w-adorno-preises-in-der-frankfurter-paulskirche\/","title":{"rendered":"J\u00fcrgen Habermas bei der Verleihung des Theodor-W.-Adorno-Preises in der Frankfurter Paulskirche"},"content":{"rendered":"<p>R\u00fcckseitenbeschriftung von Hand der Fotografin: &#8222;1980, Habermas (Adorno Preisverleihung)&#8220;<\/p>\n","protected":false},"excerpt":{"rendered":"<p>R\u00fcckseitenbeschriftung von Hand der Fotografin: &#8222;1980, Habermas (Adorno Preisverleihung)&#8220;<\/p>\n","protected":false},"featured_media":70291959,"template":"","meta":[],"product_brand":[],"product_cat":[73385],"product_tag":[47237,13232,49666,13234,49667,13231,13233,47238,62469,13777,47240,67945,63098,13469,13470,13253,13254,13255,13256,13257,13471,13472,13473,49416,13293,13786,13787,13294,13295,13296,13297,13485,13486,13482,13481,13483,13484,49417,49418,49419,13492,13493,13494,13495,13496,13497,13498,52954,52955,13328,13827,13828,13329,13330,13331,13332,58866,58867,13843,49065,49066,49067,49068,49070,13877,13879,13865,13864,13866,13858,13859,13860,13861,13862,13863,13869,13870,13871,13872,63291,63292,13878,13880,13525,61344,61345,49427,49428],"class_list":{"0":"post-70297303","1":"product","2":"type-product","3":"status-publish","4":"has-post-thumbnail","6":"product_cat-literatur-wissenschaft","7":"product_tag-1980er-jahre","8":"product_tag-20-jahrhundert-nach-chr","9":"product_tag-20-jahrhundert-vor-chr","10":"product_tag-20-jh-n-chr","11":"product_tag-20-jh-v-chr","12":"product_tag-20-jahrhundert","13":"product_tag-20-jh","14":"product_tag-80er","15":"product_tag-abt_006","16":"product_tag-abzug","17":"product_tag-achtziger","18":"product_tag-adorno-preis","19":"product_tag-at_literatur-wissenschaft","20":"product_tag-brd","21":"product_tag-bundesrepublik-deutschland","22":"product_tag-deutsch","23":"product_tag-deutsche","24":"product_tag-deutschen","25":"product_tag-deutscher","26":"product_tag-deutsches","27":"product_tag-deutschland","28":"product_tag-deutschlands","29":"product_tag-drinnen","30":"product_tag-forscher","31":"product_tag-foto","32":"product_tag-fotoabzug","33":"product_tag-fotoabzuege","34":"product_tag-fotografie","35":"product_tag-fotografien","36":"product_tag-fotografin","37":"product_tag-fotografinnen","38":"product_tag-frankfurt-m","39":"product_tag-frankfurt-main","40":"product_tag-frankfurt-a-main","41":"product_tag-frankfurt-a-m","42":"product_tag-frankfurt-am-main","43":"product_tag-frankfurter","44":"product_tag-gelehrte","45":"product_tag-gelehrten","46":"product_tag-gelehrter","47":"product_tag-hessen","48":"product_tag-hessisch","49":"product_tag-hessische","50":"product_tag-hessischen","51":"product_tag-hessischer","52":"product_tag-hessisches","53":"product_tag-innen","54":"product_tag-philosoph","55":"product_tag-philosophen","56":"product_tag-photo","57":"product_tag-photoabzug","58":"product_tag-photoabzuege","59":"product_tag-photographie","60":"product_tag-photographien","61":"product_tag-photographin","62":"product_tag-photographinnen","63":"product_tag-preisverleihung","64":"product_tag-preisverleihungen","65":"product_tag-print","66":"product_tag-rede","67":"product_tag-redner","68":"product_tag-rednerpose","69":"product_tag-rednerposen","70":"product_tag-redners","71":"product_tag-s-w-fotografie","72":"product_tag-s-w-photographie","73":"product_tag-schwarzweissphotographie","74":"product_tag-schwarz-weiss-fotografie","75":"product_tag-schwarz-weiss-photographie","76":"product_tag-schwarzweiss","77":"product_tag-schwarzweisse","78":"product_tag-schwarzweissen","79":"product_tag-schwarzweisser","80":"product_tag-schwarzweisses","81":"product_tag-schwarzweissfotografie","82":"product_tag-silbergelatine","83":"product_tag-silbergelatineabzug","84":"product_tag-silbergelatineabzuege","85":"product_tag-silbergelatineprint","86":"product_tag-soziologe","87":"product_tag-soziologen","88":"product_tag-sw-fotografie","89":"product_tag-sw-photographie","90":"product_tag-von-innen","91":"product_tag-wissenschaft","92":"product_tag-wissenschaften","93":"product_tag-wissenschaftler","94":"product_tag-wissenschaftlers","95":"pa_datierung-28982","96":"pa_fotograf-abisag-tuellmann","97":"pa_geografischer_bezug-aufnahmeort-frankfurt-am-main-deutschland","98":"pa_grunddaten_material_technik-foto-silbergelatine-auf-barytpapier","99":"pa_inventarnummer-tue-80-159-24a","100":"pa_jahr_von-53247","101":"pa_massangaben-bildformat-foto-232-x-305-cm","102":"pa_mediennummer-67943","103":"pa_objekt_typ-fotografie","105":"first","106":"instock","107":"product-type-simple"},"yoast_head":"<!-- This site is optimized with the Yoast SEO plugin v27.4 - https:\/\/yoast.com\/product\/yoast-seo-wordpress\/ -->\n<title>J\u00fcrgen Habermas bei der Verleihung des Theodor-W.-Adorno-Preises in der Frankfurter Paulskirche - Abisag T\u00fcllmann<\/title>\n<meta name=\"robots\" content=\"index, follow, max-snippet:-1, max-image-preview:large, max-video-preview:-1\" \/>\n<link rel=\"canonical\" href=\"https:\/\/bpk-archive.de\/tuellmann\/produkt\/juergen-habermas-bei-der-verleihung-des-theodor-w-adorno-preises-in-der-frankfurter-paulskirche\/\" \/>\n<meta property=\"og:locale\" content=\"de_DE\" \/>\n<meta property=\"og:type\" content=\"article\" \/>\n<meta property=\"og:title\" content=\"J\u00fcrgen Habermas bei der Verleihung des Theodor-W.-Adorno-Preises in der Frankfurter Paulskirche - Abisag T\u00fcllmann\" \/>\n<meta property=\"og:description\" content=\"R\u00fcckseitenbeschriftung von Hand der Fotografin: &#8222;1980, Habermas (Adorno Preisverleihung)&#8220;\" \/>\n<meta property=\"og:url\" content=\"https:\/\/bpk-archive.de\/tuellmann\/produkt\/juergen-habermas-bei-der-verleihung-des-theodor-w-adorno-preises-in-der-frankfurter-paulskirche\/\" \/>\n<meta property=\"og:site_name\" content=\"Abisag T\u00fcllmann\" \/>\n<meta property=\"article:modified_time\" content=\"2020-08-11T14:34:59+00:00\" \/>\n<meta property=\"og:image\" content=\"https:\/\/bpk-archive.de\/tuellmann\/wp-content\/uploads\/2019\/08\/bpk_70242601.jpg\" \/>\n\t<meta property=\"og:image:width\" content=\"1200\" \/>\n\t<meta property=\"og:image:height\" content=\"927\" \/>\n\t<meta property=\"og:image:type\" content=\"image\/jpeg\" \/>\n<meta name=\"twitter:card\" content=\"summary_large_image\" \/>\n<script type=\"application\/ld+json\" class=\"yoast-schema-graph\">{\"@context\":\"https:\\\/\\\/schema.org\",\"@graph\":[{\"@type\":\"WebPage\",\"@id\":\"https:\\\/\\\/bpk-archive.de\\\/tuellmann\\\/produkt\\\/juergen-habermas-bei-der-verleihung-des-theodor-w-adorno-preises-in-der-frankfurter-paulskirche\\\/\",\"url\":\"https:\\\/\\\/bpk-archive.de\\\/tuellmann\\\/produkt\\\/juergen-habermas-bei-der-verleihung-des-theodor-w-adorno-preises-in-der-frankfurter-paulskirche\\\/\",\"name\":\"J\u00fcrgen Habermas bei der Verleihung des Theodor-W.-Adorno-Preises in der Frankfurter Paulskirche - Abisag T\u00fcllmann\",\"isPartOf\":{\"@id\":\"https:\\\/\\\/bpk-archive.de\\\/tuellmann\\\/#website\"},\"primaryImageOfPage\":{\"@id\":\"https:\\\/\\\/bpk-archive.de\\\/tuellmann\\\/produkt\\\/juergen-habermas-bei-der-verleihung-des-theodor-w-adorno-preises-in-der-frankfurter-paulskirche\\\/#primaryimage\"},\"image\":{\"@id\":\"https:\\\/\\\/bpk-archive.de\\\/tuellmann\\\/produkt\\\/juergen-habermas-bei-der-verleihung-des-theodor-w-adorno-preises-in-der-frankfurter-paulskirche\\\/#primaryimage\"},\"thumbnailUrl\":\"https:\\\/\\\/bpk-archive.de\\\/tuellmann\\\/wp-content\\\/uploads\\\/2019\\\/08\\\/bpk_70242601.jpg\",\"datePublished\":\"2019-09-05T14:24:05+00:00\",\"dateModified\":\"2020-08-11T14:34:59+00:00\",\"breadcrumb\":{\"@id\":\"https:\\\/\\\/bpk-archive.de\\\/tuellmann\\\/produkt\\\/juergen-habermas-bei-der-verleihung-des-theodor-w-adorno-preises-in-der-frankfurter-paulskirche\\\/#breadcrumb\"},\"inLanguage\":\"de\",\"potentialAction\":[{\"@type\":\"ReadAction\",\"target\":[\"https:\\\/\\\/bpk-archive.de\\\/tuellmann\\\/produkt\\\/juergen-habermas-bei-der-verleihung-des-theodor-w-adorno-preises-in-der-frankfurter-paulskirche\\\/\"]}]},{\"@type\":\"ImageObject\",\"inLanguage\":\"de\",\"@id\":\"https:\\\/\\\/bpk-archive.de\\\/tuellmann\\\/produkt\\\/juergen-habermas-bei-der-verleihung-des-theodor-w-adorno-preises-in-der-frankfurter-paulskirche\\\/#primaryimage\",\"url\":\"https:\\\/\\\/bpk-archive.de\\\/tuellmann\\\/wp-content\\\/uploads\\\/2019\\\/08\\\/bpk_70242601.jpg\",\"contentUrl\":\"https:\\\/\\\/bpk-archive.de\\\/tuellmann\\\/wp-content\\\/uploads\\\/2019\\\/08\\\/bpk_70242601.jpg\",\"width\":1200,\"height\":927,\"caption\":\"J\u00fcrgen Habermas bei der Verleihung des Theodor-W.-Adorno-Preises in der Frankfurter Paulskirche\"},{\"@type\":\"BreadcrumbList\",\"@id\":\"https:\\\/\\\/bpk-archive.de\\\/tuellmann\\\/produkt\\\/juergen-habermas-bei-der-verleihung-des-theodor-w-adorno-preises-in-der-frankfurter-paulskirche\\\/#breadcrumb\",\"itemListElement\":[{\"@type\":\"ListItem\",\"position\":1,\"name\":\"Startseite\",\"item\":\"https:\\\/\\\/bpk-archive.de\\\/tuellmann\\\/\"},{\"@type\":\"ListItem\",\"position\":2,\"name\":\"Shop\",\"item\":\"https:\\\/\\\/bpk-archive.de\\\/tuellmann\\\/shop\\\/\"},{\"@type\":\"ListItem\",\"position\":3,\"name\":\"J\u00fcrgen Habermas bei der Verleihung des Theodor-W.-Adorno-Preises in der Frankfurter Paulskirche\"}]},{\"@type\":\"WebSite\",\"@id\":\"https:\\\/\\\/bpk-archive.de\\\/tuellmann\\\/#website\",\"url\":\"https:\\\/\\\/bpk-archive.de\\\/tuellmann\\\/\",\"name\":\"Abisag T\u00fcllmann\",\"description\":\"Eine weitere WordPress-Website\",\"potentialAction\":[{\"@type\":\"SearchAction\",\"target\":{\"@type\":\"EntryPoint\",\"urlTemplate\":\"https:\\\/\\\/bpk-archive.de\\\/tuellmann\\\/?s={search_term_string}\"},\"query-input\":{\"@type\":\"PropertyValueSpecification\",\"valueRequired\":true,\"valueName\":\"search_term_string\"}}],\"inLanguage\":\"de\"}]}<\/script>\n<!-- \/ Yoast SEO plugin. -->","yoast_head_json":{"title":"J\u00fcrgen Habermas bei der Verleihung des Theodor-W.-Adorno-Preises in der Frankfurter Paulskirche - Abisag T\u00fcllmann","robots":{"index":"index","follow":"follow","max-snippet":"max-snippet:-1","max-image-preview":"max-image-preview:large","max-video-preview":"max-video-preview:-1"},"canonical":"https:\/\/bpk-archive.de\/tuellmann\/produkt\/juergen-habermas-bei-der-verleihung-des-theodor-w-adorno-preises-in-der-frankfurter-paulskirche\/","og_locale":"de_DE","og_type":"article","og_title":"J\u00fcrgen Habermas bei der Verleihung des Theodor-W.-Adorno-Preises in der Frankfurter Paulskirche - Abisag T\u00fcllmann","og_description":"R\u00fcckseitenbeschriftung von Hand der Fotografin: &#8222;1980, Habermas (Adorno Preisverleihung)&#8220;","og_url":"https:\/\/bpk-archive.de\/tuellmann\/produkt\/juergen-habermas-bei-der-verleihung-des-theodor-w-adorno-preises-in-der-frankfurter-paulskirche\/","og_site_name":"Abisag T\u00fcllmann","article_modified_time":"2020-08-11T14:34:59+00:00","og_image":[{"width":1200,"height":927,"url":"https:\/\/bpk-archive.de\/tuellmann\/wp-content\/uploads\/2019\/08\/bpk_70242601.jpg","type":"image\/jpeg"}],"twitter_card":"summary_large_image","schema":{"@context":"https:\/\/schema.org","@graph":[{"@type":"WebPage","@id":"https:\/\/bpk-archive.de\/tuellmann\/produkt\/juergen-habermas-bei-der-verleihung-des-theodor-w-adorno-preises-in-der-frankfurter-paulskirche\/","url":"https:\/\/bpk-archive.de\/tuellmann\/produkt\/juergen-habermas-bei-der-verleihung-des-theodor-w-adorno-preises-in-der-frankfurter-paulskirche\/","name":"J\u00fcrgen Habermas bei der Verleihung des Theodor-W.-Adorno-Preises in der Frankfurter Paulskirche - Abisag T\u00fcllmann","isPartOf":{"@id":"https:\/\/bpk-archive.de\/tuellmann\/#website"},"primaryImageOfPage":{"@id":"https:\/\/bpk-archive.de\/tuellmann\/produkt\/juergen-habermas-bei-der-verleihung-des-theodor-w-adorno-preises-in-der-frankfurter-paulskirche\/#primaryimage"},"image":{"@id":"https:\/\/bpk-archive.de\/tuellmann\/produkt\/juergen-habermas-bei-der-verleihung-des-theodor-w-adorno-preises-in-der-frankfurter-paulskirche\/#primaryimage"},"thumbnailUrl":"https:\/\/bpk-archive.de\/tuellmann\/wp-content\/uploads\/2019\/08\/bpk_70242601.jpg","datePublished":"2019-09-05T14:24:05+00:00","dateModified":"2020-08-11T14:34:59+00:00","breadcrumb":{"@id":"https:\/\/bpk-archive.de\/tuellmann\/produkt\/juergen-habermas-bei-der-verleihung-des-theodor-w-adorno-preises-in-der-frankfurter-paulskirche\/#breadcrumb"},"inLanguage":"de","potentialAction":[{"@type":"ReadAction","target":["https:\/\/bpk-archive.de\/tuellmann\/produkt\/juergen-habermas-bei-der-verleihung-des-theodor-w-adorno-preises-in-der-frankfurter-paulskirche\/"]}]},{"@type":"ImageObject","inLanguage":"de","@id":"https:\/\/bpk-archive.de\/tuellmann\/produkt\/juergen-habermas-bei-der-verleihung-des-theodor-w-adorno-preises-in-der-frankfurter-paulskirche\/#primaryimage","url":"https:\/\/bpk-archive.de\/tuellmann\/wp-content\/uploads\/2019\/08\/bpk_70242601.jpg","contentUrl":"https:\/\/bpk-archive.de\/tuellmann\/wp-content\/uploads\/2019\/08\/bpk_70242601.jpg","width":1200,"height":927,"caption":"J\u00fcrgen Habermas bei der Verleihung des Theodor-W.-Adorno-Preises in der Frankfurter Paulskirche"},{"@type":"BreadcrumbList","@id":"https:\/\/bpk-archive.de\/tuellmann\/produkt\/juergen-habermas-bei-der-verleihung-des-theodor-w-adorno-preises-in-der-frankfurter-paulskirche\/#breadcrumb","itemListElement":[{"@type":"ListItem","position":1,"name":"Startseite","item":"https:\/\/bpk-archive.de\/tuellmann\/"},{"@type":"ListItem","position":2,"name":"Shop","item":"https:\/\/bpk-archive.de\/tuellmann\/shop\/"},{"@type":"ListItem","position":3,"name":"J\u00fcrgen Habermas bei der Verleihung des Theodor-W.-Adorno-Preises in der Frankfurter Paulskirche"}]},{"@type":"WebSite","@id":"https:\/\/bpk-archive.de\/tuellmann\/#website","url":"https:\/\/bpk-archive.de\/tuellmann\/","name":"Abisag T\u00fcllmann","description":"Eine weitere WordPress-Website","potentialAction":[{"@type":"SearchAction","target":{"@type":"EntryPoint","urlTemplate":"https:\/\/bpk-archive.de\/tuellmann\/?s={search_term_string}"},"query-input":{"@type":"PropertyValueSpecification","valueRequired":true,"valueName":"search_term_string"}}],"inLanguage":"de"}]}},"_links":{"self":[{"href":"https:\/\/bpk-archive.de\/tuellmann\/wp-json\/wp\/v2\/product\/70297303","targetHints":{"allow":["GET"]}}],"collection":[{"href":"https:\/\/bpk-archive.de\/tuellmann\/wp-json\/wp\/v2\/product"}],"about":[{"href":"https:\/\/bpk-archive.de\/tuellmann\/wp-json\/wp\/v2\/types\/product"}],"wp:featuredmedia":[{"embeddable":true,"href":"https:\/\/bpk-archive.de\/tuellmann\/wp-json\/wp\/v2\/media\/70291959"}],"wp:attachment":[{"href":"https:\/\/bpk-archive.de\/tuellmann\/wp-json\/wp\/v2\/media?parent=70297303"}],"wp:term":[{"taxonomy":"product_brand","embeddable":true,"href":"https:\/\/bpk-archive.de\/tuellmann\/wp-json\/wp\/v2\/product_brand?post=70297303"},{"taxonomy":"product_cat","embeddable":true,"href":"https:\/\/bpk-archive.de\/tuellmann\/wp-json\/wp\/v2\/product_cat?post=70297303"},{"taxonomy":"product_tag","embeddable":true,"href":"https:\/\/bpk-archive.de\/tuellmann\/wp-json\/wp\/v2\/product_tag?post=70297303"}],"curies":[{"name":"wp","href":"https:\/\/api.w.org\/{rel}","templated":true}]}}