{"id":70297296,"date":"2019-09-05T16:23:48","date_gmt":"2019-09-05T14:23:48","guid":{"rendered":"http:\/\/abisagtuellmann.bpk-news.de\/atbild\/zuhoerer-beim-literaturforum\/"},"modified":"2020-08-11T16:35:05","modified_gmt":"2020-08-11T14:35:05","slug":"zuhoerer-beim-literaturforum","status":"publish","type":"product","link":"https:\/\/bpk-archive.de\/tuellmann\/produkt\/zuhoerer-beim-literaturforum\/","title":{"rendered":"Zuh\u00f6rer beim Literaturforum"},"content":{"rendered":"<p>R\u00fcckseitenbeschriftung von anderer Hand: &#8222;Literaturforum 1967&#8220;<\/p>\n","protected":false},"excerpt":{"rendered":"<p>R\u00fcckseitenbeschriftung von anderer Hand: &#8222;Literaturforum 1967&#8220;<\/p>\n","protected":false},"featured_media":70292107,"template":"","meta":[],"product_brand":[],"product_cat":[73385],"product_tag":[13774,13232,49666,13234,49667,13231,13233,13775,62469,13777,63098,13784,13785,13469,13470,13253,13254,13255,13256,13257,13471,13472,13473,58631,58632,13293,13786,13787,13294,13295,13296,13297,47267,13485,13486,13482,13481,13483,13484,13487,13488,13492,13493,13494,13495,13496,13497,13498,13812,13813,13814,13815,13816,50152,50153,50154,50155,50156,50157,50158,56428,56463,63432,63387,63388,63389,49309,13818,13819,13826,50159,49315,49316,49317,49318,49319,49320,49321,49322,49323,49324,50160,14007,14008,14009,13328,13827,13828,13329,13330,13331,13332,47332,13829,13830,13831,13832,13833,13834,13835,13836,13837,13838,13839,13840,13841,13842,53482,53803,53483,53484,53804,53485,13843,51807,51808,47333,47334,47335,47336,47337,13877,13879,13865,13864,13866,13858,13859,13860,13861,13862,13863,13867,13869,13870,13871,13872,13878,13880,13375,13376,13525,49008,49009,49010,49011,49012,49013,49014,51812,51813,49015,49016,51814,51817,51818],"class_list":{"0":"post-70297296","1":"product","2":"type-product","3":"status-publish","4":"has-post-thumbnail","6":"product_cat-literatur-wissenschaft","7":"product_tag-1960er-jahre","8":"product_tag-20-jahrhundert-nach-chr","9":"product_tag-20-jahrhundert-vor-chr","10":"product_tag-20-jh-n-chr","11":"product_tag-20-jh-v-chr","12":"product_tag-20-jahrhundert","13":"product_tag-20-jh","14":"product_tag-60er","15":"product_tag-abt_006","16":"product_tag-abzug","17":"product_tag-at_literatur-wissenschaft","18":"product_tag-bildnis","19":"product_tag-bildnisse","20":"product_tag-brd","21":"product_tag-bundesrepublik-deutschland","22":"product_tag-deutsch","23":"product_tag-deutsche","24":"product_tag-deutschen","25":"product_tag-deutscher","26":"product_tag-deutsches","27":"product_tag-deutschland","28":"product_tag-deutschlands","29":"product_tag-drinnen","30":"product_tag-festival","31":"product_tag-festivals","32":"product_tag-foto","33":"product_tag-fotoabzug","34":"product_tag-fotoabzuege","35":"product_tag-fotografie","36":"product_tag-fotografien","37":"product_tag-fotografin","38":"product_tag-fotografinnen","39":"product_tag-fotoreportage","40":"product_tag-frankfurt-m","41":"product_tag-frankfurt-main","42":"product_tag-frankfurt-a-main","43":"product_tag-frankfurt-a-m","44":"product_tag-frankfurt-am-main","45":"product_tag-frankfurter","46":"product_tag-frau","47":"product_tag-frauen","48":"product_tag-hessen","49":"product_tag-hessisch","50":"product_tag-hessische","51":"product_tag-hessischen","52":"product_tag-hessischer","53":"product_tag-hessisches","54":"product_tag-innen","55":"product_tag-jung","56":"product_tag-junge","57":"product_tag-jungen","58":"product_tag-junger","59":"product_tag-junges","60":"product_tag-konzentiertes","61":"product_tag-konzentration","62":"product_tag-konzentrieren","63":"product_tag-konzentriert","64":"product_tag-konzentrierte","65":"product_tag-konzentrierten","66":"product_tag-konzentrierter","67":"product_tag-kultur","68":"product_tag-kulturbetrieb","69":"product_tag-kulturen","70":"product_tag-kulturgeschichte","71":"product_tag-lesung","72":"product_tag-lesungen","73":"product_tag-literatur","74":"product_tag-mann","75":"product_tag-maenner","76":"product_tag-mannes","77":"product_tag-nachdenken","78":"product_tag-nachdenkend","79":"product_tag-nachdenkende","80":"product_tag-nachdenkenden","81":"product_tag-nachdenkender","82":"product_tag-nachdenkendes","83":"product_tag-nachdenklich","84":"product_tag-nachdenkliche","85":"product_tag-nachdenklichen","86":"product_tag-nachdenklicher","87":"product_tag-nachdenkliches","88":"product_tag-nachdenklichkeit","89":"product_tag-paar","90":"product_tag-paare","91":"product_tag-paerchen","92":"product_tag-photo","93":"product_tag-photoabzug","94":"product_tag-photoabzuege","95":"product_tag-photographie","96":"product_tag-photographien","97":"product_tag-photographin","98":"product_tag-photographinnen","99":"product_tag-photoreportage","100":"product_tag-portrait","101":"product_tag-portraitaufnahme","102":"product_tag-portraitfoto","103":"product_tag-portraitfotografie","104":"product_tag-portraitphoto","105":"product_tag-portraitphotographie","106":"product_tag-portraits","107":"product_tag-portraet","108":"product_tag-portraetaufnahme","109":"product_tag-portraetfoto","110":"product_tag-portraetfotografie","111":"product_tag-portraetphoto","112":"product_tag-portraetphotographie","113":"product_tag-portraets","114":"product_tag-pressefoto","115":"product_tag-pressefotografie","116":"product_tag-pressefotos","117":"product_tag-pressephoto","118":"product_tag-pressephotographie","119":"product_tag-pressephotos","120":"product_tag-print","121":"product_tag-publikum","122":"product_tag-publikums","123":"product_tag-reportage","124":"product_tag-reportagefoto","125":"product_tag-reportagefotografie","126":"product_tag-reportagephoto","127":"product_tag-reportagephotographie","128":"product_tag-s-w-fotografie","129":"product_tag-s-w-photographie","130":"product_tag-schwarzweissphotographie","131":"product_tag-schwarz-weiss-fotografie","132":"product_tag-schwarz-weiss-photographie","133":"product_tag-schwarzweiss","134":"product_tag-schwarzweisse","135":"product_tag-schwarzweissen","136":"product_tag-schwarzweisser","137":"product_tag-schwarzweisses","138":"product_tag-schwarzweissfotografie","139":"product_tag-sechziger","140":"product_tag-silbergelatine","141":"product_tag-silbergelatineabzug","142":"product_tag-silbergelatineabzuege","143":"product_tag-silbergelatineprint","144":"product_tag-sw-fotografie","145":"product_tag-sw-photographie","146":"product_tag-veranstaltung","147":"product_tag-veranstaltungen","148":"product_tag-von-innen","149":"product_tag-zuhoeren","150":"product_tag-zuhoerend","151":"product_tag-zuhoerende","152":"product_tag-zuhoerenden","153":"product_tag-zuhoerender","154":"product_tag-zuhoerendes","155":"product_tag-zuhoerer","156":"product_tag-zuhoererin","157":"product_tag-zuhoererinnen","158":"product_tag-zuhoerern","159":"product_tag-zuhoerers","160":"product_tag-zuschauer","161":"product_tag-zuschauern","162":"product_tag-zuschauers","163":"pa_datierung-november-1967","164":"pa_fotograf-abisag-tuellmann","165":"pa_geografischer_bezug-aufnahmeort-frankfurt-am-main-deutschland","166":"pa_grunddaten_material_technik-foto-silbergelatine-auf-barytpapier","167":"pa_jahr_von-53582","168":"pa_massangaben-bildformat-foto-233-x-297-cm","169":"pa_mediennummer-67924","170":"pa_objekt_typ-fotografie","172":"first","173":"instock","174":"product-type-simple"},"yoast_head":"<!-- This site is optimized with the Yoast SEO plugin v27.4 - https:\/\/yoast.com\/product\/yoast-seo-wordpress\/ -->\n<title>Zuh\u00f6rer beim Literaturforum - Abisag T\u00fcllmann<\/title>\n<meta name=\"robots\" content=\"index, follow, max-snippet:-1, max-image-preview:large, max-video-preview:-1\" \/>\n<link rel=\"canonical\" href=\"https:\/\/bpk-archive.de\/tuellmann\/produkt\/zuhoerer-beim-literaturforum\/\" \/>\n<meta property=\"og:locale\" content=\"de_DE\" \/>\n<meta property=\"og:type\" content=\"article\" \/>\n<meta property=\"og:title\" content=\"Zuh\u00f6rer beim Literaturforum - Abisag T\u00fcllmann\" \/>\n<meta property=\"og:description\" content=\"R\u00fcckseitenbeschriftung von anderer Hand: &#8222;Literaturforum 1967&#8220;\" \/>\n<meta property=\"og:url\" content=\"https:\/\/bpk-archive.de\/tuellmann\/produkt\/zuhoerer-beim-literaturforum\/\" \/>\n<meta property=\"og:site_name\" content=\"Abisag T\u00fcllmann\" \/>\n<meta property=\"article:modified_time\" content=\"2020-08-11T14:35:05+00:00\" \/>\n<meta property=\"og:image\" content=\"https:\/\/bpk-archive.de\/tuellmann\/wp-content\/uploads\/2019\/08\/bpk_70242651.jpg\" \/>\n\t<meta property=\"og:image:width\" content=\"1200\" \/>\n\t<meta property=\"og:image:height\" content=\"957\" \/>\n\t<meta property=\"og:image:type\" content=\"image\/jpeg\" \/>\n<meta name=\"twitter:card\" content=\"summary_large_image\" \/>\n<script type=\"application\/ld+json\" class=\"yoast-schema-graph\">{\"@context\":\"https:\\\/\\\/schema.org\",\"@graph\":[{\"@type\":\"WebPage\",\"@id\":\"https:\\\/\\\/bpk-archive.de\\\/tuellmann\\\/produkt\\\/zuhoerer-beim-literaturforum\\\/\",\"url\":\"https:\\\/\\\/bpk-archive.de\\\/tuellmann\\\/produkt\\\/zuhoerer-beim-literaturforum\\\/\",\"name\":\"Zuh\u00f6rer beim Literaturforum - Abisag T\u00fcllmann\",\"isPartOf\":{\"@id\":\"https:\\\/\\\/bpk-archive.de\\\/tuellmann\\\/#website\"},\"primaryImageOfPage\":{\"@id\":\"https:\\\/\\\/bpk-archive.de\\\/tuellmann\\\/produkt\\\/zuhoerer-beim-literaturforum\\\/#primaryimage\"},\"image\":{\"@id\":\"https:\\\/\\\/bpk-archive.de\\\/tuellmann\\\/produkt\\\/zuhoerer-beim-literaturforum\\\/#primaryimage\"},\"thumbnailUrl\":\"https:\\\/\\\/bpk-archive.de\\\/tuellmann\\\/wp-content\\\/uploads\\\/2019\\\/08\\\/bpk_70242651.jpg\",\"datePublished\":\"2019-09-05T14:23:48+00:00\",\"dateModified\":\"2020-08-11T14:35:05+00:00\",\"breadcrumb\":{\"@id\":\"https:\\\/\\\/bpk-archive.de\\\/tuellmann\\\/produkt\\\/zuhoerer-beim-literaturforum\\\/#breadcrumb\"},\"inLanguage\":\"de\",\"potentialAction\":[{\"@type\":\"ReadAction\",\"target\":[\"https:\\\/\\\/bpk-archive.de\\\/tuellmann\\\/produkt\\\/zuhoerer-beim-literaturforum\\\/\"]}]},{\"@type\":\"ImageObject\",\"inLanguage\":\"de\",\"@id\":\"https:\\\/\\\/bpk-archive.de\\\/tuellmann\\\/produkt\\\/zuhoerer-beim-literaturforum\\\/#primaryimage\",\"url\":\"https:\\\/\\\/bpk-archive.de\\\/tuellmann\\\/wp-content\\\/uploads\\\/2019\\\/08\\\/bpk_70242651.jpg\",\"contentUrl\":\"https:\\\/\\\/bpk-archive.de\\\/tuellmann\\\/wp-content\\\/uploads\\\/2019\\\/08\\\/bpk_70242651.jpg\",\"width\":1200,\"height\":957,\"caption\":\"Zuh\u00f6rer beim Literaturforum\"},{\"@type\":\"BreadcrumbList\",\"@id\":\"https:\\\/\\\/bpk-archive.de\\\/tuellmann\\\/produkt\\\/zuhoerer-beim-literaturforum\\\/#breadcrumb\",\"itemListElement\":[{\"@type\":\"ListItem\",\"position\":1,\"name\":\"Startseite\",\"item\":\"https:\\\/\\\/bpk-archive.de\\\/tuellmann\\\/\"},{\"@type\":\"ListItem\",\"position\":2,\"name\":\"Shop\",\"item\":\"https:\\\/\\\/bpk-archive.de\\\/tuellmann\\\/shop\\\/\"},{\"@type\":\"ListItem\",\"position\":3,\"name\":\"Zuh\u00f6rer beim Literaturforum\"}]},{\"@type\":\"WebSite\",\"@id\":\"https:\\\/\\\/bpk-archive.de\\\/tuellmann\\\/#website\",\"url\":\"https:\\\/\\\/bpk-archive.de\\\/tuellmann\\\/\",\"name\":\"Abisag T\u00fcllmann\",\"description\":\"Eine weitere WordPress-Website\",\"potentialAction\":[{\"@type\":\"SearchAction\",\"target\":{\"@type\":\"EntryPoint\",\"urlTemplate\":\"https:\\\/\\\/bpk-archive.de\\\/tuellmann\\\/?s={search_term_string}\"},\"query-input\":{\"@type\":\"PropertyValueSpecification\",\"valueRequired\":true,\"valueName\":\"search_term_string\"}}],\"inLanguage\":\"de\"}]}<\/script>\n<!-- \/ Yoast SEO plugin. -->","yoast_head_json":{"title":"Zuh\u00f6rer beim Literaturforum - Abisag T\u00fcllmann","robots":{"index":"index","follow":"follow","max-snippet":"max-snippet:-1","max-image-preview":"max-image-preview:large","max-video-preview":"max-video-preview:-1"},"canonical":"https:\/\/bpk-archive.de\/tuellmann\/produkt\/zuhoerer-beim-literaturforum\/","og_locale":"de_DE","og_type":"article","og_title":"Zuh\u00f6rer beim Literaturforum - Abisag T\u00fcllmann","og_description":"R\u00fcckseitenbeschriftung von anderer Hand: &#8222;Literaturforum 1967&#8220;","og_url":"https:\/\/bpk-archive.de\/tuellmann\/produkt\/zuhoerer-beim-literaturforum\/","og_site_name":"Abisag T\u00fcllmann","article_modified_time":"2020-08-11T14:35:05+00:00","og_image":[{"width":1200,"height":957,"url":"https:\/\/bpk-archive.de\/tuellmann\/wp-content\/uploads\/2019\/08\/bpk_70242651.jpg","type":"image\/jpeg"}],"twitter_card":"summary_large_image","schema":{"@context":"https:\/\/schema.org","@graph":[{"@type":"WebPage","@id":"https:\/\/bpk-archive.de\/tuellmann\/produkt\/zuhoerer-beim-literaturforum\/","url":"https:\/\/bpk-archive.de\/tuellmann\/produkt\/zuhoerer-beim-literaturforum\/","name":"Zuh\u00f6rer beim Literaturforum - Abisag T\u00fcllmann","isPartOf":{"@id":"https:\/\/bpk-archive.de\/tuellmann\/#website"},"primaryImageOfPage":{"@id":"https:\/\/bpk-archive.de\/tuellmann\/produkt\/zuhoerer-beim-literaturforum\/#primaryimage"},"image":{"@id":"https:\/\/bpk-archive.de\/tuellmann\/produkt\/zuhoerer-beim-literaturforum\/#primaryimage"},"thumbnailUrl":"https:\/\/bpk-archive.de\/tuellmann\/wp-content\/uploads\/2019\/08\/bpk_70242651.jpg","datePublished":"2019-09-05T14:23:48+00:00","dateModified":"2020-08-11T14:35:05+00:00","breadcrumb":{"@id":"https:\/\/bpk-archive.de\/tuellmann\/produkt\/zuhoerer-beim-literaturforum\/#breadcrumb"},"inLanguage":"de","potentialAction":[{"@type":"ReadAction","target":["https:\/\/bpk-archive.de\/tuellmann\/produkt\/zuhoerer-beim-literaturforum\/"]}]},{"@type":"ImageObject","inLanguage":"de","@id":"https:\/\/bpk-archive.de\/tuellmann\/produkt\/zuhoerer-beim-literaturforum\/#primaryimage","url":"https:\/\/bpk-archive.de\/tuellmann\/wp-content\/uploads\/2019\/08\/bpk_70242651.jpg","contentUrl":"https:\/\/bpk-archive.de\/tuellmann\/wp-content\/uploads\/2019\/08\/bpk_70242651.jpg","width":1200,"height":957,"caption":"Zuh\u00f6rer beim Literaturforum"},{"@type":"BreadcrumbList","@id":"https:\/\/bpk-archive.de\/tuellmann\/produkt\/zuhoerer-beim-literaturforum\/#breadcrumb","itemListElement":[{"@type":"ListItem","position":1,"name":"Startseite","item":"https:\/\/bpk-archive.de\/tuellmann\/"},{"@type":"ListItem","position":2,"name":"Shop","item":"https:\/\/bpk-archive.de\/tuellmann\/shop\/"},{"@type":"ListItem","position":3,"name":"Zuh\u00f6rer beim Literaturforum"}]},{"@type":"WebSite","@id":"https:\/\/bpk-archive.de\/tuellmann\/#website","url":"https:\/\/bpk-archive.de\/tuellmann\/","name":"Abisag T\u00fcllmann","description":"Eine weitere WordPress-Website","potentialAction":[{"@type":"SearchAction","target":{"@type":"EntryPoint","urlTemplate":"https:\/\/bpk-archive.de\/tuellmann\/?s={search_term_string}"},"query-input":{"@type":"PropertyValueSpecification","valueRequired":true,"valueName":"search_term_string"}}],"inLanguage":"de"}]}},"_links":{"self":[{"href":"https:\/\/bpk-archive.de\/tuellmann\/wp-json\/wp\/v2\/product\/70297296","targetHints":{"allow":["GET"]}}],"collection":[{"href":"https:\/\/bpk-archive.de\/tuellmann\/wp-json\/wp\/v2\/product"}],"about":[{"href":"https:\/\/bpk-archive.de\/tuellmann\/wp-json\/wp\/v2\/types\/product"}],"wp:featuredmedia":[{"embeddable":true,"href":"https:\/\/bpk-archive.de\/tuellmann\/wp-json\/wp\/v2\/media\/70292107"}],"wp:attachment":[{"href":"https:\/\/bpk-archive.de\/tuellmann\/wp-json\/wp\/v2\/media?parent=70297296"}],"wp:term":[{"taxonomy":"product_brand","embeddable":true,"href":"https:\/\/bpk-archive.de\/tuellmann\/wp-json\/wp\/v2\/product_brand?post=70297296"},{"taxonomy":"product_cat","embeddable":true,"href":"https:\/\/bpk-archive.de\/tuellmann\/wp-json\/wp\/v2\/product_cat?post=70297296"},{"taxonomy":"product_tag","embeddable":true,"href":"https:\/\/bpk-archive.de\/tuellmann\/wp-json\/wp\/v2\/product_tag?post=70297296"}],"curies":[{"name":"wp","href":"https:\/\/api.w.org\/{rel}","templated":true}]}}