{"id":70297280,"date":"2019-09-05T16:23:48","date_gmt":"2019-09-05T14:23:48","guid":{"rendered":"http:\/\/abisagtuellmann.bpk-news.de\/atbild\/der-oesterreichische-schriftsteller-thomas-bernhard\/"},"modified":"2019-09-05T16:23:51","modified_gmt":"2019-09-05T14:23:51","slug":"der-oesterreichische-schriftsteller-thomas-bernhard","status":"publish","type":"product","link":"https:\/\/bpk-archive.de\/tuellmann\/produkt\/der-oesterreichische-schriftsteller-thomas-bernhard\/","title":{"rendered":"Der \u00f6sterreichische Schriftsteller Thomas Bernhard"},"content":{"rendered":"<p>R\u00fcckseitenbeschriftung von anderer Hand: &#8222;Thomas Bernhard&#8220;<\/p>\n","protected":false},"excerpt":{"rendered":"<p>R\u00fcckseitenbeschriftung von anderer Hand: &#8222;Thomas Bernhard&#8220;<\/p>\n","protected":false},"featured_media":70291965,"template":"","meta":[],"product_brand":[],"product_cat":[],"product_tag":[67831,13230,13232,49666,13234,49667,13231,13233,13235,62469,13777,63098,52727,52728,52729,52730,52731,52732,67832,13784,13785,13469,13470,13253,13254,13255,13256,13257,13471,13472,13473,13293,13786,13787,13294,13295,13296,13297,47579,47580,47581,47582,48988,48989,48990,48991,48992,48993,48994,48995,48996,51628,50410,51629,13498,47589,47590,56428,14000,14001,14002,14003,14004,14005,14006,49309,51517,13818,13819,13820,13821,13822,13823,13824,13825,13826,67833,58649,58651,58652,58653,58654,58655,58656,58657,47899,47900,13328,13827,13828,13329,13330,13331,13332,13829,13830,13831,13832,13833,13834,13835,13836,13837,13838,13839,13840,13841,13842,13843,13877,13879,52738,52739,52740,52741,52742,13865,13864,13866,13858,13859,13860,13861,13862,13863,47701,13868,13354,13869,13870,13871,13872,14243,14244,14245,14246,14247,14248,14249,13878,13880,67834,13525,13882],"class_list":{"0":"post-70297280","1":"product","2":"type-product","3":"status-publish","4":"has-post-thumbnail","6":"product_tag-9-2-1931-12-2-1989","7":"product_tag-1970er-jahre","8":"product_tag-20-jahrhundert-nach-chr","9":"product_tag-20-jahrhundert-vor-chr","10":"product_tag-20-jh-n-chr","11":"product_tag-20-jh-v-chr","12":"product_tag-20-jahrhundert","13":"product_tag-20-jh","14":"product_tag-70er","15":"product_tag-abt_006","16":"product_tag-abzug","17":"product_tag-at_literatur-wissenschaft","18":"product_tag-autor","19":"product_tag-autoren","20":"product_tag-autorenportrait","21":"product_tag-autorenportraits","22":"product_tag-autorenportraet","23":"product_tag-autorenportraets","24":"product_tag-bernhard","25":"product_tag-bildnis","26":"product_tag-bildnisse","27":"product_tag-brd","28":"product_tag-bundesrepublik-deutschland","29":"product_tag-deutsch","30":"product_tag-deutsche","31":"product_tag-deutschen","32":"product_tag-deutscher","33":"product_tag-deutsches","34":"product_tag-deutschland","35":"product_tag-deutschlands","36":"product_tag-drinnen","37":"product_tag-foto","38":"product_tag-fotoabzug","39":"product_tag-fotoabzuege","40":"product_tag-fotografie","41":"product_tag-fotografien","42":"product_tag-fotografin","43":"product_tag-fotografinnen","44":"product_tag-gespraech","45":"product_tag-gespraeche","46":"product_tag-gespraeches","47":"product_tag-gespraechs","48":"product_tag-gestik","49":"product_tag-gestikulation","50":"product_tag-gestikulieren","51":"product_tag-gestikulierend","52":"product_tag-gestikulierende","53":"product_tag-gestikulierenden","54":"product_tag-gestikulierender","55":"product_tag-gestikulierendes","56":"product_tag-gestikuliert","57":"product_tag-hand","58":"product_tag-haende","59":"product_tag-haenden","60":"product_tag-innen","61":"product_tag-konversation","62":"product_tag-konversationen","63":"product_tag-kultur","64":"product_tag-laecheln","65":"product_tag-laechelnd","66":"product_tag-laechelnde","67":"product_tag-laechelnden","68":"product_tag-laechelnder","69":"product_tag-laechelndes","70":"product_tag-laechelt","71":"product_tag-literatur","72":"product_tag-literaturgeschichte","73":"product_tag-mann","74":"product_tag-maenner","75":"product_tag-maennerbildnis","76":"product_tag-maennerbildnisse","77":"product_tag-maennerportrait","78":"product_tag-maennerportraits","79":"product_tag-maennerportraet","80":"product_tag-maennerportraets","81":"product_tag-mannes","82":"product_tag-nicolas-thomas","83":"product_tag-oesterreich","84":"product_tag-oesterreichisch","85":"product_tag-oesterreichische","86":"product_tag-oesterreichischem","87":"product_tag-oesterreichischen","88":"product_tag-oesterreichischer","89":"product_tag-oesterreichisches","90":"product_tag-oesterreichs","91":"product_tag-persoenlichkeit","92":"product_tag-persoenlichkeiten","93":"product_tag-photo","94":"product_tag-photoabzug","95":"product_tag-photoabzuege","96":"product_tag-photographie","97":"product_tag-photographien","98":"product_tag-photographin","99":"product_tag-photographinnen","100":"product_tag-portrait","101":"product_tag-portraitaufnahme","102":"product_tag-portraitfoto","103":"product_tag-portraitfotografie","104":"product_tag-portraitphoto","105":"product_tag-portraitphotographie","106":"product_tag-portraits","107":"product_tag-portraet","108":"product_tag-portraetaufnahme","109":"product_tag-portraetfoto","110":"product_tag-portraetfotografie","111":"product_tag-portraetphoto","112":"product_tag-portraetphotographie","113":"product_tag-portraets","114":"product_tag-print","115":"product_tag-s-w-fotografie","116":"product_tag-s-w-photographie","117":"product_tag-schriftsteller","118":"product_tag-schriftstellerportrait","119":"product_tag-schriftstellerportraits","120":"product_tag-schriftstellerportraet","121":"product_tag-schriftstellerportraets","122":"product_tag-schwarzweissphotographie","123":"product_tag-schwarz-weiss-fotografie","124":"product_tag-schwarz-weiss-photographie","125":"product_tag-schwarzweiss","126":"product_tag-schwarzweisse","127":"product_tag-schwarzweissen","128":"product_tag-schwarzweisser","129":"product_tag-schwarzweisses","130":"product_tag-schwarzweissfotografie","131":"product_tag-seitenblick","132":"product_tag-seitlich","133":"product_tag-siebziger","134":"product_tag-silbergelatine","135":"product_tag-silbergelatineabzug","136":"product_tag-silbergelatineabzuege","137":"product_tag-silbergelatineprint","138":"product_tag-sitzen","139":"product_tag-sitzend","140":"product_tag-sitzende","141":"product_tag-sitzenden","142":"product_tag-sitzender","143":"product_tag-sitzendes","144":"product_tag-sitzt","145":"product_tag-sw-fotografie","146":"product_tag-sw-photographie","147":"product_tag-thomas","148":"product_tag-von-innen","149":"product_tag-zur-seite","150":"pa_datierung-august-1976","151":"pa_fotograf-abisag-tuellmann","152":"pa_geografischer_bezug-aufnahmeort-deutschland","153":"pa_grunddaten_material_technik-foto-silbergelatine-auf-barytpapier","154":"pa_inventarnummer-tue-76-166-28","155":"pa_jahr_von-54713","156":"pa_massangaben-bildformat-foto-305-x-234-cm","157":"pa_mediennummer-67828","158":"pa_objekt_typ-fotografie","160":"first","161":"instock","162":"product-type-simple"},"yoast_head":"<!-- This site is optimized with the Yoast SEO plugin v27.3 - https:\/\/yoast.com\/product\/yoast-seo-wordpress\/ -->\n<title>Der \u00f6sterreichische Schriftsteller Thomas Bernhard - Abisag T\u00fcllmann<\/title>\n<meta name=\"robots\" content=\"index, follow, max-snippet:-1, max-image-preview:large, max-video-preview:-1\" \/>\n<link rel=\"canonical\" href=\"https:\/\/bpk-archive.de\/tuellmann\/produkt\/der-oesterreichische-schriftsteller-thomas-bernhard\/\" \/>\n<meta property=\"og:locale\" content=\"de_DE\" \/>\n<meta property=\"og:type\" content=\"article\" \/>\n<meta property=\"og:title\" content=\"Der \u00f6sterreichische Schriftsteller Thomas Bernhard - Abisag T\u00fcllmann\" \/>\n<meta property=\"og:description\" content=\"R\u00fcckseitenbeschriftung von anderer Hand: &#8222;Thomas Bernhard&#8220;\" \/>\n<meta property=\"og:url\" content=\"https:\/\/bpk-archive.de\/tuellmann\/produkt\/der-oesterreichische-schriftsteller-thomas-bernhard\/\" \/>\n<meta property=\"og:site_name\" content=\"Abisag T\u00fcllmann\" \/>\n<meta property=\"article:modified_time\" content=\"2019-09-05T14:23:51+00:00\" \/>\n<meta property=\"og:image\" content=\"https:\/\/bpk-archive.de\/tuellmann\/wp-content\/uploads\/2019\/08\/bpk_70242604.jpg\" \/>\n\t<meta property=\"og:image:width\" content=\"929\" \/>\n\t<meta property=\"og:image:height\" content=\"1200\" \/>\n\t<meta property=\"og:image:type\" content=\"image\/jpeg\" \/>\n<meta name=\"twitter:card\" content=\"summary_large_image\" \/>\n<script type=\"application\/ld+json\" class=\"yoast-schema-graph\">{\"@context\":\"https:\\\/\\\/schema.org\",\"@graph\":[{\"@type\":\"WebPage\",\"@id\":\"https:\\\/\\\/bpk-archive.de\\\/tuellmann\\\/produkt\\\/der-oesterreichische-schriftsteller-thomas-bernhard\\\/\",\"url\":\"https:\\\/\\\/bpk-archive.de\\\/tuellmann\\\/produkt\\\/der-oesterreichische-schriftsteller-thomas-bernhard\\\/\",\"name\":\"Der \u00f6sterreichische Schriftsteller Thomas Bernhard - Abisag T\u00fcllmann\",\"isPartOf\":{\"@id\":\"https:\\\/\\\/bpk-archive.de\\\/tuellmann\\\/#website\"},\"primaryImageOfPage\":{\"@id\":\"https:\\\/\\\/bpk-archive.de\\\/tuellmann\\\/produkt\\\/der-oesterreichische-schriftsteller-thomas-bernhard\\\/#primaryimage\"},\"image\":{\"@id\":\"https:\\\/\\\/bpk-archive.de\\\/tuellmann\\\/produkt\\\/der-oesterreichische-schriftsteller-thomas-bernhard\\\/#primaryimage\"},\"thumbnailUrl\":\"https:\\\/\\\/bpk-archive.de\\\/tuellmann\\\/wp-content\\\/uploads\\\/2019\\\/08\\\/bpk_70242604.jpg\",\"datePublished\":\"2019-09-05T14:23:48+00:00\",\"dateModified\":\"2019-09-05T14:23:51+00:00\",\"breadcrumb\":{\"@id\":\"https:\\\/\\\/bpk-archive.de\\\/tuellmann\\\/produkt\\\/der-oesterreichische-schriftsteller-thomas-bernhard\\\/#breadcrumb\"},\"inLanguage\":\"de\",\"potentialAction\":[{\"@type\":\"ReadAction\",\"target\":[\"https:\\\/\\\/bpk-archive.de\\\/tuellmann\\\/produkt\\\/der-oesterreichische-schriftsteller-thomas-bernhard\\\/\"]}]},{\"@type\":\"ImageObject\",\"inLanguage\":\"de\",\"@id\":\"https:\\\/\\\/bpk-archive.de\\\/tuellmann\\\/produkt\\\/der-oesterreichische-schriftsteller-thomas-bernhard\\\/#primaryimage\",\"url\":\"https:\\\/\\\/bpk-archive.de\\\/tuellmann\\\/wp-content\\\/uploads\\\/2019\\\/08\\\/bpk_70242604.jpg\",\"contentUrl\":\"https:\\\/\\\/bpk-archive.de\\\/tuellmann\\\/wp-content\\\/uploads\\\/2019\\\/08\\\/bpk_70242604.jpg\",\"width\":929,\"height\":1200,\"caption\":\"Der \u00f6sterreichische Schriftsteller Thomas Bernhard\"},{\"@type\":\"BreadcrumbList\",\"@id\":\"https:\\\/\\\/bpk-archive.de\\\/tuellmann\\\/produkt\\\/der-oesterreichische-schriftsteller-thomas-bernhard\\\/#breadcrumb\",\"itemListElement\":[{\"@type\":\"ListItem\",\"position\":1,\"name\":\"Startseite\",\"item\":\"https:\\\/\\\/bpk-archive.de\\\/tuellmann\\\/\"},{\"@type\":\"ListItem\",\"position\":2,\"name\":\"Shop\",\"item\":\"https:\\\/\\\/bpk-archive.de\\\/tuellmann\\\/shop\\\/\"},{\"@type\":\"ListItem\",\"position\":3,\"name\":\"Der \u00f6sterreichische Schriftsteller Thomas Bernhard\"}]},{\"@type\":\"WebSite\",\"@id\":\"https:\\\/\\\/bpk-archive.de\\\/tuellmann\\\/#website\",\"url\":\"https:\\\/\\\/bpk-archive.de\\\/tuellmann\\\/\",\"name\":\"Abisag T\u00fcllmann\",\"description\":\"Eine weitere WordPress-Website\",\"potentialAction\":[{\"@type\":\"SearchAction\",\"target\":{\"@type\":\"EntryPoint\",\"urlTemplate\":\"https:\\\/\\\/bpk-archive.de\\\/tuellmann\\\/?s={search_term_string}\"},\"query-input\":{\"@type\":\"PropertyValueSpecification\",\"valueRequired\":true,\"valueName\":\"search_term_string\"}}],\"inLanguage\":\"de\"}]}<\/script>\n<!-- \/ Yoast SEO plugin. -->","yoast_head_json":{"title":"Der \u00f6sterreichische Schriftsteller Thomas Bernhard - Abisag T\u00fcllmann","robots":{"index":"index","follow":"follow","max-snippet":"max-snippet:-1","max-image-preview":"max-image-preview:large","max-video-preview":"max-video-preview:-1"},"canonical":"https:\/\/bpk-archive.de\/tuellmann\/produkt\/der-oesterreichische-schriftsteller-thomas-bernhard\/","og_locale":"de_DE","og_type":"article","og_title":"Der \u00f6sterreichische Schriftsteller Thomas Bernhard - Abisag T\u00fcllmann","og_description":"R\u00fcckseitenbeschriftung von anderer Hand: &#8222;Thomas Bernhard&#8220;","og_url":"https:\/\/bpk-archive.de\/tuellmann\/produkt\/der-oesterreichische-schriftsteller-thomas-bernhard\/","og_site_name":"Abisag T\u00fcllmann","article_modified_time":"2019-09-05T14:23:51+00:00","og_image":[{"width":929,"height":1200,"url":"https:\/\/bpk-archive.de\/tuellmann\/wp-content\/uploads\/2019\/08\/bpk_70242604.jpg","type":"image\/jpeg"}],"twitter_card":"summary_large_image","schema":{"@context":"https:\/\/schema.org","@graph":[{"@type":"WebPage","@id":"https:\/\/bpk-archive.de\/tuellmann\/produkt\/der-oesterreichische-schriftsteller-thomas-bernhard\/","url":"https:\/\/bpk-archive.de\/tuellmann\/produkt\/der-oesterreichische-schriftsteller-thomas-bernhard\/","name":"Der \u00f6sterreichische Schriftsteller Thomas Bernhard - Abisag T\u00fcllmann","isPartOf":{"@id":"https:\/\/bpk-archive.de\/tuellmann\/#website"},"primaryImageOfPage":{"@id":"https:\/\/bpk-archive.de\/tuellmann\/produkt\/der-oesterreichische-schriftsteller-thomas-bernhard\/#primaryimage"},"image":{"@id":"https:\/\/bpk-archive.de\/tuellmann\/produkt\/der-oesterreichische-schriftsteller-thomas-bernhard\/#primaryimage"},"thumbnailUrl":"https:\/\/bpk-archive.de\/tuellmann\/wp-content\/uploads\/2019\/08\/bpk_70242604.jpg","datePublished":"2019-09-05T14:23:48+00:00","dateModified":"2019-09-05T14:23:51+00:00","breadcrumb":{"@id":"https:\/\/bpk-archive.de\/tuellmann\/produkt\/der-oesterreichische-schriftsteller-thomas-bernhard\/#breadcrumb"},"inLanguage":"de","potentialAction":[{"@type":"ReadAction","target":["https:\/\/bpk-archive.de\/tuellmann\/produkt\/der-oesterreichische-schriftsteller-thomas-bernhard\/"]}]},{"@type":"ImageObject","inLanguage":"de","@id":"https:\/\/bpk-archive.de\/tuellmann\/produkt\/der-oesterreichische-schriftsteller-thomas-bernhard\/#primaryimage","url":"https:\/\/bpk-archive.de\/tuellmann\/wp-content\/uploads\/2019\/08\/bpk_70242604.jpg","contentUrl":"https:\/\/bpk-archive.de\/tuellmann\/wp-content\/uploads\/2019\/08\/bpk_70242604.jpg","width":929,"height":1200,"caption":"Der \u00f6sterreichische Schriftsteller Thomas Bernhard"},{"@type":"BreadcrumbList","@id":"https:\/\/bpk-archive.de\/tuellmann\/produkt\/der-oesterreichische-schriftsteller-thomas-bernhard\/#breadcrumb","itemListElement":[{"@type":"ListItem","position":1,"name":"Startseite","item":"https:\/\/bpk-archive.de\/tuellmann\/"},{"@type":"ListItem","position":2,"name":"Shop","item":"https:\/\/bpk-archive.de\/tuellmann\/shop\/"},{"@type":"ListItem","position":3,"name":"Der \u00f6sterreichische Schriftsteller Thomas Bernhard"}]},{"@type":"WebSite","@id":"https:\/\/bpk-archive.de\/tuellmann\/#website","url":"https:\/\/bpk-archive.de\/tuellmann\/","name":"Abisag T\u00fcllmann","description":"Eine weitere WordPress-Website","potentialAction":[{"@type":"SearchAction","target":{"@type":"EntryPoint","urlTemplate":"https:\/\/bpk-archive.de\/tuellmann\/?s={search_term_string}"},"query-input":{"@type":"PropertyValueSpecification","valueRequired":true,"valueName":"search_term_string"}}],"inLanguage":"de"}]}},"_links":{"self":[{"href":"https:\/\/bpk-archive.de\/tuellmann\/wp-json\/wp\/v2\/product\/70297280","targetHints":{"allow":["GET"]}}],"collection":[{"href":"https:\/\/bpk-archive.de\/tuellmann\/wp-json\/wp\/v2\/product"}],"about":[{"href":"https:\/\/bpk-archive.de\/tuellmann\/wp-json\/wp\/v2\/types\/product"}],"wp:featuredmedia":[{"embeddable":true,"href":"https:\/\/bpk-archive.de\/tuellmann\/wp-json\/wp\/v2\/media\/70291965"}],"wp:attachment":[{"href":"https:\/\/bpk-archive.de\/tuellmann\/wp-json\/wp\/v2\/media?parent=70297280"}],"wp:term":[{"taxonomy":"product_brand","embeddable":true,"href":"https:\/\/bpk-archive.de\/tuellmann\/wp-json\/wp\/v2\/product_brand?post=70297280"},{"taxonomy":"product_cat","embeddable":true,"href":"https:\/\/bpk-archive.de\/tuellmann\/wp-json\/wp\/v2\/product_cat?post=70297280"},{"taxonomy":"product_tag","embeddable":true,"href":"https:\/\/bpk-archive.de\/tuellmann\/wp-json\/wp\/v2\/product_tag?post=70297280"}],"curies":[{"name":"wp","href":"https:\/\/api.w.org\/{rel}","templated":true}]}}