{"id":70297261,"date":"2019-09-05T16:23:30","date_gmt":"2019-09-05T14:23:30","guid":{"rendered":"http:\/\/abisagtuellmann.bpk-news.de\/atbild\/rhodesien-polizei-auf-einem-fussballplatz-in-highfield-dem-african-township-von-salisbury\/"},"modified":"2020-08-12T10:12:29","modified_gmt":"2020-08-12T08:12:29","slug":"rhodesien-polizei-auf-einem-fussballplatz-in-highfield-dem-african-township-von-salisbury","status":"publish","type":"product","link":"https:\/\/bpk-archive.de\/tuellmann\/produkt\/rhodesien-polizei-auf-einem-fussballplatz-in-highfield-dem-african-township-von-salisbury\/","title":{"rendered":"Rhodesien: Polizei auf einem Fu\u00dfballplatz in Highfield, dem &#8222;african township&#8220; von Salisbury"},"content":{"rendered":"<p>R\u00fcckseitenbeschriftung von Hand der Fotografin: &#8222;Rhodesien: Polizei auf einem Fu\u00dfballplatz in Highfield, dem &#8218;african township&#8216; von Salisbury&#8220;<\/p>\n","protected":false},"excerpt":{"rendered":"<p>R\u00fcckseitenbeschriftung von Hand der Fotografin: &#8222;Rhodesien: Polizei auf einem Fu\u00dfballplatz in Highfield, dem &#8218;african township&#8216; von Salisbury&#8220;<\/p>\n","protected":false},"featured_media":70292388,"template":"","meta":[],"product_brand":[],"product_cat":[73394],"product_tag":[13230,13232,13234,13231,13233,13235,62055,13777,13236,13237,13240,13241,13242,13243,13244,13245,48420,14173,13250,61567,61568,61569,61570,61571,61572,61573,13253,13254,13255,13256,13257,51294,51295,13260,13261,51296,14185,13268,13269,13270,13271,13293,13786,13787,13294,13295,13296,13297,57373,57374,57772,57773,57774,13301,13818,13819,13826,51308,51309,13319,13320,13321,13322,13323,13328,13827,13828,13329,13330,13331,13332,48496,48497,48498,13843,51807,51808,14238,14239,14240,56605,56607,56608,13877,13879,13865,13864,13866,13351,13352,13353,13858,13859,13860,13861,13862,13863,13868,47608,13354,48160,48161,13869,13870,13871,13872,14241,14242,56611,56612,56613,56614,56615,48423,48424,48679,48680,48681,13519,13520,13521,13522,13523,13524,13363,13364,13365,13366,13367,13368,13369,13878,13880,56281,56282,13370,13371,64885,64886,56623,56624,56625,56626,56627,56628,48431,48432,47617,47969,51322,14254,13882,51814,51817,51818,47359],"class_list":{"0":"post-70297261","1":"product","2":"type-product","3":"status-publish","4":"has-post-thumbnail","6":"product_cat-simbabwe","7":"product_tag-1970er-jahre","8":"product_tag-20-jahrhundert-nach-chr","9":"product_tag-20-jh-n-chr","10":"product_tag-20-jahrhundert","11":"product_tag-20-jh","12":"product_tag-70er","13":"product_tag-abt_025","14":"product_tag-abzug","15":"product_tag-afrika","16":"product_tag-afrikaner","17":"product_tag-afrikanisch","18":"product_tag-afrikanische","19":"product_tag-afrikanischen","20":"product_tag-afrikanischer","21":"product_tag-afrikanisches","22":"product_tag-afrikas","23":"product_tag-armenviertel","24":"product_tag-at_rhodesien","25":"product_tag-aussen","26":"product_tag-beobachten","27":"product_tag-beobachtend","28":"product_tag-beobachtende","29":"product_tag-beobachtenden","30":"product_tag-beobachtender","31":"product_tag-beobachtendes","32":"product_tag-beobachtet","33":"product_tag-deutsch","34":"product_tag-deutsche","35":"product_tag-deutschen","36":"product_tag-deutscher","37":"product_tag-deutsches","38":"product_tag-drahtzaun","39":"product_tag-drahtzaeune","40":"product_tag-draussen","41":"product_tag-dunkelhaeutiger","42":"product_tag-einzaeunung","43":"product_tag-elendsviertel","44":"product_tag-farbige","45":"product_tag-farbigen","46":"product_tag-farbiger","47":"product_tag-farbiges","48":"product_tag-foto","49":"product_tag-fotoabzug","50":"product_tag-fotoabzuege","51":"product_tag-fotografie","52":"product_tag-fotografien","53":"product_tag-fotografin","54":"product_tag-fotografinnen","55":"product_tag-fussballfan","56":"product_tag-fussballfans","57":"product_tag-fussballplatz","58":"product_tag-fussballplaetze","59":"product_tag-fussballplatzes","60":"product_tag-im-freien","61":"product_tag-mann","62":"product_tag-maenner","63":"product_tag-mannes","64":"product_tag-maschendrahtzaun","65":"product_tag-maschendrahtzaeune","66":"product_tag-menschenansammlung","67":"product_tag-menschenauflauf","68":"product_tag-menschenmassen","69":"product_tag-menschenmenge","70":"product_tag-menschenschar","71":"product_tag-photo","72":"product_tag-photoabzug","73":"product_tag-photoabzuege","74":"product_tag-photographie","75":"product_tag-photographien","76":"product_tag-photographin","77":"product_tag-photographinnen","78":"product_tag-polizei","79":"product_tag-polizist","80":"product_tag-polizisten","81":"product_tag-print","82":"product_tag-publikum","83":"product_tag-publikums","84":"product_tag-rhodesien","85":"product_tag-rhodesier","86":"product_tag-rhodesisch","87":"product_tag-rhodesische","88":"product_tag-rhodesischen","89":"product_tag-rhodesischer","90":"product_tag-s-w-fotografie","91":"product_tag-s-w-photographie","92":"product_tag-schwarzweissphotographie","93":"product_tag-schwarz-weiss-fotografie","94":"product_tag-schwarz-weiss-photographie","95":"product_tag-schwarze","96":"product_tag-schwarzen","97":"product_tag-schwarzer","98":"product_tag-schwarzweiss","99":"product_tag-schwarzweisse","100":"product_tag-schwarzweissen","101":"product_tag-schwarzweisser","102":"product_tag-schwarzweisses","103":"product_tag-schwarzweissfotografie","104":"product_tag-seitlich","105":"product_tag-sicherheit","106":"product_tag-siebziger","107":"product_tag-siedlung","108":"product_tag-siedlungen","109":"product_tag-silbergelatine","110":"product_tag-silbergelatineabzug","111":"product_tag-silbergelatineabzuege","112":"product_tag-silbergelatineprint","113":"product_tag-simbabwe","114":"product_tag-simbabwer","115":"product_tag-simbabwisch","116":"product_tag-simbabwische","117":"product_tag-simbabwischem","118":"product_tag-simbabwischen","119":"product_tag-simbabwischer","120":"product_tag-slum","121":"product_tag-slums","122":"product_tag-stadtteil","123":"product_tag-stadtteils","124":"product_tag-stadtviertel","125":"product_tag-stehen","126":"product_tag-stehend","127":"product_tag-stehende","128":"product_tag-stehenden","129":"product_tag-stehender","130":"product_tag-stehendes","131":"product_tag-suedafrika","132":"product_tag-suedafrikanisch","133":"product_tag-suedafrikanische","134":"product_tag-suedafrikanischen","135":"product_tag-suedafrikanischer","136":"product_tag-suedafrikanisches","137":"product_tag-suedafrikas","138":"product_tag-sw-fotografie","139":"product_tag-sw-photographie","140":"product_tag-township","141":"product_tag-townships","142":"product_tag-tribuene","143":"product_tag-tribuenen","144":"product_tag-viertel","145":"product_tag-viertels","146":"product_tag-weiss","147":"product_tag-weisse","148":"product_tag-weissem","149":"product_tag-weissen","150":"product_tag-weisser","151":"product_tag-weisses","152":"product_tag-wohnsiedlung","153":"product_tag-wohnsiedlungen","154":"product_tag-wohnviertel","155":"product_tag-zaun","156":"product_tag-zaeune","157":"product_tag-zimbabwe","158":"product_tag-zur-seite","159":"product_tag-zuschauer","160":"product_tag-zuschauern","161":"product_tag-zuschauers","162":"product_tag-zwei","163":"pa_datierung-september-1971","164":"pa_fotograf-abisag-tuellmann","165":"pa_geografischer_bezug-aufnahmeort-salisbury-harare-rhodesien-simbabwe","166":"pa_grunddaten_material_technik-foto-silbergelatine-auf-barytpapier","167":"pa_inventarnummer-tue-71-125-17","168":"pa_jahr_von-49516","169":"pa_massangaben-bildformat-foto-40-x-288-cm","170":"pa_mediennummer-67725","171":"pa_objekt_typ-fotografie","173":"first","174":"instock","175":"product-type-simple"},"yoast_head":"<!-- This site is optimized with the Yoast SEO plugin v27.4 - https:\/\/yoast.com\/product\/yoast-seo-wordpress\/ -->\n<title>Rhodesien: Polizei auf einem Fu\u00dfballplatz in Highfield, dem &quot;african township&quot; von Salisbury - Abisag T\u00fcllmann<\/title>\n<meta name=\"robots\" content=\"index, follow, max-snippet:-1, max-image-preview:large, max-video-preview:-1\" \/>\n<link rel=\"canonical\" href=\"https:\/\/bpk-archive.de\/tuellmann\/produkt\/rhodesien-polizei-auf-einem-fussballplatz-in-highfield-dem-african-township-von-salisbury\/\" \/>\n<meta property=\"og:locale\" content=\"de_DE\" \/>\n<meta property=\"og:type\" content=\"article\" \/>\n<meta property=\"og:title\" content=\"Rhodesien: Polizei auf einem Fu\u00dfballplatz in Highfield, dem &quot;african township&quot; von Salisbury - Abisag T\u00fcllmann\" \/>\n<meta property=\"og:description\" content=\"R\u00fcckseitenbeschriftung von Hand der Fotografin: &#8222;Rhodesien: Polizei auf einem Fu\u00dfballplatz in Highfield, dem &#8218;african township&#8216; von Salisbury&#8220;\" \/>\n<meta property=\"og:url\" content=\"https:\/\/bpk-archive.de\/tuellmann\/produkt\/rhodesien-polizei-auf-einem-fussballplatz-in-highfield-dem-african-township-von-salisbury\/\" \/>\n<meta property=\"og:site_name\" content=\"Abisag T\u00fcllmann\" \/>\n<meta property=\"article:modified_time\" content=\"2020-08-12T08:12:29+00:00\" \/>\n<meta property=\"og:image\" content=\"https:\/\/bpk-archive.de\/tuellmann\/wp-content\/uploads\/2019\/08\/bpk_70243021.jpg\" \/>\n\t<meta property=\"og:image:width\" content=\"876\" \/>\n\t<meta property=\"og:image:height\" content=\"1200\" \/>\n\t<meta property=\"og:image:type\" content=\"image\/jpeg\" \/>\n<meta name=\"twitter:card\" content=\"summary_large_image\" \/>\n<script type=\"application\/ld+json\" class=\"yoast-schema-graph\">{\"@context\":\"https:\\\/\\\/schema.org\",\"@graph\":[{\"@type\":\"WebPage\",\"@id\":\"https:\\\/\\\/bpk-archive.de\\\/tuellmann\\\/produkt\\\/rhodesien-polizei-auf-einem-fussballplatz-in-highfield-dem-african-township-von-salisbury\\\/\",\"url\":\"https:\\\/\\\/bpk-archive.de\\\/tuellmann\\\/produkt\\\/rhodesien-polizei-auf-einem-fussballplatz-in-highfield-dem-african-township-von-salisbury\\\/\",\"name\":\"Rhodesien: Polizei auf einem Fu\u00dfballplatz in Highfield, dem \\\"african township\\\" von Salisbury - Abisag T\u00fcllmann\",\"isPartOf\":{\"@id\":\"https:\\\/\\\/bpk-archive.de\\\/tuellmann\\\/#website\"},\"primaryImageOfPage\":{\"@id\":\"https:\\\/\\\/bpk-archive.de\\\/tuellmann\\\/produkt\\\/rhodesien-polizei-auf-einem-fussballplatz-in-highfield-dem-african-township-von-salisbury\\\/#primaryimage\"},\"image\":{\"@id\":\"https:\\\/\\\/bpk-archive.de\\\/tuellmann\\\/produkt\\\/rhodesien-polizei-auf-einem-fussballplatz-in-highfield-dem-african-township-von-salisbury\\\/#primaryimage\"},\"thumbnailUrl\":\"https:\\\/\\\/bpk-archive.de\\\/tuellmann\\\/wp-content\\\/uploads\\\/2019\\\/08\\\/bpk_70243021.jpg\",\"datePublished\":\"2019-09-05T14:23:30+00:00\",\"dateModified\":\"2020-08-12T08:12:29+00:00\",\"breadcrumb\":{\"@id\":\"https:\\\/\\\/bpk-archive.de\\\/tuellmann\\\/produkt\\\/rhodesien-polizei-auf-einem-fussballplatz-in-highfield-dem-african-township-von-salisbury\\\/#breadcrumb\"},\"inLanguage\":\"de\",\"potentialAction\":[{\"@type\":\"ReadAction\",\"target\":[\"https:\\\/\\\/bpk-archive.de\\\/tuellmann\\\/produkt\\\/rhodesien-polizei-auf-einem-fussballplatz-in-highfield-dem-african-township-von-salisbury\\\/\"]}]},{\"@type\":\"ImageObject\",\"inLanguage\":\"de\",\"@id\":\"https:\\\/\\\/bpk-archive.de\\\/tuellmann\\\/produkt\\\/rhodesien-polizei-auf-einem-fussballplatz-in-highfield-dem-african-township-von-salisbury\\\/#primaryimage\",\"url\":\"https:\\\/\\\/bpk-archive.de\\\/tuellmann\\\/wp-content\\\/uploads\\\/2019\\\/08\\\/bpk_70243021.jpg\",\"contentUrl\":\"https:\\\/\\\/bpk-archive.de\\\/tuellmann\\\/wp-content\\\/uploads\\\/2019\\\/08\\\/bpk_70243021.jpg\",\"width\":876,\"height\":1200,\"caption\":\"Rhodesien: Polizei auf einem Fu\u00dfballplatz in Highfield, dem \\\"african township\\\" von Salisbury\"},{\"@type\":\"BreadcrumbList\",\"@id\":\"https:\\\/\\\/bpk-archive.de\\\/tuellmann\\\/produkt\\\/rhodesien-polizei-auf-einem-fussballplatz-in-highfield-dem-african-township-von-salisbury\\\/#breadcrumb\",\"itemListElement\":[{\"@type\":\"ListItem\",\"position\":1,\"name\":\"Startseite\",\"item\":\"https:\\\/\\\/bpk-archive.de\\\/tuellmann\\\/\"},{\"@type\":\"ListItem\",\"position\":2,\"name\":\"Shop\",\"item\":\"https:\\\/\\\/bpk-archive.de\\\/tuellmann\\\/shop\\\/\"},{\"@type\":\"ListItem\",\"position\":3,\"name\":\"Rhodesien: Polizei auf einem Fu\u00dfballplatz in Highfield, dem &#8220;african township&#8221; von Salisbury\"}]},{\"@type\":\"WebSite\",\"@id\":\"https:\\\/\\\/bpk-archive.de\\\/tuellmann\\\/#website\",\"url\":\"https:\\\/\\\/bpk-archive.de\\\/tuellmann\\\/\",\"name\":\"Abisag T\u00fcllmann\",\"description\":\"Eine weitere WordPress-Website\",\"potentialAction\":[{\"@type\":\"SearchAction\",\"target\":{\"@type\":\"EntryPoint\",\"urlTemplate\":\"https:\\\/\\\/bpk-archive.de\\\/tuellmann\\\/?s={search_term_string}\"},\"query-input\":{\"@type\":\"PropertyValueSpecification\",\"valueRequired\":true,\"valueName\":\"search_term_string\"}}],\"inLanguage\":\"de\"}]}<\/script>\n<!-- \/ Yoast SEO plugin. -->","yoast_head_json":{"title":"Rhodesien: Polizei auf einem Fu\u00dfballplatz in Highfield, dem \"african township\" von Salisbury - Abisag T\u00fcllmann","robots":{"index":"index","follow":"follow","max-snippet":"max-snippet:-1","max-image-preview":"max-image-preview:large","max-video-preview":"max-video-preview:-1"},"canonical":"https:\/\/bpk-archive.de\/tuellmann\/produkt\/rhodesien-polizei-auf-einem-fussballplatz-in-highfield-dem-african-township-von-salisbury\/","og_locale":"de_DE","og_type":"article","og_title":"Rhodesien: Polizei auf einem Fu\u00dfballplatz in Highfield, dem \"african township\" von Salisbury - Abisag T\u00fcllmann","og_description":"R\u00fcckseitenbeschriftung von Hand der Fotografin: &#8222;Rhodesien: Polizei auf einem Fu\u00dfballplatz in Highfield, dem &#8218;african township&#8216; von Salisbury&#8220;","og_url":"https:\/\/bpk-archive.de\/tuellmann\/produkt\/rhodesien-polizei-auf-einem-fussballplatz-in-highfield-dem-african-township-von-salisbury\/","og_site_name":"Abisag T\u00fcllmann","article_modified_time":"2020-08-12T08:12:29+00:00","og_image":[{"width":876,"height":1200,"url":"https:\/\/bpk-archive.de\/tuellmann\/wp-content\/uploads\/2019\/08\/bpk_70243021.jpg","type":"image\/jpeg"}],"twitter_card":"summary_large_image","schema":{"@context":"https:\/\/schema.org","@graph":[{"@type":"WebPage","@id":"https:\/\/bpk-archive.de\/tuellmann\/produkt\/rhodesien-polizei-auf-einem-fussballplatz-in-highfield-dem-african-township-von-salisbury\/","url":"https:\/\/bpk-archive.de\/tuellmann\/produkt\/rhodesien-polizei-auf-einem-fussballplatz-in-highfield-dem-african-township-von-salisbury\/","name":"Rhodesien: Polizei auf einem Fu\u00dfballplatz in Highfield, dem \"african township\" von Salisbury - Abisag T\u00fcllmann","isPartOf":{"@id":"https:\/\/bpk-archive.de\/tuellmann\/#website"},"primaryImageOfPage":{"@id":"https:\/\/bpk-archive.de\/tuellmann\/produkt\/rhodesien-polizei-auf-einem-fussballplatz-in-highfield-dem-african-township-von-salisbury\/#primaryimage"},"image":{"@id":"https:\/\/bpk-archive.de\/tuellmann\/produkt\/rhodesien-polizei-auf-einem-fussballplatz-in-highfield-dem-african-township-von-salisbury\/#primaryimage"},"thumbnailUrl":"https:\/\/bpk-archive.de\/tuellmann\/wp-content\/uploads\/2019\/08\/bpk_70243021.jpg","datePublished":"2019-09-05T14:23:30+00:00","dateModified":"2020-08-12T08:12:29+00:00","breadcrumb":{"@id":"https:\/\/bpk-archive.de\/tuellmann\/produkt\/rhodesien-polizei-auf-einem-fussballplatz-in-highfield-dem-african-township-von-salisbury\/#breadcrumb"},"inLanguage":"de","potentialAction":[{"@type":"ReadAction","target":["https:\/\/bpk-archive.de\/tuellmann\/produkt\/rhodesien-polizei-auf-einem-fussballplatz-in-highfield-dem-african-township-von-salisbury\/"]}]},{"@type":"ImageObject","inLanguage":"de","@id":"https:\/\/bpk-archive.de\/tuellmann\/produkt\/rhodesien-polizei-auf-einem-fussballplatz-in-highfield-dem-african-township-von-salisbury\/#primaryimage","url":"https:\/\/bpk-archive.de\/tuellmann\/wp-content\/uploads\/2019\/08\/bpk_70243021.jpg","contentUrl":"https:\/\/bpk-archive.de\/tuellmann\/wp-content\/uploads\/2019\/08\/bpk_70243021.jpg","width":876,"height":1200,"caption":"Rhodesien: Polizei auf einem Fu\u00dfballplatz in Highfield, dem \"african township\" von Salisbury"},{"@type":"BreadcrumbList","@id":"https:\/\/bpk-archive.de\/tuellmann\/produkt\/rhodesien-polizei-auf-einem-fussballplatz-in-highfield-dem-african-township-von-salisbury\/#breadcrumb","itemListElement":[{"@type":"ListItem","position":1,"name":"Startseite","item":"https:\/\/bpk-archive.de\/tuellmann\/"},{"@type":"ListItem","position":2,"name":"Shop","item":"https:\/\/bpk-archive.de\/tuellmann\/shop\/"},{"@type":"ListItem","position":3,"name":"Rhodesien: Polizei auf einem Fu\u00dfballplatz in Highfield, dem &#8220;african township&#8221; von Salisbury"}]},{"@type":"WebSite","@id":"https:\/\/bpk-archive.de\/tuellmann\/#website","url":"https:\/\/bpk-archive.de\/tuellmann\/","name":"Abisag T\u00fcllmann","description":"Eine weitere WordPress-Website","potentialAction":[{"@type":"SearchAction","target":{"@type":"EntryPoint","urlTemplate":"https:\/\/bpk-archive.de\/tuellmann\/?s={search_term_string}"},"query-input":{"@type":"PropertyValueSpecification","valueRequired":true,"valueName":"search_term_string"}}],"inLanguage":"de"}]}},"_links":{"self":[{"href":"https:\/\/bpk-archive.de\/tuellmann\/wp-json\/wp\/v2\/product\/70297261","targetHints":{"allow":["GET"]}}],"collection":[{"href":"https:\/\/bpk-archive.de\/tuellmann\/wp-json\/wp\/v2\/product"}],"about":[{"href":"https:\/\/bpk-archive.de\/tuellmann\/wp-json\/wp\/v2\/types\/product"}],"wp:featuredmedia":[{"embeddable":true,"href":"https:\/\/bpk-archive.de\/tuellmann\/wp-json\/wp\/v2\/media\/70292388"}],"wp:attachment":[{"href":"https:\/\/bpk-archive.de\/tuellmann\/wp-json\/wp\/v2\/media?parent=70297261"}],"wp:term":[{"taxonomy":"product_brand","embeddable":true,"href":"https:\/\/bpk-archive.de\/tuellmann\/wp-json\/wp\/v2\/product_brand?post=70297261"},{"taxonomy":"product_cat","embeddable":true,"href":"https:\/\/bpk-archive.de\/tuellmann\/wp-json\/wp\/v2\/product_cat?post=70297261"},{"taxonomy":"product_tag","embeddable":true,"href":"https:\/\/bpk-archive.de\/tuellmann\/wp-json\/wp\/v2\/product_tag?post=70297261"}],"curies":[{"name":"wp","href":"https:\/\/api.w.org\/{rel}","templated":true}]}}