{"id":70297257,"date":"2019-09-05T16:23:14","date_gmt":"2019-09-05T14:23:14","guid":{"rendered":"http:\/\/abisagtuellmann.bpk-news.de\/atbild\/maedchen-beim-gummitwist-spiel-auf-einem-buergersteig-in-paris\/"},"modified":"2020-06-25T16:12:30","modified_gmt":"2020-06-25T14:12:30","slug":"maedchen-beim-gummitwist-spiel-auf-einem-buergersteig-in-paris","status":"publish","type":"product","link":"https:\/\/bpk-archive.de\/tuellmann\/produkt\/maedchen-beim-gummitwist-spiel-auf-einem-buergersteig-in-paris\/","title":{"rendered":"M\u00e4dchen beim Gummitwist-Spiel auf einem B\u00fcrgersteig in Paris"},"content":{"rendered":"","protected":false},"excerpt":{"rendered":"","protected":false},"featured_media":70292468,"template":"","meta":[],"product_brand":[],"product_cat":[73378],"product_tag":[13774,13232,13234,13231,13233,13775,14271,13777,47541,47542,47543,47544,47545,47546,64218,13250,47549,47550,47551,47552,47553,47365,47366,47367,13784,13785,48645,48646,13253,13254,13255,13256,13257,13260,48211,48212,48213,48214,48215,48216,48217,48218,48219,13293,13786,13787,13294,13295,13296,13297,57697,57698,51355,51356,51379,51380,51357,51358,51359,51360,51361,47556,47377,48647,48648,48649,48650,14195,14196,14197,14198,14199,14200,67696,67697,47497,47498,47383,47384,47385,49080,49081,49082,49083,47386,62642,62643,62644,62645,62646,62647,67698,13301,14205,14206,14207,14211,14212,14213,14218,14219,13310,50479,13311,58023,58024,64286,64287,47561,47562,13328,13827,13828,13329,13330,13331,13332,13829,13830,13831,13832,13833,13834,13835,13836,13837,13838,13839,13840,13841,13842,13843,13877,13879,13865,13864,13866,13858,13859,13860,13861,13862,13863,13867,13869,13870,13871,13872,49605,49606,49607,49608,49609,49610,57272,47406,47407,48165,48166,47408,47564,47409,48226,49085,49086,13878,13880,48682,48683,50946,50947,47504,47505,47506],"class_list":{"0":"post-70297257","1":"product","2":"type-product","3":"status-publish","4":"has-post-thumbnail","6":"product_cat-grossstadt-paris","7":"product_tag-1960er-jahre","8":"product_tag-20-jahrhundert-nach-chr","9":"product_tag-20-jh-n-chr","10":"product_tag-20-jahrhundert","11":"product_tag-20-jh","12":"product_tag-60er","13":"product_tag-abt_009","14":"product_tag-abzug","15":"product_tag-alltag","16":"product_tag-alltaeglich","17":"product_tag-alltaegliche","18":"product_tag-alltaeglicher","19":"product_tag-alltaegliches","20":"product_tag-alltagsleben","21":"product_tag-at_paris","22":"product_tag-aussen","23":"product_tag-auto","24":"product_tag-automobil","25":"product_tag-automobile","26":"product_tag-automobils","27":"product_tag-autos","28":"product_tag-bauten","29":"product_tag-bauwerk","30":"product_tag-bauwerke","31":"product_tag-bildnis","32":"product_tag-bildnisse","33":"product_tag-buergersteig","34":"product_tag-buergersteige","35":"product_tag-deutsch","36":"product_tag-deutsche","37":"product_tag-deutschen","38":"product_tag-deutscher","39":"product_tag-deutsches","40":"product_tag-draussen","41":"product_tag-fahren","42":"product_tag-fahrend","43":"product_tag-fahrende","44":"product_tag-fahrender","45":"product_tag-fahrendes","46":"product_tag-faehrt","47":"product_tag-fahrzeug","48":"product_tag-fahrzeuge","49":"product_tag-fahrzeugen","50":"product_tag-foto","51":"product_tag-fotoabzug","52":"product_tag-fotoabzuege","53":"product_tag-fotografie","54":"product_tag-fotografien","55":"product_tag-fotografin","56":"product_tag-fotografinnen","57":"product_tag-frankreich","58":"product_tag-frankreichs","59":"product_tag-franzose","60":"product_tag-franzosen","61":"product_tag-franzoesin","62":"product_tag-franzoesinnen","63":"product_tag-franzoesisch","64":"product_tag-franzoesische","65":"product_tag-franzoesischen","66":"product_tag-franzoesischer","67":"product_tag-franzoesisches","68":"product_tag-fussgaenger","69":"product_tag-gebaeude","70":"product_tag-gehsteig","71":"product_tag-gehsteige","72":"product_tag-gehweg","73":"product_tag-gehwege","74":"product_tag-gruppenbild","75":"product_tag-gruppenbilder","76":"product_tag-gruppenportrait","77":"product_tag-gruppenportraits","78":"product_tag-gruppenportraet","79":"product_tag-gruppenportraets","80":"product_tag-gummihuepfen","81":"product_tag-gummitwist","82":"product_tag-hauptstadt","83":"product_tag-hauptstaedte","84":"product_tag-haus","85":"product_tag-haeuser","86":"product_tag-haeusern","87":"product_tag-haeuserreihe","88":"product_tag-haeuserreihen","89":"product_tag-haeuserzeile","90":"product_tag-haeuserzeilen","91":"product_tag-hauses","92":"product_tag-huepfen","93":"product_tag-huepfend","94":"product_tag-huepfende","95":"product_tag-huepfenden","96":"product_tag-huepfender","97":"product_tag-huepfendes","98":"product_tag-huepfgummi","99":"product_tag-im-freien","100":"product_tag-kind","101":"product_tag-kinde","102":"product_tag-kinder","103":"product_tag-kindergruppe","104":"product_tag-kindergruppen","105":"product_tag-kindern","106":"product_tag-kindes","107":"product_tag-kindheit","108":"product_tag-maedchen","109":"product_tag-maedchengruppe","110":"product_tag-maedchens","111":"product_tag-paris","112":"product_tag-pariser","113":"product_tag-pariserin","114":"product_tag-pariserinnen","115":"product_tag-passant","116":"product_tag-passanten","117":"product_tag-photo","118":"product_tag-photoabzug","119":"product_tag-photoabzuege","120":"product_tag-photographie","121":"product_tag-photographien","122":"product_tag-photographin","123":"product_tag-photographinnen","124":"product_tag-portrait","125":"product_tag-portraitaufnahme","126":"product_tag-portraitfoto","127":"product_tag-portraitfotografie","128":"product_tag-portraitphoto","129":"product_tag-portraitphotographie","130":"product_tag-portraits","131":"product_tag-portraet","132":"product_tag-portraetaufnahme","133":"product_tag-portraetfoto","134":"product_tag-portraetfotografie","135":"product_tag-portraetphoto","136":"product_tag-portraetphotographie","137":"product_tag-portraets","138":"product_tag-print","139":"product_tag-s-w-fotografie","140":"product_tag-s-w-photographie","141":"product_tag-schwarzweissphotographie","142":"product_tag-schwarz-weiss-fotografie","143":"product_tag-schwarz-weiss-photographie","144":"product_tag-schwarzweiss","145":"product_tag-schwarzweisse","146":"product_tag-schwarzweissen","147":"product_tag-schwarzweisser","148":"product_tag-schwarzweisses","149":"product_tag-schwarzweissfotografie","150":"product_tag-sechziger","151":"product_tag-silbergelatine","152":"product_tag-silbergelatineabzug","153":"product_tag-silbergelatineabzuege","154":"product_tag-silbergelatineprint","155":"product_tag-spielen","156":"product_tag-spielend","157":"product_tag-spielende","158":"product_tag-spielenden","159":"product_tag-spielender","160":"product_tag-spielendes","161":"product_tag-springen","162":"product_tag-stadt","163":"product_tag-staedte","164":"product_tag-strasse","165":"product_tag-strassen","166":"product_tag-strassenleben","167":"product_tag-strassenrand","168":"product_tag-strassenszene","169":"product_tag-strassenverkehr","170":"product_tag-strassenzug","171":"product_tag-strassenzuege","172":"product_tag-sw-fotografie","173":"product_tag-sw-photographie","174":"product_tag-trottoir","175":"product_tag-trottoirs","176":"product_tag-verkehr","177":"product_tag-verkehrs","178":"product_tag-wohngebaeude","179":"product_tag-wohnhaus","180":"product_tag-wohnhaeuser","181":"pa_datierung-mai-1967","182":"pa_fotograf-abisag-tuellmann","183":"pa_geografischer_bezug-aufnahmeort-paris-frankreich","184":"pa_grunddaten_material_technik-foto-silbergelatine-auf-barytpapier","185":"pa_inventarnummer-tue-67-067-08a","186":"pa_jahr_von-53582","187":"pa_massangaben-bildformat-foto-234-x-306-cm","188":"pa_mediennummer-67694","189":"pa_objekt_typ-fotografie","191":"first","192":"instock","193":"product-type-simple"},"yoast_head":"<!-- This site is optimized with the Yoast SEO plugin v27.4 - https:\/\/yoast.com\/product\/yoast-seo-wordpress\/ -->\n<title>M\u00e4dchen beim Gummitwist-Spiel auf einem B\u00fcrgersteig in Paris - Abisag T\u00fcllmann<\/title>\n<meta name=\"robots\" content=\"index, follow, max-snippet:-1, max-image-preview:large, max-video-preview:-1\" \/>\n<link rel=\"canonical\" href=\"https:\/\/bpk-archive.de\/tuellmann\/produkt\/maedchen-beim-gummitwist-spiel-auf-einem-buergersteig-in-paris\/\" \/>\n<meta property=\"og:locale\" content=\"de_DE\" \/>\n<meta property=\"og:type\" content=\"article\" \/>\n<meta property=\"og:title\" content=\"M\u00e4dchen beim Gummitwist-Spiel auf einem B\u00fcrgersteig in Paris - Abisag T\u00fcllmann\" \/>\n<meta property=\"og:url\" content=\"https:\/\/bpk-archive.de\/tuellmann\/produkt\/maedchen-beim-gummitwist-spiel-auf-einem-buergersteig-in-paris\/\" \/>\n<meta property=\"og:site_name\" content=\"Abisag T\u00fcllmann\" \/>\n<meta property=\"article:modified_time\" content=\"2020-06-25T14:12:30+00:00\" \/>\n<meta property=\"og:image\" content=\"https:\/\/bpk-archive.de\/tuellmann\/wp-content\/uploads\/2019\/08\/bpk_70242997.jpg\" \/>\n\t<meta property=\"og:image:width\" content=\"1200\" \/>\n\t<meta property=\"og:image:height\" content=\"932\" \/>\n\t<meta property=\"og:image:type\" content=\"image\/jpeg\" \/>\n<meta name=\"twitter:card\" content=\"summary_large_image\" \/>\n<script type=\"application\/ld+json\" class=\"yoast-schema-graph\">{\"@context\":\"https:\\\/\\\/schema.org\",\"@graph\":[{\"@type\":\"WebPage\",\"@id\":\"https:\\\/\\\/bpk-archive.de\\\/tuellmann\\\/produkt\\\/maedchen-beim-gummitwist-spiel-auf-einem-buergersteig-in-paris\\\/\",\"url\":\"https:\\\/\\\/bpk-archive.de\\\/tuellmann\\\/produkt\\\/maedchen-beim-gummitwist-spiel-auf-einem-buergersteig-in-paris\\\/\",\"name\":\"M\u00e4dchen beim Gummitwist-Spiel auf einem B\u00fcrgersteig in Paris - Abisag T\u00fcllmann\",\"isPartOf\":{\"@id\":\"https:\\\/\\\/bpk-archive.de\\\/tuellmann\\\/#website\"},\"primaryImageOfPage\":{\"@id\":\"https:\\\/\\\/bpk-archive.de\\\/tuellmann\\\/produkt\\\/maedchen-beim-gummitwist-spiel-auf-einem-buergersteig-in-paris\\\/#primaryimage\"},\"image\":{\"@id\":\"https:\\\/\\\/bpk-archive.de\\\/tuellmann\\\/produkt\\\/maedchen-beim-gummitwist-spiel-auf-einem-buergersteig-in-paris\\\/#primaryimage\"},\"thumbnailUrl\":\"https:\\\/\\\/bpk-archive.de\\\/tuellmann\\\/wp-content\\\/uploads\\\/2019\\\/08\\\/bpk_70242997.jpg\",\"datePublished\":\"2019-09-05T14:23:14+00:00\",\"dateModified\":\"2020-06-25T14:12:30+00:00\",\"breadcrumb\":{\"@id\":\"https:\\\/\\\/bpk-archive.de\\\/tuellmann\\\/produkt\\\/maedchen-beim-gummitwist-spiel-auf-einem-buergersteig-in-paris\\\/#breadcrumb\"},\"inLanguage\":\"de\",\"potentialAction\":[{\"@type\":\"ReadAction\",\"target\":[\"https:\\\/\\\/bpk-archive.de\\\/tuellmann\\\/produkt\\\/maedchen-beim-gummitwist-spiel-auf-einem-buergersteig-in-paris\\\/\"]}]},{\"@type\":\"ImageObject\",\"inLanguage\":\"de\",\"@id\":\"https:\\\/\\\/bpk-archive.de\\\/tuellmann\\\/produkt\\\/maedchen-beim-gummitwist-spiel-auf-einem-buergersteig-in-paris\\\/#primaryimage\",\"url\":\"https:\\\/\\\/bpk-archive.de\\\/tuellmann\\\/wp-content\\\/uploads\\\/2019\\\/08\\\/bpk_70242997.jpg\",\"contentUrl\":\"https:\\\/\\\/bpk-archive.de\\\/tuellmann\\\/wp-content\\\/uploads\\\/2019\\\/08\\\/bpk_70242997.jpg\",\"width\":1200,\"height\":932,\"caption\":\"M\u00e4dchen beim Gummitwist-Spiel auf einem B\u00fcrgersteig in Paris\"},{\"@type\":\"BreadcrumbList\",\"@id\":\"https:\\\/\\\/bpk-archive.de\\\/tuellmann\\\/produkt\\\/maedchen-beim-gummitwist-spiel-auf-einem-buergersteig-in-paris\\\/#breadcrumb\",\"itemListElement\":[{\"@type\":\"ListItem\",\"position\":1,\"name\":\"Startseite\",\"item\":\"https:\\\/\\\/bpk-archive.de\\\/tuellmann\\\/\"},{\"@type\":\"ListItem\",\"position\":2,\"name\":\"Shop\",\"item\":\"https:\\\/\\\/bpk-archive.de\\\/tuellmann\\\/shop\\\/\"},{\"@type\":\"ListItem\",\"position\":3,\"name\":\"M\u00e4dchen beim Gummitwist-Spiel auf einem B\u00fcrgersteig in Paris\"}]},{\"@type\":\"WebSite\",\"@id\":\"https:\\\/\\\/bpk-archive.de\\\/tuellmann\\\/#website\",\"url\":\"https:\\\/\\\/bpk-archive.de\\\/tuellmann\\\/\",\"name\":\"Abisag T\u00fcllmann\",\"description\":\"Eine weitere WordPress-Website\",\"potentialAction\":[{\"@type\":\"SearchAction\",\"target\":{\"@type\":\"EntryPoint\",\"urlTemplate\":\"https:\\\/\\\/bpk-archive.de\\\/tuellmann\\\/?s={search_term_string}\"},\"query-input\":{\"@type\":\"PropertyValueSpecification\",\"valueRequired\":true,\"valueName\":\"search_term_string\"}}],\"inLanguage\":\"de\"}]}<\/script>\n<!-- \/ Yoast SEO plugin. -->","yoast_head_json":{"title":"M\u00e4dchen beim Gummitwist-Spiel auf einem B\u00fcrgersteig in Paris - Abisag T\u00fcllmann","robots":{"index":"index","follow":"follow","max-snippet":"max-snippet:-1","max-image-preview":"max-image-preview:large","max-video-preview":"max-video-preview:-1"},"canonical":"https:\/\/bpk-archive.de\/tuellmann\/produkt\/maedchen-beim-gummitwist-spiel-auf-einem-buergersteig-in-paris\/","og_locale":"de_DE","og_type":"article","og_title":"M\u00e4dchen beim Gummitwist-Spiel auf einem B\u00fcrgersteig in Paris - Abisag T\u00fcllmann","og_url":"https:\/\/bpk-archive.de\/tuellmann\/produkt\/maedchen-beim-gummitwist-spiel-auf-einem-buergersteig-in-paris\/","og_site_name":"Abisag T\u00fcllmann","article_modified_time":"2020-06-25T14:12:30+00:00","og_image":[{"width":1200,"height":932,"url":"https:\/\/bpk-archive.de\/tuellmann\/wp-content\/uploads\/2019\/08\/bpk_70242997.jpg","type":"image\/jpeg"}],"twitter_card":"summary_large_image","schema":{"@context":"https:\/\/schema.org","@graph":[{"@type":"WebPage","@id":"https:\/\/bpk-archive.de\/tuellmann\/produkt\/maedchen-beim-gummitwist-spiel-auf-einem-buergersteig-in-paris\/","url":"https:\/\/bpk-archive.de\/tuellmann\/produkt\/maedchen-beim-gummitwist-spiel-auf-einem-buergersteig-in-paris\/","name":"M\u00e4dchen beim Gummitwist-Spiel auf einem B\u00fcrgersteig in Paris - Abisag T\u00fcllmann","isPartOf":{"@id":"https:\/\/bpk-archive.de\/tuellmann\/#website"},"primaryImageOfPage":{"@id":"https:\/\/bpk-archive.de\/tuellmann\/produkt\/maedchen-beim-gummitwist-spiel-auf-einem-buergersteig-in-paris\/#primaryimage"},"image":{"@id":"https:\/\/bpk-archive.de\/tuellmann\/produkt\/maedchen-beim-gummitwist-spiel-auf-einem-buergersteig-in-paris\/#primaryimage"},"thumbnailUrl":"https:\/\/bpk-archive.de\/tuellmann\/wp-content\/uploads\/2019\/08\/bpk_70242997.jpg","datePublished":"2019-09-05T14:23:14+00:00","dateModified":"2020-06-25T14:12:30+00:00","breadcrumb":{"@id":"https:\/\/bpk-archive.de\/tuellmann\/produkt\/maedchen-beim-gummitwist-spiel-auf-einem-buergersteig-in-paris\/#breadcrumb"},"inLanguage":"de","potentialAction":[{"@type":"ReadAction","target":["https:\/\/bpk-archive.de\/tuellmann\/produkt\/maedchen-beim-gummitwist-spiel-auf-einem-buergersteig-in-paris\/"]}]},{"@type":"ImageObject","inLanguage":"de","@id":"https:\/\/bpk-archive.de\/tuellmann\/produkt\/maedchen-beim-gummitwist-spiel-auf-einem-buergersteig-in-paris\/#primaryimage","url":"https:\/\/bpk-archive.de\/tuellmann\/wp-content\/uploads\/2019\/08\/bpk_70242997.jpg","contentUrl":"https:\/\/bpk-archive.de\/tuellmann\/wp-content\/uploads\/2019\/08\/bpk_70242997.jpg","width":1200,"height":932,"caption":"M\u00e4dchen beim Gummitwist-Spiel auf einem B\u00fcrgersteig in Paris"},{"@type":"BreadcrumbList","@id":"https:\/\/bpk-archive.de\/tuellmann\/produkt\/maedchen-beim-gummitwist-spiel-auf-einem-buergersteig-in-paris\/#breadcrumb","itemListElement":[{"@type":"ListItem","position":1,"name":"Startseite","item":"https:\/\/bpk-archive.de\/tuellmann\/"},{"@type":"ListItem","position":2,"name":"Shop","item":"https:\/\/bpk-archive.de\/tuellmann\/shop\/"},{"@type":"ListItem","position":3,"name":"M\u00e4dchen beim Gummitwist-Spiel auf einem B\u00fcrgersteig in Paris"}]},{"@type":"WebSite","@id":"https:\/\/bpk-archive.de\/tuellmann\/#website","url":"https:\/\/bpk-archive.de\/tuellmann\/","name":"Abisag T\u00fcllmann","description":"Eine weitere WordPress-Website","potentialAction":[{"@type":"SearchAction","target":{"@type":"EntryPoint","urlTemplate":"https:\/\/bpk-archive.de\/tuellmann\/?s={search_term_string}"},"query-input":{"@type":"PropertyValueSpecification","valueRequired":true,"valueName":"search_term_string"}}],"inLanguage":"de"}]}},"_links":{"self":[{"href":"https:\/\/bpk-archive.de\/tuellmann\/wp-json\/wp\/v2\/product\/70297257","targetHints":{"allow":["GET"]}}],"collection":[{"href":"https:\/\/bpk-archive.de\/tuellmann\/wp-json\/wp\/v2\/product"}],"about":[{"href":"https:\/\/bpk-archive.de\/tuellmann\/wp-json\/wp\/v2\/types\/product"}],"wp:featuredmedia":[{"embeddable":true,"href":"https:\/\/bpk-archive.de\/tuellmann\/wp-json\/wp\/v2\/media\/70292468"}],"wp:attachment":[{"href":"https:\/\/bpk-archive.de\/tuellmann\/wp-json\/wp\/v2\/media?parent=70297257"}],"wp:term":[{"taxonomy":"product_brand","embeddable":true,"href":"https:\/\/bpk-archive.de\/tuellmann\/wp-json\/wp\/v2\/product_brand?post=70297257"},{"taxonomy":"product_cat","embeddable":true,"href":"https:\/\/bpk-archive.de\/tuellmann\/wp-json\/wp\/v2\/product_cat?post=70297257"},{"taxonomy":"product_tag","embeddable":true,"href":"https:\/\/bpk-archive.de\/tuellmann\/wp-json\/wp\/v2\/product_tag?post=70297257"}],"curies":[{"name":"wp","href":"https:\/\/api.w.org\/{rel}","templated":true}]}}