{"id":70297249,"date":"2019-09-05T16:23:14","date_gmt":"2019-09-05T14:23:14","guid":{"rendered":"http:\/\/abisagtuellmann.bpk-news.de\/atbild\/rueckseite-von-lenin-buesten-im-russischen-pavillon-auf-der-35-biennale-von-venedig\/"},"modified":"2019-09-05T16:23:23","modified_gmt":"2019-09-05T14:23:23","slug":"rueckseite-von-lenin-buesten-im-russischen-pavillon-auf-der-35-biennale-von-venedig","status":"publish","type":"product","link":"https:\/\/bpk-archive.de\/tuellmann\/produkt\/rueckseite-von-lenin-buesten-im-russischen-pavillon-auf-der-35-biennale-von-venedig\/","title":{"rendered":"R\u00fcckseite von: Lenin-B\u00fcsten im russischen Pavillon auf der 35. Biennale von Venedig"},"content":{"rendered":"<p>Vorderseite siehe: 70242972 R\u00fcckseitenbeschriftung von Hand der Fotografin: &#8222;Sowietunion&#8220;<\/p>\n","protected":false},"excerpt":{"rendered":"<p>Vorderseite siehe: 70242972 R\u00fcckseitenbeschriftung von Hand der Fotografin: &#8222;Sowietunion&#8220;<\/p>\n","protected":false},"featured_media":70292396,"template":"","meta":[],"product_brand":[],"product_cat":[],"product_tag":[13230,13232,13234,13231,13233,13235,63025,13777,60161,50202,50837,50838,48355,48356,48357,48358,48359,48360,56064,56065,13253,13254,13255,13256,13257,13473,13293,13786,13787,13294,13295,13296,13297,57329,57330,13498,51508,51511,51512,51513,51514,51515,51516,56428,56080,13499,13500,56081,51518,51519,51520,51521,51522,51523,51524,51597,51599,51841,51842,51600,51602,13328,13827,13828,13329,13330,13331,13332,13843,48363,47594,47595,13877,13879,13865,13864,13866,13858,13859,13860,13861,13862,13863,13354,13869,13870,13871,13872,48454,48455,48456,48457,48458,48459,48460,48461,48462,51537,51539,51540,51541,51542,51543,51544,13878,13880,60417,60418,48366,55983,55984,55988,55989,55990,55991,55992,55993,67661,51849,48367,47615,13525,48368,64406,64407],"class_list":{"0":"post-70297249","1":"product","2":"type-product","3":"status-publish","4":"has-post-thumbnail","6":"product_tag-1970er-jahre","7":"product_tag-20-jahrhundert-nach-chr","8":"product_tag-20-jh-n-chr","9":"product_tag-20-jahrhundert","10":"product_tag-20-jh","11":"product_tag-70er","12":"product_tag-abt_007","13":"product_tag-abzug","14":"product_tag-at_kunst","15":"product_tag-ausschnitt","16":"product_tag-ausstellung","17":"product_tag-ausstellungen","18":"product_tag-beschriftet","19":"product_tag-beschriftete","20":"product_tag-beschrifteter","21":"product_tag-beschriftetes","22":"product_tag-beschriftung","23":"product_tag-beschriftungen","24":"product_tag-biennale","25":"product_tag-bildende-kunst","26":"product_tag-deutsch","27":"product_tag-deutsche","28":"product_tag-deutschen","29":"product_tag-deutscher","30":"product_tag-deutsches","31":"product_tag-drinnen","32":"product_tag-foto","33":"product_tag-fotoabzug","34":"product_tag-fotoabzuege","35":"product_tag-fotografie","36":"product_tag-fotografien","37":"product_tag-fotografin","38":"product_tag-fotografinnen","39":"product_tag-freistellbar","40":"product_tag-freisteller","41":"product_tag-innen","42":"product_tag-italien","43":"product_tag-italienisch","44":"product_tag-italienische","45":"product_tag-italienischen","46":"product_tag-italienischer","47":"product_tag-italienisches","48":"product_tag-italiens","49":"product_tag-kultur","50":"product_tag-kunst","51":"product_tag-kunstausstellung","52":"product_tag-kunstausstellungen","53":"product_tag-kuenste","54":"product_tag-mediterran","55":"product_tag-mediterrane","56":"product_tag-mediterranen","57":"product_tag-mediterraner","58":"product_tag-mediterranes","59":"product_tag-mittelmeerland","60":"product_tag-mittelmeerlaender","61":"product_tag-norditalien","62":"product_tag-norditalienisch","63":"product_tag-notiz","64":"product_tag-notizen","65":"product_tag-oberitalien","66":"product_tag-oberitalienisch","67":"product_tag-photo","68":"product_tag-photoabzug","69":"product_tag-photoabzuege","70":"product_tag-photographie","71":"product_tag-photographien","72":"product_tag-photographin","73":"product_tag-photographinnen","74":"product_tag-print","75":"product_tag-publikation","76":"product_tag-rueckansicht","77":"product_tag-rueckseite","78":"product_tag-s-w-fotografie","79":"product_tag-s-w-photographie","80":"product_tag-schwarzweissphotographie","81":"product_tag-schwarz-weiss-fotografie","82":"product_tag-schwarz-weiss-photographie","83":"product_tag-schwarzweiss","84":"product_tag-schwarzweisse","85":"product_tag-schwarzweissen","86":"product_tag-schwarzweisser","87":"product_tag-schwarzweisses","88":"product_tag-schwarzweissfotografie","89":"product_tag-siebziger","90":"product_tag-silbergelatine","91":"product_tag-silbergelatineabzug","92":"product_tag-silbergelatineabzuege","93":"product_tag-silbergelatineprint","94":"product_tag-stempel","95":"product_tag-stempelabdruck","96":"product_tag-stempelabdruecke","97":"product_tag-stempelabdruckes","98":"product_tag-stempelabdrucks","99":"product_tag-stempeldruck","100":"product_tag-stempeldrucke","101":"product_tag-stempeldruckes","102":"product_tag-stempeldrucks","103":"product_tag-suedeuropa","104":"product_tag-suedeuropaeisch","105":"product_tag-suedeuropaeische","106":"product_tag-suedeuropaeischem","107":"product_tag-suedeuropaeischen","108":"product_tag-suedeuropaeischer","109":"product_tag-suedeuropaeisches","110":"product_tag-sw-fotografie","111":"product_tag-sw-photographie","112":"product_tag-umriss","113":"product_tag-umrisse","114":"product_tag-v","115":"product_tag-venedig","116":"product_tag-venedigs","117":"product_tag-venezianisch","118":"product_tag-venezianische","119":"product_tag-venezianischem","120":"product_tag-venezianischen","121":"product_tag-venezianischer","122":"product_tag-venezianisches","123":"product_tag-vermerk","124":"product_tag-veroeffentlichung","125":"product_tag-verso","126":"product_tag-von-hinten","127":"product_tag-von-innen","128":"product_tag-vs","129":"product_tag-zeichnung","130":"product_tag-zeichnungen","131":"pa_datierung-juni-1970","132":"pa_fotograf-abisag-tuellmann","133":"pa_geografischer_bezug-aufnahmeort-venedig-italien","134":"pa_grunddaten_material_technik-foto-silbergelatine-auf-barytpapier","135":"pa_inventarnummer-tue-70-213-02","136":"pa_jahr_von-53324","137":"pa_massangaben-bildformat-foto-235-x-294-cm","138":"pa_mediennummer-67660","139":"pa_objekt_typ-fotografie","141":"first","142":"instock","143":"product-type-simple"},"yoast_head":"<!-- This site is optimized with the Yoast SEO plugin v27.4 - https:\/\/yoast.com\/product\/yoast-seo-wordpress\/ -->\n<title>R\u00fcckseite von: Lenin-B\u00fcsten im russischen Pavillon auf der 35. Biennale von Venedig - Abisag T\u00fcllmann<\/title>\n<meta name=\"robots\" content=\"index, follow, max-snippet:-1, max-image-preview:large, max-video-preview:-1\" \/>\n<link rel=\"canonical\" href=\"https:\/\/bpk-archive.de\/tuellmann\/produkt\/rueckseite-von-lenin-buesten-im-russischen-pavillon-auf-der-35-biennale-von-venedig\/\" \/>\n<meta property=\"og:locale\" content=\"de_DE\" \/>\n<meta property=\"og:type\" content=\"article\" \/>\n<meta property=\"og:title\" content=\"R\u00fcckseite von: Lenin-B\u00fcsten im russischen Pavillon auf der 35. Biennale von Venedig - Abisag T\u00fcllmann\" \/>\n<meta property=\"og:description\" content=\"Vorderseite siehe: 70242972 R\u00fcckseitenbeschriftung von Hand der Fotografin: &#8222;Sowietunion&#8220;\" \/>\n<meta property=\"og:url\" content=\"https:\/\/bpk-archive.de\/tuellmann\/produkt\/rueckseite-von-lenin-buesten-im-russischen-pavillon-auf-der-35-biennale-von-venedig\/\" \/>\n<meta property=\"og:site_name\" content=\"Abisag T\u00fcllmann\" \/>\n<meta property=\"article:modified_time\" content=\"2019-09-05T14:23:23+00:00\" \/>\n<meta property=\"og:image\" content=\"https:\/\/bpk-archive.de\/tuellmann\/wp-content\/uploads\/2019\/08\/bpk_70242973.jpg\" \/>\n\t<meta property=\"og:image:width\" content=\"1200\" \/>\n\t<meta property=\"og:image:height\" content=\"974\" \/>\n\t<meta property=\"og:image:type\" content=\"image\/jpeg\" \/>\n<meta name=\"twitter:card\" content=\"summary_large_image\" \/>\n<script type=\"application\/ld+json\" class=\"yoast-schema-graph\">{\"@context\":\"https:\\\/\\\/schema.org\",\"@graph\":[{\"@type\":\"WebPage\",\"@id\":\"https:\\\/\\\/bpk-archive.de\\\/tuellmann\\\/produkt\\\/rueckseite-von-lenin-buesten-im-russischen-pavillon-auf-der-35-biennale-von-venedig\\\/\",\"url\":\"https:\\\/\\\/bpk-archive.de\\\/tuellmann\\\/produkt\\\/rueckseite-von-lenin-buesten-im-russischen-pavillon-auf-der-35-biennale-von-venedig\\\/\",\"name\":\"R\u00fcckseite von: Lenin-B\u00fcsten im russischen Pavillon auf der 35. Biennale von Venedig - Abisag T\u00fcllmann\",\"isPartOf\":{\"@id\":\"https:\\\/\\\/bpk-archive.de\\\/tuellmann\\\/#website\"},\"primaryImageOfPage\":{\"@id\":\"https:\\\/\\\/bpk-archive.de\\\/tuellmann\\\/produkt\\\/rueckseite-von-lenin-buesten-im-russischen-pavillon-auf-der-35-biennale-von-venedig\\\/#primaryimage\"},\"image\":{\"@id\":\"https:\\\/\\\/bpk-archive.de\\\/tuellmann\\\/produkt\\\/rueckseite-von-lenin-buesten-im-russischen-pavillon-auf-der-35-biennale-von-venedig\\\/#primaryimage\"},\"thumbnailUrl\":\"https:\\\/\\\/bpk-archive.de\\\/tuellmann\\\/wp-content\\\/uploads\\\/2019\\\/08\\\/bpk_70242973.jpg\",\"datePublished\":\"2019-09-05T14:23:14+00:00\",\"dateModified\":\"2019-09-05T14:23:23+00:00\",\"breadcrumb\":{\"@id\":\"https:\\\/\\\/bpk-archive.de\\\/tuellmann\\\/produkt\\\/rueckseite-von-lenin-buesten-im-russischen-pavillon-auf-der-35-biennale-von-venedig\\\/#breadcrumb\"},\"inLanguage\":\"de\",\"potentialAction\":[{\"@type\":\"ReadAction\",\"target\":[\"https:\\\/\\\/bpk-archive.de\\\/tuellmann\\\/produkt\\\/rueckseite-von-lenin-buesten-im-russischen-pavillon-auf-der-35-biennale-von-venedig\\\/\"]}]},{\"@type\":\"ImageObject\",\"inLanguage\":\"de\",\"@id\":\"https:\\\/\\\/bpk-archive.de\\\/tuellmann\\\/produkt\\\/rueckseite-von-lenin-buesten-im-russischen-pavillon-auf-der-35-biennale-von-venedig\\\/#primaryimage\",\"url\":\"https:\\\/\\\/bpk-archive.de\\\/tuellmann\\\/wp-content\\\/uploads\\\/2019\\\/08\\\/bpk_70242973.jpg\",\"contentUrl\":\"https:\\\/\\\/bpk-archive.de\\\/tuellmann\\\/wp-content\\\/uploads\\\/2019\\\/08\\\/bpk_70242973.jpg\",\"width\":1200,\"height\":974,\"caption\":\"R\u00fcckseite von: Lenin-B\u00fcsten im russischen Pavillon auf der 35. Biennale von Venedig\"},{\"@type\":\"BreadcrumbList\",\"@id\":\"https:\\\/\\\/bpk-archive.de\\\/tuellmann\\\/produkt\\\/rueckseite-von-lenin-buesten-im-russischen-pavillon-auf-der-35-biennale-von-venedig\\\/#breadcrumb\",\"itemListElement\":[{\"@type\":\"ListItem\",\"position\":1,\"name\":\"Startseite\",\"item\":\"https:\\\/\\\/bpk-archive.de\\\/tuellmann\\\/\"},{\"@type\":\"ListItem\",\"position\":2,\"name\":\"Shop\",\"item\":\"https:\\\/\\\/bpk-archive.de\\\/tuellmann\\\/shop\\\/\"},{\"@type\":\"ListItem\",\"position\":3,\"name\":\"R\u00fcckseite von: Lenin-B\u00fcsten im russischen Pavillon auf der 35. Biennale von Venedig\"}]},{\"@type\":\"WebSite\",\"@id\":\"https:\\\/\\\/bpk-archive.de\\\/tuellmann\\\/#website\",\"url\":\"https:\\\/\\\/bpk-archive.de\\\/tuellmann\\\/\",\"name\":\"Abisag T\u00fcllmann\",\"description\":\"Eine weitere WordPress-Website\",\"potentialAction\":[{\"@type\":\"SearchAction\",\"target\":{\"@type\":\"EntryPoint\",\"urlTemplate\":\"https:\\\/\\\/bpk-archive.de\\\/tuellmann\\\/?s={search_term_string}\"},\"query-input\":{\"@type\":\"PropertyValueSpecification\",\"valueRequired\":true,\"valueName\":\"search_term_string\"}}],\"inLanguage\":\"de\"}]}<\/script>\n<!-- \/ Yoast SEO plugin. -->","yoast_head_json":{"title":"R\u00fcckseite von: Lenin-B\u00fcsten im russischen Pavillon auf der 35. Biennale von Venedig - Abisag T\u00fcllmann","robots":{"index":"index","follow":"follow","max-snippet":"max-snippet:-1","max-image-preview":"max-image-preview:large","max-video-preview":"max-video-preview:-1"},"canonical":"https:\/\/bpk-archive.de\/tuellmann\/produkt\/rueckseite-von-lenin-buesten-im-russischen-pavillon-auf-der-35-biennale-von-venedig\/","og_locale":"de_DE","og_type":"article","og_title":"R\u00fcckseite von: Lenin-B\u00fcsten im russischen Pavillon auf der 35. Biennale von Venedig - Abisag T\u00fcllmann","og_description":"Vorderseite siehe: 70242972 R\u00fcckseitenbeschriftung von Hand der Fotografin: &#8222;Sowietunion&#8220;","og_url":"https:\/\/bpk-archive.de\/tuellmann\/produkt\/rueckseite-von-lenin-buesten-im-russischen-pavillon-auf-der-35-biennale-von-venedig\/","og_site_name":"Abisag T\u00fcllmann","article_modified_time":"2019-09-05T14:23:23+00:00","og_image":[{"width":1200,"height":974,"url":"https:\/\/bpk-archive.de\/tuellmann\/wp-content\/uploads\/2019\/08\/bpk_70242973.jpg","type":"image\/jpeg"}],"twitter_card":"summary_large_image","schema":{"@context":"https:\/\/schema.org","@graph":[{"@type":"WebPage","@id":"https:\/\/bpk-archive.de\/tuellmann\/produkt\/rueckseite-von-lenin-buesten-im-russischen-pavillon-auf-der-35-biennale-von-venedig\/","url":"https:\/\/bpk-archive.de\/tuellmann\/produkt\/rueckseite-von-lenin-buesten-im-russischen-pavillon-auf-der-35-biennale-von-venedig\/","name":"R\u00fcckseite von: Lenin-B\u00fcsten im russischen Pavillon auf der 35. Biennale von Venedig - Abisag T\u00fcllmann","isPartOf":{"@id":"https:\/\/bpk-archive.de\/tuellmann\/#website"},"primaryImageOfPage":{"@id":"https:\/\/bpk-archive.de\/tuellmann\/produkt\/rueckseite-von-lenin-buesten-im-russischen-pavillon-auf-der-35-biennale-von-venedig\/#primaryimage"},"image":{"@id":"https:\/\/bpk-archive.de\/tuellmann\/produkt\/rueckseite-von-lenin-buesten-im-russischen-pavillon-auf-der-35-biennale-von-venedig\/#primaryimage"},"thumbnailUrl":"https:\/\/bpk-archive.de\/tuellmann\/wp-content\/uploads\/2019\/08\/bpk_70242973.jpg","datePublished":"2019-09-05T14:23:14+00:00","dateModified":"2019-09-05T14:23:23+00:00","breadcrumb":{"@id":"https:\/\/bpk-archive.de\/tuellmann\/produkt\/rueckseite-von-lenin-buesten-im-russischen-pavillon-auf-der-35-biennale-von-venedig\/#breadcrumb"},"inLanguage":"de","potentialAction":[{"@type":"ReadAction","target":["https:\/\/bpk-archive.de\/tuellmann\/produkt\/rueckseite-von-lenin-buesten-im-russischen-pavillon-auf-der-35-biennale-von-venedig\/"]}]},{"@type":"ImageObject","inLanguage":"de","@id":"https:\/\/bpk-archive.de\/tuellmann\/produkt\/rueckseite-von-lenin-buesten-im-russischen-pavillon-auf-der-35-biennale-von-venedig\/#primaryimage","url":"https:\/\/bpk-archive.de\/tuellmann\/wp-content\/uploads\/2019\/08\/bpk_70242973.jpg","contentUrl":"https:\/\/bpk-archive.de\/tuellmann\/wp-content\/uploads\/2019\/08\/bpk_70242973.jpg","width":1200,"height":974,"caption":"R\u00fcckseite von: Lenin-B\u00fcsten im russischen Pavillon auf der 35. Biennale von Venedig"},{"@type":"BreadcrumbList","@id":"https:\/\/bpk-archive.de\/tuellmann\/produkt\/rueckseite-von-lenin-buesten-im-russischen-pavillon-auf-der-35-biennale-von-venedig\/#breadcrumb","itemListElement":[{"@type":"ListItem","position":1,"name":"Startseite","item":"https:\/\/bpk-archive.de\/tuellmann\/"},{"@type":"ListItem","position":2,"name":"Shop","item":"https:\/\/bpk-archive.de\/tuellmann\/shop\/"},{"@type":"ListItem","position":3,"name":"R\u00fcckseite von: Lenin-B\u00fcsten im russischen Pavillon auf der 35. Biennale von Venedig"}]},{"@type":"WebSite","@id":"https:\/\/bpk-archive.de\/tuellmann\/#website","url":"https:\/\/bpk-archive.de\/tuellmann\/","name":"Abisag T\u00fcllmann","description":"Eine weitere WordPress-Website","potentialAction":[{"@type":"SearchAction","target":{"@type":"EntryPoint","urlTemplate":"https:\/\/bpk-archive.de\/tuellmann\/?s={search_term_string}"},"query-input":{"@type":"PropertyValueSpecification","valueRequired":true,"valueName":"search_term_string"}}],"inLanguage":"de"}]}},"_links":{"self":[{"href":"https:\/\/bpk-archive.de\/tuellmann\/wp-json\/wp\/v2\/product\/70297249","targetHints":{"allow":["GET"]}}],"collection":[{"href":"https:\/\/bpk-archive.de\/tuellmann\/wp-json\/wp\/v2\/product"}],"about":[{"href":"https:\/\/bpk-archive.de\/tuellmann\/wp-json\/wp\/v2\/types\/product"}],"wp:featuredmedia":[{"embeddable":true,"href":"https:\/\/bpk-archive.de\/tuellmann\/wp-json\/wp\/v2\/media\/70292396"}],"wp:attachment":[{"href":"https:\/\/bpk-archive.de\/tuellmann\/wp-json\/wp\/v2\/media?parent=70297249"}],"wp:term":[{"taxonomy":"product_brand","embeddable":true,"href":"https:\/\/bpk-archive.de\/tuellmann\/wp-json\/wp\/v2\/product_brand?post=70297249"},{"taxonomy":"product_cat","embeddable":true,"href":"https:\/\/bpk-archive.de\/tuellmann\/wp-json\/wp\/v2\/product_cat?post=70297249"},{"taxonomy":"product_tag","embeddable":true,"href":"https:\/\/bpk-archive.de\/tuellmann\/wp-json\/wp\/v2\/product_tag?post=70297249"}],"curies":[{"name":"wp","href":"https:\/\/api.w.org\/{rel}","templated":true}]}}