{"id":70297242,"date":"2019-09-05T16:23:14","date_gmt":"2019-09-05T14:23:14","guid":{"rendered":"http:\/\/abisagtuellmann.bpk-news.de\/atbild\/eingang-zum-tschechoslowakischen-pavillon-auf-der-35-biennale-von-venedig\/"},"modified":"2020-04-28T11:13:48","modified_gmt":"2020-04-28T09:13:48","slug":"eingang-zum-tschechoslowakischen-pavillon-auf-der-35-biennale-von-venedig","status":"publish","type":"product","link":"https:\/\/bpk-archive.de\/tuellmann\/produkt\/eingang-zum-tschechoslowakischen-pavillon-auf-der-35-biennale-von-venedig\/","title":{"rendered":"Eingang zum tschechoslowakischen Pavillon auf der 35. Biennale von Venedig"},"content":{"rendered":"<p>\u00dcber Wand und T\u00fcr zieht sich der mit wei\u00dfer Farbe gepinselte Schriftzug &#8222;Chiusi per motivi &#8218;tecnici'&#8220; (&#8222;Aus &#8218;technischen&#8216; Gr\u00fcnden geschlossen&#8220;)<\/p>\n","protected":false},"excerpt":{"rendered":"<p>\u00dcber Wand und T\u00fcr zieht sich der mit wei\u00dfer Farbe gepinselte Schriftzug &#8222;Chiusi per motivi &#8218;tecnici&#8217;&#8220; (&#8222;Aus &#8218;technischen&#8216; Gr\u00fcnden geschlossen&#8220;)<\/p>\n","protected":false},"featured_media":70292402,"template":"","meta":[],"product_brand":[],"product_cat":[73384],"product_tag":[13230,13232,13234,13231,13233,13235,63025,13777,60161,48438,13250,48185,48186,50837,50838,56058,56059,56064,56065,56072,13253,13254,13255,13256,13257,13260,48698,13293,13786,13787,13294,13295,13296,13297,48727,48728,48729,48730,48731,63972,63973,13301,51508,51511,51512,51513,51514,51515,51516,56428,56080,13499,13500,56081,13505,13506,51518,51519,51520,51521,51522,51523,51524,51597,51599,51600,51602,56082,56083,56084,13328,13827,13828,13329,13330,13331,13332,52789,52790,52791,13843,13877,13879,48364,48365,13865,13864,13866,13858,13859,13860,13861,13862,13863,13354,13869,13870,13871,13872,51537,51539,51540,51541,51542,51543,51544,13878,13880,49348,49349,49350,49351,58182,58183,58185,58186,58189,58187,58188,58190,58192,58194,58195,58196,58197,58198,58199,55983,55984,55988,55989,55990,55991,55992,55993,48228,56096,56097],"class_list":{"0":"post-70297242","1":"product","2":"type-product","3":"status-publish","4":"has-post-thumbnail","6":"product_cat-kunst","7":"product_tag-1970er-jahre","8":"product_tag-20-jahrhundert-nach-chr","9":"product_tag-20-jh-n-chr","10":"product_tag-20-jahrhundert","11":"product_tag-20-jh","12":"product_tag-70er","13":"product_tag-abt_007","14":"product_tag-abzug","15":"product_tag-at_kunst","16":"product_tag-aufschrift","17":"product_tag-aussen","18":"product_tag-aussenansicht","19":"product_tag-aussenansichten","20":"product_tag-ausstellung","21":"product_tag-ausstellungen","22":"product_tag-ausstellungspavillon","23":"product_tag-ausstellungspavillons","24":"product_tag-biennale","25":"product_tag-bildende-kunst","26":"product_tag-contemporary-art","27":"product_tag-deutsch","28":"product_tag-deutsche","29":"product_tag-deutschen","30":"product_tag-deutscher","31":"product_tag-deutsches","32":"product_tag-draussen","33":"product_tag-eingang","34":"product_tag-foto","35":"product_tag-fotoabzug","36":"product_tag-fotoabzuege","37":"product_tag-fotografie","38":"product_tag-fotografien","39":"product_tag-fotografin","40":"product_tag-fotografinnen","41":"product_tag-geschlossen","42":"product_tag-geschlossene","43":"product_tag-geschlossenen","44":"product_tag-geschlossener","45":"product_tag-geschlossenes","46":"product_tag-hinweis","47":"product_tag-hinweise","48":"product_tag-im-freien","49":"product_tag-italien","50":"product_tag-italienisch","51":"product_tag-italienische","52":"product_tag-italienischen","53":"product_tag-italienischer","54":"product_tag-italienisches","55":"product_tag-italiens","56":"product_tag-kultur","57":"product_tag-kunst","58":"product_tag-kunstausstellung","59":"product_tag-kunstausstellungen","60":"product_tag-kuenste","61":"product_tag-kunstwerk","62":"product_tag-kunstwerke","63":"product_tag-mediterran","64":"product_tag-mediterrane","65":"product_tag-mediterranen","66":"product_tag-mediterraner","67":"product_tag-mediterranes","68":"product_tag-mittelmeerland","69":"product_tag-mittelmeerlaender","70":"product_tag-norditalien","71":"product_tag-norditalienisch","72":"product_tag-oberitalien","73":"product_tag-oberitalienisch","74":"product_tag-pavillion","75":"product_tag-pavillon","76":"product_tag-pavillons","77":"product_tag-photo","78":"product_tag-photoabzug","79":"product_tag-photoabzuege","80":"product_tag-photographie","81":"product_tag-photographien","82":"product_tag-photographin","83":"product_tag-photographinnen","84":"product_tag-portal","85":"product_tag-portale","86":"product_tag-portalen","87":"product_tag-print","88":"product_tag-s-w-fotografie","89":"product_tag-s-w-photographie","90":"product_tag-schrift","91":"product_tag-schriften","92":"product_tag-schwarzweissphotographie","93":"product_tag-schwarz-weiss-fotografie","94":"product_tag-schwarz-weiss-photographie","95":"product_tag-schwarzweiss","96":"product_tag-schwarzweisse","97":"product_tag-schwarzweissen","98":"product_tag-schwarzweisser","99":"product_tag-schwarzweisses","100":"product_tag-schwarzweissfotografie","101":"product_tag-siebziger","102":"product_tag-silbergelatine","103":"product_tag-silbergelatineabzug","104":"product_tag-silbergelatineabzuege","105":"product_tag-silbergelatineprint","106":"product_tag-suedeuropa","107":"product_tag-suedeuropaeisch","108":"product_tag-suedeuropaeische","109":"product_tag-suedeuropaeischem","110":"product_tag-suedeuropaeischen","111":"product_tag-suedeuropaeischer","112":"product_tag-suedeuropaeisches","113":"product_tag-sw-fotografie","114":"product_tag-sw-photographie","115":"product_tag-tor","116":"product_tag-tore","117":"product_tag-tores","118":"product_tag-tors","119":"product_tag-tschechei","120":"product_tag-tschechien","121":"product_tag-tschechisch","122":"product_tag-tschechische","123":"product_tag-tschechische-republik","124":"product_tag-tschechischen","125":"product_tag-tschechischer","126":"product_tag-tschechisches","127":"product_tag-tschechoslowakei","128":"product_tag-tschechoslowakisch","129":"product_tag-tschechoslowakische","130":"product_tag-tschechoslowakischem","131":"product_tag-tschechoslowakischen","132":"product_tag-tschechoslowakischer","133":"product_tag-tschechoslowakisches","134":"product_tag-venedig","135":"product_tag-venedigs","136":"product_tag-venezianisch","137":"product_tag-venezianische","138":"product_tag-venezianischem","139":"product_tag-venezianischen","140":"product_tag-venezianischer","141":"product_tag-venezianisches","142":"product_tag-von-aussen","143":"product_tag-zeitgenoessische-kunst","144":"product_tag-zeitgenoessischen-kunst","145":"pa_datierung-juni-1970","146":"pa_fotograf-abisag-tuellmann","147":"pa_geografischer_bezug-aufnahmeort-venedig-italien","148":"pa_grunddaten_material_technik-foto-silbergelatine-auf-barytpapier","149":"pa_inventarnummer-tue-70-211-34a","150":"pa_jahr_von-53324","151":"pa_massangaben-bildformat-foto-236-x-294-cm","152":"pa_mediennummer-67613","153":"pa_objekt_typ-fotografie","155":"first","156":"instock","157":"product-type-simple"},"yoast_head":"<!-- This site is optimized with the Yoast SEO plugin v27.4 - https:\/\/yoast.com\/product\/yoast-seo-wordpress\/ -->\n<title>Eingang zum tschechoslowakischen Pavillon auf der 35. Biennale von Venedig - Abisag T\u00fcllmann<\/title>\n<meta name=\"robots\" content=\"index, follow, max-snippet:-1, max-image-preview:large, max-video-preview:-1\" \/>\n<link rel=\"canonical\" href=\"https:\/\/bpk-archive.de\/tuellmann\/produkt\/eingang-zum-tschechoslowakischen-pavillon-auf-der-35-biennale-von-venedig\/\" \/>\n<meta property=\"og:locale\" content=\"de_DE\" \/>\n<meta property=\"og:type\" content=\"article\" \/>\n<meta property=\"og:title\" content=\"Eingang zum tschechoslowakischen Pavillon auf der 35. Biennale von Venedig - Abisag T\u00fcllmann\" \/>\n<meta property=\"og:description\" content=\"\u00dcber Wand und T\u00fcr zieht sich der mit wei\u00dfer Farbe gepinselte Schriftzug &#8222;Chiusi per motivi &#8218;tecnici&#039;&#8220; (&#8222;Aus &#8218;technischen&#8216; Gr\u00fcnden geschlossen&#8220;)\" \/>\n<meta property=\"og:url\" content=\"https:\/\/bpk-archive.de\/tuellmann\/produkt\/eingang-zum-tschechoslowakischen-pavillon-auf-der-35-biennale-von-venedig\/\" \/>\n<meta property=\"og:site_name\" content=\"Abisag T\u00fcllmann\" \/>\n<meta property=\"article:modified_time\" content=\"2020-04-28T09:13:48+00:00\" \/>\n<meta property=\"og:image\" content=\"https:\/\/bpk-archive.de\/tuellmann\/wp-content\/uploads\/2019\/08\/bpk_70242975.jpg\" \/>\n\t<meta property=\"og:image:width\" content=\"1200\" \/>\n\t<meta property=\"og:image:height\" content=\"973\" \/>\n\t<meta property=\"og:image:type\" content=\"image\/jpeg\" \/>\n<meta name=\"twitter:card\" content=\"summary_large_image\" \/>\n<script type=\"application\/ld+json\" class=\"yoast-schema-graph\">{\"@context\":\"https:\\\/\\\/schema.org\",\"@graph\":[{\"@type\":\"WebPage\",\"@id\":\"https:\\\/\\\/bpk-archive.de\\\/tuellmann\\\/produkt\\\/eingang-zum-tschechoslowakischen-pavillon-auf-der-35-biennale-von-venedig\\\/\",\"url\":\"https:\\\/\\\/bpk-archive.de\\\/tuellmann\\\/produkt\\\/eingang-zum-tschechoslowakischen-pavillon-auf-der-35-biennale-von-venedig\\\/\",\"name\":\"Eingang zum tschechoslowakischen Pavillon auf der 35. Biennale von Venedig - Abisag T\u00fcllmann\",\"isPartOf\":{\"@id\":\"https:\\\/\\\/bpk-archive.de\\\/tuellmann\\\/#website\"},\"primaryImageOfPage\":{\"@id\":\"https:\\\/\\\/bpk-archive.de\\\/tuellmann\\\/produkt\\\/eingang-zum-tschechoslowakischen-pavillon-auf-der-35-biennale-von-venedig\\\/#primaryimage\"},\"image\":{\"@id\":\"https:\\\/\\\/bpk-archive.de\\\/tuellmann\\\/produkt\\\/eingang-zum-tschechoslowakischen-pavillon-auf-der-35-biennale-von-venedig\\\/#primaryimage\"},\"thumbnailUrl\":\"https:\\\/\\\/bpk-archive.de\\\/tuellmann\\\/wp-content\\\/uploads\\\/2019\\\/08\\\/bpk_70242975.jpg\",\"datePublished\":\"2019-09-05T14:23:14+00:00\",\"dateModified\":\"2020-04-28T09:13:48+00:00\",\"breadcrumb\":{\"@id\":\"https:\\\/\\\/bpk-archive.de\\\/tuellmann\\\/produkt\\\/eingang-zum-tschechoslowakischen-pavillon-auf-der-35-biennale-von-venedig\\\/#breadcrumb\"},\"inLanguage\":\"de\",\"potentialAction\":[{\"@type\":\"ReadAction\",\"target\":[\"https:\\\/\\\/bpk-archive.de\\\/tuellmann\\\/produkt\\\/eingang-zum-tschechoslowakischen-pavillon-auf-der-35-biennale-von-venedig\\\/\"]}]},{\"@type\":\"ImageObject\",\"inLanguage\":\"de\",\"@id\":\"https:\\\/\\\/bpk-archive.de\\\/tuellmann\\\/produkt\\\/eingang-zum-tschechoslowakischen-pavillon-auf-der-35-biennale-von-venedig\\\/#primaryimage\",\"url\":\"https:\\\/\\\/bpk-archive.de\\\/tuellmann\\\/wp-content\\\/uploads\\\/2019\\\/08\\\/bpk_70242975.jpg\",\"contentUrl\":\"https:\\\/\\\/bpk-archive.de\\\/tuellmann\\\/wp-content\\\/uploads\\\/2019\\\/08\\\/bpk_70242975.jpg\",\"width\":1200,\"height\":973,\"caption\":\"Eingang zum tschechoslowakischen Pavillon auf der 35. Biennale von Venedig\"},{\"@type\":\"BreadcrumbList\",\"@id\":\"https:\\\/\\\/bpk-archive.de\\\/tuellmann\\\/produkt\\\/eingang-zum-tschechoslowakischen-pavillon-auf-der-35-biennale-von-venedig\\\/#breadcrumb\",\"itemListElement\":[{\"@type\":\"ListItem\",\"position\":1,\"name\":\"Startseite\",\"item\":\"https:\\\/\\\/bpk-archive.de\\\/tuellmann\\\/\"},{\"@type\":\"ListItem\",\"position\":2,\"name\":\"Shop\",\"item\":\"https:\\\/\\\/bpk-archive.de\\\/tuellmann\\\/shop\\\/\"},{\"@type\":\"ListItem\",\"position\":3,\"name\":\"Eingang zum tschechoslowakischen Pavillon auf der 35. Biennale von Venedig\"}]},{\"@type\":\"WebSite\",\"@id\":\"https:\\\/\\\/bpk-archive.de\\\/tuellmann\\\/#website\",\"url\":\"https:\\\/\\\/bpk-archive.de\\\/tuellmann\\\/\",\"name\":\"Abisag T\u00fcllmann\",\"description\":\"Eine weitere WordPress-Website\",\"potentialAction\":[{\"@type\":\"SearchAction\",\"target\":{\"@type\":\"EntryPoint\",\"urlTemplate\":\"https:\\\/\\\/bpk-archive.de\\\/tuellmann\\\/?s={search_term_string}\"},\"query-input\":{\"@type\":\"PropertyValueSpecification\",\"valueRequired\":true,\"valueName\":\"search_term_string\"}}],\"inLanguage\":\"de\"}]}<\/script>\n<!-- \/ Yoast SEO plugin. -->","yoast_head_json":{"title":"Eingang zum tschechoslowakischen Pavillon auf der 35. Biennale von Venedig - Abisag T\u00fcllmann","robots":{"index":"index","follow":"follow","max-snippet":"max-snippet:-1","max-image-preview":"max-image-preview:large","max-video-preview":"max-video-preview:-1"},"canonical":"https:\/\/bpk-archive.de\/tuellmann\/produkt\/eingang-zum-tschechoslowakischen-pavillon-auf-der-35-biennale-von-venedig\/","og_locale":"de_DE","og_type":"article","og_title":"Eingang zum tschechoslowakischen Pavillon auf der 35. Biennale von Venedig - Abisag T\u00fcllmann","og_description":"\u00dcber Wand und T\u00fcr zieht sich der mit wei\u00dfer Farbe gepinselte Schriftzug &#8222;Chiusi per motivi &#8218;tecnici'&#8220; (&#8222;Aus &#8218;technischen&#8216; Gr\u00fcnden geschlossen&#8220;)","og_url":"https:\/\/bpk-archive.de\/tuellmann\/produkt\/eingang-zum-tschechoslowakischen-pavillon-auf-der-35-biennale-von-venedig\/","og_site_name":"Abisag T\u00fcllmann","article_modified_time":"2020-04-28T09:13:48+00:00","og_image":[{"width":1200,"height":973,"url":"https:\/\/bpk-archive.de\/tuellmann\/wp-content\/uploads\/2019\/08\/bpk_70242975.jpg","type":"image\/jpeg"}],"twitter_card":"summary_large_image","schema":{"@context":"https:\/\/schema.org","@graph":[{"@type":"WebPage","@id":"https:\/\/bpk-archive.de\/tuellmann\/produkt\/eingang-zum-tschechoslowakischen-pavillon-auf-der-35-biennale-von-venedig\/","url":"https:\/\/bpk-archive.de\/tuellmann\/produkt\/eingang-zum-tschechoslowakischen-pavillon-auf-der-35-biennale-von-venedig\/","name":"Eingang zum tschechoslowakischen Pavillon auf der 35. Biennale von Venedig - Abisag T\u00fcllmann","isPartOf":{"@id":"https:\/\/bpk-archive.de\/tuellmann\/#website"},"primaryImageOfPage":{"@id":"https:\/\/bpk-archive.de\/tuellmann\/produkt\/eingang-zum-tschechoslowakischen-pavillon-auf-der-35-biennale-von-venedig\/#primaryimage"},"image":{"@id":"https:\/\/bpk-archive.de\/tuellmann\/produkt\/eingang-zum-tschechoslowakischen-pavillon-auf-der-35-biennale-von-venedig\/#primaryimage"},"thumbnailUrl":"https:\/\/bpk-archive.de\/tuellmann\/wp-content\/uploads\/2019\/08\/bpk_70242975.jpg","datePublished":"2019-09-05T14:23:14+00:00","dateModified":"2020-04-28T09:13:48+00:00","breadcrumb":{"@id":"https:\/\/bpk-archive.de\/tuellmann\/produkt\/eingang-zum-tschechoslowakischen-pavillon-auf-der-35-biennale-von-venedig\/#breadcrumb"},"inLanguage":"de","potentialAction":[{"@type":"ReadAction","target":["https:\/\/bpk-archive.de\/tuellmann\/produkt\/eingang-zum-tschechoslowakischen-pavillon-auf-der-35-biennale-von-venedig\/"]}]},{"@type":"ImageObject","inLanguage":"de","@id":"https:\/\/bpk-archive.de\/tuellmann\/produkt\/eingang-zum-tschechoslowakischen-pavillon-auf-der-35-biennale-von-venedig\/#primaryimage","url":"https:\/\/bpk-archive.de\/tuellmann\/wp-content\/uploads\/2019\/08\/bpk_70242975.jpg","contentUrl":"https:\/\/bpk-archive.de\/tuellmann\/wp-content\/uploads\/2019\/08\/bpk_70242975.jpg","width":1200,"height":973,"caption":"Eingang zum tschechoslowakischen Pavillon auf der 35. Biennale von Venedig"},{"@type":"BreadcrumbList","@id":"https:\/\/bpk-archive.de\/tuellmann\/produkt\/eingang-zum-tschechoslowakischen-pavillon-auf-der-35-biennale-von-venedig\/#breadcrumb","itemListElement":[{"@type":"ListItem","position":1,"name":"Startseite","item":"https:\/\/bpk-archive.de\/tuellmann\/"},{"@type":"ListItem","position":2,"name":"Shop","item":"https:\/\/bpk-archive.de\/tuellmann\/shop\/"},{"@type":"ListItem","position":3,"name":"Eingang zum tschechoslowakischen Pavillon auf der 35. Biennale von Venedig"}]},{"@type":"WebSite","@id":"https:\/\/bpk-archive.de\/tuellmann\/#website","url":"https:\/\/bpk-archive.de\/tuellmann\/","name":"Abisag T\u00fcllmann","description":"Eine weitere WordPress-Website","potentialAction":[{"@type":"SearchAction","target":{"@type":"EntryPoint","urlTemplate":"https:\/\/bpk-archive.de\/tuellmann\/?s={search_term_string}"},"query-input":{"@type":"PropertyValueSpecification","valueRequired":true,"valueName":"search_term_string"}}],"inLanguage":"de"}]}},"_links":{"self":[{"href":"https:\/\/bpk-archive.de\/tuellmann\/wp-json\/wp\/v2\/product\/70297242","targetHints":{"allow":["GET"]}}],"collection":[{"href":"https:\/\/bpk-archive.de\/tuellmann\/wp-json\/wp\/v2\/product"}],"about":[{"href":"https:\/\/bpk-archive.de\/tuellmann\/wp-json\/wp\/v2\/types\/product"}],"wp:featuredmedia":[{"embeddable":true,"href":"https:\/\/bpk-archive.de\/tuellmann\/wp-json\/wp\/v2\/media\/70292402"}],"wp:attachment":[{"href":"https:\/\/bpk-archive.de\/tuellmann\/wp-json\/wp\/v2\/media?parent=70297242"}],"wp:term":[{"taxonomy":"product_brand","embeddable":true,"href":"https:\/\/bpk-archive.de\/tuellmann\/wp-json\/wp\/v2\/product_brand?post=70297242"},{"taxonomy":"product_cat","embeddable":true,"href":"https:\/\/bpk-archive.de\/tuellmann\/wp-json\/wp\/v2\/product_cat?post=70297242"},{"taxonomy":"product_tag","embeddable":true,"href":"https:\/\/bpk-archive.de\/tuellmann\/wp-json\/wp\/v2\/product_tag?post=70297242"}],"curies":[{"name":"wp","href":"https:\/\/api.w.org\/{rel}","templated":true}]}}