{"id":70297230,"date":"2019-09-05T16:22:57","date_gmt":"2019-09-05T14:22:57","guid":{"rendered":"http:\/\/abisagtuellmann.bpk-news.de\/atbild\/frank-zappa-hinter-der-buehne-waehrend-seiner-deutschlandtournee-mit-the-mothers-of-invention\/"},"modified":"2019-09-05T16:23:07","modified_gmt":"2019-09-05T14:23:07","slug":"frank-zappa-hinter-der-buehne-waehrend-seiner-deutschlandtournee-mit-the-mothers-of-invention","status":"publish","type":"product","link":"https:\/\/bpk-archive.de\/tuellmann\/produkt\/frank-zappa-hinter-der-buehne-waehrend-seiner-deutschlandtournee-mit-the-mothers-of-invention\/","title":{"rendered":"Frank Zappa hinter der B\u00fchne w\u00e4hrend seiner Deutschlandtournee mit &#8222;The Mothers of Invention&#8220;"},"content":{"rendered":"<p>R\u00fcckseitenbeschriftung von anderer Hand: &#8222;Frank Zappa&#8220;<\/p>\n","protected":false},"excerpt":{"rendered":"<p>R\u00fcckseitenbeschriftung von anderer Hand: &#8222;Frank Zappa&#8220;<\/p>\n","protected":false},"featured_media":70292005,"template":"","meta":[],"product_brand":[],"product_cat":[],"product_tag":[13774,13232,49666,13234,49667,13231,13233,13775,63025,13777,51250,51251,51252,66247,13784,13785,13469,13470,13253,13254,13255,13256,13257,13471,13472,13473,13293,13786,13787,13294,13295,13296,13297,13485,13486,13482,13481,13483,13484,13492,13493,13494,13495,13496,13497,13498,67552,67553,56428,13818,13819,13826,49802,56158,56159,56160,13328,13827,13828,13329,13330,13331,13332,13829,13835,13836,13842,13843,14073,14074,14075,14076,14077,56163,13877,13879,13865,13864,13866,13858,13859,13860,13861,13862,13863,13867,13869,13870,13871,13872,13878,13880,51272,51273,51274,51275,51276,51277,51278,13525],"class_list":{"0":"post-70297230","1":"product","2":"type-product","3":"status-publish","4":"has-post-thumbnail","6":"product_tag-1960er-jahre","7":"product_tag-20-jahrhundert-nach-chr","8":"product_tag-20-jahrhundert-vor-chr","9":"product_tag-20-jh-n-chr","10":"product_tag-20-jh-v-chr","11":"product_tag-20-jahrhundert","12":"product_tag-20-jh","13":"product_tag-60er","14":"product_tag-abt_007","15":"product_tag-abzug","16":"product_tag-amerikaner","17":"product_tag-amerikanern","18":"product_tag-amerikaners","19":"product_tag-at_musik","20":"product_tag-bildnis","21":"product_tag-bildnisse","22":"product_tag-brd","23":"product_tag-bundesrepublik-deutschland","24":"product_tag-deutsch","25":"product_tag-deutsche","26":"product_tag-deutschen","27":"product_tag-deutscher","28":"product_tag-deutsches","29":"product_tag-deutschland","30":"product_tag-deutschlands","31":"product_tag-drinnen","32":"product_tag-foto","33":"product_tag-fotoabzug","34":"product_tag-fotoabzuege","35":"product_tag-fotografie","36":"product_tag-fotografien","37":"product_tag-fotografin","38":"product_tag-fotografinnen","39":"product_tag-frankfurt-m","40":"product_tag-frankfurt-main","41":"product_tag-frankfurt-a-main","42":"product_tag-frankfurt-a-m","43":"product_tag-frankfurt-am-main","44":"product_tag-frankfurter","45":"product_tag-hessen","46":"product_tag-hessisch","47":"product_tag-hessische","48":"product_tag-hessischen","49":"product_tag-hessischer","50":"product_tag-hessisches","51":"product_tag-innen","52":"product_tag-komponist","53":"product_tag-komponisten","54":"product_tag-kultur","55":"product_tag-mann","56":"product_tag-maenner","57":"product_tag-mannes","58":"product_tag-musik","59":"product_tag-musiker","60":"product_tag-musikern","61":"product_tag-musikers","62":"product_tag-photo","63":"product_tag-photoabzug","64":"product_tag-photoabzuege","65":"product_tag-photographie","66":"product_tag-photographien","67":"product_tag-photographin","68":"product_tag-photographinnen","69":"product_tag-portrait","70":"product_tag-portraits","71":"product_tag-portraet","72":"product_tag-portraets","73":"product_tag-print","74":"product_tag-rauchend","75":"product_tag-rauchende","76":"product_tag-rauchenden","77":"product_tag-rauchender","78":"product_tag-rauchendes","79":"product_tag-rockmusik","80":"product_tag-s-w-fotografie","81":"product_tag-s-w-photographie","82":"product_tag-schwarzweissphotographie","83":"product_tag-schwarz-weiss-fotografie","84":"product_tag-schwarz-weiss-photographie","85":"product_tag-schwarzweiss","86":"product_tag-schwarzweisse","87":"product_tag-schwarzweissen","88":"product_tag-schwarzweisser","89":"product_tag-schwarzweisses","90":"product_tag-schwarzweissfotografie","91":"product_tag-sechziger","92":"product_tag-silbergelatine","93":"product_tag-silbergelatineabzug","94":"product_tag-silbergelatineabzuege","95":"product_tag-silbergelatineprint","96":"product_tag-sw-fotografie","97":"product_tag-sw-photographie","98":"product_tag-us-amerikaner","99":"product_tag-us-amerikaners","100":"product_tag-us-amerikanisch","101":"product_tag-us-amerikanische","102":"product_tag-us-amerikanischen","103":"product_tag-us-amerikanischer","104":"product_tag-us-amerikanisches","105":"product_tag-von-innen","106":"pa_datierung-september-1968","107":"pa_fotograf-abisag-tuellmann","108":"pa_geografischer_bezug-aufnahmeort-frankfurt-am-main-deutschland","109":"pa_grunddaten_material_technik-foto-silbergelatine-auf-barytpapier","110":"pa_inventarnummer-tue-68-258-03a","111":"pa_jahr_von-14267","112":"pa_massangaben-bildformat-foto-199-x-296-cm","113":"pa_mediennummer-67579","114":"pa_objekt_typ-fotografie","116":"first","117":"instock","118":"product-type-simple"},"yoast_head":"<!-- This site is optimized with the Yoast SEO plugin v27.3 - https:\/\/yoast.com\/product\/yoast-seo-wordpress\/ -->\n<title>Frank Zappa hinter der B\u00fchne w\u00e4hrend seiner Deutschlandtournee mit &quot;The Mothers of Invention&quot; - Abisag T\u00fcllmann<\/title>\n<meta name=\"robots\" content=\"index, follow, max-snippet:-1, max-image-preview:large, max-video-preview:-1\" \/>\n<link rel=\"canonical\" href=\"https:\/\/bpk-archive.de\/tuellmann\/produkt\/frank-zappa-hinter-der-buehne-waehrend-seiner-deutschlandtournee-mit-the-mothers-of-invention\/\" \/>\n<meta property=\"og:locale\" content=\"de_DE\" \/>\n<meta property=\"og:type\" content=\"article\" \/>\n<meta property=\"og:title\" content=\"Frank Zappa hinter der B\u00fchne w\u00e4hrend seiner Deutschlandtournee mit &quot;The Mothers of Invention&quot; - Abisag T\u00fcllmann\" \/>\n<meta property=\"og:description\" content=\"R\u00fcckseitenbeschriftung von anderer Hand: &#8222;Frank Zappa&#8220;\" \/>\n<meta property=\"og:url\" content=\"https:\/\/bpk-archive.de\/tuellmann\/produkt\/frank-zappa-hinter-der-buehne-waehrend-seiner-deutschlandtournee-mit-the-mothers-of-invention\/\" \/>\n<meta property=\"og:site_name\" content=\"Abisag T\u00fcllmann\" \/>\n<meta property=\"article:modified_time\" content=\"2019-09-05T14:23:07+00:00\" \/>\n<meta property=\"og:image\" content=\"https:\/\/bpk-archive.de\/tuellmann\/wp-content\/uploads\/2019\/08\/bpk_70242667.jpg\" \/>\n\t<meta property=\"og:image:width\" content=\"1200\" \/>\n\t<meta property=\"og:image:height\" content=\"822\" \/>\n\t<meta property=\"og:image:type\" content=\"image\/jpeg\" \/>\n<meta name=\"twitter:card\" content=\"summary_large_image\" \/>\n<script type=\"application\/ld+json\" class=\"yoast-schema-graph\">{\"@context\":\"https:\\\/\\\/schema.org\",\"@graph\":[{\"@type\":\"WebPage\",\"@id\":\"https:\\\/\\\/bpk-archive.de\\\/tuellmann\\\/produkt\\\/frank-zappa-hinter-der-buehne-waehrend-seiner-deutschlandtournee-mit-the-mothers-of-invention\\\/\",\"url\":\"https:\\\/\\\/bpk-archive.de\\\/tuellmann\\\/produkt\\\/frank-zappa-hinter-der-buehne-waehrend-seiner-deutschlandtournee-mit-the-mothers-of-invention\\\/\",\"name\":\"Frank Zappa hinter der B\u00fchne w\u00e4hrend seiner Deutschlandtournee mit \\\"The Mothers of Invention\\\" - Abisag T\u00fcllmann\",\"isPartOf\":{\"@id\":\"https:\\\/\\\/bpk-archive.de\\\/tuellmann\\\/#website\"},\"primaryImageOfPage\":{\"@id\":\"https:\\\/\\\/bpk-archive.de\\\/tuellmann\\\/produkt\\\/frank-zappa-hinter-der-buehne-waehrend-seiner-deutschlandtournee-mit-the-mothers-of-invention\\\/#primaryimage\"},\"image\":{\"@id\":\"https:\\\/\\\/bpk-archive.de\\\/tuellmann\\\/produkt\\\/frank-zappa-hinter-der-buehne-waehrend-seiner-deutschlandtournee-mit-the-mothers-of-invention\\\/#primaryimage\"},\"thumbnailUrl\":\"https:\\\/\\\/bpk-archive.de\\\/tuellmann\\\/wp-content\\\/uploads\\\/2019\\\/08\\\/bpk_70242667.jpg\",\"datePublished\":\"2019-09-05T14:22:57+00:00\",\"dateModified\":\"2019-09-05T14:23:07+00:00\",\"breadcrumb\":{\"@id\":\"https:\\\/\\\/bpk-archive.de\\\/tuellmann\\\/produkt\\\/frank-zappa-hinter-der-buehne-waehrend-seiner-deutschlandtournee-mit-the-mothers-of-invention\\\/#breadcrumb\"},\"inLanguage\":\"de\",\"potentialAction\":[{\"@type\":\"ReadAction\",\"target\":[\"https:\\\/\\\/bpk-archive.de\\\/tuellmann\\\/produkt\\\/frank-zappa-hinter-der-buehne-waehrend-seiner-deutschlandtournee-mit-the-mothers-of-invention\\\/\"]}]},{\"@type\":\"ImageObject\",\"inLanguage\":\"de\",\"@id\":\"https:\\\/\\\/bpk-archive.de\\\/tuellmann\\\/produkt\\\/frank-zappa-hinter-der-buehne-waehrend-seiner-deutschlandtournee-mit-the-mothers-of-invention\\\/#primaryimage\",\"url\":\"https:\\\/\\\/bpk-archive.de\\\/tuellmann\\\/wp-content\\\/uploads\\\/2019\\\/08\\\/bpk_70242667.jpg\",\"contentUrl\":\"https:\\\/\\\/bpk-archive.de\\\/tuellmann\\\/wp-content\\\/uploads\\\/2019\\\/08\\\/bpk_70242667.jpg\",\"width\":1200,\"height\":822,\"caption\":\"Frank Zappa hinter der B\u00fchne w\u00e4hrend seiner Deutschlandtournee mit \\\"The Mothers of Invention\\\"\"},{\"@type\":\"BreadcrumbList\",\"@id\":\"https:\\\/\\\/bpk-archive.de\\\/tuellmann\\\/produkt\\\/frank-zappa-hinter-der-buehne-waehrend-seiner-deutschlandtournee-mit-the-mothers-of-invention\\\/#breadcrumb\",\"itemListElement\":[{\"@type\":\"ListItem\",\"position\":1,\"name\":\"Startseite\",\"item\":\"https:\\\/\\\/bpk-archive.de\\\/tuellmann\\\/\"},{\"@type\":\"ListItem\",\"position\":2,\"name\":\"Shop\",\"item\":\"https:\\\/\\\/bpk-archive.de\\\/tuellmann\\\/shop\\\/\"},{\"@type\":\"ListItem\",\"position\":3,\"name\":\"Frank Zappa hinter der B\u00fchne w\u00e4hrend seiner Deutschlandtournee mit &#8220;The Mothers of Invention&#8221;\"}]},{\"@type\":\"WebSite\",\"@id\":\"https:\\\/\\\/bpk-archive.de\\\/tuellmann\\\/#website\",\"url\":\"https:\\\/\\\/bpk-archive.de\\\/tuellmann\\\/\",\"name\":\"Abisag T\u00fcllmann\",\"description\":\"Eine weitere WordPress-Website\",\"potentialAction\":[{\"@type\":\"SearchAction\",\"target\":{\"@type\":\"EntryPoint\",\"urlTemplate\":\"https:\\\/\\\/bpk-archive.de\\\/tuellmann\\\/?s={search_term_string}\"},\"query-input\":{\"@type\":\"PropertyValueSpecification\",\"valueRequired\":true,\"valueName\":\"search_term_string\"}}],\"inLanguage\":\"de\"}]}<\/script>\n<!-- \/ Yoast SEO plugin. -->","yoast_head_json":{"title":"Frank Zappa hinter der B\u00fchne w\u00e4hrend seiner Deutschlandtournee mit \"The Mothers of Invention\" - Abisag T\u00fcllmann","robots":{"index":"index","follow":"follow","max-snippet":"max-snippet:-1","max-image-preview":"max-image-preview:large","max-video-preview":"max-video-preview:-1"},"canonical":"https:\/\/bpk-archive.de\/tuellmann\/produkt\/frank-zappa-hinter-der-buehne-waehrend-seiner-deutschlandtournee-mit-the-mothers-of-invention\/","og_locale":"de_DE","og_type":"article","og_title":"Frank Zappa hinter der B\u00fchne w\u00e4hrend seiner Deutschlandtournee mit \"The Mothers of Invention\" - Abisag T\u00fcllmann","og_description":"R\u00fcckseitenbeschriftung von anderer Hand: &#8222;Frank Zappa&#8220;","og_url":"https:\/\/bpk-archive.de\/tuellmann\/produkt\/frank-zappa-hinter-der-buehne-waehrend-seiner-deutschlandtournee-mit-the-mothers-of-invention\/","og_site_name":"Abisag T\u00fcllmann","article_modified_time":"2019-09-05T14:23:07+00:00","og_image":[{"width":1200,"height":822,"url":"https:\/\/bpk-archive.de\/tuellmann\/wp-content\/uploads\/2019\/08\/bpk_70242667.jpg","type":"image\/jpeg"}],"twitter_card":"summary_large_image","schema":{"@context":"https:\/\/schema.org","@graph":[{"@type":"WebPage","@id":"https:\/\/bpk-archive.de\/tuellmann\/produkt\/frank-zappa-hinter-der-buehne-waehrend-seiner-deutschlandtournee-mit-the-mothers-of-invention\/","url":"https:\/\/bpk-archive.de\/tuellmann\/produkt\/frank-zappa-hinter-der-buehne-waehrend-seiner-deutschlandtournee-mit-the-mothers-of-invention\/","name":"Frank Zappa hinter der B\u00fchne w\u00e4hrend seiner Deutschlandtournee mit \"The Mothers of Invention\" - Abisag T\u00fcllmann","isPartOf":{"@id":"https:\/\/bpk-archive.de\/tuellmann\/#website"},"primaryImageOfPage":{"@id":"https:\/\/bpk-archive.de\/tuellmann\/produkt\/frank-zappa-hinter-der-buehne-waehrend-seiner-deutschlandtournee-mit-the-mothers-of-invention\/#primaryimage"},"image":{"@id":"https:\/\/bpk-archive.de\/tuellmann\/produkt\/frank-zappa-hinter-der-buehne-waehrend-seiner-deutschlandtournee-mit-the-mothers-of-invention\/#primaryimage"},"thumbnailUrl":"https:\/\/bpk-archive.de\/tuellmann\/wp-content\/uploads\/2019\/08\/bpk_70242667.jpg","datePublished":"2019-09-05T14:22:57+00:00","dateModified":"2019-09-05T14:23:07+00:00","breadcrumb":{"@id":"https:\/\/bpk-archive.de\/tuellmann\/produkt\/frank-zappa-hinter-der-buehne-waehrend-seiner-deutschlandtournee-mit-the-mothers-of-invention\/#breadcrumb"},"inLanguage":"de","potentialAction":[{"@type":"ReadAction","target":["https:\/\/bpk-archive.de\/tuellmann\/produkt\/frank-zappa-hinter-der-buehne-waehrend-seiner-deutschlandtournee-mit-the-mothers-of-invention\/"]}]},{"@type":"ImageObject","inLanguage":"de","@id":"https:\/\/bpk-archive.de\/tuellmann\/produkt\/frank-zappa-hinter-der-buehne-waehrend-seiner-deutschlandtournee-mit-the-mothers-of-invention\/#primaryimage","url":"https:\/\/bpk-archive.de\/tuellmann\/wp-content\/uploads\/2019\/08\/bpk_70242667.jpg","contentUrl":"https:\/\/bpk-archive.de\/tuellmann\/wp-content\/uploads\/2019\/08\/bpk_70242667.jpg","width":1200,"height":822,"caption":"Frank Zappa hinter der B\u00fchne w\u00e4hrend seiner Deutschlandtournee mit \"The Mothers of Invention\""},{"@type":"BreadcrumbList","@id":"https:\/\/bpk-archive.de\/tuellmann\/produkt\/frank-zappa-hinter-der-buehne-waehrend-seiner-deutschlandtournee-mit-the-mothers-of-invention\/#breadcrumb","itemListElement":[{"@type":"ListItem","position":1,"name":"Startseite","item":"https:\/\/bpk-archive.de\/tuellmann\/"},{"@type":"ListItem","position":2,"name":"Shop","item":"https:\/\/bpk-archive.de\/tuellmann\/shop\/"},{"@type":"ListItem","position":3,"name":"Frank Zappa hinter der B\u00fchne w\u00e4hrend seiner Deutschlandtournee mit &#8220;The Mothers of Invention&#8221;"}]},{"@type":"WebSite","@id":"https:\/\/bpk-archive.de\/tuellmann\/#website","url":"https:\/\/bpk-archive.de\/tuellmann\/","name":"Abisag T\u00fcllmann","description":"Eine weitere WordPress-Website","potentialAction":[{"@type":"SearchAction","target":{"@type":"EntryPoint","urlTemplate":"https:\/\/bpk-archive.de\/tuellmann\/?s={search_term_string}"},"query-input":{"@type":"PropertyValueSpecification","valueRequired":true,"valueName":"search_term_string"}}],"inLanguage":"de"}]}},"_links":{"self":[{"href":"https:\/\/bpk-archive.de\/tuellmann\/wp-json\/wp\/v2\/product\/70297230","targetHints":{"allow":["GET"]}}],"collection":[{"href":"https:\/\/bpk-archive.de\/tuellmann\/wp-json\/wp\/v2\/product"}],"about":[{"href":"https:\/\/bpk-archive.de\/tuellmann\/wp-json\/wp\/v2\/types\/product"}],"wp:featuredmedia":[{"embeddable":true,"href":"https:\/\/bpk-archive.de\/tuellmann\/wp-json\/wp\/v2\/media\/70292005"}],"wp:attachment":[{"href":"https:\/\/bpk-archive.de\/tuellmann\/wp-json\/wp\/v2\/media?parent=70297230"}],"wp:term":[{"taxonomy":"product_brand","embeddable":true,"href":"https:\/\/bpk-archive.de\/tuellmann\/wp-json\/wp\/v2\/product_brand?post=70297230"},{"taxonomy":"product_cat","embeddable":true,"href":"https:\/\/bpk-archive.de\/tuellmann\/wp-json\/wp\/v2\/product_cat?post=70297230"},{"taxonomy":"product_tag","embeddable":true,"href":"https:\/\/bpk-archive.de\/tuellmann\/wp-json\/wp\/v2\/product_tag?post=70297230"}],"curies":[{"name":"wp","href":"https:\/\/api.w.org\/{rel}","templated":true}]}}