{"id":70297228,"date":"2019-09-05T16:22:57","date_gmt":"2019-09-05T14:22:57","guid":{"rendered":"http:\/\/abisagtuellmann.bpk-news.de\/atbild\/james-taylor-bei-einem-auftritt-in-der-frankfurter-kongresshalle\/"},"modified":"2019-09-05T16:23:06","modified_gmt":"2019-09-05T14:23:06","slug":"james-taylor-bei-einem-auftritt-in-der-frankfurter-kongresshalle","status":"publish","type":"product","link":"https:\/\/bpk-archive.de\/tuellmann\/produkt\/james-taylor-bei-einem-auftritt-in-der-frankfurter-kongresshalle\/","title":{"rendered":"James Taylor bei einem Auftritt in der Frankfurter Kongre\u00dfhalle"},"content":{"rendered":"<p>R\u00fcckseitenbeschriftung von anderer Hand: &#8222;James Taylor&#8220;<\/p>\n","protected":false},"excerpt":{"rendered":"<p>R\u00fcckseitenbeschriftung von anderer Hand: &#8222;James Taylor&#8220;<\/p>\n","protected":false},"featured_media":70291972,"template":"","meta":[],"product_brand":[],"product_cat":[],"product_tag":[13230,13232,49666,13234,49667,13231,13233,13235,63025,13777,51250,51251,51252,66247,13469,13470,13253,13254,13255,13256,13257,13471,13472,13473,13293,13786,13787,13294,13295,13296,13297,13485,13486,13482,13481,13483,13484,56252,56253,56254,56255,13492,13493,13494,13495,13496,13497,13498,58785,58786,58787,56428,49802,13328,13827,13828,13329,13330,13331,13332,67575,13843,13877,13879,57451,57452,13865,13864,13866,13858,13859,13860,13861,13862,13863,13354,13869,13870,13871,13872,13878,13880,51272,51273,13525],"class_list":{"0":"post-70297228","1":"product","2":"type-product","3":"status-publish","4":"has-post-thumbnail","6":"product_tag-1970er-jahre","7":"product_tag-20-jahrhundert-nach-chr","8":"product_tag-20-jahrhundert-vor-chr","9":"product_tag-20-jh-n-chr","10":"product_tag-20-jh-v-chr","11":"product_tag-20-jahrhundert","12":"product_tag-20-jh","13":"product_tag-70er","14":"product_tag-abt_007","15":"product_tag-abzug","16":"product_tag-amerikaner","17":"product_tag-amerikanern","18":"product_tag-amerikaners","19":"product_tag-at_musik","20":"product_tag-brd","21":"product_tag-bundesrepublik-deutschland","22":"product_tag-deutsch","23":"product_tag-deutsche","24":"product_tag-deutschen","25":"product_tag-deutscher","26":"product_tag-deutsches","27":"product_tag-deutschland","28":"product_tag-deutschlands","29":"product_tag-drinnen","30":"product_tag-foto","31":"product_tag-fotoabzug","32":"product_tag-fotoabzuege","33":"product_tag-fotografie","34":"product_tag-fotografien","35":"product_tag-fotografin","36":"product_tag-fotografinnen","37":"product_tag-frankfurt-m","38":"product_tag-frankfurt-main","39":"product_tag-frankfurt-a-main","40":"product_tag-frankfurt-a-m","41":"product_tag-frankfurt-am-main","42":"product_tag-frankfurter","43":"product_tag-gitarrenspieler","44":"product_tag-gitarrenspielers","45":"product_tag-gitarrist","46":"product_tag-gitarristen","47":"product_tag-hessen","48":"product_tag-hessisch","49":"product_tag-hessische","50":"product_tag-hessischen","51":"product_tag-hessischer","52":"product_tag-hessisches","53":"product_tag-innen","54":"product_tag-konzert","55":"product_tag-konzerte","56":"product_tag-konzerts","57":"product_tag-kultur","58":"product_tag-musik","59":"product_tag-photo","60":"product_tag-photoabzug","61":"product_tag-photoabzuege","62":"product_tag-photographie","63":"product_tag-photographien","64":"product_tag-photographin","65":"product_tag-photographinnen","66":"product_tag-popmusik","67":"product_tag-print","68":"product_tag-s-w-fotografie","69":"product_tag-s-w-photographie","70":"product_tag-saenger","71":"product_tag-saengers","72":"product_tag-schwarzweissphotographie","73":"product_tag-schwarz-weiss-fotografie","74":"product_tag-schwarz-weiss-photographie","75":"product_tag-schwarzweiss","76":"product_tag-schwarzweisse","77":"product_tag-schwarzweissen","78":"product_tag-schwarzweisser","79":"product_tag-schwarzweisses","80":"product_tag-schwarzweissfotografie","81":"product_tag-siebziger","82":"product_tag-silbergelatine","83":"product_tag-silbergelatineabzug","84":"product_tag-silbergelatineabzuege","85":"product_tag-silbergelatineprint","86":"product_tag-sw-fotografie","87":"product_tag-sw-photographie","88":"product_tag-us-amerikaner","89":"product_tag-us-amerikaners","90":"product_tag-von-innen","91":"pa_datierung-20-07-1971","92":"pa_fotograf-abisag-tuellmann","93":"pa_geografischer_bezug-aufnahmeort-frankfurt-am-main-deutschland","94":"pa_grunddaten_material_technik-foto-silbergelatine-auf-barytpapier","95":"pa_inventarnummer-tue-71-091-01a","96":"pa_jahr_von-49516","97":"pa_massangaben-bildformat-foto-236-x-294-cm","98":"pa_mediennummer-67572","99":"pa_objekt_typ-fotografie","101":"first","102":"instock","103":"product-type-simple"},"yoast_head":"<!-- This site is optimized with the Yoast SEO plugin v27.4 - https:\/\/yoast.com\/product\/yoast-seo-wordpress\/ -->\n<title>James Taylor bei einem Auftritt in der Frankfurter Kongre\u00dfhalle - Abisag T\u00fcllmann<\/title>\n<meta name=\"robots\" content=\"index, follow, max-snippet:-1, max-image-preview:large, max-video-preview:-1\" \/>\n<link rel=\"canonical\" href=\"https:\/\/bpk-archive.de\/tuellmann\/produkt\/james-taylor-bei-einem-auftritt-in-der-frankfurter-kongresshalle\/\" \/>\n<meta property=\"og:locale\" content=\"de_DE\" \/>\n<meta property=\"og:type\" content=\"article\" \/>\n<meta property=\"og:title\" content=\"James Taylor bei einem Auftritt in der Frankfurter Kongre\u00dfhalle - Abisag T\u00fcllmann\" \/>\n<meta property=\"og:description\" content=\"R\u00fcckseitenbeschriftung von anderer Hand: &#8222;James Taylor&#8220;\" \/>\n<meta property=\"og:url\" content=\"https:\/\/bpk-archive.de\/tuellmann\/produkt\/james-taylor-bei-einem-auftritt-in-der-frankfurter-kongresshalle\/\" \/>\n<meta property=\"og:site_name\" content=\"Abisag T\u00fcllmann\" \/>\n<meta property=\"article:modified_time\" content=\"2019-09-05T14:23:06+00:00\" \/>\n<meta property=\"og:image\" content=\"https:\/\/bpk-archive.de\/tuellmann\/wp-content\/uploads\/2019\/08\/bpk_70242656.jpg\" \/>\n\t<meta property=\"og:image:width\" content=\"1200\" \/>\n\t<meta property=\"og:image:height\" content=\"970\" \/>\n\t<meta property=\"og:image:type\" content=\"image\/jpeg\" \/>\n<meta name=\"twitter:card\" content=\"summary_large_image\" \/>\n<script type=\"application\/ld+json\" class=\"yoast-schema-graph\">{\"@context\":\"https:\\\/\\\/schema.org\",\"@graph\":[{\"@type\":\"WebPage\",\"@id\":\"https:\\\/\\\/bpk-archive.de\\\/tuellmann\\\/produkt\\\/james-taylor-bei-einem-auftritt-in-der-frankfurter-kongresshalle\\\/\",\"url\":\"https:\\\/\\\/bpk-archive.de\\\/tuellmann\\\/produkt\\\/james-taylor-bei-einem-auftritt-in-der-frankfurter-kongresshalle\\\/\",\"name\":\"James Taylor bei einem Auftritt in der Frankfurter Kongre\u00dfhalle - Abisag T\u00fcllmann\",\"isPartOf\":{\"@id\":\"https:\\\/\\\/bpk-archive.de\\\/tuellmann\\\/#website\"},\"primaryImageOfPage\":{\"@id\":\"https:\\\/\\\/bpk-archive.de\\\/tuellmann\\\/produkt\\\/james-taylor-bei-einem-auftritt-in-der-frankfurter-kongresshalle\\\/#primaryimage\"},\"image\":{\"@id\":\"https:\\\/\\\/bpk-archive.de\\\/tuellmann\\\/produkt\\\/james-taylor-bei-einem-auftritt-in-der-frankfurter-kongresshalle\\\/#primaryimage\"},\"thumbnailUrl\":\"https:\\\/\\\/bpk-archive.de\\\/tuellmann\\\/wp-content\\\/uploads\\\/2019\\\/08\\\/bpk_70242656.jpg\",\"datePublished\":\"2019-09-05T14:22:57+00:00\",\"dateModified\":\"2019-09-05T14:23:06+00:00\",\"breadcrumb\":{\"@id\":\"https:\\\/\\\/bpk-archive.de\\\/tuellmann\\\/produkt\\\/james-taylor-bei-einem-auftritt-in-der-frankfurter-kongresshalle\\\/#breadcrumb\"},\"inLanguage\":\"de\",\"potentialAction\":[{\"@type\":\"ReadAction\",\"target\":[\"https:\\\/\\\/bpk-archive.de\\\/tuellmann\\\/produkt\\\/james-taylor-bei-einem-auftritt-in-der-frankfurter-kongresshalle\\\/\"]}]},{\"@type\":\"ImageObject\",\"inLanguage\":\"de\",\"@id\":\"https:\\\/\\\/bpk-archive.de\\\/tuellmann\\\/produkt\\\/james-taylor-bei-einem-auftritt-in-der-frankfurter-kongresshalle\\\/#primaryimage\",\"url\":\"https:\\\/\\\/bpk-archive.de\\\/tuellmann\\\/wp-content\\\/uploads\\\/2019\\\/08\\\/bpk_70242656.jpg\",\"contentUrl\":\"https:\\\/\\\/bpk-archive.de\\\/tuellmann\\\/wp-content\\\/uploads\\\/2019\\\/08\\\/bpk_70242656.jpg\",\"width\":1200,\"height\":970,\"caption\":\"James Taylor bei einem Auftritt in der Frankfurter Kongre\u00dfhalle\"},{\"@type\":\"BreadcrumbList\",\"@id\":\"https:\\\/\\\/bpk-archive.de\\\/tuellmann\\\/produkt\\\/james-taylor-bei-einem-auftritt-in-der-frankfurter-kongresshalle\\\/#breadcrumb\",\"itemListElement\":[{\"@type\":\"ListItem\",\"position\":1,\"name\":\"Startseite\",\"item\":\"https:\\\/\\\/bpk-archive.de\\\/tuellmann\\\/\"},{\"@type\":\"ListItem\",\"position\":2,\"name\":\"Shop\",\"item\":\"https:\\\/\\\/bpk-archive.de\\\/tuellmann\\\/shop\\\/\"},{\"@type\":\"ListItem\",\"position\":3,\"name\":\"James Taylor bei einem Auftritt in der Frankfurter Kongre\u00dfhalle\"}]},{\"@type\":\"WebSite\",\"@id\":\"https:\\\/\\\/bpk-archive.de\\\/tuellmann\\\/#website\",\"url\":\"https:\\\/\\\/bpk-archive.de\\\/tuellmann\\\/\",\"name\":\"Abisag T\u00fcllmann\",\"description\":\"Eine weitere WordPress-Website\",\"potentialAction\":[{\"@type\":\"SearchAction\",\"target\":{\"@type\":\"EntryPoint\",\"urlTemplate\":\"https:\\\/\\\/bpk-archive.de\\\/tuellmann\\\/?s={search_term_string}\"},\"query-input\":{\"@type\":\"PropertyValueSpecification\",\"valueRequired\":true,\"valueName\":\"search_term_string\"}}],\"inLanguage\":\"de\"}]}<\/script>\n<!-- \/ Yoast SEO plugin. -->","yoast_head_json":{"title":"James Taylor bei einem Auftritt in der Frankfurter Kongre\u00dfhalle - Abisag T\u00fcllmann","robots":{"index":"index","follow":"follow","max-snippet":"max-snippet:-1","max-image-preview":"max-image-preview:large","max-video-preview":"max-video-preview:-1"},"canonical":"https:\/\/bpk-archive.de\/tuellmann\/produkt\/james-taylor-bei-einem-auftritt-in-der-frankfurter-kongresshalle\/","og_locale":"de_DE","og_type":"article","og_title":"James Taylor bei einem Auftritt in der Frankfurter Kongre\u00dfhalle - Abisag T\u00fcllmann","og_description":"R\u00fcckseitenbeschriftung von anderer Hand: &#8222;James Taylor&#8220;","og_url":"https:\/\/bpk-archive.de\/tuellmann\/produkt\/james-taylor-bei-einem-auftritt-in-der-frankfurter-kongresshalle\/","og_site_name":"Abisag T\u00fcllmann","article_modified_time":"2019-09-05T14:23:06+00:00","og_image":[{"width":1200,"height":970,"url":"https:\/\/bpk-archive.de\/tuellmann\/wp-content\/uploads\/2019\/08\/bpk_70242656.jpg","type":"image\/jpeg"}],"twitter_card":"summary_large_image","schema":{"@context":"https:\/\/schema.org","@graph":[{"@type":"WebPage","@id":"https:\/\/bpk-archive.de\/tuellmann\/produkt\/james-taylor-bei-einem-auftritt-in-der-frankfurter-kongresshalle\/","url":"https:\/\/bpk-archive.de\/tuellmann\/produkt\/james-taylor-bei-einem-auftritt-in-der-frankfurter-kongresshalle\/","name":"James Taylor bei einem Auftritt in der Frankfurter Kongre\u00dfhalle - Abisag T\u00fcllmann","isPartOf":{"@id":"https:\/\/bpk-archive.de\/tuellmann\/#website"},"primaryImageOfPage":{"@id":"https:\/\/bpk-archive.de\/tuellmann\/produkt\/james-taylor-bei-einem-auftritt-in-der-frankfurter-kongresshalle\/#primaryimage"},"image":{"@id":"https:\/\/bpk-archive.de\/tuellmann\/produkt\/james-taylor-bei-einem-auftritt-in-der-frankfurter-kongresshalle\/#primaryimage"},"thumbnailUrl":"https:\/\/bpk-archive.de\/tuellmann\/wp-content\/uploads\/2019\/08\/bpk_70242656.jpg","datePublished":"2019-09-05T14:22:57+00:00","dateModified":"2019-09-05T14:23:06+00:00","breadcrumb":{"@id":"https:\/\/bpk-archive.de\/tuellmann\/produkt\/james-taylor-bei-einem-auftritt-in-der-frankfurter-kongresshalle\/#breadcrumb"},"inLanguage":"de","potentialAction":[{"@type":"ReadAction","target":["https:\/\/bpk-archive.de\/tuellmann\/produkt\/james-taylor-bei-einem-auftritt-in-der-frankfurter-kongresshalle\/"]}]},{"@type":"ImageObject","inLanguage":"de","@id":"https:\/\/bpk-archive.de\/tuellmann\/produkt\/james-taylor-bei-einem-auftritt-in-der-frankfurter-kongresshalle\/#primaryimage","url":"https:\/\/bpk-archive.de\/tuellmann\/wp-content\/uploads\/2019\/08\/bpk_70242656.jpg","contentUrl":"https:\/\/bpk-archive.de\/tuellmann\/wp-content\/uploads\/2019\/08\/bpk_70242656.jpg","width":1200,"height":970,"caption":"James Taylor bei einem Auftritt in der Frankfurter Kongre\u00dfhalle"},{"@type":"BreadcrumbList","@id":"https:\/\/bpk-archive.de\/tuellmann\/produkt\/james-taylor-bei-einem-auftritt-in-der-frankfurter-kongresshalle\/#breadcrumb","itemListElement":[{"@type":"ListItem","position":1,"name":"Startseite","item":"https:\/\/bpk-archive.de\/tuellmann\/"},{"@type":"ListItem","position":2,"name":"Shop","item":"https:\/\/bpk-archive.de\/tuellmann\/shop\/"},{"@type":"ListItem","position":3,"name":"James Taylor bei einem Auftritt in der Frankfurter Kongre\u00dfhalle"}]},{"@type":"WebSite","@id":"https:\/\/bpk-archive.de\/tuellmann\/#website","url":"https:\/\/bpk-archive.de\/tuellmann\/","name":"Abisag T\u00fcllmann","description":"Eine weitere WordPress-Website","potentialAction":[{"@type":"SearchAction","target":{"@type":"EntryPoint","urlTemplate":"https:\/\/bpk-archive.de\/tuellmann\/?s={search_term_string}"},"query-input":{"@type":"PropertyValueSpecification","valueRequired":true,"valueName":"search_term_string"}}],"inLanguage":"de"}]}},"_links":{"self":[{"href":"https:\/\/bpk-archive.de\/tuellmann\/wp-json\/wp\/v2\/product\/70297228","targetHints":{"allow":["GET"]}}],"collection":[{"href":"https:\/\/bpk-archive.de\/tuellmann\/wp-json\/wp\/v2\/product"}],"about":[{"href":"https:\/\/bpk-archive.de\/tuellmann\/wp-json\/wp\/v2\/types\/product"}],"wp:featuredmedia":[{"embeddable":true,"href":"https:\/\/bpk-archive.de\/tuellmann\/wp-json\/wp\/v2\/media\/70291972"}],"wp:attachment":[{"href":"https:\/\/bpk-archive.de\/tuellmann\/wp-json\/wp\/v2\/media?parent=70297228"}],"wp:term":[{"taxonomy":"product_brand","embeddable":true,"href":"https:\/\/bpk-archive.de\/tuellmann\/wp-json\/wp\/v2\/product_brand?post=70297228"},{"taxonomy":"product_cat","embeddable":true,"href":"https:\/\/bpk-archive.de\/tuellmann\/wp-json\/wp\/v2\/product_cat?post=70297228"},{"taxonomy":"product_tag","embeddable":true,"href":"https:\/\/bpk-archive.de\/tuellmann\/wp-json\/wp\/v2\/product_tag?post=70297228"}],"curies":[{"name":"wp","href":"https:\/\/api.w.org\/{rel}","templated":true}]}}