{"id":70297207,"date":"2019-09-05T16:22:40","date_gmt":"2019-09-05T14:22:40","guid":{"rendered":"http:\/\/abisagtuellmann.bpk-news.de\/atbild\/aeltere-leute-im-jardin-du-luxembourg-paris\/"},"modified":"2019-09-05T16:22:48","modified_gmt":"2019-09-05T14:22:48","slug":"aeltere-leute-im-jardin-du-luxembourg-paris","status":"publish","type":"product","link":"https:\/\/bpk-archive.de\/tuellmann\/produkt\/aeltere-leute-im-jardin-du-luxembourg-paris\/","title":{"rendered":"\u00c4ltere Leute im Jardin du Luxembourg, Paris"},"content":{"rendered":"<p>R\u00fcckseitenbeschriftung von anderer Hand: &#8222;Luxembourg, Paris 1960&#8220;<\/p>\n","protected":false},"excerpt":{"rendered":"<p>R\u00fcckseitenbeschriftung von anderer Hand: &#8222;Luxembourg, Paris 1960&#8220;<\/p>\n","protected":false},"featured_media":70292377,"template":"","meta":[],"product_brand":[],"product_cat":[],"product_tag":[13774,13232,13234,13231,13233,13775,14271,13777,47418,47419,47420,47421,47422,47423,47424,64218,13250,13784,13785,13253,13254,13255,13256,13257,13960,13961,13962,13963,13964,13965,13260,13293,13786,13787,13294,13295,13296,13297,57697,57698,51355,51356,51379,51380,51357,51358,51359,51360,51361,13487,13488,48621,48622,48623,49863,49864,47497,47498,13301,13818,13819,13826,47447,47448,67443,67444,67445,67446,67447,58023,58024,64286,64287,49638,49639,49640,49641,13328,13827,13828,13329,13330,13331,13332,13829,13830,13831,13832,13833,13834,13835,13836,13837,13838,13839,13840,13841,13842,13843,13877,13879,13865,13864,13866,13858,13859,13860,13861,13862,13863,13867,13869,13870,13871,13872,14243,14244,14245,14246,14247,14248,14249,47406,47407,13519,13520,13521,13522,13523,13524,13878,13880,48535,48536,48537,48538],"class_list":{"0":"post-70297207","1":"product","2":"type-product","3":"status-publish","4":"has-post-thumbnail","6":"product_tag-1960er-jahre","7":"product_tag-20-jahrhundert-nach-chr","8":"product_tag-20-jh-n-chr","9":"product_tag-20-jahrhundert","10":"product_tag-20-jh","11":"product_tag-60er","12":"product_tag-abt_009","13":"product_tag-abzug","14":"product_tag-alt","15":"product_tag-alte","16":"product_tag-alten","17":"product_tag-alter","18":"product_tag-aeltere","19":"product_tag-aelterer","20":"product_tag-altes","21":"product_tag-at_paris","22":"product_tag-aussen","23":"product_tag-bildnis","24":"product_tag-bildnisse","25":"product_tag-deutsch","26":"product_tag-deutsche","27":"product_tag-deutschen","28":"product_tag-deutscher","29":"product_tag-deutsches","30":"product_tag-doppelbildnis","31":"product_tag-doppelbildnisse","32":"product_tag-doppelportrait","33":"product_tag-doppelportraits","34":"product_tag-doppelportraet","35":"product_tag-doppelportraets","36":"product_tag-draussen","37":"product_tag-foto","38":"product_tag-fotoabzug","39":"product_tag-fotoabzuege","40":"product_tag-fotografie","41":"product_tag-fotografien","42":"product_tag-fotografin","43":"product_tag-fotografinnen","44":"product_tag-frankreich","45":"product_tag-frankreichs","46":"product_tag-franzose","47":"product_tag-franzosen","48":"product_tag-franzoesin","49":"product_tag-franzoesinnen","50":"product_tag-franzoesisch","51":"product_tag-franzoesische","52":"product_tag-franzoesischen","53":"product_tag-franzoesischer","54":"product_tag-franzoesisches","55":"product_tag-frau","56":"product_tag-frauen","57":"product_tag-freizeit","58":"product_tag-freizeitbeschaeftigung","59":"product_tag-freizeitgestaltung","60":"product_tag-garten","61":"product_tag-gartens","62":"product_tag-hauptstadt","63":"product_tag-hauptstaedte","64":"product_tag-im-freien","65":"product_tag-mann","66":"product_tag-maenner","67":"product_tag-mannes","68":"product_tag-menschengruppe","69":"product_tag-menschengruppen","70":"product_tag-missmutig","71":"product_tag-missmutige","72":"product_tag-missmutigen","73":"product_tag-missmutiger","74":"product_tag-missmutiges","75":"product_tag-paris","76":"product_tag-pariser","77":"product_tag-pariserin","78":"product_tag-pariserinnen","79":"product_tag-park","80":"product_tag-parkanlage","81":"product_tag-parkanlagen","82":"product_tag-parks","83":"product_tag-photo","84":"product_tag-photoabzug","85":"product_tag-photoabzuege","86":"product_tag-photographie","87":"product_tag-photographien","88":"product_tag-photographin","89":"product_tag-photographinnen","90":"product_tag-portrait","91":"product_tag-portraitaufnahme","92":"product_tag-portraitfoto","93":"product_tag-portraitfotografie","94":"product_tag-portraitphoto","95":"product_tag-portraitphotographie","96":"product_tag-portraits","97":"product_tag-portraet","98":"product_tag-portraetaufnahme","99":"product_tag-portraetfoto","100":"product_tag-portraetfotografie","101":"product_tag-portraetphoto","102":"product_tag-portraetphotographie","103":"product_tag-portraets","104":"product_tag-print","105":"product_tag-s-w-fotografie","106":"product_tag-s-w-photographie","107":"product_tag-schwarzweissphotographie","108":"product_tag-schwarz-weiss-fotografie","109":"product_tag-schwarz-weiss-photographie","110":"product_tag-schwarzweiss","111":"product_tag-schwarzweisse","112":"product_tag-schwarzweissen","113":"product_tag-schwarzweisser","114":"product_tag-schwarzweisses","115":"product_tag-schwarzweissfotografie","116":"product_tag-sechziger","117":"product_tag-silbergelatine","118":"product_tag-silbergelatineabzug","119":"product_tag-silbergelatineabzuege","120":"product_tag-silbergelatineprint","121":"product_tag-sitzen","122":"product_tag-sitzend","123":"product_tag-sitzende","124":"product_tag-sitzenden","125":"product_tag-sitzender","126":"product_tag-sitzendes","127":"product_tag-sitzt","128":"product_tag-stadt","129":"product_tag-staedte","130":"product_tag-stehen","131":"product_tag-stehend","132":"product_tag-stehende","133":"product_tag-stehenden","134":"product_tag-stehender","135":"product_tag-stehendes","136":"product_tag-sw-fotografie","137":"product_tag-sw-photographie","138":"product_tag-tisch","139":"product_tag-tische","140":"product_tag-tischen","141":"product_tag-tisches","142":"pa_datierung-august-1960","143":"pa_fotograf-abisag-tuellmann","144":"pa_geografischer_bezug-aufnahmeort-paris-frankreich","145":"pa_grunddaten_material_technik-foto-silbergelatine-auf-barytpapier","146":"pa_inventarnummer-tue-60-214-63","147":"pa_jahr_von-57092","148":"pa_massangaben-bildformat-foto-232-x-296-cm","149":"pa_mediennummer-67441","150":"pa_objekt_typ-fotografie","152":"first","153":"instock","154":"product-type-simple"},"yoast_head":"<!-- This site is optimized with the Yoast SEO plugin v27.4 - https:\/\/yoast.com\/product\/yoast-seo-wordpress\/ -->\n<title>\u00c4ltere Leute im Jardin du Luxembourg, Paris - Abisag T\u00fcllmann<\/title>\n<meta name=\"robots\" content=\"index, follow, max-snippet:-1, max-image-preview:large, max-video-preview:-1\" \/>\n<link rel=\"canonical\" href=\"https:\/\/bpk-archive.de\/tuellmann\/produkt\/aeltere-leute-im-jardin-du-luxembourg-paris\/\" \/>\n<meta property=\"og:locale\" content=\"de_DE\" \/>\n<meta property=\"og:type\" content=\"article\" \/>\n<meta property=\"og:title\" content=\"\u00c4ltere Leute im Jardin du Luxembourg, Paris - Abisag T\u00fcllmann\" \/>\n<meta property=\"og:description\" content=\"R\u00fcckseitenbeschriftung von anderer Hand: &#8222;Luxembourg, Paris 1960&#8220;\" \/>\n<meta property=\"og:url\" content=\"https:\/\/bpk-archive.de\/tuellmann\/produkt\/aeltere-leute-im-jardin-du-luxembourg-paris\/\" \/>\n<meta property=\"og:site_name\" content=\"Abisag T\u00fcllmann\" \/>\n<meta property=\"article:modified_time\" content=\"2019-09-05T14:22:48+00:00\" \/>\n<meta property=\"og:image\" content=\"https:\/\/bpk-archive.de\/tuellmann\/wp-content\/uploads\/2019\/08\/bpk_70243017.jpg\" \/>\n\t<meta property=\"og:image:width\" content=\"1200\" \/>\n\t<meta property=\"og:image:height\" content=\"955\" \/>\n\t<meta property=\"og:image:type\" content=\"image\/jpeg\" \/>\n<meta name=\"twitter:card\" content=\"summary_large_image\" \/>\n<script type=\"application\/ld+json\" class=\"yoast-schema-graph\">{\"@context\":\"https:\\\/\\\/schema.org\",\"@graph\":[{\"@type\":\"WebPage\",\"@id\":\"https:\\\/\\\/bpk-archive.de\\\/tuellmann\\\/produkt\\\/aeltere-leute-im-jardin-du-luxembourg-paris\\\/\",\"url\":\"https:\\\/\\\/bpk-archive.de\\\/tuellmann\\\/produkt\\\/aeltere-leute-im-jardin-du-luxembourg-paris\\\/\",\"name\":\"\u00c4ltere Leute im Jardin du Luxembourg, Paris - Abisag T\u00fcllmann\",\"isPartOf\":{\"@id\":\"https:\\\/\\\/bpk-archive.de\\\/tuellmann\\\/#website\"},\"primaryImageOfPage\":{\"@id\":\"https:\\\/\\\/bpk-archive.de\\\/tuellmann\\\/produkt\\\/aeltere-leute-im-jardin-du-luxembourg-paris\\\/#primaryimage\"},\"image\":{\"@id\":\"https:\\\/\\\/bpk-archive.de\\\/tuellmann\\\/produkt\\\/aeltere-leute-im-jardin-du-luxembourg-paris\\\/#primaryimage\"},\"thumbnailUrl\":\"https:\\\/\\\/bpk-archive.de\\\/tuellmann\\\/wp-content\\\/uploads\\\/2019\\\/08\\\/bpk_70243017.jpg\",\"datePublished\":\"2019-09-05T14:22:40+00:00\",\"dateModified\":\"2019-09-05T14:22:48+00:00\",\"breadcrumb\":{\"@id\":\"https:\\\/\\\/bpk-archive.de\\\/tuellmann\\\/produkt\\\/aeltere-leute-im-jardin-du-luxembourg-paris\\\/#breadcrumb\"},\"inLanguage\":\"de\",\"potentialAction\":[{\"@type\":\"ReadAction\",\"target\":[\"https:\\\/\\\/bpk-archive.de\\\/tuellmann\\\/produkt\\\/aeltere-leute-im-jardin-du-luxembourg-paris\\\/\"]}]},{\"@type\":\"ImageObject\",\"inLanguage\":\"de\",\"@id\":\"https:\\\/\\\/bpk-archive.de\\\/tuellmann\\\/produkt\\\/aeltere-leute-im-jardin-du-luxembourg-paris\\\/#primaryimage\",\"url\":\"https:\\\/\\\/bpk-archive.de\\\/tuellmann\\\/wp-content\\\/uploads\\\/2019\\\/08\\\/bpk_70243017.jpg\",\"contentUrl\":\"https:\\\/\\\/bpk-archive.de\\\/tuellmann\\\/wp-content\\\/uploads\\\/2019\\\/08\\\/bpk_70243017.jpg\",\"width\":1200,\"height\":955,\"caption\":\"\u00c4ltere Leute im Jardin du Luxembourg, Paris\"},{\"@type\":\"BreadcrumbList\",\"@id\":\"https:\\\/\\\/bpk-archive.de\\\/tuellmann\\\/produkt\\\/aeltere-leute-im-jardin-du-luxembourg-paris\\\/#breadcrumb\",\"itemListElement\":[{\"@type\":\"ListItem\",\"position\":1,\"name\":\"Startseite\",\"item\":\"https:\\\/\\\/bpk-archive.de\\\/tuellmann\\\/\"},{\"@type\":\"ListItem\",\"position\":2,\"name\":\"Shop\",\"item\":\"https:\\\/\\\/bpk-archive.de\\\/tuellmann\\\/shop\\\/\"},{\"@type\":\"ListItem\",\"position\":3,\"name\":\"\u00c4ltere Leute im Jardin du Luxembourg, Paris\"}]},{\"@type\":\"WebSite\",\"@id\":\"https:\\\/\\\/bpk-archive.de\\\/tuellmann\\\/#website\",\"url\":\"https:\\\/\\\/bpk-archive.de\\\/tuellmann\\\/\",\"name\":\"Abisag T\u00fcllmann\",\"description\":\"Eine weitere WordPress-Website\",\"potentialAction\":[{\"@type\":\"SearchAction\",\"target\":{\"@type\":\"EntryPoint\",\"urlTemplate\":\"https:\\\/\\\/bpk-archive.de\\\/tuellmann\\\/?s={search_term_string}\"},\"query-input\":{\"@type\":\"PropertyValueSpecification\",\"valueRequired\":true,\"valueName\":\"search_term_string\"}}],\"inLanguage\":\"de\"}]}<\/script>\n<!-- \/ Yoast SEO plugin. -->","yoast_head_json":{"title":"\u00c4ltere Leute im Jardin du Luxembourg, Paris - Abisag T\u00fcllmann","robots":{"index":"index","follow":"follow","max-snippet":"max-snippet:-1","max-image-preview":"max-image-preview:large","max-video-preview":"max-video-preview:-1"},"canonical":"https:\/\/bpk-archive.de\/tuellmann\/produkt\/aeltere-leute-im-jardin-du-luxembourg-paris\/","og_locale":"de_DE","og_type":"article","og_title":"\u00c4ltere Leute im Jardin du Luxembourg, Paris - Abisag T\u00fcllmann","og_description":"R\u00fcckseitenbeschriftung von anderer Hand: &#8222;Luxembourg, Paris 1960&#8220;","og_url":"https:\/\/bpk-archive.de\/tuellmann\/produkt\/aeltere-leute-im-jardin-du-luxembourg-paris\/","og_site_name":"Abisag T\u00fcllmann","article_modified_time":"2019-09-05T14:22:48+00:00","og_image":[{"width":1200,"height":955,"url":"https:\/\/bpk-archive.de\/tuellmann\/wp-content\/uploads\/2019\/08\/bpk_70243017.jpg","type":"image\/jpeg"}],"twitter_card":"summary_large_image","schema":{"@context":"https:\/\/schema.org","@graph":[{"@type":"WebPage","@id":"https:\/\/bpk-archive.de\/tuellmann\/produkt\/aeltere-leute-im-jardin-du-luxembourg-paris\/","url":"https:\/\/bpk-archive.de\/tuellmann\/produkt\/aeltere-leute-im-jardin-du-luxembourg-paris\/","name":"\u00c4ltere Leute im Jardin du Luxembourg, Paris - Abisag T\u00fcllmann","isPartOf":{"@id":"https:\/\/bpk-archive.de\/tuellmann\/#website"},"primaryImageOfPage":{"@id":"https:\/\/bpk-archive.de\/tuellmann\/produkt\/aeltere-leute-im-jardin-du-luxembourg-paris\/#primaryimage"},"image":{"@id":"https:\/\/bpk-archive.de\/tuellmann\/produkt\/aeltere-leute-im-jardin-du-luxembourg-paris\/#primaryimage"},"thumbnailUrl":"https:\/\/bpk-archive.de\/tuellmann\/wp-content\/uploads\/2019\/08\/bpk_70243017.jpg","datePublished":"2019-09-05T14:22:40+00:00","dateModified":"2019-09-05T14:22:48+00:00","breadcrumb":{"@id":"https:\/\/bpk-archive.de\/tuellmann\/produkt\/aeltere-leute-im-jardin-du-luxembourg-paris\/#breadcrumb"},"inLanguage":"de","potentialAction":[{"@type":"ReadAction","target":["https:\/\/bpk-archive.de\/tuellmann\/produkt\/aeltere-leute-im-jardin-du-luxembourg-paris\/"]}]},{"@type":"ImageObject","inLanguage":"de","@id":"https:\/\/bpk-archive.de\/tuellmann\/produkt\/aeltere-leute-im-jardin-du-luxembourg-paris\/#primaryimage","url":"https:\/\/bpk-archive.de\/tuellmann\/wp-content\/uploads\/2019\/08\/bpk_70243017.jpg","contentUrl":"https:\/\/bpk-archive.de\/tuellmann\/wp-content\/uploads\/2019\/08\/bpk_70243017.jpg","width":1200,"height":955,"caption":"\u00c4ltere Leute im Jardin du Luxembourg, Paris"},{"@type":"BreadcrumbList","@id":"https:\/\/bpk-archive.de\/tuellmann\/produkt\/aeltere-leute-im-jardin-du-luxembourg-paris\/#breadcrumb","itemListElement":[{"@type":"ListItem","position":1,"name":"Startseite","item":"https:\/\/bpk-archive.de\/tuellmann\/"},{"@type":"ListItem","position":2,"name":"Shop","item":"https:\/\/bpk-archive.de\/tuellmann\/shop\/"},{"@type":"ListItem","position":3,"name":"\u00c4ltere Leute im Jardin du Luxembourg, Paris"}]},{"@type":"WebSite","@id":"https:\/\/bpk-archive.de\/tuellmann\/#website","url":"https:\/\/bpk-archive.de\/tuellmann\/","name":"Abisag T\u00fcllmann","description":"Eine weitere WordPress-Website","potentialAction":[{"@type":"SearchAction","target":{"@type":"EntryPoint","urlTemplate":"https:\/\/bpk-archive.de\/tuellmann\/?s={search_term_string}"},"query-input":{"@type":"PropertyValueSpecification","valueRequired":true,"valueName":"search_term_string"}}],"inLanguage":"de"}]}},"_links":{"self":[{"href":"https:\/\/bpk-archive.de\/tuellmann\/wp-json\/wp\/v2\/product\/70297207","targetHints":{"allow":["GET"]}}],"collection":[{"href":"https:\/\/bpk-archive.de\/tuellmann\/wp-json\/wp\/v2\/product"}],"about":[{"href":"https:\/\/bpk-archive.de\/tuellmann\/wp-json\/wp\/v2\/types\/product"}],"wp:featuredmedia":[{"embeddable":true,"href":"https:\/\/bpk-archive.de\/tuellmann\/wp-json\/wp\/v2\/media\/70292377"}],"wp:attachment":[{"href":"https:\/\/bpk-archive.de\/tuellmann\/wp-json\/wp\/v2\/media?parent=70297207"}],"wp:term":[{"taxonomy":"product_brand","embeddable":true,"href":"https:\/\/bpk-archive.de\/tuellmann\/wp-json\/wp\/v2\/product_brand?post=70297207"},{"taxonomy":"product_cat","embeddable":true,"href":"https:\/\/bpk-archive.de\/tuellmann\/wp-json\/wp\/v2\/product_cat?post=70297207"},{"taxonomy":"product_tag","embeddable":true,"href":"https:\/\/bpk-archive.de\/tuellmann\/wp-json\/wp\/v2\/product_tag?post=70297207"}],"curies":[{"name":"wp","href":"https:\/\/api.w.org\/{rel}","templated":true}]}}