{"id":70297191,"date":"2019-09-05T16:22:21","date_gmt":"2019-09-05T14:22:21","guid":{"rendered":"http:\/\/abisagtuellmann.bpk-news.de\/atbild\/eine-gruppe-kindergartenkinder-trifft-auf-dem-bahnhof-auf-abreisende-gastarbeiter-3\/"},"modified":"2019-09-05T16:22:34","modified_gmt":"2019-09-05T14:22:34","slug":"eine-gruppe-kindergartenkinder-trifft-auf-dem-bahnhof-auf-abreisende-gastarbeiter-3","status":"publish","type":"product","link":"https:\/\/bpk-archive.de\/tuellmann\/produkt\/eine-gruppe-kindergartenkinder-trifft-auf-dem-bahnhof-auf-abreisende-gastarbeiter-3\/","title":{"rendered":"Eine Gruppe Kindergartenkinder trifft auf dem Bahnhof auf abreisende Gastarbeiter"},"content":{"rendered":"<p>Serie f\u00fcr die &#8222;Didaktischen Einheiten&#8220; des Deutschen Jugendinstituts M\u00fcnchen (DJI)<\/p>\n","protected":false},"excerpt":{"rendered":"<p>Serie f\u00fcr die &#8222;Didaktischen Einheiten&#8220; des Deutschen Jugendinstituts M\u00fcnchen (DJI)<\/p>\n","protected":false},"featured_media":70292633,"template":"","meta":[],"product_brand":[],"product_cat":[],"product_tag":[13230,13232,13234,13231,13233,13235,54001,62149,13777,54005,54163,54164,54165,54166,54167,47456,47457,47458,47459,47460,47461,47462,53193,53194,62150,53196,53197,13250,47720,47721,47722,47723,54006,54007,53291,53292,53293,54008,54009,54010,54011,54012,54013,54122,54123,54124,54125,47876,47877,47878,47879,14326,54014,54015,53967,13469,14178,14179,13470,13471,13472,54016,54017,13260,54018,54019,47727,47728,47729,54020,54021,47730,47731,47734,52424,54126,54127,52426,53970,53971,13293,13786,13787,13294,13295,13296,13297,51504,47267,49684,51505,13487,13488,53202,53203,53204,53206,53209,53210,53153,53154,53155,14327,54168,51554,54022,54023,13492,13493,13494,13495,13496,13497,51555,13301,47744,47745,47746,54025,13813,13814,14203,14204,14205,14206,14207,49695,54131,54132,54133,54134,54135,14211,14212,14213,14218,14219,14220,14221,53326,53327,13310,13311,13818,13819,13826,49816,47786,47787,49544,48260,48261,54026,54027,54028,54138,54139,13328,13827,13828,13329,13330,13331,13332,47332,13843,52535,52536,51531,51532,53169,53170,53171,54029,53930,53931,53932,47333,47334,47335,47336,47337,13877,13879,13865,13864,13866,13858,13859,13860,13861,13862,13863,49718,49719,13354,13869,13870,13871,13872,13519,13520,13521,13522,13523,13524,51998,51999,13878,13880,54032,54033,54034,54035,48839,54036,54037,54038,54039,54041,47792],"class_list":{"0":"post-70297191","1":"product","2":"type-product","3":"status-publish","4":"has-post-thumbnail","6":"product_tag-1970er-jahre","7":"product_tag-20-jahrhundert-nach-chr","8":"product_tag-20-jh-n-chr","9":"product_tag-20-jahrhundert","10":"product_tag-20-jh","11":"product_tag-70er","12":"product_tag-abreise","13":"product_tag-abt_005","14":"product_tag-abzug","15":"product_tag-advent","16":"product_tag-angehoben","17":"product_tag-angehobene","18":"product_tag-angehobener","19":"product_tag-angehobenes","20":"product_tag-anheben","21":"product_tag-arbeit","22":"product_tag-arbeiten","23":"product_tag-arbeitend","24":"product_tag-arbeitende","25":"product_tag-arbeitenden","26":"product_tag-arbeitender","27":"product_tag-arbeitendes","28":"product_tag-arbeitsmigrant","29":"product_tag-arbeitsmigranten","30":"product_tag-at_paedagogik","31":"product_tag-ausland","32":"product_tag-auslaender","33":"product_tag-aussen","34":"product_tag-auswanderer","35":"product_tag-auswanderern","36":"product_tag-auswandern","37":"product_tag-auswanderung","38":"product_tag-bahn","39":"product_tag-bahnen","40":"product_tag-bahnhof","41":"product_tag-bahnhoefe","42":"product_tag-bahnhofs","43":"product_tag-bahnreise","44":"product_tag-bahnreisen","45":"product_tag-bahnsteig","46":"product_tag-bahnsteige","47":"product_tag-bahnsteigen","48":"product_tag-bahnsteigs","49":"product_tag-begegnen","50":"product_tag-begegnet","51":"product_tag-begegnung","52":"product_tag-begegnungen","53":"product_tag-beruf","54":"product_tag-berufe","55":"product_tag-berufes","56":"product_tag-berufs","57":"product_tag-bevoelkerung","58":"product_tag-bilderfolge","59":"product_tag-bilderserie","60":"product_tag-bilderstrecke","61":"product_tag-brd","62":"product_tag-bube","63":"product_tag-buben","64":"product_tag-bundesrepublik-deutschland","65":"product_tag-deutschland","66":"product_tag-deutschlands","67":"product_tag-didaktik","68":"product_tag-didaktische","69":"product_tag-draussen","70":"product_tag-einheit","71":"product_tag-einheits","72":"product_tag-einwanderer","73":"product_tag-einwandern","74":"product_tag-einwanderung","75":"product_tag-eisenbahn","76":"product_tag-eisenbahnen","77":"product_tag-emigrant","78":"product_tag-emigranten","79":"product_tag-emigration","80":"product_tag-erziehen","81":"product_tag-erzieherin","82":"product_tag-erzieherinnen","83":"product_tag-erziehung","84":"product_tag-folge","85":"product_tag-folgen","86":"product_tag-foto","87":"product_tag-fotoabzug","88":"product_tag-fotoabzuege","89":"product_tag-fotografie","90":"product_tag-fotografien","91":"product_tag-fotografin","92":"product_tag-fotografinnen","93":"product_tag-fotoreihe","94":"product_tag-fotoreportage","95":"product_tag-fotoserie","96":"product_tag-fotostrecke","97":"product_tag-frau","98":"product_tag-frauen","99":"product_tag-fremdarbeiter","100":"product_tag-fremdarbeitern","101":"product_tag-fremdarbeiters","102":"product_tag-gastarbeiter","103":"product_tag-gastarbeitern","104":"product_tag-gastarbeiters","105":"product_tag-gepaeck","106":"product_tag-gepaeckstueck","107":"product_tag-gepaeckstuecke","108":"product_tag-gesellschaft","109":"product_tag-hebt-an","110":"product_tag-hebt-hoch","111":"product_tag-heimat","112":"product_tag-heimaturlaub","113":"product_tag-hessen","114":"product_tag-hessisch","115":"product_tag-hessische","116":"product_tag-hessischen","117":"product_tag-hessischer","118":"product_tag-hessisches","119":"product_tag-hochheben","120":"product_tag-im-freien","121":"product_tag-immigrant","122":"product_tag-immigranten","123":"product_tag-immigration","124":"product_tag-jugendinstitut","125":"product_tag-junge","126":"product_tag-jungen","127":"product_tag-jungens","128":"product_tag-jungs","129":"product_tag-kind","130":"product_tag-kinde","131":"product_tag-kinder","132":"product_tag-kindererziehung","133":"product_tag-kindergarten","134":"product_tag-kindergartenkind","135":"product_tag-kindergartenkinder","136":"product_tag-kindergaertnerin","137":"product_tag-kindergaertnerinnen","138":"product_tag-kindergruppe","139":"product_tag-kindergruppen","140":"product_tag-kindern","141":"product_tag-kindes","142":"product_tag-kindheit","143":"product_tag-knabe","144":"product_tag-knaben","145":"product_tag-koffer","146":"product_tag-koffern","147":"product_tag-maedchen","148":"product_tag-maedchens","149":"product_tag-mann","150":"product_tag-maenner","151":"product_tag-mannes","152":"product_tag-migrant","153":"product_tag-migranten","154":"product_tag-migration","155":"product_tag-minderheit","156":"product_tag-muetze","157":"product_tag-muetzen","158":"product_tag-offenbach","159":"product_tag-offenbacher","160":"product_tag-paedagogik","161":"product_tag-paedagogin","162":"product_tag-paedagoginnen","163":"product_tag-photo","164":"product_tag-photoabzug","165":"product_tag-photoabzuege","166":"product_tag-photographie","167":"product_tag-photographien","168":"product_tag-photographin","169":"product_tag-photographinnen","170":"product_tag-photoreportage","171":"product_tag-print","172":"product_tag-pudelmuetze","173":"product_tag-pudelmuetzen","174":"product_tag-reihe","175":"product_tag-reihen","176":"product_tag-reise","177":"product_tag-reisegepaeck","178":"product_tag-reisegepaecks","179":"product_tag-reisen","180":"product_tag-reisende","181":"product_tag-reisenden","182":"product_tag-reisender","183":"product_tag-reportage","184":"product_tag-reportagefoto","185":"product_tag-reportagefotografie","186":"product_tag-reportagephoto","187":"product_tag-reportagephotographie","188":"product_tag-s-w-fotografie","189":"product_tag-s-w-photographie","190":"product_tag-schwarzweissphotographie","191":"product_tag-schwarz-weiss-fotografie","192":"product_tag-schwarz-weiss-photographie","193":"product_tag-schwarzweiss","194":"product_tag-schwarzweisse","195":"product_tag-schwarzweissen","196":"product_tag-schwarzweisser","197":"product_tag-schwarzweisses","198":"product_tag-schwarzweissfotografie","199":"product_tag-serie","200":"product_tag-serien","201":"product_tag-siebziger","202":"product_tag-silbergelatine","203":"product_tag-silbergelatineabzug","204":"product_tag-silbergelatineabzuege","205":"product_tag-silbergelatineprint","206":"product_tag-stehen","207":"product_tag-stehend","208":"product_tag-stehende","209":"product_tag-stehenden","210":"product_tag-stehender","211":"product_tag-stehendes","212":"product_tag-strickmuetze","213":"product_tag-strickmuetzen","214":"product_tag-sw-fotografie","215":"product_tag-sw-photographie","216":"product_tag-vorweihnachtszeit","217":"product_tag-weihnachtsferien","218":"product_tag-weihnachtsurlaub","219":"product_tag-weihnachtszeit","220":"product_tag-winter","221":"product_tag-zug","222":"product_tag-zuege","223":"product_tag-zuegen","224":"product_tag-zuges","225":"product_tag-zugs","226":"product_tag-zuwanderer","227":"pa_datierung-dezember-1974","228":"pa_fotograf-abisag-tuellmann","229":"pa_geografischer_bezug-aufnahmeort-offenbach-am-main-deutschland","230":"pa_grunddaten_material_technik-foto-silbergelatine-auf-barytpapier","231":"pa_inventarnummer-tue-74-318-02a","232":"pa_jahr_von-51802","233":"pa_massangaben-bildformat-foto-233-x-303-cm","234":"pa_mediennummer-67373","235":"pa_objekt_typ-fotografie","237":"first","238":"instock","239":"product-type-simple"},"yoast_head":"<!-- This site is optimized with the Yoast SEO plugin v27.4 - https:\/\/yoast.com\/product\/yoast-seo-wordpress\/ -->\n<title>Eine Gruppe Kindergartenkinder trifft auf dem Bahnhof auf abreisende Gastarbeiter - Abisag T\u00fcllmann<\/title>\n<meta name=\"robots\" content=\"index, follow, max-snippet:-1, max-image-preview:large, max-video-preview:-1\" \/>\n<link rel=\"canonical\" href=\"https:\/\/bpk-archive.de\/tuellmann\/produkt\/eine-gruppe-kindergartenkinder-trifft-auf-dem-bahnhof-auf-abreisende-gastarbeiter-3\/\" \/>\n<meta property=\"og:locale\" content=\"de_DE\" \/>\n<meta property=\"og:type\" content=\"article\" \/>\n<meta property=\"og:title\" content=\"Eine Gruppe Kindergartenkinder trifft auf dem Bahnhof auf abreisende Gastarbeiter - Abisag T\u00fcllmann\" \/>\n<meta property=\"og:description\" content=\"Serie f\u00fcr die &#8222;Didaktischen Einheiten&#8220; des Deutschen Jugendinstituts M\u00fcnchen (DJI)\" \/>\n<meta property=\"og:url\" content=\"https:\/\/bpk-archive.de\/tuellmann\/produkt\/eine-gruppe-kindergartenkinder-trifft-auf-dem-bahnhof-auf-abreisende-gastarbeiter-3\/\" \/>\n<meta property=\"og:site_name\" content=\"Abisag T\u00fcllmann\" \/>\n<meta property=\"article:modified_time\" content=\"2019-09-05T14:22:34+00:00\" \/>\n<meta property=\"og:image\" content=\"https:\/\/bpk-archive.de\/tuellmann\/wp-content\/uploads\/2019\/08\/bpk_70248463.jpg\" \/>\n\t<meta property=\"og:image:width\" content=\"1200\" \/>\n\t<meta property=\"og:image:height\" content=\"939\" \/>\n\t<meta property=\"og:image:type\" content=\"image\/jpeg\" \/>\n<meta name=\"twitter:card\" content=\"summary_large_image\" \/>\n<script type=\"application\/ld+json\" class=\"yoast-schema-graph\">{\"@context\":\"https:\\\/\\\/schema.org\",\"@graph\":[{\"@type\":\"WebPage\",\"@id\":\"https:\\\/\\\/bpk-archive.de\\\/tuellmann\\\/produkt\\\/eine-gruppe-kindergartenkinder-trifft-auf-dem-bahnhof-auf-abreisende-gastarbeiter-3\\\/\",\"url\":\"https:\\\/\\\/bpk-archive.de\\\/tuellmann\\\/produkt\\\/eine-gruppe-kindergartenkinder-trifft-auf-dem-bahnhof-auf-abreisende-gastarbeiter-3\\\/\",\"name\":\"Eine Gruppe Kindergartenkinder trifft auf dem Bahnhof auf abreisende Gastarbeiter - Abisag T\u00fcllmann\",\"isPartOf\":{\"@id\":\"https:\\\/\\\/bpk-archive.de\\\/tuellmann\\\/#website\"},\"primaryImageOfPage\":{\"@id\":\"https:\\\/\\\/bpk-archive.de\\\/tuellmann\\\/produkt\\\/eine-gruppe-kindergartenkinder-trifft-auf-dem-bahnhof-auf-abreisende-gastarbeiter-3\\\/#primaryimage\"},\"image\":{\"@id\":\"https:\\\/\\\/bpk-archive.de\\\/tuellmann\\\/produkt\\\/eine-gruppe-kindergartenkinder-trifft-auf-dem-bahnhof-auf-abreisende-gastarbeiter-3\\\/#primaryimage\"},\"thumbnailUrl\":\"https:\\\/\\\/bpk-archive.de\\\/tuellmann\\\/wp-content\\\/uploads\\\/2019\\\/08\\\/bpk_70248463.jpg\",\"datePublished\":\"2019-09-05T14:22:21+00:00\",\"dateModified\":\"2019-09-05T14:22:34+00:00\",\"breadcrumb\":{\"@id\":\"https:\\\/\\\/bpk-archive.de\\\/tuellmann\\\/produkt\\\/eine-gruppe-kindergartenkinder-trifft-auf-dem-bahnhof-auf-abreisende-gastarbeiter-3\\\/#breadcrumb\"},\"inLanguage\":\"de\",\"potentialAction\":[{\"@type\":\"ReadAction\",\"target\":[\"https:\\\/\\\/bpk-archive.de\\\/tuellmann\\\/produkt\\\/eine-gruppe-kindergartenkinder-trifft-auf-dem-bahnhof-auf-abreisende-gastarbeiter-3\\\/\"]}]},{\"@type\":\"ImageObject\",\"inLanguage\":\"de\",\"@id\":\"https:\\\/\\\/bpk-archive.de\\\/tuellmann\\\/produkt\\\/eine-gruppe-kindergartenkinder-trifft-auf-dem-bahnhof-auf-abreisende-gastarbeiter-3\\\/#primaryimage\",\"url\":\"https:\\\/\\\/bpk-archive.de\\\/tuellmann\\\/wp-content\\\/uploads\\\/2019\\\/08\\\/bpk_70248463.jpg\",\"contentUrl\":\"https:\\\/\\\/bpk-archive.de\\\/tuellmann\\\/wp-content\\\/uploads\\\/2019\\\/08\\\/bpk_70248463.jpg\",\"width\":1200,\"height\":939,\"caption\":\"Eine Gruppe Kindergartenkinder trifft auf dem Bahnhof auf abreisende Gastarbeiter\"},{\"@type\":\"BreadcrumbList\",\"@id\":\"https:\\\/\\\/bpk-archive.de\\\/tuellmann\\\/produkt\\\/eine-gruppe-kindergartenkinder-trifft-auf-dem-bahnhof-auf-abreisende-gastarbeiter-3\\\/#breadcrumb\",\"itemListElement\":[{\"@type\":\"ListItem\",\"position\":1,\"name\":\"Startseite\",\"item\":\"https:\\\/\\\/bpk-archive.de\\\/tuellmann\\\/\"},{\"@type\":\"ListItem\",\"position\":2,\"name\":\"Shop\",\"item\":\"https:\\\/\\\/bpk-archive.de\\\/tuellmann\\\/shop\\\/\"},{\"@type\":\"ListItem\",\"position\":3,\"name\":\"Eine Gruppe Kindergartenkinder trifft auf dem Bahnhof auf abreisende Gastarbeiter\"}]},{\"@type\":\"WebSite\",\"@id\":\"https:\\\/\\\/bpk-archive.de\\\/tuellmann\\\/#website\",\"url\":\"https:\\\/\\\/bpk-archive.de\\\/tuellmann\\\/\",\"name\":\"Abisag T\u00fcllmann\",\"description\":\"Eine weitere WordPress-Website\",\"potentialAction\":[{\"@type\":\"SearchAction\",\"target\":{\"@type\":\"EntryPoint\",\"urlTemplate\":\"https:\\\/\\\/bpk-archive.de\\\/tuellmann\\\/?s={search_term_string}\"},\"query-input\":{\"@type\":\"PropertyValueSpecification\",\"valueRequired\":true,\"valueName\":\"search_term_string\"}}],\"inLanguage\":\"de\"}]}<\/script>\n<!-- \/ Yoast SEO plugin. -->","yoast_head_json":{"title":"Eine Gruppe Kindergartenkinder trifft auf dem Bahnhof auf abreisende Gastarbeiter - Abisag T\u00fcllmann","robots":{"index":"index","follow":"follow","max-snippet":"max-snippet:-1","max-image-preview":"max-image-preview:large","max-video-preview":"max-video-preview:-1"},"canonical":"https:\/\/bpk-archive.de\/tuellmann\/produkt\/eine-gruppe-kindergartenkinder-trifft-auf-dem-bahnhof-auf-abreisende-gastarbeiter-3\/","og_locale":"de_DE","og_type":"article","og_title":"Eine Gruppe Kindergartenkinder trifft auf dem Bahnhof auf abreisende Gastarbeiter - Abisag T\u00fcllmann","og_description":"Serie f\u00fcr die &#8222;Didaktischen Einheiten&#8220; des Deutschen Jugendinstituts M\u00fcnchen (DJI)","og_url":"https:\/\/bpk-archive.de\/tuellmann\/produkt\/eine-gruppe-kindergartenkinder-trifft-auf-dem-bahnhof-auf-abreisende-gastarbeiter-3\/","og_site_name":"Abisag T\u00fcllmann","article_modified_time":"2019-09-05T14:22:34+00:00","og_image":[{"width":1200,"height":939,"url":"https:\/\/bpk-archive.de\/tuellmann\/wp-content\/uploads\/2019\/08\/bpk_70248463.jpg","type":"image\/jpeg"}],"twitter_card":"summary_large_image","schema":{"@context":"https:\/\/schema.org","@graph":[{"@type":"WebPage","@id":"https:\/\/bpk-archive.de\/tuellmann\/produkt\/eine-gruppe-kindergartenkinder-trifft-auf-dem-bahnhof-auf-abreisende-gastarbeiter-3\/","url":"https:\/\/bpk-archive.de\/tuellmann\/produkt\/eine-gruppe-kindergartenkinder-trifft-auf-dem-bahnhof-auf-abreisende-gastarbeiter-3\/","name":"Eine Gruppe Kindergartenkinder trifft auf dem Bahnhof auf abreisende Gastarbeiter - Abisag T\u00fcllmann","isPartOf":{"@id":"https:\/\/bpk-archive.de\/tuellmann\/#website"},"primaryImageOfPage":{"@id":"https:\/\/bpk-archive.de\/tuellmann\/produkt\/eine-gruppe-kindergartenkinder-trifft-auf-dem-bahnhof-auf-abreisende-gastarbeiter-3\/#primaryimage"},"image":{"@id":"https:\/\/bpk-archive.de\/tuellmann\/produkt\/eine-gruppe-kindergartenkinder-trifft-auf-dem-bahnhof-auf-abreisende-gastarbeiter-3\/#primaryimage"},"thumbnailUrl":"https:\/\/bpk-archive.de\/tuellmann\/wp-content\/uploads\/2019\/08\/bpk_70248463.jpg","datePublished":"2019-09-05T14:22:21+00:00","dateModified":"2019-09-05T14:22:34+00:00","breadcrumb":{"@id":"https:\/\/bpk-archive.de\/tuellmann\/produkt\/eine-gruppe-kindergartenkinder-trifft-auf-dem-bahnhof-auf-abreisende-gastarbeiter-3\/#breadcrumb"},"inLanguage":"de","potentialAction":[{"@type":"ReadAction","target":["https:\/\/bpk-archive.de\/tuellmann\/produkt\/eine-gruppe-kindergartenkinder-trifft-auf-dem-bahnhof-auf-abreisende-gastarbeiter-3\/"]}]},{"@type":"ImageObject","inLanguage":"de","@id":"https:\/\/bpk-archive.de\/tuellmann\/produkt\/eine-gruppe-kindergartenkinder-trifft-auf-dem-bahnhof-auf-abreisende-gastarbeiter-3\/#primaryimage","url":"https:\/\/bpk-archive.de\/tuellmann\/wp-content\/uploads\/2019\/08\/bpk_70248463.jpg","contentUrl":"https:\/\/bpk-archive.de\/tuellmann\/wp-content\/uploads\/2019\/08\/bpk_70248463.jpg","width":1200,"height":939,"caption":"Eine Gruppe Kindergartenkinder trifft auf dem Bahnhof auf abreisende Gastarbeiter"},{"@type":"BreadcrumbList","@id":"https:\/\/bpk-archive.de\/tuellmann\/produkt\/eine-gruppe-kindergartenkinder-trifft-auf-dem-bahnhof-auf-abreisende-gastarbeiter-3\/#breadcrumb","itemListElement":[{"@type":"ListItem","position":1,"name":"Startseite","item":"https:\/\/bpk-archive.de\/tuellmann\/"},{"@type":"ListItem","position":2,"name":"Shop","item":"https:\/\/bpk-archive.de\/tuellmann\/shop\/"},{"@type":"ListItem","position":3,"name":"Eine Gruppe Kindergartenkinder trifft auf dem Bahnhof auf abreisende Gastarbeiter"}]},{"@type":"WebSite","@id":"https:\/\/bpk-archive.de\/tuellmann\/#website","url":"https:\/\/bpk-archive.de\/tuellmann\/","name":"Abisag T\u00fcllmann","description":"Eine weitere WordPress-Website","potentialAction":[{"@type":"SearchAction","target":{"@type":"EntryPoint","urlTemplate":"https:\/\/bpk-archive.de\/tuellmann\/?s={search_term_string}"},"query-input":{"@type":"PropertyValueSpecification","valueRequired":true,"valueName":"search_term_string"}}],"inLanguage":"de"}]}},"_links":{"self":[{"href":"https:\/\/bpk-archive.de\/tuellmann\/wp-json\/wp\/v2\/product\/70297191","targetHints":{"allow":["GET"]}}],"collection":[{"href":"https:\/\/bpk-archive.de\/tuellmann\/wp-json\/wp\/v2\/product"}],"about":[{"href":"https:\/\/bpk-archive.de\/tuellmann\/wp-json\/wp\/v2\/types\/product"}],"wp:featuredmedia":[{"embeddable":true,"href":"https:\/\/bpk-archive.de\/tuellmann\/wp-json\/wp\/v2\/media\/70292633"}],"wp:attachment":[{"href":"https:\/\/bpk-archive.de\/tuellmann\/wp-json\/wp\/v2\/media?parent=70297191"}],"wp:term":[{"taxonomy":"product_brand","embeddable":true,"href":"https:\/\/bpk-archive.de\/tuellmann\/wp-json\/wp\/v2\/product_brand?post=70297191"},{"taxonomy":"product_cat","embeddable":true,"href":"https:\/\/bpk-archive.de\/tuellmann\/wp-json\/wp\/v2\/product_cat?post=70297191"},{"taxonomy":"product_tag","embeddable":true,"href":"https:\/\/bpk-archive.de\/tuellmann\/wp-json\/wp\/v2\/product_tag?post=70297191"}],"curies":[{"name":"wp","href":"https:\/\/api.w.org\/{rel}","templated":true}]}}