{"id":70297186,"date":"2019-09-05T16:22:21","date_gmt":"2019-09-05T14:22:21","guid":{"rendered":"http:\/\/abisagtuellmann.bpk-news.de\/atbild\/kindergaertnerin-beaufsichtigt-kinder-beim-malen-2\/"},"modified":"2019-09-05T16:22:30","modified_gmt":"2019-09-05T14:22:30","slug":"kindergaertnerin-beaufsichtigt-kinder-beim-malen-2","status":"publish","type":"product","link":"https:\/\/bpk-archive.de\/tuellmann\/produkt\/kindergaertnerin-beaufsichtigt-kinder-beim-malen-2\/","title":{"rendered":"Kinderg\u00e4rtnerin beaufsichtigt Kinder beim Malen"},"content":{"rendered":"<p>R\u00fcckseitenbeschriftung von anderer Hand: &#8222;autorit\u00e4r [?]&#8220;<\/p>\n","protected":false},"excerpt":{"rendered":"<p>R\u00fcckseitenbeschriftung von anderer Hand: &#8222;autorit\u00e4r [?]&#8220;<\/p>\n","protected":false},"featured_media":70292648,"template":"","meta":[],"product_brand":[],"product_cat":[],"product_tag":[13774,13232,13234,13231,13233,13775,62149,13777,47456,47457,47458,47459,47460,47461,47462,62150,50082,49675,50084,50085,50086,50087,50088,67101,47876,47877,47878,47879,13784,13785,13469,63655,63656,14178,14179,13470,47991,47992,47993,47994,47995,47996,13471,13472,13473,52424,54126,54127,52426,67353,67354,13293,13786,13787,13294,13295,13296,13297,13487,13488,48579,63657,63658,63659,14327,47579,47580,47581,47582,14195,14196,14197,14198,14199,14200,13498,13813,13814,14203,14204,53831,53832,53833,53834,53835,53836,53837,14205,14206,14207,49695,54131,54132,54133,54134,54135,14213,14218,14219,58758,58759,58760,58761,58762,58763,48548,48549,48550,14220,14221,47589,47590,49698,49699,49700,49701,49702,49703,49705,63664,63665,63666,63667,63668,63669,54028,54138,54139,13328,13827,13828,13329,13330,13331,13332,13829,13830,13831,13832,13833,13834,13835,13836,13837,13838,13839,13840,13841,13842,13843,13877,13879,13865,13864,13866,13858,13859,13860,13861,13862,13863,13867,13869,13870,13871,13872,14243,14244,14245,14246,14247,14248,14249,49722,49723,49724,49725,49726,49727,49728,13878,13880,48535,48536,48537,48538,13525,63670,63209,63671,48034],"class_list":{"0":"post-70297186","1":"product","2":"type-product","3":"status-publish","4":"has-post-thumbnail","6":"product_tag-1960er-jahre","7":"product_tag-20-jahrhundert-nach-chr","8":"product_tag-20-jh-n-chr","9":"product_tag-20-jahrhundert","10":"product_tag-20-jh","11":"product_tag-60er","12":"product_tag-abt_005","13":"product_tag-abzug","14":"product_tag-arbeit","15":"product_tag-arbeiten","16":"product_tag-arbeitend","17":"product_tag-arbeitende","18":"product_tag-arbeitenden","19":"product_tag-arbeitender","20":"product_tag-arbeitendes","21":"product_tag-at_paedagogik","22":"product_tag-baden","23":"product_tag-baden-wuerttemberg","24":"product_tag-badisch","25":"product_tag-badische","26":"product_tag-badischen","27":"product_tag-badischer","28":"product_tag-badisches","29":"product_tag-basteln","30":"product_tag-beruf","31":"product_tag-berufe","32":"product_tag-berufes","33":"product_tag-berufs","34":"product_tag-bildnis","35":"product_tag-bildnisse","36":"product_tag-brd","37":"product_tag-breisgau","38":"product_tag-breisgauer","39":"product_tag-bube","40":"product_tag-buben","41":"product_tag-bundesrepublik-deutschland","42":"product_tag-christlich","43":"product_tag-christliche","44":"product_tag-christlichem","45":"product_tag-christlichen","46":"product_tag-christlicher","47":"product_tag-christliches","48":"product_tag-deutschland","49":"product_tag-deutschlands","50":"product_tag-drinnen","51":"product_tag-erziehen","52":"product_tag-erzieherin","53":"product_tag-erzieherinnen","54":"product_tag-erziehung","55":"product_tag-fensterbild","56":"product_tag-fensterbilder","57":"product_tag-foto","58":"product_tag-fotoabzug","59":"product_tag-fotoabzuege","60":"product_tag-fotografie","61":"product_tag-fotografien","62":"product_tag-fotografin","63":"product_tag-fotografinnen","64":"product_tag-frau","65":"product_tag-frauen","66":"product_tag-frauenarbeit","67":"product_tag-freiburg","68":"product_tag-freiburger","69":"product_tag-frueherziehung","70":"product_tag-gesellschaft","71":"product_tag-gespraech","72":"product_tag-gespraeche","73":"product_tag-gespraeches","74":"product_tag-gespraechs","75":"product_tag-gruppenbild","76":"product_tag-gruppenbilder","77":"product_tag-gruppenportrait","78":"product_tag-gruppenportraits","79":"product_tag-gruppenportraet","80":"product_tag-gruppenportraets","81":"product_tag-innen","82":"product_tag-junge","83":"product_tag-jungen","84":"product_tag-jungens","85":"product_tag-jungs","86":"product_tag-katholisch","87":"product_tag-katholische","88":"product_tag-katholischem","89":"product_tag-katholischen","90":"product_tag-katholischer","91":"product_tag-katholisches","92":"product_tag-katholizismus","93":"product_tag-kind","94":"product_tag-kinde","95":"product_tag-kinder","96":"product_tag-kindererziehung","97":"product_tag-kindergarten","98":"product_tag-kindergartenkind","99":"product_tag-kindergartenkinder","100":"product_tag-kindergaertnerin","101":"product_tag-kindergaertnerinnen","102":"product_tag-kindern","103":"product_tag-kindes","104":"product_tag-kindheit","105":"product_tag-kirchlich","106":"product_tag-kirchliche","107":"product_tag-kirchlichem","108":"product_tag-kirchlichen","109":"product_tag-kirchlicher","110":"product_tag-kirchliches","111":"product_tag-kleinkind","112":"product_tag-kleinkinder","113":"product_tag-kleinkindern","114":"product_tag-knabe","115":"product_tag-knaben","116":"product_tag-konversation","117":"product_tag-konversationen","118":"product_tag-malen","119":"product_tag-malend","120":"product_tag-malende","121":"product_tag-malenden","122":"product_tag-malender","123":"product_tag-malendes","124":"product_tag-malt","125":"product_tag-oberrhein","126":"product_tag-oberrheinisch","127":"product_tag-oberrheinische","128":"product_tag-oberrheinischen","129":"product_tag-oberrheinischer","130":"product_tag-oberrheinisches","131":"product_tag-paedagogik","132":"product_tag-paedagogin","133":"product_tag-paedagoginnen","134":"product_tag-photo","135":"product_tag-photoabzug","136":"product_tag-photoabzuege","137":"product_tag-photographie","138":"product_tag-photographien","139":"product_tag-photographin","140":"product_tag-photographinnen","141":"product_tag-portrait","142":"product_tag-portraitaufnahme","143":"product_tag-portraitfoto","144":"product_tag-portraitfotografie","145":"product_tag-portraitphoto","146":"product_tag-portraitphotographie","147":"product_tag-portraits","148":"product_tag-portraet","149":"product_tag-portraetaufnahme","150":"product_tag-portraetfoto","151":"product_tag-portraetfotografie","152":"product_tag-portraetphoto","153":"product_tag-portraetphotographie","154":"product_tag-portraets","155":"product_tag-print","156":"product_tag-s-w-fotografie","157":"product_tag-s-w-photographie","158":"product_tag-schwarzweissphotographie","159":"product_tag-schwarz-weiss-fotografie","160":"product_tag-schwarz-weiss-photographie","161":"product_tag-schwarzweiss","162":"product_tag-schwarzweisse","163":"product_tag-schwarzweissen","164":"product_tag-schwarzweisser","165":"product_tag-schwarzweisses","166":"product_tag-schwarzweissfotografie","167":"product_tag-sechziger","168":"product_tag-silbergelatine","169":"product_tag-silbergelatineabzug","170":"product_tag-silbergelatineabzuege","171":"product_tag-silbergelatineprint","172":"product_tag-sitzen","173":"product_tag-sitzend","174":"product_tag-sitzende","175":"product_tag-sitzenden","176":"product_tag-sitzender","177":"product_tag-sitzendes","178":"product_tag-sitzt","179":"product_tag-sueddeutsch","180":"product_tag-sueddeutsche","181":"product_tag-sueddeutschen","182":"product_tag-sueddeutscher","183":"product_tag-sueddeutsches","184":"product_tag-sueddeutschland","185":"product_tag-sueddeutschlands","186":"product_tag-sw-fotografie","187":"product_tag-sw-photographie","188":"product_tag-tisch","189":"product_tag-tische","190":"product_tag-tischen","191":"product_tag-tisches","192":"product_tag-von-innen","193":"product_tag-vorschulalter","194":"product_tag-vorschule","195":"product_tag-vorschueler","196":"product_tag-zeigen","197":"pa_datierung-februar-1969","198":"pa_fotograf-abisag-tuellmann","199":"pa_geografischer_bezug-aufnahmeort-freiburg-deutschland","200":"pa_grunddaten_material_technik-foto-silbergelatine-auf-barytpapier","201":"pa_inventarnummer-tue-69-060-45","202":"pa_jahr_von-14258","203":"pa_massangaben-bildformat-foto-233-x-297-cm","204":"pa_mediennummer-67355","205":"pa_objekt_typ-fotografie","207":"first","208":"instock","209":"product-type-simple"},"yoast_head":"<!-- This site is optimized with the Yoast SEO plugin v27.3 - https:\/\/yoast.com\/product\/yoast-seo-wordpress\/ -->\n<title>Kinderg\u00e4rtnerin beaufsichtigt Kinder beim Malen - Abisag T\u00fcllmann<\/title>\n<meta name=\"robots\" content=\"index, follow, max-snippet:-1, max-image-preview:large, max-video-preview:-1\" \/>\n<link rel=\"canonical\" href=\"https:\/\/bpk-archive.de\/tuellmann\/produkt\/kindergaertnerin-beaufsichtigt-kinder-beim-malen-2\/\" \/>\n<meta property=\"og:locale\" content=\"de_DE\" \/>\n<meta property=\"og:type\" content=\"article\" \/>\n<meta property=\"og:title\" content=\"Kinderg\u00e4rtnerin beaufsichtigt Kinder beim Malen - Abisag T\u00fcllmann\" \/>\n<meta property=\"og:description\" content=\"R\u00fcckseitenbeschriftung von anderer Hand: &#8222;autorit\u00e4r [?]&#8220;\" \/>\n<meta property=\"og:url\" content=\"https:\/\/bpk-archive.de\/tuellmann\/produkt\/kindergaertnerin-beaufsichtigt-kinder-beim-malen-2\/\" \/>\n<meta property=\"og:site_name\" content=\"Abisag T\u00fcllmann\" \/>\n<meta property=\"article:modified_time\" content=\"2019-09-05T14:22:30+00:00\" \/>\n<meta property=\"og:image\" content=\"https:\/\/bpk-archive.de\/tuellmann\/wp-content\/uploads\/2019\/08\/bpk_70248474.jpg\" \/>\n\t<meta property=\"og:image:width\" content=\"1200\" \/>\n\t<meta property=\"og:image:height\" content=\"957\" \/>\n\t<meta property=\"og:image:type\" content=\"image\/jpeg\" \/>\n<meta name=\"twitter:card\" content=\"summary_large_image\" \/>\n<script type=\"application\/ld+json\" class=\"yoast-schema-graph\">{\"@context\":\"https:\\\/\\\/schema.org\",\"@graph\":[{\"@type\":\"WebPage\",\"@id\":\"https:\\\/\\\/bpk-archive.de\\\/tuellmann\\\/produkt\\\/kindergaertnerin-beaufsichtigt-kinder-beim-malen-2\\\/\",\"url\":\"https:\\\/\\\/bpk-archive.de\\\/tuellmann\\\/produkt\\\/kindergaertnerin-beaufsichtigt-kinder-beim-malen-2\\\/\",\"name\":\"Kinderg\u00e4rtnerin beaufsichtigt Kinder beim Malen - Abisag T\u00fcllmann\",\"isPartOf\":{\"@id\":\"https:\\\/\\\/bpk-archive.de\\\/tuellmann\\\/#website\"},\"primaryImageOfPage\":{\"@id\":\"https:\\\/\\\/bpk-archive.de\\\/tuellmann\\\/produkt\\\/kindergaertnerin-beaufsichtigt-kinder-beim-malen-2\\\/#primaryimage\"},\"image\":{\"@id\":\"https:\\\/\\\/bpk-archive.de\\\/tuellmann\\\/produkt\\\/kindergaertnerin-beaufsichtigt-kinder-beim-malen-2\\\/#primaryimage\"},\"thumbnailUrl\":\"https:\\\/\\\/bpk-archive.de\\\/tuellmann\\\/wp-content\\\/uploads\\\/2019\\\/08\\\/bpk_70248474.jpg\",\"datePublished\":\"2019-09-05T14:22:21+00:00\",\"dateModified\":\"2019-09-05T14:22:30+00:00\",\"breadcrumb\":{\"@id\":\"https:\\\/\\\/bpk-archive.de\\\/tuellmann\\\/produkt\\\/kindergaertnerin-beaufsichtigt-kinder-beim-malen-2\\\/#breadcrumb\"},\"inLanguage\":\"de\",\"potentialAction\":[{\"@type\":\"ReadAction\",\"target\":[\"https:\\\/\\\/bpk-archive.de\\\/tuellmann\\\/produkt\\\/kindergaertnerin-beaufsichtigt-kinder-beim-malen-2\\\/\"]}]},{\"@type\":\"ImageObject\",\"inLanguage\":\"de\",\"@id\":\"https:\\\/\\\/bpk-archive.de\\\/tuellmann\\\/produkt\\\/kindergaertnerin-beaufsichtigt-kinder-beim-malen-2\\\/#primaryimage\",\"url\":\"https:\\\/\\\/bpk-archive.de\\\/tuellmann\\\/wp-content\\\/uploads\\\/2019\\\/08\\\/bpk_70248474.jpg\",\"contentUrl\":\"https:\\\/\\\/bpk-archive.de\\\/tuellmann\\\/wp-content\\\/uploads\\\/2019\\\/08\\\/bpk_70248474.jpg\",\"width\":1200,\"height\":957,\"caption\":\"Kinderg\u00e4rtnerin beaufsichtigt Kinder beim Malen\"},{\"@type\":\"BreadcrumbList\",\"@id\":\"https:\\\/\\\/bpk-archive.de\\\/tuellmann\\\/produkt\\\/kindergaertnerin-beaufsichtigt-kinder-beim-malen-2\\\/#breadcrumb\",\"itemListElement\":[{\"@type\":\"ListItem\",\"position\":1,\"name\":\"Startseite\",\"item\":\"https:\\\/\\\/bpk-archive.de\\\/tuellmann\\\/\"},{\"@type\":\"ListItem\",\"position\":2,\"name\":\"Shop\",\"item\":\"https:\\\/\\\/bpk-archive.de\\\/tuellmann\\\/shop\\\/\"},{\"@type\":\"ListItem\",\"position\":3,\"name\":\"Kinderg\u00e4rtnerin beaufsichtigt Kinder beim Malen\"}]},{\"@type\":\"WebSite\",\"@id\":\"https:\\\/\\\/bpk-archive.de\\\/tuellmann\\\/#website\",\"url\":\"https:\\\/\\\/bpk-archive.de\\\/tuellmann\\\/\",\"name\":\"Abisag T\u00fcllmann\",\"description\":\"Eine weitere WordPress-Website\",\"potentialAction\":[{\"@type\":\"SearchAction\",\"target\":{\"@type\":\"EntryPoint\",\"urlTemplate\":\"https:\\\/\\\/bpk-archive.de\\\/tuellmann\\\/?s={search_term_string}\"},\"query-input\":{\"@type\":\"PropertyValueSpecification\",\"valueRequired\":true,\"valueName\":\"search_term_string\"}}],\"inLanguage\":\"de\"}]}<\/script>\n<!-- \/ Yoast SEO plugin. -->","yoast_head_json":{"title":"Kinderg\u00e4rtnerin beaufsichtigt Kinder beim Malen - Abisag T\u00fcllmann","robots":{"index":"index","follow":"follow","max-snippet":"max-snippet:-1","max-image-preview":"max-image-preview:large","max-video-preview":"max-video-preview:-1"},"canonical":"https:\/\/bpk-archive.de\/tuellmann\/produkt\/kindergaertnerin-beaufsichtigt-kinder-beim-malen-2\/","og_locale":"de_DE","og_type":"article","og_title":"Kinderg\u00e4rtnerin beaufsichtigt Kinder beim Malen - Abisag T\u00fcllmann","og_description":"R\u00fcckseitenbeschriftung von anderer Hand: &#8222;autorit\u00e4r [?]&#8220;","og_url":"https:\/\/bpk-archive.de\/tuellmann\/produkt\/kindergaertnerin-beaufsichtigt-kinder-beim-malen-2\/","og_site_name":"Abisag T\u00fcllmann","article_modified_time":"2019-09-05T14:22:30+00:00","og_image":[{"width":1200,"height":957,"url":"https:\/\/bpk-archive.de\/tuellmann\/wp-content\/uploads\/2019\/08\/bpk_70248474.jpg","type":"image\/jpeg"}],"twitter_card":"summary_large_image","schema":{"@context":"https:\/\/schema.org","@graph":[{"@type":"WebPage","@id":"https:\/\/bpk-archive.de\/tuellmann\/produkt\/kindergaertnerin-beaufsichtigt-kinder-beim-malen-2\/","url":"https:\/\/bpk-archive.de\/tuellmann\/produkt\/kindergaertnerin-beaufsichtigt-kinder-beim-malen-2\/","name":"Kinderg\u00e4rtnerin beaufsichtigt Kinder beim Malen - Abisag T\u00fcllmann","isPartOf":{"@id":"https:\/\/bpk-archive.de\/tuellmann\/#website"},"primaryImageOfPage":{"@id":"https:\/\/bpk-archive.de\/tuellmann\/produkt\/kindergaertnerin-beaufsichtigt-kinder-beim-malen-2\/#primaryimage"},"image":{"@id":"https:\/\/bpk-archive.de\/tuellmann\/produkt\/kindergaertnerin-beaufsichtigt-kinder-beim-malen-2\/#primaryimage"},"thumbnailUrl":"https:\/\/bpk-archive.de\/tuellmann\/wp-content\/uploads\/2019\/08\/bpk_70248474.jpg","datePublished":"2019-09-05T14:22:21+00:00","dateModified":"2019-09-05T14:22:30+00:00","breadcrumb":{"@id":"https:\/\/bpk-archive.de\/tuellmann\/produkt\/kindergaertnerin-beaufsichtigt-kinder-beim-malen-2\/#breadcrumb"},"inLanguage":"de","potentialAction":[{"@type":"ReadAction","target":["https:\/\/bpk-archive.de\/tuellmann\/produkt\/kindergaertnerin-beaufsichtigt-kinder-beim-malen-2\/"]}]},{"@type":"ImageObject","inLanguage":"de","@id":"https:\/\/bpk-archive.de\/tuellmann\/produkt\/kindergaertnerin-beaufsichtigt-kinder-beim-malen-2\/#primaryimage","url":"https:\/\/bpk-archive.de\/tuellmann\/wp-content\/uploads\/2019\/08\/bpk_70248474.jpg","contentUrl":"https:\/\/bpk-archive.de\/tuellmann\/wp-content\/uploads\/2019\/08\/bpk_70248474.jpg","width":1200,"height":957,"caption":"Kinderg\u00e4rtnerin beaufsichtigt Kinder beim Malen"},{"@type":"BreadcrumbList","@id":"https:\/\/bpk-archive.de\/tuellmann\/produkt\/kindergaertnerin-beaufsichtigt-kinder-beim-malen-2\/#breadcrumb","itemListElement":[{"@type":"ListItem","position":1,"name":"Startseite","item":"https:\/\/bpk-archive.de\/tuellmann\/"},{"@type":"ListItem","position":2,"name":"Shop","item":"https:\/\/bpk-archive.de\/tuellmann\/shop\/"},{"@type":"ListItem","position":3,"name":"Kinderg\u00e4rtnerin beaufsichtigt Kinder beim Malen"}]},{"@type":"WebSite","@id":"https:\/\/bpk-archive.de\/tuellmann\/#website","url":"https:\/\/bpk-archive.de\/tuellmann\/","name":"Abisag T\u00fcllmann","description":"Eine weitere WordPress-Website","potentialAction":[{"@type":"SearchAction","target":{"@type":"EntryPoint","urlTemplate":"https:\/\/bpk-archive.de\/tuellmann\/?s={search_term_string}"},"query-input":{"@type":"PropertyValueSpecification","valueRequired":true,"valueName":"search_term_string"}}],"inLanguage":"de"}]}},"_links":{"self":[{"href":"https:\/\/bpk-archive.de\/tuellmann\/wp-json\/wp\/v2\/product\/70297186","targetHints":{"allow":["GET"]}}],"collection":[{"href":"https:\/\/bpk-archive.de\/tuellmann\/wp-json\/wp\/v2\/product"}],"about":[{"href":"https:\/\/bpk-archive.de\/tuellmann\/wp-json\/wp\/v2\/types\/product"}],"wp:featuredmedia":[{"embeddable":true,"href":"https:\/\/bpk-archive.de\/tuellmann\/wp-json\/wp\/v2\/media\/70292648"}],"wp:attachment":[{"href":"https:\/\/bpk-archive.de\/tuellmann\/wp-json\/wp\/v2\/media?parent=70297186"}],"wp:term":[{"taxonomy":"product_brand","embeddable":true,"href":"https:\/\/bpk-archive.de\/tuellmann\/wp-json\/wp\/v2\/product_brand?post=70297186"},{"taxonomy":"product_cat","embeddable":true,"href":"https:\/\/bpk-archive.de\/tuellmann\/wp-json\/wp\/v2\/product_cat?post=70297186"},{"taxonomy":"product_tag","embeddable":true,"href":"https:\/\/bpk-archive.de\/tuellmann\/wp-json\/wp\/v2\/product_tag?post=70297186"}],"curies":[{"name":"wp","href":"https:\/\/api.w.org\/{rel}","templated":true}]}}