{"id":70297181,"date":"2019-09-05T16:22:21","date_gmt":"2019-09-05T14:22:21","guid":{"rendered":"http:\/\/abisagtuellmann.bpk-news.de\/atbild\/zaehlen-lernen-in-einem-montessori-kindergarten\/"},"modified":"2019-09-05T16:22:25","modified_gmt":"2019-09-05T14:22:25","slug":"zaehlen-lernen-in-einem-montessori-kindergarten","status":"publish","type":"product","link":"https:\/\/bpk-archive.de\/tuellmann\/produkt\/zaehlen-lernen-in-einem-montessori-kindergarten\/","title":{"rendered":"Z\u00e4hlen lernen in einem Montessori-Kindergarten"},"content":{"rendered":"<p>R\u00fcckseitenbeschriftung von Hand der Fotografin: &#8222;Montessori-Kindergarten, Ffm&#8220;<\/p>\n","protected":false},"excerpt":{"rendered":"<p>R\u00fcckseitenbeschriftung von Hand der Fotografin: &#8222;Montessori-Kindergarten, Ffm&#8220;<\/p>\n","protected":false},"featured_media":70292716,"template":"","meta":[],"product_brand":[],"product_cat":[],"product_tag":[13230,13232,13234,13231,13233,13235,62149,13777,62150,13784,13785,50141,48098,13469,13470,13471,13472,13960,13961,13962,13963,13964,13965,13473,48971,50142,52424,54126,54127,52426,13293,13786,13787,13294,13295,13296,13297,13485,13486,13482,13481,13483,13484,13487,13488,48099,48100,14327,13492,13493,13494,13495,13496,13497,13498,60571,60572,14205,14206,14207,14208,14209,14210,49695,54131,54132,54133,54134,54135,14213,14214,14215,14216,14217,14218,14219,48548,48549,48550,47285,47286,47287,47288,47289,47290,47291,47292,47293,47294,50119,13310,13311,67333,54028,54138,54139,13328,13827,13828,13329,13330,13331,13332,13829,13830,13831,13832,13833,13834,13835,13836,13837,13838,13839,13840,13841,13842,13843,50405,62241,13877,13879,13865,13864,13866,13858,13859,13860,13861,13862,13863,13354,13869,13870,13871,13872,14243,14244,14245,14246,14247,14248,14249,50068,50069,13878,13880,13525,63209,63671,67334,67335,67336,50220,50221,67337,50222,50223],"class_list":{"0":"post-70297181","1":"product","2":"type-product","3":"status-publish","4":"has-post-thumbnail","6":"product_tag-1970er-jahre","7":"product_tag-20-jahrhundert-nach-chr","8":"product_tag-20-jh-n-chr","9":"product_tag-20-jahrhundert","10":"product_tag-20-jh","11":"product_tag-70er","12":"product_tag-abt_005","13":"product_tag-abzug","14":"product_tag-at_paedagogik","15":"product_tag-bildnis","16":"product_tag-bildnisse","17":"product_tag-bildung","18":"product_tag-boden","19":"product_tag-brd","20":"product_tag-bundesrepublik-deutschland","21":"product_tag-deutschland","22":"product_tag-deutschlands","23":"product_tag-doppelbildnis","24":"product_tag-doppelbildnisse","25":"product_tag-doppelportrait","26":"product_tag-doppelportraits","27":"product_tag-doppelportraet","28":"product_tag-doppelportraets","29":"product_tag-drinnen","30":"product_tag-erklaeren","31":"product_tag-erklaert","32":"product_tag-erziehen","33":"product_tag-erzieherin","34":"product_tag-erzieherinnen","35":"product_tag-erziehung","36":"product_tag-foto","37":"product_tag-fotoabzug","38":"product_tag-fotoabzuege","39":"product_tag-fotografie","40":"product_tag-fotografien","41":"product_tag-fotografin","42":"product_tag-fotografinnen","43":"product_tag-frankfurt-m","44":"product_tag-frankfurt-main","45":"product_tag-frankfurt-a-main","46":"product_tag-frankfurt-a-m","47":"product_tag-frankfurt-am-main","48":"product_tag-frankfurter","49":"product_tag-frau","50":"product_tag-frauen","51":"product_tag-fussboden","52":"product_tag-fussbodens","53":"product_tag-gesellschaft","54":"product_tag-hessen","55":"product_tag-hessisch","56":"product_tag-hessische","57":"product_tag-hessischen","58":"product_tag-hessischer","59":"product_tag-hessisches","60":"product_tag-innen","61":"product_tag-karte","62":"product_tag-karten","63":"product_tag-kind","64":"product_tag-kinde","65":"product_tag-kinder","66":"product_tag-kinderbild","67":"product_tag-kinderbildnis","68":"product_tag-kinderbildnisse","69":"product_tag-kindererziehung","70":"product_tag-kindergarten","71":"product_tag-kindergartenkind","72":"product_tag-kindergartenkinder","73":"product_tag-kindergaertnerin","74":"product_tag-kindergaertnerinnen","75":"product_tag-kindern","76":"product_tag-kinderportrait","77":"product_tag-kinderportraits","78":"product_tag-kinderportraet","79":"product_tag-kinderportraets","80":"product_tag-kindes","81":"product_tag-kindheit","82":"product_tag-kleinkind","83":"product_tag-kleinkinder","84":"product_tag-kleinkindern","85":"product_tag-knieen","86":"product_tag-knieend","87":"product_tag-knieende","88":"product_tag-knieender","89":"product_tag-knieendes","90":"product_tag-knien","91":"product_tag-kniend","92":"product_tag-kniende","93":"product_tag-kniender","94":"product_tag-kniendes","95":"product_tag-lernen","96":"product_tag-maedchen","97":"product_tag-maedchens","98":"product_tag-montessori","99":"product_tag-paedagogik","100":"product_tag-paedagogin","101":"product_tag-paedagoginnen","102":"product_tag-photo","103":"product_tag-photoabzug","104":"product_tag-photoabzuege","105":"product_tag-photographie","106":"product_tag-photographien","107":"product_tag-photographin","108":"product_tag-photographinnen","109":"product_tag-portrait","110":"product_tag-portraitaufnahme","111":"product_tag-portraitfoto","112":"product_tag-portraitfotografie","113":"product_tag-portraitphoto","114":"product_tag-portraitphotographie","115":"product_tag-portraits","116":"product_tag-portraet","117":"product_tag-portraetaufnahme","118":"product_tag-portraetfoto","119":"product_tag-portraetfotografie","120":"product_tag-portraetphoto","121":"product_tag-portraetphotographie","122":"product_tag-portraets","123":"product_tag-print","124":"product_tag-rechnen","125":"product_tag-reformpaedagogik","126":"product_tag-s-w-fotografie","127":"product_tag-s-w-photographie","128":"product_tag-schwarzweissphotographie","129":"product_tag-schwarz-weiss-fotografie","130":"product_tag-schwarz-weiss-photographie","131":"product_tag-schwarzweiss","132":"product_tag-schwarzweisse","133":"product_tag-schwarzweissen","134":"product_tag-schwarzweisser","135":"product_tag-schwarzweisses","136":"product_tag-schwarzweissfotografie","137":"product_tag-siebziger","138":"product_tag-silbergelatine","139":"product_tag-silbergelatineabzug","140":"product_tag-silbergelatineabzuege","141":"product_tag-silbergelatineprint","142":"product_tag-sitzen","143":"product_tag-sitzend","144":"product_tag-sitzende","145":"product_tag-sitzenden","146":"product_tag-sitzender","147":"product_tag-sitzendes","148":"product_tag-sitzt","149":"product_tag-spiel","150":"product_tag-spiele","151":"product_tag-sw-fotografie","152":"product_tag-sw-photographie","153":"product_tag-von-innen","154":"product_tag-vorschule","155":"product_tag-vorschueler","156":"product_tag-vorschuelerin","157":"product_tag-vorschulkind","158":"product_tag-vorschulkinder","159":"product_tag-zahl","160":"product_tag-zahlen","161":"product_tag-zaehlt","162":"product_tag-ziffer","163":"product_tag-ziffern","164":"pa_datierung-1970er-jahre","165":"pa_fotograf-abisag-tuellmann","166":"pa_geografischer_bezug-aufnahmeort-frankfurt-am-main-deutschland","167":"pa_grunddaten_material_technik-foto-silbergelatine-auf-barytpapier","168":"pa_jahr_von-1970er-jahre","169":"pa_massangaben-bildformat-foto-232-x-302-cm","170":"pa_mediennummer-67332","171":"pa_objekt_typ-fotografie","173":"first","174":"instock","175":"product-type-simple"},"yoast_head":"<!-- This site is optimized with the Yoast SEO plugin v27.3 - https:\/\/yoast.com\/product\/yoast-seo-wordpress\/ -->\n<title>Z\u00e4hlen lernen in einem Montessori-Kindergarten - Abisag T\u00fcllmann<\/title>\n<meta name=\"robots\" content=\"index, follow, max-snippet:-1, max-image-preview:large, max-video-preview:-1\" \/>\n<link rel=\"canonical\" href=\"https:\/\/bpk-archive.de\/tuellmann\/produkt\/zaehlen-lernen-in-einem-montessori-kindergarten\/\" \/>\n<meta property=\"og:locale\" content=\"de_DE\" \/>\n<meta property=\"og:type\" content=\"article\" \/>\n<meta property=\"og:title\" content=\"Z\u00e4hlen lernen in einem Montessori-Kindergarten - Abisag T\u00fcllmann\" \/>\n<meta property=\"og:description\" content=\"R\u00fcckseitenbeschriftung von Hand der Fotografin: &#8222;Montessori-Kindergarten, Ffm&#8220;\" \/>\n<meta property=\"og:url\" content=\"https:\/\/bpk-archive.de\/tuellmann\/produkt\/zaehlen-lernen-in-einem-montessori-kindergarten\/\" \/>\n<meta property=\"og:site_name\" content=\"Abisag T\u00fcllmann\" \/>\n<meta property=\"article:modified_time\" content=\"2019-09-05T14:22:25+00:00\" \/>\n<meta property=\"og:image\" content=\"https:\/\/bpk-archive.de\/tuellmann\/wp-content\/uploads\/2019\/08\/bpk_70248516.jpg\" \/>\n\t<meta property=\"og:image:width\" content=\"1200\" \/>\n\t<meta property=\"og:image:height\" content=\"935\" \/>\n\t<meta property=\"og:image:type\" content=\"image\/jpeg\" \/>\n<meta name=\"twitter:card\" content=\"summary_large_image\" \/>\n<script type=\"application\/ld+json\" class=\"yoast-schema-graph\">{\"@context\":\"https:\\\/\\\/schema.org\",\"@graph\":[{\"@type\":\"WebPage\",\"@id\":\"https:\\\/\\\/bpk-archive.de\\\/tuellmann\\\/produkt\\\/zaehlen-lernen-in-einem-montessori-kindergarten\\\/\",\"url\":\"https:\\\/\\\/bpk-archive.de\\\/tuellmann\\\/produkt\\\/zaehlen-lernen-in-einem-montessori-kindergarten\\\/\",\"name\":\"Z\u00e4hlen lernen in einem Montessori-Kindergarten - Abisag T\u00fcllmann\",\"isPartOf\":{\"@id\":\"https:\\\/\\\/bpk-archive.de\\\/tuellmann\\\/#website\"},\"primaryImageOfPage\":{\"@id\":\"https:\\\/\\\/bpk-archive.de\\\/tuellmann\\\/produkt\\\/zaehlen-lernen-in-einem-montessori-kindergarten\\\/#primaryimage\"},\"image\":{\"@id\":\"https:\\\/\\\/bpk-archive.de\\\/tuellmann\\\/produkt\\\/zaehlen-lernen-in-einem-montessori-kindergarten\\\/#primaryimage\"},\"thumbnailUrl\":\"https:\\\/\\\/bpk-archive.de\\\/tuellmann\\\/wp-content\\\/uploads\\\/2019\\\/08\\\/bpk_70248516.jpg\",\"datePublished\":\"2019-09-05T14:22:21+00:00\",\"dateModified\":\"2019-09-05T14:22:25+00:00\",\"breadcrumb\":{\"@id\":\"https:\\\/\\\/bpk-archive.de\\\/tuellmann\\\/produkt\\\/zaehlen-lernen-in-einem-montessori-kindergarten\\\/#breadcrumb\"},\"inLanguage\":\"de\",\"potentialAction\":[{\"@type\":\"ReadAction\",\"target\":[\"https:\\\/\\\/bpk-archive.de\\\/tuellmann\\\/produkt\\\/zaehlen-lernen-in-einem-montessori-kindergarten\\\/\"]}]},{\"@type\":\"ImageObject\",\"inLanguage\":\"de\",\"@id\":\"https:\\\/\\\/bpk-archive.de\\\/tuellmann\\\/produkt\\\/zaehlen-lernen-in-einem-montessori-kindergarten\\\/#primaryimage\",\"url\":\"https:\\\/\\\/bpk-archive.de\\\/tuellmann\\\/wp-content\\\/uploads\\\/2019\\\/08\\\/bpk_70248516.jpg\",\"contentUrl\":\"https:\\\/\\\/bpk-archive.de\\\/tuellmann\\\/wp-content\\\/uploads\\\/2019\\\/08\\\/bpk_70248516.jpg\",\"width\":1200,\"height\":935,\"caption\":\"Z\u00e4hlen lernen in einem Montessori-Kindergarten\"},{\"@type\":\"BreadcrumbList\",\"@id\":\"https:\\\/\\\/bpk-archive.de\\\/tuellmann\\\/produkt\\\/zaehlen-lernen-in-einem-montessori-kindergarten\\\/#breadcrumb\",\"itemListElement\":[{\"@type\":\"ListItem\",\"position\":1,\"name\":\"Startseite\",\"item\":\"https:\\\/\\\/bpk-archive.de\\\/tuellmann\\\/\"},{\"@type\":\"ListItem\",\"position\":2,\"name\":\"Shop\",\"item\":\"https:\\\/\\\/bpk-archive.de\\\/tuellmann\\\/shop\\\/\"},{\"@type\":\"ListItem\",\"position\":3,\"name\":\"Z\u00e4hlen lernen in einem Montessori-Kindergarten\"}]},{\"@type\":\"WebSite\",\"@id\":\"https:\\\/\\\/bpk-archive.de\\\/tuellmann\\\/#website\",\"url\":\"https:\\\/\\\/bpk-archive.de\\\/tuellmann\\\/\",\"name\":\"Abisag T\u00fcllmann\",\"description\":\"Eine weitere WordPress-Website\",\"potentialAction\":[{\"@type\":\"SearchAction\",\"target\":{\"@type\":\"EntryPoint\",\"urlTemplate\":\"https:\\\/\\\/bpk-archive.de\\\/tuellmann\\\/?s={search_term_string}\"},\"query-input\":{\"@type\":\"PropertyValueSpecification\",\"valueRequired\":true,\"valueName\":\"search_term_string\"}}],\"inLanguage\":\"de\"}]}<\/script>\n<!-- \/ Yoast SEO plugin. -->","yoast_head_json":{"title":"Z\u00e4hlen lernen in einem Montessori-Kindergarten - Abisag T\u00fcllmann","robots":{"index":"index","follow":"follow","max-snippet":"max-snippet:-1","max-image-preview":"max-image-preview:large","max-video-preview":"max-video-preview:-1"},"canonical":"https:\/\/bpk-archive.de\/tuellmann\/produkt\/zaehlen-lernen-in-einem-montessori-kindergarten\/","og_locale":"de_DE","og_type":"article","og_title":"Z\u00e4hlen lernen in einem Montessori-Kindergarten - Abisag T\u00fcllmann","og_description":"R\u00fcckseitenbeschriftung von Hand der Fotografin: &#8222;Montessori-Kindergarten, Ffm&#8220;","og_url":"https:\/\/bpk-archive.de\/tuellmann\/produkt\/zaehlen-lernen-in-einem-montessori-kindergarten\/","og_site_name":"Abisag T\u00fcllmann","article_modified_time":"2019-09-05T14:22:25+00:00","og_image":[{"width":1200,"height":935,"url":"https:\/\/bpk-archive.de\/tuellmann\/wp-content\/uploads\/2019\/08\/bpk_70248516.jpg","type":"image\/jpeg"}],"twitter_card":"summary_large_image","schema":{"@context":"https:\/\/schema.org","@graph":[{"@type":"WebPage","@id":"https:\/\/bpk-archive.de\/tuellmann\/produkt\/zaehlen-lernen-in-einem-montessori-kindergarten\/","url":"https:\/\/bpk-archive.de\/tuellmann\/produkt\/zaehlen-lernen-in-einem-montessori-kindergarten\/","name":"Z\u00e4hlen lernen in einem Montessori-Kindergarten - Abisag T\u00fcllmann","isPartOf":{"@id":"https:\/\/bpk-archive.de\/tuellmann\/#website"},"primaryImageOfPage":{"@id":"https:\/\/bpk-archive.de\/tuellmann\/produkt\/zaehlen-lernen-in-einem-montessori-kindergarten\/#primaryimage"},"image":{"@id":"https:\/\/bpk-archive.de\/tuellmann\/produkt\/zaehlen-lernen-in-einem-montessori-kindergarten\/#primaryimage"},"thumbnailUrl":"https:\/\/bpk-archive.de\/tuellmann\/wp-content\/uploads\/2019\/08\/bpk_70248516.jpg","datePublished":"2019-09-05T14:22:21+00:00","dateModified":"2019-09-05T14:22:25+00:00","breadcrumb":{"@id":"https:\/\/bpk-archive.de\/tuellmann\/produkt\/zaehlen-lernen-in-einem-montessori-kindergarten\/#breadcrumb"},"inLanguage":"de","potentialAction":[{"@type":"ReadAction","target":["https:\/\/bpk-archive.de\/tuellmann\/produkt\/zaehlen-lernen-in-einem-montessori-kindergarten\/"]}]},{"@type":"ImageObject","inLanguage":"de","@id":"https:\/\/bpk-archive.de\/tuellmann\/produkt\/zaehlen-lernen-in-einem-montessori-kindergarten\/#primaryimage","url":"https:\/\/bpk-archive.de\/tuellmann\/wp-content\/uploads\/2019\/08\/bpk_70248516.jpg","contentUrl":"https:\/\/bpk-archive.de\/tuellmann\/wp-content\/uploads\/2019\/08\/bpk_70248516.jpg","width":1200,"height":935,"caption":"Z\u00e4hlen lernen in einem Montessori-Kindergarten"},{"@type":"BreadcrumbList","@id":"https:\/\/bpk-archive.de\/tuellmann\/produkt\/zaehlen-lernen-in-einem-montessori-kindergarten\/#breadcrumb","itemListElement":[{"@type":"ListItem","position":1,"name":"Startseite","item":"https:\/\/bpk-archive.de\/tuellmann\/"},{"@type":"ListItem","position":2,"name":"Shop","item":"https:\/\/bpk-archive.de\/tuellmann\/shop\/"},{"@type":"ListItem","position":3,"name":"Z\u00e4hlen lernen in einem Montessori-Kindergarten"}]},{"@type":"WebSite","@id":"https:\/\/bpk-archive.de\/tuellmann\/#website","url":"https:\/\/bpk-archive.de\/tuellmann\/","name":"Abisag T\u00fcllmann","description":"Eine weitere WordPress-Website","potentialAction":[{"@type":"SearchAction","target":{"@type":"EntryPoint","urlTemplate":"https:\/\/bpk-archive.de\/tuellmann\/?s={search_term_string}"},"query-input":{"@type":"PropertyValueSpecification","valueRequired":true,"valueName":"search_term_string"}}],"inLanguage":"de"}]}},"_links":{"self":[{"href":"https:\/\/bpk-archive.de\/tuellmann\/wp-json\/wp\/v2\/product\/70297181","targetHints":{"allow":["GET"]}}],"collection":[{"href":"https:\/\/bpk-archive.de\/tuellmann\/wp-json\/wp\/v2\/product"}],"about":[{"href":"https:\/\/bpk-archive.de\/tuellmann\/wp-json\/wp\/v2\/types\/product"}],"wp:featuredmedia":[{"embeddable":true,"href":"https:\/\/bpk-archive.de\/tuellmann\/wp-json\/wp\/v2\/media\/70292716"}],"wp:attachment":[{"href":"https:\/\/bpk-archive.de\/tuellmann\/wp-json\/wp\/v2\/media?parent=70297181"}],"wp:term":[{"taxonomy":"product_brand","embeddable":true,"href":"https:\/\/bpk-archive.de\/tuellmann\/wp-json\/wp\/v2\/product_brand?post=70297181"},{"taxonomy":"product_cat","embeddable":true,"href":"https:\/\/bpk-archive.de\/tuellmann\/wp-json\/wp\/v2\/product_cat?post=70297181"},{"taxonomy":"product_tag","embeddable":true,"href":"https:\/\/bpk-archive.de\/tuellmann\/wp-json\/wp\/v2\/product_tag?post=70297181"}],"curies":[{"name":"wp","href":"https:\/\/api.w.org\/{rel}","templated":true}]}}