{"id":70297172,"date":"2019-09-05T16:22:06","date_gmt":"2019-09-05T14:22:06","guid":{"rendered":"http:\/\/abisagtuellmann.bpk-news.de\/atbild\/im-kinder-und-jugenddorf-marienpflege-in-ellwangen\/"},"modified":"2020-08-11T17:04:59","modified_gmt":"2020-08-11T15:04:59","slug":"im-kinder-und-jugenddorf-marienpflege-in-ellwangen","status":"publish","type":"product","link":"https:\/\/bpk-archive.de\/tuellmann\/produkt\/im-kinder-und-jugenddorf-marienpflege-in-ellwangen\/","title":{"rendered":"Im Kinder- und Jugenddorf Marienpflege in Ellwangen"},"content":{"rendered":"<p>Ein M\u00e4dchen \u00fcbt das Schreiben<\/p>\n","protected":false},"excerpt":{"rendered":"<p>Ein M\u00e4dchen \u00fcbt das Schreiben<\/p>\n","protected":false},"featured_media":70292695,"template":"","meta":[],"product_brand":[],"product_cat":[73393],"product_tag":[13774,13232,13234,13231,13233,13775,62149,13777,62150,49675,50140,50141,50399,50400,50401,13469,13470,13471,13472,13293,13786,13787,13294,13295,13296,13297,14327,53831,53832,53833,53834,53835,53836,53837,14205,14206,14207,51409,67259,49695,14213,14218,14219,50153,50119,13310,13311,54028,13328,13827,13828,13329,13330,13331,13332,13843,67273,67274,13877,13879,55647,50179,50180,50181,50182,50183,67275,50163,50164,13346,13347,49713,49714,49715,49716,49717,13865,13864,13866,13858,13859,13860,13861,13862,13863,13867,13869,13870,13871,13872,49722,49723,49724,49725,49726,49727,49728,13878,13880,52832,52834,52835,49732,49733,49734,49735,49736,49737,49738,49739],"class_list":{"0":"post-70297172","1":"product","2":"type-product","3":"status-publish","4":"has-post-thumbnail","6":"product_cat-schule","7":"product_tag-1960er-jahre","8":"product_tag-20-jahrhundert-nach-chr","9":"product_tag-20-jh-n-chr","10":"product_tag-20-jahrhundert","11":"product_tag-20-jh","12":"product_tag-60er","13":"product_tag-abt_005","14":"product_tag-abzug","15":"product_tag-at_paedagogik","16":"product_tag-baden-wuerttemberg","17":"product_tag-betreuung","18":"product_tag-bildung","19":"product_tag-bleistift","20":"product_tag-bleistifte","21":"product_tag-bleistiften","22":"product_tag-brd","23":"product_tag-bundesrepublik-deutschland","24":"product_tag-deutschland","25":"product_tag-deutschlands","26":"product_tag-foto","27":"product_tag-fotoabzug","28":"product_tag-fotoabzuege","29":"product_tag-fotografie","30":"product_tag-fotografien","31":"product_tag-fotografin","32":"product_tag-fotografinnen","33":"product_tag-gesellschaft","34":"product_tag-katholisch","35":"product_tag-katholische","36":"product_tag-katholischem","37":"product_tag-katholischen","38":"product_tag-katholischer","39":"product_tag-katholisches","40":"product_tag-katholizismus","41":"product_tag-kind","42":"product_tag-kinde","43":"product_tag-kinder","44":"product_tag-kinderbetreuung","45":"product_tag-kinderdorf","46":"product_tag-kindererziehung","47":"product_tag-kindern","48":"product_tag-kindes","49":"product_tag-kindheit","50":"product_tag-konzentration","51":"product_tag-lernen","52":"product_tag-maedchen","53":"product_tag-maedchens","54":"product_tag-paedagogik","55":"product_tag-photo","56":"product_tag-photoabzug","57":"product_tag-photoabzuege","58":"product_tag-photographie","59":"product_tag-photographien","60":"product_tag-photographin","61":"product_tag-photographinnen","62":"product_tag-print","63":"product_tag-radiergummis","64":"product_tag-radiergummmi","65":"product_tag-s-w-fotografie","66":"product_tag-s-w-photographie","67":"product_tag-schreiben","68":"product_tag-schreibend","69":"product_tag-schreibende","70":"product_tag-schreibenden","71":"product_tag-schreibender","72":"product_tag-schreibendes","73":"product_tag-schreibheft","74":"product_tag-schule","75":"product_tag-schulen","76":"product_tag-schuelerin","77":"product_tag-schuelerinnen","78":"product_tag-schwaebisch","79":"product_tag-schwaebische","80":"product_tag-schwaebischen","81":"product_tag-schwaebischer","82":"product_tag-schwaebisches","83":"product_tag-schwarzweissphotographie","84":"product_tag-schwarz-weiss-fotografie","85":"product_tag-schwarz-weiss-photographie","86":"product_tag-schwarzweiss","87":"product_tag-schwarzweisse","88":"product_tag-schwarzweissen","89":"product_tag-schwarzweisser","90":"product_tag-schwarzweisses","91":"product_tag-schwarzweissfotografie","92":"product_tag-sechziger","93":"product_tag-silbergelatine","94":"product_tag-silbergelatineabzug","95":"product_tag-silbergelatineabzuege","96":"product_tag-silbergelatineprint","97":"product_tag-sueddeutsch","98":"product_tag-sueddeutsche","99":"product_tag-sueddeutschen","100":"product_tag-sueddeutscher","101":"product_tag-sueddeutsches","102":"product_tag-sueddeutschland","103":"product_tag-sueddeutschlands","104":"product_tag-sw-fotografie","105":"product_tag-sw-photographie","106":"product_tag-unterricht","107":"product_tag-unterrichtes","108":"product_tag-unterrichts","109":"product_tag-wirtenberg","110":"product_tag-wuertemberg","111":"product_tag-wuerttemberg","112":"product_tag-wuerttembergisch","113":"product_tag-wuerttembergische","114":"product_tag-wuerttembergischen","115":"product_tag-wuerttembergischer","116":"product_tag-wuerttembergisches","117":"pa_datierung-september-1967","118":"pa_fotograf-abisag-tuellmann","119":"pa_geografischer_bezug-aufnahmeort-ellwangen-deutschland","120":"pa_grunddaten_material_technik-foto-silbergelatine-auf-barytpapier","121":"pa_inventarnummer-tue-67-133-06","122":"pa_jahr_von-53582","123":"pa_massangaben-bildformat-foto-237-x-294-cm","124":"pa_mediennummer-67271","125":"pa_objekt_typ-fotografie","127":"first","128":"instock","129":"product-type-simple"},"yoast_head":"<!-- This site is optimized with the Yoast SEO plugin v27.4 - https:\/\/yoast.com\/product\/yoast-seo-wordpress\/ -->\n<title>Im Kinder- und Jugenddorf Marienpflege in Ellwangen - Abisag T\u00fcllmann<\/title>\n<meta name=\"robots\" content=\"index, follow, max-snippet:-1, max-image-preview:large, max-video-preview:-1\" \/>\n<link rel=\"canonical\" href=\"https:\/\/bpk-archive.de\/tuellmann\/produkt\/im-kinder-und-jugenddorf-marienpflege-in-ellwangen\/\" \/>\n<meta property=\"og:locale\" content=\"de_DE\" \/>\n<meta property=\"og:type\" content=\"article\" \/>\n<meta property=\"og:title\" content=\"Im Kinder- und Jugenddorf Marienpflege in Ellwangen - Abisag T\u00fcllmann\" \/>\n<meta property=\"og:description\" content=\"Ein M\u00e4dchen \u00fcbt das Schreiben\" \/>\n<meta property=\"og:url\" content=\"https:\/\/bpk-archive.de\/tuellmann\/produkt\/im-kinder-und-jugenddorf-marienpflege-in-ellwangen\/\" \/>\n<meta property=\"og:site_name\" content=\"Abisag T\u00fcllmann\" \/>\n<meta property=\"article:modified_time\" content=\"2020-08-11T15:04:59+00:00\" \/>\n<meta property=\"og:image\" content=\"https:\/\/bpk-archive.de\/tuellmann\/wp-content\/uploads\/2019\/08\/bpk_70248503.jpg\" \/>\n\t<meta property=\"og:image:width\" content=\"1200\" \/>\n\t<meta property=\"og:image:height\" content=\"975\" \/>\n\t<meta property=\"og:image:type\" content=\"image\/jpeg\" \/>\n<meta name=\"twitter:card\" content=\"summary_large_image\" \/>\n<script type=\"application\/ld+json\" class=\"yoast-schema-graph\">{\"@context\":\"https:\\\/\\\/schema.org\",\"@graph\":[{\"@type\":\"WebPage\",\"@id\":\"https:\\\/\\\/bpk-archive.de\\\/tuellmann\\\/produkt\\\/im-kinder-und-jugenddorf-marienpflege-in-ellwangen\\\/\",\"url\":\"https:\\\/\\\/bpk-archive.de\\\/tuellmann\\\/produkt\\\/im-kinder-und-jugenddorf-marienpflege-in-ellwangen\\\/\",\"name\":\"Im Kinder- und Jugenddorf Marienpflege in Ellwangen - Abisag T\u00fcllmann\",\"isPartOf\":{\"@id\":\"https:\\\/\\\/bpk-archive.de\\\/tuellmann\\\/#website\"},\"primaryImageOfPage\":{\"@id\":\"https:\\\/\\\/bpk-archive.de\\\/tuellmann\\\/produkt\\\/im-kinder-und-jugenddorf-marienpflege-in-ellwangen\\\/#primaryimage\"},\"image\":{\"@id\":\"https:\\\/\\\/bpk-archive.de\\\/tuellmann\\\/produkt\\\/im-kinder-und-jugenddorf-marienpflege-in-ellwangen\\\/#primaryimage\"},\"thumbnailUrl\":\"https:\\\/\\\/bpk-archive.de\\\/tuellmann\\\/wp-content\\\/uploads\\\/2019\\\/08\\\/bpk_70248503.jpg\",\"datePublished\":\"2019-09-05T14:22:06+00:00\",\"dateModified\":\"2020-08-11T15:04:59+00:00\",\"breadcrumb\":{\"@id\":\"https:\\\/\\\/bpk-archive.de\\\/tuellmann\\\/produkt\\\/im-kinder-und-jugenddorf-marienpflege-in-ellwangen\\\/#breadcrumb\"},\"inLanguage\":\"de\",\"potentialAction\":[{\"@type\":\"ReadAction\",\"target\":[\"https:\\\/\\\/bpk-archive.de\\\/tuellmann\\\/produkt\\\/im-kinder-und-jugenddorf-marienpflege-in-ellwangen\\\/\"]}]},{\"@type\":\"ImageObject\",\"inLanguage\":\"de\",\"@id\":\"https:\\\/\\\/bpk-archive.de\\\/tuellmann\\\/produkt\\\/im-kinder-und-jugenddorf-marienpflege-in-ellwangen\\\/#primaryimage\",\"url\":\"https:\\\/\\\/bpk-archive.de\\\/tuellmann\\\/wp-content\\\/uploads\\\/2019\\\/08\\\/bpk_70248503.jpg\",\"contentUrl\":\"https:\\\/\\\/bpk-archive.de\\\/tuellmann\\\/wp-content\\\/uploads\\\/2019\\\/08\\\/bpk_70248503.jpg\",\"width\":1200,\"height\":975,\"caption\":\"Im Kinder- und Jugenddorf Marienpflege in Ellwangen\"},{\"@type\":\"BreadcrumbList\",\"@id\":\"https:\\\/\\\/bpk-archive.de\\\/tuellmann\\\/produkt\\\/im-kinder-und-jugenddorf-marienpflege-in-ellwangen\\\/#breadcrumb\",\"itemListElement\":[{\"@type\":\"ListItem\",\"position\":1,\"name\":\"Startseite\",\"item\":\"https:\\\/\\\/bpk-archive.de\\\/tuellmann\\\/\"},{\"@type\":\"ListItem\",\"position\":2,\"name\":\"Shop\",\"item\":\"https:\\\/\\\/bpk-archive.de\\\/tuellmann\\\/shop\\\/\"},{\"@type\":\"ListItem\",\"position\":3,\"name\":\"Im Kinder- und Jugenddorf Marienpflege in Ellwangen\"}]},{\"@type\":\"WebSite\",\"@id\":\"https:\\\/\\\/bpk-archive.de\\\/tuellmann\\\/#website\",\"url\":\"https:\\\/\\\/bpk-archive.de\\\/tuellmann\\\/\",\"name\":\"Abisag T\u00fcllmann\",\"description\":\"Eine weitere WordPress-Website\",\"potentialAction\":[{\"@type\":\"SearchAction\",\"target\":{\"@type\":\"EntryPoint\",\"urlTemplate\":\"https:\\\/\\\/bpk-archive.de\\\/tuellmann\\\/?s={search_term_string}\"},\"query-input\":{\"@type\":\"PropertyValueSpecification\",\"valueRequired\":true,\"valueName\":\"search_term_string\"}}],\"inLanguage\":\"de\"}]}<\/script>\n<!-- \/ Yoast SEO plugin. -->","yoast_head_json":{"title":"Im Kinder- und Jugenddorf Marienpflege in Ellwangen - Abisag T\u00fcllmann","robots":{"index":"index","follow":"follow","max-snippet":"max-snippet:-1","max-image-preview":"max-image-preview:large","max-video-preview":"max-video-preview:-1"},"canonical":"https:\/\/bpk-archive.de\/tuellmann\/produkt\/im-kinder-und-jugenddorf-marienpflege-in-ellwangen\/","og_locale":"de_DE","og_type":"article","og_title":"Im Kinder- und Jugenddorf Marienpflege in Ellwangen - Abisag T\u00fcllmann","og_description":"Ein M\u00e4dchen \u00fcbt das Schreiben","og_url":"https:\/\/bpk-archive.de\/tuellmann\/produkt\/im-kinder-und-jugenddorf-marienpflege-in-ellwangen\/","og_site_name":"Abisag T\u00fcllmann","article_modified_time":"2020-08-11T15:04:59+00:00","og_image":[{"width":1200,"height":975,"url":"https:\/\/bpk-archive.de\/tuellmann\/wp-content\/uploads\/2019\/08\/bpk_70248503.jpg","type":"image\/jpeg"}],"twitter_card":"summary_large_image","schema":{"@context":"https:\/\/schema.org","@graph":[{"@type":"WebPage","@id":"https:\/\/bpk-archive.de\/tuellmann\/produkt\/im-kinder-und-jugenddorf-marienpflege-in-ellwangen\/","url":"https:\/\/bpk-archive.de\/tuellmann\/produkt\/im-kinder-und-jugenddorf-marienpflege-in-ellwangen\/","name":"Im Kinder- und Jugenddorf Marienpflege in Ellwangen - Abisag T\u00fcllmann","isPartOf":{"@id":"https:\/\/bpk-archive.de\/tuellmann\/#website"},"primaryImageOfPage":{"@id":"https:\/\/bpk-archive.de\/tuellmann\/produkt\/im-kinder-und-jugenddorf-marienpflege-in-ellwangen\/#primaryimage"},"image":{"@id":"https:\/\/bpk-archive.de\/tuellmann\/produkt\/im-kinder-und-jugenddorf-marienpflege-in-ellwangen\/#primaryimage"},"thumbnailUrl":"https:\/\/bpk-archive.de\/tuellmann\/wp-content\/uploads\/2019\/08\/bpk_70248503.jpg","datePublished":"2019-09-05T14:22:06+00:00","dateModified":"2020-08-11T15:04:59+00:00","breadcrumb":{"@id":"https:\/\/bpk-archive.de\/tuellmann\/produkt\/im-kinder-und-jugenddorf-marienpflege-in-ellwangen\/#breadcrumb"},"inLanguage":"de","potentialAction":[{"@type":"ReadAction","target":["https:\/\/bpk-archive.de\/tuellmann\/produkt\/im-kinder-und-jugenddorf-marienpflege-in-ellwangen\/"]}]},{"@type":"ImageObject","inLanguage":"de","@id":"https:\/\/bpk-archive.de\/tuellmann\/produkt\/im-kinder-und-jugenddorf-marienpflege-in-ellwangen\/#primaryimage","url":"https:\/\/bpk-archive.de\/tuellmann\/wp-content\/uploads\/2019\/08\/bpk_70248503.jpg","contentUrl":"https:\/\/bpk-archive.de\/tuellmann\/wp-content\/uploads\/2019\/08\/bpk_70248503.jpg","width":1200,"height":975,"caption":"Im Kinder- und Jugenddorf Marienpflege in Ellwangen"},{"@type":"BreadcrumbList","@id":"https:\/\/bpk-archive.de\/tuellmann\/produkt\/im-kinder-und-jugenddorf-marienpflege-in-ellwangen\/#breadcrumb","itemListElement":[{"@type":"ListItem","position":1,"name":"Startseite","item":"https:\/\/bpk-archive.de\/tuellmann\/"},{"@type":"ListItem","position":2,"name":"Shop","item":"https:\/\/bpk-archive.de\/tuellmann\/shop\/"},{"@type":"ListItem","position":3,"name":"Im Kinder- und Jugenddorf Marienpflege in Ellwangen"}]},{"@type":"WebSite","@id":"https:\/\/bpk-archive.de\/tuellmann\/#website","url":"https:\/\/bpk-archive.de\/tuellmann\/","name":"Abisag T\u00fcllmann","description":"Eine weitere WordPress-Website","potentialAction":[{"@type":"SearchAction","target":{"@type":"EntryPoint","urlTemplate":"https:\/\/bpk-archive.de\/tuellmann\/?s={search_term_string}"},"query-input":{"@type":"PropertyValueSpecification","valueRequired":true,"valueName":"search_term_string"}}],"inLanguage":"de"}]}},"_links":{"self":[{"href":"https:\/\/bpk-archive.de\/tuellmann\/wp-json\/wp\/v2\/product\/70297172","targetHints":{"allow":["GET"]}}],"collection":[{"href":"https:\/\/bpk-archive.de\/tuellmann\/wp-json\/wp\/v2\/product"}],"about":[{"href":"https:\/\/bpk-archive.de\/tuellmann\/wp-json\/wp\/v2\/types\/product"}],"wp:featuredmedia":[{"embeddable":true,"href":"https:\/\/bpk-archive.de\/tuellmann\/wp-json\/wp\/v2\/media\/70292695"}],"wp:attachment":[{"href":"https:\/\/bpk-archive.de\/tuellmann\/wp-json\/wp\/v2\/media?parent=70297172"}],"wp:term":[{"taxonomy":"product_brand","embeddable":true,"href":"https:\/\/bpk-archive.de\/tuellmann\/wp-json\/wp\/v2\/product_brand?post=70297172"},{"taxonomy":"product_cat","embeddable":true,"href":"https:\/\/bpk-archive.de\/tuellmann\/wp-json\/wp\/v2\/product_cat?post=70297172"},{"taxonomy":"product_tag","embeddable":true,"href":"https:\/\/bpk-archive.de\/tuellmann\/wp-json\/wp\/v2\/product_tag?post=70297172"}],"curies":[{"name":"wp","href":"https:\/\/api.w.org\/{rel}","templated":true}]}}