{"id":70297139,"date":"2019-09-05T16:21:46","date_gmt":"2019-09-05T14:21:46","guid":{"rendered":"http:\/\/abisagtuellmann.bpk-news.de\/atbild\/kindergartenkinder-besuchen-ein-altersheim\/"},"modified":"2019-09-05T16:21:48","modified_gmt":"2019-09-05T14:21:48","slug":"kindergartenkinder-besuchen-ein-altersheim","status":"publish","type":"product","link":"https:\/\/bpk-archive.de\/tuellmann\/produkt\/kindergartenkinder-besuchen-ein-altersheim\/","title":{"rendered":"Kindergartenkinder besuchen ein Altersheim"},"content":{"rendered":"<p>Serie f\u00fcr die &#8222;Didaktischen Einheiten&#8220; des Deutschen Jugendinstituts M\u00fcnchen (DJI)<\/p>\n","protected":false},"excerpt":{"rendered":"<p>Serie f\u00fcr die &#8222;Didaktischen Einheiten&#8220; des Deutschen Jugendinstituts M\u00fcnchen (DJI)<\/p>\n","protected":false},"featured_media":70292760,"template":"","meta":[],"product_brand":[],"product_cat":[],"product_tag":[13230,13232,13234,13231,13233,13235,62149,13777,47418,47419,47420,67079,67080,67081,67082,47421,47422,47423,67083,67084,67085,67086,47424,62150,48481,48482,48483,48484,54014,54015,53967,13469,13470,13471,13472,54016,54017,54018,54019,67087,67088,53970,53971,13293,13786,13787,13294,13295,13296,13297,51504,49684,51505,13485,13486,13482,13481,13483,13484,13487,13488,14327,13492,13493,13494,13495,13496,13497,54025,14205,14206,14207,49695,54131,54132,54133,14213,14218,14219,54028,13328,13827,13828,13329,13330,13331,13332,13843,51531,51532,13877,13879,13865,13864,13866,13858,13859,13860,13861,13862,13863,67089,67090,67091,67092,49718,49719,13354,13869,13870,13871,13872,13878,13880,48502],"class_list":{"0":"post-70297139","1":"product","2":"type-product","3":"status-publish","4":"has-post-thumbnail","6":"product_tag-1970er-jahre","7":"product_tag-20-jahrhundert-nach-chr","8":"product_tag-20-jh-n-chr","9":"product_tag-20-jahrhundert","10":"product_tag-20-jh","11":"product_tag-70er","12":"product_tag-abt_005","13":"product_tag-abzug","14":"product_tag-alt","15":"product_tag-alte","16":"product_tag-alten","17":"product_tag-altenheim","18":"product_tag-altenheime","19":"product_tag-altenheimes","20":"product_tag-altenheims","21":"product_tag-alter","22":"product_tag-aeltere","23":"product_tag-aelterer","24":"product_tag-alterheims","25":"product_tag-altersheim","26":"product_tag-altersheime","27":"product_tag-altersheimes","28":"product_tag-altes","29":"product_tag-at_paedagogik","30":"product_tag-besuch","31":"product_tag-besuche","32":"product_tag-besuchen","33":"product_tag-besucht","34":"product_tag-bilderfolge","35":"product_tag-bilderserie","36":"product_tag-bilderstrecke","37":"product_tag-brd","38":"product_tag-bundesrepublik-deutschland","39":"product_tag-deutschland","40":"product_tag-deutschlands","41":"product_tag-didaktik","42":"product_tag-didaktische","43":"product_tag-einheit","44":"product_tag-einheits","45":"product_tag-feierabendheim","46":"product_tag-feierabendheime","47":"product_tag-folge","48":"product_tag-folgen","49":"product_tag-foto","50":"product_tag-fotoabzug","51":"product_tag-fotoabzuege","52":"product_tag-fotografie","53":"product_tag-fotografien","54":"product_tag-fotografin","55":"product_tag-fotografinnen","56":"product_tag-fotoreihe","57":"product_tag-fotoserie","58":"product_tag-fotostrecke","59":"product_tag-frankfurt-m","60":"product_tag-frankfurt-main","61":"product_tag-frankfurt-a-main","62":"product_tag-frankfurt-a-m","63":"product_tag-frankfurt-am-main","64":"product_tag-frankfurter","65":"product_tag-frau","66":"product_tag-frauen","67":"product_tag-gesellschaft","68":"product_tag-hessen","69":"product_tag-hessisch","70":"product_tag-hessische","71":"product_tag-hessischen","72":"product_tag-hessischer","73":"product_tag-hessisches","74":"product_tag-jugendinstitut","75":"product_tag-kind","76":"product_tag-kinde","77":"product_tag-kinder","78":"product_tag-kindererziehung","79":"product_tag-kindergarten","80":"product_tag-kindergartenkind","81":"product_tag-kindergartenkinder","82":"product_tag-kindern","83":"product_tag-kindes","84":"product_tag-kindheit","85":"product_tag-paedagogik","86":"product_tag-photo","87":"product_tag-photoabzug","88":"product_tag-photoabzuege","89":"product_tag-photographie","90":"product_tag-photographien","91":"product_tag-photographin","92":"product_tag-photographinnen","93":"product_tag-print","94":"product_tag-reihe","95":"product_tag-reihen","96":"product_tag-s-w-fotografie","97":"product_tag-s-w-photographie","98":"product_tag-schwarzweissphotographie","99":"product_tag-schwarz-weiss-fotografie","100":"product_tag-schwarz-weiss-photographie","101":"product_tag-schwarzweiss","102":"product_tag-schwarzweisse","103":"product_tag-schwarzweissen","104":"product_tag-schwarzweisser","105":"product_tag-schwarzweisses","106":"product_tag-schwarzweissfotografie","107":"product_tag-seniorenheim","108":"product_tag-seniorenheime","109":"product_tag-seniorenheimes","110":"product_tag-seniorenheims","111":"product_tag-serie","112":"product_tag-serien","113":"product_tag-siebziger","114":"product_tag-silbergelatine","115":"product_tag-silbergelatineabzug","116":"product_tag-silbergelatineabzuege","117":"product_tag-silbergelatineprint","118":"product_tag-sw-fotografie","119":"product_tag-sw-photographie","120":"product_tag-zu-besuch","121":"pa_datierung-januar-1974","122":"pa_fotograf-abisag-tuellmann","123":"pa_geografischer_bezug-aufnahmeort-frankfurt-am-main-deutschland","124":"pa_grunddaten_material_technik-foto-silbergelatine-auf-barytpapier","125":"pa_inventarnummer-tue-74-012-05","126":"pa_jahr_von-51802","127":"pa_massangaben-bildformat-foto-228-x-303-cm","128":"pa_mediennummer-67076","129":"pa_objekt_typ-fotografie","131":"first","132":"instock","133":"product-type-simple"},"yoast_head":"<!-- This site is optimized with the Yoast SEO plugin v27.4 - https:\/\/yoast.com\/product\/yoast-seo-wordpress\/ -->\n<title>Kindergartenkinder besuchen ein Altersheim - Abisag T\u00fcllmann<\/title>\n<meta name=\"robots\" content=\"index, follow, max-snippet:-1, max-image-preview:large, max-video-preview:-1\" \/>\n<link rel=\"canonical\" href=\"https:\/\/bpk-archive.de\/tuellmann\/produkt\/kindergartenkinder-besuchen-ein-altersheim\/\" \/>\n<meta property=\"og:locale\" content=\"de_DE\" \/>\n<meta property=\"og:type\" content=\"article\" \/>\n<meta property=\"og:title\" content=\"Kindergartenkinder besuchen ein Altersheim - Abisag T\u00fcllmann\" \/>\n<meta property=\"og:description\" content=\"Serie f\u00fcr die &#8222;Didaktischen Einheiten&#8220; des Deutschen Jugendinstituts M\u00fcnchen (DJI)\" \/>\n<meta property=\"og:url\" content=\"https:\/\/bpk-archive.de\/tuellmann\/produkt\/kindergartenkinder-besuchen-ein-altersheim\/\" \/>\n<meta property=\"og:site_name\" content=\"Abisag T\u00fcllmann\" \/>\n<meta property=\"article:modified_time\" content=\"2019-09-05T14:21:48+00:00\" \/>\n<meta property=\"og:image\" content=\"https:\/\/bpk-archive.de\/tuellmann\/wp-content\/uploads\/2019\/08\/bpk_70248449.jpg\" \/>\n\t<meta property=\"og:image:width\" content=\"1200\" \/>\n\t<meta property=\"og:image:height\" content=\"922\" \/>\n\t<meta property=\"og:image:type\" content=\"image\/jpeg\" \/>\n<meta name=\"twitter:card\" content=\"summary_large_image\" \/>\n<script type=\"application\/ld+json\" class=\"yoast-schema-graph\">{\"@context\":\"https:\\\/\\\/schema.org\",\"@graph\":[{\"@type\":\"WebPage\",\"@id\":\"https:\\\/\\\/bpk-archive.de\\\/tuellmann\\\/produkt\\\/kindergartenkinder-besuchen-ein-altersheim\\\/\",\"url\":\"https:\\\/\\\/bpk-archive.de\\\/tuellmann\\\/produkt\\\/kindergartenkinder-besuchen-ein-altersheim\\\/\",\"name\":\"Kindergartenkinder besuchen ein Altersheim - Abisag T\u00fcllmann\",\"isPartOf\":{\"@id\":\"https:\\\/\\\/bpk-archive.de\\\/tuellmann\\\/#website\"},\"primaryImageOfPage\":{\"@id\":\"https:\\\/\\\/bpk-archive.de\\\/tuellmann\\\/produkt\\\/kindergartenkinder-besuchen-ein-altersheim\\\/#primaryimage\"},\"image\":{\"@id\":\"https:\\\/\\\/bpk-archive.de\\\/tuellmann\\\/produkt\\\/kindergartenkinder-besuchen-ein-altersheim\\\/#primaryimage\"},\"thumbnailUrl\":\"https:\\\/\\\/bpk-archive.de\\\/tuellmann\\\/wp-content\\\/uploads\\\/2019\\\/08\\\/bpk_70248449.jpg\",\"datePublished\":\"2019-09-05T14:21:46+00:00\",\"dateModified\":\"2019-09-05T14:21:48+00:00\",\"breadcrumb\":{\"@id\":\"https:\\\/\\\/bpk-archive.de\\\/tuellmann\\\/produkt\\\/kindergartenkinder-besuchen-ein-altersheim\\\/#breadcrumb\"},\"inLanguage\":\"de\",\"potentialAction\":[{\"@type\":\"ReadAction\",\"target\":[\"https:\\\/\\\/bpk-archive.de\\\/tuellmann\\\/produkt\\\/kindergartenkinder-besuchen-ein-altersheim\\\/\"]}]},{\"@type\":\"ImageObject\",\"inLanguage\":\"de\",\"@id\":\"https:\\\/\\\/bpk-archive.de\\\/tuellmann\\\/produkt\\\/kindergartenkinder-besuchen-ein-altersheim\\\/#primaryimage\",\"url\":\"https:\\\/\\\/bpk-archive.de\\\/tuellmann\\\/wp-content\\\/uploads\\\/2019\\\/08\\\/bpk_70248449.jpg\",\"contentUrl\":\"https:\\\/\\\/bpk-archive.de\\\/tuellmann\\\/wp-content\\\/uploads\\\/2019\\\/08\\\/bpk_70248449.jpg\",\"width\":1200,\"height\":922,\"caption\":\"Kindergartenkinder besuchen ein Altersheim\"},{\"@type\":\"BreadcrumbList\",\"@id\":\"https:\\\/\\\/bpk-archive.de\\\/tuellmann\\\/produkt\\\/kindergartenkinder-besuchen-ein-altersheim\\\/#breadcrumb\",\"itemListElement\":[{\"@type\":\"ListItem\",\"position\":1,\"name\":\"Startseite\",\"item\":\"https:\\\/\\\/bpk-archive.de\\\/tuellmann\\\/\"},{\"@type\":\"ListItem\",\"position\":2,\"name\":\"Shop\",\"item\":\"https:\\\/\\\/bpk-archive.de\\\/tuellmann\\\/shop\\\/\"},{\"@type\":\"ListItem\",\"position\":3,\"name\":\"Kindergartenkinder besuchen ein Altersheim\"}]},{\"@type\":\"WebSite\",\"@id\":\"https:\\\/\\\/bpk-archive.de\\\/tuellmann\\\/#website\",\"url\":\"https:\\\/\\\/bpk-archive.de\\\/tuellmann\\\/\",\"name\":\"Abisag T\u00fcllmann\",\"description\":\"Eine weitere WordPress-Website\",\"potentialAction\":[{\"@type\":\"SearchAction\",\"target\":{\"@type\":\"EntryPoint\",\"urlTemplate\":\"https:\\\/\\\/bpk-archive.de\\\/tuellmann\\\/?s={search_term_string}\"},\"query-input\":{\"@type\":\"PropertyValueSpecification\",\"valueRequired\":true,\"valueName\":\"search_term_string\"}}],\"inLanguage\":\"de\"}]}<\/script>\n<!-- \/ Yoast SEO plugin. -->","yoast_head_json":{"title":"Kindergartenkinder besuchen ein Altersheim - Abisag T\u00fcllmann","robots":{"index":"index","follow":"follow","max-snippet":"max-snippet:-1","max-image-preview":"max-image-preview:large","max-video-preview":"max-video-preview:-1"},"canonical":"https:\/\/bpk-archive.de\/tuellmann\/produkt\/kindergartenkinder-besuchen-ein-altersheim\/","og_locale":"de_DE","og_type":"article","og_title":"Kindergartenkinder besuchen ein Altersheim - Abisag T\u00fcllmann","og_description":"Serie f\u00fcr die &#8222;Didaktischen Einheiten&#8220; des Deutschen Jugendinstituts M\u00fcnchen (DJI)","og_url":"https:\/\/bpk-archive.de\/tuellmann\/produkt\/kindergartenkinder-besuchen-ein-altersheim\/","og_site_name":"Abisag T\u00fcllmann","article_modified_time":"2019-09-05T14:21:48+00:00","og_image":[{"width":1200,"height":922,"url":"https:\/\/bpk-archive.de\/tuellmann\/wp-content\/uploads\/2019\/08\/bpk_70248449.jpg","type":"image\/jpeg"}],"twitter_card":"summary_large_image","schema":{"@context":"https:\/\/schema.org","@graph":[{"@type":"WebPage","@id":"https:\/\/bpk-archive.de\/tuellmann\/produkt\/kindergartenkinder-besuchen-ein-altersheim\/","url":"https:\/\/bpk-archive.de\/tuellmann\/produkt\/kindergartenkinder-besuchen-ein-altersheim\/","name":"Kindergartenkinder besuchen ein Altersheim - Abisag T\u00fcllmann","isPartOf":{"@id":"https:\/\/bpk-archive.de\/tuellmann\/#website"},"primaryImageOfPage":{"@id":"https:\/\/bpk-archive.de\/tuellmann\/produkt\/kindergartenkinder-besuchen-ein-altersheim\/#primaryimage"},"image":{"@id":"https:\/\/bpk-archive.de\/tuellmann\/produkt\/kindergartenkinder-besuchen-ein-altersheim\/#primaryimage"},"thumbnailUrl":"https:\/\/bpk-archive.de\/tuellmann\/wp-content\/uploads\/2019\/08\/bpk_70248449.jpg","datePublished":"2019-09-05T14:21:46+00:00","dateModified":"2019-09-05T14:21:48+00:00","breadcrumb":{"@id":"https:\/\/bpk-archive.de\/tuellmann\/produkt\/kindergartenkinder-besuchen-ein-altersheim\/#breadcrumb"},"inLanguage":"de","potentialAction":[{"@type":"ReadAction","target":["https:\/\/bpk-archive.de\/tuellmann\/produkt\/kindergartenkinder-besuchen-ein-altersheim\/"]}]},{"@type":"ImageObject","inLanguage":"de","@id":"https:\/\/bpk-archive.de\/tuellmann\/produkt\/kindergartenkinder-besuchen-ein-altersheim\/#primaryimage","url":"https:\/\/bpk-archive.de\/tuellmann\/wp-content\/uploads\/2019\/08\/bpk_70248449.jpg","contentUrl":"https:\/\/bpk-archive.de\/tuellmann\/wp-content\/uploads\/2019\/08\/bpk_70248449.jpg","width":1200,"height":922,"caption":"Kindergartenkinder besuchen ein Altersheim"},{"@type":"BreadcrumbList","@id":"https:\/\/bpk-archive.de\/tuellmann\/produkt\/kindergartenkinder-besuchen-ein-altersheim\/#breadcrumb","itemListElement":[{"@type":"ListItem","position":1,"name":"Startseite","item":"https:\/\/bpk-archive.de\/tuellmann\/"},{"@type":"ListItem","position":2,"name":"Shop","item":"https:\/\/bpk-archive.de\/tuellmann\/shop\/"},{"@type":"ListItem","position":3,"name":"Kindergartenkinder besuchen ein Altersheim"}]},{"@type":"WebSite","@id":"https:\/\/bpk-archive.de\/tuellmann\/#website","url":"https:\/\/bpk-archive.de\/tuellmann\/","name":"Abisag T\u00fcllmann","description":"Eine weitere WordPress-Website","potentialAction":[{"@type":"SearchAction","target":{"@type":"EntryPoint","urlTemplate":"https:\/\/bpk-archive.de\/tuellmann\/?s={search_term_string}"},"query-input":{"@type":"PropertyValueSpecification","valueRequired":true,"valueName":"search_term_string"}}],"inLanguage":"de"}]}},"_links":{"self":[{"href":"https:\/\/bpk-archive.de\/tuellmann\/wp-json\/wp\/v2\/product\/70297139","targetHints":{"allow":["GET"]}}],"collection":[{"href":"https:\/\/bpk-archive.de\/tuellmann\/wp-json\/wp\/v2\/product"}],"about":[{"href":"https:\/\/bpk-archive.de\/tuellmann\/wp-json\/wp\/v2\/types\/product"}],"wp:featuredmedia":[{"embeddable":true,"href":"https:\/\/bpk-archive.de\/tuellmann\/wp-json\/wp\/v2\/media\/70292760"}],"wp:attachment":[{"href":"https:\/\/bpk-archive.de\/tuellmann\/wp-json\/wp\/v2\/media?parent=70297139"}],"wp:term":[{"taxonomy":"product_brand","embeddable":true,"href":"https:\/\/bpk-archive.de\/tuellmann\/wp-json\/wp\/v2\/product_brand?post=70297139"},{"taxonomy":"product_cat","embeddable":true,"href":"https:\/\/bpk-archive.de\/tuellmann\/wp-json\/wp\/v2\/product_cat?post=70297139"},{"taxonomy":"product_tag","embeddable":true,"href":"https:\/\/bpk-archive.de\/tuellmann\/wp-json\/wp\/v2\/product_tag?post=70297139"}],"curies":[{"name":"wp","href":"https:\/\/api.w.org\/{rel}","templated":true}]}}