{"id":70297128,"date":"2019-09-05T16:21:28","date_gmt":"2019-09-05T14:21:28","guid":{"rendered":"http:\/\/abisagtuellmann.bpk-news.de\/atbild\/im-kinderkollektiv-roederbergweg-2\/"},"modified":"2019-09-05T16:21:38","modified_gmt":"2019-09-05T14:21:38","slug":"im-kinderkollektiv-roederbergweg-2","status":"publish","type":"product","link":"https:\/\/bpk-archive.de\/tuellmann\/produkt\/im-kinderkollektiv-roederbergweg-2\/","title":{"rendered":"Im Kinderkollektiv R\u00f6derbergweg"},"content":{"rendered":"<p>R\u00fcckseitenbeschriftung von anderer Hand: &#8222;Kinderkollektiv&#8220;<\/p>\n","protected":false},"excerpt":{"rendered":"<p>R\u00fcckseitenbeschriftung von anderer Hand: &#8222;Kinderkollektiv&#8220;<\/p>\n","protected":false},"featured_media":70292736,"template":"","meta":[],"product_brand":[],"product_cat":[],"product_tag":[14054,14055,13230,13232,13234,13231,13233,14056,14057,13235,62149,13777,14058,62225,62226,62227,62228,62150,13469,13470,13471,13472,52425,52426,13293,13786,13787,13294,13295,13296,13297,13485,13486,13482,13481,13483,13484,14327,13492,13493,13494,13495,13496,13497,14205,14206,14207,49695,54131,14213,14218,14219,49698,49699,49700,49701,49702,49703,49705,13818,13819,13826,54028,54621,54622,54623,13328,13827,13828,13329,13330,13331,13332,13843,13877,13879,13865,13864,13866,13858,13859,13860,13861,13862,13863,13354,13869,13870,13871,13872,13878,13880,61895,61896,61897,61898,61899,61900],"class_list":{"0":"post-70297128","1":"product","2":"type-product","3":"status-publish","4":"has-post-thumbnail","6":"product_tag-1968er","7":"product_tag-1968er-bewegung","8":"product_tag-1970er-jahre","9":"product_tag-20-jahrhundert-nach-chr","10":"product_tag-20-jh-n-chr","11":"product_tag-20-jahrhundert","12":"product_tag-20-jh","13":"product_tag-68er","14":"product_tag-68er-bewegung","15":"product_tag-70er","16":"product_tag-abt_005","17":"product_tag-abzug","18":"product_tag-achtundsechziger","19":"product_tag-antiautoritaer","20":"product_tag-antiautoritaere","21":"product_tag-antiautoritaerer","22":"product_tag-antiautoritaeres","23":"product_tag-at_paedagogik","24":"product_tag-brd","25":"product_tag-bundesrepublik-deutschland","26":"product_tag-deutschland","27":"product_tag-deutschlands","28":"product_tag-erzieher","29":"product_tag-erziehung","30":"product_tag-foto","31":"product_tag-fotoabzug","32":"product_tag-fotoabzuege","33":"product_tag-fotografie","34":"product_tag-fotografien","35":"product_tag-fotografin","36":"product_tag-fotografinnen","37":"product_tag-frankfurt-m","38":"product_tag-frankfurt-main","39":"product_tag-frankfurt-a-main","40":"product_tag-frankfurt-a-m","41":"product_tag-frankfurt-am-main","42":"product_tag-frankfurter","43":"product_tag-gesellschaft","44":"product_tag-hessen","45":"product_tag-hessisch","46":"product_tag-hessische","47":"product_tag-hessischen","48":"product_tag-hessischer","49":"product_tag-hessisches","50":"product_tag-kind","51":"product_tag-kinde","52":"product_tag-kinder","53":"product_tag-kindererziehung","54":"product_tag-kindergarten","55":"product_tag-kindern","56":"product_tag-kindes","57":"product_tag-kindheit","58":"product_tag-malen","59":"product_tag-malend","60":"product_tag-malende","61":"product_tag-malenden","62":"product_tag-malender","63":"product_tag-malendes","64":"product_tag-malt","65":"product_tag-mann","66":"product_tag-maenner","67":"product_tag-mannes","68":"product_tag-paedagogik","69":"product_tag-papier","70":"product_tag-papiere","71":"product_tag-papiers","72":"product_tag-photo","73":"product_tag-photoabzug","74":"product_tag-photoabzuege","75":"product_tag-photographie","76":"product_tag-photographien","77":"product_tag-photographin","78":"product_tag-photographinnen","79":"product_tag-print","80":"product_tag-s-w-fotografie","81":"product_tag-s-w-photographie","82":"product_tag-schwarzweissphotographie","83":"product_tag-schwarz-weiss-fotografie","84":"product_tag-schwarz-weiss-photographie","85":"product_tag-schwarzweiss","86":"product_tag-schwarzweisse","87":"product_tag-schwarzweissen","88":"product_tag-schwarzweisser","89":"product_tag-schwarzweisses","90":"product_tag-schwarzweissfotografie","91":"product_tag-siebziger","92":"product_tag-silbergelatine","93":"product_tag-silbergelatineabzug","94":"product_tag-silbergelatineabzuege","95":"product_tag-silbergelatineprint","96":"product_tag-sw-fotografie","97":"product_tag-sw-photographie","98":"product_tag-unordentlich","99":"product_tag-unordentliche","100":"product_tag-unordentlichen","101":"product_tag-unordentlicher","102":"product_tag-unordentliches","103":"product_tag-unordnung","104":"pa_datierung-dezember-1970","105":"pa_fotograf-abisag-tuellmann","106":"pa_geografischer_bezug-aufnahmeort-frankfurt-am-main-deutschland","107":"pa_grunddaten_material_technik-foto-silbergelatine-auf-barytpapier","108":"pa_inventarnummer-tue-70-304-22","109":"pa_jahr_von-53324","110":"pa_massangaben-bildformat-foto-234-x-293-cm","111":"pa_mediennummer-67025","112":"pa_objekt_typ-fotografie","114":"first","115":"instock","116":"product-type-simple"},"yoast_head":"<!-- This site is optimized with the Yoast SEO plugin v27.3 - https:\/\/yoast.com\/product\/yoast-seo-wordpress\/ -->\n<title>Im Kinderkollektiv R\u00f6derbergweg - Abisag T\u00fcllmann<\/title>\n<meta name=\"robots\" content=\"index, follow, max-snippet:-1, max-image-preview:large, max-video-preview:-1\" \/>\n<link rel=\"canonical\" href=\"https:\/\/bpk-archive.de\/tuellmann\/produkt\/im-kinderkollektiv-roederbergweg-2\/\" \/>\n<meta property=\"og:locale\" content=\"de_DE\" \/>\n<meta property=\"og:type\" content=\"article\" \/>\n<meta property=\"og:title\" content=\"Im Kinderkollektiv R\u00f6derbergweg - Abisag T\u00fcllmann\" \/>\n<meta property=\"og:description\" content=\"R\u00fcckseitenbeschriftung von anderer Hand: &#8222;Kinderkollektiv&#8220;\" \/>\n<meta property=\"og:url\" content=\"https:\/\/bpk-archive.de\/tuellmann\/produkt\/im-kinderkollektiv-roederbergweg-2\/\" \/>\n<meta property=\"og:site_name\" content=\"Abisag T\u00fcllmann\" \/>\n<meta property=\"article:modified_time\" content=\"2019-09-05T14:21:38+00:00\" \/>\n<meta property=\"og:image\" content=\"https:\/\/bpk-archive.de\/tuellmann\/wp-content\/uploads\/2019\/08\/bpk_70248437.jpg\" \/>\n\t<meta property=\"og:image:width\" content=\"1200\" \/>\n\t<meta property=\"og:image:height\" content=\"975\" \/>\n\t<meta property=\"og:image:type\" content=\"image\/jpeg\" \/>\n<meta name=\"twitter:card\" content=\"summary_large_image\" \/>\n<script type=\"application\/ld+json\" class=\"yoast-schema-graph\">{\"@context\":\"https:\\\/\\\/schema.org\",\"@graph\":[{\"@type\":\"WebPage\",\"@id\":\"https:\\\/\\\/bpk-archive.de\\\/tuellmann\\\/produkt\\\/im-kinderkollektiv-roederbergweg-2\\\/\",\"url\":\"https:\\\/\\\/bpk-archive.de\\\/tuellmann\\\/produkt\\\/im-kinderkollektiv-roederbergweg-2\\\/\",\"name\":\"Im Kinderkollektiv R\u00f6derbergweg - Abisag T\u00fcllmann\",\"isPartOf\":{\"@id\":\"https:\\\/\\\/bpk-archive.de\\\/tuellmann\\\/#website\"},\"primaryImageOfPage\":{\"@id\":\"https:\\\/\\\/bpk-archive.de\\\/tuellmann\\\/produkt\\\/im-kinderkollektiv-roederbergweg-2\\\/#primaryimage\"},\"image\":{\"@id\":\"https:\\\/\\\/bpk-archive.de\\\/tuellmann\\\/produkt\\\/im-kinderkollektiv-roederbergweg-2\\\/#primaryimage\"},\"thumbnailUrl\":\"https:\\\/\\\/bpk-archive.de\\\/tuellmann\\\/wp-content\\\/uploads\\\/2019\\\/08\\\/bpk_70248437.jpg\",\"datePublished\":\"2019-09-05T14:21:28+00:00\",\"dateModified\":\"2019-09-05T14:21:38+00:00\",\"breadcrumb\":{\"@id\":\"https:\\\/\\\/bpk-archive.de\\\/tuellmann\\\/produkt\\\/im-kinderkollektiv-roederbergweg-2\\\/#breadcrumb\"},\"inLanguage\":\"de\",\"potentialAction\":[{\"@type\":\"ReadAction\",\"target\":[\"https:\\\/\\\/bpk-archive.de\\\/tuellmann\\\/produkt\\\/im-kinderkollektiv-roederbergweg-2\\\/\"]}]},{\"@type\":\"ImageObject\",\"inLanguage\":\"de\",\"@id\":\"https:\\\/\\\/bpk-archive.de\\\/tuellmann\\\/produkt\\\/im-kinderkollektiv-roederbergweg-2\\\/#primaryimage\",\"url\":\"https:\\\/\\\/bpk-archive.de\\\/tuellmann\\\/wp-content\\\/uploads\\\/2019\\\/08\\\/bpk_70248437.jpg\",\"contentUrl\":\"https:\\\/\\\/bpk-archive.de\\\/tuellmann\\\/wp-content\\\/uploads\\\/2019\\\/08\\\/bpk_70248437.jpg\",\"width\":1200,\"height\":975,\"caption\":\"Im Kinderkollektiv R\u00f6derbergweg\"},{\"@type\":\"BreadcrumbList\",\"@id\":\"https:\\\/\\\/bpk-archive.de\\\/tuellmann\\\/produkt\\\/im-kinderkollektiv-roederbergweg-2\\\/#breadcrumb\",\"itemListElement\":[{\"@type\":\"ListItem\",\"position\":1,\"name\":\"Startseite\",\"item\":\"https:\\\/\\\/bpk-archive.de\\\/tuellmann\\\/\"},{\"@type\":\"ListItem\",\"position\":2,\"name\":\"Shop\",\"item\":\"https:\\\/\\\/bpk-archive.de\\\/tuellmann\\\/shop\\\/\"},{\"@type\":\"ListItem\",\"position\":3,\"name\":\"Im Kinderkollektiv R\u00f6derbergweg\"}]},{\"@type\":\"WebSite\",\"@id\":\"https:\\\/\\\/bpk-archive.de\\\/tuellmann\\\/#website\",\"url\":\"https:\\\/\\\/bpk-archive.de\\\/tuellmann\\\/\",\"name\":\"Abisag T\u00fcllmann\",\"description\":\"Eine weitere WordPress-Website\",\"potentialAction\":[{\"@type\":\"SearchAction\",\"target\":{\"@type\":\"EntryPoint\",\"urlTemplate\":\"https:\\\/\\\/bpk-archive.de\\\/tuellmann\\\/?s={search_term_string}\"},\"query-input\":{\"@type\":\"PropertyValueSpecification\",\"valueRequired\":true,\"valueName\":\"search_term_string\"}}],\"inLanguage\":\"de\"}]}<\/script>\n<!-- \/ Yoast SEO plugin. -->","yoast_head_json":{"title":"Im Kinderkollektiv R\u00f6derbergweg - Abisag T\u00fcllmann","robots":{"index":"index","follow":"follow","max-snippet":"max-snippet:-1","max-image-preview":"max-image-preview:large","max-video-preview":"max-video-preview:-1"},"canonical":"https:\/\/bpk-archive.de\/tuellmann\/produkt\/im-kinderkollektiv-roederbergweg-2\/","og_locale":"de_DE","og_type":"article","og_title":"Im Kinderkollektiv R\u00f6derbergweg - Abisag T\u00fcllmann","og_description":"R\u00fcckseitenbeschriftung von anderer Hand: &#8222;Kinderkollektiv&#8220;","og_url":"https:\/\/bpk-archive.de\/tuellmann\/produkt\/im-kinderkollektiv-roederbergweg-2\/","og_site_name":"Abisag T\u00fcllmann","article_modified_time":"2019-09-05T14:21:38+00:00","og_image":[{"width":1200,"height":975,"url":"https:\/\/bpk-archive.de\/tuellmann\/wp-content\/uploads\/2019\/08\/bpk_70248437.jpg","type":"image\/jpeg"}],"twitter_card":"summary_large_image","schema":{"@context":"https:\/\/schema.org","@graph":[{"@type":"WebPage","@id":"https:\/\/bpk-archive.de\/tuellmann\/produkt\/im-kinderkollektiv-roederbergweg-2\/","url":"https:\/\/bpk-archive.de\/tuellmann\/produkt\/im-kinderkollektiv-roederbergweg-2\/","name":"Im Kinderkollektiv R\u00f6derbergweg - Abisag T\u00fcllmann","isPartOf":{"@id":"https:\/\/bpk-archive.de\/tuellmann\/#website"},"primaryImageOfPage":{"@id":"https:\/\/bpk-archive.de\/tuellmann\/produkt\/im-kinderkollektiv-roederbergweg-2\/#primaryimage"},"image":{"@id":"https:\/\/bpk-archive.de\/tuellmann\/produkt\/im-kinderkollektiv-roederbergweg-2\/#primaryimage"},"thumbnailUrl":"https:\/\/bpk-archive.de\/tuellmann\/wp-content\/uploads\/2019\/08\/bpk_70248437.jpg","datePublished":"2019-09-05T14:21:28+00:00","dateModified":"2019-09-05T14:21:38+00:00","breadcrumb":{"@id":"https:\/\/bpk-archive.de\/tuellmann\/produkt\/im-kinderkollektiv-roederbergweg-2\/#breadcrumb"},"inLanguage":"de","potentialAction":[{"@type":"ReadAction","target":["https:\/\/bpk-archive.de\/tuellmann\/produkt\/im-kinderkollektiv-roederbergweg-2\/"]}]},{"@type":"ImageObject","inLanguage":"de","@id":"https:\/\/bpk-archive.de\/tuellmann\/produkt\/im-kinderkollektiv-roederbergweg-2\/#primaryimage","url":"https:\/\/bpk-archive.de\/tuellmann\/wp-content\/uploads\/2019\/08\/bpk_70248437.jpg","contentUrl":"https:\/\/bpk-archive.de\/tuellmann\/wp-content\/uploads\/2019\/08\/bpk_70248437.jpg","width":1200,"height":975,"caption":"Im Kinderkollektiv R\u00f6derbergweg"},{"@type":"BreadcrumbList","@id":"https:\/\/bpk-archive.de\/tuellmann\/produkt\/im-kinderkollektiv-roederbergweg-2\/#breadcrumb","itemListElement":[{"@type":"ListItem","position":1,"name":"Startseite","item":"https:\/\/bpk-archive.de\/tuellmann\/"},{"@type":"ListItem","position":2,"name":"Shop","item":"https:\/\/bpk-archive.de\/tuellmann\/shop\/"},{"@type":"ListItem","position":3,"name":"Im Kinderkollektiv R\u00f6derbergweg"}]},{"@type":"WebSite","@id":"https:\/\/bpk-archive.de\/tuellmann\/#website","url":"https:\/\/bpk-archive.de\/tuellmann\/","name":"Abisag T\u00fcllmann","description":"Eine weitere WordPress-Website","potentialAction":[{"@type":"SearchAction","target":{"@type":"EntryPoint","urlTemplate":"https:\/\/bpk-archive.de\/tuellmann\/?s={search_term_string}"},"query-input":{"@type":"PropertyValueSpecification","valueRequired":true,"valueName":"search_term_string"}}],"inLanguage":"de"}]}},"_links":{"self":[{"href":"https:\/\/bpk-archive.de\/tuellmann\/wp-json\/wp\/v2\/product\/70297128","targetHints":{"allow":["GET"]}}],"collection":[{"href":"https:\/\/bpk-archive.de\/tuellmann\/wp-json\/wp\/v2\/product"}],"about":[{"href":"https:\/\/bpk-archive.de\/tuellmann\/wp-json\/wp\/v2\/types\/product"}],"wp:featuredmedia":[{"embeddable":true,"href":"https:\/\/bpk-archive.de\/tuellmann\/wp-json\/wp\/v2\/media\/70292736"}],"wp:attachment":[{"href":"https:\/\/bpk-archive.de\/tuellmann\/wp-json\/wp\/v2\/media?parent=70297128"}],"wp:term":[{"taxonomy":"product_brand","embeddable":true,"href":"https:\/\/bpk-archive.de\/tuellmann\/wp-json\/wp\/v2\/product_brand?post=70297128"},{"taxonomy":"product_cat","embeddable":true,"href":"https:\/\/bpk-archive.de\/tuellmann\/wp-json\/wp\/v2\/product_cat?post=70297128"},{"taxonomy":"product_tag","embeddable":true,"href":"https:\/\/bpk-archive.de\/tuellmann\/wp-json\/wp\/v2\/product_tag?post=70297128"}],"curies":[{"name":"wp","href":"https:\/\/api.w.org\/{rel}","templated":true}]}}