{"id":70297114,"date":"2019-09-05T16:21:09","date_gmt":"2019-09-05T14:21:09","guid":{"rendered":"http:\/\/abisagtuellmann.bpk-news.de\/atbild\/ein-obdachloser-in-der-waermestube-warmer-otto-zuendet-sich-eine-zigarette-an\/"},"modified":"2019-09-05T16:21:24","modified_gmt":"2019-09-05T14:21:24","slug":"ein-obdachloser-in-der-waermestube-warmer-otto-zuendet-sich-eine-zigarette-an","status":"publish","type":"product","link":"https:\/\/bpk-archive.de\/tuellmann\/produkt\/ein-obdachloser-in-der-waermestube-warmer-otto-zuendet-sich-eine-zigarette-an\/","title":{"rendered":"Ein Obdachloser in der W\u00e4rmestube &#8222;Warmer Otto&#8220; z\u00fcndet sich eine Zigarette an"},"content":{"rendered":"<p>(Waldenserstra\u00dfe in Berlin-Moabit)<\/p>\n","protected":false},"excerpt":{"rendered":"<p>(Waldenserstra\u00dfe in Berlin-Moabit)<\/p>\n","protected":false},"featured_media":70293356,"template":"","meta":[],"product_brand":[],"product_cat":[],"product_tag":[14308,13232,13234,13231,13233,14309,14310,13777,65395,14311,14312,14313,14314,14315,14316,66549,14317,48811,14318,53253,53254,53255,53256,14326,13784,13785,13469,13470,14060,14061,49469,49470,49471,13471,13472,13473,66947,66948,13293,13786,13787,13294,13295,13296,13297,66623,14327,49481,49948,49949,49950,49951,49952,49953,49954,54749,13498,66625,13818,13819,13820,13821,13822,13823,13824,13825,13826,61208,61209,49484,14328,14329,14330,14331,66556,66557,66558,66559,14332,14333,13328,13827,13828,13329,13330,13331,13332,13829,13830,13831,13832,13833,13834,13835,13836,13837,13838,13839,13840,13841,13842,13843,48677,14073,14074,14075,14076,14077,48678,13877,13879,13865,13864,13866,13858,13859,13860,13861,13862,13863,13869,13870,13871,13872,14243,14244,14245,14246,14247,14248,14249,50167,48679,48680,48681,66949,66950,66951,13878,13880,66640,66641,66642,13525,66821,66822,48838,66823,66824,14334,14335,14336,14337,14081,14082,48686,66952,66953,66954],"class_list":{"0":"post-70297114","1":"product","2":"type-product","3":"status-publish","4":"has-post-thumbnail","6":"product_tag-1990er-jahre","7":"product_tag-20-jahrhundert-nach-chr","8":"product_tag-20-jh-n-chr","9":"product_tag-20-jahrhundert","10":"product_tag-20-jh","11":"product_tag-90er","12":"product_tag-abt_004","13":"product_tag-abzug","14":"product_tag-anzuenden","15":"product_tag-arm","16":"product_tag-arme","17":"product_tag-armen","18":"product_tag-armer","19":"product_tag-armes","20":"product_tag-armut","21":"product_tag-asyl","22":"product_tag-at_obdachlose","23":"product_tag-aufwaermen","24":"product_tag-aussenseiter","25":"product_tag-berlin","26":"product_tag-berliner","27":"product_tag-berliners","28":"product_tag-berlins","29":"product_tag-bevoelkerung","30":"product_tag-bildnis","31":"product_tag-bildnisse","32":"product_tag-brd","33":"product_tag-bundesrepublik-deutschland","34":"product_tag-cigarette","35":"product_tag-cigaretten","36":"product_tag-close-up","37":"product_tag-detail","38":"product_tag-details","39":"product_tag-deutschland","40":"product_tag-deutschlands","41":"product_tag-drinnen","42":"product_tag-flamme","43":"product_tag-flammen","44":"product_tag-foto","45":"product_tag-fotoabzug","46":"product_tag-fotoabzuege","47":"product_tag-fotografie","48":"product_tag-fotografien","49":"product_tag-fotografin","50":"product_tag-fotografinnen","51":"product_tag-gemeinde","52":"product_tag-gesellschaft","53":"product_tag-grossaufnahme","54":"product_tag-helfen","55":"product_tag-helfend","56":"product_tag-helfende","57":"product_tag-helfenden","58":"product_tag-helfender","59":"product_tag-helfendes","60":"product_tag-hilfe","61":"product_tag-hilfestellung","62":"product_tag-innen","63":"product_tag-kirchengemeinde","64":"product_tag-mann","65":"product_tag-maenner","66":"product_tag-maennerbildnis","67":"product_tag-maennerbildnisse","68":"product_tag-maennerportrait","69":"product_tag-maennerportraits","70":"product_tag-maennerportraet","71":"product_tag-maennerportraets","72":"product_tag-mannes","73":"product_tag-moabit","74":"product_tag-moabiter","75":"product_tag-nahaufnahme","76":"product_tag-neunziger","77":"product_tag-obdachlos","78":"product_tag-obdachlose","79":"product_tag-obdachlosen","80":"product_tag-obdachlosenasyl","81":"product_tag-obdachlosenasyle","82":"product_tag-obdachlosenheim","83":"product_tag-obdachlosenheime","84":"product_tag-obdachloser","85":"product_tag-obdachlosigkeit","86":"product_tag-photo","87":"product_tag-photoabzug","88":"product_tag-photoabzuege","89":"product_tag-photographie","90":"product_tag-photographien","91":"product_tag-photographin","92":"product_tag-photographinnen","93":"product_tag-portrait","94":"product_tag-portraitaufnahme","95":"product_tag-portraitfoto","96":"product_tag-portraitfotografie","97":"product_tag-portraitphoto","98":"product_tag-portraitphotographie","99":"product_tag-portraits","100":"product_tag-portraet","101":"product_tag-portraetaufnahme","102":"product_tag-portraetfoto","103":"product_tag-portraetfotografie","104":"product_tag-portraetphoto","105":"product_tag-portraetphotographie","106":"product_tag-portraets","107":"product_tag-print","108":"product_tag-rauchen","109":"product_tag-rauchend","110":"product_tag-rauchende","111":"product_tag-rauchenden","112":"product_tag-rauchender","113":"product_tag-rauchendes","114":"product_tag-raucher","115":"product_tag-s-w-fotografie","116":"product_tag-s-w-photographie","117":"product_tag-schwarzweissphotographie","118":"product_tag-schwarz-weiss-fotografie","119":"product_tag-schwarz-weiss-photographie","120":"product_tag-schwarzweiss","121":"product_tag-schwarzweisse","122":"product_tag-schwarzweissen","123":"product_tag-schwarzweisser","124":"product_tag-schwarzweisses","125":"product_tag-schwarzweissfotografie","126":"product_tag-silbergelatine","127":"product_tag-silbergelatineabzug","128":"product_tag-silbergelatineabzuege","129":"product_tag-silbergelatineprint","130":"product_tag-sitzen","131":"product_tag-sitzend","132":"product_tag-sitzende","133":"product_tag-sitzenden","134":"product_tag-sitzender","135":"product_tag-sitzendes","136":"product_tag-sitzt","137":"product_tag-sozialarbeit","138":"product_tag-stadtteil","139":"product_tag-stadtteils","140":"product_tag-stadtviertel","141":"product_tag-streichholz","142":"product_tag-streichhoelzer","143":"product_tag-streichhoelzern","144":"product_tag-sw-fotografie","145":"product_tag-sw-photographie","146":"product_tag-tagesasyl","147":"product_tag-tagesstaette","148":"product_tag-tagesstaetten","149":"product_tag-von-innen","150":"product_tag-warm","151":"product_tag-warme","152":"product_tag-waermen","153":"product_tag-warmer","154":"product_tag-warmes","155":"product_tag-wohnungslos","156":"product_tag-wohnungslose","157":"product_tag-wohnungslosen","158":"product_tag-wohnungsloser","159":"product_tag-zigarette","160":"product_tag-zigaretten","161":"product_tag-zigarettenraucher","162":"product_tag-zuendholz","163":"product_tag-zuendhoelzer","164":"product_tag-zuendhoelzern","165":"pa_datierung-april-1992","166":"pa_fotograf-abisag-tuellmann","167":"pa_geografischer_bezug-aufnahmeort-berlin-moabit-deutschland","168":"pa_grunddaten_material_technik-foto-silbergelatine-auf-barytpapier","169":"pa_inventarnummer-tue-92-008-29","170":"pa_jahr_von-14276","171":"pa_massangaben-bildformat-foto-198-x-304-cm","172":"pa_mediennummer-66945","173":"pa_objekt_typ-fotografie","175":"first","176":"instock","177":"product-type-simple"},"yoast_head":"<!-- This site is optimized with the Yoast SEO plugin v27.4 - https:\/\/yoast.com\/product\/yoast-seo-wordpress\/ -->\n<title>Ein Obdachloser in der W\u00e4rmestube &quot;Warmer Otto&quot; z\u00fcndet sich eine Zigarette an - Abisag T\u00fcllmann<\/title>\n<meta name=\"robots\" content=\"index, follow, max-snippet:-1, max-image-preview:large, max-video-preview:-1\" \/>\n<link rel=\"canonical\" href=\"https:\/\/bpk-archive.de\/tuellmann\/produkt\/ein-obdachloser-in-der-waermestube-warmer-otto-zuendet-sich-eine-zigarette-an\/\" \/>\n<meta property=\"og:locale\" content=\"de_DE\" \/>\n<meta property=\"og:type\" content=\"article\" \/>\n<meta property=\"og:title\" content=\"Ein Obdachloser in der W\u00e4rmestube &quot;Warmer Otto&quot; z\u00fcndet sich eine Zigarette an - Abisag T\u00fcllmann\" \/>\n<meta property=\"og:description\" content=\"(Waldenserstra\u00dfe in Berlin-Moabit)\" \/>\n<meta property=\"og:url\" content=\"https:\/\/bpk-archive.de\/tuellmann\/produkt\/ein-obdachloser-in-der-waermestube-warmer-otto-zuendet-sich-eine-zigarette-an\/\" \/>\n<meta property=\"og:site_name\" content=\"Abisag T\u00fcllmann\" \/>\n<meta property=\"article:modified_time\" content=\"2019-09-05T14:21:24+00:00\" \/>\n<meta property=\"og:image\" content=\"https:\/\/bpk-archive.de\/tuellmann\/wp-content\/uploads\/2019\/08\/bpk_70345785.jpg\" \/>\n\t<meta property=\"og:image:width\" content=\"1200\" \/>\n\t<meta property=\"og:image:height\" content=\"793\" \/>\n\t<meta property=\"og:image:type\" content=\"image\/jpeg\" \/>\n<meta name=\"twitter:card\" content=\"summary_large_image\" \/>\n<script type=\"application\/ld+json\" class=\"yoast-schema-graph\">{\"@context\":\"https:\\\/\\\/schema.org\",\"@graph\":[{\"@type\":\"WebPage\",\"@id\":\"https:\\\/\\\/bpk-archive.de\\\/tuellmann\\\/produkt\\\/ein-obdachloser-in-der-waermestube-warmer-otto-zuendet-sich-eine-zigarette-an\\\/\",\"url\":\"https:\\\/\\\/bpk-archive.de\\\/tuellmann\\\/produkt\\\/ein-obdachloser-in-der-waermestube-warmer-otto-zuendet-sich-eine-zigarette-an\\\/\",\"name\":\"Ein Obdachloser in der W\u00e4rmestube \\\"Warmer Otto\\\" z\u00fcndet sich eine Zigarette an - Abisag T\u00fcllmann\",\"isPartOf\":{\"@id\":\"https:\\\/\\\/bpk-archive.de\\\/tuellmann\\\/#website\"},\"primaryImageOfPage\":{\"@id\":\"https:\\\/\\\/bpk-archive.de\\\/tuellmann\\\/produkt\\\/ein-obdachloser-in-der-waermestube-warmer-otto-zuendet-sich-eine-zigarette-an\\\/#primaryimage\"},\"image\":{\"@id\":\"https:\\\/\\\/bpk-archive.de\\\/tuellmann\\\/produkt\\\/ein-obdachloser-in-der-waermestube-warmer-otto-zuendet-sich-eine-zigarette-an\\\/#primaryimage\"},\"thumbnailUrl\":\"https:\\\/\\\/bpk-archive.de\\\/tuellmann\\\/wp-content\\\/uploads\\\/2019\\\/08\\\/bpk_70345785.jpg\",\"datePublished\":\"2019-09-05T14:21:09+00:00\",\"dateModified\":\"2019-09-05T14:21:24+00:00\",\"breadcrumb\":{\"@id\":\"https:\\\/\\\/bpk-archive.de\\\/tuellmann\\\/produkt\\\/ein-obdachloser-in-der-waermestube-warmer-otto-zuendet-sich-eine-zigarette-an\\\/#breadcrumb\"},\"inLanguage\":\"de\",\"potentialAction\":[{\"@type\":\"ReadAction\",\"target\":[\"https:\\\/\\\/bpk-archive.de\\\/tuellmann\\\/produkt\\\/ein-obdachloser-in-der-waermestube-warmer-otto-zuendet-sich-eine-zigarette-an\\\/\"]}]},{\"@type\":\"ImageObject\",\"inLanguage\":\"de\",\"@id\":\"https:\\\/\\\/bpk-archive.de\\\/tuellmann\\\/produkt\\\/ein-obdachloser-in-der-waermestube-warmer-otto-zuendet-sich-eine-zigarette-an\\\/#primaryimage\",\"url\":\"https:\\\/\\\/bpk-archive.de\\\/tuellmann\\\/wp-content\\\/uploads\\\/2019\\\/08\\\/bpk_70345785.jpg\",\"contentUrl\":\"https:\\\/\\\/bpk-archive.de\\\/tuellmann\\\/wp-content\\\/uploads\\\/2019\\\/08\\\/bpk_70345785.jpg\",\"width\":1200,\"height\":793,\"caption\":\"Ein Obdachloser in der W\u00e4rmestube \\\"Warmer Otto\\\" z\u00fcndet sich eine Zigarette an\"},{\"@type\":\"BreadcrumbList\",\"@id\":\"https:\\\/\\\/bpk-archive.de\\\/tuellmann\\\/produkt\\\/ein-obdachloser-in-der-waermestube-warmer-otto-zuendet-sich-eine-zigarette-an\\\/#breadcrumb\",\"itemListElement\":[{\"@type\":\"ListItem\",\"position\":1,\"name\":\"Startseite\",\"item\":\"https:\\\/\\\/bpk-archive.de\\\/tuellmann\\\/\"},{\"@type\":\"ListItem\",\"position\":2,\"name\":\"Shop\",\"item\":\"https:\\\/\\\/bpk-archive.de\\\/tuellmann\\\/shop\\\/\"},{\"@type\":\"ListItem\",\"position\":3,\"name\":\"Ein Obdachloser in der W\u00e4rmestube &#8220;Warmer Otto&#8221; z\u00fcndet sich eine Zigarette an\"}]},{\"@type\":\"WebSite\",\"@id\":\"https:\\\/\\\/bpk-archive.de\\\/tuellmann\\\/#website\",\"url\":\"https:\\\/\\\/bpk-archive.de\\\/tuellmann\\\/\",\"name\":\"Abisag T\u00fcllmann\",\"description\":\"Eine weitere WordPress-Website\",\"potentialAction\":[{\"@type\":\"SearchAction\",\"target\":{\"@type\":\"EntryPoint\",\"urlTemplate\":\"https:\\\/\\\/bpk-archive.de\\\/tuellmann\\\/?s={search_term_string}\"},\"query-input\":{\"@type\":\"PropertyValueSpecification\",\"valueRequired\":true,\"valueName\":\"search_term_string\"}}],\"inLanguage\":\"de\"}]}<\/script>\n<!-- \/ Yoast SEO plugin. -->","yoast_head_json":{"title":"Ein Obdachloser in der W\u00e4rmestube \"Warmer Otto\" z\u00fcndet sich eine Zigarette an - Abisag T\u00fcllmann","robots":{"index":"index","follow":"follow","max-snippet":"max-snippet:-1","max-image-preview":"max-image-preview:large","max-video-preview":"max-video-preview:-1"},"canonical":"https:\/\/bpk-archive.de\/tuellmann\/produkt\/ein-obdachloser-in-der-waermestube-warmer-otto-zuendet-sich-eine-zigarette-an\/","og_locale":"de_DE","og_type":"article","og_title":"Ein Obdachloser in der W\u00e4rmestube \"Warmer Otto\" z\u00fcndet sich eine Zigarette an - Abisag T\u00fcllmann","og_description":"(Waldenserstra\u00dfe in Berlin-Moabit)","og_url":"https:\/\/bpk-archive.de\/tuellmann\/produkt\/ein-obdachloser-in-der-waermestube-warmer-otto-zuendet-sich-eine-zigarette-an\/","og_site_name":"Abisag T\u00fcllmann","article_modified_time":"2019-09-05T14:21:24+00:00","og_image":[{"width":1200,"height":793,"url":"https:\/\/bpk-archive.de\/tuellmann\/wp-content\/uploads\/2019\/08\/bpk_70345785.jpg","type":"image\/jpeg"}],"twitter_card":"summary_large_image","schema":{"@context":"https:\/\/schema.org","@graph":[{"@type":"WebPage","@id":"https:\/\/bpk-archive.de\/tuellmann\/produkt\/ein-obdachloser-in-der-waermestube-warmer-otto-zuendet-sich-eine-zigarette-an\/","url":"https:\/\/bpk-archive.de\/tuellmann\/produkt\/ein-obdachloser-in-der-waermestube-warmer-otto-zuendet-sich-eine-zigarette-an\/","name":"Ein Obdachloser in der W\u00e4rmestube \"Warmer Otto\" z\u00fcndet sich eine Zigarette an - Abisag T\u00fcllmann","isPartOf":{"@id":"https:\/\/bpk-archive.de\/tuellmann\/#website"},"primaryImageOfPage":{"@id":"https:\/\/bpk-archive.de\/tuellmann\/produkt\/ein-obdachloser-in-der-waermestube-warmer-otto-zuendet-sich-eine-zigarette-an\/#primaryimage"},"image":{"@id":"https:\/\/bpk-archive.de\/tuellmann\/produkt\/ein-obdachloser-in-der-waermestube-warmer-otto-zuendet-sich-eine-zigarette-an\/#primaryimage"},"thumbnailUrl":"https:\/\/bpk-archive.de\/tuellmann\/wp-content\/uploads\/2019\/08\/bpk_70345785.jpg","datePublished":"2019-09-05T14:21:09+00:00","dateModified":"2019-09-05T14:21:24+00:00","breadcrumb":{"@id":"https:\/\/bpk-archive.de\/tuellmann\/produkt\/ein-obdachloser-in-der-waermestube-warmer-otto-zuendet-sich-eine-zigarette-an\/#breadcrumb"},"inLanguage":"de","potentialAction":[{"@type":"ReadAction","target":["https:\/\/bpk-archive.de\/tuellmann\/produkt\/ein-obdachloser-in-der-waermestube-warmer-otto-zuendet-sich-eine-zigarette-an\/"]}]},{"@type":"ImageObject","inLanguage":"de","@id":"https:\/\/bpk-archive.de\/tuellmann\/produkt\/ein-obdachloser-in-der-waermestube-warmer-otto-zuendet-sich-eine-zigarette-an\/#primaryimage","url":"https:\/\/bpk-archive.de\/tuellmann\/wp-content\/uploads\/2019\/08\/bpk_70345785.jpg","contentUrl":"https:\/\/bpk-archive.de\/tuellmann\/wp-content\/uploads\/2019\/08\/bpk_70345785.jpg","width":1200,"height":793,"caption":"Ein Obdachloser in der W\u00e4rmestube \"Warmer Otto\" z\u00fcndet sich eine Zigarette an"},{"@type":"BreadcrumbList","@id":"https:\/\/bpk-archive.de\/tuellmann\/produkt\/ein-obdachloser-in-der-waermestube-warmer-otto-zuendet-sich-eine-zigarette-an\/#breadcrumb","itemListElement":[{"@type":"ListItem","position":1,"name":"Startseite","item":"https:\/\/bpk-archive.de\/tuellmann\/"},{"@type":"ListItem","position":2,"name":"Shop","item":"https:\/\/bpk-archive.de\/tuellmann\/shop\/"},{"@type":"ListItem","position":3,"name":"Ein Obdachloser in der W\u00e4rmestube &#8220;Warmer Otto&#8221; z\u00fcndet sich eine Zigarette an"}]},{"@type":"WebSite","@id":"https:\/\/bpk-archive.de\/tuellmann\/#website","url":"https:\/\/bpk-archive.de\/tuellmann\/","name":"Abisag T\u00fcllmann","description":"Eine weitere WordPress-Website","potentialAction":[{"@type":"SearchAction","target":{"@type":"EntryPoint","urlTemplate":"https:\/\/bpk-archive.de\/tuellmann\/?s={search_term_string}"},"query-input":{"@type":"PropertyValueSpecification","valueRequired":true,"valueName":"search_term_string"}}],"inLanguage":"de"}]}},"_links":{"self":[{"href":"https:\/\/bpk-archive.de\/tuellmann\/wp-json\/wp\/v2\/product\/70297114","targetHints":{"allow":["GET"]}}],"collection":[{"href":"https:\/\/bpk-archive.de\/tuellmann\/wp-json\/wp\/v2\/product"}],"about":[{"href":"https:\/\/bpk-archive.de\/tuellmann\/wp-json\/wp\/v2\/types\/product"}],"wp:featuredmedia":[{"embeddable":true,"href":"https:\/\/bpk-archive.de\/tuellmann\/wp-json\/wp\/v2\/media\/70293356"}],"wp:attachment":[{"href":"https:\/\/bpk-archive.de\/tuellmann\/wp-json\/wp\/v2\/media?parent=70297114"}],"wp:term":[{"taxonomy":"product_brand","embeddable":true,"href":"https:\/\/bpk-archive.de\/tuellmann\/wp-json\/wp\/v2\/product_brand?post=70297114"},{"taxonomy":"product_cat","embeddable":true,"href":"https:\/\/bpk-archive.de\/tuellmann\/wp-json\/wp\/v2\/product_cat?post=70297114"},{"taxonomy":"product_tag","embeddable":true,"href":"https:\/\/bpk-archive.de\/tuellmann\/wp-json\/wp\/v2\/product_tag?post=70297114"}],"curies":[{"name":"wp","href":"https:\/\/api.w.org\/{rel}","templated":true}]}}