{"id":70297112,"date":"2019-09-05T16:21:09","date_gmt":"2019-09-05T14:21:09","guid":{"rendered":"http:\/\/abisagtuellmann.bpk-news.de\/atbild\/essensausgabe-fuer-beduerftige-im-st-marien-krankenhaus-in-der-lausitzer-strasse-in-kreuzberg\/"},"modified":"2019-09-05T16:21:22","modified_gmt":"2019-09-05T14:21:22","slug":"essensausgabe-fuer-beduerftige-im-st-marien-krankenhaus-in-der-lausitzer-strasse-in-kreuzberg","status":"publish","type":"product","link":"https:\/\/bpk-archive.de\/tuellmann\/produkt\/essensausgabe-fuer-beduerftige-im-st-marien-krankenhaus-in-der-lausitzer-strasse-in-kreuzberg\/","title":{"rendered":"Essensausgabe f\u00fcr Bed\u00fcrftige im St. Marien-Krankenhaus in der Lausitzer Stra\u00dfe in Kreuzberg"},"content":{"rendered":"","protected":false},"excerpt":{"rendered":"","protected":false},"featured_media":70293344,"template":"","meta":[],"product_brand":[],"product_cat":[],"product_tag":[14308,13232,13234,13231,13233,14309,14310,13777,14311,14312,14313,64109,14314,14315,14316,14317,13250,14318,55705,53253,53254,53255,53256,14326,13784,13785,13469,13470,48645,48646,13471,13472,13960,13961,13962,13963,13964,13965,13260,66937,14181,14182,50706,51326,50707,50708,50709,50710,50711,51327,13293,13786,13787,13294,13295,13296,13297,48647,48648,48649,48650,14327,14195,14196,14197,14198,14199,14200,49218,49219,49220,49221,49222,49223,49948,49949,49950,49951,49952,49953,49954,54749,66938,66939,13301,50716,54779,54780,54781,54782,54783,54784,53259,53260,57358,57359,66940,56505,51340,51341,13818,13819,13820,13821,48012,48013,13822,13823,13824,13825,13826,52678,52679,52680,52681,52682,52683,14328,14329,14330,14331,14332,14333,66941,13328,13827,13828,13329,13330,13331,13332,13829,13830,13831,13832,13833,13834,13835,13836,13837,13838,13839,13840,13841,13842,13843,13877,13879,13865,13864,13866,13858,13859,13860,13861,13862,13863,13869,13870,13871,13872,14243,14244,14245,14246,14247,14248,14249,50167,66815,51343,51344,62123,54790,54791,54792,54793,48679,48680,48681,13519,13520,13521,13522,13523,13524,47408,47409,56508,56509,66638,66639,13878,13880,51270,51271,48682,48683,47340,47341,47342,66821,66822,48838,66823,66824,14334,14335,14336,14337],"class_list":{"0":"post-70297112","1":"product","2":"type-product","3":"status-publish","4":"has-post-thumbnail","6":"product_tag-1990er-jahre","7":"product_tag-20-jahrhundert-nach-chr","8":"product_tag-20-jh-n-chr","9":"product_tag-20-jahrhundert","10":"product_tag-20-jh","11":"product_tag-90er","12":"product_tag-abt_004","13":"product_tag-abzug","14":"product_tag-arm","15":"product_tag-arme","16":"product_tag-armen","17":"product_tag-armenspeisung","18":"product_tag-armer","19":"product_tag-armes","20":"product_tag-armut","21":"product_tag-at_obdachlose","22":"product_tag-aussen","23":"product_tag-aussenseiter","24":"product_tag-becher","25":"product_tag-berlin","26":"product_tag-berliner","27":"product_tag-berliners","28":"product_tag-berlins","29":"product_tag-bevoelkerung","30":"product_tag-bildnis","31":"product_tag-bildnisse","32":"product_tag-brd","33":"product_tag-bundesrepublik-deutschland","34":"product_tag-buergersteig","35":"product_tag-buergersteige","36":"product_tag-deutschland","37":"product_tag-deutschlands","38":"product_tag-doppelbildnis","39":"product_tag-doppelbildnisse","40":"product_tag-doppelportrait","41":"product_tag-doppelportraits","42":"product_tag-doppelportraet","43":"product_tag-doppelportraets","44":"product_tag-draussen","45":"product_tag-eintopf","46":"product_tag-elend","47":"product_tag-elends","48":"product_tag-essen","49":"product_tag-essenausgabe","50":"product_tag-essend","51":"product_tag-essende","52":"product_tag-essenden","53":"product_tag-essender","54":"product_tag-essendes","55":"product_tag-essensausgabe","56":"product_tag-foto","57":"product_tag-fotoabzug","58":"product_tag-fotoabzuege","59":"product_tag-fotografie","60":"product_tag-fotografien","61":"product_tag-fotografin","62":"product_tag-fotografinnen","63":"product_tag-gehsteig","64":"product_tag-gehsteige","65":"product_tag-gehweg","66":"product_tag-gehwege","67":"product_tag-gesellschaft","68":"product_tag-gruppenbild","69":"product_tag-gruppenbilder","70":"product_tag-gruppenportrait","71":"product_tag-gruppenportraits","72":"product_tag-gruppenportraet","73":"product_tag-gruppenportraets","74":"product_tag-haeuserwand","75":"product_tag-haeuserwaende","76":"product_tag-haeuserwaenden","77":"product_tag-hauswand","78":"product_tag-hauswaende","79":"product_tag-hauswaenden","80":"product_tag-helfen","81":"product_tag-helfend","82":"product_tag-helfende","83":"product_tag-helfenden","84":"product_tag-helfender","85":"product_tag-helfendes","86":"product_tag-hilfe","87":"product_tag-hilfestellung","88":"product_tag-hilfsleistung","89":"product_tag-hilfsleistungen","90":"product_tag-im-freien","91":"product_tag-isst","92":"product_tag-klinik","93":"product_tag-kliniken","94":"product_tag-klinikum","95":"product_tag-krankenhaus","96":"product_tag-krankenhaeuser","97":"product_tag-krankenhauses","98":"product_tag-kreuzberg","99":"product_tag-kreuzberger","100":"product_tag-lederjacke","101":"product_tag-lederjacken","102":"product_tag-loeffel","103":"product_tag-loeffeln","104":"product_tag-mahlzeit","105":"product_tag-mahlzeiten","106":"product_tag-mann","107":"product_tag-maenner","108":"product_tag-maennerbildnis","109":"product_tag-maennerbildnisse","110":"product_tag-maennergruppe","111":"product_tag-maennergruppen","112":"product_tag-maennerportrait","113":"product_tag-maennerportraits","114":"product_tag-maennerportraet","115":"product_tag-maennerportraets","116":"product_tag-mannes","117":"product_tag-maus","118":"product_tag-maeuse","119":"product_tag-maeusen","120":"product_tag-mickey","121":"product_tag-micky","122":"product_tag-mouse","123":"product_tag-neunziger","124":"product_tag-obdachlos","125":"product_tag-obdachlose","126":"product_tag-obdachlosen","127":"product_tag-obdachloser","128":"product_tag-obdachlosigkeit","129":"product_tag-pappbecher","130":"product_tag-photo","131":"product_tag-photoabzug","132":"product_tag-photoabzuege","133":"product_tag-photographie","134":"product_tag-photographien","135":"product_tag-photographin","136":"product_tag-photographinnen","137":"product_tag-portrait","138":"product_tag-portraitaufnahme","139":"product_tag-portraitfoto","140":"product_tag-portraitfotografie","141":"product_tag-portraitphoto","142":"product_tag-portraitphotographie","143":"product_tag-portraits","144":"product_tag-portraet","145":"product_tag-portraetaufnahme","146":"product_tag-portraetfoto","147":"product_tag-portraetfotografie","148":"product_tag-portraetphoto","149":"product_tag-portraetphotographie","150":"product_tag-portraets","151":"product_tag-print","152":"product_tag-s-w-fotografie","153":"product_tag-s-w-photographie","154":"product_tag-schwarzweissphotographie","155":"product_tag-schwarz-weiss-fotografie","156":"product_tag-schwarz-weiss-photographie","157":"product_tag-schwarzweiss","158":"product_tag-schwarzweisse","159":"product_tag-schwarzweissen","160":"product_tag-schwarzweisser","161":"product_tag-schwarzweisses","162":"product_tag-schwarzweissfotografie","163":"product_tag-silbergelatine","164":"product_tag-silbergelatineabzug","165":"product_tag-silbergelatineabzuege","166":"product_tag-silbergelatineprint","167":"product_tag-sitzen","168":"product_tag-sitzend","169":"product_tag-sitzende","170":"product_tag-sitzenden","171":"product_tag-sitzender","172":"product_tag-sitzendes","173":"product_tag-sitzt","174":"product_tag-sozialarbeit","175":"product_tag-sozialhilfe","176":"product_tag-speise","177":"product_tag-speisen","178":"product_tag-speisung","179":"product_tag-spital","180":"product_tag-spitaeler","181":"product_tag-spitales","182":"product_tag-spitals","183":"product_tag-stadtteil","184":"product_tag-stadtteils","185":"product_tag-stadtviertel","186":"product_tag-stehen","187":"product_tag-stehend","188":"product_tag-stehende","189":"product_tag-stehenden","190":"product_tag-stehender","191":"product_tag-stehendes","192":"product_tag-strassenleben","193":"product_tag-strassenszene","194":"product_tag-suppe","195":"product_tag-suppen","196":"product_tag-suppenkueche","197":"product_tag-suppenkuechen","198":"product_tag-sw-fotografie","199":"product_tag-sw-photographie","200":"product_tag-t-shirt","201":"product_tag-t-shirts","202":"product_tag-trottoir","203":"product_tag-trottoirs","204":"product_tag-wand","205":"product_tag-waende","206":"product_tag-waenden","207":"product_tag-warm","208":"product_tag-warme","209":"product_tag-waermen","210":"product_tag-warmer","211":"product_tag-warmes","212":"product_tag-wohnungslos","213":"product_tag-wohnungslose","214":"product_tag-wohnungslosen","215":"product_tag-wohnungsloser","216":"pa_datierung-mai-1992","217":"pa_fotograf-abisag-tuellmann","218":"pa_geografischer_bezug-aufnahmeort-berlin-kreuzberg-deutschland","219":"pa_grunddaten_material_technik-foto-silbergelatine-auf-barytpapier","220":"pa_inventarnummer-tue-92-027-22","221":"pa_jahr_von-14276","222":"pa_massangaben-bildformat-foto-205-x-305-cm","223":"pa_mediennummer-66935","224":"pa_objekt_typ-fotografie","226":"first","227":"instock","228":"product-type-simple"},"yoast_head":"<!-- This site is optimized with the Yoast SEO plugin v27.4 - https:\/\/yoast.com\/product\/yoast-seo-wordpress\/ -->\n<title>Essensausgabe f\u00fcr Bed\u00fcrftige im St. Marien-Krankenhaus in der Lausitzer Stra\u00dfe in Kreuzberg - Abisag T\u00fcllmann<\/title>\n<meta name=\"robots\" content=\"index, follow, max-snippet:-1, max-image-preview:large, max-video-preview:-1\" \/>\n<link rel=\"canonical\" href=\"https:\/\/bpk-archive.de\/tuellmann\/produkt\/essensausgabe-fuer-beduerftige-im-st-marien-krankenhaus-in-der-lausitzer-strasse-in-kreuzberg\/\" \/>\n<meta property=\"og:locale\" content=\"de_DE\" \/>\n<meta property=\"og:type\" content=\"article\" \/>\n<meta property=\"og:title\" content=\"Essensausgabe f\u00fcr Bed\u00fcrftige im St. Marien-Krankenhaus in der Lausitzer Stra\u00dfe in Kreuzberg - Abisag T\u00fcllmann\" \/>\n<meta property=\"og:url\" content=\"https:\/\/bpk-archive.de\/tuellmann\/produkt\/essensausgabe-fuer-beduerftige-im-st-marien-krankenhaus-in-der-lausitzer-strasse-in-kreuzberg\/\" \/>\n<meta property=\"og:site_name\" content=\"Abisag T\u00fcllmann\" \/>\n<meta property=\"article:modified_time\" content=\"2019-09-05T14:21:22+00:00\" \/>\n<meta property=\"og:image\" content=\"https:\/\/bpk-archive.de\/tuellmann\/wp-content\/uploads\/2019\/08\/bpk_70345781.jpg\" \/>\n\t<meta property=\"og:image:width\" content=\"1200\" \/>\n\t<meta property=\"og:image:height\" content=\"824\" \/>\n\t<meta property=\"og:image:type\" content=\"image\/jpeg\" \/>\n<meta name=\"twitter:card\" content=\"summary_large_image\" \/>\n<script type=\"application\/ld+json\" class=\"yoast-schema-graph\">{\"@context\":\"https:\\\/\\\/schema.org\",\"@graph\":[{\"@type\":\"WebPage\",\"@id\":\"https:\\\/\\\/bpk-archive.de\\\/tuellmann\\\/produkt\\\/essensausgabe-fuer-beduerftige-im-st-marien-krankenhaus-in-der-lausitzer-strasse-in-kreuzberg\\\/\",\"url\":\"https:\\\/\\\/bpk-archive.de\\\/tuellmann\\\/produkt\\\/essensausgabe-fuer-beduerftige-im-st-marien-krankenhaus-in-der-lausitzer-strasse-in-kreuzberg\\\/\",\"name\":\"Essensausgabe f\u00fcr Bed\u00fcrftige im St. Marien-Krankenhaus in der Lausitzer Stra\u00dfe in Kreuzberg - Abisag T\u00fcllmann\",\"isPartOf\":{\"@id\":\"https:\\\/\\\/bpk-archive.de\\\/tuellmann\\\/#website\"},\"primaryImageOfPage\":{\"@id\":\"https:\\\/\\\/bpk-archive.de\\\/tuellmann\\\/produkt\\\/essensausgabe-fuer-beduerftige-im-st-marien-krankenhaus-in-der-lausitzer-strasse-in-kreuzberg\\\/#primaryimage\"},\"image\":{\"@id\":\"https:\\\/\\\/bpk-archive.de\\\/tuellmann\\\/produkt\\\/essensausgabe-fuer-beduerftige-im-st-marien-krankenhaus-in-der-lausitzer-strasse-in-kreuzberg\\\/#primaryimage\"},\"thumbnailUrl\":\"https:\\\/\\\/bpk-archive.de\\\/tuellmann\\\/wp-content\\\/uploads\\\/2019\\\/08\\\/bpk_70345781.jpg\",\"datePublished\":\"2019-09-05T14:21:09+00:00\",\"dateModified\":\"2019-09-05T14:21:22+00:00\",\"breadcrumb\":{\"@id\":\"https:\\\/\\\/bpk-archive.de\\\/tuellmann\\\/produkt\\\/essensausgabe-fuer-beduerftige-im-st-marien-krankenhaus-in-der-lausitzer-strasse-in-kreuzberg\\\/#breadcrumb\"},\"inLanguage\":\"de\",\"potentialAction\":[{\"@type\":\"ReadAction\",\"target\":[\"https:\\\/\\\/bpk-archive.de\\\/tuellmann\\\/produkt\\\/essensausgabe-fuer-beduerftige-im-st-marien-krankenhaus-in-der-lausitzer-strasse-in-kreuzberg\\\/\"]}]},{\"@type\":\"ImageObject\",\"inLanguage\":\"de\",\"@id\":\"https:\\\/\\\/bpk-archive.de\\\/tuellmann\\\/produkt\\\/essensausgabe-fuer-beduerftige-im-st-marien-krankenhaus-in-der-lausitzer-strasse-in-kreuzberg\\\/#primaryimage\",\"url\":\"https:\\\/\\\/bpk-archive.de\\\/tuellmann\\\/wp-content\\\/uploads\\\/2019\\\/08\\\/bpk_70345781.jpg\",\"contentUrl\":\"https:\\\/\\\/bpk-archive.de\\\/tuellmann\\\/wp-content\\\/uploads\\\/2019\\\/08\\\/bpk_70345781.jpg\",\"width\":1200,\"height\":824,\"caption\":\"Essensausgabe f\u00fcr Bed\u00fcrftige im St. Marien-Krankenhaus in der Lausitzer Stra\u00dfe in Kreuzberg\"},{\"@type\":\"BreadcrumbList\",\"@id\":\"https:\\\/\\\/bpk-archive.de\\\/tuellmann\\\/produkt\\\/essensausgabe-fuer-beduerftige-im-st-marien-krankenhaus-in-der-lausitzer-strasse-in-kreuzberg\\\/#breadcrumb\",\"itemListElement\":[{\"@type\":\"ListItem\",\"position\":1,\"name\":\"Startseite\",\"item\":\"https:\\\/\\\/bpk-archive.de\\\/tuellmann\\\/\"},{\"@type\":\"ListItem\",\"position\":2,\"name\":\"Shop\",\"item\":\"https:\\\/\\\/bpk-archive.de\\\/tuellmann\\\/shop\\\/\"},{\"@type\":\"ListItem\",\"position\":3,\"name\":\"Essensausgabe f\u00fcr Bed\u00fcrftige im St. Marien-Krankenhaus in der Lausitzer Stra\u00dfe in Kreuzberg\"}]},{\"@type\":\"WebSite\",\"@id\":\"https:\\\/\\\/bpk-archive.de\\\/tuellmann\\\/#website\",\"url\":\"https:\\\/\\\/bpk-archive.de\\\/tuellmann\\\/\",\"name\":\"Abisag T\u00fcllmann\",\"description\":\"Eine weitere WordPress-Website\",\"potentialAction\":[{\"@type\":\"SearchAction\",\"target\":{\"@type\":\"EntryPoint\",\"urlTemplate\":\"https:\\\/\\\/bpk-archive.de\\\/tuellmann\\\/?s={search_term_string}\"},\"query-input\":{\"@type\":\"PropertyValueSpecification\",\"valueRequired\":true,\"valueName\":\"search_term_string\"}}],\"inLanguage\":\"de\"}]}<\/script>\n<!-- \/ Yoast SEO plugin. -->","yoast_head_json":{"title":"Essensausgabe f\u00fcr Bed\u00fcrftige im St. Marien-Krankenhaus in der Lausitzer Stra\u00dfe in Kreuzberg - Abisag T\u00fcllmann","robots":{"index":"index","follow":"follow","max-snippet":"max-snippet:-1","max-image-preview":"max-image-preview:large","max-video-preview":"max-video-preview:-1"},"canonical":"https:\/\/bpk-archive.de\/tuellmann\/produkt\/essensausgabe-fuer-beduerftige-im-st-marien-krankenhaus-in-der-lausitzer-strasse-in-kreuzberg\/","og_locale":"de_DE","og_type":"article","og_title":"Essensausgabe f\u00fcr Bed\u00fcrftige im St. Marien-Krankenhaus in der Lausitzer Stra\u00dfe in Kreuzberg - Abisag T\u00fcllmann","og_url":"https:\/\/bpk-archive.de\/tuellmann\/produkt\/essensausgabe-fuer-beduerftige-im-st-marien-krankenhaus-in-der-lausitzer-strasse-in-kreuzberg\/","og_site_name":"Abisag T\u00fcllmann","article_modified_time":"2019-09-05T14:21:22+00:00","og_image":[{"width":1200,"height":824,"url":"https:\/\/bpk-archive.de\/tuellmann\/wp-content\/uploads\/2019\/08\/bpk_70345781.jpg","type":"image\/jpeg"}],"twitter_card":"summary_large_image","schema":{"@context":"https:\/\/schema.org","@graph":[{"@type":"WebPage","@id":"https:\/\/bpk-archive.de\/tuellmann\/produkt\/essensausgabe-fuer-beduerftige-im-st-marien-krankenhaus-in-der-lausitzer-strasse-in-kreuzberg\/","url":"https:\/\/bpk-archive.de\/tuellmann\/produkt\/essensausgabe-fuer-beduerftige-im-st-marien-krankenhaus-in-der-lausitzer-strasse-in-kreuzberg\/","name":"Essensausgabe f\u00fcr Bed\u00fcrftige im St. Marien-Krankenhaus in der Lausitzer Stra\u00dfe in Kreuzberg - Abisag T\u00fcllmann","isPartOf":{"@id":"https:\/\/bpk-archive.de\/tuellmann\/#website"},"primaryImageOfPage":{"@id":"https:\/\/bpk-archive.de\/tuellmann\/produkt\/essensausgabe-fuer-beduerftige-im-st-marien-krankenhaus-in-der-lausitzer-strasse-in-kreuzberg\/#primaryimage"},"image":{"@id":"https:\/\/bpk-archive.de\/tuellmann\/produkt\/essensausgabe-fuer-beduerftige-im-st-marien-krankenhaus-in-der-lausitzer-strasse-in-kreuzberg\/#primaryimage"},"thumbnailUrl":"https:\/\/bpk-archive.de\/tuellmann\/wp-content\/uploads\/2019\/08\/bpk_70345781.jpg","datePublished":"2019-09-05T14:21:09+00:00","dateModified":"2019-09-05T14:21:22+00:00","breadcrumb":{"@id":"https:\/\/bpk-archive.de\/tuellmann\/produkt\/essensausgabe-fuer-beduerftige-im-st-marien-krankenhaus-in-der-lausitzer-strasse-in-kreuzberg\/#breadcrumb"},"inLanguage":"de","potentialAction":[{"@type":"ReadAction","target":["https:\/\/bpk-archive.de\/tuellmann\/produkt\/essensausgabe-fuer-beduerftige-im-st-marien-krankenhaus-in-der-lausitzer-strasse-in-kreuzberg\/"]}]},{"@type":"ImageObject","inLanguage":"de","@id":"https:\/\/bpk-archive.de\/tuellmann\/produkt\/essensausgabe-fuer-beduerftige-im-st-marien-krankenhaus-in-der-lausitzer-strasse-in-kreuzberg\/#primaryimage","url":"https:\/\/bpk-archive.de\/tuellmann\/wp-content\/uploads\/2019\/08\/bpk_70345781.jpg","contentUrl":"https:\/\/bpk-archive.de\/tuellmann\/wp-content\/uploads\/2019\/08\/bpk_70345781.jpg","width":1200,"height":824,"caption":"Essensausgabe f\u00fcr Bed\u00fcrftige im St. Marien-Krankenhaus in der Lausitzer Stra\u00dfe in Kreuzberg"},{"@type":"BreadcrumbList","@id":"https:\/\/bpk-archive.de\/tuellmann\/produkt\/essensausgabe-fuer-beduerftige-im-st-marien-krankenhaus-in-der-lausitzer-strasse-in-kreuzberg\/#breadcrumb","itemListElement":[{"@type":"ListItem","position":1,"name":"Startseite","item":"https:\/\/bpk-archive.de\/tuellmann\/"},{"@type":"ListItem","position":2,"name":"Shop","item":"https:\/\/bpk-archive.de\/tuellmann\/shop\/"},{"@type":"ListItem","position":3,"name":"Essensausgabe f\u00fcr Bed\u00fcrftige im St. Marien-Krankenhaus in der Lausitzer Stra\u00dfe in Kreuzberg"}]},{"@type":"WebSite","@id":"https:\/\/bpk-archive.de\/tuellmann\/#website","url":"https:\/\/bpk-archive.de\/tuellmann\/","name":"Abisag T\u00fcllmann","description":"Eine weitere WordPress-Website","potentialAction":[{"@type":"SearchAction","target":{"@type":"EntryPoint","urlTemplate":"https:\/\/bpk-archive.de\/tuellmann\/?s={search_term_string}"},"query-input":{"@type":"PropertyValueSpecification","valueRequired":true,"valueName":"search_term_string"}}],"inLanguage":"de"}]}},"_links":{"self":[{"href":"https:\/\/bpk-archive.de\/tuellmann\/wp-json\/wp\/v2\/product\/70297112","targetHints":{"allow":["GET"]}}],"collection":[{"href":"https:\/\/bpk-archive.de\/tuellmann\/wp-json\/wp\/v2\/product"}],"about":[{"href":"https:\/\/bpk-archive.de\/tuellmann\/wp-json\/wp\/v2\/types\/product"}],"wp:featuredmedia":[{"embeddable":true,"href":"https:\/\/bpk-archive.de\/tuellmann\/wp-json\/wp\/v2\/media\/70293344"}],"wp:attachment":[{"href":"https:\/\/bpk-archive.de\/tuellmann\/wp-json\/wp\/v2\/media?parent=70297112"}],"wp:term":[{"taxonomy":"product_brand","embeddable":true,"href":"https:\/\/bpk-archive.de\/tuellmann\/wp-json\/wp\/v2\/product_brand?post=70297112"},{"taxonomy":"product_cat","embeddable":true,"href":"https:\/\/bpk-archive.de\/tuellmann\/wp-json\/wp\/v2\/product_cat?post=70297112"},{"taxonomy":"product_tag","embeddable":true,"href":"https:\/\/bpk-archive.de\/tuellmann\/wp-json\/wp\/v2\/product_tag?post=70297112"}],"curies":[{"name":"wp","href":"https:\/\/api.w.org\/{rel}","templated":true}]}}