{"id":70297108,"date":"2019-09-05T16:21:09","date_gmt":"2019-09-05T14:21:09","guid":{"rendered":"http:\/\/abisagtuellmann.bpk-news.de\/atbild\/obdachloser-auf-dem-osthafengelaende-eyssenstrasse\/"},"modified":"2019-09-05T16:21:19","modified_gmt":"2019-09-05T14:21:19","slug":"obdachloser-auf-dem-osthafengelaende-eyssenstrasse","status":"publish","type":"product","link":"https:\/\/bpk-archive.de\/tuellmann\/produkt\/obdachloser-auf-dem-osthafengelaende-eyssenstrasse\/","title":{"rendered":"Obdachloser auf dem Osthafengel\u00e4nde (Eyssenstra\u00dfe)"},"content":{"rendered":"","protected":false},"excerpt":{"rendered":"","protected":false},"featured_media":70293456,"template":"","meta":[],"product_brand":[],"product_cat":[],"product_tag":[14308,13232,13234,13231,13233,14309,66901,66902,66903,66904,47921,66905,14310,13777,55081,14311,14312,14313,14314,14315,14316,14317,64257,64258,64259,64260,64261,64262,64263,64264,64265,64266,13250,14318,49468,48096,62658,48097,14326,53353,66906,13784,13785,13469,57026,57027,66907,13470,51393,13253,13254,13255,13256,13257,13471,13472,56032,13260,49917,14181,14182,64645,64646,13293,13786,13787,13294,13295,13296,13297,13485,13486,13482,13481,13483,13484,57139,14327,49398,13492,13493,13494,13495,13496,13497,13301,13802,13803,66908,49482,14222,47440,47441,47442,47443,47444,47445,47446,49310,49311,49312,49313,49314,13818,13819,13826,54815,62661,62662,62663,66791,66683,14328,14329,14330,14331,14332,14333,64650,64651,13328,13827,13828,13329,13330,13331,13332,13829,13830,13831,13832,13833,13834,13835,13836,13837,13838,13839,13840,13841,13842,13843,47958,13877,13879,48113,48114,49956,13865,13864,13866,13858,13859,13860,13861,13862,13863,13868,13869,13870,13871,13872,51943,47967,13878,13880,47968,49793,49794,49795,49796,49797,49798,14334,14335,14336,14337,13882],"class_list":{"0":"post-70297108","1":"product","2":"type-product","3":"status-publish","4":"has-post-thumbnail","6":"product_tag-1990er-jahre","7":"product_tag-20-jahrhundert-nach-chr","8":"product_tag-20-jh-n-chr","9":"product_tag-20-jahrhundert","10":"product_tag-20-jh","11":"product_tag-90er","12":"product_tag-abgemagert","13":"product_tag-abgemagerte","14":"product_tag-abgemagerter","15":"product_tag-abgemagertes","16":"product_tag-abisag","17":"product_tag-abmagern","18":"product_tag-abt_004","19":"product_tag-abzug","20":"product_tag-alkohol","21":"product_tag-arm","22":"product_tag-arme","23":"product_tag-armen","24":"product_tag-armer","25":"product_tag-armes","26":"product_tag-armut","27":"product_tag-at_obdachlose","28":"product_tag-aufgehangen","29":"product_tag-aufgehangene","30":"product_tag-aufgehangenen","31":"product_tag-aufgehangener","32":"product_tag-aufgehangenes","33":"product_tag-aufgehaengt","34":"product_tag-aufgehaengte","35":"product_tag-aufgehaengten","36":"product_tag-aufgehaengter","37":"product_tag-aufgehaengtes","38":"product_tag-aussen","39":"product_tag-aussenseiter","40":"product_tag-bekleidung","41":"product_tag-bett","42":"product_tag-bettdecke","43":"product_tag-betten","44":"product_tag-bevoelkerung","45":"product_tag-bier","46":"product_tag-bierdose","47":"product_tag-bildnis","48":"product_tag-bildnisse","49":"product_tag-brd","50":"product_tag-bruecke","51":"product_tag-bruecken","52":"product_tag-buechse","53":"product_tag-bundesrepublik-deutschland","54":"product_tag-decke","55":"product_tag-deutsch","56":"product_tag-deutsche","57":"product_tag-deutschen","58":"product_tag-deutscher","59":"product_tag-deutsches","60":"product_tag-deutschland","61":"product_tag-deutschlands","62":"product_tag-dose","63":"product_tag-draussen","64":"product_tag-eimer","65":"product_tag-elend","66":"product_tag-elends","67":"product_tag-europalette","68":"product_tag-europoolpalette","69":"product_tag-foto","70":"product_tag-fotoabzug","71":"product_tag-fotoabzuege","72":"product_tag-fotografie","73":"product_tag-fotografien","74":"product_tag-fotografin","75":"product_tag-fotografinnen","76":"product_tag-frankfurt-m","77":"product_tag-frankfurt-main","78":"product_tag-frankfurt-a-main","79":"product_tag-frankfurt-a-m","80":"product_tag-frankfurt-am-main","81":"product_tag-frankfurter","82":"product_tag-garderobe","83":"product_tag-gesellschaft","84":"product_tag-habseligkeiten","85":"product_tag-hessen","86":"product_tag-hessisch","87":"product_tag-hessische","88":"product_tag-hessischen","89":"product_tag-hessischer","90":"product_tag-hessisches","91":"product_tag-im-freien","92":"product_tag-jacke","93":"product_tag-jacken","94":"product_tag-kleiderbuegel","95":"product_tag-kleidung","96":"product_tag-lager","97":"product_tag-liegen","98":"product_tag-liegend","99":"product_tag-liegende","100":"product_tag-liegendem","101":"product_tag-liegenden","102":"product_tag-liegender","103":"product_tag-liegendes","104":"product_tag-mager","105":"product_tag-magere","106":"product_tag-mageren","107":"product_tag-magerer","108":"product_tag-mageres","109":"product_tag-mann","110":"product_tag-maenner","111":"product_tag-mannes","112":"product_tag-mantel","113":"product_tag-matratze","114":"product_tag-matratzen","115":"product_tag-matratzenlager","116":"product_tag-matratzenlagers","117":"product_tag-nachtlager","118":"product_tag-neunziger","119":"product_tag-obdachlos","120":"product_tag-obdachlose","121":"product_tag-obdachlosen","122":"product_tag-obdachloser","123":"product_tag-obdachlosigkeit","124":"product_tag-palette","125":"product_tag-paletten","126":"product_tag-photo","127":"product_tag-photoabzug","128":"product_tag-photoabzuege","129":"product_tag-photographie","130":"product_tag-photographien","131":"product_tag-photographin","132":"product_tag-photographinnen","133":"product_tag-portrait","134":"product_tag-portraitaufnahme","135":"product_tag-portraitfoto","136":"product_tag-portraitfotografie","137":"product_tag-portraitphoto","138":"product_tag-portraitphotographie","139":"product_tag-portraits","140":"product_tag-portraet","141":"product_tag-portraetaufnahme","142":"product_tag-portraetfoto","143":"product_tag-portraetfotografie","144":"product_tag-portraetphoto","145":"product_tag-portraetphotographie","146":"product_tag-portraets","147":"product_tag-print","148":"product_tag-querformat","149":"product_tag-s-w-fotografie","150":"product_tag-s-w-photographie","151":"product_tag-schlafplatz","152":"product_tag-schlafplaetze","153":"product_tag-schuh","154":"product_tag-schwarzweissphotographie","155":"product_tag-schwarz-weiss-fotografie","156":"product_tag-schwarz-weiss-photographie","157":"product_tag-schwarzweiss","158":"product_tag-schwarzweisse","159":"product_tag-schwarzweissen","160":"product_tag-schwarzweisser","161":"product_tag-schwarzweisses","162":"product_tag-schwarzweissfotografie","163":"product_tag-seitlich","164":"product_tag-silbergelatine","165":"product_tag-silbergelatineabzug","166":"product_tag-silbergelatineabzuege","167":"product_tag-silbergelatineprint","168":"product_tag-stein","169":"product_tag-sw","170":"product_tag-sw-fotografie","171":"product_tag-sw-photographie","172":"product_tag-tuellmann","173":"product_tag-verwahrlost","174":"product_tag-verwahrloste","175":"product_tag-verwahrlosten","176":"product_tag-verwahrloster","177":"product_tag-verwahrlostes","178":"product_tag-verwahrlosung","179":"product_tag-wohnungslos","180":"product_tag-wohnungslose","181":"product_tag-wohnungslosen","182":"product_tag-wohnungsloser","183":"product_tag-zur-seite","184":"pa_datierung-juni-1991","185":"pa_fotograf-abisag-tuellmann","186":"pa_geografischer_bezug-aufnahmeort-frankfurt-am-main-deutschland","187":"pa_grunddaten_material_technik-foto-silbergelatine-auf-barytpapier","188":"pa_inventarnummer-tue-91-063-21","189":"pa_jahr_von-50355","190":"pa_massangaben-bildformat-foto-199-x-304-cm","191":"pa_mediennummer-66899","192":"pa_objekt_typ-fotografie","194":"first","195":"instock","196":"product-type-simple"},"yoast_head":"<!-- This site is optimized with the Yoast SEO plugin v27.4 - https:\/\/yoast.com\/product\/yoast-seo-wordpress\/ -->\n<title>Obdachloser auf dem Osthafengel\u00e4nde (Eyssenstra\u00dfe) - Abisag T\u00fcllmann<\/title>\n<meta name=\"robots\" content=\"index, follow, max-snippet:-1, max-image-preview:large, max-video-preview:-1\" \/>\n<link rel=\"canonical\" href=\"https:\/\/bpk-archive.de\/tuellmann\/produkt\/obdachloser-auf-dem-osthafengelaende-eyssenstrasse\/\" \/>\n<meta property=\"og:locale\" content=\"de_DE\" \/>\n<meta property=\"og:type\" content=\"article\" \/>\n<meta property=\"og:title\" content=\"Obdachloser auf dem Osthafengel\u00e4nde (Eyssenstra\u00dfe) - Abisag T\u00fcllmann\" \/>\n<meta property=\"og:url\" content=\"https:\/\/bpk-archive.de\/tuellmann\/produkt\/obdachloser-auf-dem-osthafengelaende-eyssenstrasse\/\" \/>\n<meta property=\"og:site_name\" content=\"Abisag T\u00fcllmann\" \/>\n<meta property=\"article:modified_time\" content=\"2019-09-05T14:21:19+00:00\" \/>\n<meta property=\"og:image\" content=\"https:\/\/bpk-archive.de\/tuellmann\/wp-content\/uploads\/2019\/08\/bpk_70345768.jpg\" \/>\n\t<meta property=\"og:image:width\" content=\"1200\" \/>\n\t<meta property=\"og:image:height\" content=\"796\" \/>\n\t<meta property=\"og:image:type\" content=\"image\/jpeg\" \/>\n<meta name=\"twitter:card\" content=\"summary_large_image\" \/>\n<script type=\"application\/ld+json\" class=\"yoast-schema-graph\">{\"@context\":\"https:\\\/\\\/schema.org\",\"@graph\":[{\"@type\":\"WebPage\",\"@id\":\"https:\\\/\\\/bpk-archive.de\\\/tuellmann\\\/produkt\\\/obdachloser-auf-dem-osthafengelaende-eyssenstrasse\\\/\",\"url\":\"https:\\\/\\\/bpk-archive.de\\\/tuellmann\\\/produkt\\\/obdachloser-auf-dem-osthafengelaende-eyssenstrasse\\\/\",\"name\":\"Obdachloser auf dem Osthafengel\u00e4nde (Eyssenstra\u00dfe) - Abisag T\u00fcllmann\",\"isPartOf\":{\"@id\":\"https:\\\/\\\/bpk-archive.de\\\/tuellmann\\\/#website\"},\"primaryImageOfPage\":{\"@id\":\"https:\\\/\\\/bpk-archive.de\\\/tuellmann\\\/produkt\\\/obdachloser-auf-dem-osthafengelaende-eyssenstrasse\\\/#primaryimage\"},\"image\":{\"@id\":\"https:\\\/\\\/bpk-archive.de\\\/tuellmann\\\/produkt\\\/obdachloser-auf-dem-osthafengelaende-eyssenstrasse\\\/#primaryimage\"},\"thumbnailUrl\":\"https:\\\/\\\/bpk-archive.de\\\/tuellmann\\\/wp-content\\\/uploads\\\/2019\\\/08\\\/bpk_70345768.jpg\",\"datePublished\":\"2019-09-05T14:21:09+00:00\",\"dateModified\":\"2019-09-05T14:21:19+00:00\",\"breadcrumb\":{\"@id\":\"https:\\\/\\\/bpk-archive.de\\\/tuellmann\\\/produkt\\\/obdachloser-auf-dem-osthafengelaende-eyssenstrasse\\\/#breadcrumb\"},\"inLanguage\":\"de\",\"potentialAction\":[{\"@type\":\"ReadAction\",\"target\":[\"https:\\\/\\\/bpk-archive.de\\\/tuellmann\\\/produkt\\\/obdachloser-auf-dem-osthafengelaende-eyssenstrasse\\\/\"]}]},{\"@type\":\"ImageObject\",\"inLanguage\":\"de\",\"@id\":\"https:\\\/\\\/bpk-archive.de\\\/tuellmann\\\/produkt\\\/obdachloser-auf-dem-osthafengelaende-eyssenstrasse\\\/#primaryimage\",\"url\":\"https:\\\/\\\/bpk-archive.de\\\/tuellmann\\\/wp-content\\\/uploads\\\/2019\\\/08\\\/bpk_70345768.jpg\",\"contentUrl\":\"https:\\\/\\\/bpk-archive.de\\\/tuellmann\\\/wp-content\\\/uploads\\\/2019\\\/08\\\/bpk_70345768.jpg\",\"width\":1200,\"height\":796,\"caption\":\"Obdachloser auf dem Osthafengel\u00e4nde (Eyssenstra\u00dfe)\"},{\"@type\":\"BreadcrumbList\",\"@id\":\"https:\\\/\\\/bpk-archive.de\\\/tuellmann\\\/produkt\\\/obdachloser-auf-dem-osthafengelaende-eyssenstrasse\\\/#breadcrumb\",\"itemListElement\":[{\"@type\":\"ListItem\",\"position\":1,\"name\":\"Startseite\",\"item\":\"https:\\\/\\\/bpk-archive.de\\\/tuellmann\\\/\"},{\"@type\":\"ListItem\",\"position\":2,\"name\":\"Shop\",\"item\":\"https:\\\/\\\/bpk-archive.de\\\/tuellmann\\\/shop\\\/\"},{\"@type\":\"ListItem\",\"position\":3,\"name\":\"Obdachloser auf dem Osthafengel\u00e4nde (Eyssenstra\u00dfe)\"}]},{\"@type\":\"WebSite\",\"@id\":\"https:\\\/\\\/bpk-archive.de\\\/tuellmann\\\/#website\",\"url\":\"https:\\\/\\\/bpk-archive.de\\\/tuellmann\\\/\",\"name\":\"Abisag T\u00fcllmann\",\"description\":\"Eine weitere WordPress-Website\",\"potentialAction\":[{\"@type\":\"SearchAction\",\"target\":{\"@type\":\"EntryPoint\",\"urlTemplate\":\"https:\\\/\\\/bpk-archive.de\\\/tuellmann\\\/?s={search_term_string}\"},\"query-input\":{\"@type\":\"PropertyValueSpecification\",\"valueRequired\":true,\"valueName\":\"search_term_string\"}}],\"inLanguage\":\"de\"}]}<\/script>\n<!-- \/ Yoast SEO plugin. -->","yoast_head_json":{"title":"Obdachloser auf dem Osthafengel\u00e4nde (Eyssenstra\u00dfe) - Abisag T\u00fcllmann","robots":{"index":"index","follow":"follow","max-snippet":"max-snippet:-1","max-image-preview":"max-image-preview:large","max-video-preview":"max-video-preview:-1"},"canonical":"https:\/\/bpk-archive.de\/tuellmann\/produkt\/obdachloser-auf-dem-osthafengelaende-eyssenstrasse\/","og_locale":"de_DE","og_type":"article","og_title":"Obdachloser auf dem Osthafengel\u00e4nde (Eyssenstra\u00dfe) - Abisag T\u00fcllmann","og_url":"https:\/\/bpk-archive.de\/tuellmann\/produkt\/obdachloser-auf-dem-osthafengelaende-eyssenstrasse\/","og_site_name":"Abisag T\u00fcllmann","article_modified_time":"2019-09-05T14:21:19+00:00","og_image":[{"width":1200,"height":796,"url":"https:\/\/bpk-archive.de\/tuellmann\/wp-content\/uploads\/2019\/08\/bpk_70345768.jpg","type":"image\/jpeg"}],"twitter_card":"summary_large_image","schema":{"@context":"https:\/\/schema.org","@graph":[{"@type":"WebPage","@id":"https:\/\/bpk-archive.de\/tuellmann\/produkt\/obdachloser-auf-dem-osthafengelaende-eyssenstrasse\/","url":"https:\/\/bpk-archive.de\/tuellmann\/produkt\/obdachloser-auf-dem-osthafengelaende-eyssenstrasse\/","name":"Obdachloser auf dem Osthafengel\u00e4nde (Eyssenstra\u00dfe) - Abisag T\u00fcllmann","isPartOf":{"@id":"https:\/\/bpk-archive.de\/tuellmann\/#website"},"primaryImageOfPage":{"@id":"https:\/\/bpk-archive.de\/tuellmann\/produkt\/obdachloser-auf-dem-osthafengelaende-eyssenstrasse\/#primaryimage"},"image":{"@id":"https:\/\/bpk-archive.de\/tuellmann\/produkt\/obdachloser-auf-dem-osthafengelaende-eyssenstrasse\/#primaryimage"},"thumbnailUrl":"https:\/\/bpk-archive.de\/tuellmann\/wp-content\/uploads\/2019\/08\/bpk_70345768.jpg","datePublished":"2019-09-05T14:21:09+00:00","dateModified":"2019-09-05T14:21:19+00:00","breadcrumb":{"@id":"https:\/\/bpk-archive.de\/tuellmann\/produkt\/obdachloser-auf-dem-osthafengelaende-eyssenstrasse\/#breadcrumb"},"inLanguage":"de","potentialAction":[{"@type":"ReadAction","target":["https:\/\/bpk-archive.de\/tuellmann\/produkt\/obdachloser-auf-dem-osthafengelaende-eyssenstrasse\/"]}]},{"@type":"ImageObject","inLanguage":"de","@id":"https:\/\/bpk-archive.de\/tuellmann\/produkt\/obdachloser-auf-dem-osthafengelaende-eyssenstrasse\/#primaryimage","url":"https:\/\/bpk-archive.de\/tuellmann\/wp-content\/uploads\/2019\/08\/bpk_70345768.jpg","contentUrl":"https:\/\/bpk-archive.de\/tuellmann\/wp-content\/uploads\/2019\/08\/bpk_70345768.jpg","width":1200,"height":796,"caption":"Obdachloser auf dem Osthafengel\u00e4nde (Eyssenstra\u00dfe)"},{"@type":"BreadcrumbList","@id":"https:\/\/bpk-archive.de\/tuellmann\/produkt\/obdachloser-auf-dem-osthafengelaende-eyssenstrasse\/#breadcrumb","itemListElement":[{"@type":"ListItem","position":1,"name":"Startseite","item":"https:\/\/bpk-archive.de\/tuellmann\/"},{"@type":"ListItem","position":2,"name":"Shop","item":"https:\/\/bpk-archive.de\/tuellmann\/shop\/"},{"@type":"ListItem","position":3,"name":"Obdachloser auf dem Osthafengel\u00e4nde (Eyssenstra\u00dfe)"}]},{"@type":"WebSite","@id":"https:\/\/bpk-archive.de\/tuellmann\/#website","url":"https:\/\/bpk-archive.de\/tuellmann\/","name":"Abisag T\u00fcllmann","description":"Eine weitere WordPress-Website","potentialAction":[{"@type":"SearchAction","target":{"@type":"EntryPoint","urlTemplate":"https:\/\/bpk-archive.de\/tuellmann\/?s={search_term_string}"},"query-input":{"@type":"PropertyValueSpecification","valueRequired":true,"valueName":"search_term_string"}}],"inLanguage":"de"}]}},"_links":{"self":[{"href":"https:\/\/bpk-archive.de\/tuellmann\/wp-json\/wp\/v2\/product\/70297108","targetHints":{"allow":["GET"]}}],"collection":[{"href":"https:\/\/bpk-archive.de\/tuellmann\/wp-json\/wp\/v2\/product"}],"about":[{"href":"https:\/\/bpk-archive.de\/tuellmann\/wp-json\/wp\/v2\/types\/product"}],"wp:featuredmedia":[{"embeddable":true,"href":"https:\/\/bpk-archive.de\/tuellmann\/wp-json\/wp\/v2\/media\/70293456"}],"wp:attachment":[{"href":"https:\/\/bpk-archive.de\/tuellmann\/wp-json\/wp\/v2\/media?parent=70297108"}],"wp:term":[{"taxonomy":"product_brand","embeddable":true,"href":"https:\/\/bpk-archive.de\/tuellmann\/wp-json\/wp\/v2\/product_brand?post=70297108"},{"taxonomy":"product_cat","embeddable":true,"href":"https:\/\/bpk-archive.de\/tuellmann\/wp-json\/wp\/v2\/product_cat?post=70297108"},{"taxonomy":"product_tag","embeddable":true,"href":"https:\/\/bpk-archive.de\/tuellmann\/wp-json\/wp\/v2\/product_tag?post=70297108"}],"curies":[{"name":"wp","href":"https:\/\/api.w.org\/{rel}","templated":true}]}}