{"id":70297071,"date":"2019-09-05T16:14:19","date_gmt":"2019-09-05T14:14:19","guid":{"rendered":"http:\/\/abisagtuellmann.bpk-news.de\/atbild\/bettler-in-der-kaiserstrasse-im-hintergrund-wird-ein-mann-von-der-polizei-durchsucht\/"},"modified":"2020-08-11T16:44:06","modified_gmt":"2020-08-11T14:44:06","slug":"bettler-in-der-kaiserstrasse-im-hintergrund-wird-ein-mann-von-der-polizei-durchsucht","status":"publish","type":"product","link":"https:\/\/bpk-archive.de\/tuellmann\/produkt\/bettler-in-der-kaiserstrasse-im-hintergrund-wird-ein-mann-von-der-polizei-durchsucht\/","title":{"rendered":"Bettler in der Kaiserstra\u00dfe &#8211; im Hintergrund wird ein Mann von der Polizei durchsucht"},"content":{"rendered":"<p>Ein Graffiti an der Hauswand: &#8222;Wer hat Angst vor dem wei\u00dfen Mann?&#8220;<\/p>\n","protected":false},"excerpt":{"rendered":"<p>Ein Graffiti an der Hauswand: &#8222;Wer hat Angst vor dem wei\u00dfen Mann?&#8220;<\/p>\n","protected":false},"featured_media":70293420,"template":"","meta":[],"product_brand":[],"product_cat":[73389],"product_tag":[14308,13232,13234,13231,13233,14309,14310,13777,14311,14312,14313,14314,14315,14316,14317,13250,14318,64124,64125,14319,14320,14321,14322,14323,14324,14325,14326,13784,13785,13469,13470,13471,13472,13260,66666,64061,13293,13786,13787,13294,13295,13296,13297,13485,13486,13482,13481,13483,13484,14327,49216,49217,48101,48102,13492,13493,13494,13495,13496,13497,13301,13818,13819,13820,13821,48012,48013,13822,13823,13824,13825,13826,14328,14329,14330,14331,14332,14333,49229,49230,13328,13827,13828,13329,13330,13331,13332,48496,51762,48497,48498,13829,13830,13831,13832,13833,13834,13835,13836,13837,13838,13839,13840,13841,13842,13843,13877,13879,48364,48365,13345,13865,13864,13866,13858,13859,13860,13861,13862,13863,13869,13870,13871,13872,14243,14244,14245,14246,14247,14248,14249,49236,13519,13520,13521,13522,13523,13524,13878,13880,66667,64065,14334,14335,14336,14337],"class_list":{"0":"post-70297071","1":"product","2":"type-product","3":"status-publish","4":"has-post-thumbnail","6":"product_cat-obdachlose","7":"product_tag-1990er-jahre","8":"product_tag-20-jahrhundert-nach-chr","9":"product_tag-20-jh-n-chr","10":"product_tag-20-jahrhundert","11":"product_tag-20-jh","12":"product_tag-90er","13":"product_tag-abt_004","14":"product_tag-abzug","15":"product_tag-arm","16":"product_tag-arme","17":"product_tag-armen","18":"product_tag-armer","19":"product_tag-armes","20":"product_tag-armut","21":"product_tag-at_obdachlose","22":"product_tag-aussen","23":"product_tag-aussenseiter","24":"product_tag-bettelei","25":"product_tag-betteln","26":"product_tag-bettelnd","27":"product_tag-bettelnde","28":"product_tag-bettelnder","29":"product_tag-bettelndes","30":"product_tag-bettler","31":"product_tag-bettlern","32":"product_tag-bettlers","33":"product_tag-bevoelkerung","34":"product_tag-bildnis","35":"product_tag-bildnisse","36":"product_tag-brd","37":"product_tag-bundesrepublik-deutschland","38":"product_tag-deutschland","39":"product_tag-deutschlands","40":"product_tag-draussen","41":"product_tag-durchsuchen","42":"product_tag-durchsuchung","43":"product_tag-foto","44":"product_tag-fotoabzug","45":"product_tag-fotoabzuege","46":"product_tag-fotografie","47":"product_tag-fotografien","48":"product_tag-fotografin","49":"product_tag-fotografinnen","50":"product_tag-frankfurt-m","51":"product_tag-frankfurt-main","52":"product_tag-frankfurt-a-main","53":"product_tag-frankfurt-a-m","54":"product_tag-frankfurt-am-main","55":"product_tag-frankfurter","56":"product_tag-gesellschaft","57":"product_tag-graffiti","58":"product_tag-graffito","59":"product_tag-hauseingang","60":"product_tag-hauseingaenge","61":"product_tag-hessen","62":"product_tag-hessisch","63":"product_tag-hessische","64":"product_tag-hessischen","65":"product_tag-hessischer","66":"product_tag-hessisches","67":"product_tag-im-freien","68":"product_tag-mann","69":"product_tag-maenner","70":"product_tag-maennerbildnis","71":"product_tag-maennerbildnisse","72":"product_tag-maennergruppe","73":"product_tag-maennergruppen","74":"product_tag-maennerportrait","75":"product_tag-maennerportraits","76":"product_tag-maennerportraet","77":"product_tag-maennerportraets","78":"product_tag-mannes","79":"product_tag-neunziger","80":"product_tag-obdachlos","81":"product_tag-obdachlose","82":"product_tag-obdachlosen","83":"product_tag-obdachloser","84":"product_tag-obdachlosigkeit","85":"product_tag-parole","86":"product_tag-parolen","87":"product_tag-photo","88":"product_tag-photoabzug","89":"product_tag-photoabzuege","90":"product_tag-photographie","91":"product_tag-photographien","92":"product_tag-photographin","93":"product_tag-photographinnen","94":"product_tag-polizei","95":"product_tag-polizeieinsatz","96":"product_tag-polizist","97":"product_tag-polizisten","98":"product_tag-portrait","99":"product_tag-portraitaufnahme","100":"product_tag-portraitfoto","101":"product_tag-portraitfotografie","102":"product_tag-portraitphoto","103":"product_tag-portraitphotographie","104":"product_tag-portraits","105":"product_tag-portraet","106":"product_tag-portraetaufnahme","107":"product_tag-portraetfoto","108":"product_tag-portraetfotografie","109":"product_tag-portraetphoto","110":"product_tag-portraetphotographie","111":"product_tag-portraets","112":"product_tag-print","113":"product_tag-s-w-fotografie","114":"product_tag-s-w-photographie","115":"product_tag-schrift","116":"product_tag-schriften","117":"product_tag-schriftzug","118":"product_tag-schwarzweissphotographie","119":"product_tag-schwarz-weiss-fotografie","120":"product_tag-schwarz-weiss-photographie","121":"product_tag-schwarzweiss","122":"product_tag-schwarzweisse","123":"product_tag-schwarzweissen","124":"product_tag-schwarzweisser","125":"product_tag-schwarzweisses","126":"product_tag-schwarzweissfotografie","127":"product_tag-silbergelatine","128":"product_tag-silbergelatineabzug","129":"product_tag-silbergelatineabzuege","130":"product_tag-silbergelatineprint","131":"product_tag-sitzen","132":"product_tag-sitzend","133":"product_tag-sitzende","134":"product_tag-sitzenden","135":"product_tag-sitzender","136":"product_tag-sitzendes","137":"product_tag-sitzt","138":"product_tag-slogan","139":"product_tag-stehen","140":"product_tag-stehend","141":"product_tag-stehende","142":"product_tag-stehenden","143":"product_tag-stehender","144":"product_tag-stehendes","145":"product_tag-sw-fotografie","146":"product_tag-sw-photographie","147":"product_tag-verdacht","148":"product_tag-visitation","149":"product_tag-wohnungslos","150":"product_tag-wohnungslose","151":"product_tag-wohnungslosen","152":"product_tag-wohnungsloser","153":"pa_datierung-25653","154":"pa_fotograf-abisag-tuellmann","155":"pa_geografischer_bezug-aufnahmeort-frankfurt-am-main-deutschland","156":"pa_grunddaten_material_technik-foto-silbergelatine-auf-barytpapier","157":"pa_inventarnummer-tue-s-c-021-08","158":"pa_jahr_von-58561","159":"pa_massangaben-bildformat-foto-233-x-303-cm","160":"pa_mediennummer-66664","161":"pa_objekt_typ-fotografie","163":"first","164":"instock","165":"product-type-simple"},"yoast_head":"<!-- This site is optimized with the Yoast SEO plugin v27.3 - https:\/\/yoast.com\/product\/yoast-seo-wordpress\/ -->\n<title>Bettler in der Kaiserstra\u00dfe - im Hintergrund wird ein Mann von der Polizei durchsucht - Abisag T\u00fcllmann<\/title>\n<meta name=\"robots\" content=\"index, follow, max-snippet:-1, max-image-preview:large, max-video-preview:-1\" \/>\n<link rel=\"canonical\" href=\"https:\/\/bpk-archive.de\/tuellmann\/produkt\/bettler-in-der-kaiserstrasse-im-hintergrund-wird-ein-mann-von-der-polizei-durchsucht\/\" \/>\n<meta property=\"og:locale\" content=\"de_DE\" \/>\n<meta property=\"og:type\" content=\"article\" \/>\n<meta property=\"og:title\" content=\"Bettler in der Kaiserstra\u00dfe - im Hintergrund wird ein Mann von der Polizei durchsucht - Abisag T\u00fcllmann\" \/>\n<meta property=\"og:description\" content=\"Ein Graffiti an der Hauswand: &#8222;Wer hat Angst vor dem wei\u00dfen Mann?&#8220;\" \/>\n<meta property=\"og:url\" content=\"https:\/\/bpk-archive.de\/tuellmann\/produkt\/bettler-in-der-kaiserstrasse-im-hintergrund-wird-ein-mann-von-der-polizei-durchsucht\/\" \/>\n<meta property=\"og:site_name\" content=\"Abisag T\u00fcllmann\" \/>\n<meta property=\"article:modified_time\" content=\"2020-08-11T14:44:06+00:00\" \/>\n<meta property=\"og:image\" content=\"https:\/\/bpk-archive.de\/tuellmann\/wp-content\/uploads\/2019\/08\/bpk_70346469.jpg\" \/>\n\t<meta property=\"og:image:width\" content=\"1200\" \/>\n\t<meta property=\"og:image:height\" content=\"930\" \/>\n\t<meta property=\"og:image:type\" content=\"image\/jpeg\" \/>\n<meta name=\"twitter:card\" content=\"summary_large_image\" \/>\n<script type=\"application\/ld+json\" class=\"yoast-schema-graph\">{\"@context\":\"https:\\\/\\\/schema.org\",\"@graph\":[{\"@type\":\"WebPage\",\"@id\":\"https:\\\/\\\/bpk-archive.de\\\/tuellmann\\\/produkt\\\/bettler-in-der-kaiserstrasse-im-hintergrund-wird-ein-mann-von-der-polizei-durchsucht\\\/\",\"url\":\"https:\\\/\\\/bpk-archive.de\\\/tuellmann\\\/produkt\\\/bettler-in-der-kaiserstrasse-im-hintergrund-wird-ein-mann-von-der-polizei-durchsucht\\\/\",\"name\":\"Bettler in der Kaiserstra\u00dfe - im Hintergrund wird ein Mann von der Polizei durchsucht - Abisag T\u00fcllmann\",\"isPartOf\":{\"@id\":\"https:\\\/\\\/bpk-archive.de\\\/tuellmann\\\/#website\"},\"primaryImageOfPage\":{\"@id\":\"https:\\\/\\\/bpk-archive.de\\\/tuellmann\\\/produkt\\\/bettler-in-der-kaiserstrasse-im-hintergrund-wird-ein-mann-von-der-polizei-durchsucht\\\/#primaryimage\"},\"image\":{\"@id\":\"https:\\\/\\\/bpk-archive.de\\\/tuellmann\\\/produkt\\\/bettler-in-der-kaiserstrasse-im-hintergrund-wird-ein-mann-von-der-polizei-durchsucht\\\/#primaryimage\"},\"thumbnailUrl\":\"https:\\\/\\\/bpk-archive.de\\\/tuellmann\\\/wp-content\\\/uploads\\\/2019\\\/08\\\/bpk_70346469.jpg\",\"datePublished\":\"2019-09-05T14:14:19+00:00\",\"dateModified\":\"2020-08-11T14:44:06+00:00\",\"breadcrumb\":{\"@id\":\"https:\\\/\\\/bpk-archive.de\\\/tuellmann\\\/produkt\\\/bettler-in-der-kaiserstrasse-im-hintergrund-wird-ein-mann-von-der-polizei-durchsucht\\\/#breadcrumb\"},\"inLanguage\":\"de\",\"potentialAction\":[{\"@type\":\"ReadAction\",\"target\":[\"https:\\\/\\\/bpk-archive.de\\\/tuellmann\\\/produkt\\\/bettler-in-der-kaiserstrasse-im-hintergrund-wird-ein-mann-von-der-polizei-durchsucht\\\/\"]}]},{\"@type\":\"ImageObject\",\"inLanguage\":\"de\",\"@id\":\"https:\\\/\\\/bpk-archive.de\\\/tuellmann\\\/produkt\\\/bettler-in-der-kaiserstrasse-im-hintergrund-wird-ein-mann-von-der-polizei-durchsucht\\\/#primaryimage\",\"url\":\"https:\\\/\\\/bpk-archive.de\\\/tuellmann\\\/wp-content\\\/uploads\\\/2019\\\/08\\\/bpk_70346469.jpg\",\"contentUrl\":\"https:\\\/\\\/bpk-archive.de\\\/tuellmann\\\/wp-content\\\/uploads\\\/2019\\\/08\\\/bpk_70346469.jpg\",\"width\":1200,\"height\":930,\"caption\":\"Bettler in der Kaiserstra\u00dfe - im Hintergrund wird ein Mann von der Polizei durchsucht\"},{\"@type\":\"BreadcrumbList\",\"@id\":\"https:\\\/\\\/bpk-archive.de\\\/tuellmann\\\/produkt\\\/bettler-in-der-kaiserstrasse-im-hintergrund-wird-ein-mann-von-der-polizei-durchsucht\\\/#breadcrumb\",\"itemListElement\":[{\"@type\":\"ListItem\",\"position\":1,\"name\":\"Startseite\",\"item\":\"https:\\\/\\\/bpk-archive.de\\\/tuellmann\\\/\"},{\"@type\":\"ListItem\",\"position\":2,\"name\":\"Shop\",\"item\":\"https:\\\/\\\/bpk-archive.de\\\/tuellmann\\\/shop\\\/\"},{\"@type\":\"ListItem\",\"position\":3,\"name\":\"Bettler in der Kaiserstra\u00dfe &#8211; im Hintergrund wird ein Mann von der Polizei durchsucht\"}]},{\"@type\":\"WebSite\",\"@id\":\"https:\\\/\\\/bpk-archive.de\\\/tuellmann\\\/#website\",\"url\":\"https:\\\/\\\/bpk-archive.de\\\/tuellmann\\\/\",\"name\":\"Abisag T\u00fcllmann\",\"description\":\"Eine weitere WordPress-Website\",\"potentialAction\":[{\"@type\":\"SearchAction\",\"target\":{\"@type\":\"EntryPoint\",\"urlTemplate\":\"https:\\\/\\\/bpk-archive.de\\\/tuellmann\\\/?s={search_term_string}\"},\"query-input\":{\"@type\":\"PropertyValueSpecification\",\"valueRequired\":true,\"valueName\":\"search_term_string\"}}],\"inLanguage\":\"de\"}]}<\/script>\n<!-- \/ Yoast SEO plugin. -->","yoast_head_json":{"title":"Bettler in der Kaiserstra\u00dfe - im Hintergrund wird ein Mann von der Polizei durchsucht - Abisag T\u00fcllmann","robots":{"index":"index","follow":"follow","max-snippet":"max-snippet:-1","max-image-preview":"max-image-preview:large","max-video-preview":"max-video-preview:-1"},"canonical":"https:\/\/bpk-archive.de\/tuellmann\/produkt\/bettler-in-der-kaiserstrasse-im-hintergrund-wird-ein-mann-von-der-polizei-durchsucht\/","og_locale":"de_DE","og_type":"article","og_title":"Bettler in der Kaiserstra\u00dfe - im Hintergrund wird ein Mann von der Polizei durchsucht - Abisag T\u00fcllmann","og_description":"Ein Graffiti an der Hauswand: &#8222;Wer hat Angst vor dem wei\u00dfen Mann?&#8220;","og_url":"https:\/\/bpk-archive.de\/tuellmann\/produkt\/bettler-in-der-kaiserstrasse-im-hintergrund-wird-ein-mann-von-der-polizei-durchsucht\/","og_site_name":"Abisag T\u00fcllmann","article_modified_time":"2020-08-11T14:44:06+00:00","og_image":[{"width":1200,"height":930,"url":"https:\/\/bpk-archive.de\/tuellmann\/wp-content\/uploads\/2019\/08\/bpk_70346469.jpg","type":"image\/jpeg"}],"twitter_card":"summary_large_image","schema":{"@context":"https:\/\/schema.org","@graph":[{"@type":"WebPage","@id":"https:\/\/bpk-archive.de\/tuellmann\/produkt\/bettler-in-der-kaiserstrasse-im-hintergrund-wird-ein-mann-von-der-polizei-durchsucht\/","url":"https:\/\/bpk-archive.de\/tuellmann\/produkt\/bettler-in-der-kaiserstrasse-im-hintergrund-wird-ein-mann-von-der-polizei-durchsucht\/","name":"Bettler in der Kaiserstra\u00dfe - im Hintergrund wird ein Mann von der Polizei durchsucht - Abisag T\u00fcllmann","isPartOf":{"@id":"https:\/\/bpk-archive.de\/tuellmann\/#website"},"primaryImageOfPage":{"@id":"https:\/\/bpk-archive.de\/tuellmann\/produkt\/bettler-in-der-kaiserstrasse-im-hintergrund-wird-ein-mann-von-der-polizei-durchsucht\/#primaryimage"},"image":{"@id":"https:\/\/bpk-archive.de\/tuellmann\/produkt\/bettler-in-der-kaiserstrasse-im-hintergrund-wird-ein-mann-von-der-polizei-durchsucht\/#primaryimage"},"thumbnailUrl":"https:\/\/bpk-archive.de\/tuellmann\/wp-content\/uploads\/2019\/08\/bpk_70346469.jpg","datePublished":"2019-09-05T14:14:19+00:00","dateModified":"2020-08-11T14:44:06+00:00","breadcrumb":{"@id":"https:\/\/bpk-archive.de\/tuellmann\/produkt\/bettler-in-der-kaiserstrasse-im-hintergrund-wird-ein-mann-von-der-polizei-durchsucht\/#breadcrumb"},"inLanguage":"de","potentialAction":[{"@type":"ReadAction","target":["https:\/\/bpk-archive.de\/tuellmann\/produkt\/bettler-in-der-kaiserstrasse-im-hintergrund-wird-ein-mann-von-der-polizei-durchsucht\/"]}]},{"@type":"ImageObject","inLanguage":"de","@id":"https:\/\/bpk-archive.de\/tuellmann\/produkt\/bettler-in-der-kaiserstrasse-im-hintergrund-wird-ein-mann-von-der-polizei-durchsucht\/#primaryimage","url":"https:\/\/bpk-archive.de\/tuellmann\/wp-content\/uploads\/2019\/08\/bpk_70346469.jpg","contentUrl":"https:\/\/bpk-archive.de\/tuellmann\/wp-content\/uploads\/2019\/08\/bpk_70346469.jpg","width":1200,"height":930,"caption":"Bettler in der Kaiserstra\u00dfe - im Hintergrund wird ein Mann von der Polizei durchsucht"},{"@type":"BreadcrumbList","@id":"https:\/\/bpk-archive.de\/tuellmann\/produkt\/bettler-in-der-kaiserstrasse-im-hintergrund-wird-ein-mann-von-der-polizei-durchsucht\/#breadcrumb","itemListElement":[{"@type":"ListItem","position":1,"name":"Startseite","item":"https:\/\/bpk-archive.de\/tuellmann\/"},{"@type":"ListItem","position":2,"name":"Shop","item":"https:\/\/bpk-archive.de\/tuellmann\/shop\/"},{"@type":"ListItem","position":3,"name":"Bettler in der Kaiserstra\u00dfe &#8211; im Hintergrund wird ein Mann von der Polizei durchsucht"}]},{"@type":"WebSite","@id":"https:\/\/bpk-archive.de\/tuellmann\/#website","url":"https:\/\/bpk-archive.de\/tuellmann\/","name":"Abisag T\u00fcllmann","description":"Eine weitere WordPress-Website","potentialAction":[{"@type":"SearchAction","target":{"@type":"EntryPoint","urlTemplate":"https:\/\/bpk-archive.de\/tuellmann\/?s={search_term_string}"},"query-input":{"@type":"PropertyValueSpecification","valueRequired":true,"valueName":"search_term_string"}}],"inLanguage":"de"}]}},"_links":{"self":[{"href":"https:\/\/bpk-archive.de\/tuellmann\/wp-json\/wp\/v2\/product\/70297071","targetHints":{"allow":["GET"]}}],"collection":[{"href":"https:\/\/bpk-archive.de\/tuellmann\/wp-json\/wp\/v2\/product"}],"about":[{"href":"https:\/\/bpk-archive.de\/tuellmann\/wp-json\/wp\/v2\/types\/product"}],"wp:featuredmedia":[{"embeddable":true,"href":"https:\/\/bpk-archive.de\/tuellmann\/wp-json\/wp\/v2\/media\/70293420"}],"wp:attachment":[{"href":"https:\/\/bpk-archive.de\/tuellmann\/wp-json\/wp\/v2\/media?parent=70297071"}],"wp:term":[{"taxonomy":"product_brand","embeddable":true,"href":"https:\/\/bpk-archive.de\/tuellmann\/wp-json\/wp\/v2\/product_brand?post=70297071"},{"taxonomy":"product_cat","embeddable":true,"href":"https:\/\/bpk-archive.de\/tuellmann\/wp-json\/wp\/v2\/product_cat?post=70297071"},{"taxonomy":"product_tag","embeddable":true,"href":"https:\/\/bpk-archive.de\/tuellmann\/wp-json\/wp\/v2\/product_tag?post=70297071"}],"curies":[{"name":"wp","href":"https:\/\/api.w.org\/{rel}","templated":true}]}}