{"id":70297028,"date":"2019-09-05T16:13:47","date_gmt":"2019-09-05T14:13:47","guid":{"rendered":"http:\/\/abisagtuellmann.bpk-news.de\/atbild\/oeffentlicher-fernsprecher-neben-getraenkeautomat-in-tokio\/"},"modified":"2020-08-11T17:02:59","modified_gmt":"2020-08-11T15:02:59","slug":"oeffentlicher-fernsprecher-neben-getraenkeautomat-in-tokio","status":"publish","type":"product","link":"https:\/\/bpk-archive.de\/tuellmann\/produkt\/oeffentlicher-fernsprecher-neben-getraenkeautomat-in-tokio\/","title":{"rendered":"\u00d6ffentlicher Fernsprecher neben Getr\u00e4nkeautomat in Tokio"},"content":{"rendered":"","protected":false},"excerpt":{"rendered":"","protected":false},"featured_media":70291830,"template":"","meta":[],"product_brand":[],"product_cat":[73381,73392],"product_tag":[13230,13232,13234,13231,13233,13235,65686,13777,56103,56104,56105,56106,56107,56108,56109,56110,56111,56112,56113,55971,13250,48604,48605,48606,49469,52917,60675,49470,49471,13253,13254,13255,13256,13257,13260,52626,52627,52628,52629,51105,51106,51107,13293,13786,13787,13294,13295,13296,13297,47267,48244,48245,56209,49481,13301,56118,56119,56122,56123,56124,56125,56126,56127,56128,56129,47499,47500,47501,47502,47503,56210,56211,49484,59490,59491,59492,59493,59494,59495,56131,56133,56135,56137,56139,56141,56142,56130,56132,56134,56136,56138,56140,56212,13328,13827,13828,13329,13330,13331,13332,47332,48266,48267,48269,13843,47333,47334,47335,47336,47337,13877,13879,48364,48365,66371,66372,13345,13865,13864,13866,13858,13859,13860,13861,13862,13863,13354,13869,13870,13871,13872,48165,48166,47564,13878,13880,51130,51131,51132,51134,51140,51141,51142,51143,56146,66373,56147],"class_list":{"0":"post-70297028","1":"product","2":"type-product","3":"status-publish","4":"has-post-thumbnail","6":"product_cat-japan","7":"product_cat-schilder-schriften","8":"product_tag-1970er-jahre","9":"product_tag-20-jahrhundert-nach-chr","10":"product_tag-20-jh-n-chr","11":"product_tag-20-jahrhundert","12":"product_tag-20-jh","13":"product_tag-70er","14":"product_tag-abt_027","15":"product_tag-abzug","16":"product_tag-asiat","17":"product_tag-asiate","18":"product_tag-asiaten","19":"product_tag-asiatisch","20":"product_tag-asiatische","21":"product_tag-asiatischem","22":"product_tag-asiatischen","23":"product_tag-asiatischer","24":"product_tag-asiatisches","25":"product_tag-asien","26":"product_tag-asiens","27":"product_tag-at_coca-cola","28":"product_tag-aussen","29":"product_tag-automat","30":"product_tag-automate","31":"product_tag-automaten","32":"product_tag-close-up","33":"product_tag-coca-cola","34":"product_tag-cola","35":"product_tag-detail","36":"product_tag-details","37":"product_tag-deutsch","38":"product_tag-deutsche","39":"product_tag-deutschen","40":"product_tag-deutscher","41":"product_tag-deutsches","42":"product_tag-draussen","43":"product_tag-erfrischungsgetraenk","44":"product_tag-erfrischungsgetraenke","45":"product_tag-erfrischungsgetraenkes","46":"product_tag-erfrischungsgetraenks","47":"product_tag-fernsprechapparat","48":"product_tag-fernsprechapparate","49":"product_tag-fernsprecher","50":"product_tag-foto","51":"product_tag-fotoabzug","52":"product_tag-fotoabzuege","53":"product_tag-fotografie","54":"product_tag-fotografien","55":"product_tag-fotografin","56":"product_tag-fotografinnen","57":"product_tag-fotoreportage","58":"product_tag-getraenk","59":"product_tag-getraenke","60":"product_tag-getraenkeautomat","61":"product_tag-grossaufnahme","62":"product_tag-im-freien","63":"product_tag-japan","64":"product_tag-japaner","65":"product_tag-japanern","66":"product_tag-japaners","67":"product_tag-japanisch","68":"product_tag-japanische","69":"product_tag-japanischen","70":"product_tag-japanischer","71":"product_tag-japanisches","72":"product_tag-japans","73":"product_tag-menschenleer","74":"product_tag-menschenleere","75":"product_tag-menschenleeren","76":"product_tag-menschenleerer","77":"product_tag-menschenleeres","78":"product_tag-muenzfernsprecher","79":"product_tag-muenztelefon","80":"product_tag-nahaufnahme","81":"product_tag-oeffentlich","82":"product_tag-oeffentliche","83":"product_tag-oeffentlichem","84":"product_tag-oeffentlichen","85":"product_tag-oeffentlicher","86":"product_tag-oeffentliches","87":"product_tag-ost-asiatisch","88":"product_tag-ost-asiatische","89":"product_tag-ost-asiatischen","90":"product_tag-ost-asiatischer","91":"product_tag-ost-asiatisches","92":"product_tag-ost-asien","93":"product_tag-ost-asiens","94":"product_tag-ostasiatisch","95":"product_tag-ostasiatische","96":"product_tag-ostasiatischen","97":"product_tag-ostasiatischer","98":"product_tag-ostasiatisches","99":"product_tag-ostasien","100":"product_tag-pepsi","101":"product_tag-photo","102":"product_tag-photoabzug","103":"product_tag-photoabzuege","104":"product_tag-photographie","105":"product_tag-photographien","106":"product_tag-photographin","107":"product_tag-photographinnen","108":"product_tag-photoreportage","109":"product_tag-plakat","110":"product_tag-plakate","111":"product_tag-poster","112":"product_tag-print","113":"product_tag-reportage","114":"product_tag-reportagefoto","115":"product_tag-reportagefotografie","116":"product_tag-reportagephoto","117":"product_tag-reportagephotographie","118":"product_tag-s-w-fotografie","119":"product_tag-s-w-photographie","120":"product_tag-schrift","121":"product_tag-schriften","122":"product_tag-schriftzeichen","123":"product_tag-schriftzeichens","124":"product_tag-schriftzug","125":"product_tag-schwarzweissphotographie","126":"product_tag-schwarz-weiss-fotografie","127":"product_tag-schwarz-weiss-photographie","128":"product_tag-schwarzweiss","129":"product_tag-schwarzweisse","130":"product_tag-schwarzweissen","131":"product_tag-schwarzweisser","132":"product_tag-schwarzweisses","133":"product_tag-schwarzweissfotografie","134":"product_tag-siebziger","135":"product_tag-silbergelatine","136":"product_tag-silbergelatineabzug","137":"product_tag-silbergelatineabzuege","138":"product_tag-silbergelatineprint","139":"product_tag-strasse","140":"product_tag-strassen","141":"product_tag-strassenrand","142":"product_tag-sw-fotografie","143":"product_tag-sw-photographie","144":"product_tag-telefon","145":"product_tag-telefonapparat","146":"product_tag-telefonapparate","147":"product_tag-telefonie","148":"product_tag-telephon","149":"product_tag-telephonapparat","150":"product_tag-telephonapparate","151":"product_tag-telephonie","152":"product_tag-tokio","153":"product_tag-tokioter","154":"product_tag-tokyo","155":"pa_datierung-mai-1973","156":"pa_fotograf-abisag-tuellmann","157":"pa_geografischer_bezug-aufnahmeort-tokio-japan","158":"pa_grunddaten_material_technik-foto-silbergelatine-auf-barytpapier","159":"pa_inventarnummer-tue-73-047-14a","160":"pa_jahr_von-54245","161":"pa_massangaben-bildformat-foto-302-x-396-cm","162":"pa_mediennummer-66368","163":"pa_objekt_typ-fotografie","165":"first","166":"instock","167":"product-type-simple"},"yoast_head":"<!-- This site is optimized with the Yoast SEO plugin v27.3 - https:\/\/yoast.com\/product\/yoast-seo-wordpress\/ -->\n<title>\u00d6ffentlicher Fernsprecher neben Getr\u00e4nkeautomat in Tokio - Abisag T\u00fcllmann<\/title>\n<meta name=\"robots\" content=\"index, follow, max-snippet:-1, max-image-preview:large, max-video-preview:-1\" \/>\n<link rel=\"canonical\" href=\"https:\/\/bpk-archive.de\/tuellmann\/produkt\/oeffentlicher-fernsprecher-neben-getraenkeautomat-in-tokio\/\" \/>\n<meta property=\"og:locale\" content=\"de_DE\" \/>\n<meta property=\"og:type\" content=\"article\" \/>\n<meta property=\"og:title\" content=\"\u00d6ffentlicher Fernsprecher neben Getr\u00e4nkeautomat in Tokio - Abisag T\u00fcllmann\" \/>\n<meta property=\"og:url\" content=\"https:\/\/bpk-archive.de\/tuellmann\/produkt\/oeffentlicher-fernsprecher-neben-getraenkeautomat-in-tokio\/\" \/>\n<meta property=\"og:site_name\" content=\"Abisag T\u00fcllmann\" \/>\n<meta property=\"article:modified_time\" content=\"2020-08-11T15:02:59+00:00\" \/>\n<meta property=\"og:image\" content=\"https:\/\/bpk-archive.de\/tuellmann\/wp-content\/uploads\/2019\/08\/bpk_70240599.jpg\" \/>\n\t<meta property=\"og:image:width\" content=\"1200\" \/>\n\t<meta property=\"og:image:height\" content=\"919\" \/>\n\t<meta property=\"og:image:type\" content=\"image\/jpeg\" \/>\n<meta name=\"twitter:card\" content=\"summary_large_image\" \/>\n<script type=\"application\/ld+json\" class=\"yoast-schema-graph\">{\"@context\":\"https:\\\/\\\/schema.org\",\"@graph\":[{\"@type\":\"WebPage\",\"@id\":\"https:\\\/\\\/bpk-archive.de\\\/tuellmann\\\/produkt\\\/oeffentlicher-fernsprecher-neben-getraenkeautomat-in-tokio\\\/\",\"url\":\"https:\\\/\\\/bpk-archive.de\\\/tuellmann\\\/produkt\\\/oeffentlicher-fernsprecher-neben-getraenkeautomat-in-tokio\\\/\",\"name\":\"\u00d6ffentlicher Fernsprecher neben Getr\u00e4nkeautomat in Tokio - Abisag T\u00fcllmann\",\"isPartOf\":{\"@id\":\"https:\\\/\\\/bpk-archive.de\\\/tuellmann\\\/#website\"},\"primaryImageOfPage\":{\"@id\":\"https:\\\/\\\/bpk-archive.de\\\/tuellmann\\\/produkt\\\/oeffentlicher-fernsprecher-neben-getraenkeautomat-in-tokio\\\/#primaryimage\"},\"image\":{\"@id\":\"https:\\\/\\\/bpk-archive.de\\\/tuellmann\\\/produkt\\\/oeffentlicher-fernsprecher-neben-getraenkeautomat-in-tokio\\\/#primaryimage\"},\"thumbnailUrl\":\"https:\\\/\\\/bpk-archive.de\\\/tuellmann\\\/wp-content\\\/uploads\\\/2019\\\/08\\\/bpk_70240599.jpg\",\"datePublished\":\"2019-09-05T14:13:47+00:00\",\"dateModified\":\"2020-08-11T15:02:59+00:00\",\"breadcrumb\":{\"@id\":\"https:\\\/\\\/bpk-archive.de\\\/tuellmann\\\/produkt\\\/oeffentlicher-fernsprecher-neben-getraenkeautomat-in-tokio\\\/#breadcrumb\"},\"inLanguage\":\"de\",\"potentialAction\":[{\"@type\":\"ReadAction\",\"target\":[\"https:\\\/\\\/bpk-archive.de\\\/tuellmann\\\/produkt\\\/oeffentlicher-fernsprecher-neben-getraenkeautomat-in-tokio\\\/\"]}]},{\"@type\":\"ImageObject\",\"inLanguage\":\"de\",\"@id\":\"https:\\\/\\\/bpk-archive.de\\\/tuellmann\\\/produkt\\\/oeffentlicher-fernsprecher-neben-getraenkeautomat-in-tokio\\\/#primaryimage\",\"url\":\"https:\\\/\\\/bpk-archive.de\\\/tuellmann\\\/wp-content\\\/uploads\\\/2019\\\/08\\\/bpk_70240599.jpg\",\"contentUrl\":\"https:\\\/\\\/bpk-archive.de\\\/tuellmann\\\/wp-content\\\/uploads\\\/2019\\\/08\\\/bpk_70240599.jpg\",\"width\":1200,\"height\":919,\"caption\":\"\u00d6ffentlicher Fernsprecher neben Getr\u00e4nkeautomat in Tokio\"},{\"@type\":\"BreadcrumbList\",\"@id\":\"https:\\\/\\\/bpk-archive.de\\\/tuellmann\\\/produkt\\\/oeffentlicher-fernsprecher-neben-getraenkeautomat-in-tokio\\\/#breadcrumb\",\"itemListElement\":[{\"@type\":\"ListItem\",\"position\":1,\"name\":\"Startseite\",\"item\":\"https:\\\/\\\/bpk-archive.de\\\/tuellmann\\\/\"},{\"@type\":\"ListItem\",\"position\":2,\"name\":\"Shop\",\"item\":\"https:\\\/\\\/bpk-archive.de\\\/tuellmann\\\/shop\\\/\"},{\"@type\":\"ListItem\",\"position\":3,\"name\":\"\u00d6ffentlicher Fernsprecher neben Getr\u00e4nkeautomat in Tokio\"}]},{\"@type\":\"WebSite\",\"@id\":\"https:\\\/\\\/bpk-archive.de\\\/tuellmann\\\/#website\",\"url\":\"https:\\\/\\\/bpk-archive.de\\\/tuellmann\\\/\",\"name\":\"Abisag T\u00fcllmann\",\"description\":\"Eine weitere WordPress-Website\",\"potentialAction\":[{\"@type\":\"SearchAction\",\"target\":{\"@type\":\"EntryPoint\",\"urlTemplate\":\"https:\\\/\\\/bpk-archive.de\\\/tuellmann\\\/?s={search_term_string}\"},\"query-input\":{\"@type\":\"PropertyValueSpecification\",\"valueRequired\":true,\"valueName\":\"search_term_string\"}}],\"inLanguage\":\"de\"}]}<\/script>\n<!-- \/ Yoast SEO plugin. -->","yoast_head_json":{"title":"\u00d6ffentlicher Fernsprecher neben Getr\u00e4nkeautomat in Tokio - Abisag T\u00fcllmann","robots":{"index":"index","follow":"follow","max-snippet":"max-snippet:-1","max-image-preview":"max-image-preview:large","max-video-preview":"max-video-preview:-1"},"canonical":"https:\/\/bpk-archive.de\/tuellmann\/produkt\/oeffentlicher-fernsprecher-neben-getraenkeautomat-in-tokio\/","og_locale":"de_DE","og_type":"article","og_title":"\u00d6ffentlicher Fernsprecher neben Getr\u00e4nkeautomat in Tokio - Abisag T\u00fcllmann","og_url":"https:\/\/bpk-archive.de\/tuellmann\/produkt\/oeffentlicher-fernsprecher-neben-getraenkeautomat-in-tokio\/","og_site_name":"Abisag T\u00fcllmann","article_modified_time":"2020-08-11T15:02:59+00:00","og_image":[{"width":1200,"height":919,"url":"https:\/\/bpk-archive.de\/tuellmann\/wp-content\/uploads\/2019\/08\/bpk_70240599.jpg","type":"image\/jpeg"}],"twitter_card":"summary_large_image","schema":{"@context":"https:\/\/schema.org","@graph":[{"@type":"WebPage","@id":"https:\/\/bpk-archive.de\/tuellmann\/produkt\/oeffentlicher-fernsprecher-neben-getraenkeautomat-in-tokio\/","url":"https:\/\/bpk-archive.de\/tuellmann\/produkt\/oeffentlicher-fernsprecher-neben-getraenkeautomat-in-tokio\/","name":"\u00d6ffentlicher Fernsprecher neben Getr\u00e4nkeautomat in Tokio - Abisag T\u00fcllmann","isPartOf":{"@id":"https:\/\/bpk-archive.de\/tuellmann\/#website"},"primaryImageOfPage":{"@id":"https:\/\/bpk-archive.de\/tuellmann\/produkt\/oeffentlicher-fernsprecher-neben-getraenkeautomat-in-tokio\/#primaryimage"},"image":{"@id":"https:\/\/bpk-archive.de\/tuellmann\/produkt\/oeffentlicher-fernsprecher-neben-getraenkeautomat-in-tokio\/#primaryimage"},"thumbnailUrl":"https:\/\/bpk-archive.de\/tuellmann\/wp-content\/uploads\/2019\/08\/bpk_70240599.jpg","datePublished":"2019-09-05T14:13:47+00:00","dateModified":"2020-08-11T15:02:59+00:00","breadcrumb":{"@id":"https:\/\/bpk-archive.de\/tuellmann\/produkt\/oeffentlicher-fernsprecher-neben-getraenkeautomat-in-tokio\/#breadcrumb"},"inLanguage":"de","potentialAction":[{"@type":"ReadAction","target":["https:\/\/bpk-archive.de\/tuellmann\/produkt\/oeffentlicher-fernsprecher-neben-getraenkeautomat-in-tokio\/"]}]},{"@type":"ImageObject","inLanguage":"de","@id":"https:\/\/bpk-archive.de\/tuellmann\/produkt\/oeffentlicher-fernsprecher-neben-getraenkeautomat-in-tokio\/#primaryimage","url":"https:\/\/bpk-archive.de\/tuellmann\/wp-content\/uploads\/2019\/08\/bpk_70240599.jpg","contentUrl":"https:\/\/bpk-archive.de\/tuellmann\/wp-content\/uploads\/2019\/08\/bpk_70240599.jpg","width":1200,"height":919,"caption":"\u00d6ffentlicher Fernsprecher neben Getr\u00e4nkeautomat in Tokio"},{"@type":"BreadcrumbList","@id":"https:\/\/bpk-archive.de\/tuellmann\/produkt\/oeffentlicher-fernsprecher-neben-getraenkeautomat-in-tokio\/#breadcrumb","itemListElement":[{"@type":"ListItem","position":1,"name":"Startseite","item":"https:\/\/bpk-archive.de\/tuellmann\/"},{"@type":"ListItem","position":2,"name":"Shop","item":"https:\/\/bpk-archive.de\/tuellmann\/shop\/"},{"@type":"ListItem","position":3,"name":"\u00d6ffentlicher Fernsprecher neben Getr\u00e4nkeautomat in Tokio"}]},{"@type":"WebSite","@id":"https:\/\/bpk-archive.de\/tuellmann\/#website","url":"https:\/\/bpk-archive.de\/tuellmann\/","name":"Abisag T\u00fcllmann","description":"Eine weitere WordPress-Website","potentialAction":[{"@type":"SearchAction","target":{"@type":"EntryPoint","urlTemplate":"https:\/\/bpk-archive.de\/tuellmann\/?s={search_term_string}"},"query-input":{"@type":"PropertyValueSpecification","valueRequired":true,"valueName":"search_term_string"}}],"inLanguage":"de"}]}},"_links":{"self":[{"href":"https:\/\/bpk-archive.de\/tuellmann\/wp-json\/wp\/v2\/product\/70297028","targetHints":{"allow":["GET"]}}],"collection":[{"href":"https:\/\/bpk-archive.de\/tuellmann\/wp-json\/wp\/v2\/product"}],"about":[{"href":"https:\/\/bpk-archive.de\/tuellmann\/wp-json\/wp\/v2\/types\/product"}],"wp:featuredmedia":[{"embeddable":true,"href":"https:\/\/bpk-archive.de\/tuellmann\/wp-json\/wp\/v2\/media\/70291830"}],"wp:attachment":[{"href":"https:\/\/bpk-archive.de\/tuellmann\/wp-json\/wp\/v2\/media?parent=70297028"}],"wp:term":[{"taxonomy":"product_brand","embeddable":true,"href":"https:\/\/bpk-archive.de\/tuellmann\/wp-json\/wp\/v2\/product_brand?post=70297028"},{"taxonomy":"product_cat","embeddable":true,"href":"https:\/\/bpk-archive.de\/tuellmann\/wp-json\/wp\/v2\/product_cat?post=70297028"},{"taxonomy":"product_tag","embeddable":true,"href":"https:\/\/bpk-archive.de\/tuellmann\/wp-json\/wp\/v2\/product_tag?post=70297028"}],"curies":[{"name":"wp","href":"https:\/\/api.w.org\/{rel}","templated":true}]}}