{"id":70297021,"date":"2019-09-05T16:13:47","date_gmt":"2019-09-05T14:13:47","guid":{"rendered":"http:\/\/abisagtuellmann.bpk-news.de\/atbild\/die-mauer-muss-fallen-graffiti-an-der-berliner-mauer-vor-dem-hauptportal-der-versoehnungskirche-in-der-bernauer-strasse\/"},"modified":"2019-09-05T16:13:50","modified_gmt":"2019-09-05T14:13:50","slug":"die-mauer-muss-fallen-graffiti-an-der-berliner-mauer-vor-dem-hauptportal-der-versoehnungskirche-in-der-bernauer-strasse","status":"publish","type":"product","link":"https:\/\/bpk-archive.de\/tuellmann\/produkt\/die-mauer-muss-fallen-graffiti-an-der-berliner-mauer-vor-dem-hauptportal-der-versoehnungskirche-in-der-bernauer-strasse\/","title":{"rendered":"&#8222;Die Mauer muss fallen&#8220; &#8211; Graffiti an der Berliner Mauer vor dem Hauptportal der Vers\u00f6hnungskirche in der Bernauer Stra\u00dfe"},"content":{"rendered":"<p>Das Hauptportal der Kirche wurde im Zuge des Mauerbaus drei Meter hoch zugemauert. Ab dem 23. Oktober 1961 durfte die Kirche nicht mehr besucht werden, da sie sich im Todesstreifen befand. Am 22. Januar 1985 wurde sie auf Veranlassung der DDR-Regierung gesprengt  R\u00fcckseitenbeschriftung von Hand: &#8222;&#8220;<\/p>\n","protected":false},"excerpt":{"rendered":"<p>Das Hauptportal der Kirche wurde im Zuge des Mauerbaus drei Meter hoch zugemauert. Ab dem 23. Oktober 1961 durfte die Kirche nicht mehr besucht werden, da sie sich im Todesstreifen befand. Am 22. Januar 1985 wurde sie auf Veranlassung der DDR-Regierung gesprengt R\u00fcckseitenbeschriftung von Hand: &#8222;&#8220;<\/p>\n","protected":false},"featured_media":70291923,"template":"","meta":[],"product_brand":[],"product_cat":[],"product_tag":[13230,13232,13234,13231,13233,13235,65686,13777,51714,48438,13250,48185,48186,53253,53254,60647,53255,53256,66309,13469,13470,48645,48646,13253,13254,60649,13255,60648,13256,13257,13471,13472,13260,49500,49501,13293,13786,13787,13294,13295,13296,13297,47556,47378,47379,47380,47381,47382,48647,48648,48649,48650,49216,49217,13301,51234,51580,51581,51582,51583,51584,51585,64126,64127,64128,64129,13818,13819,13826,50316,50317,56548,49229,49230,47561,47562,13328,13827,13828,13329,13330,13331,13332,52789,52790,52791,66310,66311,13843,13877,13879,48364,48365,13865,13864,13866,13858,13859,13860,13861,13862,13863,13354,13869,13870,13871,13872,49236,60655,51772,48679,48680,48681,51243,51244,51245,47564,13878,13880,51266,51267,60656,66312,66313,48682,48683,66314,48228,53279,53281,53283,53285,53278,53280,53282,53284],"class_list":{"0":"post-70297021","1":"product","2":"type-product","3":"status-publish","4":"has-post-thumbnail","6":"product_tag-1970er-jahre","7":"product_tag-20-jahrhundert-nach-chr","8":"product_tag-20-jh-n-chr","9":"product_tag-20-jahrhundert","10":"product_tag-20-jh","11":"product_tag-70er","12":"product_tag-abt_027","13":"product_tag-abzug","14":"product_tag-at_pressefotografie-brd","15":"product_tag-aufschrift","16":"product_tag-aussen","17":"product_tag-aussenansicht","18":"product_tag-aussenansichten","19":"product_tag-berlin","20":"product_tag-berliner","21":"product_tag-berliner-mauer","22":"product_tag-berliners","23":"product_tag-berlins","24":"product_tag-bernauer-strasse","25":"product_tag-brd","26":"product_tag-bundesrepublik-deutschland","27":"product_tag-buergersteig","28":"product_tag-buergersteige","29":"product_tag-deutsch","30":"product_tag-deutsche","31":"product_tag-deutsche-teilung","32":"product_tag-deutschen","33":"product_tag-deutschen-teilung","34":"product_tag-deutscher","35":"product_tag-deutsches","36":"product_tag-deutschland","37":"product_tag-deutschlands","38":"product_tag-draussen","39":"product_tag-forderung","40":"product_tag-forderungen","41":"product_tag-foto","42":"product_tag-fotoabzug","43":"product_tag-fotoabzuege","44":"product_tag-fotografie","45":"product_tag-fotografien","46":"product_tag-fotografin","47":"product_tag-fotografinnen","48":"product_tag-fussgaenger","49":"product_tag-gehen","50":"product_tag-gehend","51":"product_tag-gehende","52":"product_tag-gehender","53":"product_tag-gehendes","54":"product_tag-gehsteig","55":"product_tag-gehsteige","56":"product_tag-gehweg","57":"product_tag-gehwege","58":"product_tag-graffiti","59":"product_tag-graffito","60":"product_tag-im-freien","61":"product_tag-innenstadt","62":"product_tag-kirche","63":"product_tag-kirchen","64":"product_tag-kirchenbau","65":"product_tag-kirchenbauten","66":"product_tag-kirchengebaeude","67":"product_tag-kirchengebaeudes","68":"product_tag-kirchenportal","69":"product_tag-kirchenportale","70":"product_tag-kirchenportales","71":"product_tag-kirchenportals","72":"product_tag-mann","73":"product_tag-maenner","74":"product_tag-mannes","75":"product_tag-mauer","76":"product_tag-mauern","77":"product_tag-mitte","78":"product_tag-parole","79":"product_tag-parolen","80":"product_tag-passant","81":"product_tag-passanten","82":"product_tag-photo","83":"product_tag-photoabzug","84":"product_tag-photoabzuege","85":"product_tag-photographie","86":"product_tag-photographien","87":"product_tag-photographin","88":"product_tag-photographinnen","89":"product_tag-portal","90":"product_tag-portale","91":"product_tag-portalen","92":"product_tag-posaune","93":"product_tag-posaunen","94":"product_tag-print","95":"product_tag-s-w-fotografie","96":"product_tag-s-w-photographie","97":"product_tag-schrift","98":"product_tag-schriften","99":"product_tag-schwarzweissphotographie","100":"product_tag-schwarz-weiss-fotografie","101":"product_tag-schwarz-weiss-photographie","102":"product_tag-schwarzweiss","103":"product_tag-schwarzweisse","104":"product_tag-schwarzweissen","105":"product_tag-schwarzweisser","106":"product_tag-schwarzweisses","107":"product_tag-schwarzweissfotografie","108":"product_tag-siebziger","109":"product_tag-silbergelatine","110":"product_tag-silbergelatineabzug","111":"product_tag-silbergelatineabzuege","112":"product_tag-silbergelatineprint","113":"product_tag-slogan","114":"product_tag-spaltung-deutschlands","115":"product_tag-stadtmitte","116":"product_tag-stadtteil","117":"product_tag-stadtteils","118":"product_tag-stadtviertel","119":"product_tag-stadtzentren","120":"product_tag-stadtzentrum","121":"product_tag-stadtzentrums","122":"product_tag-strassenrand","123":"product_tag-sw-fotografie","124":"product_tag-sw-photographie","125":"product_tag-symbol","126":"product_tag-symbole","127":"product_tag-teilung-deutschlands","128":"product_tag-todesstreifen","129":"product_tag-todesstreifens","130":"product_tag-trottoir","131":"product_tag-trottoirs","132":"product_tag-versoehnungskirche","133":"product_tag-von-aussen","134":"product_tag-west-berlin","135":"product_tag-west-berliner","136":"product_tag-west-berliners","137":"product_tag-west-berlins","138":"product_tag-westberlin","139":"product_tag-westberliner","140":"product_tag-westberliners","141":"product_tag-westberlins","142":"pa_datierung-januar-1977","143":"pa_fotograf-abisag-tuellmann","144":"pa_geografischer_bezug-aufnahmeort-berlin-mitte-brd-deutschland","145":"pa_grunddaten_material_technik-foto-silbergelatine-auf-barytpapier","146":"pa_inventarnummer-tue-77-021-31a","147":"pa_jahr_von-49467","148":"pa_massangaben-bildformat-foto-275-x-398-cm","149":"pa_mediennummer-66305","150":"pa_objekt_typ-fotografie","152":"first","153":"instock","154":"product-type-simple"},"yoast_head":"<!-- This site is optimized with the Yoast SEO plugin v27.3 - https:\/\/yoast.com\/product\/yoast-seo-wordpress\/ -->\n<title>&quot;Die Mauer muss fallen&quot; - Graffiti an der Berliner Mauer vor dem Hauptportal der Vers\u00f6hnungskirche in der Bernauer Stra\u00dfe - Abisag T\u00fcllmann<\/title>\n<meta name=\"robots\" content=\"index, follow, max-snippet:-1, max-image-preview:large, max-video-preview:-1\" \/>\n<link rel=\"canonical\" href=\"https:\/\/bpk-archive.de\/tuellmann\/produkt\/die-mauer-muss-fallen-graffiti-an-der-berliner-mauer-vor-dem-hauptportal-der-versoehnungskirche-in-der-bernauer-strasse\/\" \/>\n<meta property=\"og:locale\" content=\"de_DE\" \/>\n<meta property=\"og:type\" content=\"article\" \/>\n<meta property=\"og:title\" content=\"&quot;Die Mauer muss fallen&quot; - Graffiti an der Berliner Mauer vor dem Hauptportal der Vers\u00f6hnungskirche in der Bernauer Stra\u00dfe - Abisag T\u00fcllmann\" \/>\n<meta property=\"og:description\" content=\"Das Hauptportal der Kirche wurde im Zuge des Mauerbaus drei Meter hoch zugemauert. Ab dem 23. Oktober 1961 durfte die Kirche nicht mehr besucht werden, da sie sich im Todesstreifen befand. Am 22. Januar 1985 wurde sie auf Veranlassung der DDR-Regierung gesprengt R\u00fcckseitenbeschriftung von Hand: &#8222;&#8220;\" \/>\n<meta property=\"og:url\" content=\"https:\/\/bpk-archive.de\/tuellmann\/produkt\/die-mauer-muss-fallen-graffiti-an-der-berliner-mauer-vor-dem-hauptportal-der-versoehnungskirche-in-der-bernauer-strasse\/\" \/>\n<meta property=\"og:site_name\" content=\"Abisag T\u00fcllmann\" \/>\n<meta property=\"article:modified_time\" content=\"2019-09-05T14:13:50+00:00\" \/>\n<meta property=\"og:image\" content=\"https:\/\/bpk-archive.de\/tuellmann\/wp-content\/uploads\/2019\/08\/bpk_70240578.jpg\" \/>\n\t<meta property=\"og:image:width\" content=\"1200\" \/>\n\t<meta property=\"og:image:height\" content=\"836\" \/>\n\t<meta property=\"og:image:type\" content=\"image\/jpeg\" \/>\n<meta name=\"twitter:card\" content=\"summary_large_image\" \/>\n<script type=\"application\/ld+json\" class=\"yoast-schema-graph\">{\"@context\":\"https:\\\/\\\/schema.org\",\"@graph\":[{\"@type\":\"WebPage\",\"@id\":\"https:\\\/\\\/bpk-archive.de\\\/tuellmann\\\/produkt\\\/die-mauer-muss-fallen-graffiti-an-der-berliner-mauer-vor-dem-hauptportal-der-versoehnungskirche-in-der-bernauer-strasse\\\/\",\"url\":\"https:\\\/\\\/bpk-archive.de\\\/tuellmann\\\/produkt\\\/die-mauer-muss-fallen-graffiti-an-der-berliner-mauer-vor-dem-hauptportal-der-versoehnungskirche-in-der-bernauer-strasse\\\/\",\"name\":\"\\\"Die Mauer muss fallen\\\" - Graffiti an der Berliner Mauer vor dem Hauptportal der Vers\u00f6hnungskirche in der Bernauer Stra\u00dfe - Abisag T\u00fcllmann\",\"isPartOf\":{\"@id\":\"https:\\\/\\\/bpk-archive.de\\\/tuellmann\\\/#website\"},\"primaryImageOfPage\":{\"@id\":\"https:\\\/\\\/bpk-archive.de\\\/tuellmann\\\/produkt\\\/die-mauer-muss-fallen-graffiti-an-der-berliner-mauer-vor-dem-hauptportal-der-versoehnungskirche-in-der-bernauer-strasse\\\/#primaryimage\"},\"image\":{\"@id\":\"https:\\\/\\\/bpk-archive.de\\\/tuellmann\\\/produkt\\\/die-mauer-muss-fallen-graffiti-an-der-berliner-mauer-vor-dem-hauptportal-der-versoehnungskirche-in-der-bernauer-strasse\\\/#primaryimage\"},\"thumbnailUrl\":\"https:\\\/\\\/bpk-archive.de\\\/tuellmann\\\/wp-content\\\/uploads\\\/2019\\\/08\\\/bpk_70240578.jpg\",\"datePublished\":\"2019-09-05T14:13:47+00:00\",\"dateModified\":\"2019-09-05T14:13:50+00:00\",\"breadcrumb\":{\"@id\":\"https:\\\/\\\/bpk-archive.de\\\/tuellmann\\\/produkt\\\/die-mauer-muss-fallen-graffiti-an-der-berliner-mauer-vor-dem-hauptportal-der-versoehnungskirche-in-der-bernauer-strasse\\\/#breadcrumb\"},\"inLanguage\":\"de\",\"potentialAction\":[{\"@type\":\"ReadAction\",\"target\":[\"https:\\\/\\\/bpk-archive.de\\\/tuellmann\\\/produkt\\\/die-mauer-muss-fallen-graffiti-an-der-berliner-mauer-vor-dem-hauptportal-der-versoehnungskirche-in-der-bernauer-strasse\\\/\"]}]},{\"@type\":\"ImageObject\",\"inLanguage\":\"de\",\"@id\":\"https:\\\/\\\/bpk-archive.de\\\/tuellmann\\\/produkt\\\/die-mauer-muss-fallen-graffiti-an-der-berliner-mauer-vor-dem-hauptportal-der-versoehnungskirche-in-der-bernauer-strasse\\\/#primaryimage\",\"url\":\"https:\\\/\\\/bpk-archive.de\\\/tuellmann\\\/wp-content\\\/uploads\\\/2019\\\/08\\\/bpk_70240578.jpg\",\"contentUrl\":\"https:\\\/\\\/bpk-archive.de\\\/tuellmann\\\/wp-content\\\/uploads\\\/2019\\\/08\\\/bpk_70240578.jpg\",\"width\":1200,\"height\":836,\"caption\":\"\\\"Die Mauer muss fallen\\\" - Graffiti an der Berliner Mauer vor dem Hauptportal der Vers\u00f6hnungskirche in der Bernauer Stra\u00dfe\"},{\"@type\":\"BreadcrumbList\",\"@id\":\"https:\\\/\\\/bpk-archive.de\\\/tuellmann\\\/produkt\\\/die-mauer-muss-fallen-graffiti-an-der-berliner-mauer-vor-dem-hauptportal-der-versoehnungskirche-in-der-bernauer-strasse\\\/#breadcrumb\",\"itemListElement\":[{\"@type\":\"ListItem\",\"position\":1,\"name\":\"Startseite\",\"item\":\"https:\\\/\\\/bpk-archive.de\\\/tuellmann\\\/\"},{\"@type\":\"ListItem\",\"position\":2,\"name\":\"Shop\",\"item\":\"https:\\\/\\\/bpk-archive.de\\\/tuellmann\\\/shop\\\/\"},{\"@type\":\"ListItem\",\"position\":3,\"name\":\"&#8220;Die Mauer muss fallen&#8221; &#8211; Graffiti an der Berliner Mauer vor dem Hauptportal der Vers\u00f6hnungskirche in der Bernauer Stra\u00dfe\"}]},{\"@type\":\"WebSite\",\"@id\":\"https:\\\/\\\/bpk-archive.de\\\/tuellmann\\\/#website\",\"url\":\"https:\\\/\\\/bpk-archive.de\\\/tuellmann\\\/\",\"name\":\"Abisag T\u00fcllmann\",\"description\":\"Eine weitere WordPress-Website\",\"potentialAction\":[{\"@type\":\"SearchAction\",\"target\":{\"@type\":\"EntryPoint\",\"urlTemplate\":\"https:\\\/\\\/bpk-archive.de\\\/tuellmann\\\/?s={search_term_string}\"},\"query-input\":{\"@type\":\"PropertyValueSpecification\",\"valueRequired\":true,\"valueName\":\"search_term_string\"}}],\"inLanguage\":\"de\"}]}<\/script>\n<!-- \/ Yoast SEO plugin. -->","yoast_head_json":{"title":"\"Die Mauer muss fallen\" - Graffiti an der Berliner Mauer vor dem Hauptportal der Vers\u00f6hnungskirche in der Bernauer Stra\u00dfe - Abisag T\u00fcllmann","robots":{"index":"index","follow":"follow","max-snippet":"max-snippet:-1","max-image-preview":"max-image-preview:large","max-video-preview":"max-video-preview:-1"},"canonical":"https:\/\/bpk-archive.de\/tuellmann\/produkt\/die-mauer-muss-fallen-graffiti-an-der-berliner-mauer-vor-dem-hauptportal-der-versoehnungskirche-in-der-bernauer-strasse\/","og_locale":"de_DE","og_type":"article","og_title":"\"Die Mauer muss fallen\" - Graffiti an der Berliner Mauer vor dem Hauptportal der Vers\u00f6hnungskirche in der Bernauer Stra\u00dfe - Abisag T\u00fcllmann","og_description":"Das Hauptportal der Kirche wurde im Zuge des Mauerbaus drei Meter hoch zugemauert. Ab dem 23. Oktober 1961 durfte die Kirche nicht mehr besucht werden, da sie sich im Todesstreifen befand. Am 22. Januar 1985 wurde sie auf Veranlassung der DDR-Regierung gesprengt R\u00fcckseitenbeschriftung von Hand: &#8222;&#8220;","og_url":"https:\/\/bpk-archive.de\/tuellmann\/produkt\/die-mauer-muss-fallen-graffiti-an-der-berliner-mauer-vor-dem-hauptportal-der-versoehnungskirche-in-der-bernauer-strasse\/","og_site_name":"Abisag T\u00fcllmann","article_modified_time":"2019-09-05T14:13:50+00:00","og_image":[{"width":1200,"height":836,"url":"https:\/\/bpk-archive.de\/tuellmann\/wp-content\/uploads\/2019\/08\/bpk_70240578.jpg","type":"image\/jpeg"}],"twitter_card":"summary_large_image","schema":{"@context":"https:\/\/schema.org","@graph":[{"@type":"WebPage","@id":"https:\/\/bpk-archive.de\/tuellmann\/produkt\/die-mauer-muss-fallen-graffiti-an-der-berliner-mauer-vor-dem-hauptportal-der-versoehnungskirche-in-der-bernauer-strasse\/","url":"https:\/\/bpk-archive.de\/tuellmann\/produkt\/die-mauer-muss-fallen-graffiti-an-der-berliner-mauer-vor-dem-hauptportal-der-versoehnungskirche-in-der-bernauer-strasse\/","name":"\"Die Mauer muss fallen\" - Graffiti an der Berliner Mauer vor dem Hauptportal der Vers\u00f6hnungskirche in der Bernauer Stra\u00dfe - Abisag T\u00fcllmann","isPartOf":{"@id":"https:\/\/bpk-archive.de\/tuellmann\/#website"},"primaryImageOfPage":{"@id":"https:\/\/bpk-archive.de\/tuellmann\/produkt\/die-mauer-muss-fallen-graffiti-an-der-berliner-mauer-vor-dem-hauptportal-der-versoehnungskirche-in-der-bernauer-strasse\/#primaryimage"},"image":{"@id":"https:\/\/bpk-archive.de\/tuellmann\/produkt\/die-mauer-muss-fallen-graffiti-an-der-berliner-mauer-vor-dem-hauptportal-der-versoehnungskirche-in-der-bernauer-strasse\/#primaryimage"},"thumbnailUrl":"https:\/\/bpk-archive.de\/tuellmann\/wp-content\/uploads\/2019\/08\/bpk_70240578.jpg","datePublished":"2019-09-05T14:13:47+00:00","dateModified":"2019-09-05T14:13:50+00:00","breadcrumb":{"@id":"https:\/\/bpk-archive.de\/tuellmann\/produkt\/die-mauer-muss-fallen-graffiti-an-der-berliner-mauer-vor-dem-hauptportal-der-versoehnungskirche-in-der-bernauer-strasse\/#breadcrumb"},"inLanguage":"de","potentialAction":[{"@type":"ReadAction","target":["https:\/\/bpk-archive.de\/tuellmann\/produkt\/die-mauer-muss-fallen-graffiti-an-der-berliner-mauer-vor-dem-hauptportal-der-versoehnungskirche-in-der-bernauer-strasse\/"]}]},{"@type":"ImageObject","inLanguage":"de","@id":"https:\/\/bpk-archive.de\/tuellmann\/produkt\/die-mauer-muss-fallen-graffiti-an-der-berliner-mauer-vor-dem-hauptportal-der-versoehnungskirche-in-der-bernauer-strasse\/#primaryimage","url":"https:\/\/bpk-archive.de\/tuellmann\/wp-content\/uploads\/2019\/08\/bpk_70240578.jpg","contentUrl":"https:\/\/bpk-archive.de\/tuellmann\/wp-content\/uploads\/2019\/08\/bpk_70240578.jpg","width":1200,"height":836,"caption":"\"Die Mauer muss fallen\" - Graffiti an der Berliner Mauer vor dem Hauptportal der Vers\u00f6hnungskirche in der Bernauer Stra\u00dfe"},{"@type":"BreadcrumbList","@id":"https:\/\/bpk-archive.de\/tuellmann\/produkt\/die-mauer-muss-fallen-graffiti-an-der-berliner-mauer-vor-dem-hauptportal-der-versoehnungskirche-in-der-bernauer-strasse\/#breadcrumb","itemListElement":[{"@type":"ListItem","position":1,"name":"Startseite","item":"https:\/\/bpk-archive.de\/tuellmann\/"},{"@type":"ListItem","position":2,"name":"Shop","item":"https:\/\/bpk-archive.de\/tuellmann\/shop\/"},{"@type":"ListItem","position":3,"name":"&#8220;Die Mauer muss fallen&#8221; &#8211; Graffiti an der Berliner Mauer vor dem Hauptportal der Vers\u00f6hnungskirche in der Bernauer Stra\u00dfe"}]},{"@type":"WebSite","@id":"https:\/\/bpk-archive.de\/tuellmann\/#website","url":"https:\/\/bpk-archive.de\/tuellmann\/","name":"Abisag T\u00fcllmann","description":"Eine weitere WordPress-Website","potentialAction":[{"@type":"SearchAction","target":{"@type":"EntryPoint","urlTemplate":"https:\/\/bpk-archive.de\/tuellmann\/?s={search_term_string}"},"query-input":{"@type":"PropertyValueSpecification","valueRequired":true,"valueName":"search_term_string"}}],"inLanguage":"de"}]}},"_links":{"self":[{"href":"https:\/\/bpk-archive.de\/tuellmann\/wp-json\/wp\/v2\/product\/70297021","targetHints":{"allow":["GET"]}}],"collection":[{"href":"https:\/\/bpk-archive.de\/tuellmann\/wp-json\/wp\/v2\/product"}],"about":[{"href":"https:\/\/bpk-archive.de\/tuellmann\/wp-json\/wp\/v2\/types\/product"}],"wp:featuredmedia":[{"embeddable":true,"href":"https:\/\/bpk-archive.de\/tuellmann\/wp-json\/wp\/v2\/media\/70291923"}],"wp:attachment":[{"href":"https:\/\/bpk-archive.de\/tuellmann\/wp-json\/wp\/v2\/media?parent=70297021"}],"wp:term":[{"taxonomy":"product_brand","embeddable":true,"href":"https:\/\/bpk-archive.de\/tuellmann\/wp-json\/wp\/v2\/product_brand?post=70297021"},{"taxonomy":"product_cat","embeddable":true,"href":"https:\/\/bpk-archive.de\/tuellmann\/wp-json\/wp\/v2\/product_cat?post=70297021"},{"taxonomy":"product_tag","embeddable":true,"href":"https:\/\/bpk-archive.de\/tuellmann\/wp-json\/wp\/v2\/product_tag?post=70297021"}],"curies":[{"name":"wp","href":"https:\/\/api.w.org\/{rel}","templated":true}]}}