{"id":70297010,"date":"2019-09-05T16:13:32","date_gmt":"2019-09-05T14:13:32","guid":{"rendered":"http:\/\/abisagtuellmann.bpk-news.de\/atbild\/lehrerzimmer-einer-grundschule-in-seoul\/"},"modified":"2019-09-05T16:13:41","modified_gmt":"2019-09-05T14:13:41","slug":"lehrerzimmer-einer-grundschule-in-seoul","status":"publish","type":"product","link":"https:\/\/bpk-archive.de\/tuellmann\/produkt\/lehrerzimmer-einer-grundschule-in-seoul\/","title":{"rendered":"Lehrerzimmer einer Grundschule in Seoul"},"content":{"rendered":"<p>An der Wand das Portr\u00e4t des Pr\u00e4sidenten der Republik Korea Park Chung-hee<\/p>\n","protected":false},"excerpt":{"rendered":"<p>An der Wand das Portr\u00e4t des Pr\u00e4sidenten der Republik Korea Park Chung-hee<\/p>\n","protected":false},"featured_media":70292275,"template":"","meta":[],"product_brand":[],"product_cat":[],"product_tag":[13230,13232,13234,13231,13233,13235,14262,13777,47541,47542,47543,47544,47545,47546,62094,62095,47875,56103,56104,56105,56106,56107,56108,56109,56110,56111,56112,56113,65437,61752,47988,13784,13785,50141,13253,13254,13255,13256,13257,13473,51101,51102,51108,51109,13293,13786,13787,13294,13295,13296,13297,47887,47888,62575,62576,47497,47498,48950,48951,48952,48953,48954,13498,56177,56178,56181,56182,56183,56184,56185,52822,52823,62286,13818,13819,13820,13821,13822,13823,13824,13825,13826,51112,51113,51114,51115,56131,56133,56135,56137,56139,56141,56142,56130,56132,56134,56136,56138,56140,62287,62288,54028,13328,13827,13828,13329,13330,13331,13332,48266,48267,47901,47902,13829,13830,13831,13832,13833,13834,13835,13836,13837,13838,13839,13840,13841,13842,48269,53105,53106,13843,13877,13879,48499,48500,49423,49424,49425,49426,48364,48365,50163,50164,13865,13864,13866,13858,13859,13860,13861,13862,13863,13354,13869,13870,13871,13872,14243,14244,14245,14246,14247,14248,14249,53107,53108,53109,53110,53111,47406,47407,59078,56186,56187,56190,56191,56192,56193,56194,56195,65451,65452,65453,65454,65455,56196,13878,13880,52832,52834,52835,13525],"class_list":{"0":"post-70297010","1":"product","2":"type-product","3":"status-publish","4":"has-post-thumbnail","6":"product_tag-1970er-jahre","7":"product_tag-20-jahrhundert-nach-chr","8":"product_tag-20-jh-n-chr","9":"product_tag-20-jahrhundert","10":"product_tag-20-jh","11":"product_tag-70er","12":"product_tag-abt_008","13":"product_tag-abzug","14":"product_tag-alltag","15":"product_tag-alltaeglich","16":"product_tag-alltaegliche","17":"product_tag-alltaeglicher","18":"product_tag-alltaegliches","19":"product_tag-alltagsleben","20":"product_tag-anschlagtafel","21":"product_tag-anschlagtafeln","22":"product_tag-arbeitszimmer","23":"product_tag-asiat","24":"product_tag-asiate","25":"product_tag-asiaten","26":"product_tag-asiatisch","27":"product_tag-asiatische","28":"product_tag-asiatischem","29":"product_tag-asiatischen","30":"product_tag-asiatischer","31":"product_tag-asiatisches","32":"product_tag-asien","33":"product_tag-asiens","34":"product_tag-at_asien","35":"product_tag-aushang","36":"product_tag-bild-im-bild","37":"product_tag-bildnis","38":"product_tag-bildnisse","39":"product_tag-bildung","40":"product_tag-deutsch","41":"product_tag-deutsche","42":"product_tag-deutschen","43":"product_tag-deutscher","44":"product_tag-deutsches","45":"product_tag-drinnen","46":"product_tag-fahne","47":"product_tag-fahnen","48":"product_tag-flagge","49":"product_tag-flaggen","50":"product_tag-foto","51":"product_tag-fotoabzug","52":"product_tag-fotoabzuege","53":"product_tag-fotografie","54":"product_tag-fotografien","55":"product_tag-fotografin","56":"product_tag-fotografinnen","57":"product_tag-grossstadt","58":"product_tag-grossstaedte","59":"product_tag-grundschule","60":"product_tag-grundschulen","61":"product_tag-hauptstadt","62":"product_tag-hauptstaedte","63":"product_tag-hinweisschild","64":"product_tag-hinweisschilder","65":"product_tag-hinweisschildern","66":"product_tag-hinweistafel","67":"product_tag-hinweistafeln","68":"product_tag-innen","69":"product_tag-korea","70":"product_tag-koreaner","71":"product_tag-koreanisch","72":"product_tag-koreanische","73":"product_tag-koreanischen","74":"product_tag-koreanischer","75":"product_tag-koreanisches","76":"product_tag-lehrer","77":"product_tag-lehrers","78":"product_tag-lehrerzimmer","79":"product_tag-mann","80":"product_tag-maenner","81":"product_tag-maennerbildnis","82":"product_tag-maennerbildnisse","83":"product_tag-maennerportrait","84":"product_tag-maennerportraits","85":"product_tag-maennerportraet","86":"product_tag-maennerportraets","87":"product_tag-mannes","88":"product_tag-nationalfahne","89":"product_tag-nationalfahnen","90":"product_tag-nationalflagge","91":"product_tag-nationalflaggen","92":"product_tag-ost-asiatisch","93":"product_tag-ost-asiatische","94":"product_tag-ost-asiatischen","95":"product_tag-ost-asiatischer","96":"product_tag-ost-asiatisches","97":"product_tag-ost-asien","98":"product_tag-ost-asiens","99":"product_tag-ostasiatisch","100":"product_tag-ostasiatische","101":"product_tag-ostasiatischen","102":"product_tag-ostasiatischer","103":"product_tag-ostasiatisches","104":"product_tag-ostasien","105":"product_tag-paedagoge","106":"product_tag-paedagogen","107":"product_tag-paedagogik","108":"product_tag-photo","109":"product_tag-photoabzug","110":"product_tag-photoabzuege","111":"product_tag-photographie","112":"product_tag-photographien","113":"product_tag-photographin","114":"product_tag-photographinnen","115":"product_tag-plakat","116":"product_tag-plakate","117":"product_tag-politiker","118":"product_tag-politikers","119":"product_tag-portrait","120":"product_tag-portraitaufnahme","121":"product_tag-portraitfoto","122":"product_tag-portraitfotografie","123":"product_tag-portraitphoto","124":"product_tag-portraitphotographie","125":"product_tag-portraits","126":"product_tag-portraet","127":"product_tag-portraetaufnahme","128":"product_tag-portraetfoto","129":"product_tag-portraetfotografie","130":"product_tag-portraetphoto","131":"product_tag-portraetphotographie","132":"product_tag-portraets","133":"product_tag-poster","134":"product_tag-praesident","135":"product_tag-praesidenten","136":"product_tag-print","137":"product_tag-s-w-fotografie","138":"product_tag-s-w-photographie","139":"product_tag-schild","140":"product_tag-schilder","141":"product_tag-schreibtisch","142":"product_tag-schreibtische","143":"product_tag-schreibtisches","144":"product_tag-schreibtischs","145":"product_tag-schrift","146":"product_tag-schriften","147":"product_tag-schule","148":"product_tag-schulen","149":"product_tag-schwarzweissphotographie","150":"product_tag-schwarz-weiss-fotografie","151":"product_tag-schwarz-weiss-photographie","152":"product_tag-schwarzweiss","153":"product_tag-schwarzweisse","154":"product_tag-schwarzweissen","155":"product_tag-schwarzweisser","156":"product_tag-schwarzweisses","157":"product_tag-schwarzweissfotografie","158":"product_tag-siebziger","159":"product_tag-silbergelatine","160":"product_tag-silbergelatineabzug","161":"product_tag-silbergelatineabzuege","162":"product_tag-silbergelatineprint","163":"product_tag-sitzen","164":"product_tag-sitzend","165":"product_tag-sitzende","166":"product_tag-sitzenden","167":"product_tag-sitzender","168":"product_tag-sitzendes","169":"product_tag-sitzt","170":"product_tag-staatschef","171":"product_tag-staatschefs","172":"product_tag-staatsoberhaupt","173":"product_tag-staatsoberhauptes","174":"product_tag-staatsoberhaupts","175":"product_tag-stadt","176":"product_tag-staedte","177":"product_tag-stadtleben","178":"product_tag-suedkorea","179":"product_tag-suedkoreaner","180":"product_tag-suedkoreanisch","181":"product_tag-suedkoreanische","182":"product_tag-suedkoreanischen","183":"product_tag-suedkoreanischer","184":"product_tag-suedkoreanisches","185":"product_tag-suedostasiatisch","186":"product_tag-suedostasiatische","187":"product_tag-suedostasiatischem","188":"product_tag-suedostasiatischen","189":"product_tag-suedostasiatischer","190":"product_tag-suedostasiatisches","191":"product_tag-suedostasien","192":"product_tag-sw-fotografie","193":"product_tag-sw-photographie","194":"product_tag-unterricht","195":"product_tag-unterrichtes","196":"product_tag-unterrichts","197":"product_tag-von-innen","198":"pa_datierung-mai-1973","199":"pa_fotograf-abisag-tuellmann","200":"pa_geografischer_bezug-aufnahmeort-seoul-republik-korea","201":"pa_grunddaten_material_technik-foto-silbergelatine-auf-barytpapier","202":"pa_inventarnummer-tue-73-060-16a","203":"pa_jahr_von-54245","204":"pa_massangaben-bildformat-foto-232-x-303-cm","205":"pa_mediennummer-66263","206":"pa_objekt_typ-fotografie","208":"first","209":"instock","210":"product-type-simple"},"yoast_head":"<!-- This site is optimized with the Yoast SEO plugin v27.4 - https:\/\/yoast.com\/product\/yoast-seo-wordpress\/ -->\n<title>Lehrerzimmer einer Grundschule in Seoul - Abisag T\u00fcllmann<\/title>\n<meta name=\"robots\" content=\"index, follow, max-snippet:-1, max-image-preview:large, max-video-preview:-1\" \/>\n<link rel=\"canonical\" href=\"https:\/\/bpk-archive.de\/tuellmann\/produkt\/lehrerzimmer-einer-grundschule-in-seoul\/\" \/>\n<meta property=\"og:locale\" content=\"de_DE\" \/>\n<meta property=\"og:type\" content=\"article\" \/>\n<meta property=\"og:title\" content=\"Lehrerzimmer einer Grundschule in Seoul - Abisag T\u00fcllmann\" \/>\n<meta property=\"og:description\" content=\"An der Wand das Portr\u00e4t des Pr\u00e4sidenten der Republik Korea Park Chung-hee\" \/>\n<meta property=\"og:url\" content=\"https:\/\/bpk-archive.de\/tuellmann\/produkt\/lehrerzimmer-einer-grundschule-in-seoul\/\" \/>\n<meta property=\"og:site_name\" content=\"Abisag T\u00fcllmann\" \/>\n<meta property=\"article:modified_time\" content=\"2019-09-05T14:13:41+00:00\" \/>\n<meta property=\"og:image\" content=\"https:\/\/bpk-archive.de\/tuellmann\/wp-content\/uploads\/2019\/08\/bpk_70242917.jpg\" \/>\n\t<meta property=\"og:image:width\" content=\"1200\" \/>\n\t<meta property=\"og:image:height\" content=\"933\" \/>\n\t<meta property=\"og:image:type\" content=\"image\/jpeg\" \/>\n<meta name=\"twitter:card\" content=\"summary_large_image\" \/>\n<script type=\"application\/ld+json\" class=\"yoast-schema-graph\">{\"@context\":\"https:\\\/\\\/schema.org\",\"@graph\":[{\"@type\":\"WebPage\",\"@id\":\"https:\\\/\\\/bpk-archive.de\\\/tuellmann\\\/produkt\\\/lehrerzimmer-einer-grundschule-in-seoul\\\/\",\"url\":\"https:\\\/\\\/bpk-archive.de\\\/tuellmann\\\/produkt\\\/lehrerzimmer-einer-grundschule-in-seoul\\\/\",\"name\":\"Lehrerzimmer einer Grundschule in Seoul - Abisag T\u00fcllmann\",\"isPartOf\":{\"@id\":\"https:\\\/\\\/bpk-archive.de\\\/tuellmann\\\/#website\"},\"primaryImageOfPage\":{\"@id\":\"https:\\\/\\\/bpk-archive.de\\\/tuellmann\\\/produkt\\\/lehrerzimmer-einer-grundschule-in-seoul\\\/#primaryimage\"},\"image\":{\"@id\":\"https:\\\/\\\/bpk-archive.de\\\/tuellmann\\\/produkt\\\/lehrerzimmer-einer-grundschule-in-seoul\\\/#primaryimage\"},\"thumbnailUrl\":\"https:\\\/\\\/bpk-archive.de\\\/tuellmann\\\/wp-content\\\/uploads\\\/2019\\\/08\\\/bpk_70242917.jpg\",\"datePublished\":\"2019-09-05T14:13:32+00:00\",\"dateModified\":\"2019-09-05T14:13:41+00:00\",\"breadcrumb\":{\"@id\":\"https:\\\/\\\/bpk-archive.de\\\/tuellmann\\\/produkt\\\/lehrerzimmer-einer-grundschule-in-seoul\\\/#breadcrumb\"},\"inLanguage\":\"de\",\"potentialAction\":[{\"@type\":\"ReadAction\",\"target\":[\"https:\\\/\\\/bpk-archive.de\\\/tuellmann\\\/produkt\\\/lehrerzimmer-einer-grundschule-in-seoul\\\/\"]}]},{\"@type\":\"ImageObject\",\"inLanguage\":\"de\",\"@id\":\"https:\\\/\\\/bpk-archive.de\\\/tuellmann\\\/produkt\\\/lehrerzimmer-einer-grundschule-in-seoul\\\/#primaryimage\",\"url\":\"https:\\\/\\\/bpk-archive.de\\\/tuellmann\\\/wp-content\\\/uploads\\\/2019\\\/08\\\/bpk_70242917.jpg\",\"contentUrl\":\"https:\\\/\\\/bpk-archive.de\\\/tuellmann\\\/wp-content\\\/uploads\\\/2019\\\/08\\\/bpk_70242917.jpg\",\"width\":1200,\"height\":933,\"caption\":\"Lehrerzimmer einer Grundschule in Seoul\"},{\"@type\":\"BreadcrumbList\",\"@id\":\"https:\\\/\\\/bpk-archive.de\\\/tuellmann\\\/produkt\\\/lehrerzimmer-einer-grundschule-in-seoul\\\/#breadcrumb\",\"itemListElement\":[{\"@type\":\"ListItem\",\"position\":1,\"name\":\"Startseite\",\"item\":\"https:\\\/\\\/bpk-archive.de\\\/tuellmann\\\/\"},{\"@type\":\"ListItem\",\"position\":2,\"name\":\"Shop\",\"item\":\"https:\\\/\\\/bpk-archive.de\\\/tuellmann\\\/shop\\\/\"},{\"@type\":\"ListItem\",\"position\":3,\"name\":\"Lehrerzimmer einer Grundschule in Seoul\"}]},{\"@type\":\"WebSite\",\"@id\":\"https:\\\/\\\/bpk-archive.de\\\/tuellmann\\\/#website\",\"url\":\"https:\\\/\\\/bpk-archive.de\\\/tuellmann\\\/\",\"name\":\"Abisag T\u00fcllmann\",\"description\":\"Eine weitere WordPress-Website\",\"potentialAction\":[{\"@type\":\"SearchAction\",\"target\":{\"@type\":\"EntryPoint\",\"urlTemplate\":\"https:\\\/\\\/bpk-archive.de\\\/tuellmann\\\/?s={search_term_string}\"},\"query-input\":{\"@type\":\"PropertyValueSpecification\",\"valueRequired\":true,\"valueName\":\"search_term_string\"}}],\"inLanguage\":\"de\"}]}<\/script>\n<!-- \/ Yoast SEO plugin. -->","yoast_head_json":{"title":"Lehrerzimmer einer Grundschule in Seoul - Abisag T\u00fcllmann","robots":{"index":"index","follow":"follow","max-snippet":"max-snippet:-1","max-image-preview":"max-image-preview:large","max-video-preview":"max-video-preview:-1"},"canonical":"https:\/\/bpk-archive.de\/tuellmann\/produkt\/lehrerzimmer-einer-grundschule-in-seoul\/","og_locale":"de_DE","og_type":"article","og_title":"Lehrerzimmer einer Grundschule in Seoul - Abisag T\u00fcllmann","og_description":"An der Wand das Portr\u00e4t des Pr\u00e4sidenten der Republik Korea Park Chung-hee","og_url":"https:\/\/bpk-archive.de\/tuellmann\/produkt\/lehrerzimmer-einer-grundschule-in-seoul\/","og_site_name":"Abisag T\u00fcllmann","article_modified_time":"2019-09-05T14:13:41+00:00","og_image":[{"width":1200,"height":933,"url":"https:\/\/bpk-archive.de\/tuellmann\/wp-content\/uploads\/2019\/08\/bpk_70242917.jpg","type":"image\/jpeg"}],"twitter_card":"summary_large_image","schema":{"@context":"https:\/\/schema.org","@graph":[{"@type":"WebPage","@id":"https:\/\/bpk-archive.de\/tuellmann\/produkt\/lehrerzimmer-einer-grundschule-in-seoul\/","url":"https:\/\/bpk-archive.de\/tuellmann\/produkt\/lehrerzimmer-einer-grundschule-in-seoul\/","name":"Lehrerzimmer einer Grundschule in Seoul - Abisag T\u00fcllmann","isPartOf":{"@id":"https:\/\/bpk-archive.de\/tuellmann\/#website"},"primaryImageOfPage":{"@id":"https:\/\/bpk-archive.de\/tuellmann\/produkt\/lehrerzimmer-einer-grundschule-in-seoul\/#primaryimage"},"image":{"@id":"https:\/\/bpk-archive.de\/tuellmann\/produkt\/lehrerzimmer-einer-grundschule-in-seoul\/#primaryimage"},"thumbnailUrl":"https:\/\/bpk-archive.de\/tuellmann\/wp-content\/uploads\/2019\/08\/bpk_70242917.jpg","datePublished":"2019-09-05T14:13:32+00:00","dateModified":"2019-09-05T14:13:41+00:00","breadcrumb":{"@id":"https:\/\/bpk-archive.de\/tuellmann\/produkt\/lehrerzimmer-einer-grundschule-in-seoul\/#breadcrumb"},"inLanguage":"de","potentialAction":[{"@type":"ReadAction","target":["https:\/\/bpk-archive.de\/tuellmann\/produkt\/lehrerzimmer-einer-grundschule-in-seoul\/"]}]},{"@type":"ImageObject","inLanguage":"de","@id":"https:\/\/bpk-archive.de\/tuellmann\/produkt\/lehrerzimmer-einer-grundschule-in-seoul\/#primaryimage","url":"https:\/\/bpk-archive.de\/tuellmann\/wp-content\/uploads\/2019\/08\/bpk_70242917.jpg","contentUrl":"https:\/\/bpk-archive.de\/tuellmann\/wp-content\/uploads\/2019\/08\/bpk_70242917.jpg","width":1200,"height":933,"caption":"Lehrerzimmer einer Grundschule in Seoul"},{"@type":"BreadcrumbList","@id":"https:\/\/bpk-archive.de\/tuellmann\/produkt\/lehrerzimmer-einer-grundschule-in-seoul\/#breadcrumb","itemListElement":[{"@type":"ListItem","position":1,"name":"Startseite","item":"https:\/\/bpk-archive.de\/tuellmann\/"},{"@type":"ListItem","position":2,"name":"Shop","item":"https:\/\/bpk-archive.de\/tuellmann\/shop\/"},{"@type":"ListItem","position":3,"name":"Lehrerzimmer einer Grundschule in Seoul"}]},{"@type":"WebSite","@id":"https:\/\/bpk-archive.de\/tuellmann\/#website","url":"https:\/\/bpk-archive.de\/tuellmann\/","name":"Abisag T\u00fcllmann","description":"Eine weitere WordPress-Website","potentialAction":[{"@type":"SearchAction","target":{"@type":"EntryPoint","urlTemplate":"https:\/\/bpk-archive.de\/tuellmann\/?s={search_term_string}"},"query-input":{"@type":"PropertyValueSpecification","valueRequired":true,"valueName":"search_term_string"}}],"inLanguage":"de"}]}},"_links":{"self":[{"href":"https:\/\/bpk-archive.de\/tuellmann\/wp-json\/wp\/v2\/product\/70297010","targetHints":{"allow":["GET"]}}],"collection":[{"href":"https:\/\/bpk-archive.de\/tuellmann\/wp-json\/wp\/v2\/product"}],"about":[{"href":"https:\/\/bpk-archive.de\/tuellmann\/wp-json\/wp\/v2\/types\/product"}],"wp:featuredmedia":[{"embeddable":true,"href":"https:\/\/bpk-archive.de\/tuellmann\/wp-json\/wp\/v2\/media\/70292275"}],"wp:attachment":[{"href":"https:\/\/bpk-archive.de\/tuellmann\/wp-json\/wp\/v2\/media?parent=70297010"}],"wp:term":[{"taxonomy":"product_brand","embeddable":true,"href":"https:\/\/bpk-archive.de\/tuellmann\/wp-json\/wp\/v2\/product_brand?post=70297010"},{"taxonomy":"product_cat","embeddable":true,"href":"https:\/\/bpk-archive.de\/tuellmann\/wp-json\/wp\/v2\/product_cat?post=70297010"},{"taxonomy":"product_tag","embeddable":true,"href":"https:\/\/bpk-archive.de\/tuellmann\/wp-json\/wp\/v2\/product_tag?post=70297010"}],"curies":[{"name":"wp","href":"https:\/\/api.w.org\/{rel}","templated":true}]}}