{"id":70296969,"date":"2019-09-05T16:13:01","date_gmt":"2019-09-05T14:13:01","guid":{"rendered":"http:\/\/abisagtuellmann.bpk-news.de\/atbild\/auf-einem-minigolf-platz\/"},"modified":"2019-09-05T16:13:09","modified_gmt":"2019-09-05T14:13:09","slug":"auf-einem-minigolf-platz","status":"publish","type":"product","link":"https:\/\/bpk-archive.de\/tuellmann\/produkt\/auf-einem-minigolf-platz\/","title":{"rendered":"Auf einem Minigolf-Platz"},"content":{"rendered":"<p>R\u00fcckseite siehe: 70240665 R\u00fcckseitenbeschriftung von anderer Hand: &#8222;Minigolf&#8220;<\/p>\n","protected":false},"excerpt":{"rendered":"<p>R\u00fcckseite siehe: 70240665 R\u00fcckseitenbeschriftung von anderer Hand: &#8222;Minigolf&#8220;<\/p>\n","protected":false},"featured_media":70291875,"template":"","meta":[],"product_brand":[],"product_cat":[],"product_tag":[13774,13232,13234,13231,13233,13775,64041,13777,13778,13250,48966,48967,13469,14178,14179,13470,13471,13472,13260,13293,13786,13787,13294,13295,13296,13297,13485,13486,13482,13481,13483,13484,48621,48622,48623,51408,66066,13492,13493,13494,13495,13496,13497,13301,13813,13814,14203,14204,14205,14206,14207,14213,14218,14219,66067,14220,14221,13818,13819,48012,48013,13826,66068,48451,48452,13328,13827,13828,13329,13330,13331,13332,13843,51055,51056,13877,13879,13865,13864,13866,13858,13859,13860,13861,13862,13863,13867,13869,13870,13871,13872,49605,49606,49607,49608,49609,49610,13878,13880,51057,51058,51059,51060,52299],"class_list":{"0":"post-70296969","1":"product","2":"type-product","3":"status-publish","4":"has-post-thumbnail","6":"product_tag-1960er-jahre","7":"product_tag-20-jahrhundert-nach-chr","8":"product_tag-20-jh-n-chr","9":"product_tag-20-jahrhundert","10":"product_tag-20-jh","11":"product_tag-60er","12":"product_tag-abt_020","13":"product_tag-abzug","14":"product_tag-at_konsum-freizeit","15":"product_tag-aussen","16":"product_tag-besucher","17":"product_tag-besuchern","18":"product_tag-brd","19":"product_tag-bube","20":"product_tag-buben","21":"product_tag-bundesrepublik-deutschland","22":"product_tag-deutschland","23":"product_tag-deutschlands","24":"product_tag-draussen","25":"product_tag-foto","26":"product_tag-fotoabzug","27":"product_tag-fotoabzuege","28":"product_tag-fotografie","29":"product_tag-fotografien","30":"product_tag-fotografin","31":"product_tag-fotografinnen","32":"product_tag-frankfurt-m","33":"product_tag-frankfurt-main","34":"product_tag-frankfurt-a-main","35":"product_tag-frankfurt-a-m","36":"product_tag-frankfurt-am-main","37":"product_tag-frankfurter","38":"product_tag-freizeit","39":"product_tag-freizeitbeschaeftigung","40":"product_tag-freizeitgestaltung","41":"product_tag-freizeitvergnuegen","42":"product_tag-golfschlaeger","43":"product_tag-hessen","44":"product_tag-hessisch","45":"product_tag-hessische","46":"product_tag-hessischen","47":"product_tag-hessischer","48":"product_tag-hessisches","49":"product_tag-im-freien","50":"product_tag-junge","51":"product_tag-jungen","52":"product_tag-jungens","53":"product_tag-jungs","54":"product_tag-kind","55":"product_tag-kinde","56":"product_tag-kinder","57":"product_tag-kindern","58":"product_tag-kindes","59":"product_tag-kindheit","60":"product_tag-kleingolf","61":"product_tag-knabe","62":"product_tag-knaben","63":"product_tag-mann","64":"product_tag-maenner","65":"product_tag-maennergruppe","66":"product_tag-maennergruppen","67":"product_tag-mannes","68":"product_tag-minigolf","69":"product_tag-pendant","70":"product_tag-pendants","71":"product_tag-photo","72":"product_tag-photoabzug","73":"product_tag-photoabzuege","74":"product_tag-photographie","75":"product_tag-photographien","76":"product_tag-photographin","77":"product_tag-photographinnen","78":"product_tag-print","79":"product_tag-r","80":"product_tag-recto","81":"product_tag-s-w-fotografie","82":"product_tag-s-w-photographie","83":"product_tag-schwarzweissphotographie","84":"product_tag-schwarz-weiss-fotografie","85":"product_tag-schwarz-weiss-photographie","86":"product_tag-schwarzweiss","87":"product_tag-schwarzweisse","88":"product_tag-schwarzweissen","89":"product_tag-schwarzweisser","90":"product_tag-schwarzweisses","91":"product_tag-schwarzweissfotografie","92":"product_tag-sechziger","93":"product_tag-silbergelatine","94":"product_tag-silbergelatineabzug","95":"product_tag-silbergelatineabzuege","96":"product_tag-silbergelatineprint","97":"product_tag-spielen","98":"product_tag-spielend","99":"product_tag-spielende","100":"product_tag-spielenden","101":"product_tag-spielender","102":"product_tag-spielendes","103":"product_tag-sw-fotografie","104":"product_tag-sw-photographie","105":"product_tag-von-vorn","106":"product_tag-von-vorne","107":"product_tag-vorderansicht","108":"product_tag-vorderseite","109":"product_tag-zeitvertreib","110":"pa_datierung-juni-1960","111":"pa_fotograf-abisag-tuellmann","112":"pa_geografischer_bezug-aufnahmeort-frankfurt-am-main-deutschland","113":"pa_grunddaten_material_technik-foto-silbergelatine-auf-barytpapier","114":"pa_inventarnummer-tue-60-128-60","115":"pa_jahr_von-57092","116":"pa_massangaben-bildformat-foto-137-x-21-cm","117":"pa_mediennummer-66065","118":"pa_objekt_typ-fotografie","120":"first","121":"instock","122":"product-type-simple"},"yoast_head":"<!-- This site is optimized with the Yoast SEO plugin v27.4 - https:\/\/yoast.com\/product\/yoast-seo-wordpress\/ -->\n<title>Auf einem Minigolf-Platz - Abisag T\u00fcllmann<\/title>\n<meta name=\"robots\" content=\"index, follow, max-snippet:-1, max-image-preview:large, max-video-preview:-1\" \/>\n<link rel=\"canonical\" href=\"https:\/\/bpk-archive.de\/tuellmann\/produkt\/auf-einem-minigolf-platz\/\" \/>\n<meta property=\"og:locale\" content=\"de_DE\" \/>\n<meta property=\"og:type\" content=\"article\" \/>\n<meta property=\"og:title\" content=\"Auf einem Minigolf-Platz - Abisag T\u00fcllmann\" \/>\n<meta property=\"og:description\" content=\"R\u00fcckseite siehe: 70240665 R\u00fcckseitenbeschriftung von anderer Hand: &#8222;Minigolf&#8220;\" \/>\n<meta property=\"og:url\" content=\"https:\/\/bpk-archive.de\/tuellmann\/produkt\/auf-einem-minigolf-platz\/\" \/>\n<meta property=\"og:site_name\" content=\"Abisag T\u00fcllmann\" \/>\n<meta property=\"article:modified_time\" content=\"2019-09-05T14:13:09+00:00\" \/>\n<meta property=\"og:image\" content=\"https:\/\/bpk-archive.de\/tuellmann\/wp-content\/uploads\/2019\/08\/bpk_70240664.jpg\" \/>\n\t<meta property=\"og:image:width\" content=\"1200\" \/>\n\t<meta property=\"og:image:height\" content=\"793\" \/>\n\t<meta property=\"og:image:type\" content=\"image\/jpeg\" \/>\n<meta name=\"twitter:card\" content=\"summary_large_image\" \/>\n<script type=\"application\/ld+json\" class=\"yoast-schema-graph\">{\"@context\":\"https:\\\/\\\/schema.org\",\"@graph\":[{\"@type\":\"WebPage\",\"@id\":\"https:\\\/\\\/bpk-archive.de\\\/tuellmann\\\/produkt\\\/auf-einem-minigolf-platz\\\/\",\"url\":\"https:\\\/\\\/bpk-archive.de\\\/tuellmann\\\/produkt\\\/auf-einem-minigolf-platz\\\/\",\"name\":\"Auf einem Minigolf-Platz - Abisag T\u00fcllmann\",\"isPartOf\":{\"@id\":\"https:\\\/\\\/bpk-archive.de\\\/tuellmann\\\/#website\"},\"primaryImageOfPage\":{\"@id\":\"https:\\\/\\\/bpk-archive.de\\\/tuellmann\\\/produkt\\\/auf-einem-minigolf-platz\\\/#primaryimage\"},\"image\":{\"@id\":\"https:\\\/\\\/bpk-archive.de\\\/tuellmann\\\/produkt\\\/auf-einem-minigolf-platz\\\/#primaryimage\"},\"thumbnailUrl\":\"https:\\\/\\\/bpk-archive.de\\\/tuellmann\\\/wp-content\\\/uploads\\\/2019\\\/08\\\/bpk_70240664.jpg\",\"datePublished\":\"2019-09-05T14:13:01+00:00\",\"dateModified\":\"2019-09-05T14:13:09+00:00\",\"breadcrumb\":{\"@id\":\"https:\\\/\\\/bpk-archive.de\\\/tuellmann\\\/produkt\\\/auf-einem-minigolf-platz\\\/#breadcrumb\"},\"inLanguage\":\"de\",\"potentialAction\":[{\"@type\":\"ReadAction\",\"target\":[\"https:\\\/\\\/bpk-archive.de\\\/tuellmann\\\/produkt\\\/auf-einem-minigolf-platz\\\/\"]}]},{\"@type\":\"ImageObject\",\"inLanguage\":\"de\",\"@id\":\"https:\\\/\\\/bpk-archive.de\\\/tuellmann\\\/produkt\\\/auf-einem-minigolf-platz\\\/#primaryimage\",\"url\":\"https:\\\/\\\/bpk-archive.de\\\/tuellmann\\\/wp-content\\\/uploads\\\/2019\\\/08\\\/bpk_70240664.jpg\",\"contentUrl\":\"https:\\\/\\\/bpk-archive.de\\\/tuellmann\\\/wp-content\\\/uploads\\\/2019\\\/08\\\/bpk_70240664.jpg\",\"width\":1200,\"height\":793,\"caption\":\"Auf einem Minigolf-Platz\"},{\"@type\":\"BreadcrumbList\",\"@id\":\"https:\\\/\\\/bpk-archive.de\\\/tuellmann\\\/produkt\\\/auf-einem-minigolf-platz\\\/#breadcrumb\",\"itemListElement\":[{\"@type\":\"ListItem\",\"position\":1,\"name\":\"Startseite\",\"item\":\"https:\\\/\\\/bpk-archive.de\\\/tuellmann\\\/\"},{\"@type\":\"ListItem\",\"position\":2,\"name\":\"Shop\",\"item\":\"https:\\\/\\\/bpk-archive.de\\\/tuellmann\\\/shop\\\/\"},{\"@type\":\"ListItem\",\"position\":3,\"name\":\"Auf einem Minigolf-Platz\"}]},{\"@type\":\"WebSite\",\"@id\":\"https:\\\/\\\/bpk-archive.de\\\/tuellmann\\\/#website\",\"url\":\"https:\\\/\\\/bpk-archive.de\\\/tuellmann\\\/\",\"name\":\"Abisag T\u00fcllmann\",\"description\":\"Eine weitere WordPress-Website\",\"potentialAction\":[{\"@type\":\"SearchAction\",\"target\":{\"@type\":\"EntryPoint\",\"urlTemplate\":\"https:\\\/\\\/bpk-archive.de\\\/tuellmann\\\/?s={search_term_string}\"},\"query-input\":{\"@type\":\"PropertyValueSpecification\",\"valueRequired\":true,\"valueName\":\"search_term_string\"}}],\"inLanguage\":\"de\"}]}<\/script>\n<!-- \/ Yoast SEO plugin. -->","yoast_head_json":{"title":"Auf einem Minigolf-Platz - Abisag T\u00fcllmann","robots":{"index":"index","follow":"follow","max-snippet":"max-snippet:-1","max-image-preview":"max-image-preview:large","max-video-preview":"max-video-preview:-1"},"canonical":"https:\/\/bpk-archive.de\/tuellmann\/produkt\/auf-einem-minigolf-platz\/","og_locale":"de_DE","og_type":"article","og_title":"Auf einem Minigolf-Platz - Abisag T\u00fcllmann","og_description":"R\u00fcckseite siehe: 70240665 R\u00fcckseitenbeschriftung von anderer Hand: &#8222;Minigolf&#8220;","og_url":"https:\/\/bpk-archive.de\/tuellmann\/produkt\/auf-einem-minigolf-platz\/","og_site_name":"Abisag T\u00fcllmann","article_modified_time":"2019-09-05T14:13:09+00:00","og_image":[{"width":1200,"height":793,"url":"https:\/\/bpk-archive.de\/tuellmann\/wp-content\/uploads\/2019\/08\/bpk_70240664.jpg","type":"image\/jpeg"}],"twitter_card":"summary_large_image","schema":{"@context":"https:\/\/schema.org","@graph":[{"@type":"WebPage","@id":"https:\/\/bpk-archive.de\/tuellmann\/produkt\/auf-einem-minigolf-platz\/","url":"https:\/\/bpk-archive.de\/tuellmann\/produkt\/auf-einem-minigolf-platz\/","name":"Auf einem Minigolf-Platz - Abisag T\u00fcllmann","isPartOf":{"@id":"https:\/\/bpk-archive.de\/tuellmann\/#website"},"primaryImageOfPage":{"@id":"https:\/\/bpk-archive.de\/tuellmann\/produkt\/auf-einem-minigolf-platz\/#primaryimage"},"image":{"@id":"https:\/\/bpk-archive.de\/tuellmann\/produkt\/auf-einem-minigolf-platz\/#primaryimage"},"thumbnailUrl":"https:\/\/bpk-archive.de\/tuellmann\/wp-content\/uploads\/2019\/08\/bpk_70240664.jpg","datePublished":"2019-09-05T14:13:01+00:00","dateModified":"2019-09-05T14:13:09+00:00","breadcrumb":{"@id":"https:\/\/bpk-archive.de\/tuellmann\/produkt\/auf-einem-minigolf-platz\/#breadcrumb"},"inLanguage":"de","potentialAction":[{"@type":"ReadAction","target":["https:\/\/bpk-archive.de\/tuellmann\/produkt\/auf-einem-minigolf-platz\/"]}]},{"@type":"ImageObject","inLanguage":"de","@id":"https:\/\/bpk-archive.de\/tuellmann\/produkt\/auf-einem-minigolf-platz\/#primaryimage","url":"https:\/\/bpk-archive.de\/tuellmann\/wp-content\/uploads\/2019\/08\/bpk_70240664.jpg","contentUrl":"https:\/\/bpk-archive.de\/tuellmann\/wp-content\/uploads\/2019\/08\/bpk_70240664.jpg","width":1200,"height":793,"caption":"Auf einem Minigolf-Platz"},{"@type":"BreadcrumbList","@id":"https:\/\/bpk-archive.de\/tuellmann\/produkt\/auf-einem-minigolf-platz\/#breadcrumb","itemListElement":[{"@type":"ListItem","position":1,"name":"Startseite","item":"https:\/\/bpk-archive.de\/tuellmann\/"},{"@type":"ListItem","position":2,"name":"Shop","item":"https:\/\/bpk-archive.de\/tuellmann\/shop\/"},{"@type":"ListItem","position":3,"name":"Auf einem Minigolf-Platz"}]},{"@type":"WebSite","@id":"https:\/\/bpk-archive.de\/tuellmann\/#website","url":"https:\/\/bpk-archive.de\/tuellmann\/","name":"Abisag T\u00fcllmann","description":"Eine weitere WordPress-Website","potentialAction":[{"@type":"SearchAction","target":{"@type":"EntryPoint","urlTemplate":"https:\/\/bpk-archive.de\/tuellmann\/?s={search_term_string}"},"query-input":{"@type":"PropertyValueSpecification","valueRequired":true,"valueName":"search_term_string"}}],"inLanguage":"de"}]}},"_links":{"self":[{"href":"https:\/\/bpk-archive.de\/tuellmann\/wp-json\/wp\/v2\/product\/70296969","targetHints":{"allow":["GET"]}}],"collection":[{"href":"https:\/\/bpk-archive.de\/tuellmann\/wp-json\/wp\/v2\/product"}],"about":[{"href":"https:\/\/bpk-archive.de\/tuellmann\/wp-json\/wp\/v2\/types\/product"}],"wp:featuredmedia":[{"embeddable":true,"href":"https:\/\/bpk-archive.de\/tuellmann\/wp-json\/wp\/v2\/media\/70291875"}],"wp:attachment":[{"href":"https:\/\/bpk-archive.de\/tuellmann\/wp-json\/wp\/v2\/media?parent=70296969"}],"wp:term":[{"taxonomy":"product_brand","embeddable":true,"href":"https:\/\/bpk-archive.de\/tuellmann\/wp-json\/wp\/v2\/product_brand?post=70296969"},{"taxonomy":"product_cat","embeddable":true,"href":"https:\/\/bpk-archive.de\/tuellmann\/wp-json\/wp\/v2\/product_cat?post=70296969"},{"taxonomy":"product_tag","embeddable":true,"href":"https:\/\/bpk-archive.de\/tuellmann\/wp-json\/wp\/v2\/product_tag?post=70296969"}],"curies":[{"name":"wp","href":"https:\/\/api.w.org\/{rel}","templated":true}]}}