{"id":70296964,"date":"2019-09-05T16:13:01","date_gmt":"2019-09-05T14:13:01","guid":{"rendered":"http:\/\/abisagtuellmann.bpk-news.de\/atbild\/depot-fuer-strassenbahnschilder\/"},"modified":"2019-09-05T16:13:06","modified_gmt":"2019-09-05T14:13:06","slug":"depot-fuer-strassenbahnschilder","status":"publish","type":"product","link":"https:\/\/bpk-archive.de\/tuellmann\/produkt\/depot-fuer-strassenbahnschilder\/","title":{"rendered":"Depot f\u00fcr Stra\u00dfenbahnschilder"},"content":{"rendered":"<p>R\u00fcckseitenbeschriftung von anderer Hand: &#8222;Stra\u00dfenbahnschilder&#8220;<\/p>\n","protected":false},"excerpt":{"rendered":"<p>R\u00fcckseitenbeschriftung von anderer Hand: &#8222;Stra\u00dfenbahnschilder&#8220;<\/p>\n","protected":false},"featured_media":70291958,"template":"","meta":[],"product_brand":[],"product_cat":[],"product_tag":[13774,13232,13234,13231,13233,13775,65667,13777,53761,13250,13469,13470,59500,59501,66033,13253,13254,13255,13256,13257,13471,13472,13260,66034,13293,13786,13787,13294,13295,13296,13297,13485,13486,13482,13481,13483,13484,13492,13493,13494,13495,13496,13497,48950,48951,48952,48953,48954,13301,13328,13827,13828,13329,13330,13331,13332,13843,48274,48275,13877,13879,48499,48500,48364,48365,13865,13864,13866,13858,13859,13860,13861,13862,13863,13867,13869,13870,13871,13872,53746,53747,13878,13880,53754,66035],"class_list":{"0":"post-70296964","1":"product","2":"type-product","3":"status-publish","4":"has-post-thumbnail","6":"product_tag-1960er-jahre","7":"product_tag-20-jahrhundert-nach-chr","8":"product_tag-20-jh-n-chr","9":"product_tag-20-jahrhundert","10":"product_tag-20-jh","11":"product_tag-60er","12":"product_tag-abt_014","13":"product_tag-abzug","14":"product_tag-at_schrift","15":"product_tag-aussen","16":"product_tag-brd","17":"product_tag-bundesrepublik-deutschland","18":"product_tag-depot","19":"product_tag-depots","20":"product_tag-destination","21":"product_tag-deutsch","22":"product_tag-deutsche","23":"product_tag-deutschen","24":"product_tag-deutscher","25":"product_tag-deutsches","26":"product_tag-deutschland","27":"product_tag-deutschlands","28":"product_tag-draussen","29":"product_tag-endhaltestelle","30":"product_tag-foto","31":"product_tag-fotoabzug","32":"product_tag-fotoabzuege","33":"product_tag-fotografie","34":"product_tag-fotografien","35":"product_tag-fotografin","36":"product_tag-fotografinnen","37":"product_tag-frankfurt-m","38":"product_tag-frankfurt-main","39":"product_tag-frankfurt-a-main","40":"product_tag-frankfurt-a-m","41":"product_tag-frankfurt-am-main","42":"product_tag-frankfurter","43":"product_tag-hessen","44":"product_tag-hessisch","45":"product_tag-hessische","46":"product_tag-hessischen","47":"product_tag-hessischer","48":"product_tag-hessisches","49":"product_tag-hinweisschild","50":"product_tag-hinweisschilder","51":"product_tag-hinweisschildern","52":"product_tag-hinweistafel","53":"product_tag-hinweistafeln","54":"product_tag-im-freien","55":"product_tag-photo","56":"product_tag-photoabzug","57":"product_tag-photoabzuege","58":"product_tag-photographie","59":"product_tag-photographien","60":"product_tag-photographin","61":"product_tag-photographinnen","62":"product_tag-print","63":"product_tag-regal","64":"product_tag-regale","65":"product_tag-s-w-fotografie","66":"product_tag-s-w-photographie","67":"product_tag-schild","68":"product_tag-schilder","69":"product_tag-schrift","70":"product_tag-schriften","71":"product_tag-schwarzweissphotographie","72":"product_tag-schwarz-weiss-fotografie","73":"product_tag-schwarz-weiss-photographie","74":"product_tag-schwarzweiss","75":"product_tag-schwarzweisse","76":"product_tag-schwarzweissen","77":"product_tag-schwarzweisser","78":"product_tag-schwarzweisses","79":"product_tag-schwarzweissfotografie","80":"product_tag-sechziger","81":"product_tag-silbergelatine","82":"product_tag-silbergelatineabzug","83":"product_tag-silbergelatineabzuege","84":"product_tag-silbergelatineprint","85":"product_tag-strassenbahn","86":"product_tag-strassenbahnen","87":"product_tag-sw-fotografie","88":"product_tag-sw-photographie","89":"product_tag-tram","90":"product_tag-zielort","91":"pa_datierung-september-1963","92":"pa_fotograf-abisag-tuellmann","93":"pa_geografischer_bezug-aufnahmeort-frankfurt-am-main-deutschland","94":"pa_grunddaten_material_technik-foto-silbergelatine-auf-barytpapier","95":"pa_inventarnummer-tue-63-136-32","96":"pa_jahr_von-55020","97":"pa_massangaben-bildformat-foto-234-x-295-cm","98":"pa_mediennummer-66031","99":"pa_objekt_typ-fotografie","101":"first","102":"instock","103":"product-type-simple"},"yoast_head":"<!-- This site is optimized with the Yoast SEO plugin v27.3 - https:\/\/yoast.com\/product\/yoast-seo-wordpress\/ -->\n<title>Depot f\u00fcr Stra\u00dfenbahnschilder - Abisag T\u00fcllmann<\/title>\n<meta name=\"robots\" content=\"index, follow, max-snippet:-1, max-image-preview:large, max-video-preview:-1\" \/>\n<link rel=\"canonical\" href=\"https:\/\/bpk-archive.de\/tuellmann\/produkt\/depot-fuer-strassenbahnschilder\/\" \/>\n<meta property=\"og:locale\" content=\"de_DE\" \/>\n<meta property=\"og:type\" content=\"article\" \/>\n<meta property=\"og:title\" content=\"Depot f\u00fcr Stra\u00dfenbahnschilder - Abisag T\u00fcllmann\" \/>\n<meta property=\"og:description\" content=\"R\u00fcckseitenbeschriftung von anderer Hand: &#8222;Stra\u00dfenbahnschilder&#8220;\" \/>\n<meta property=\"og:url\" content=\"https:\/\/bpk-archive.de\/tuellmann\/produkt\/depot-fuer-strassenbahnschilder\/\" \/>\n<meta property=\"og:site_name\" content=\"Abisag T\u00fcllmann\" \/>\n<meta property=\"article:modified_time\" content=\"2019-09-05T14:13:06+00:00\" \/>\n<meta property=\"og:image\" content=\"https:\/\/bpk-archive.de\/tuellmann\/wp-content\/uploads\/2019\/08\/bpk_70240642.jpg\" \/>\n\t<meta property=\"og:image:width\" content=\"1200\" \/>\n\t<meta property=\"og:image:height\" content=\"960\" \/>\n\t<meta property=\"og:image:type\" content=\"image\/jpeg\" \/>\n<meta name=\"twitter:card\" content=\"summary_large_image\" \/>\n<script type=\"application\/ld+json\" class=\"yoast-schema-graph\">{\"@context\":\"https:\\\/\\\/schema.org\",\"@graph\":[{\"@type\":\"WebPage\",\"@id\":\"https:\\\/\\\/bpk-archive.de\\\/tuellmann\\\/produkt\\\/depot-fuer-strassenbahnschilder\\\/\",\"url\":\"https:\\\/\\\/bpk-archive.de\\\/tuellmann\\\/produkt\\\/depot-fuer-strassenbahnschilder\\\/\",\"name\":\"Depot f\u00fcr Stra\u00dfenbahnschilder - Abisag T\u00fcllmann\",\"isPartOf\":{\"@id\":\"https:\\\/\\\/bpk-archive.de\\\/tuellmann\\\/#website\"},\"primaryImageOfPage\":{\"@id\":\"https:\\\/\\\/bpk-archive.de\\\/tuellmann\\\/produkt\\\/depot-fuer-strassenbahnschilder\\\/#primaryimage\"},\"image\":{\"@id\":\"https:\\\/\\\/bpk-archive.de\\\/tuellmann\\\/produkt\\\/depot-fuer-strassenbahnschilder\\\/#primaryimage\"},\"thumbnailUrl\":\"https:\\\/\\\/bpk-archive.de\\\/tuellmann\\\/wp-content\\\/uploads\\\/2019\\\/08\\\/bpk_70240642.jpg\",\"datePublished\":\"2019-09-05T14:13:01+00:00\",\"dateModified\":\"2019-09-05T14:13:06+00:00\",\"breadcrumb\":{\"@id\":\"https:\\\/\\\/bpk-archive.de\\\/tuellmann\\\/produkt\\\/depot-fuer-strassenbahnschilder\\\/#breadcrumb\"},\"inLanguage\":\"de\",\"potentialAction\":[{\"@type\":\"ReadAction\",\"target\":[\"https:\\\/\\\/bpk-archive.de\\\/tuellmann\\\/produkt\\\/depot-fuer-strassenbahnschilder\\\/\"]}]},{\"@type\":\"ImageObject\",\"inLanguage\":\"de\",\"@id\":\"https:\\\/\\\/bpk-archive.de\\\/tuellmann\\\/produkt\\\/depot-fuer-strassenbahnschilder\\\/#primaryimage\",\"url\":\"https:\\\/\\\/bpk-archive.de\\\/tuellmann\\\/wp-content\\\/uploads\\\/2019\\\/08\\\/bpk_70240642.jpg\",\"contentUrl\":\"https:\\\/\\\/bpk-archive.de\\\/tuellmann\\\/wp-content\\\/uploads\\\/2019\\\/08\\\/bpk_70240642.jpg\",\"width\":1200,\"height\":960,\"caption\":\"Depot f\u00fcr Stra\u00dfenbahnschilder\"},{\"@type\":\"BreadcrumbList\",\"@id\":\"https:\\\/\\\/bpk-archive.de\\\/tuellmann\\\/produkt\\\/depot-fuer-strassenbahnschilder\\\/#breadcrumb\",\"itemListElement\":[{\"@type\":\"ListItem\",\"position\":1,\"name\":\"Startseite\",\"item\":\"https:\\\/\\\/bpk-archive.de\\\/tuellmann\\\/\"},{\"@type\":\"ListItem\",\"position\":2,\"name\":\"Shop\",\"item\":\"https:\\\/\\\/bpk-archive.de\\\/tuellmann\\\/shop\\\/\"},{\"@type\":\"ListItem\",\"position\":3,\"name\":\"Depot f\u00fcr Stra\u00dfenbahnschilder\"}]},{\"@type\":\"WebSite\",\"@id\":\"https:\\\/\\\/bpk-archive.de\\\/tuellmann\\\/#website\",\"url\":\"https:\\\/\\\/bpk-archive.de\\\/tuellmann\\\/\",\"name\":\"Abisag T\u00fcllmann\",\"description\":\"Eine weitere WordPress-Website\",\"potentialAction\":[{\"@type\":\"SearchAction\",\"target\":{\"@type\":\"EntryPoint\",\"urlTemplate\":\"https:\\\/\\\/bpk-archive.de\\\/tuellmann\\\/?s={search_term_string}\"},\"query-input\":{\"@type\":\"PropertyValueSpecification\",\"valueRequired\":true,\"valueName\":\"search_term_string\"}}],\"inLanguage\":\"de\"}]}<\/script>\n<!-- \/ Yoast SEO plugin. -->","yoast_head_json":{"title":"Depot f\u00fcr Stra\u00dfenbahnschilder - Abisag T\u00fcllmann","robots":{"index":"index","follow":"follow","max-snippet":"max-snippet:-1","max-image-preview":"max-image-preview:large","max-video-preview":"max-video-preview:-1"},"canonical":"https:\/\/bpk-archive.de\/tuellmann\/produkt\/depot-fuer-strassenbahnschilder\/","og_locale":"de_DE","og_type":"article","og_title":"Depot f\u00fcr Stra\u00dfenbahnschilder - Abisag T\u00fcllmann","og_description":"R\u00fcckseitenbeschriftung von anderer Hand: &#8222;Stra\u00dfenbahnschilder&#8220;","og_url":"https:\/\/bpk-archive.de\/tuellmann\/produkt\/depot-fuer-strassenbahnschilder\/","og_site_name":"Abisag T\u00fcllmann","article_modified_time":"2019-09-05T14:13:06+00:00","og_image":[{"width":1200,"height":960,"url":"https:\/\/bpk-archive.de\/tuellmann\/wp-content\/uploads\/2019\/08\/bpk_70240642.jpg","type":"image\/jpeg"}],"twitter_card":"summary_large_image","schema":{"@context":"https:\/\/schema.org","@graph":[{"@type":"WebPage","@id":"https:\/\/bpk-archive.de\/tuellmann\/produkt\/depot-fuer-strassenbahnschilder\/","url":"https:\/\/bpk-archive.de\/tuellmann\/produkt\/depot-fuer-strassenbahnschilder\/","name":"Depot f\u00fcr Stra\u00dfenbahnschilder - Abisag T\u00fcllmann","isPartOf":{"@id":"https:\/\/bpk-archive.de\/tuellmann\/#website"},"primaryImageOfPage":{"@id":"https:\/\/bpk-archive.de\/tuellmann\/produkt\/depot-fuer-strassenbahnschilder\/#primaryimage"},"image":{"@id":"https:\/\/bpk-archive.de\/tuellmann\/produkt\/depot-fuer-strassenbahnschilder\/#primaryimage"},"thumbnailUrl":"https:\/\/bpk-archive.de\/tuellmann\/wp-content\/uploads\/2019\/08\/bpk_70240642.jpg","datePublished":"2019-09-05T14:13:01+00:00","dateModified":"2019-09-05T14:13:06+00:00","breadcrumb":{"@id":"https:\/\/bpk-archive.de\/tuellmann\/produkt\/depot-fuer-strassenbahnschilder\/#breadcrumb"},"inLanguage":"de","potentialAction":[{"@type":"ReadAction","target":["https:\/\/bpk-archive.de\/tuellmann\/produkt\/depot-fuer-strassenbahnschilder\/"]}]},{"@type":"ImageObject","inLanguage":"de","@id":"https:\/\/bpk-archive.de\/tuellmann\/produkt\/depot-fuer-strassenbahnschilder\/#primaryimage","url":"https:\/\/bpk-archive.de\/tuellmann\/wp-content\/uploads\/2019\/08\/bpk_70240642.jpg","contentUrl":"https:\/\/bpk-archive.de\/tuellmann\/wp-content\/uploads\/2019\/08\/bpk_70240642.jpg","width":1200,"height":960,"caption":"Depot f\u00fcr Stra\u00dfenbahnschilder"},{"@type":"BreadcrumbList","@id":"https:\/\/bpk-archive.de\/tuellmann\/produkt\/depot-fuer-strassenbahnschilder\/#breadcrumb","itemListElement":[{"@type":"ListItem","position":1,"name":"Startseite","item":"https:\/\/bpk-archive.de\/tuellmann\/"},{"@type":"ListItem","position":2,"name":"Shop","item":"https:\/\/bpk-archive.de\/tuellmann\/shop\/"},{"@type":"ListItem","position":3,"name":"Depot f\u00fcr Stra\u00dfenbahnschilder"}]},{"@type":"WebSite","@id":"https:\/\/bpk-archive.de\/tuellmann\/#website","url":"https:\/\/bpk-archive.de\/tuellmann\/","name":"Abisag T\u00fcllmann","description":"Eine weitere WordPress-Website","potentialAction":[{"@type":"SearchAction","target":{"@type":"EntryPoint","urlTemplate":"https:\/\/bpk-archive.de\/tuellmann\/?s={search_term_string}"},"query-input":{"@type":"PropertyValueSpecification","valueRequired":true,"valueName":"search_term_string"}}],"inLanguage":"de"}]}},"_links":{"self":[{"href":"https:\/\/bpk-archive.de\/tuellmann\/wp-json\/wp\/v2\/product\/70296964","targetHints":{"allow":["GET"]}}],"collection":[{"href":"https:\/\/bpk-archive.de\/tuellmann\/wp-json\/wp\/v2\/product"}],"about":[{"href":"https:\/\/bpk-archive.de\/tuellmann\/wp-json\/wp\/v2\/types\/product"}],"wp:featuredmedia":[{"embeddable":true,"href":"https:\/\/bpk-archive.de\/tuellmann\/wp-json\/wp\/v2\/media\/70291958"}],"wp:attachment":[{"href":"https:\/\/bpk-archive.de\/tuellmann\/wp-json\/wp\/v2\/media?parent=70296964"}],"wp:term":[{"taxonomy":"product_brand","embeddable":true,"href":"https:\/\/bpk-archive.de\/tuellmann\/wp-json\/wp\/v2\/product_brand?post=70296964"},{"taxonomy":"product_cat","embeddable":true,"href":"https:\/\/bpk-archive.de\/tuellmann\/wp-json\/wp\/v2\/product_cat?post=70296964"},{"taxonomy":"product_tag","embeddable":true,"href":"https:\/\/bpk-archive.de\/tuellmann\/wp-json\/wp\/v2\/product_tag?post=70296964"}],"curies":[{"name":"wp","href":"https:\/\/api.w.org\/{rel}","templated":true}]}}