{"id":70296960,"date":"2019-09-05T16:13:01","date_gmt":"2019-09-05T14:13:01","guid":{"rendered":"http:\/\/abisagtuellmann.bpk-news.de\/atbild\/protestplakat-gegen-den-geplanten-bau-eines-kraftwerkes-am-oberjaegerweg-im-spandauer-wald\/"},"modified":"2019-09-05T16:13:03","modified_gmt":"2019-09-05T14:13:03","slug":"protestplakat-gegen-den-geplanten-bau-eines-kraftwerkes-am-oberjaegerweg-im-spandauer-wald","status":"publish","type":"product","link":"https:\/\/bpk-archive.de\/tuellmann\/produkt\/protestplakat-gegen-den-geplanten-bau-eines-kraftwerkes-am-oberjaegerweg-im-spandauer-wald\/","title":{"rendered":"Protestplakat gegen den geplanten Bau eines Kraftwerkes am Oberj\u00e4gerweg im Spandauer Wald"},"content":{"rendered":"<p>in der N\u00e4he einer Blockh\u00fctte von Kraftwerksgegnern<\/p>\n","protected":false},"excerpt":{"rendered":"<p>in der N\u00e4he einer Blockh\u00fctte von Kraftwerksgegnern<\/p>\n","protected":false},"featured_media":70291940,"template":"","meta":[],"product_brand":[],"product_cat":[],"product_tag":[13230,13232,13234,13231,13233,13235,65667,13777,53761,64257,64258,64259,64260,64261,64262,64263,64264,64265,64266,66004,13250,50427,50429,50430,50431,52126,52127,53253,53254,53255,53256,13469,13470,13612,13613,13622,13624,13253,13254,13255,13256,13257,13471,13472,13260,13293,13786,13787,13294,13295,13296,13297,66005,66006,13301,66007,66008,66009,66010,47499,47500,47501,47502,47503,49229,49230,13328,13827,13828,13329,13330,13331,13332,48266,48267,48269,13843,13653,13877,13879,58289,58290,58291,58292,58293,58294,13343,13344,13865,13864,13866,13858,13859,13860,13861,13862,13863,13354,13869,13870,13871,13872,49236,66011,66012,49239,13357,13358,13359,48679,48680,48681,64896,64897,13878,13880,13655,13656,52131,52133,52134,53279,53281,53283,53285,53278,53280,53282,53284,48839],"class_list":{"0":"post-70296960","1":"product","2":"type-product","3":"status-publish","4":"has-post-thumbnail","6":"product_tag-1970er-jahre","7":"product_tag-20-jahrhundert-nach-chr","8":"product_tag-20-jh-n-chr","9":"product_tag-20-jahrhundert","10":"product_tag-20-jh","11":"product_tag-70er","12":"product_tag-abt_014","13":"product_tag-abzug","14":"product_tag-at_schrift","15":"product_tag-aufgehangen","16":"product_tag-aufgehangene","17":"product_tag-aufgehangenen","18":"product_tag-aufgehangener","19":"product_tag-aufgehangenes","20":"product_tag-aufgehaengt","21":"product_tag-aufgehaengte","22":"product_tag-aufgehaengten","23":"product_tag-aufgehaengter","24":"product_tag-aufgehaengtes","25":"product_tag-aufhaengen","26":"product_tag-aussen","27":"product_tag-baum","28":"product_tag-baume","29":"product_tag-baeumen","30":"product_tag-baumes","31":"product_tag-baumstamm","32":"product_tag-baumstaemme","33":"product_tag-berlin","34":"product_tag-berliner","35":"product_tag-berliners","36":"product_tag-berlins","37":"product_tag-brd","38":"product_tag-bundesrepublik-deutschland","39":"product_tag-demonstrationsplakat","40":"product_tag-demonstrationsschild","41":"product_tag-demoplakat","42":"product_tag-demoschild","43":"product_tag-deutsch","44":"product_tag-deutsche","45":"product_tag-deutschen","46":"product_tag-deutscher","47":"product_tag-deutsches","48":"product_tag-deutschland","49":"product_tag-deutschlands","50":"product_tag-draussen","51":"product_tag-foto","52":"product_tag-fotoabzug","53":"product_tag-fotoabzuege","54":"product_tag-fotografie","55":"product_tag-fotografien","56":"product_tag-fotografin","57":"product_tag-fotografinnen","58":"product_tag-haengen","59":"product_tag-haengt","60":"product_tag-im-freien","61":"product_tag-kraftwerk","62":"product_tag-kraftwerke","63":"product_tag-kraftwerkes","64":"product_tag-kraftwerks","65":"product_tag-menschenleer","66":"product_tag-menschenleere","67":"product_tag-menschenleeren","68":"product_tag-menschenleerer","69":"product_tag-menschenleeres","70":"product_tag-parole","71":"product_tag-parolen","72":"product_tag-photo","73":"product_tag-photoabzug","74":"product_tag-photoabzuege","75":"product_tag-photographie","76":"product_tag-photographien","77":"product_tag-photographin","78":"product_tag-photographinnen","79":"product_tag-plakat","80":"product_tag-plakate","81":"product_tag-poster","82":"product_tag-print","83":"product_tag-protestschild","84":"product_tag-s-w-fotografie","85":"product_tag-s-w-photographie","86":"product_tag-schnee","87":"product_tag-schneebedeckt","88":"product_tag-schneebedeckte","89":"product_tag-schneebedeckten","90":"product_tag-schneebedeckter","91":"product_tag-schneebedecktes","92":"product_tag-schriftband","93":"product_tag-schriftbaender","94":"product_tag-schwarzweissphotographie","95":"product_tag-schwarz-weiss-fotografie","96":"product_tag-schwarz-weiss-photographie","97":"product_tag-schwarzweiss","98":"product_tag-schwarzweisse","99":"product_tag-schwarzweissen","100":"product_tag-schwarzweisser","101":"product_tag-schwarzweisses","102":"product_tag-schwarzweissfotografie","103":"product_tag-siebziger","104":"product_tag-silbergelatine","105":"product_tag-silbergelatineabzug","106":"product_tag-silbergelatineabzuege","107":"product_tag-silbergelatineprint","108":"product_tag-slogan","109":"product_tag-spandau","110":"product_tag-spandauer","111":"product_tag-spruch","112":"product_tag-spruchband","113":"product_tag-spruchbaender","114":"product_tag-spruchbaendern","115":"product_tag-stadtteil","116":"product_tag-stadtteils","117":"product_tag-stadtviertel","118":"product_tag-stamm","119":"product_tag-staemme","120":"product_tag-sw-fotografie","121":"product_tag-sw-photographie","122":"product_tag-transparent","123":"product_tag-transparente","124":"product_tag-wald","125":"product_tag-walde","126":"product_tag-waelder","127":"product_tag-west-berlin","128":"product_tag-west-berliner","129":"product_tag-west-berliners","130":"product_tag-west-berlins","131":"product_tag-westberlin","132":"product_tag-westberliner","133":"product_tag-westberliners","134":"product_tag-westberlins","135":"product_tag-winter","136":"pa_datierung-januar-1977","137":"pa_fotograf-abisag-tuellmann","138":"pa_geografischer_bezug-aufnahmeort-berlin-spandau-brd-deutschland","139":"pa_grunddaten_material_technik-foto-silbergelatine-auf-barytpapier","140":"pa_inventarnummer-tue-77-013-21a","141":"pa_jahr_von-49467","142":"pa_massangaben-bildformat-foto-233-x-302-cm","143":"pa_mediennummer-66001","144":"pa_objekt_typ-fotografie","146":"first","147":"instock","148":"product-type-simple"},"yoast_head":"<!-- This site is optimized with the Yoast SEO plugin v27.3 - https:\/\/yoast.com\/product\/yoast-seo-wordpress\/ -->\n<title>Protestplakat gegen den geplanten Bau eines Kraftwerkes am Oberj\u00e4gerweg im Spandauer Wald - Abisag T\u00fcllmann<\/title>\n<meta name=\"robots\" content=\"index, follow, max-snippet:-1, max-image-preview:large, max-video-preview:-1\" \/>\n<link rel=\"canonical\" href=\"https:\/\/bpk-archive.de\/tuellmann\/produkt\/protestplakat-gegen-den-geplanten-bau-eines-kraftwerkes-am-oberjaegerweg-im-spandauer-wald\/\" \/>\n<meta property=\"og:locale\" content=\"de_DE\" \/>\n<meta property=\"og:type\" content=\"article\" \/>\n<meta property=\"og:title\" content=\"Protestplakat gegen den geplanten Bau eines Kraftwerkes am Oberj\u00e4gerweg im Spandauer Wald - Abisag T\u00fcllmann\" \/>\n<meta property=\"og:description\" content=\"in der N\u00e4he einer Blockh\u00fctte von Kraftwerksgegnern\" \/>\n<meta property=\"og:url\" content=\"https:\/\/bpk-archive.de\/tuellmann\/produkt\/protestplakat-gegen-den-geplanten-bau-eines-kraftwerkes-am-oberjaegerweg-im-spandauer-wald\/\" \/>\n<meta property=\"og:site_name\" content=\"Abisag T\u00fcllmann\" \/>\n<meta property=\"article:modified_time\" content=\"2019-09-05T14:13:03+00:00\" \/>\n<meta property=\"og:image\" content=\"https:\/\/bpk-archive.de\/tuellmann\/wp-content\/uploads\/2019\/08\/bpk_70240636.jpg\" \/>\n\t<meta property=\"og:image:width\" content=\"1200\" \/>\n\t<meta property=\"og:image:height\" content=\"940\" \/>\n\t<meta property=\"og:image:type\" content=\"image\/jpeg\" \/>\n<meta name=\"twitter:card\" content=\"summary_large_image\" \/>\n<script type=\"application\/ld+json\" class=\"yoast-schema-graph\">{\"@context\":\"https:\\\/\\\/schema.org\",\"@graph\":[{\"@type\":\"WebPage\",\"@id\":\"https:\\\/\\\/bpk-archive.de\\\/tuellmann\\\/produkt\\\/protestplakat-gegen-den-geplanten-bau-eines-kraftwerkes-am-oberjaegerweg-im-spandauer-wald\\\/\",\"url\":\"https:\\\/\\\/bpk-archive.de\\\/tuellmann\\\/produkt\\\/protestplakat-gegen-den-geplanten-bau-eines-kraftwerkes-am-oberjaegerweg-im-spandauer-wald\\\/\",\"name\":\"Protestplakat gegen den geplanten Bau eines Kraftwerkes am Oberj\u00e4gerweg im Spandauer Wald - Abisag T\u00fcllmann\",\"isPartOf\":{\"@id\":\"https:\\\/\\\/bpk-archive.de\\\/tuellmann\\\/#website\"},\"primaryImageOfPage\":{\"@id\":\"https:\\\/\\\/bpk-archive.de\\\/tuellmann\\\/produkt\\\/protestplakat-gegen-den-geplanten-bau-eines-kraftwerkes-am-oberjaegerweg-im-spandauer-wald\\\/#primaryimage\"},\"image\":{\"@id\":\"https:\\\/\\\/bpk-archive.de\\\/tuellmann\\\/produkt\\\/protestplakat-gegen-den-geplanten-bau-eines-kraftwerkes-am-oberjaegerweg-im-spandauer-wald\\\/#primaryimage\"},\"thumbnailUrl\":\"https:\\\/\\\/bpk-archive.de\\\/tuellmann\\\/wp-content\\\/uploads\\\/2019\\\/08\\\/bpk_70240636.jpg\",\"datePublished\":\"2019-09-05T14:13:01+00:00\",\"dateModified\":\"2019-09-05T14:13:03+00:00\",\"breadcrumb\":{\"@id\":\"https:\\\/\\\/bpk-archive.de\\\/tuellmann\\\/produkt\\\/protestplakat-gegen-den-geplanten-bau-eines-kraftwerkes-am-oberjaegerweg-im-spandauer-wald\\\/#breadcrumb\"},\"inLanguage\":\"de\",\"potentialAction\":[{\"@type\":\"ReadAction\",\"target\":[\"https:\\\/\\\/bpk-archive.de\\\/tuellmann\\\/produkt\\\/protestplakat-gegen-den-geplanten-bau-eines-kraftwerkes-am-oberjaegerweg-im-spandauer-wald\\\/\"]}]},{\"@type\":\"ImageObject\",\"inLanguage\":\"de\",\"@id\":\"https:\\\/\\\/bpk-archive.de\\\/tuellmann\\\/produkt\\\/protestplakat-gegen-den-geplanten-bau-eines-kraftwerkes-am-oberjaegerweg-im-spandauer-wald\\\/#primaryimage\",\"url\":\"https:\\\/\\\/bpk-archive.de\\\/tuellmann\\\/wp-content\\\/uploads\\\/2019\\\/08\\\/bpk_70240636.jpg\",\"contentUrl\":\"https:\\\/\\\/bpk-archive.de\\\/tuellmann\\\/wp-content\\\/uploads\\\/2019\\\/08\\\/bpk_70240636.jpg\",\"width\":1200,\"height\":940,\"caption\":\"Protestplakat gegen den geplanten Bau eines Kraftwerkes am Oberj\u00e4gerweg im Spandauer Wald\"},{\"@type\":\"BreadcrumbList\",\"@id\":\"https:\\\/\\\/bpk-archive.de\\\/tuellmann\\\/produkt\\\/protestplakat-gegen-den-geplanten-bau-eines-kraftwerkes-am-oberjaegerweg-im-spandauer-wald\\\/#breadcrumb\",\"itemListElement\":[{\"@type\":\"ListItem\",\"position\":1,\"name\":\"Startseite\",\"item\":\"https:\\\/\\\/bpk-archive.de\\\/tuellmann\\\/\"},{\"@type\":\"ListItem\",\"position\":2,\"name\":\"Shop\",\"item\":\"https:\\\/\\\/bpk-archive.de\\\/tuellmann\\\/shop\\\/\"},{\"@type\":\"ListItem\",\"position\":3,\"name\":\"Protestplakat gegen den geplanten Bau eines Kraftwerkes am Oberj\u00e4gerweg im Spandauer Wald\"}]},{\"@type\":\"WebSite\",\"@id\":\"https:\\\/\\\/bpk-archive.de\\\/tuellmann\\\/#website\",\"url\":\"https:\\\/\\\/bpk-archive.de\\\/tuellmann\\\/\",\"name\":\"Abisag T\u00fcllmann\",\"description\":\"Eine weitere WordPress-Website\",\"potentialAction\":[{\"@type\":\"SearchAction\",\"target\":{\"@type\":\"EntryPoint\",\"urlTemplate\":\"https:\\\/\\\/bpk-archive.de\\\/tuellmann\\\/?s={search_term_string}\"},\"query-input\":{\"@type\":\"PropertyValueSpecification\",\"valueRequired\":true,\"valueName\":\"search_term_string\"}}],\"inLanguage\":\"de\"}]}<\/script>\n<!-- \/ Yoast SEO plugin. -->","yoast_head_json":{"title":"Protestplakat gegen den geplanten Bau eines Kraftwerkes am Oberj\u00e4gerweg im Spandauer Wald - Abisag T\u00fcllmann","robots":{"index":"index","follow":"follow","max-snippet":"max-snippet:-1","max-image-preview":"max-image-preview:large","max-video-preview":"max-video-preview:-1"},"canonical":"https:\/\/bpk-archive.de\/tuellmann\/produkt\/protestplakat-gegen-den-geplanten-bau-eines-kraftwerkes-am-oberjaegerweg-im-spandauer-wald\/","og_locale":"de_DE","og_type":"article","og_title":"Protestplakat gegen den geplanten Bau eines Kraftwerkes am Oberj\u00e4gerweg im Spandauer Wald - Abisag T\u00fcllmann","og_description":"in der N\u00e4he einer Blockh\u00fctte von Kraftwerksgegnern","og_url":"https:\/\/bpk-archive.de\/tuellmann\/produkt\/protestplakat-gegen-den-geplanten-bau-eines-kraftwerkes-am-oberjaegerweg-im-spandauer-wald\/","og_site_name":"Abisag T\u00fcllmann","article_modified_time":"2019-09-05T14:13:03+00:00","og_image":[{"width":1200,"height":940,"url":"https:\/\/bpk-archive.de\/tuellmann\/wp-content\/uploads\/2019\/08\/bpk_70240636.jpg","type":"image\/jpeg"}],"twitter_card":"summary_large_image","schema":{"@context":"https:\/\/schema.org","@graph":[{"@type":"WebPage","@id":"https:\/\/bpk-archive.de\/tuellmann\/produkt\/protestplakat-gegen-den-geplanten-bau-eines-kraftwerkes-am-oberjaegerweg-im-spandauer-wald\/","url":"https:\/\/bpk-archive.de\/tuellmann\/produkt\/protestplakat-gegen-den-geplanten-bau-eines-kraftwerkes-am-oberjaegerweg-im-spandauer-wald\/","name":"Protestplakat gegen den geplanten Bau eines Kraftwerkes am Oberj\u00e4gerweg im Spandauer Wald - Abisag T\u00fcllmann","isPartOf":{"@id":"https:\/\/bpk-archive.de\/tuellmann\/#website"},"primaryImageOfPage":{"@id":"https:\/\/bpk-archive.de\/tuellmann\/produkt\/protestplakat-gegen-den-geplanten-bau-eines-kraftwerkes-am-oberjaegerweg-im-spandauer-wald\/#primaryimage"},"image":{"@id":"https:\/\/bpk-archive.de\/tuellmann\/produkt\/protestplakat-gegen-den-geplanten-bau-eines-kraftwerkes-am-oberjaegerweg-im-spandauer-wald\/#primaryimage"},"thumbnailUrl":"https:\/\/bpk-archive.de\/tuellmann\/wp-content\/uploads\/2019\/08\/bpk_70240636.jpg","datePublished":"2019-09-05T14:13:01+00:00","dateModified":"2019-09-05T14:13:03+00:00","breadcrumb":{"@id":"https:\/\/bpk-archive.de\/tuellmann\/produkt\/protestplakat-gegen-den-geplanten-bau-eines-kraftwerkes-am-oberjaegerweg-im-spandauer-wald\/#breadcrumb"},"inLanguage":"de","potentialAction":[{"@type":"ReadAction","target":["https:\/\/bpk-archive.de\/tuellmann\/produkt\/protestplakat-gegen-den-geplanten-bau-eines-kraftwerkes-am-oberjaegerweg-im-spandauer-wald\/"]}]},{"@type":"ImageObject","inLanguage":"de","@id":"https:\/\/bpk-archive.de\/tuellmann\/produkt\/protestplakat-gegen-den-geplanten-bau-eines-kraftwerkes-am-oberjaegerweg-im-spandauer-wald\/#primaryimage","url":"https:\/\/bpk-archive.de\/tuellmann\/wp-content\/uploads\/2019\/08\/bpk_70240636.jpg","contentUrl":"https:\/\/bpk-archive.de\/tuellmann\/wp-content\/uploads\/2019\/08\/bpk_70240636.jpg","width":1200,"height":940,"caption":"Protestplakat gegen den geplanten Bau eines Kraftwerkes am Oberj\u00e4gerweg im Spandauer Wald"},{"@type":"BreadcrumbList","@id":"https:\/\/bpk-archive.de\/tuellmann\/produkt\/protestplakat-gegen-den-geplanten-bau-eines-kraftwerkes-am-oberjaegerweg-im-spandauer-wald\/#breadcrumb","itemListElement":[{"@type":"ListItem","position":1,"name":"Startseite","item":"https:\/\/bpk-archive.de\/tuellmann\/"},{"@type":"ListItem","position":2,"name":"Shop","item":"https:\/\/bpk-archive.de\/tuellmann\/shop\/"},{"@type":"ListItem","position":3,"name":"Protestplakat gegen den geplanten Bau eines Kraftwerkes am Oberj\u00e4gerweg im Spandauer Wald"}]},{"@type":"WebSite","@id":"https:\/\/bpk-archive.de\/tuellmann\/#website","url":"https:\/\/bpk-archive.de\/tuellmann\/","name":"Abisag T\u00fcllmann","description":"Eine weitere WordPress-Website","potentialAction":[{"@type":"SearchAction","target":{"@type":"EntryPoint","urlTemplate":"https:\/\/bpk-archive.de\/tuellmann\/?s={search_term_string}"},"query-input":{"@type":"PropertyValueSpecification","valueRequired":true,"valueName":"search_term_string"}}],"inLanguage":"de"}]}},"_links":{"self":[{"href":"https:\/\/bpk-archive.de\/tuellmann\/wp-json\/wp\/v2\/product\/70296960","targetHints":{"allow":["GET"]}}],"collection":[{"href":"https:\/\/bpk-archive.de\/tuellmann\/wp-json\/wp\/v2\/product"}],"about":[{"href":"https:\/\/bpk-archive.de\/tuellmann\/wp-json\/wp\/v2\/types\/product"}],"wp:featuredmedia":[{"embeddable":true,"href":"https:\/\/bpk-archive.de\/tuellmann\/wp-json\/wp\/v2\/media\/70291940"}],"wp:attachment":[{"href":"https:\/\/bpk-archive.de\/tuellmann\/wp-json\/wp\/v2\/media?parent=70296960"}],"wp:term":[{"taxonomy":"product_brand","embeddable":true,"href":"https:\/\/bpk-archive.de\/tuellmann\/wp-json\/wp\/v2\/product_brand?post=70296960"},{"taxonomy":"product_cat","embeddable":true,"href":"https:\/\/bpk-archive.de\/tuellmann\/wp-json\/wp\/v2\/product_cat?post=70296960"},{"taxonomy":"product_tag","embeddable":true,"href":"https:\/\/bpk-archive.de\/tuellmann\/wp-json\/wp\/v2\/product_tag?post=70296960"}],"curies":[{"name":"wp","href":"https:\/\/api.w.org\/{rel}","templated":true}]}}