{"id":70296954,"date":"2019-09-05T16:12:41","date_gmt":"2019-09-05T14:12:41","guid":{"rendered":"http:\/\/abisagtuellmann.bpk-news.de\/atbild\/keine-jede-stimme-der-pds-wahlkampfparole-an-einer-hauswand-in-einem-dorf-in-thueringen\/"},"modified":"2019-09-05T16:12:57","modified_gmt":"2019-09-05T14:12:57","slug":"keine-jede-stimme-der-pds-wahlkampfparole-an-einer-hauswand-in-einem-dorf-in-thueringen","status":"publish","type":"product","link":"https:\/\/bpk-archive.de\/tuellmann\/produkt\/keine-jede-stimme-der-pds-wahlkampfparole-an-einer-hauswand-in-einem-dorf-in-thueringen\/","title":{"rendered":"&#8222;Keine\/Jede Stimme der PDS&#8220; &#8211; Wahlkampfparole an einer Hauswand in einem Dorf in Th\u00fcringen"},"content":{"rendered":"<p>R\u00fcckseitenbeschriftung von Hand der Fotografin: &#8222;DDR, ein Dorf in Th\u00fcringen, M\u00e4rz 1990&#8220;<\/p>\n","protected":false},"excerpt":{"rendered":"<p>R\u00fcckseitenbeschriftung von Hand der Fotografin: &#8222;DDR, ein Dorf in Th\u00fcringen, M\u00e4rz 1990&#8220;<\/p>\n","protected":false},"featured_media":70291879,"template":"","meta":[],"product_brand":[],"product_cat":[],"product_tag":[14308,13232,13234,13231,13233,14309,57286,57287,57288,57289,65667,13777,53761,13250,51968,51969,51970,51971,51972,47365,47366,47367,13469,65954,65955,65956,65957,13470,13253,13254,65717,13255,65718,13256,13257,13471,13472,50851,50852,50853,50854,13260,13293,13786,13787,13294,13295,13296,13297,47377,51979,49216,49217,57290,65875,65876,49218,49219,49220,49221,49222,49223,13301,60364,60365,60366,60367,60368,60369,47499,47500,47501,47502,47503,65958,65959,65960,65961,65962,65963,14328,60469,60470,60471,60472,60473,61255,61256,49229,49230,65964,13328,13827,13828,13329,13330,13331,13332,13843,47404,47405,13877,13879,54373,62309,13865,13864,13866,13858,13859,13860,13861,13862,13863,13869,13870,13871,13872,49236,49239,13878,13880,61269,61313,61270,61271,61272,61273,61274,54277,54278,54279,54280,54281,48327,48328,48329,65965,65966,47340,47341,47342,65720],"class_list":{"0":"post-70296954","1":"product","2":"type-product","3":"status-publish","4":"has-post-thumbnail","6":"product_tag-1990er-jahre","7":"product_tag-20-jahrhundert-nach-chr","8":"product_tag-20-jh-n-chr","9":"product_tag-20-jahrhundert","10":"product_tag-20-jh","11":"product_tag-90er","12":"product_tag-absurd","13":"product_tag-absurde","14":"product_tag-absurder","15":"product_tag-absurdes","16":"product_tag-abt_014","17":"product_tag-abzug","18":"product_tag-at_schrift","19":"product_tag-aussen","20":"product_tag-bauernhaus","21":"product_tag-bauernhaeuser","22":"product_tag-bauernhaeusern","23":"product_tag-bauernhof","24":"product_tag-bauernhoefe","25":"product_tag-bauten","26":"product_tag-bauwerk","27":"product_tag-bauwerke","28":"product_tag-brd","29":"product_tag-bundesland","30":"product_tag-bundeslaender","31":"product_tag-bundeslandes","32":"product_tag-bundeslands","33":"product_tag-bundesrepublik-deutschland","34":"product_tag-deutsch","35":"product_tag-deutsche","36":"product_tag-deutsche-einheit","37":"product_tag-deutschen","38":"product_tag-deutschen-einheit","39":"product_tag-deutscher","40":"product_tag-deutsches","41":"product_tag-deutschland","42":"product_tag-deutschlands","43":"product_tag-dorf","44":"product_tag-dorfe","45":"product_tag-doerfer","46":"product_tag-dorfes","47":"product_tag-draussen","48":"product_tag-foto","49":"product_tag-fotoabzug","50":"product_tag-fotoabzuege","51":"product_tag-fotografie","52":"product_tag-fotografien","53":"product_tag-fotografin","54":"product_tag-fotografinnen","55":"product_tag-gebaeude","56":"product_tag-gehoeft","57":"product_tag-graffiti","58":"product_tag-graffito","59":"product_tag-grotesk","60":"product_tag-groteske","61":"product_tag-grotesken","62":"product_tag-haeuserwand","63":"product_tag-haeuserwaende","64":"product_tag-haeuserwaenden","65":"product_tag-hauswand","66":"product_tag-hauswaende","67":"product_tag-hauswaenden","68":"product_tag-im-freien","69":"product_tag-ironie","70":"product_tag-ironisch","71":"product_tag-ironische","72":"product_tag-ironischen","73":"product_tag-ironischer","74":"product_tag-ironisches","75":"product_tag-menschenleer","76":"product_tag-menschenleere","77":"product_tag-menschenleeren","78":"product_tag-menschenleerer","79":"product_tag-menschenleeres","80":"product_tag-neu","81":"product_tag-neue","82":"product_tag-neue-bundeslaender","83":"product_tag-neuen","84":"product_tag-neuer","85":"product_tag-neues","86":"product_tag-neunziger","87":"product_tag-ostdeutsch","88":"product_tag-ostdeutsche","89":"product_tag-ostdeutschen","90":"product_tag-ostdeutscher","91":"product_tag-ostdeutsches","92":"product_tag-ostdeutschland","93":"product_tag-ostdeutschlands","94":"product_tag-parole","95":"product_tag-parolen","96":"product_tag-pds","97":"product_tag-photo","98":"product_tag-photoabzug","99":"product_tag-photoabzuege","100":"product_tag-photographie","101":"product_tag-photographien","102":"product_tag-photographin","103":"product_tag-photographinnen","104":"product_tag-print","105":"product_tag-ruine","106":"product_tag-ruinen","107":"product_tag-s-w-fotografie","108":"product_tag-s-w-photographie","109":"product_tag-schmiererei","110":"product_tag-schmierereien","111":"product_tag-schwarzweissphotographie","112":"product_tag-schwarz-weiss-fotografie","113":"product_tag-schwarz-weiss-photographie","114":"product_tag-schwarzweiss","115":"product_tag-schwarzweisse","116":"product_tag-schwarzweissen","117":"product_tag-schwarzweisser","118":"product_tag-schwarzweisses","119":"product_tag-schwarzweissfotografie","120":"product_tag-silbergelatine","121":"product_tag-silbergelatineabzug","122":"product_tag-silbergelatineabzuege","123":"product_tag-silbergelatineprint","124":"product_tag-slogan","125":"product_tag-spruch","126":"product_tag-sw-fotografie","127":"product_tag-sw-photographie","128":"product_tag-thueringen","129":"product_tag-thueringer","130":"product_tag-thueringisch","131":"product_tag-thueringische","132":"product_tag-thueringischen","133":"product_tag-thueringischer","134":"product_tag-thueringisches","135":"product_tag-verfallen","136":"product_tag-verfallene","137":"product_tag-verfallenen","138":"product_tag-verfallener","139":"product_tag-verfallenes","140":"product_tag-wahlkampf","141":"product_tag-wahlkaempfe","142":"product_tag-wahlkampfs","143":"product_tag-wahlspruch","144":"product_tag-wahlsprueche","145":"product_tag-wand","146":"product_tag-waende","147":"product_tag-waenden","148":"product_tag-wiedervereinigung","149":"pa_datierung-26161","150":"pa_fotograf-abisag-tuellmann","151":"pa_geografischer_bezug-aufnahmeort-thueringen-deutschland","152":"pa_grunddaten_material_technik-foto-silbergelatine-auf-barytpapier","153":"pa_inventarnummer-tue-90-024-35","154":"pa_jahr_von-63075","155":"pa_massangaben-bildformat-foto-232-x-303-cm","156":"pa_mediennummer-65951","157":"pa_objekt_typ-fotografie","159":"first","160":"instock","161":"product-type-simple"},"yoast_head":"<!-- This site is optimized with the Yoast SEO plugin v27.4 - https:\/\/yoast.com\/product\/yoast-seo-wordpress\/ -->\n<title>&quot;Keine\/Jede Stimme der PDS&quot; - Wahlkampfparole an einer Hauswand in einem Dorf in Th\u00fcringen - Abisag T\u00fcllmann<\/title>\n<meta name=\"robots\" content=\"index, follow, max-snippet:-1, max-image-preview:large, max-video-preview:-1\" \/>\n<link rel=\"canonical\" href=\"https:\/\/bpk-archive.de\/tuellmann\/produkt\/keine-jede-stimme-der-pds-wahlkampfparole-an-einer-hauswand-in-einem-dorf-in-thueringen\/\" \/>\n<meta property=\"og:locale\" content=\"de_DE\" \/>\n<meta property=\"og:type\" content=\"article\" \/>\n<meta property=\"og:title\" content=\"&quot;Keine\/Jede Stimme der PDS&quot; - Wahlkampfparole an einer Hauswand in einem Dorf in Th\u00fcringen - Abisag T\u00fcllmann\" \/>\n<meta property=\"og:description\" content=\"R\u00fcckseitenbeschriftung von Hand der Fotografin: &#8222;DDR, ein Dorf in Th\u00fcringen, M\u00e4rz 1990&#8220;\" \/>\n<meta property=\"og:url\" content=\"https:\/\/bpk-archive.de\/tuellmann\/produkt\/keine-jede-stimme-der-pds-wahlkampfparole-an-einer-hauswand-in-einem-dorf-in-thueringen\/\" \/>\n<meta property=\"og:site_name\" content=\"Abisag T\u00fcllmann\" \/>\n<meta property=\"article:modified_time\" content=\"2019-09-05T14:12:57+00:00\" \/>\n<meta property=\"og:image\" content=\"https:\/\/bpk-archive.de\/tuellmann\/wp-content\/uploads\/2019\/08\/bpk_70240615.jpg\" \/>\n\t<meta property=\"og:image:width\" content=\"1200\" \/>\n\t<meta property=\"og:image:height\" content=\"934\" \/>\n\t<meta property=\"og:image:type\" content=\"image\/jpeg\" \/>\n<meta name=\"twitter:card\" content=\"summary_large_image\" \/>\n<script type=\"application\/ld+json\" class=\"yoast-schema-graph\">{\"@context\":\"https:\\\/\\\/schema.org\",\"@graph\":[{\"@type\":\"WebPage\",\"@id\":\"https:\\\/\\\/bpk-archive.de\\\/tuellmann\\\/produkt\\\/keine-jede-stimme-der-pds-wahlkampfparole-an-einer-hauswand-in-einem-dorf-in-thueringen\\\/\",\"url\":\"https:\\\/\\\/bpk-archive.de\\\/tuellmann\\\/produkt\\\/keine-jede-stimme-der-pds-wahlkampfparole-an-einer-hauswand-in-einem-dorf-in-thueringen\\\/\",\"name\":\"\\\"Keine\\\/Jede Stimme der PDS\\\" - Wahlkampfparole an einer Hauswand in einem Dorf in Th\u00fcringen - Abisag T\u00fcllmann\",\"isPartOf\":{\"@id\":\"https:\\\/\\\/bpk-archive.de\\\/tuellmann\\\/#website\"},\"primaryImageOfPage\":{\"@id\":\"https:\\\/\\\/bpk-archive.de\\\/tuellmann\\\/produkt\\\/keine-jede-stimme-der-pds-wahlkampfparole-an-einer-hauswand-in-einem-dorf-in-thueringen\\\/#primaryimage\"},\"image\":{\"@id\":\"https:\\\/\\\/bpk-archive.de\\\/tuellmann\\\/produkt\\\/keine-jede-stimme-der-pds-wahlkampfparole-an-einer-hauswand-in-einem-dorf-in-thueringen\\\/#primaryimage\"},\"thumbnailUrl\":\"https:\\\/\\\/bpk-archive.de\\\/tuellmann\\\/wp-content\\\/uploads\\\/2019\\\/08\\\/bpk_70240615.jpg\",\"datePublished\":\"2019-09-05T14:12:41+00:00\",\"dateModified\":\"2019-09-05T14:12:57+00:00\",\"breadcrumb\":{\"@id\":\"https:\\\/\\\/bpk-archive.de\\\/tuellmann\\\/produkt\\\/keine-jede-stimme-der-pds-wahlkampfparole-an-einer-hauswand-in-einem-dorf-in-thueringen\\\/#breadcrumb\"},\"inLanguage\":\"de\",\"potentialAction\":[{\"@type\":\"ReadAction\",\"target\":[\"https:\\\/\\\/bpk-archive.de\\\/tuellmann\\\/produkt\\\/keine-jede-stimme-der-pds-wahlkampfparole-an-einer-hauswand-in-einem-dorf-in-thueringen\\\/\"]}]},{\"@type\":\"ImageObject\",\"inLanguage\":\"de\",\"@id\":\"https:\\\/\\\/bpk-archive.de\\\/tuellmann\\\/produkt\\\/keine-jede-stimme-der-pds-wahlkampfparole-an-einer-hauswand-in-einem-dorf-in-thueringen\\\/#primaryimage\",\"url\":\"https:\\\/\\\/bpk-archive.de\\\/tuellmann\\\/wp-content\\\/uploads\\\/2019\\\/08\\\/bpk_70240615.jpg\",\"contentUrl\":\"https:\\\/\\\/bpk-archive.de\\\/tuellmann\\\/wp-content\\\/uploads\\\/2019\\\/08\\\/bpk_70240615.jpg\",\"width\":1200,\"height\":934,\"caption\":\"\\\"Keine\\\/Jede Stimme der PDS\\\" - Wahlkampfparole an einer Hauswand in einem Dorf in Th\u00fcringen\"},{\"@type\":\"BreadcrumbList\",\"@id\":\"https:\\\/\\\/bpk-archive.de\\\/tuellmann\\\/produkt\\\/keine-jede-stimme-der-pds-wahlkampfparole-an-einer-hauswand-in-einem-dorf-in-thueringen\\\/#breadcrumb\",\"itemListElement\":[{\"@type\":\"ListItem\",\"position\":1,\"name\":\"Startseite\",\"item\":\"https:\\\/\\\/bpk-archive.de\\\/tuellmann\\\/\"},{\"@type\":\"ListItem\",\"position\":2,\"name\":\"Shop\",\"item\":\"https:\\\/\\\/bpk-archive.de\\\/tuellmann\\\/shop\\\/\"},{\"@type\":\"ListItem\",\"position\":3,\"name\":\"&#8220;Keine\\\/Jede Stimme der PDS&#8221; &#8211; Wahlkampfparole an einer Hauswand in einem Dorf in Th\u00fcringen\"}]},{\"@type\":\"WebSite\",\"@id\":\"https:\\\/\\\/bpk-archive.de\\\/tuellmann\\\/#website\",\"url\":\"https:\\\/\\\/bpk-archive.de\\\/tuellmann\\\/\",\"name\":\"Abisag T\u00fcllmann\",\"description\":\"Eine weitere WordPress-Website\",\"potentialAction\":[{\"@type\":\"SearchAction\",\"target\":{\"@type\":\"EntryPoint\",\"urlTemplate\":\"https:\\\/\\\/bpk-archive.de\\\/tuellmann\\\/?s={search_term_string}\"},\"query-input\":{\"@type\":\"PropertyValueSpecification\",\"valueRequired\":true,\"valueName\":\"search_term_string\"}}],\"inLanguage\":\"de\"}]}<\/script>\n<!-- \/ Yoast SEO plugin. -->","yoast_head_json":{"title":"\"Keine\/Jede Stimme der PDS\" - Wahlkampfparole an einer Hauswand in einem Dorf in Th\u00fcringen - Abisag T\u00fcllmann","robots":{"index":"index","follow":"follow","max-snippet":"max-snippet:-1","max-image-preview":"max-image-preview:large","max-video-preview":"max-video-preview:-1"},"canonical":"https:\/\/bpk-archive.de\/tuellmann\/produkt\/keine-jede-stimme-der-pds-wahlkampfparole-an-einer-hauswand-in-einem-dorf-in-thueringen\/","og_locale":"de_DE","og_type":"article","og_title":"\"Keine\/Jede Stimme der PDS\" - Wahlkampfparole an einer Hauswand in einem Dorf in Th\u00fcringen - Abisag T\u00fcllmann","og_description":"R\u00fcckseitenbeschriftung von Hand der Fotografin: &#8222;DDR, ein Dorf in Th\u00fcringen, M\u00e4rz 1990&#8220;","og_url":"https:\/\/bpk-archive.de\/tuellmann\/produkt\/keine-jede-stimme-der-pds-wahlkampfparole-an-einer-hauswand-in-einem-dorf-in-thueringen\/","og_site_name":"Abisag T\u00fcllmann","article_modified_time":"2019-09-05T14:12:57+00:00","og_image":[{"width":1200,"height":934,"url":"https:\/\/bpk-archive.de\/tuellmann\/wp-content\/uploads\/2019\/08\/bpk_70240615.jpg","type":"image\/jpeg"}],"twitter_card":"summary_large_image","schema":{"@context":"https:\/\/schema.org","@graph":[{"@type":"WebPage","@id":"https:\/\/bpk-archive.de\/tuellmann\/produkt\/keine-jede-stimme-der-pds-wahlkampfparole-an-einer-hauswand-in-einem-dorf-in-thueringen\/","url":"https:\/\/bpk-archive.de\/tuellmann\/produkt\/keine-jede-stimme-der-pds-wahlkampfparole-an-einer-hauswand-in-einem-dorf-in-thueringen\/","name":"\"Keine\/Jede Stimme der PDS\" - Wahlkampfparole an einer Hauswand in einem Dorf in Th\u00fcringen - Abisag T\u00fcllmann","isPartOf":{"@id":"https:\/\/bpk-archive.de\/tuellmann\/#website"},"primaryImageOfPage":{"@id":"https:\/\/bpk-archive.de\/tuellmann\/produkt\/keine-jede-stimme-der-pds-wahlkampfparole-an-einer-hauswand-in-einem-dorf-in-thueringen\/#primaryimage"},"image":{"@id":"https:\/\/bpk-archive.de\/tuellmann\/produkt\/keine-jede-stimme-der-pds-wahlkampfparole-an-einer-hauswand-in-einem-dorf-in-thueringen\/#primaryimage"},"thumbnailUrl":"https:\/\/bpk-archive.de\/tuellmann\/wp-content\/uploads\/2019\/08\/bpk_70240615.jpg","datePublished":"2019-09-05T14:12:41+00:00","dateModified":"2019-09-05T14:12:57+00:00","breadcrumb":{"@id":"https:\/\/bpk-archive.de\/tuellmann\/produkt\/keine-jede-stimme-der-pds-wahlkampfparole-an-einer-hauswand-in-einem-dorf-in-thueringen\/#breadcrumb"},"inLanguage":"de","potentialAction":[{"@type":"ReadAction","target":["https:\/\/bpk-archive.de\/tuellmann\/produkt\/keine-jede-stimme-der-pds-wahlkampfparole-an-einer-hauswand-in-einem-dorf-in-thueringen\/"]}]},{"@type":"ImageObject","inLanguage":"de","@id":"https:\/\/bpk-archive.de\/tuellmann\/produkt\/keine-jede-stimme-der-pds-wahlkampfparole-an-einer-hauswand-in-einem-dorf-in-thueringen\/#primaryimage","url":"https:\/\/bpk-archive.de\/tuellmann\/wp-content\/uploads\/2019\/08\/bpk_70240615.jpg","contentUrl":"https:\/\/bpk-archive.de\/tuellmann\/wp-content\/uploads\/2019\/08\/bpk_70240615.jpg","width":1200,"height":934,"caption":"\"Keine\/Jede Stimme der PDS\" - Wahlkampfparole an einer Hauswand in einem Dorf in Th\u00fcringen"},{"@type":"BreadcrumbList","@id":"https:\/\/bpk-archive.de\/tuellmann\/produkt\/keine-jede-stimme-der-pds-wahlkampfparole-an-einer-hauswand-in-einem-dorf-in-thueringen\/#breadcrumb","itemListElement":[{"@type":"ListItem","position":1,"name":"Startseite","item":"https:\/\/bpk-archive.de\/tuellmann\/"},{"@type":"ListItem","position":2,"name":"Shop","item":"https:\/\/bpk-archive.de\/tuellmann\/shop\/"},{"@type":"ListItem","position":3,"name":"&#8220;Keine\/Jede Stimme der PDS&#8221; &#8211; Wahlkampfparole an einer Hauswand in einem Dorf in Th\u00fcringen"}]},{"@type":"WebSite","@id":"https:\/\/bpk-archive.de\/tuellmann\/#website","url":"https:\/\/bpk-archive.de\/tuellmann\/","name":"Abisag T\u00fcllmann","description":"Eine weitere WordPress-Website","potentialAction":[{"@type":"SearchAction","target":{"@type":"EntryPoint","urlTemplate":"https:\/\/bpk-archive.de\/tuellmann\/?s={search_term_string}"},"query-input":{"@type":"PropertyValueSpecification","valueRequired":true,"valueName":"search_term_string"}}],"inLanguage":"de"}]}},"_links":{"self":[{"href":"https:\/\/bpk-archive.de\/tuellmann\/wp-json\/wp\/v2\/product\/70296954","targetHints":{"allow":["GET"]}}],"collection":[{"href":"https:\/\/bpk-archive.de\/tuellmann\/wp-json\/wp\/v2\/product"}],"about":[{"href":"https:\/\/bpk-archive.de\/tuellmann\/wp-json\/wp\/v2\/types\/product"}],"wp:featuredmedia":[{"embeddable":true,"href":"https:\/\/bpk-archive.de\/tuellmann\/wp-json\/wp\/v2\/media\/70291879"}],"wp:attachment":[{"href":"https:\/\/bpk-archive.de\/tuellmann\/wp-json\/wp\/v2\/media?parent=70296954"}],"wp:term":[{"taxonomy":"product_brand","embeddable":true,"href":"https:\/\/bpk-archive.de\/tuellmann\/wp-json\/wp\/v2\/product_brand?post=70296954"},{"taxonomy":"product_cat","embeddable":true,"href":"https:\/\/bpk-archive.de\/tuellmann\/wp-json\/wp\/v2\/product_cat?post=70296954"},{"taxonomy":"product_tag","embeddable":true,"href":"https:\/\/bpk-archive.de\/tuellmann\/wp-json\/wp\/v2\/product_tag?post=70296954"}],"curies":[{"name":"wp","href":"https:\/\/api.w.org\/{rel}","templated":true}]}}