{"id":70296941,"date":"2019-09-05T16:12:41","date_gmt":"2019-09-05T14:12:41","guid":{"rendered":"http:\/\/abisagtuellmann.bpk-news.de\/atbild\/die-stunde-der-antigone\/"},"modified":"2019-09-05T16:12:46","modified_gmt":"2019-09-05T14:12:46","slug":"die-stunde-der-antigone","status":"publish","type":"product","link":"https:\/\/bpk-archive.de\/tuellmann\/produkt\/die-stunde-der-antigone\/","title":{"rendered":"&#8222;Die Stunde der Antigone&#8220;"},"content":{"rendered":"<p>Theaterst\u00fcck von Claus Hubalek R\u00fcckseitenbeschriftung von Hand der Fotografin: &#8222;&#8218;Stunde der Antigone'&#8220;<\/p>\n","protected":false},"excerpt":{"rendered":"<p>Theaterst\u00fcck von Claus Hubalek R\u00fcckseitenbeschriftung von Hand der Fotografin: &#8222;&#8218;Stunde der Antigone&#8217;&#8220;<\/p>\n","protected":false},"featured_media":70291854,"template":"","meta":[],"product_brand":[],"product_cat":[],"product_tag":[13774,13232,13234,13231,13233,13775,64041,13777,13456,13457,13778,13462,13463,13464,13465,13466,13467,13468,48201,48202,48203,13469,13470,13471,13472,13473,13293,13786,13787,13294,13295,13296,13297,13485,13486,13482,13481,13483,13484,13487,13488,50335,50336,13492,13493,13494,13495,13496,13497,13498,49747,49748,49749,49750,49751,49752,49753,13818,13819,13826,47447,47448,13328,13827,13828,13329,13330,13331,13332,13843,51807,51808,14073,14074,14075,14076,14077,13877,13879,50340,50341,50342,50343,50344,50345,59391,59392,50346,13865,13864,13866,13858,13859,13860,13861,13862,13863,13867,13869,13870,13871,13872,14243,14244,14245,14246,14247,14248,14249,13878,13880,58689,58694,59403,59404,59405,59406,59407,50049,50050,50051,50052,50053,50054,13525,52431,52432,52433,52434,52435,52436,51814,51815,51816,51817,51818],"class_list":{"0":"post-70296941","1":"product","2":"type-product","3":"status-publish","4":"has-post-thumbnail","6":"product_tag-1960er-jahre","7":"product_tag-20-jahrhundert-nach-chr","8":"product_tag-20-jh-n-chr","9":"product_tag-20-jahrhundert","10":"product_tag-20-jh","11":"product_tag-60er","12":"product_tag-abt_020","13":"product_tag-abzug","14":"product_tag-anschauen","15":"product_tag-anschauend","16":"product_tag-at_konsum-freizeit","17":"product_tag-betrachten","18":"product_tag-betrachtend","19":"product_tag-betrachtende","20":"product_tag-betrachtender","21":"product_tag-betrachtendes","22":"product_tag-betrachtet","23":"product_tag-betrachtung","24":"product_tag-blick","25":"product_tag-blicke","26":"product_tag-blicken","27":"product_tag-brd","28":"product_tag-bundesrepublik-deutschland","29":"product_tag-deutschland","30":"product_tag-deutschlands","31":"product_tag-drinnen","32":"product_tag-foto","33":"product_tag-fotoabzug","34":"product_tag-fotoabzuege","35":"product_tag-fotografie","36":"product_tag-fotografien","37":"product_tag-fotografin","38":"product_tag-fotografinnen","39":"product_tag-frankfurt-m","40":"product_tag-frankfurt-main","41":"product_tag-frankfurt-a-main","42":"product_tag-frankfurt-a-m","43":"product_tag-frankfurt-am-main","44":"product_tag-frankfurter","45":"product_tag-frau","46":"product_tag-frauen","47":"product_tag-gucken","48":"product_tag-guckt","49":"product_tag-hessen","50":"product_tag-hessisch","51":"product_tag-hessische","52":"product_tag-hessischen","53":"product_tag-hessischer","54":"product_tag-hessisches","55":"product_tag-innen","56":"product_tag-lektuere","57":"product_tag-lesen","58":"product_tag-lesend","59":"product_tag-lesende","60":"product_tag-lesenden","61":"product_tag-lesender","62":"product_tag-lesendes","63":"product_tag-mann","64":"product_tag-maenner","65":"product_tag-mannes","66":"product_tag-menschengruppe","67":"product_tag-menschengruppen","68":"product_tag-photo","69":"product_tag-photoabzug","70":"product_tag-photoabzuege","71":"product_tag-photographie","72":"product_tag-photographien","73":"product_tag-photographin","74":"product_tag-photographinnen","75":"product_tag-print","76":"product_tag-publikum","77":"product_tag-publikums","78":"product_tag-rauchend","79":"product_tag-rauchende","80":"product_tag-rauchenden","81":"product_tag-rauchender","82":"product_tag-rauchendes","83":"product_tag-s-w-fotografie","84":"product_tag-s-w-photographie","85":"product_tag-schauen","86":"product_tag-schauend","87":"product_tag-schauende","88":"product_tag-schauenden","89":"product_tag-schauender","90":"product_tag-schauendes","91":"product_tag-schauspiel","92":"product_tag-schauspiele","93":"product_tag-schaut","94":"product_tag-schwarzweissphotographie","95":"product_tag-schwarz-weiss-fotografie","96":"product_tag-schwarz-weiss-photographie","97":"product_tag-schwarzweiss","98":"product_tag-schwarzweisse","99":"product_tag-schwarzweissen","100":"product_tag-schwarzweisser","101":"product_tag-schwarzweisses","102":"product_tag-schwarzweissfotografie","103":"product_tag-sechziger","104":"product_tag-silbergelatine","105":"product_tag-silbergelatineabzug","106":"product_tag-silbergelatineabzuege","107":"product_tag-silbergelatineprint","108":"product_tag-sitzen","109":"product_tag-sitzend","110":"product_tag-sitzende","111":"product_tag-sitzenden","112":"product_tag-sitzender","113":"product_tag-sitzendes","114":"product_tag-sitzt","115":"product_tag-sw-fotografie","116":"product_tag-sw-photographie","117":"product_tag-theater","118":"product_tag-theaters","119":"product_tag-theaterstueck","120":"product_tag-theaterstuecke","121":"product_tag-theaterstuecken","122":"product_tag-theaterstueckes","123":"product_tag-theaterstuecks","124":"product_tag-trinken","125":"product_tag-trinkend","126":"product_tag-trinkende","127":"product_tag-trinkenden","128":"product_tag-trinkender","129":"product_tag-trinkendes","130":"product_tag-von-innen","131":"product_tag-zuschauen","132":"product_tag-zuschauend","133":"product_tag-zuschauende","134":"product_tag-zuschauenden","135":"product_tag-zuschauender","136":"product_tag-zuschauendes","137":"product_tag-zuschauer","138":"product_tag-zuschauerin","139":"product_tag-zuschauerinnen","140":"product_tag-zuschauern","141":"product_tag-zuschauers","142":"pa_datierung-november-1960","143":"pa_fotograf-abisag-tuellmann","144":"pa_geografischer_bezug-aufnahmeort-frankfurt-am-main-deutschland","145":"pa_grunddaten_material_technik-foto-silbergelatine-auf-barytpapier","146":"pa_inventarnummer-tue-60-249-13","147":"pa_jahr_von-57092","148":"pa_massangaben-bildformat-foto-232-x-296-cm","149":"pa_mediennummer-65829","150":"pa_objekt_typ-fotografie","152":"first","153":"instock","154":"product-type-simple"},"yoast_head":"<!-- This site is optimized with the Yoast SEO plugin v27.4 - https:\/\/yoast.com\/product\/yoast-seo-wordpress\/ -->\n<title>&quot;Die Stunde der Antigone&quot; - Abisag T\u00fcllmann<\/title>\n<meta name=\"robots\" content=\"index, follow, max-snippet:-1, max-image-preview:large, max-video-preview:-1\" \/>\n<link rel=\"canonical\" href=\"https:\/\/bpk-archive.de\/tuellmann\/produkt\/die-stunde-der-antigone\/\" \/>\n<meta property=\"og:locale\" content=\"de_DE\" \/>\n<meta property=\"og:type\" content=\"article\" \/>\n<meta property=\"og:title\" content=\"&quot;Die Stunde der Antigone&quot; - Abisag T\u00fcllmann\" \/>\n<meta property=\"og:description\" content=\"Theaterst\u00fcck von Claus Hubalek R\u00fcckseitenbeschriftung von Hand der Fotografin: &#8222;&#8218;Stunde der Antigone&#039;&#8220;\" \/>\n<meta property=\"og:url\" content=\"https:\/\/bpk-archive.de\/tuellmann\/produkt\/die-stunde-der-antigone\/\" \/>\n<meta property=\"og:site_name\" content=\"Abisag T\u00fcllmann\" \/>\n<meta property=\"article:modified_time\" content=\"2019-09-05T14:12:46+00:00\" \/>\n<meta property=\"og:image\" content=\"https:\/\/bpk-archive.de\/tuellmann\/wp-content\/uploads\/2019\/08\/bpk_70240657.jpg\" \/>\n\t<meta property=\"og:image:width\" content=\"1200\" \/>\n\t<meta property=\"og:image:height\" content=\"950\" \/>\n\t<meta property=\"og:image:type\" content=\"image\/jpeg\" \/>\n<meta name=\"twitter:card\" content=\"summary_large_image\" \/>\n<script type=\"application\/ld+json\" class=\"yoast-schema-graph\">{\"@context\":\"https:\\\/\\\/schema.org\",\"@graph\":[{\"@type\":\"WebPage\",\"@id\":\"https:\\\/\\\/bpk-archive.de\\\/tuellmann\\\/produkt\\\/die-stunde-der-antigone\\\/\",\"url\":\"https:\\\/\\\/bpk-archive.de\\\/tuellmann\\\/produkt\\\/die-stunde-der-antigone\\\/\",\"name\":\"\\\"Die Stunde der Antigone\\\" - Abisag T\u00fcllmann\",\"isPartOf\":{\"@id\":\"https:\\\/\\\/bpk-archive.de\\\/tuellmann\\\/#website\"},\"primaryImageOfPage\":{\"@id\":\"https:\\\/\\\/bpk-archive.de\\\/tuellmann\\\/produkt\\\/die-stunde-der-antigone\\\/#primaryimage\"},\"image\":{\"@id\":\"https:\\\/\\\/bpk-archive.de\\\/tuellmann\\\/produkt\\\/die-stunde-der-antigone\\\/#primaryimage\"},\"thumbnailUrl\":\"https:\\\/\\\/bpk-archive.de\\\/tuellmann\\\/wp-content\\\/uploads\\\/2019\\\/08\\\/bpk_70240657.jpg\",\"datePublished\":\"2019-09-05T14:12:41+00:00\",\"dateModified\":\"2019-09-05T14:12:46+00:00\",\"breadcrumb\":{\"@id\":\"https:\\\/\\\/bpk-archive.de\\\/tuellmann\\\/produkt\\\/die-stunde-der-antigone\\\/#breadcrumb\"},\"inLanguage\":\"de\",\"potentialAction\":[{\"@type\":\"ReadAction\",\"target\":[\"https:\\\/\\\/bpk-archive.de\\\/tuellmann\\\/produkt\\\/die-stunde-der-antigone\\\/\"]}]},{\"@type\":\"ImageObject\",\"inLanguage\":\"de\",\"@id\":\"https:\\\/\\\/bpk-archive.de\\\/tuellmann\\\/produkt\\\/die-stunde-der-antigone\\\/#primaryimage\",\"url\":\"https:\\\/\\\/bpk-archive.de\\\/tuellmann\\\/wp-content\\\/uploads\\\/2019\\\/08\\\/bpk_70240657.jpg\",\"contentUrl\":\"https:\\\/\\\/bpk-archive.de\\\/tuellmann\\\/wp-content\\\/uploads\\\/2019\\\/08\\\/bpk_70240657.jpg\",\"width\":1200,\"height\":950,\"caption\":\"\\\"Die Stunde der Antigone\\\"\"},{\"@type\":\"BreadcrumbList\",\"@id\":\"https:\\\/\\\/bpk-archive.de\\\/tuellmann\\\/produkt\\\/die-stunde-der-antigone\\\/#breadcrumb\",\"itemListElement\":[{\"@type\":\"ListItem\",\"position\":1,\"name\":\"Startseite\",\"item\":\"https:\\\/\\\/bpk-archive.de\\\/tuellmann\\\/\"},{\"@type\":\"ListItem\",\"position\":2,\"name\":\"Shop\",\"item\":\"https:\\\/\\\/bpk-archive.de\\\/tuellmann\\\/shop\\\/\"},{\"@type\":\"ListItem\",\"position\":3,\"name\":\"&#8220;Die Stunde der Antigone&#8221;\"}]},{\"@type\":\"WebSite\",\"@id\":\"https:\\\/\\\/bpk-archive.de\\\/tuellmann\\\/#website\",\"url\":\"https:\\\/\\\/bpk-archive.de\\\/tuellmann\\\/\",\"name\":\"Abisag T\u00fcllmann\",\"description\":\"Eine weitere WordPress-Website\",\"potentialAction\":[{\"@type\":\"SearchAction\",\"target\":{\"@type\":\"EntryPoint\",\"urlTemplate\":\"https:\\\/\\\/bpk-archive.de\\\/tuellmann\\\/?s={search_term_string}\"},\"query-input\":{\"@type\":\"PropertyValueSpecification\",\"valueRequired\":true,\"valueName\":\"search_term_string\"}}],\"inLanguage\":\"de\"}]}<\/script>\n<!-- \/ Yoast SEO plugin. -->","yoast_head_json":{"title":"\"Die Stunde der Antigone\" - Abisag T\u00fcllmann","robots":{"index":"index","follow":"follow","max-snippet":"max-snippet:-1","max-image-preview":"max-image-preview:large","max-video-preview":"max-video-preview:-1"},"canonical":"https:\/\/bpk-archive.de\/tuellmann\/produkt\/die-stunde-der-antigone\/","og_locale":"de_DE","og_type":"article","og_title":"\"Die Stunde der Antigone\" - Abisag T\u00fcllmann","og_description":"Theaterst\u00fcck von Claus Hubalek R\u00fcckseitenbeschriftung von Hand der Fotografin: &#8222;&#8218;Stunde der Antigone'&#8220;","og_url":"https:\/\/bpk-archive.de\/tuellmann\/produkt\/die-stunde-der-antigone\/","og_site_name":"Abisag T\u00fcllmann","article_modified_time":"2019-09-05T14:12:46+00:00","og_image":[{"width":1200,"height":950,"url":"https:\/\/bpk-archive.de\/tuellmann\/wp-content\/uploads\/2019\/08\/bpk_70240657.jpg","type":"image\/jpeg"}],"twitter_card":"summary_large_image","schema":{"@context":"https:\/\/schema.org","@graph":[{"@type":"WebPage","@id":"https:\/\/bpk-archive.de\/tuellmann\/produkt\/die-stunde-der-antigone\/","url":"https:\/\/bpk-archive.de\/tuellmann\/produkt\/die-stunde-der-antigone\/","name":"\"Die Stunde der Antigone\" - Abisag T\u00fcllmann","isPartOf":{"@id":"https:\/\/bpk-archive.de\/tuellmann\/#website"},"primaryImageOfPage":{"@id":"https:\/\/bpk-archive.de\/tuellmann\/produkt\/die-stunde-der-antigone\/#primaryimage"},"image":{"@id":"https:\/\/bpk-archive.de\/tuellmann\/produkt\/die-stunde-der-antigone\/#primaryimage"},"thumbnailUrl":"https:\/\/bpk-archive.de\/tuellmann\/wp-content\/uploads\/2019\/08\/bpk_70240657.jpg","datePublished":"2019-09-05T14:12:41+00:00","dateModified":"2019-09-05T14:12:46+00:00","breadcrumb":{"@id":"https:\/\/bpk-archive.de\/tuellmann\/produkt\/die-stunde-der-antigone\/#breadcrumb"},"inLanguage":"de","potentialAction":[{"@type":"ReadAction","target":["https:\/\/bpk-archive.de\/tuellmann\/produkt\/die-stunde-der-antigone\/"]}]},{"@type":"ImageObject","inLanguage":"de","@id":"https:\/\/bpk-archive.de\/tuellmann\/produkt\/die-stunde-der-antigone\/#primaryimage","url":"https:\/\/bpk-archive.de\/tuellmann\/wp-content\/uploads\/2019\/08\/bpk_70240657.jpg","contentUrl":"https:\/\/bpk-archive.de\/tuellmann\/wp-content\/uploads\/2019\/08\/bpk_70240657.jpg","width":1200,"height":950,"caption":"\"Die Stunde der Antigone\""},{"@type":"BreadcrumbList","@id":"https:\/\/bpk-archive.de\/tuellmann\/produkt\/die-stunde-der-antigone\/#breadcrumb","itemListElement":[{"@type":"ListItem","position":1,"name":"Startseite","item":"https:\/\/bpk-archive.de\/tuellmann\/"},{"@type":"ListItem","position":2,"name":"Shop","item":"https:\/\/bpk-archive.de\/tuellmann\/shop\/"},{"@type":"ListItem","position":3,"name":"&#8220;Die Stunde der Antigone&#8221;"}]},{"@type":"WebSite","@id":"https:\/\/bpk-archive.de\/tuellmann\/#website","url":"https:\/\/bpk-archive.de\/tuellmann\/","name":"Abisag T\u00fcllmann","description":"Eine weitere WordPress-Website","potentialAction":[{"@type":"SearchAction","target":{"@type":"EntryPoint","urlTemplate":"https:\/\/bpk-archive.de\/tuellmann\/?s={search_term_string}"},"query-input":{"@type":"PropertyValueSpecification","valueRequired":true,"valueName":"search_term_string"}}],"inLanguage":"de"}]}},"_links":{"self":[{"href":"https:\/\/bpk-archive.de\/tuellmann\/wp-json\/wp\/v2\/product\/70296941","targetHints":{"allow":["GET"]}}],"collection":[{"href":"https:\/\/bpk-archive.de\/tuellmann\/wp-json\/wp\/v2\/product"}],"about":[{"href":"https:\/\/bpk-archive.de\/tuellmann\/wp-json\/wp\/v2\/types\/product"}],"wp:featuredmedia":[{"embeddable":true,"href":"https:\/\/bpk-archive.de\/tuellmann\/wp-json\/wp\/v2\/media\/70291854"}],"wp:attachment":[{"href":"https:\/\/bpk-archive.de\/tuellmann\/wp-json\/wp\/v2\/media?parent=70296941"}],"wp:term":[{"taxonomy":"product_brand","embeddable":true,"href":"https:\/\/bpk-archive.de\/tuellmann\/wp-json\/wp\/v2\/product_brand?post=70296941"},{"taxonomy":"product_cat","embeddable":true,"href":"https:\/\/bpk-archive.de\/tuellmann\/wp-json\/wp\/v2\/product_cat?post=70296941"},{"taxonomy":"product_tag","embeddable":true,"href":"https:\/\/bpk-archive.de\/tuellmann\/wp-json\/wp\/v2\/product_tag?post=70296941"}],"curies":[{"name":"wp","href":"https:\/\/api.w.org\/{rel}","templated":true}]}}