{"id":70296936,"date":"2019-09-05T16:12:23","date_gmt":"2019-09-05T14:12:23","guid":{"rendered":"http:\/\/abisagtuellmann.bpk-news.de\/atbild\/maenner-vor-einem-griechischen-spezialitaetengeschaeft-in-der-taunus-strasse\/"},"modified":"2019-09-05T16:12:39","modified_gmt":"2019-09-05T14:12:39","slug":"maenner-vor-einem-griechischen-spezialitaetengeschaeft-in-der-taunus-strasse","status":"publish","type":"product","link":"https:\/\/bpk-archive.de\/tuellmann\/produkt\/maenner-vor-einem-griechischen-spezialitaetengeschaeft-in-der-taunus-strasse\/","title":{"rendered":"M\u00e4nner vor einem griechischen Spezialit\u00e4tengesch\u00e4ft in der Taunus Stra\u00dfe"},"content":{"rendered":"<p>R\u00fcckseitenbeschriftung von Hand der Fotografin: &#8222;Taunus Stra\u00dfe&#8220;<\/p>\n","protected":false},"excerpt":{"rendered":"<p>R\u00fcckseitenbeschriftung von Hand der Fotografin: &#8222;Taunus Stra\u00dfe&#8220;<\/p>\n","protected":false},"featured_media":70291824,"template":"","meta":[],"product_brand":[],"product_cat":[],"product_tag":[13774,13232,13234,13231,13233,13775,65667,13777,55971,13250,49019,49020,14177,13469,13470,60675,56003,13253,13254,13255,13256,13257,13471,13472,13260,56006,56007,56008,13293,13786,13787,13294,13295,13296,13297,13485,13486,13482,13481,13483,13484,47556,50037,50038,50039,50040,47557,47558,47559,53698,53699,53700,53701,53702,53703,13492,13493,13494,13495,13496,13497,13301,47560,48778,48779,13818,13819,13826,47561,47562,13328,13827,13828,13329,13330,13331,13332,13843,49046,49047,13877,13879,50043,50044,50045,50046,48499,48500,13865,13864,13866,13858,13859,13860,13861,13862,13863,13867,13869,13870,13871,13872,65818,48165,48166,47408,47409,13878,13880,50047,50048,48288,48289,49048,50055,50056,47359],"class_list":{"0":"post-70296936","1":"product","2":"type-product","3":"status-publish","4":"has-post-thumbnail","6":"product_tag-1960er-jahre","7":"product_tag-20-jahrhundert-nach-chr","8":"product_tag-20-jh-n-chr","9":"product_tag-20-jahrhundert","10":"product_tag-20-jh","11":"product_tag-60er","12":"product_tag-abt_014","13":"product_tag-abzug","14":"product_tag-at_coca-cola","15":"product_tag-aussen","16":"product_tag-aussenreklame","17":"product_tag-aussenwerbung","18":"product_tag-blickkontakt","19":"product_tag-brd","20":"product_tag-bundesrepublik-deutschland","21":"product_tag-cola","22":"product_tag-delikatessengeschaeft","23":"product_tag-deutsch","24":"product_tag-deutsche","25":"product_tag-deutschen","26":"product_tag-deutscher","27":"product_tag-deutsches","28":"product_tag-deutschland","29":"product_tag-deutschlands","30":"product_tag-draussen","31":"product_tag-feinkost","32":"product_tag-feinkostgeschaeft","33":"product_tag-feinkostladen","34":"product_tag-foto","35":"product_tag-fotoabzug","36":"product_tag-fotoabzuege","37":"product_tag-fotografie","38":"product_tag-fotografien","39":"product_tag-fotografin","40":"product_tag-fotografinnen","41":"product_tag-frankfurt-m","42":"product_tag-frankfurt-main","43":"product_tag-frankfurt-a-main","44":"product_tag-frankfurt-a-m","45":"product_tag-frankfurt-am-main","46":"product_tag-frankfurter","47":"product_tag-fussgaenger","48":"product_tag-gasthaus","49":"product_tag-gasthaeuser","50":"product_tag-gaststaette","51":"product_tag-gaststaetten","52":"product_tag-geschaeft","53":"product_tag-geschaefte","54":"product_tag-geschaeftes","55":"product_tag-griechisch","56":"product_tag-griechische","57":"product_tag-griechischem","58":"product_tag-griechischen","59":"product_tag-griechischer","60":"product_tag-griechisches","61":"product_tag-hessen","62":"product_tag-hessisch","63":"product_tag-hessische","64":"product_tag-hessischen","65":"product_tag-hessischer","66":"product_tag-hessisches","67":"product_tag-im-freien","68":"product_tag-laden","69":"product_tag-lokal","70":"product_tag-lokale","71":"product_tag-mann","72":"product_tag-maenner","73":"product_tag-mannes","74":"product_tag-passant","75":"product_tag-passanten","76":"product_tag-photo","77":"product_tag-photoabzug","78":"product_tag-photoabzuege","79":"product_tag-photographie","80":"product_tag-photographien","81":"product_tag-photographin","82":"product_tag-photographinnen","83":"product_tag-print","84":"product_tag-reclame","85":"product_tag-reklame","86":"product_tag-s-w-fotografie","87":"product_tag-s-w-photographie","88":"product_tag-schaenke","89":"product_tag-schaenken","90":"product_tag-schenke","91":"product_tag-schenken","92":"product_tag-schild","93":"product_tag-schilder","94":"product_tag-schwarzweissphotographie","95":"product_tag-schwarz-weiss-fotografie","96":"product_tag-schwarz-weiss-photographie","97":"product_tag-schwarzweiss","98":"product_tag-schwarzweisse","99":"product_tag-schwarzweissen","100":"product_tag-schwarzweisser","101":"product_tag-schwarzweisses","102":"product_tag-schwarzweissfotografie","103":"product_tag-sechziger","104":"product_tag-silbergelatine","105":"product_tag-silbergelatineabzug","106":"product_tag-silbergelatineabzuege","107":"product_tag-silbergelatineprint","108":"product_tag-spezialitaet","109":"product_tag-strasse","110":"product_tag-strassen","111":"product_tag-strassenleben","112":"product_tag-strassenszene","113":"product_tag-sw-fotografie","114":"product_tag-sw-photographie","115":"product_tag-taverne","116":"product_tag-tavernen","117":"product_tag-werbeschild","118":"product_tag-werbeschilder","119":"product_tag-werbung","120":"product_tag-wirtshaus","121":"product_tag-wirtshaeuser","122":"product_tag-zwei","123":"pa_datierung-februar-1969","124":"pa_fotograf-abisag-tuellmann","125":"pa_geografischer_bezug-aufnahmeort-frankfurt-am-main-deutschland","126":"pa_grunddaten_material_technik-foto-silbergelatine-auf-barytpapier","127":"pa_inventarnummer-tue-69-054-32","128":"pa_jahr_von-14258","129":"pa_massangaben-bildformat-foto-297-x-232-cm","130":"pa_mediennummer-65816","131":"pa_objekt_typ-fotografie","133":"first","134":"instock","135":"product-type-simple"},"yoast_head":"<!-- This site is optimized with the Yoast SEO plugin v27.3 - https:\/\/yoast.com\/product\/yoast-seo-wordpress\/ -->\n<title>M\u00e4nner vor einem griechischen Spezialit\u00e4tengesch\u00e4ft in der Taunus Stra\u00dfe - Abisag T\u00fcllmann<\/title>\n<meta name=\"robots\" content=\"index, follow, max-snippet:-1, max-image-preview:large, max-video-preview:-1\" \/>\n<link rel=\"canonical\" href=\"https:\/\/bpk-archive.de\/tuellmann\/produkt\/maenner-vor-einem-griechischen-spezialitaetengeschaeft-in-der-taunus-strasse\/\" \/>\n<meta property=\"og:locale\" content=\"de_DE\" \/>\n<meta property=\"og:type\" content=\"article\" \/>\n<meta property=\"og:title\" content=\"M\u00e4nner vor einem griechischen Spezialit\u00e4tengesch\u00e4ft in der Taunus Stra\u00dfe - Abisag T\u00fcllmann\" \/>\n<meta property=\"og:description\" content=\"R\u00fcckseitenbeschriftung von Hand der Fotografin: &#8222;Taunus Stra\u00dfe&#8220;\" \/>\n<meta property=\"og:url\" content=\"https:\/\/bpk-archive.de\/tuellmann\/produkt\/maenner-vor-einem-griechischen-spezialitaetengeschaeft-in-der-taunus-strasse\/\" \/>\n<meta property=\"og:site_name\" content=\"Abisag T\u00fcllmann\" \/>\n<meta property=\"article:modified_time\" content=\"2019-09-05T14:12:39+00:00\" \/>\n<meta property=\"og:image\" content=\"https:\/\/bpk-archive.de\/tuellmann\/wp-content\/uploads\/2019\/08\/bpk_70240647.jpg\" \/>\n\t<meta property=\"og:image:width\" content=\"958\" \/>\n\t<meta property=\"og:image:height\" content=\"1200\" \/>\n\t<meta property=\"og:image:type\" content=\"image\/jpeg\" \/>\n<meta name=\"twitter:card\" content=\"summary_large_image\" \/>\n<script type=\"application\/ld+json\" class=\"yoast-schema-graph\">{\"@context\":\"https:\\\/\\\/schema.org\",\"@graph\":[{\"@type\":\"WebPage\",\"@id\":\"https:\\\/\\\/bpk-archive.de\\\/tuellmann\\\/produkt\\\/maenner-vor-einem-griechischen-spezialitaetengeschaeft-in-der-taunus-strasse\\\/\",\"url\":\"https:\\\/\\\/bpk-archive.de\\\/tuellmann\\\/produkt\\\/maenner-vor-einem-griechischen-spezialitaetengeschaeft-in-der-taunus-strasse\\\/\",\"name\":\"M\u00e4nner vor einem griechischen Spezialit\u00e4tengesch\u00e4ft in der Taunus Stra\u00dfe - Abisag T\u00fcllmann\",\"isPartOf\":{\"@id\":\"https:\\\/\\\/bpk-archive.de\\\/tuellmann\\\/#website\"},\"primaryImageOfPage\":{\"@id\":\"https:\\\/\\\/bpk-archive.de\\\/tuellmann\\\/produkt\\\/maenner-vor-einem-griechischen-spezialitaetengeschaeft-in-der-taunus-strasse\\\/#primaryimage\"},\"image\":{\"@id\":\"https:\\\/\\\/bpk-archive.de\\\/tuellmann\\\/produkt\\\/maenner-vor-einem-griechischen-spezialitaetengeschaeft-in-der-taunus-strasse\\\/#primaryimage\"},\"thumbnailUrl\":\"https:\\\/\\\/bpk-archive.de\\\/tuellmann\\\/wp-content\\\/uploads\\\/2019\\\/08\\\/bpk_70240647.jpg\",\"datePublished\":\"2019-09-05T14:12:23+00:00\",\"dateModified\":\"2019-09-05T14:12:39+00:00\",\"breadcrumb\":{\"@id\":\"https:\\\/\\\/bpk-archive.de\\\/tuellmann\\\/produkt\\\/maenner-vor-einem-griechischen-spezialitaetengeschaeft-in-der-taunus-strasse\\\/#breadcrumb\"},\"inLanguage\":\"de\",\"potentialAction\":[{\"@type\":\"ReadAction\",\"target\":[\"https:\\\/\\\/bpk-archive.de\\\/tuellmann\\\/produkt\\\/maenner-vor-einem-griechischen-spezialitaetengeschaeft-in-der-taunus-strasse\\\/\"]}]},{\"@type\":\"ImageObject\",\"inLanguage\":\"de\",\"@id\":\"https:\\\/\\\/bpk-archive.de\\\/tuellmann\\\/produkt\\\/maenner-vor-einem-griechischen-spezialitaetengeschaeft-in-der-taunus-strasse\\\/#primaryimage\",\"url\":\"https:\\\/\\\/bpk-archive.de\\\/tuellmann\\\/wp-content\\\/uploads\\\/2019\\\/08\\\/bpk_70240647.jpg\",\"contentUrl\":\"https:\\\/\\\/bpk-archive.de\\\/tuellmann\\\/wp-content\\\/uploads\\\/2019\\\/08\\\/bpk_70240647.jpg\",\"width\":958,\"height\":1200,\"caption\":\"M\u00e4nner vor einem griechischen Spezialit\u00e4tengesch\u00e4ft in der Taunus Stra\u00dfe\"},{\"@type\":\"BreadcrumbList\",\"@id\":\"https:\\\/\\\/bpk-archive.de\\\/tuellmann\\\/produkt\\\/maenner-vor-einem-griechischen-spezialitaetengeschaeft-in-der-taunus-strasse\\\/#breadcrumb\",\"itemListElement\":[{\"@type\":\"ListItem\",\"position\":1,\"name\":\"Startseite\",\"item\":\"https:\\\/\\\/bpk-archive.de\\\/tuellmann\\\/\"},{\"@type\":\"ListItem\",\"position\":2,\"name\":\"Shop\",\"item\":\"https:\\\/\\\/bpk-archive.de\\\/tuellmann\\\/shop\\\/\"},{\"@type\":\"ListItem\",\"position\":3,\"name\":\"M\u00e4nner vor einem griechischen Spezialit\u00e4tengesch\u00e4ft in der Taunus Stra\u00dfe\"}]},{\"@type\":\"WebSite\",\"@id\":\"https:\\\/\\\/bpk-archive.de\\\/tuellmann\\\/#website\",\"url\":\"https:\\\/\\\/bpk-archive.de\\\/tuellmann\\\/\",\"name\":\"Abisag T\u00fcllmann\",\"description\":\"Eine weitere WordPress-Website\",\"potentialAction\":[{\"@type\":\"SearchAction\",\"target\":{\"@type\":\"EntryPoint\",\"urlTemplate\":\"https:\\\/\\\/bpk-archive.de\\\/tuellmann\\\/?s={search_term_string}\"},\"query-input\":{\"@type\":\"PropertyValueSpecification\",\"valueRequired\":true,\"valueName\":\"search_term_string\"}}],\"inLanguage\":\"de\"}]}<\/script>\n<!-- \/ Yoast SEO plugin. -->","yoast_head_json":{"title":"M\u00e4nner vor einem griechischen Spezialit\u00e4tengesch\u00e4ft in der Taunus Stra\u00dfe - Abisag T\u00fcllmann","robots":{"index":"index","follow":"follow","max-snippet":"max-snippet:-1","max-image-preview":"max-image-preview:large","max-video-preview":"max-video-preview:-1"},"canonical":"https:\/\/bpk-archive.de\/tuellmann\/produkt\/maenner-vor-einem-griechischen-spezialitaetengeschaeft-in-der-taunus-strasse\/","og_locale":"de_DE","og_type":"article","og_title":"M\u00e4nner vor einem griechischen Spezialit\u00e4tengesch\u00e4ft in der Taunus Stra\u00dfe - Abisag T\u00fcllmann","og_description":"R\u00fcckseitenbeschriftung von Hand der Fotografin: &#8222;Taunus Stra\u00dfe&#8220;","og_url":"https:\/\/bpk-archive.de\/tuellmann\/produkt\/maenner-vor-einem-griechischen-spezialitaetengeschaeft-in-der-taunus-strasse\/","og_site_name":"Abisag T\u00fcllmann","article_modified_time":"2019-09-05T14:12:39+00:00","og_image":[{"width":958,"height":1200,"url":"https:\/\/bpk-archive.de\/tuellmann\/wp-content\/uploads\/2019\/08\/bpk_70240647.jpg","type":"image\/jpeg"}],"twitter_card":"summary_large_image","schema":{"@context":"https:\/\/schema.org","@graph":[{"@type":"WebPage","@id":"https:\/\/bpk-archive.de\/tuellmann\/produkt\/maenner-vor-einem-griechischen-spezialitaetengeschaeft-in-der-taunus-strasse\/","url":"https:\/\/bpk-archive.de\/tuellmann\/produkt\/maenner-vor-einem-griechischen-spezialitaetengeschaeft-in-der-taunus-strasse\/","name":"M\u00e4nner vor einem griechischen Spezialit\u00e4tengesch\u00e4ft in der Taunus Stra\u00dfe - Abisag T\u00fcllmann","isPartOf":{"@id":"https:\/\/bpk-archive.de\/tuellmann\/#website"},"primaryImageOfPage":{"@id":"https:\/\/bpk-archive.de\/tuellmann\/produkt\/maenner-vor-einem-griechischen-spezialitaetengeschaeft-in-der-taunus-strasse\/#primaryimage"},"image":{"@id":"https:\/\/bpk-archive.de\/tuellmann\/produkt\/maenner-vor-einem-griechischen-spezialitaetengeschaeft-in-der-taunus-strasse\/#primaryimage"},"thumbnailUrl":"https:\/\/bpk-archive.de\/tuellmann\/wp-content\/uploads\/2019\/08\/bpk_70240647.jpg","datePublished":"2019-09-05T14:12:23+00:00","dateModified":"2019-09-05T14:12:39+00:00","breadcrumb":{"@id":"https:\/\/bpk-archive.de\/tuellmann\/produkt\/maenner-vor-einem-griechischen-spezialitaetengeschaeft-in-der-taunus-strasse\/#breadcrumb"},"inLanguage":"de","potentialAction":[{"@type":"ReadAction","target":["https:\/\/bpk-archive.de\/tuellmann\/produkt\/maenner-vor-einem-griechischen-spezialitaetengeschaeft-in-der-taunus-strasse\/"]}]},{"@type":"ImageObject","inLanguage":"de","@id":"https:\/\/bpk-archive.de\/tuellmann\/produkt\/maenner-vor-einem-griechischen-spezialitaetengeschaeft-in-der-taunus-strasse\/#primaryimage","url":"https:\/\/bpk-archive.de\/tuellmann\/wp-content\/uploads\/2019\/08\/bpk_70240647.jpg","contentUrl":"https:\/\/bpk-archive.de\/tuellmann\/wp-content\/uploads\/2019\/08\/bpk_70240647.jpg","width":958,"height":1200,"caption":"M\u00e4nner vor einem griechischen Spezialit\u00e4tengesch\u00e4ft in der Taunus Stra\u00dfe"},{"@type":"BreadcrumbList","@id":"https:\/\/bpk-archive.de\/tuellmann\/produkt\/maenner-vor-einem-griechischen-spezialitaetengeschaeft-in-der-taunus-strasse\/#breadcrumb","itemListElement":[{"@type":"ListItem","position":1,"name":"Startseite","item":"https:\/\/bpk-archive.de\/tuellmann\/"},{"@type":"ListItem","position":2,"name":"Shop","item":"https:\/\/bpk-archive.de\/tuellmann\/shop\/"},{"@type":"ListItem","position":3,"name":"M\u00e4nner vor einem griechischen Spezialit\u00e4tengesch\u00e4ft in der Taunus Stra\u00dfe"}]},{"@type":"WebSite","@id":"https:\/\/bpk-archive.de\/tuellmann\/#website","url":"https:\/\/bpk-archive.de\/tuellmann\/","name":"Abisag T\u00fcllmann","description":"Eine weitere WordPress-Website","potentialAction":[{"@type":"SearchAction","target":{"@type":"EntryPoint","urlTemplate":"https:\/\/bpk-archive.de\/tuellmann\/?s={search_term_string}"},"query-input":{"@type":"PropertyValueSpecification","valueRequired":true,"valueName":"search_term_string"}}],"inLanguage":"de"}]}},"_links":{"self":[{"href":"https:\/\/bpk-archive.de\/tuellmann\/wp-json\/wp\/v2\/product\/70296936","targetHints":{"allow":["GET"]}}],"collection":[{"href":"https:\/\/bpk-archive.de\/tuellmann\/wp-json\/wp\/v2\/product"}],"about":[{"href":"https:\/\/bpk-archive.de\/tuellmann\/wp-json\/wp\/v2\/types\/product"}],"wp:featuredmedia":[{"embeddable":true,"href":"https:\/\/bpk-archive.de\/tuellmann\/wp-json\/wp\/v2\/media\/70291824"}],"wp:attachment":[{"href":"https:\/\/bpk-archive.de\/tuellmann\/wp-json\/wp\/v2\/media?parent=70296936"}],"wp:term":[{"taxonomy":"product_brand","embeddable":true,"href":"https:\/\/bpk-archive.de\/tuellmann\/wp-json\/wp\/v2\/product_brand?post=70296936"},{"taxonomy":"product_cat","embeddable":true,"href":"https:\/\/bpk-archive.de\/tuellmann\/wp-json\/wp\/v2\/product_cat?post=70296936"},{"taxonomy":"product_tag","embeddable":true,"href":"https:\/\/bpk-archive.de\/tuellmann\/wp-json\/wp\/v2\/product_tag?post=70296936"}],"curies":[{"name":"wp","href":"https:\/\/api.w.org\/{rel}","templated":true}]}}