{"id":70296851,"date":"2019-09-05T16:11:16","date_gmt":"2019-09-05T14:11:16","guid":{"rendered":"http:\/\/abisagtuellmann.bpk-news.de\/atbild\/strassenszene-in-neapel-2\/"},"modified":"2020-08-11T16:27:19","modified_gmt":"2020-08-11T14:27:19","slug":"strassenszene-in-neapel-2","status":"publish","type":"product","link":"https:\/\/bpk-archive.de\/tuellmann\/produkt\/strassenszene-in-neapel-2\/","title":{"rendered":"Stra\u00dfenszene in Neapel"},"content":{"rendered":"<p>R\u00fcckseitenbeschriftung von Hand der Fotografin: &#8222;Neapel&#8220;<\/p>\n","protected":false},"excerpt":{"rendered":"<p>R\u00fcckseitenbeschriftung von Hand der Fotografin: &#8222;Neapel&#8220;<\/p>\n","protected":false},"featured_media":70293516,"template":"","meta":[],"product_brand":[],"product_cat":[73380],"product_tag":[13230,13232,13234,13231,13233,13235,14271,13777,47541,47542,47543,47544,47545,47547,47548,48643,65395,59907,13250,14177,14178,14179,14060,14061,13253,13254,13255,13256,13257,13260,62610,65396,62611,62612,13293,13786,13787,13294,13295,13296,13297,13487,13488,47556,47557,47558,47559,49080,49081,49082,49083,62614,51455,51456,51457,13301,51234,51508,51509,53313,53314,51510,51511,51512,51513,51514,51515,51516,13813,13814,14203,14204,14205,14206,14207,14213,14218,14219,14220,14221,47560,13310,13311,13818,13819,13826,47769,47770,47773,47774,47775,47776,47777,51518,51519,51520,51521,51522,47447,47448,51523,51524,64110,64111,64112,47561,47562,13328,13827,13828,13329,13330,13331,13332,13843,48677,48678,48924,48925,48926,13877,13879,65397,47858,47859,13865,13864,13866,13858,13859,13860,13861,13862,13863,13354,13869,13870,13871,13872,51243,51244,51245,47408,47409,49085,49086,51537,51538,51539,51540,51541,51542,51543,51544,57745,57746,57747,57748,57749,57750,60692,60693,57751,57752,13878,13880,14081,14082,48686],"class_list":{"0":"post-70296851","1":"product","2":"type-product","3":"status-publish","4":"has-post-thumbnail","6":"product_cat-italien","7":"product_tag-1970er-jahre","8":"product_tag-20-jahrhundert-nach-chr","9":"product_tag-20-jh-n-chr","10":"product_tag-20-jahrhundert","11":"product_tag-20-jh","12":"product_tag-70er","13":"product_tag-abt_009","14":"product_tag-abzug","15":"product_tag-alltag","16":"product_tag-alltaeglich","17":"product_tag-alltaegliche","18":"product_tag-alltaeglicher","19":"product_tag-alltaegliches","20":"product_tag-alltagsszene","21":"product_tag-alltagsszenen","22":"product_tag-altstadt","23":"product_tag-anzuenden","24":"product_tag-at_italien","25":"product_tag-aussen","26":"product_tag-blickkontakt","27":"product_tag-bube","28":"product_tag-buben","29":"product_tag-cigarette","30":"product_tag-cigaretten","31":"product_tag-deutsch","32":"product_tag-deutsche","33":"product_tag-deutschen","34":"product_tag-deutscher","35":"product_tag-deutsches","36":"product_tag-draussen","37":"product_tag-feuer","38":"product_tag-feuerbecken","39":"product_tag-feuern","40":"product_tag-feuers","41":"product_tag-foto","42":"product_tag-fotoabzug","43":"product_tag-fotoabzuege","44":"product_tag-fotografie","45":"product_tag-fotografien","46":"product_tag-fotografin","47":"product_tag-fotografinnen","48":"product_tag-frau","49":"product_tag-frauen","50":"product_tag-fussgaenger","51":"product_tag-geschaeft","52":"product_tag-geschaefte","53":"product_tag-geschaeftes","54":"product_tag-haeuserreihe","55":"product_tag-haeuserreihen","56":"product_tag-haeuserzeile","57":"product_tag-haeuserzeilen","58":"product_tag-holzfeuer","59":"product_tag-holzkloben","60":"product_tag-holzscheit","61":"product_tag-holzscheite","62":"product_tag-im-freien","63":"product_tag-innenstadt","64":"product_tag-italien","65":"product_tag-italiener","66":"product_tag-italienerin","67":"product_tag-italienerinnen","68":"product_tag-italienern","69":"product_tag-italienisch","70":"product_tag-italienische","71":"product_tag-italienischen","72":"product_tag-italienischer","73":"product_tag-italienisches","74":"product_tag-italiens","75":"product_tag-junge","76":"product_tag-jungen","77":"product_tag-jungens","78":"product_tag-jungs","79":"product_tag-kind","80":"product_tag-kinde","81":"product_tag-kinder","82":"product_tag-kindern","83":"product_tag-kindes","84":"product_tag-kindheit","85":"product_tag-knabe","86":"product_tag-knaben","87":"product_tag-laden","88":"product_tag-maedchen","89":"product_tag-maedchens","90":"product_tag-mann","91":"product_tag-maenner","92":"product_tag-mannes","93":"product_tag-marktfrau","94":"product_tag-marktfrauen","95":"product_tag-marktstand","96":"product_tag-marktstaende","97":"product_tag-marktszene","98":"product_tag-marktszenen","99":"product_tag-markttreiben","100":"product_tag-mediterran","101":"product_tag-mediterrane","102":"product_tag-mediterranen","103":"product_tag-mediterraner","104":"product_tag-mediterranes","105":"product_tag-menschengruppe","106":"product_tag-menschengruppen","107":"product_tag-mittelmeerland","108":"product_tag-mittelmeerlaender","109":"product_tag-neapel","110":"product_tag-neapolitaner","111":"product_tag-neapolitanisch","112":"product_tag-passant","113":"product_tag-passanten","114":"product_tag-photo","115":"product_tag-photoabzug","116":"product_tag-photoabzuege","117":"product_tag-photographie","118":"product_tag-photographien","119":"product_tag-photographin","120":"product_tag-photographinnen","121":"product_tag-print","122":"product_tag-rauchen","123":"product_tag-raucher","124":"product_tag-regen","125":"product_tag-regenwetter","126":"product_tag-regnen","127":"product_tag-s-w-fotografie","128":"product_tag-s-w-photographie","129":"product_tag-scheitholz","130":"product_tag-schulterblick","131":"product_tag-schulterblicke","132":"product_tag-schwarzweissphotographie","133":"product_tag-schwarz-weiss-fotografie","134":"product_tag-schwarz-weiss-photographie","135":"product_tag-schwarzweiss","136":"product_tag-schwarzweisse","137":"product_tag-schwarzweissen","138":"product_tag-schwarzweisser","139":"product_tag-schwarzweisses","140":"product_tag-schwarzweissfotografie","141":"product_tag-siebziger","142":"product_tag-silbergelatine","143":"product_tag-silbergelatineabzug","144":"product_tag-silbergelatineabzuege","145":"product_tag-silbergelatineprint","146":"product_tag-stadtzentren","147":"product_tag-stadtzentrum","148":"product_tag-stadtzentrums","149":"product_tag-strassenleben","150":"product_tag-strassenszene","151":"product_tag-strassenzug","152":"product_tag-strassenzuege","153":"product_tag-suedeuropa","154":"product_tag-suedeuropaeer","155":"product_tag-suedeuropaeisch","156":"product_tag-suedeuropaeische","157":"product_tag-suedeuropaeischem","158":"product_tag-suedeuropaeischen","159":"product_tag-suedeuropaeischer","160":"product_tag-suedeuropaeisches","161":"product_tag-sueditalien","162":"product_tag-sueditaliener","163":"product_tag-sueditalienerin","164":"product_tag-sueditalienerinnen","165":"product_tag-sueditalienisch","166":"product_tag-sueditalienische","167":"product_tag-sueditalienischem","168":"product_tag-sueditalienischen","169":"product_tag-sueditalienischer","170":"product_tag-sueditalienisches","171":"product_tag-sw-fotografie","172":"product_tag-sw-photographie","173":"product_tag-zigarette","174":"product_tag-zigaretten","175":"product_tag-zigarettenraucher","176":"pa_datierung-april-1974","177":"pa_fotograf-abisag-tuellmann","178":"pa_geografischer_bezug-aufnahmeort-neapel-italien","179":"pa_grunddaten_material_technik-foto-silbergelatine-auf-barytpapier","180":"pa_inventarnummer-tue-74-093-09a","181":"pa_jahr_von-51802","182":"pa_massangaben-bildformat-foto-232-x-303-cm","183":"pa_mediennummer-65393","184":"pa_objekt_typ-fotografie","186":"first","187":"instock","188":"product-type-simple"},"yoast_head":"<!-- This site is optimized with the Yoast SEO plugin v27.3 - https:\/\/yoast.com\/product\/yoast-seo-wordpress\/ -->\n<title>Stra\u00dfenszene in Neapel - Abisag T\u00fcllmann<\/title>\n<meta name=\"robots\" content=\"index, follow, max-snippet:-1, max-image-preview:large, max-video-preview:-1\" \/>\n<link rel=\"canonical\" href=\"https:\/\/bpk-archive.de\/tuellmann\/produkt\/strassenszene-in-neapel-2\/\" \/>\n<meta property=\"og:locale\" content=\"de_DE\" \/>\n<meta property=\"og:type\" content=\"article\" \/>\n<meta property=\"og:title\" content=\"Stra\u00dfenszene in Neapel - Abisag T\u00fcllmann\" \/>\n<meta property=\"og:description\" content=\"R\u00fcckseitenbeschriftung von Hand der Fotografin: &#8222;Neapel&#8220;\" \/>\n<meta property=\"og:url\" content=\"https:\/\/bpk-archive.de\/tuellmann\/produkt\/strassenszene-in-neapel-2\/\" \/>\n<meta property=\"og:site_name\" content=\"Abisag T\u00fcllmann\" \/>\n<meta property=\"article:modified_time\" content=\"2020-08-11T14:27:19+00:00\" \/>\n<meta property=\"og:image\" content=\"https:\/\/bpk-archive.de\/tuellmann\/wp-content\/uploads\/2019\/08\/bpk_70366594.jpg\" \/>\n\t<meta property=\"og:image:width\" content=\"1200\" \/>\n\t<meta property=\"og:image:height\" content=\"929\" \/>\n\t<meta property=\"og:image:type\" content=\"image\/jpeg\" \/>\n<meta name=\"twitter:card\" content=\"summary_large_image\" \/>\n<script type=\"application\/ld+json\" class=\"yoast-schema-graph\">{\"@context\":\"https:\\\/\\\/schema.org\",\"@graph\":[{\"@type\":\"WebPage\",\"@id\":\"https:\\\/\\\/bpk-archive.de\\\/tuellmann\\\/produkt\\\/strassenszene-in-neapel-2\\\/\",\"url\":\"https:\\\/\\\/bpk-archive.de\\\/tuellmann\\\/produkt\\\/strassenszene-in-neapel-2\\\/\",\"name\":\"Stra\u00dfenszene in Neapel - Abisag T\u00fcllmann\",\"isPartOf\":{\"@id\":\"https:\\\/\\\/bpk-archive.de\\\/tuellmann\\\/#website\"},\"primaryImageOfPage\":{\"@id\":\"https:\\\/\\\/bpk-archive.de\\\/tuellmann\\\/produkt\\\/strassenszene-in-neapel-2\\\/#primaryimage\"},\"image\":{\"@id\":\"https:\\\/\\\/bpk-archive.de\\\/tuellmann\\\/produkt\\\/strassenszene-in-neapel-2\\\/#primaryimage\"},\"thumbnailUrl\":\"https:\\\/\\\/bpk-archive.de\\\/tuellmann\\\/wp-content\\\/uploads\\\/2019\\\/08\\\/bpk_70366594.jpg\",\"datePublished\":\"2019-09-05T14:11:16+00:00\",\"dateModified\":\"2020-08-11T14:27:19+00:00\",\"breadcrumb\":{\"@id\":\"https:\\\/\\\/bpk-archive.de\\\/tuellmann\\\/produkt\\\/strassenszene-in-neapel-2\\\/#breadcrumb\"},\"inLanguage\":\"de\",\"potentialAction\":[{\"@type\":\"ReadAction\",\"target\":[\"https:\\\/\\\/bpk-archive.de\\\/tuellmann\\\/produkt\\\/strassenszene-in-neapel-2\\\/\"]}]},{\"@type\":\"ImageObject\",\"inLanguage\":\"de\",\"@id\":\"https:\\\/\\\/bpk-archive.de\\\/tuellmann\\\/produkt\\\/strassenszene-in-neapel-2\\\/#primaryimage\",\"url\":\"https:\\\/\\\/bpk-archive.de\\\/tuellmann\\\/wp-content\\\/uploads\\\/2019\\\/08\\\/bpk_70366594.jpg\",\"contentUrl\":\"https:\\\/\\\/bpk-archive.de\\\/tuellmann\\\/wp-content\\\/uploads\\\/2019\\\/08\\\/bpk_70366594.jpg\",\"width\":1200,\"height\":929,\"caption\":\"Stra\u00dfenszene in Neapel\"},{\"@type\":\"BreadcrumbList\",\"@id\":\"https:\\\/\\\/bpk-archive.de\\\/tuellmann\\\/produkt\\\/strassenszene-in-neapel-2\\\/#breadcrumb\",\"itemListElement\":[{\"@type\":\"ListItem\",\"position\":1,\"name\":\"Startseite\",\"item\":\"https:\\\/\\\/bpk-archive.de\\\/tuellmann\\\/\"},{\"@type\":\"ListItem\",\"position\":2,\"name\":\"Shop\",\"item\":\"https:\\\/\\\/bpk-archive.de\\\/tuellmann\\\/shop\\\/\"},{\"@type\":\"ListItem\",\"position\":3,\"name\":\"Stra\u00dfenszene in Neapel\"}]},{\"@type\":\"WebSite\",\"@id\":\"https:\\\/\\\/bpk-archive.de\\\/tuellmann\\\/#website\",\"url\":\"https:\\\/\\\/bpk-archive.de\\\/tuellmann\\\/\",\"name\":\"Abisag T\u00fcllmann\",\"description\":\"Eine weitere WordPress-Website\",\"potentialAction\":[{\"@type\":\"SearchAction\",\"target\":{\"@type\":\"EntryPoint\",\"urlTemplate\":\"https:\\\/\\\/bpk-archive.de\\\/tuellmann\\\/?s={search_term_string}\"},\"query-input\":{\"@type\":\"PropertyValueSpecification\",\"valueRequired\":true,\"valueName\":\"search_term_string\"}}],\"inLanguage\":\"de\"}]}<\/script>\n<!-- \/ Yoast SEO plugin. -->","yoast_head_json":{"title":"Stra\u00dfenszene in Neapel - Abisag T\u00fcllmann","robots":{"index":"index","follow":"follow","max-snippet":"max-snippet:-1","max-image-preview":"max-image-preview:large","max-video-preview":"max-video-preview:-1"},"canonical":"https:\/\/bpk-archive.de\/tuellmann\/produkt\/strassenszene-in-neapel-2\/","og_locale":"de_DE","og_type":"article","og_title":"Stra\u00dfenszene in Neapel - Abisag T\u00fcllmann","og_description":"R\u00fcckseitenbeschriftung von Hand der Fotografin: &#8222;Neapel&#8220;","og_url":"https:\/\/bpk-archive.de\/tuellmann\/produkt\/strassenszene-in-neapel-2\/","og_site_name":"Abisag T\u00fcllmann","article_modified_time":"2020-08-11T14:27:19+00:00","og_image":[{"width":1200,"height":929,"url":"https:\/\/bpk-archive.de\/tuellmann\/wp-content\/uploads\/2019\/08\/bpk_70366594.jpg","type":"image\/jpeg"}],"twitter_card":"summary_large_image","schema":{"@context":"https:\/\/schema.org","@graph":[{"@type":"WebPage","@id":"https:\/\/bpk-archive.de\/tuellmann\/produkt\/strassenszene-in-neapel-2\/","url":"https:\/\/bpk-archive.de\/tuellmann\/produkt\/strassenszene-in-neapel-2\/","name":"Stra\u00dfenszene in Neapel - Abisag T\u00fcllmann","isPartOf":{"@id":"https:\/\/bpk-archive.de\/tuellmann\/#website"},"primaryImageOfPage":{"@id":"https:\/\/bpk-archive.de\/tuellmann\/produkt\/strassenszene-in-neapel-2\/#primaryimage"},"image":{"@id":"https:\/\/bpk-archive.de\/tuellmann\/produkt\/strassenszene-in-neapel-2\/#primaryimage"},"thumbnailUrl":"https:\/\/bpk-archive.de\/tuellmann\/wp-content\/uploads\/2019\/08\/bpk_70366594.jpg","datePublished":"2019-09-05T14:11:16+00:00","dateModified":"2020-08-11T14:27:19+00:00","breadcrumb":{"@id":"https:\/\/bpk-archive.de\/tuellmann\/produkt\/strassenszene-in-neapel-2\/#breadcrumb"},"inLanguage":"de","potentialAction":[{"@type":"ReadAction","target":["https:\/\/bpk-archive.de\/tuellmann\/produkt\/strassenszene-in-neapel-2\/"]}]},{"@type":"ImageObject","inLanguage":"de","@id":"https:\/\/bpk-archive.de\/tuellmann\/produkt\/strassenszene-in-neapel-2\/#primaryimage","url":"https:\/\/bpk-archive.de\/tuellmann\/wp-content\/uploads\/2019\/08\/bpk_70366594.jpg","contentUrl":"https:\/\/bpk-archive.de\/tuellmann\/wp-content\/uploads\/2019\/08\/bpk_70366594.jpg","width":1200,"height":929,"caption":"Stra\u00dfenszene in Neapel"},{"@type":"BreadcrumbList","@id":"https:\/\/bpk-archive.de\/tuellmann\/produkt\/strassenszene-in-neapel-2\/#breadcrumb","itemListElement":[{"@type":"ListItem","position":1,"name":"Startseite","item":"https:\/\/bpk-archive.de\/tuellmann\/"},{"@type":"ListItem","position":2,"name":"Shop","item":"https:\/\/bpk-archive.de\/tuellmann\/shop\/"},{"@type":"ListItem","position":3,"name":"Stra\u00dfenszene in Neapel"}]},{"@type":"WebSite","@id":"https:\/\/bpk-archive.de\/tuellmann\/#website","url":"https:\/\/bpk-archive.de\/tuellmann\/","name":"Abisag T\u00fcllmann","description":"Eine weitere WordPress-Website","potentialAction":[{"@type":"SearchAction","target":{"@type":"EntryPoint","urlTemplate":"https:\/\/bpk-archive.de\/tuellmann\/?s={search_term_string}"},"query-input":{"@type":"PropertyValueSpecification","valueRequired":true,"valueName":"search_term_string"}}],"inLanguage":"de"}]}},"_links":{"self":[{"href":"https:\/\/bpk-archive.de\/tuellmann\/wp-json\/wp\/v2\/product\/70296851","targetHints":{"allow":["GET"]}}],"collection":[{"href":"https:\/\/bpk-archive.de\/tuellmann\/wp-json\/wp\/v2\/product"}],"about":[{"href":"https:\/\/bpk-archive.de\/tuellmann\/wp-json\/wp\/v2\/types\/product"}],"wp:featuredmedia":[{"embeddable":true,"href":"https:\/\/bpk-archive.de\/tuellmann\/wp-json\/wp\/v2\/media\/70293516"}],"wp:attachment":[{"href":"https:\/\/bpk-archive.de\/tuellmann\/wp-json\/wp\/v2\/media?parent=70296851"}],"wp:term":[{"taxonomy":"product_brand","embeddable":true,"href":"https:\/\/bpk-archive.de\/tuellmann\/wp-json\/wp\/v2\/product_brand?post=70296851"},{"taxonomy":"product_cat","embeddable":true,"href":"https:\/\/bpk-archive.de\/tuellmann\/wp-json\/wp\/v2\/product_cat?post=70296851"},{"taxonomy":"product_tag","embeddable":true,"href":"https:\/\/bpk-archive.de\/tuellmann\/wp-json\/wp\/v2\/product_tag?post=70296851"}],"curies":[{"name":"wp","href":"https:\/\/api.w.org\/{rel}","templated":true}]}}