{"id":70296830,"date":"2019-09-05T16:10:59","date_gmt":"2019-09-05T14:10:59","guid":{"rendered":"http:\/\/abisagtuellmann.bpk-news.de\/atbild\/schwarzer-junge-in-salisbury-rhodesien-heute-simbabwe\/"},"modified":"2020-08-12T10:12:56","modified_gmt":"2020-08-12T08:12:56","slug":"schwarzer-junge-in-salisbury-rhodesien-heute-simbabwe","status":"publish","type":"product","link":"https:\/\/bpk-archive.de\/tuellmann\/produkt\/schwarzer-junge-in-salisbury-rhodesien-heute-simbabwe\/","title":{"rendered":"Schwarzer Junge in Salisbury, Rhodesien (heute Simbabwe)"},"content":{"rendered":"<p>Aufschrift auf seinem T-Shirt: &#8222;Suffering is nothing, so long life&#8220; R\u00fcckseitenbeschriftung von Hand der Fotografin: &#8222;Salisbury, 1979 (heute, 1982, hei\u00dft die Stadt &#8218;Harare&#8216;, das Land Zimbawe)&#8220;<\/p>\n","protected":false},"excerpt":{"rendered":"<p>Aufschrift auf seinem T-Shirt: &#8222;Suffering is nothing, so long life&#8220; R\u00fcckseitenbeschriftung von Hand der Fotografin: &#8222;Salisbury, 1979 (heute, 1982, hei\u00dft die Stadt &#8218;Harare&#8216;, das Land Zimbawe)&#8220;<\/p>\n","protected":false},"featured_media":70293605,"template":"","meta":[],"product_brand":[],"product_cat":[73394],"product_tag":[13230,13232,13234,13231,13233,13235,14172,13777,13236,13237,13240,13241,13242,13243,13244,13245,48747,48748,14173,50489,50490,50491,50492,50493,50494,48438,50495,13250,47549,47550,47551,47552,47553,13784,13785,14177,14178,14179,13253,13254,13255,13256,13257,13260,13261,14181,14182,13268,13269,13270,13271,13293,13786,13787,13294,13295,13296,13297,48510,48511,48512,48513,48514,13301,13813,13814,14203,14204,14205,14206,14207,14208,14209,14210,14213,14214,14215,14216,14217,14218,14219,14220,14221,48761,47433,47434,47435,47436,47437,47438,47439,48520,65315,49229,49230,13328,13827,13828,13329,13330,13331,13332,13829,13830,13831,13832,13833,13834,13835,13836,13837,13838,13839,13840,13841,13842,14230,14231,14232,13843,14238,14239,14240,13877,13879,13865,13864,13866,13351,13352,13353,13858,13859,13860,13861,13862,13863,13354,13869,13870,13871,13872,14241,14242,49236,47564,13363,13364,13365,13366,13367,13368,13369,13878,13880,51270,51271,14254],"class_list":{"0":"post-70296830","1":"product","2":"type-product","3":"status-publish","4":"has-post-thumbnail","6":"product_cat-simbabwe","7":"product_tag-1970er-jahre","8":"product_tag-20-jahrhundert-nach-chr","9":"product_tag-20-jh-n-chr","10":"product_tag-20-jahrhundert","11":"product_tag-20-jh","12":"product_tag-70er","13":"product_tag-abt_010","14":"product_tag-abzug","15":"product_tag-afrika","16":"product_tag-afrikaner","17":"product_tag-afrikanisch","18":"product_tag-afrikanische","19":"product_tag-afrikanischen","20":"product_tag-afrikanischer","21":"product_tag-afrikanisches","22":"product_tag-afrikas","23":"product_tag-angelehnt","24":"product_tag-anlehnen","25":"product_tag-at_rhodesien","26":"product_tag-aufgestuetzt","27":"product_tag-aufgestuetzte","28":"product_tag-aufgestuetztem","29":"product_tag-aufgestuetzten","30":"product_tag-aufgestuetzter","31":"product_tag-aufgestuetztes","32":"product_tag-aufschrift","33":"product_tag-aufstuetzen","34":"product_tag-aussen","35":"product_tag-auto","36":"product_tag-automobil","37":"product_tag-automobile","38":"product_tag-automobils","39":"product_tag-autos","40":"product_tag-bildnis","41":"product_tag-bildnisse","42":"product_tag-blickkontakt","43":"product_tag-bube","44":"product_tag-buben","45":"product_tag-deutsch","46":"product_tag-deutsche","47":"product_tag-deutschen","48":"product_tag-deutscher","49":"product_tag-deutsches","50":"product_tag-draussen","51":"product_tag-dunkelhaeutiger","52":"product_tag-elend","53":"product_tag-elends","54":"product_tag-farbige","55":"product_tag-farbigen","56":"product_tag-farbiger","57":"product_tag-farbiges","58":"product_tag-foto","59":"product_tag-fotoabzug","60":"product_tag-fotoabzuege","61":"product_tag-fotografie","62":"product_tag-fotografien","63":"product_tag-fotografin","64":"product_tag-fotografinnen","65":"product_tag-geparkt","66":"product_tag-geparkte","67":"product_tag-geparkten","68":"product_tag-geparkter","69":"product_tag-geparktes","70":"product_tag-im-freien","71":"product_tag-junge","72":"product_tag-jungen","73":"product_tag-jungens","74":"product_tag-jungs","75":"product_tag-kind","76":"product_tag-kinde","77":"product_tag-kinder","78":"product_tag-kinderbild","79":"product_tag-kinderbildnis","80":"product_tag-kinderbildnisse","81":"product_tag-kindern","82":"product_tag-kinderportrait","83":"product_tag-kinderportraits","84":"product_tag-kinderportraet","85":"product_tag-kinderportraets","86":"product_tag-kindes","87":"product_tag-kindheit","88":"product_tag-knabe","89":"product_tag-knaben","90":"product_tag-lehnen","91":"product_tag-leid","92":"product_tag-leiden","93":"product_tag-leidende","94":"product_tag-leidenden","95":"product_tag-leidender","96":"product_tag-leidendes","97":"product_tag-leidet","98":"product_tag-parken","99":"product_tag-parkuhr","100":"product_tag-parole","101":"product_tag-parolen","102":"product_tag-photo","103":"product_tag-photoabzug","104":"product_tag-photoabzuege","105":"product_tag-photographie","106":"product_tag-photographien","107":"product_tag-photographin","108":"product_tag-photographinnen","109":"product_tag-portrait","110":"product_tag-portraitaufnahme","111":"product_tag-portraitfoto","112":"product_tag-portraitfotografie","113":"product_tag-portraitphoto","114":"product_tag-portraitphotographie","115":"product_tag-portraits","116":"product_tag-portraet","117":"product_tag-portraetaufnahme","118":"product_tag-portraetfoto","119":"product_tag-portraetfotografie","120":"product_tag-portraetphoto","121":"product_tag-portraetphotographie","122":"product_tag-portraets","123":"product_tag-pose","124":"product_tag-posieren","125":"product_tag-posiert","126":"product_tag-print","127":"product_tag-rhodesien","128":"product_tag-rhodesier","129":"product_tag-rhodesisch","130":"product_tag-s-w-fotografie","131":"product_tag-s-w-photographie","132":"product_tag-schwarzweissphotographie","133":"product_tag-schwarz-weiss-fotografie","134":"product_tag-schwarz-weiss-photographie","135":"product_tag-schwarze","136":"product_tag-schwarzen","137":"product_tag-schwarzer","138":"product_tag-schwarzweiss","139":"product_tag-schwarzweisse","140":"product_tag-schwarzweissen","141":"product_tag-schwarzweisser","142":"product_tag-schwarzweisses","143":"product_tag-schwarzweissfotografie","144":"product_tag-siebziger","145":"product_tag-silbergelatine","146":"product_tag-silbergelatineabzug","147":"product_tag-silbergelatineabzuege","148":"product_tag-silbergelatineprint","149":"product_tag-simbabwe","150":"product_tag-simbabwer","151":"product_tag-slogan","152":"product_tag-strassenrand","153":"product_tag-suedafrika","154":"product_tag-suedafrikanisch","155":"product_tag-suedafrikanische","156":"product_tag-suedafrikanischen","157":"product_tag-suedafrikanischer","158":"product_tag-suedafrikanisches","159":"product_tag-suedafrikas","160":"product_tag-sw-fotografie","161":"product_tag-sw-photographie","162":"product_tag-t-shirt","163":"product_tag-t-shirts","164":"product_tag-zimbabwe","165":"pa_datierung-april-1979","166":"pa_fotograf-abisag-tuellmann","167":"pa_geografischer_bezug-aufnahmeort-salisbury-harare-rhodesien-simbabwe","168":"pa_grunddaten_material_technik-foto-silbergelatine-auf-barytpapier","169":"pa_inventarnummer-tue-79-106-20a","170":"pa_jahr_von-14087","171":"pa_massangaben-bildformat-foto-233-x-305-cm","172":"pa_mediennummer-65313","173":"pa_objekt_typ-fotografie","175":"first","176":"instock","177":"product-type-simple"},"yoast_head":"<!-- This site is optimized with the Yoast SEO plugin v27.4 - https:\/\/yoast.com\/product\/yoast-seo-wordpress\/ -->\n<title>Schwarzer Junge in Salisbury, Rhodesien (heute Simbabwe) - Abisag T\u00fcllmann<\/title>\n<meta name=\"robots\" content=\"index, follow, max-snippet:-1, max-image-preview:large, max-video-preview:-1\" \/>\n<link rel=\"canonical\" href=\"https:\/\/bpk-archive.de\/tuellmann\/produkt\/schwarzer-junge-in-salisbury-rhodesien-heute-simbabwe\/\" \/>\n<meta property=\"og:locale\" content=\"de_DE\" \/>\n<meta property=\"og:type\" content=\"article\" \/>\n<meta property=\"og:title\" content=\"Schwarzer Junge in Salisbury, Rhodesien (heute Simbabwe) - Abisag T\u00fcllmann\" \/>\n<meta property=\"og:description\" content=\"Aufschrift auf seinem T-Shirt: &#8222;Suffering is nothing, so long life&#8220; R\u00fcckseitenbeschriftung von Hand der Fotografin: &#8222;Salisbury, 1979 (heute, 1982, hei\u00dft die Stadt &#8218;Harare&#8216;, das Land Zimbawe)&#8220;\" \/>\n<meta property=\"og:url\" content=\"https:\/\/bpk-archive.de\/tuellmann\/produkt\/schwarzer-junge-in-salisbury-rhodesien-heute-simbabwe\/\" \/>\n<meta property=\"og:site_name\" content=\"Abisag T\u00fcllmann\" \/>\n<meta property=\"article:modified_time\" content=\"2020-08-12T08:12:56+00:00\" \/>\n<meta property=\"og:image\" content=\"https:\/\/bpk-archive.de\/tuellmann\/wp-content\/uploads\/2019\/08\/bpk_70367164.jpg\" \/>\n\t<meta property=\"og:image:width\" content=\"1200\" \/>\n\t<meta property=\"og:image:height\" content=\"931\" \/>\n\t<meta property=\"og:image:type\" content=\"image\/jpeg\" \/>\n<meta name=\"twitter:card\" content=\"summary_large_image\" \/>\n<script type=\"application\/ld+json\" class=\"yoast-schema-graph\">{\"@context\":\"https:\\\/\\\/schema.org\",\"@graph\":[{\"@type\":\"WebPage\",\"@id\":\"https:\\\/\\\/bpk-archive.de\\\/tuellmann\\\/produkt\\\/schwarzer-junge-in-salisbury-rhodesien-heute-simbabwe\\\/\",\"url\":\"https:\\\/\\\/bpk-archive.de\\\/tuellmann\\\/produkt\\\/schwarzer-junge-in-salisbury-rhodesien-heute-simbabwe\\\/\",\"name\":\"Schwarzer Junge in Salisbury, Rhodesien (heute Simbabwe) - Abisag T\u00fcllmann\",\"isPartOf\":{\"@id\":\"https:\\\/\\\/bpk-archive.de\\\/tuellmann\\\/#website\"},\"primaryImageOfPage\":{\"@id\":\"https:\\\/\\\/bpk-archive.de\\\/tuellmann\\\/produkt\\\/schwarzer-junge-in-salisbury-rhodesien-heute-simbabwe\\\/#primaryimage\"},\"image\":{\"@id\":\"https:\\\/\\\/bpk-archive.de\\\/tuellmann\\\/produkt\\\/schwarzer-junge-in-salisbury-rhodesien-heute-simbabwe\\\/#primaryimage\"},\"thumbnailUrl\":\"https:\\\/\\\/bpk-archive.de\\\/tuellmann\\\/wp-content\\\/uploads\\\/2019\\\/08\\\/bpk_70367164.jpg\",\"datePublished\":\"2019-09-05T14:10:59+00:00\",\"dateModified\":\"2020-08-12T08:12:56+00:00\",\"breadcrumb\":{\"@id\":\"https:\\\/\\\/bpk-archive.de\\\/tuellmann\\\/produkt\\\/schwarzer-junge-in-salisbury-rhodesien-heute-simbabwe\\\/#breadcrumb\"},\"inLanguage\":\"de\",\"potentialAction\":[{\"@type\":\"ReadAction\",\"target\":[\"https:\\\/\\\/bpk-archive.de\\\/tuellmann\\\/produkt\\\/schwarzer-junge-in-salisbury-rhodesien-heute-simbabwe\\\/\"]}]},{\"@type\":\"ImageObject\",\"inLanguage\":\"de\",\"@id\":\"https:\\\/\\\/bpk-archive.de\\\/tuellmann\\\/produkt\\\/schwarzer-junge-in-salisbury-rhodesien-heute-simbabwe\\\/#primaryimage\",\"url\":\"https:\\\/\\\/bpk-archive.de\\\/tuellmann\\\/wp-content\\\/uploads\\\/2019\\\/08\\\/bpk_70367164.jpg\",\"contentUrl\":\"https:\\\/\\\/bpk-archive.de\\\/tuellmann\\\/wp-content\\\/uploads\\\/2019\\\/08\\\/bpk_70367164.jpg\",\"width\":1200,\"height\":931,\"caption\":\"Schwarzer Junge in Salisbury, Rhodesien (heute Simbabwe)\"},{\"@type\":\"BreadcrumbList\",\"@id\":\"https:\\\/\\\/bpk-archive.de\\\/tuellmann\\\/produkt\\\/schwarzer-junge-in-salisbury-rhodesien-heute-simbabwe\\\/#breadcrumb\",\"itemListElement\":[{\"@type\":\"ListItem\",\"position\":1,\"name\":\"Startseite\",\"item\":\"https:\\\/\\\/bpk-archive.de\\\/tuellmann\\\/\"},{\"@type\":\"ListItem\",\"position\":2,\"name\":\"Shop\",\"item\":\"https:\\\/\\\/bpk-archive.de\\\/tuellmann\\\/shop\\\/\"},{\"@type\":\"ListItem\",\"position\":3,\"name\":\"Schwarzer Junge in Salisbury, Rhodesien (heute Simbabwe)\"}]},{\"@type\":\"WebSite\",\"@id\":\"https:\\\/\\\/bpk-archive.de\\\/tuellmann\\\/#website\",\"url\":\"https:\\\/\\\/bpk-archive.de\\\/tuellmann\\\/\",\"name\":\"Abisag T\u00fcllmann\",\"description\":\"Eine weitere WordPress-Website\",\"potentialAction\":[{\"@type\":\"SearchAction\",\"target\":{\"@type\":\"EntryPoint\",\"urlTemplate\":\"https:\\\/\\\/bpk-archive.de\\\/tuellmann\\\/?s={search_term_string}\"},\"query-input\":{\"@type\":\"PropertyValueSpecification\",\"valueRequired\":true,\"valueName\":\"search_term_string\"}}],\"inLanguage\":\"de\"}]}<\/script>\n<!-- \/ Yoast SEO plugin. -->","yoast_head_json":{"title":"Schwarzer Junge in Salisbury, Rhodesien (heute Simbabwe) - Abisag T\u00fcllmann","robots":{"index":"index","follow":"follow","max-snippet":"max-snippet:-1","max-image-preview":"max-image-preview:large","max-video-preview":"max-video-preview:-1"},"canonical":"https:\/\/bpk-archive.de\/tuellmann\/produkt\/schwarzer-junge-in-salisbury-rhodesien-heute-simbabwe\/","og_locale":"de_DE","og_type":"article","og_title":"Schwarzer Junge in Salisbury, Rhodesien (heute Simbabwe) - Abisag T\u00fcllmann","og_description":"Aufschrift auf seinem T-Shirt: &#8222;Suffering is nothing, so long life&#8220; R\u00fcckseitenbeschriftung von Hand der Fotografin: &#8222;Salisbury, 1979 (heute, 1982, hei\u00dft die Stadt &#8218;Harare&#8216;, das Land Zimbawe)&#8220;","og_url":"https:\/\/bpk-archive.de\/tuellmann\/produkt\/schwarzer-junge-in-salisbury-rhodesien-heute-simbabwe\/","og_site_name":"Abisag T\u00fcllmann","article_modified_time":"2020-08-12T08:12:56+00:00","og_image":[{"width":1200,"height":931,"url":"https:\/\/bpk-archive.de\/tuellmann\/wp-content\/uploads\/2019\/08\/bpk_70367164.jpg","type":"image\/jpeg"}],"twitter_card":"summary_large_image","schema":{"@context":"https:\/\/schema.org","@graph":[{"@type":"WebPage","@id":"https:\/\/bpk-archive.de\/tuellmann\/produkt\/schwarzer-junge-in-salisbury-rhodesien-heute-simbabwe\/","url":"https:\/\/bpk-archive.de\/tuellmann\/produkt\/schwarzer-junge-in-salisbury-rhodesien-heute-simbabwe\/","name":"Schwarzer Junge in Salisbury, Rhodesien (heute Simbabwe) - Abisag T\u00fcllmann","isPartOf":{"@id":"https:\/\/bpk-archive.de\/tuellmann\/#website"},"primaryImageOfPage":{"@id":"https:\/\/bpk-archive.de\/tuellmann\/produkt\/schwarzer-junge-in-salisbury-rhodesien-heute-simbabwe\/#primaryimage"},"image":{"@id":"https:\/\/bpk-archive.de\/tuellmann\/produkt\/schwarzer-junge-in-salisbury-rhodesien-heute-simbabwe\/#primaryimage"},"thumbnailUrl":"https:\/\/bpk-archive.de\/tuellmann\/wp-content\/uploads\/2019\/08\/bpk_70367164.jpg","datePublished":"2019-09-05T14:10:59+00:00","dateModified":"2020-08-12T08:12:56+00:00","breadcrumb":{"@id":"https:\/\/bpk-archive.de\/tuellmann\/produkt\/schwarzer-junge-in-salisbury-rhodesien-heute-simbabwe\/#breadcrumb"},"inLanguage":"de","potentialAction":[{"@type":"ReadAction","target":["https:\/\/bpk-archive.de\/tuellmann\/produkt\/schwarzer-junge-in-salisbury-rhodesien-heute-simbabwe\/"]}]},{"@type":"ImageObject","inLanguage":"de","@id":"https:\/\/bpk-archive.de\/tuellmann\/produkt\/schwarzer-junge-in-salisbury-rhodesien-heute-simbabwe\/#primaryimage","url":"https:\/\/bpk-archive.de\/tuellmann\/wp-content\/uploads\/2019\/08\/bpk_70367164.jpg","contentUrl":"https:\/\/bpk-archive.de\/tuellmann\/wp-content\/uploads\/2019\/08\/bpk_70367164.jpg","width":1200,"height":931,"caption":"Schwarzer Junge in Salisbury, Rhodesien (heute Simbabwe)"},{"@type":"BreadcrumbList","@id":"https:\/\/bpk-archive.de\/tuellmann\/produkt\/schwarzer-junge-in-salisbury-rhodesien-heute-simbabwe\/#breadcrumb","itemListElement":[{"@type":"ListItem","position":1,"name":"Startseite","item":"https:\/\/bpk-archive.de\/tuellmann\/"},{"@type":"ListItem","position":2,"name":"Shop","item":"https:\/\/bpk-archive.de\/tuellmann\/shop\/"},{"@type":"ListItem","position":3,"name":"Schwarzer Junge in Salisbury, Rhodesien (heute Simbabwe)"}]},{"@type":"WebSite","@id":"https:\/\/bpk-archive.de\/tuellmann\/#website","url":"https:\/\/bpk-archive.de\/tuellmann\/","name":"Abisag T\u00fcllmann","description":"Eine weitere WordPress-Website","potentialAction":[{"@type":"SearchAction","target":{"@type":"EntryPoint","urlTemplate":"https:\/\/bpk-archive.de\/tuellmann\/?s={search_term_string}"},"query-input":{"@type":"PropertyValueSpecification","valueRequired":true,"valueName":"search_term_string"}}],"inLanguage":"de"}]}},"_links":{"self":[{"href":"https:\/\/bpk-archive.de\/tuellmann\/wp-json\/wp\/v2\/product\/70296830","targetHints":{"allow":["GET"]}}],"collection":[{"href":"https:\/\/bpk-archive.de\/tuellmann\/wp-json\/wp\/v2\/product"}],"about":[{"href":"https:\/\/bpk-archive.de\/tuellmann\/wp-json\/wp\/v2\/types\/product"}],"wp:featuredmedia":[{"embeddable":true,"href":"https:\/\/bpk-archive.de\/tuellmann\/wp-json\/wp\/v2\/media\/70293605"}],"wp:attachment":[{"href":"https:\/\/bpk-archive.de\/tuellmann\/wp-json\/wp\/v2\/media?parent=70296830"}],"wp:term":[{"taxonomy":"product_brand","embeddable":true,"href":"https:\/\/bpk-archive.de\/tuellmann\/wp-json\/wp\/v2\/product_brand?post=70296830"},{"taxonomy":"product_cat","embeddable":true,"href":"https:\/\/bpk-archive.de\/tuellmann\/wp-json\/wp\/v2\/product_cat?post=70296830"},{"taxonomy":"product_tag","embeddable":true,"href":"https:\/\/bpk-archive.de\/tuellmann\/wp-json\/wp\/v2\/product_tag?post=70296830"}],"curies":[{"name":"wp","href":"https:\/\/api.w.org\/{rel}","templated":true}]}}