{"id":70296816,"date":"2019-09-05T16:10:41","date_gmt":"2019-09-05T14:10:41","guid":{"rendered":"http:\/\/abisagtuellmann.bpk-news.de\/atbild\/beisetzung-der-raf-mitglieder-andreas-baader-gudrun-ensslin-und-jan-carl-raspe-in-einem-gemeinschaftsgrab-auf-dem-stuttgarter-dornhaldenfriedhof-6\/"},"modified":"2019-09-05T16:10:57","modified_gmt":"2019-09-05T14:10:57","slug":"beisetzung-der-raf-mitglieder-andreas-baader-gudrun-ensslin-und-jan-carl-raspe-in-einem-gemeinschaftsgrab-auf-dem-stuttgarter-dornhaldenfriedhof-6","status":"publish","type":"product","link":"https:\/\/bpk-archive.de\/tuellmann\/produkt\/beisetzung-der-raf-mitglieder-andreas-baader-gudrun-ensslin-und-jan-carl-raspe-in-einem-gemeinschaftsgrab-auf-dem-stuttgarter-dornhaldenfriedhof-6\/","title":{"rendered":"Beisetzung der RAF-Mitglieder Andreas Baader, Gudrun Ensslin und Jan-Carl Raspe in einem Gemeinschaftsgrab auf dem Stuttgarter Dornhaldenfriedhof"},"content":{"rendered":"<p>Familienangeh\u00f6rige und Fotoreporter am Grab R\u00fcckseitenbeschriftung von Hand der Fotografin: &#8222;Beerdigung von Gudrun Ensslin, Andreas Baader, Jan Raspe, Stuttgart, 1977&#8220;<\/p>\n","protected":false},"excerpt":{"rendered":"<p>Familienangeh\u00f6rige und Fotoreporter am Grab R\u00fcckseitenbeschriftung von Hand der Fotografin: &#8222;Beerdigung von Gudrun Ensslin, Andreas Baader, Jan Raspe, Stuttgart, 1977&#8220;<\/p>\n","protected":false},"featured_media":70292683,"template":"","meta":[],"product_brand":[],"product_cat":[],"product_tag":[65200,65201,65202,65206,65207,65208,13230,13232,13234,13231,13233,13235,62742,13777,65203,49354,49355,49356,51714,13250,49675,50757,50758,50759,50760,50761,50762,50763,50764,50765,50766,50767,50768,50769,48966,48967,65106,65107,14177,13469,13470,13253,13254,65190,13255,13256,65191,13257,13471,13472,13260,51095,51096,51097,51098,51099,51100,54071,13293,13786,13787,47370,47371,13294,13295,47372,13296,13297,47267,65112,57347,50771,50772,13979,13980,13981,50776,50777,50778,50779,50780,65204,13301,65205,58643,58644,63009,63010,63011,63012,63013,63014,13319,13320,13321,13322,13323,47394,13328,13827,13828,47399,47400,13329,13330,47401,13331,13332,47332,65114,65115,65116,65117,65118,13843,65195,47333,47334,47335,47336,47337,65196,13877,13879,49713,49714,49715,49716,49717,13865,13864,13866,13858,13859,13860,13861,13862,13863,13354,13869,13870,13871,13872,65197,13519,13520,13521,13522,13523,13524,53752,53753,49722,49723,49724,49725,49726,49727,49728,13878,13880,55236,55239,55240,51145,65198,65199,51146,50810,50811,50812,50813,50814,50815,50816,50817,50818,50819,50820,50821,50822,50823,50824,47669,47670,61292,61293,49732,49733,49734,49735,49736,49737,49738,49739],"class_list":{"0":"post-70296816","1":"product","2":"type-product","3":"status-publish","4":"has-post-thumbnail","6":"product_tag-baader","7":"product_tag-ensslin","8":"product_tag-raspe","9":"product_tag-15-8-1940-18-10-1977","10":"product_tag-1943-1977","11":"product_tag-24-7-1944-18-10-1977","12":"product_tag-1970er-jahre","13":"product_tag-20-jahrhundert-nach-chr","14":"product_tag-20-jh-n-chr","15":"product_tag-20-jahrhundert","16":"product_tag-20-jh","17":"product_tag-70er","18":"product_tag-abt_013","19":"product_tag-abzug","20":"product_tag-andreas","21":"product_tag-angehoerige","22":"product_tag-angehoerigen","23":"product_tag-angehoeriger","24":"product_tag-at_pressefotografie-brd","25":"product_tag-aussen","26":"product_tag-baden-wuerttemberg","27":"product_tag-beerdigung","28":"product_tag-beerdigungen","29":"product_tag-beerdigungsfeier","30":"product_tag-begraebnis","31":"product_tag-begraebnisfeier","32":"product_tag-begraebnisse","33":"product_tag-begraebnisses","34":"product_tag-beisetzung","35":"product_tag-beisetzungen","36":"product_tag-beisetzungsfeier","37":"product_tag-bestattung","38":"product_tag-bestattungen","39":"product_tag-bestattungs","40":"product_tag-besucher","41":"product_tag-besuchern","42":"product_tag-bildberichter","43":"product_tag-bildberichterstatter","44":"product_tag-blickkontakt","45":"product_tag-brd","46":"product_tag-bundesrepublik-deutschland","47":"product_tag-deutsch","48":"product_tag-deutsche","49":"product_tag-deutsche-herbst","50":"product_tag-deutschen","51":"product_tag-deutscher","52":"product_tag-deutscher-herbst","53":"product_tag-deutsches","54":"product_tag-deutschland","55":"product_tag-deutschlands","56":"product_tag-draussen","57":"product_tag-extremismistisch","58":"product_tag-extremismistische","59":"product_tag-extremismistischen","60":"product_tag-extremismistischer","61":"product_tag-extremismistisches","62":"product_tag-extremismus","63":"product_tag-filmen","64":"product_tag-foto","65":"product_tag-fotoabzug","66":"product_tag-fotoabzuege","67":"product_tag-fotograf","68":"product_tag-fotografen","69":"product_tag-fotografie","70":"product_tag-fotografien","71":"product_tag-fotografieren","72":"product_tag-fotografin","73":"product_tag-fotografinnen","74":"product_tag-fotoreportage","75":"product_tag-fotoreporter","76":"product_tag-freunde","77":"product_tag-friedhof","78":"product_tag-friedhoefe","79":"product_tag-gast","80":"product_tag-gaeste","81":"product_tag-gaesten","82":"product_tag-gestorben","83":"product_tag-gestorbene","84":"product_tag-gestorbenen","85":"product_tag-gestorbener","86":"product_tag-gestorbenes","87":"product_tag-gudrun","88":"product_tag-im-freien","89":"product_tag-jan-carl","90":"product_tag-kameraleute","91":"product_tag-kameramann","92":"product_tag-linksextrem","93":"product_tag-linksextreme","94":"product_tag-linksextremer","95":"product_tag-linksextremes","96":"product_tag-linksextremismus","97":"product_tag-linksextremistisch","98":"product_tag-menschenansammlung","99":"product_tag-menschenauflauf","100":"product_tag-menschenmassen","101":"product_tag-menschenmenge","102":"product_tag-menschenschar","103":"product_tag-mutter","104":"product_tag-photo","105":"product_tag-photoabzug","106":"product_tag-photoabzuege","107":"product_tag-photograph","108":"product_tag-photographen","109":"product_tag-photographie","110":"product_tag-photographien","111":"product_tag-photographieren","112":"product_tag-photographin","113":"product_tag-photographinnen","114":"product_tag-photoreportage","115":"product_tag-photoreporter","116":"product_tag-pressefotograf","117":"product_tag-pressefotografen","118":"product_tag-pressephotograph","119":"product_tag-pressephotographen","120":"product_tag-print","121":"product_tag-raf","122":"product_tag-reportage","123":"product_tag-reportagefoto","124":"product_tag-reportagefotografie","125":"product_tag-reportagephoto","126":"product_tag-reportagephotographie","127":"product_tag-rote-armee-fraktion","128":"product_tag-s-w-fotografie","129":"product_tag-s-w-photographie","130":"product_tag-schwaebisch","131":"product_tag-schwaebische","132":"product_tag-schwaebischen","133":"product_tag-schwaebischer","134":"product_tag-schwaebisches","135":"product_tag-schwarzweissphotographie","136":"product_tag-schwarz-weiss-fotografie","137":"product_tag-schwarz-weiss-photographie","138":"product_tag-schwarzweiss","139":"product_tag-schwarzweisse","140":"product_tag-schwarzweissen","141":"product_tag-schwarzweisser","142":"product_tag-schwarzweisses","143":"product_tag-schwarzweissfotografie","144":"product_tag-siebziger","145":"product_tag-silbergelatine","146":"product_tag-silbergelatineabzug","147":"product_tag-silbergelatineabzuege","148":"product_tag-silbergelatineprint","149":"product_tag-stammheim","150":"product_tag-stehen","151":"product_tag-stehend","152":"product_tag-stehende","153":"product_tag-stehenden","154":"product_tag-stehender","155":"product_tag-stehendes","156":"product_tag-stuttgart","157":"product_tag-stuttgarter","158":"product_tag-sueddeutsch","159":"product_tag-sueddeutsche","160":"product_tag-sueddeutschen","161":"product_tag-sueddeutscher","162":"product_tag-sueddeutsches","163":"product_tag-sueddeutschland","164":"product_tag-sueddeutschlands","165":"product_tag-sw-fotografie","166":"product_tag-sw-photographie","167":"product_tag-teilnehmer","168":"product_tag-teilnehmern","169":"product_tag-teilnehmers","170":"product_tag-terrorismus","171":"product_tag-terrorist","172":"product_tag-terroristen","173":"product_tag-terroristisch","174":"product_tag-tod","175":"product_tag-todes","176":"product_tag-tot","177":"product_tag-tote","178":"product_tag-toten","179":"product_tag-toter","180":"product_tag-totes","181":"product_tag-trauer","182":"product_tag-trauergemeinde","183":"product_tag-trauern","184":"product_tag-trauernd","185":"product_tag-trauernde","186":"product_tag-trauernden","187":"product_tag-trauernder","188":"product_tag-trauerndes","189":"product_tag-vater","190":"product_tag-vaters","191":"product_tag-verwandte","192":"product_tag-verwandtschaft","193":"product_tag-wirtenberg","194":"product_tag-wuertemberg","195":"product_tag-wuerttemberg","196":"product_tag-wuerttembergisch","197":"product_tag-wuerttembergische","198":"product_tag-wuerttembergischen","199":"product_tag-wuerttembergischer","200":"product_tag-wuerttembergisches","201":"pa_datierung-27-10-1977","202":"pa_fotograf-abisag-tuellmann","203":"pa_geografischer_bezug-aufnahmeort-stuttgart-deutschland","204":"pa_grunddaten_material_technik-foto-silbergelatine-auf-barytpapier","205":"pa_inventarnummer-tue-77-354-20a","206":"pa_jahr_von-49467","207":"pa_massangaben-bildformat-foto-233-x-303-cm","208":"pa_mediennummer-65251","209":"pa_objekt_typ-fotografie","211":"first","212":"instock","213":"product-type-simple"},"yoast_head":"<!-- This site is optimized with the Yoast SEO plugin v27.4 - https:\/\/yoast.com\/product\/yoast-seo-wordpress\/ -->\n<title>Beisetzung der RAF-Mitglieder Andreas Baader, Gudrun Ensslin und Jan-Carl Raspe in einem Gemeinschaftsgrab auf dem Stuttgarter Dornhaldenfriedhof - Abisag T\u00fcllmann<\/title>\n<meta name=\"robots\" content=\"index, follow, max-snippet:-1, max-image-preview:large, max-video-preview:-1\" \/>\n<link rel=\"canonical\" href=\"https:\/\/bpk-archive.de\/tuellmann\/produkt\/beisetzung-der-raf-mitglieder-andreas-baader-gudrun-ensslin-und-jan-carl-raspe-in-einem-gemeinschaftsgrab-auf-dem-stuttgarter-dornhaldenfriedhof-6\/\" \/>\n<meta property=\"og:locale\" content=\"de_DE\" \/>\n<meta property=\"og:type\" content=\"article\" \/>\n<meta property=\"og:title\" content=\"Beisetzung der RAF-Mitglieder Andreas Baader, Gudrun Ensslin und Jan-Carl Raspe in einem Gemeinschaftsgrab auf dem Stuttgarter Dornhaldenfriedhof - Abisag T\u00fcllmann\" \/>\n<meta property=\"og:description\" content=\"Familienangeh\u00f6rige und Fotoreporter am Grab R\u00fcckseitenbeschriftung von Hand der Fotografin: &#8222;Beerdigung von Gudrun Ensslin, Andreas Baader, Jan Raspe, Stuttgart, 1977&#8220;\" \/>\n<meta property=\"og:url\" content=\"https:\/\/bpk-archive.de\/tuellmann\/produkt\/beisetzung-der-raf-mitglieder-andreas-baader-gudrun-ensslin-und-jan-carl-raspe-in-einem-gemeinschaftsgrab-auf-dem-stuttgarter-dornhaldenfriedhof-6\/\" \/>\n<meta property=\"og:site_name\" content=\"Abisag T\u00fcllmann\" \/>\n<meta property=\"article:modified_time\" content=\"2019-09-05T14:10:57+00:00\" \/>\n<meta property=\"og:image\" content=\"https:\/\/bpk-archive.de\/tuellmann\/wp-content\/uploads\/2019\/08\/bpk_70243324.jpg\" \/>\n\t<meta property=\"og:image:width\" content=\"1200\" \/>\n\t<meta property=\"og:image:height\" content=\"937\" \/>\n\t<meta property=\"og:image:type\" content=\"image\/jpeg\" \/>\n<meta name=\"twitter:card\" content=\"summary_large_image\" \/>\n<script type=\"application\/ld+json\" class=\"yoast-schema-graph\">{\"@context\":\"https:\\\/\\\/schema.org\",\"@graph\":[{\"@type\":\"WebPage\",\"@id\":\"https:\\\/\\\/bpk-archive.de\\\/tuellmann\\\/produkt\\\/beisetzung-der-raf-mitglieder-andreas-baader-gudrun-ensslin-und-jan-carl-raspe-in-einem-gemeinschaftsgrab-auf-dem-stuttgarter-dornhaldenfriedhof-6\\\/\",\"url\":\"https:\\\/\\\/bpk-archive.de\\\/tuellmann\\\/produkt\\\/beisetzung-der-raf-mitglieder-andreas-baader-gudrun-ensslin-und-jan-carl-raspe-in-einem-gemeinschaftsgrab-auf-dem-stuttgarter-dornhaldenfriedhof-6\\\/\",\"name\":\"Beisetzung der RAF-Mitglieder Andreas Baader, Gudrun Ensslin und Jan-Carl Raspe in einem Gemeinschaftsgrab auf dem Stuttgarter Dornhaldenfriedhof - Abisag T\u00fcllmann\",\"isPartOf\":{\"@id\":\"https:\\\/\\\/bpk-archive.de\\\/tuellmann\\\/#website\"},\"primaryImageOfPage\":{\"@id\":\"https:\\\/\\\/bpk-archive.de\\\/tuellmann\\\/produkt\\\/beisetzung-der-raf-mitglieder-andreas-baader-gudrun-ensslin-und-jan-carl-raspe-in-einem-gemeinschaftsgrab-auf-dem-stuttgarter-dornhaldenfriedhof-6\\\/#primaryimage\"},\"image\":{\"@id\":\"https:\\\/\\\/bpk-archive.de\\\/tuellmann\\\/produkt\\\/beisetzung-der-raf-mitglieder-andreas-baader-gudrun-ensslin-und-jan-carl-raspe-in-einem-gemeinschaftsgrab-auf-dem-stuttgarter-dornhaldenfriedhof-6\\\/#primaryimage\"},\"thumbnailUrl\":\"https:\\\/\\\/bpk-archive.de\\\/tuellmann\\\/wp-content\\\/uploads\\\/2019\\\/08\\\/bpk_70243324.jpg\",\"datePublished\":\"2019-09-05T14:10:41+00:00\",\"dateModified\":\"2019-09-05T14:10:57+00:00\",\"breadcrumb\":{\"@id\":\"https:\\\/\\\/bpk-archive.de\\\/tuellmann\\\/produkt\\\/beisetzung-der-raf-mitglieder-andreas-baader-gudrun-ensslin-und-jan-carl-raspe-in-einem-gemeinschaftsgrab-auf-dem-stuttgarter-dornhaldenfriedhof-6\\\/#breadcrumb\"},\"inLanguage\":\"de\",\"potentialAction\":[{\"@type\":\"ReadAction\",\"target\":[\"https:\\\/\\\/bpk-archive.de\\\/tuellmann\\\/produkt\\\/beisetzung-der-raf-mitglieder-andreas-baader-gudrun-ensslin-und-jan-carl-raspe-in-einem-gemeinschaftsgrab-auf-dem-stuttgarter-dornhaldenfriedhof-6\\\/\"]}]},{\"@type\":\"ImageObject\",\"inLanguage\":\"de\",\"@id\":\"https:\\\/\\\/bpk-archive.de\\\/tuellmann\\\/produkt\\\/beisetzung-der-raf-mitglieder-andreas-baader-gudrun-ensslin-und-jan-carl-raspe-in-einem-gemeinschaftsgrab-auf-dem-stuttgarter-dornhaldenfriedhof-6\\\/#primaryimage\",\"url\":\"https:\\\/\\\/bpk-archive.de\\\/tuellmann\\\/wp-content\\\/uploads\\\/2019\\\/08\\\/bpk_70243324.jpg\",\"contentUrl\":\"https:\\\/\\\/bpk-archive.de\\\/tuellmann\\\/wp-content\\\/uploads\\\/2019\\\/08\\\/bpk_70243324.jpg\",\"width\":1200,\"height\":937,\"caption\":\"Beisetzung der RAF-Mitglieder Andreas Baader, Gudrun Ensslin und Jan-Carl Raspe in einem Gemeinschaftsgrab auf dem Stuttgarter Dornhaldenfriedhof\"},{\"@type\":\"BreadcrumbList\",\"@id\":\"https:\\\/\\\/bpk-archive.de\\\/tuellmann\\\/produkt\\\/beisetzung-der-raf-mitglieder-andreas-baader-gudrun-ensslin-und-jan-carl-raspe-in-einem-gemeinschaftsgrab-auf-dem-stuttgarter-dornhaldenfriedhof-6\\\/#breadcrumb\",\"itemListElement\":[{\"@type\":\"ListItem\",\"position\":1,\"name\":\"Startseite\",\"item\":\"https:\\\/\\\/bpk-archive.de\\\/tuellmann\\\/\"},{\"@type\":\"ListItem\",\"position\":2,\"name\":\"Shop\",\"item\":\"https:\\\/\\\/bpk-archive.de\\\/tuellmann\\\/shop\\\/\"},{\"@type\":\"ListItem\",\"position\":3,\"name\":\"Beisetzung der RAF-Mitglieder Andreas Baader, Gudrun Ensslin und Jan-Carl Raspe in einem Gemeinschaftsgrab auf dem Stuttgarter Dornhaldenfriedhof\"}]},{\"@type\":\"WebSite\",\"@id\":\"https:\\\/\\\/bpk-archive.de\\\/tuellmann\\\/#website\",\"url\":\"https:\\\/\\\/bpk-archive.de\\\/tuellmann\\\/\",\"name\":\"Abisag T\u00fcllmann\",\"description\":\"Eine weitere WordPress-Website\",\"potentialAction\":[{\"@type\":\"SearchAction\",\"target\":{\"@type\":\"EntryPoint\",\"urlTemplate\":\"https:\\\/\\\/bpk-archive.de\\\/tuellmann\\\/?s={search_term_string}\"},\"query-input\":{\"@type\":\"PropertyValueSpecification\",\"valueRequired\":true,\"valueName\":\"search_term_string\"}}],\"inLanguage\":\"de\"}]}<\/script>\n<!-- \/ Yoast SEO plugin. -->","yoast_head_json":{"title":"Beisetzung der RAF-Mitglieder Andreas Baader, Gudrun Ensslin und Jan-Carl Raspe in einem Gemeinschaftsgrab auf dem Stuttgarter Dornhaldenfriedhof - Abisag T\u00fcllmann","robots":{"index":"index","follow":"follow","max-snippet":"max-snippet:-1","max-image-preview":"max-image-preview:large","max-video-preview":"max-video-preview:-1"},"canonical":"https:\/\/bpk-archive.de\/tuellmann\/produkt\/beisetzung-der-raf-mitglieder-andreas-baader-gudrun-ensslin-und-jan-carl-raspe-in-einem-gemeinschaftsgrab-auf-dem-stuttgarter-dornhaldenfriedhof-6\/","og_locale":"de_DE","og_type":"article","og_title":"Beisetzung der RAF-Mitglieder Andreas Baader, Gudrun Ensslin und Jan-Carl Raspe in einem Gemeinschaftsgrab auf dem Stuttgarter Dornhaldenfriedhof - Abisag T\u00fcllmann","og_description":"Familienangeh\u00f6rige und Fotoreporter am Grab R\u00fcckseitenbeschriftung von Hand der Fotografin: &#8222;Beerdigung von Gudrun Ensslin, Andreas Baader, Jan Raspe, Stuttgart, 1977&#8220;","og_url":"https:\/\/bpk-archive.de\/tuellmann\/produkt\/beisetzung-der-raf-mitglieder-andreas-baader-gudrun-ensslin-und-jan-carl-raspe-in-einem-gemeinschaftsgrab-auf-dem-stuttgarter-dornhaldenfriedhof-6\/","og_site_name":"Abisag T\u00fcllmann","article_modified_time":"2019-09-05T14:10:57+00:00","og_image":[{"width":1200,"height":937,"url":"https:\/\/bpk-archive.de\/tuellmann\/wp-content\/uploads\/2019\/08\/bpk_70243324.jpg","type":"image\/jpeg"}],"twitter_card":"summary_large_image","schema":{"@context":"https:\/\/schema.org","@graph":[{"@type":"WebPage","@id":"https:\/\/bpk-archive.de\/tuellmann\/produkt\/beisetzung-der-raf-mitglieder-andreas-baader-gudrun-ensslin-und-jan-carl-raspe-in-einem-gemeinschaftsgrab-auf-dem-stuttgarter-dornhaldenfriedhof-6\/","url":"https:\/\/bpk-archive.de\/tuellmann\/produkt\/beisetzung-der-raf-mitglieder-andreas-baader-gudrun-ensslin-und-jan-carl-raspe-in-einem-gemeinschaftsgrab-auf-dem-stuttgarter-dornhaldenfriedhof-6\/","name":"Beisetzung der RAF-Mitglieder Andreas Baader, Gudrun Ensslin und Jan-Carl Raspe in einem Gemeinschaftsgrab auf dem Stuttgarter Dornhaldenfriedhof - Abisag T\u00fcllmann","isPartOf":{"@id":"https:\/\/bpk-archive.de\/tuellmann\/#website"},"primaryImageOfPage":{"@id":"https:\/\/bpk-archive.de\/tuellmann\/produkt\/beisetzung-der-raf-mitglieder-andreas-baader-gudrun-ensslin-und-jan-carl-raspe-in-einem-gemeinschaftsgrab-auf-dem-stuttgarter-dornhaldenfriedhof-6\/#primaryimage"},"image":{"@id":"https:\/\/bpk-archive.de\/tuellmann\/produkt\/beisetzung-der-raf-mitglieder-andreas-baader-gudrun-ensslin-und-jan-carl-raspe-in-einem-gemeinschaftsgrab-auf-dem-stuttgarter-dornhaldenfriedhof-6\/#primaryimage"},"thumbnailUrl":"https:\/\/bpk-archive.de\/tuellmann\/wp-content\/uploads\/2019\/08\/bpk_70243324.jpg","datePublished":"2019-09-05T14:10:41+00:00","dateModified":"2019-09-05T14:10:57+00:00","breadcrumb":{"@id":"https:\/\/bpk-archive.de\/tuellmann\/produkt\/beisetzung-der-raf-mitglieder-andreas-baader-gudrun-ensslin-und-jan-carl-raspe-in-einem-gemeinschaftsgrab-auf-dem-stuttgarter-dornhaldenfriedhof-6\/#breadcrumb"},"inLanguage":"de","potentialAction":[{"@type":"ReadAction","target":["https:\/\/bpk-archive.de\/tuellmann\/produkt\/beisetzung-der-raf-mitglieder-andreas-baader-gudrun-ensslin-und-jan-carl-raspe-in-einem-gemeinschaftsgrab-auf-dem-stuttgarter-dornhaldenfriedhof-6\/"]}]},{"@type":"ImageObject","inLanguage":"de","@id":"https:\/\/bpk-archive.de\/tuellmann\/produkt\/beisetzung-der-raf-mitglieder-andreas-baader-gudrun-ensslin-und-jan-carl-raspe-in-einem-gemeinschaftsgrab-auf-dem-stuttgarter-dornhaldenfriedhof-6\/#primaryimage","url":"https:\/\/bpk-archive.de\/tuellmann\/wp-content\/uploads\/2019\/08\/bpk_70243324.jpg","contentUrl":"https:\/\/bpk-archive.de\/tuellmann\/wp-content\/uploads\/2019\/08\/bpk_70243324.jpg","width":1200,"height":937,"caption":"Beisetzung der RAF-Mitglieder Andreas Baader, Gudrun Ensslin und Jan-Carl Raspe in einem Gemeinschaftsgrab auf dem Stuttgarter Dornhaldenfriedhof"},{"@type":"BreadcrumbList","@id":"https:\/\/bpk-archive.de\/tuellmann\/produkt\/beisetzung-der-raf-mitglieder-andreas-baader-gudrun-ensslin-und-jan-carl-raspe-in-einem-gemeinschaftsgrab-auf-dem-stuttgarter-dornhaldenfriedhof-6\/#breadcrumb","itemListElement":[{"@type":"ListItem","position":1,"name":"Startseite","item":"https:\/\/bpk-archive.de\/tuellmann\/"},{"@type":"ListItem","position":2,"name":"Shop","item":"https:\/\/bpk-archive.de\/tuellmann\/shop\/"},{"@type":"ListItem","position":3,"name":"Beisetzung der RAF-Mitglieder Andreas Baader, Gudrun Ensslin und Jan-Carl Raspe in einem Gemeinschaftsgrab auf dem Stuttgarter Dornhaldenfriedhof"}]},{"@type":"WebSite","@id":"https:\/\/bpk-archive.de\/tuellmann\/#website","url":"https:\/\/bpk-archive.de\/tuellmann\/","name":"Abisag T\u00fcllmann","description":"Eine weitere WordPress-Website","potentialAction":[{"@type":"SearchAction","target":{"@type":"EntryPoint","urlTemplate":"https:\/\/bpk-archive.de\/tuellmann\/?s={search_term_string}"},"query-input":{"@type":"PropertyValueSpecification","valueRequired":true,"valueName":"search_term_string"}}],"inLanguage":"de"}]}},"_links":{"self":[{"href":"https:\/\/bpk-archive.de\/tuellmann\/wp-json\/wp\/v2\/product\/70296816","targetHints":{"allow":["GET"]}}],"collection":[{"href":"https:\/\/bpk-archive.de\/tuellmann\/wp-json\/wp\/v2\/product"}],"about":[{"href":"https:\/\/bpk-archive.de\/tuellmann\/wp-json\/wp\/v2\/types\/product"}],"wp:featuredmedia":[{"embeddable":true,"href":"https:\/\/bpk-archive.de\/tuellmann\/wp-json\/wp\/v2\/media\/70292683"}],"wp:attachment":[{"href":"https:\/\/bpk-archive.de\/tuellmann\/wp-json\/wp\/v2\/media?parent=70296816"}],"wp:term":[{"taxonomy":"product_brand","embeddable":true,"href":"https:\/\/bpk-archive.de\/tuellmann\/wp-json\/wp\/v2\/product_brand?post=70296816"},{"taxonomy":"product_cat","embeddable":true,"href":"https:\/\/bpk-archive.de\/tuellmann\/wp-json\/wp\/v2\/product_cat?post=70296816"},{"taxonomy":"product_tag","embeddable":true,"href":"https:\/\/bpk-archive.de\/tuellmann\/wp-json\/wp\/v2\/product_tag?post=70296816"}],"curies":[{"name":"wp","href":"https:\/\/api.w.org\/{rel}","templated":true}]}}